{"id":402373,"date":"2020-11-18T08:20:17","date_gmt":"2020-11-18T07:20:17","guid":{"rendered":"http:\/\/phileo-lesaffre.com\/procreatina-7\/"},"modified":"2024-04-24T14:40:47","modified_gmt":"2024-04-24T12:40:47","slug":"procreatina-7","status":"publish","type":"page","link":"https:\/\/phileo-lesaffre.com\/pt-br\/procreatina-7\/","title":{"rendered":"Procreatina 7"},"content":{"rendered":"<div class=\"wpb-content-wrapper\"><p>[vc_row css_animation=&#8221;&#8221; row_type=&#8221;row&#8221; use_row_as_full_screen_section=&#8221;no&#8221; type=&#8221;full_width&#8221; angled_section=&#8221;no&#8221; text_align=&#8221;left&#8221; background_image_as_pattern=&#8221;without_pattern&#8221;][vc_column][qode_elements_holder number_of_columns=&#8221;two_columns&#8221;][qode_elements_holder_item vertical_alignment=&#8221;middle&#8221; horizontal_alignment=&#8221;left&#8221; advanced_animations=&#8221;no&#8221; item_padding=&#8221;5% 10% 5% 0%&#8221;][vc_column_text]<\/p>\n<h2 class=\"feed2\"><span style=\"color: #4d4d4c;\">Probi\u00f3tico de levedura propriet\u00e1ria Procreatin 7 <em>Saccharomyces cerevisiae<\/em>\u00a0<\/span><\/h2>\n<p>[\/vc_column_text][vc_single_image image=&#8221;398041&#8243; img_size=&#8221;65&#215;33&#8243; qode_css_animation=&#8221;&#8221; css=&#8221;.vc_custom_1590613257454{padding-top: 5% !important;padding-bottom: 5% !important;}&#8221;][vc_column_text css=&#8221;.vc_custom_1598876104162{padding-right: 10% !important;}&#8221;]Procreatina 7 \u00e9 uma cepa pura de <em>Saccharomyces cerevisiae<\/em> selecionada por seu desempenho excelente na ra\u00e7\u00e3o animal. Este produto fornece um alto n\u00famero de c\u00e9lulas de leveduras para alimentos de farinhas. Esta cepa \u00e9 cuidadosamente cultivada para alcan\u00e7ar m\u00e1xima uniformidade e consist\u00eancia.<\/p>\n<p>&nbsp;<\/p>\n<p>A Procreatina 7 \u00e9 um probi\u00f3tico de levedura totalmente natural, que \u00e9 aprovado para produ\u00e7\u00e3o leiteira org\u00e2nica. A Procreatina 7 ajuda suas vacas a obter mais energia de cada quilo de ra\u00e7\u00e3o ingerida. Usar Procreatina 7 como parte de uma dieta equilibrada para gado leiteiro \u00e9 uma maneira econ\u00f4mica de melhorar a efici\u00eancia do leite e os lucros no ambiente de fazenda atual, no qual a sustentabilidade \u00e9 altamente buscada.[\/vc_column_text][\/qode_elements_holder_item][qode_elements_holder_item cover=&#8221;yes&#8221; vertical_alignment=&#8221;middle&#8221; horizontal_alignment=&#8221;left&#8221; advanced_animations=&#8221;no&#8221; background_image=&#8221;397211&#8243;][\/qode_elements_holder_item][\/qode_elements_holder][\/vc_column][\/vc_row][vc_row css_animation=&#8221;&#8221; row_type=&#8221;row&#8221; use_row_as_full_screen_section=&#8221;no&#8221; type=&#8221;full_width&#8221; angled_section=&#8221;no&#8221; text_align=&#8221;left&#8221; background_image_as_pattern=&#8221;without_pattern&#8221;][vc_column][qode_elements_holder number_of_columns=&#8221;two_columns&#8221;][qode_elements_holder_item cover=&#8221;yes&#8221; vertical_alignment=&#8221;middle&#8221; horizontal_alignment=&#8221;left&#8221; advanced_animations=&#8221;no&#8221; background_image=&#8221;949&#8243;][\/qode_elements_holder_item][qode_elements_holder_item vertical_alignment=&#8221;middle&#8221; horizontal_alignment=&#8221;left&#8221; advanced_animations=&#8221;no&#8221; item_padding=&#8221;5% 10% 5% 10%&#8221; background_color=&#8221;#ad1a22&#8243;][vc_column_text]<\/p>\n<h2 class=\"feed4\"><span style=\"color: #ffffff;\">Otimiza\u00e7\u00e3o da digest\u00e3o em gado leiteiro<\/span><\/h2>\n<p>[\/vc_column_text][vc_single_image image=&#8221;397901&#8243; img_size=&#8221;50&#215;25&#8243; qode_css_animation=&#8221;&#8221; css=&#8221;.vc_custom_1591894886108{padding-top: 5% !important;padding-bottom: 5% !important;}&#8221;][vc_column_text css=&#8221;.vc_custom_1598880750949{padding-right: 10% !important;}&#8221;]<span style=\"color: #ffffff;\">A Procreatina 7 tem uma hist\u00f3ria de 22 anos ajudando a otimizar a digest\u00e3o em gado leiteiro. Adicionar Procreatina 7 \u00e0 dieta do gado leiteiro ajuda a controlar a acidose, promove a digest\u00e3o de fibras em dietas ricas em amido e aumenta o rendimento da gordura do leite. A Procreatina 7 funciona diferentemente de um tamp\u00e3o ruminal para estabilizar o r\u00famen. Como probi\u00f3tico de levedura, diminui o potencial de redox no r\u00famen. Um menor potencial de redox no r\u00famen estimula a convers\u00e3o de \u00e1cido l\u00e1ctico em \u00e1cido propi\u00f4nico. Esta convers\u00e3o de \u00e1cido l\u00e1ctico em \u00e1cido propi\u00f4nico aumentar\u00e1 o pH do r\u00famen. Um maior pH do r\u00famen significa melhor digest\u00e3o de fibras e melhor digest\u00e3o de prote\u00ednas e amido. Isso resulta em um r\u00famen saud\u00e1vel e uma vaca saud\u00e1vel.<\/span>[\/vc_column_text][\/qode_elements_holder_item][\/qode_elements_holder][\/vc_column][\/vc_row][vc_row css_animation=&#8221;&#8221; row_type=&#8221;row&#8221; use_row_as_full_screen_section=&#8221;no&#8221; type=&#8221;full_width&#8221; angled_section=&#8221;no&#8221; text_align=&#8221;left&#8221; background_image_as_pattern=&#8221;without_pattern&#8221;][vc_column][qode_elements_holder number_of_columns=&#8221;two_columns&#8221;][qode_elements_holder_item vertical_alignment=&#8221;middle&#8221; horizontal_alignment=&#8221;left&#8221; advanced_animations=&#8221;no&#8221; item_padding=&#8221;5% 10% 5% 10%&#8221; background_color=&#8221;#ad1a22&#8243;][vc_column_text]<\/p>\n<h2 class=\"feed4\"><span style=\"color: #ffffff;\">Procreatina 7<\/span><\/h2>\n<p>[\/vc_column_text][vc_single_image image=&#8221;397901&#8243; img_size=&#8221;50&#215;25&#8243; qode_css_animation=&#8221;&#8221; css=&#8221;.vc_custom_1591894886108{padding-top: 5% !important;padding-bottom: 5% !important;}&#8221;][vc_column_text css=&#8221;.vc_custom_1598947812575{padding-right: 10% !important;}&#8221;]<span style=\"color: #ffffff;\">A Procreatina 7 \u00e9 seca atrav\u00e9s de processos propriet\u00e1rios patenteados especiais, que mant\u00eam uma alta contagem de c\u00e9lulas. Cada lote produzido \u00e9 analisado para garantir conformidade com os padr\u00f5es microbiol\u00f3gicos, f\u00edsicos e qu\u00edmicos e cumprir a garantia m\u00ednima de 1,5 x 1010 UFC por grama de produto. A Procreatina 7 estabiliza o r\u00famen, aumenta o pH do r\u00famen e aumenta os rendimentos de componentes do leite.<br \/>\n<\/span><\/p>\n<p>&nbsp;<\/p>\n<p><span style=\"color: #ffffff;\"><br \/>\n<\/span>Procreatin 7 \u00e9 est\u00e1vel em premixes minerais. N\u00e3o \u00e9 ideal para uso em ra\u00e7\u00f5es peletizadas. Ele sobreviver\u00e1 em ra\u00e7\u00f5es fareladas e em TMR.[\/vc_column_text][\/qode_elements_holder_item][qode_elements_holder_item cover=&#8221;yes&#8221; vertical_alignment=&#8221;middle&#8221; horizontal_alignment=&#8221;left&#8221; advanced_animations=&#8221;no&#8221; background_image=&#8221;397704&#8243;][\/qode_elements_holder_item][\/qode_elements_holder][\/vc_column][\/vc_row][vc_row css_animation=&#8221;&#8221; row_type=&#8221;row&#8221; use_row_as_full_screen_section=&#8221;yes&#8221; type=&#8221;full_width&#8221; angled_section=&#8221;no&#8221; text_align=&#8221;left&#8221; background_image_as_pattern=&#8221;without_pattern&#8221; z_index=&#8221;&#8221; css=&#8221;.vc_custom_1590613315117{padding-top: 1% !important;padding-bottom: 2% !important;}&#8221;][vc_column][vc_column_text]<\/p>\n<h2 class=\"feed2\"><span style=\"color: #4d4d4c;\">Respondendo \u00e0s necessidades<br \/>\ndos nossos clientes<\/span><\/h2>\n<p>[\/vc_column_text][vc_separator type=&#8221;transparent&#8221; up=&#8221;15&#8243; down=&#8221;15&#8243;][\/vc_column][\/vc_row][vc_row css_animation=&#8221;&#8221; row_type=&#8221;row&#8221; use_row_as_full_screen_section=&#8221;no&#8221; type=&#8221;full_width&#8221; angled_section=&#8221;no&#8221; text_align=&#8221;left&#8221; background_image_as_pattern=&#8221;without_pattern&#8221; z_index=&#8221;&#8221; anchor=&#8221;sustainability&#8221; css=&#8221;.vc_custom_1592253199986{padding-top: 1% !important;padding-bottom: 2% !important;}&#8221;][vc_column][qode_elements_holder number_of_columns=&#8221;one_column&#8221;][qode_elements_holder_item advanced_animations=&#8221;no&#8221;][vc_single_image image=&#8221;400721&#8243; img_size=&#8221;full&#8221; qode_css_animation=&#8221;&#8221; qode_hover_animation=&#8221;zoom_in&#8221;][\/qode_elements_holder_item][qode_elements_holder_item advanced_animations=&#8221;no&#8221;][vc_column_text]<\/p>\n<h3>Procreatina 7<\/h3>\n<p>&nbsp;<\/p>\n<p><strong>Embalagem<\/strong><\/p>\n<ul>\n<li>Saco a v\u00e1cuo laminado multicamadas de 10 kg e 25 kg em caixa de papel\u00e3o corrugado.<\/li>\n<\/ul>\n<p>&nbsp;<\/p>\n<p><strong>Validade<\/strong><\/p>\n<p>Este produto tem validade de dois anos se armazenado em local fresco e seco em sua embalagem original.<\/p>\n<p>&nbsp;<\/p>\n<p><strong>Dosagem<\/strong><\/p>\n<p>Consulte nossos especialistas Phileo <em><a href=\"http:\/\/phileo-lesaffre.com\/pt-br\/encontre-o-seu-contato-local\/\">aqui<\/a><\/em>[\/vc_column_text][\/qode_elements_holder_item][\/qode_elements_holder][\/vc_column][\/vc_row][vc_row css_animation=&#8221;&#8221; row_type=&#8221;row&#8221; use_row_as_full_screen_section=&#8221;no&#8221; type=&#8221;full_width&#8221; angled_section=&#8221;no&#8221; text_align=&#8221;left&#8221; background_image_as_pattern=&#8221;without_pattern&#8221;][vc_column][vc_column_text]<em>Nem todos os produtos est\u00e3o dispon\u00edveis em todos os mercados nem as alega\u00e7\u00f5es associadas s\u00e3o permitidas em todas as regi\u00f5es. As informa\u00e7\u00f5es fornecidas neste documento s\u00e3o, em nosso melhor conhecimento, verdadeiras e precisas. Por\u00e9m, os produtos s\u00f3 devem ser usados em conformidade com as leis e regulamenta\u00e7\u00f5es locais, e n\u00e3o garantimos liberdade de uso para cada aplica\u00e7\u00e3o ou pa\u00eds pretendido.<\/em>[\/vc_column_text][\/vc_column][\/vc_row]<\/p>\n<\/div>","protected":false},"excerpt":{"rendered":"<p>[vc_row css_animation=&#8221;&#8221; row_type=&#8221;row&#8221; use_row_as_full_screen_section=&#8221;no&#8221; type=&#8221;full_width&#8221; angled_section=&#8221;no&#8221; text_align=&#8221;left&#8221; background_image_as_pattern=&#8221;without_pattern&#8221;][vc_column][qode_elements_holder number_of_columns=&#8221;two_columns&#8221;][qode_elements_holder_item vertical_alignment=&#8221;middle&#8221; horizontal_alignment=&#8221;left&#8221; advanced_animations=&#8221;no&#8221; item_padding=&#8221;5% 10% 5% 0%&#8221;][vc_column_text] Probi\u00f3tico de levedura propriet\u00e1ria Procreatin 7 Saccharomyces cerevisiae\u00a0 [\/vc_column_text][vc_single_image image=&#8221;398041&#8243; img_size=&#8221;65&#215;33&#8243; qode_css_animation=&#8221;&#8221; css=&#8221;.vc_custom_1590613257454{padding-top: 5% !important;padding-bottom: 5% !important;}&#8221;][vc_column_text css=&#8221;.vc_custom_1598876104162{padding-right: 10% !important;}&#8221;]Procreatina 7 \u00e9 uma cepa pura de Saccharomyces cerevisiae selecionada&#8230;<\/p>\n","protected":false},"author":1,"featured_media":0,"parent":0,"menu_order":0,"comment_status":"closed","ping_status":"closed","template":"full_width.php","meta":{"footnotes":""},"class_list":["post-402373","page","type-page","status-publish","hentry"],"yoast_head":"<!-- This site is optimized with the Yoast SEO Premium plugin v25.9 (Yoast SEO v27.4) - https:\/\/yoast.com\/product\/yoast-seo-premium-wordpress\/ -->\n<title>Procreatina 7 &#8226; Phileo by Lesaffre<\/title>\n<meta name=\"robots\" content=\"index, follow, max-snippet:-1, max-image-preview:large, max-video-preview:-1\" \/>\n<link rel=\"canonical\" href=\"https:\/\/phileo-lesaffre.com\/pt-br\/procreatina-7\/\" \/>\n<meta property=\"og:locale\" content=\"pt_BR\" \/>\n<meta property=\"og:type\" content=\"article\" \/>\n<meta property=\"og:title\" content=\"Procreatina 7\" \/>\n<meta property=\"og:description\" content=\"Probi\u00f3tico de levedura propriet\u00e1ria Procreatin 7 Saccharomyces cerevisiae\u00a0 Procreatina 7 \u00e9 uma cepa pura de Saccharomyces cerevisiae selecionada por seu\" \/>\n<meta property=\"og:url\" content=\"https:\/\/phileo-lesaffre.com\/pt-br\/procreatina-7\/\" \/>\n<meta property=\"og:site_name\" content=\"Phileo by Lesaffre\" \/>\n<meta property=\"article:publisher\" content=\"https:\/\/www.facebook.com\/phileo.lesaffre\/\" \/>\n<meta property=\"article:modified_time\" content=\"2024-04-24T12:40:47+00:00\" \/>\n<meta name=\"twitter:card\" content=\"summary_large_image\" \/>\n<meta name=\"twitter:site\" content=\"@PhileoLesaffre\" \/>\n<script type=\"application\/ld+json\" class=\"yoast-schema-graph\">{\"@context\":\"https:\\\/\\\/schema.org\",\"@graph\":[{\"@type\":\"WebPage\",\"@id\":\"https:\\\/\\\/phileo-lesaffre.com\\\/pt-br\\\/procreatina-7\\\/\",\"url\":\"https:\\\/\\\/phileo-lesaffre.com\\\/pt-br\\\/procreatina-7\\\/\",\"name\":\"Procreatina 7 &#8226; Phileo by Lesaffre\",\"isPartOf\":{\"@id\":\"https:\\\/\\\/phileo-lesaffre.com\\\/pt-br\\\/#website\"},\"datePublished\":\"2020-11-18T07:20:17+00:00\",\"dateModified\":\"2024-04-24T12:40:47+00:00\",\"breadcrumb\":{\"@id\":\"https:\\\/\\\/phileo-lesaffre.com\\\/pt-br\\\/procreatina-7\\\/#breadcrumb\"},\"inLanguage\":\"pt-BR\",\"potentialAction\":[{\"@type\":\"ReadAction\",\"target\":[\"https:\\\/\\\/phileo-lesaffre.com\\\/pt-br\\\/procreatina-7\\\/\"]}]},{\"@type\":\"BreadcrumbList\",\"@id\":\"https:\\\/\\\/phileo-lesaffre.com\\\/pt-br\\\/procreatina-7\\\/#breadcrumb\",\"itemListElement\":[{\"@type\":\"ListItem\",\"position\":1,\"name\":\"Phileo by Lesaffre\",\"item\":\"https:\\\/\\\/phileo-lesaffre.com\\\/pt-br\\\/\"},{\"@type\":\"ListItem\",\"position\":2,\"name\":\"Procreatina 7\"}]},{\"@type\":\"WebSite\",\"@id\":\"https:\\\/\\\/phileo-lesaffre.com\\\/pt-br\\\/#website\",\"url\":\"https:\\\/\\\/phileo-lesaffre.com\\\/pt-br\\\/\",\"name\":\"Phileo by Lesaffre\",\"description\":\"Animal nutrition and health from yeast products\",\"publisher\":{\"@id\":\"https:\\\/\\\/phileo-lesaffre.com\\\/pt-br\\\/#organization\"},\"potentialAction\":[{\"@type\":\"SearchAction\",\"target\":{\"@type\":\"EntryPoint\",\"urlTemplate\":\"https:\\\/\\\/phileo-lesaffre.com\\\/pt-br\\\/?s={search_term_string}\"},\"query-input\":{\"@type\":\"PropertyValueSpecification\",\"valueRequired\":true,\"valueName\":\"search_term_string\"}}],\"inLanguage\":\"pt-BR\"},{\"@type\":\"Organization\",\"@id\":\"https:\\\/\\\/phileo-lesaffre.com\\\/pt-br\\\/#organization\",\"name\":\"Phileo by Lesaffre\",\"url\":\"https:\\\/\\\/phileo-lesaffre.com\\\/pt-br\\\/\",\"logo\":{\"@type\":\"ImageObject\",\"inLanguage\":\"pt-BR\",\"@id\":\"https:\\\/\\\/phileo-lesaffre.com\\\/pt-br\\\/#\\\/schema\\\/logo\\\/image\\\/\",\"url\":\"https:\\\/\\\/phileo-lesaffre.com\\\/wp-content\\\/uploads\\\/2019\\\/04\\\/logo-phileo-lesaffre-1.jpg\",\"contentUrl\":\"https:\\\/\\\/phileo-lesaffre.com\\\/wp-content\\\/uploads\\\/2019\\\/04\\\/logo-phileo-lesaffre-1.jpg\",\"width\":500,\"height\":250,\"caption\":\"Phileo by Lesaffre\"},\"image\":{\"@id\":\"https:\\\/\\\/phileo-lesaffre.com\\\/pt-br\\\/#\\\/schema\\\/logo\\\/image\\\/\"},\"sameAs\":[\"https:\\\/\\\/www.facebook.com\\\/phileo.lesaffre\\\/\",\"https:\\\/\\\/x.com\\\/PhileoLesaffre\",\"https:\\\/\\\/www.linkedin.com\\\/company\\\/phileo\\\/\"]}]}<\/script>\n<!-- \/ Yoast SEO Premium plugin. -->","yoast_head_json":{"title":"Procreatina 7 &#8226; Phileo by Lesaffre","robots":{"index":"index","follow":"follow","max-snippet":"max-snippet:-1","max-image-preview":"max-image-preview:large","max-video-preview":"max-video-preview:-1"},"canonical":"https:\/\/phileo-lesaffre.com\/pt-br\/procreatina-7\/","og_locale":"pt_BR","og_type":"article","og_title":"Procreatina 7","og_description":"Probi\u00f3tico de levedura propriet\u00e1ria Procreatin 7 Saccharomyces cerevisiae\u00a0 Procreatina 7 \u00e9 uma cepa pura de Saccharomyces cerevisiae selecionada por seu","og_url":"https:\/\/phileo-lesaffre.com\/pt-br\/procreatina-7\/","og_site_name":"Phileo by Lesaffre","article_publisher":"https:\/\/www.facebook.com\/phileo.lesaffre\/","article_modified_time":"2024-04-24T12:40:47+00:00","twitter_card":"summary_large_image","twitter_site":"@PhileoLesaffre","schema":{"@context":"https:\/\/schema.org","@graph":[{"@type":"WebPage","@id":"https:\/\/phileo-lesaffre.com\/pt-br\/procreatina-7\/","url":"https:\/\/phileo-lesaffre.com\/pt-br\/procreatina-7\/","name":"Procreatina 7 &#8226; Phileo by Lesaffre","isPartOf":{"@id":"https:\/\/phileo-lesaffre.com\/pt-br\/#website"},"datePublished":"2020-11-18T07:20:17+00:00","dateModified":"2024-04-24T12:40:47+00:00","breadcrumb":{"@id":"https:\/\/phileo-lesaffre.com\/pt-br\/procreatina-7\/#breadcrumb"},"inLanguage":"pt-BR","potentialAction":[{"@type":"ReadAction","target":["https:\/\/phileo-lesaffre.com\/pt-br\/procreatina-7\/"]}]},{"@type":"BreadcrumbList","@id":"https:\/\/phileo-lesaffre.com\/pt-br\/procreatina-7\/#breadcrumb","itemListElement":[{"@type":"ListItem","position":1,"name":"Phileo by Lesaffre","item":"https:\/\/phileo-lesaffre.com\/pt-br\/"},{"@type":"ListItem","position":2,"name":"Procreatina 7"}]},{"@type":"WebSite","@id":"https:\/\/phileo-lesaffre.com\/pt-br\/#website","url":"https:\/\/phileo-lesaffre.com\/pt-br\/","name":"Phileo by Lesaffre","description":"Animal nutrition and health from yeast products","publisher":{"@id":"https:\/\/phileo-lesaffre.com\/pt-br\/#organization"},"potentialAction":[{"@type":"SearchAction","target":{"@type":"EntryPoint","urlTemplate":"https:\/\/phileo-lesaffre.com\/pt-br\/?s={search_term_string}"},"query-input":{"@type":"PropertyValueSpecification","valueRequired":true,"valueName":"search_term_string"}}],"inLanguage":"pt-BR"},{"@type":"Organization","@id":"https:\/\/phileo-lesaffre.com\/pt-br\/#organization","name":"Phileo by Lesaffre","url":"https:\/\/phileo-lesaffre.com\/pt-br\/","logo":{"@type":"ImageObject","inLanguage":"pt-BR","@id":"https:\/\/phileo-lesaffre.com\/pt-br\/#\/schema\/logo\/image\/","url":"https:\/\/phileo-lesaffre.com\/wp-content\/uploads\/2019\/04\/logo-phileo-lesaffre-1.jpg","contentUrl":"https:\/\/phileo-lesaffre.com\/wp-content\/uploads\/2019\/04\/logo-phileo-lesaffre-1.jpg","width":500,"height":250,"caption":"Phileo by Lesaffre"},"image":{"@id":"https:\/\/phileo-lesaffre.com\/pt-br\/#\/schema\/logo\/image\/"},"sameAs":["https:\/\/www.facebook.com\/phileo.lesaffre\/","https:\/\/x.com\/PhileoLesaffre","https:\/\/www.linkedin.com\/company\/phileo\/"]}]}},"_links":{"self":[{"href":"https:\/\/phileo-lesaffre.com\/pt-br\/wp-json\/wp\/v2\/pages\/402373","targetHints":{"allow":["GET"]}}],"collection":[{"href":"https:\/\/phileo-lesaffre.com\/pt-br\/wp-json\/wp\/v2\/pages"}],"about":[{"href":"https:\/\/phileo-lesaffre.com\/pt-br\/wp-json\/wp\/v2\/types\/page"}],"author":[{"embeddable":true,"href":"https:\/\/phileo-lesaffre.com\/pt-br\/wp-json\/wp\/v2\/users\/1"}],"replies":[{"embeddable":true,"href":"https:\/\/phileo-lesaffre.com\/pt-br\/wp-json\/wp\/v2\/comments?post=402373"}],"version-history":[{"count":0,"href":"https:\/\/phileo-lesaffre.com\/pt-br\/wp-json\/wp\/v2\/pages\/402373\/revisions"}],"wp:attachment":[{"href":"https:\/\/phileo-lesaffre.com\/pt-br\/wp-json\/wp\/v2\/media?parent=402373"}],"curies":[{"name":"wp","href":"https:\/\/api.w.org\/{rel}","templated":true}]}}