{"id":402367,"date":"2020-11-18T08:17:16","date_gmt":"2020-11-18T07:17:16","guid":{"rendered":"http:\/\/phileo-lesaffre.com\/aviso-legal\/"},"modified":"2020-11-18T08:17:17","modified_gmt":"2020-11-18T07:17:17","slug":"aviso-legal","status":"publish","type":"page","link":"https:\/\/phileo-lesaffre.com\/pt-br\/aviso-legal\/","title":{"rendered":"Aviso legal"},"content":{"rendered":"<div class=\"wpb-content-wrapper\"><p>[vc_row css_animation=&#8221;&#8221; row_type=&#8221;row&#8221; use_row_as_full_screen_section=&#8221;no&#8221; type=&#8221;full_width&#8221; angled_section=&#8221;no&#8221; text_align=&#8221;left&#8221; background_image_as_pattern=&#8221;without_pattern&#8221; css=&#8221;.vc_custom_1595001943689{padding-top: 3% !important;padding-right: 10% !important;padding-bottom: 5% !important;padding-left: 10% !important;}&#8221; z_index=&#8221;&#8221;][vc_column][vc_column_text]<\/p>\n<h2>TERMOS E CONDI\u00c7\u00d5ES do site Phileo by Lesaffre<\/h2>\n<p>Este site \u00e9 apresentado pela Phileo by Lesaffre. O seu uso deste site \u00e9 regido pelos termos e condi\u00e7\u00f5es detalhados em seguida. Ao usar este site, voc\u00ea concorda em seguir os termos presentes.<\/p>\n<h5><strong>SE VOC\u00ca N\u00c3O ACEITAR ESTES TERMOS MOSTRADOS ABAIXO, POR FAVOR SAIA IMEDIATAMENTE DESTE SITE.<\/strong><\/h5>\n<p>&nbsp;<\/p>\n<h3>Informa\u00e7\u00f5es legais<\/h3>\n<p>O conte\u00fado apresentado neste site www.phileo-lesaffre.com foi criado exclusivamente para fins de fornecer informa\u00e7\u00f5es sobre a Phileo by Lesaffre. Nenhum uso comercial pode ser feito com os dados apresentados no site sem consentimento pr\u00e9vio por escrito da Phileo by Lesaffre, publicadora do site. O seu uso deste site \u00e9 regido pelos seguintes termos e condi\u00e7\u00f5es.<\/p>\n<p>&nbsp;<\/p>\n<h3>Termos gerais de uso<\/h3>\n<p>O controle e administra\u00e7\u00e3o do site s\u00e3o conduzidos pela matriz administrativa da Phileo by Lesaffre em Marc-en-Baroeul (Fran\u00e7a), que n\u00e3o faz nenhuma alega\u00e7\u00e3o de que este material seja adaptado ou dispon\u00edvel para uso em todos os pa\u00edses. Se voc\u00ea estiver usando o site de outras regi\u00f5es, \u00e9 sua responsabilidade garantir que voc\u00ea esteja em conformidade com as leis e regulamenta\u00e7\u00f5es locais.<\/p>\n<p>A Phileo by Lesaffre reserva-se o direito de modificar ou corrigir o conte\u00fado do site a qualquer momento, sem aviso, al\u00e9m dos presentes termos. N\u00e3o pode ser considerada respons\u00e1vel por poss\u00edveis consequ\u00eancias de tais modifica\u00e7\u00f5es. Se alguma parte destes termos parece ser inaplic\u00e1vel, tal parte deve ser constru\u00edda de acordo com as leis aplic\u00e1veis na m\u00e1xima extens\u00e3o poss\u00edvel, e todas as outras provis\u00f5es devem continuar a ser v\u00e1lidas.<\/p>\n<p>&nbsp;<\/p>\n<h3>Direitos de propriedade intelectual<\/h3>\n<p>O site, em sua totalidade, \u00e9 propriedade da Phileo by Lesaffre, assim como todos os direitos relacionados. Qualquer reprodu\u00e7\u00e3o parcial ou completa deve sempre estar sujeita a autoriza\u00e7\u00e3o dos propriet\u00e1rios do site.<br \/>\nA apresenta\u00e7\u00e3o e conte\u00fado do site constituem em conjunto um &#8220;trabalho&#8221; protegido pelas legisla\u00e7\u00f5es aplic\u00e1veis, relacionadas a direitos de propriedade intelectual pertencentes \u00e0 Phileo by Lesaffre.<\/p>\n<p>&nbsp;<\/p>\n<h3>Direitos autorais<\/h3>\n<p>O texto, imagens, desenhos, leiaute e identidade gr\u00e1fica deste site s\u00e3o protegidos pela legisla\u00e7\u00e3o de propriedade intelectual. Copiar, extrair, circular, transmitir ou modificar o conte\u00fado deste site para fins comerciais \u00e9 estritamente proibido. O download e impress\u00e3o de texto, imagens e apresenta\u00e7\u00f5es gr\u00e1ficas s\u00e3o autorizados apenas para uso particular, excluindo-se todo o uso comercial. A reprodu\u00e7\u00e3o de desenhos, imagens, arquivos de \u00e1udio, sequ\u00eancias de v\u00eddeo e textos em outras publica\u00e7\u00f5es eletr\u00f4nicas ou impressas est\u00e1 sujeita ao acordo pr\u00e9vio, por escrito, da Phileo by Lesaffre.<\/p>\n<p>&nbsp;<\/p>\n<p><strong>Qualquer falha em obter tal autoriza\u00e7\u00e3o ser\u00e1 tratada e prosseguida como caso de infra\u00e7\u00e3o de propriedade intelectual.<\/strong><\/p>\n<p>A Phileo by Lesaffre autoriza o download de uma c\u00f3pia das informa\u00e7\u00f5es a uma \u00e1rea de armazenamento tempor\u00e1rio, estritamente para fins de consulta particular, sob a condi\u00e7\u00e3o de que voc\u00ea n\u00e3o exclua, altere ou modifique as p\u00e1ginas do conte\u00fado em quest\u00e3o, ou altere qualquer logotipo de copyright ou outro s\u00edmbolo, como os s\u00edmbolos relacionados a marcas comerciais registradas, direitos reservados ou quaisquer outros direitos protegidos (copyright, s\u00edmbolos &#8220;\u00a9&#8221; ou &#8220;\u00ae&#8221;, etc.), dados de rastreabilidade digital ou qualquer outro aspecto t\u00e9cnico criado para fins de reconhecimento.<\/p>\n<p>&nbsp;<\/p>\n<h3>Marcas registradas<\/h3>\n<p>As marcas registradas e logotipos apresentados no site s\u00e3o registrados e protegidos. Qualquer reprodu\u00e7\u00e3o total ou parcial destas marcas registradas e\/ou logotipos, conduzida com base nos elementos apresentados no site, sem autoriza\u00e7\u00e3o expressa da Phileo by Lesaffre, constitui ato de infra\u00e7\u00e3o, pun\u00edvel pelos artigos L.335-2 e seguindo o C\u00f3digo de Propriedade Intelectual.<\/p>\n<p>&nbsp;<\/p>\n<h3>Bases de dados<\/h3>\n<p>As bases de dados criadas pela Phileo by Lesaffre s\u00e3o protegidas por leis de copyright e pela lei datada de 1 de julho de 1998, adaptando o c\u00f3digo de propriedade intelectual para incorporar a diretiva europeia de 11 de mar\u00e7o de 1996, relacionada \u00e0 prote\u00e7\u00e3o legal de bases de dados. A n\u00e3o ser que seja obtido o acordo pr\u00e9vio por escrito da Phileo by Lesaffre, qualquer reprodu\u00e7\u00e3o, representa\u00e7\u00e3o, adapta\u00e7\u00e3o, tradu\u00e7\u00e3o e\/ou modifica\u00e7\u00e3o (parcial ou total) ou qualquer transfer\u00eancia para outro site \u00e9 estritamente proibida.<\/p>\n<p>&nbsp;<\/p>\n<h3>Contesta\u00e7\u00f5es<\/h3>\n<p>Com exce\u00e7\u00e3o das provis\u00f5es expressas detalhadas acima, nenhum aspecto do presente documento deve ser interpretado como concess\u00e3o de licen\u00e7a, direitos, direitos autorais ou outro direito a propriedade intelectual de qualquer forma. Se, em sua capacidade como propriet\u00e1rio de qualquer direito de propriedade intelectual, voc\u00ea sentir que seu trabalho foi copiado injustamente ou distribu\u00eddo atrav\u00e9s deste site, informe imediatamente a Phileo by Lesaffre por escrito, no seguinte endere\u00e7o: Phileo by Lesaffre &#8211;\u00a0137 rue Gabriel P\u00e9ri, 59700 MARCQ-EN-BAROEUL\u00a0\u2013 Fran\u00e7a<\/p>\n<p>&nbsp;<\/p>\n<div>\n<div>\n<div>\n<div>\n<h2>Pol\u00edticas de privacidade e cookies<\/h2>\n<p>Sua privacidade \u00e9 muito importante para a Phileo by Lesaffre, e cuidamos especialmente na forma como o site conduz seus dados pessoais e permite a voc\u00ea controlar o que fazer com eles.<\/p>\n<p>\u00c9 prov\u00e1vel que este site n\u00e3o seja perfeito, mas tentamos ser o mais respeitosos poss\u00edvel:<\/p>\n<ul>\n<li>os dados pessoais coletados s\u00e3o mantidos a um m\u00ednimo para permitir que o site funcione e forne\u00e7a a voc\u00ea o servi\u00e7o esperado;<\/li>\n<li>o site n\u00e3o tem bot\u00f5es de compartilhamento em redes sociais, para evitar a instala\u00e7\u00e3o de cookies de rastreamento;<\/li>\n<li>o site n\u00e3o apresenta nenhum an\u00fancio, para evitar a instala\u00e7\u00e3o de cookies de rastreamento;<\/li>\n<li>o site oferece a voc\u00ea a capacidade de aceitar ou rejeitar (padr\u00e3o) o uso de cookies de terceiros;<\/li>\n<li>o site honra as solicita\u00e7\u00f5es de &#8220;N\u00e3o rastrear&#8221;.<\/li>\n<\/ul>\n<p>Obviamente, como seus dados s\u00e3o sagrados para n\u00f3s, a Phileo by Lesaffre n\u00e3o vende ou fornece seus dados a ningu\u00e9m. Adicionalmente, este site n\u00e3o toma decis\u00f5es autom\u00e1ticas ou cria perfis baseados em seus dados pessoais.<\/p>\n<p>&nbsp;<\/p>\n<\/div>\n<\/div>\n<\/div>\n<\/div>\n<div>\n<div>\n<div>\n<div>\n<h3>Dados coletados<\/h3>\n<p>Este site e seus dados s\u00e3o armazenados no servidor da Microsoft Azure na Europa.<\/p>\n<\/div>\n<\/div>\n<\/div>\n<\/div>\n<div>\n<div>\n<h4>Coment\u00e1rios<\/h4>\n<p>Se voc\u00ea deixar coment\u00e1rios neste site, ele coleta os dados mostrados no formul\u00e1rio de coment\u00e1rios e tamb\u00e9m seu endere\u00e7o de IP e string de agente de usu\u00e1rio de navegador para ajudar na detec\u00e7\u00e3o de spam. Um string an\u00f4nimo criado a partir de seu endere\u00e7o de e-mail (tamb\u00e9m chamado hash) pode ser fornecido ao servi\u00e7o Gravatar para ver se voc\u00ea o utiliza. Ap\u00f3s a aprova\u00e7\u00e3o de seu coment\u00e1rio, sua foto de perfil fica vis\u00edvel ao p\u00fablico no contexto do seu coment\u00e1rio.<\/p>\n<\/div>\n<div>\n<div>\n<div>\n<h4>Formul\u00e1rio para contato<\/h4>\n<p>Quando voc\u00ea usa o formul\u00e1rio para contato neste site, ele coleta os dados mostrados no formul\u00e1rio de coment\u00e1rios e tamb\u00e9m seu endere\u00e7o de IP e string de agente de usu\u00e1rio de navegador para ajudar na detec\u00e7\u00e3o de spam.<\/p>\n<\/div>\n<\/div>\n<div>\n<div>\n<h4>Informativo<\/h4>\n<p>Quando voc\u00ea se inscreve para receber o informativo da Phileo by Lesaffre, seu e-mail e endere\u00e7o de IP s\u00e3o coletados.<\/p>\n<p>Outros fornecedores de identidade s\u00e3o o\u00a0<a href=\"https:\/\/twitter.com\/en\/privacy\">Twitter<\/a>,\u00a0<a href=\"https:\/\/www.facebook.com\/full_data_use_policy\">Facebook<\/a>, e\u00a0<a href=\"https:\/\/policies.google.com\/privacy\">Google<\/a>.<\/p>\n<p>&nbsp;<\/p>\n<\/div>\n<\/div>\n<\/div>\n<\/div>\n<h3>Informa\u00e7\u00f5es sobre cookies<\/h3>\n<p>Para melhorar nosso servi\u00e7o, medimos o n\u00famero de visualiza\u00e7\u00f5es na p\u00e1gina, o n\u00famero de visitas, al\u00e9m da atividade dos visitantes em nosso site, incluindo sua frequ\u00eancia de retorno. Para tal, usamos &#8220;cookies&#8221;.\u00a0 Os cookies usados pelo site www.phileo-lesaffre.com cont\u00eam um identificador exclusivo gerado aleatoriamente, al\u00e9m da data da sua \u00faltima visita.<\/p>\n<div class=\"et_pb_row et_pb_row_5\">\n<div class=\"et_pb_column et_pb_column_4_4 et_pb_column_8 et_pb_css_mix_blend_mode_passthrough et-last-child\">\n<div class=\"et_pb_module et_pb_text et_pb_text_9 et_pb_bg_layout_light et_pb_text_align_left\">\n<div class=\"et_pb_text_inner\">\n<p>Quando voc\u00ea vem a este site pela primeira vez, apenas os cookies necess\u00e1rios s\u00e3o usados. E este ser\u00e1 o caso, contanto que voc\u00ea n\u00e3o clique no bot\u00e3o &#8220;Concordo&#8221; no banner vermelho flutuante.\u00a0Al\u00e9m destes cookies necess\u00e1rios, voc\u00ea pode escolher &#8211; a qualquer momento &#8211; aceitar ou recusar seu uso. Para isso, clique no escudo \u00e0 direita do rodap\u00e9 para acessar o\u00a0<em>Centro de Prefer\u00eancias de Privacidade<\/em>.<\/p>\n<p>Aqui est\u00e3o os detalhes das categorias de cookies usadas neste site:<\/p>\n<\/div>\n<\/div>\n<\/div>\n<\/div>\n<div>\n<div>\n<div>\n<div>\n<h4>Cookies necess\u00e1rios<\/h4>\n<p>O WordPress (e PHP) usam cookies. Estes cookies s\u00e3o obrigat\u00f3rios para o site funcionar adequadamente.<\/p>\n<\/div>\n<\/div>\n<div>\n<div>\n<h4>Cookies anal\u00edticos<\/h4>\n<p>N\u00f3s analisamos tr\u00e1fego e intera\u00e7\u00f5es dos usu\u00e1rios com este site para detectar problemas potenciais, medir a popularidade e adaptar conte\u00fados. Isso \u00e9 feito usando-se o Google Analytics e Google Tag Manager. Esses servi\u00e7os usam cookies.<\/p>\n<\/div>\n<\/div>\n<\/div>\n<div>\n<div>\n<div>\n<h4>Cookies de conte\u00fado integrado<\/h4>\n<p>Os artigos neste site podem incluir conte\u00fado integrado (ex., v\u00eddeos, tweets, arquivos em pdf, etc.). O conte\u00fado integrado de outros sites comporta-se exatamente da mesma forma como se o visitante tivesse visitado o outro site.<\/p>\n<p>Esses sites podem coletar seus dados, usar cookies, adicionar rastreamento adicional de terceiros e monitorar sua intera\u00e7\u00e3o com o conte\u00fado integrado, incluindo rastrear sua intera\u00e7\u00e3o com o conte\u00fado integrado se voc\u00ea tiver uma conta e estiver conectado ao site.<\/p>\n<\/div>\n<\/div>\n<\/div>\n<\/div>\n<p>&nbsp;<\/p>\n<h3>Seus direitos<\/h3>\n<p>Assim como seus dados, incluindo metadados, s\u00e3o mantidos indefinidamente, se voc\u00ea tiver uma conta neste site ou deixar coment\u00e1rios, voc\u00ea pode solicitar receber um arquivo exportado dos dados pessoais que mantemos sobre voc\u00ea. Voc\u00ea tamb\u00e9m pode solicitar que apaguemos quaisquer dados pessoais que tivermos de voc\u00ea.<\/p>\n<p>Embora tudo seja feito para prevenir vazamentos de dados pessoais, este site n\u00e3o \u00e9 imune a erros ou hackers. Se tal caso ocorrer, voc\u00ea ser\u00e1 notificado em um m\u00e1ximo de 72 horas ap\u00f3s a descoberta da quebra de dados, por todos os meios que estar\u00e3o em nossa posse.<\/p>\n<p>&nbsp;<\/p>\n<h3>Compet\u00eancia legal<\/h3>\n<p>No evento de litiga\u00e7\u00e3o ou disputas, apenas as leis francesas ser\u00e3o aplic\u00e1veis e apenas os tribunais de Lille (Fran\u00e7a) ser\u00e3o considerados competentes.<\/p>\n<p>&nbsp;<\/p>\n<p>\u00a9 2020 \u2013 Phileo by Lesaffre \u2013 Todos os direitos reservados.<\/p>\n<p><strong>Gerente da publica\u00e7\u00e3o:\u00a0<\/strong>Ms Cl\u00e9mentine MARIEN<\/p>\n<p><strong>Desenvolvimento do site:\u00a0<\/strong><a href=\"https:\/\/ovm-communication.fr\" target=\"_blank\" rel=\"noopener noreferrer\">OVM Communication<\/a><\/p>\n<p><strong>Propriet\u00e1rio\/publicador do site:\u00a0<\/strong>Phileo by Lesaffre &#8211;\u00a0137 rue Gabriel P\u00e9ri, 59700 MARCQ-EN-BAROEUL\u00a0\u2013 Fran\u00e7a[\/vc_column_text][\/vc_column][\/vc_row]<\/p>\n<\/div>","protected":false},"excerpt":{"rendered":"<p>[vc_row css_animation=&#8221;&#8221; row_type=&#8221;row&#8221; use_row_as_full_screen_section=&#8221;no&#8221; type=&#8221;full_width&#8221; angled_section=&#8221;no&#8221; text_align=&#8221;left&#8221; background_image_as_pattern=&#8221;without_pattern&#8221; css=&#8221;.vc_custom_1595001943689{padding-top: 3% !important;padding-right: 10% !important;padding-bottom: 5% !important;padding-left: 10% !important;}&#8221; z_index=&#8221;&#8221;][vc_column][vc_column_text] TERMOS E CONDI\u00c7\u00d5ES do site Phileo by Lesaffre Este site \u00e9 apresentado pela Phileo by Lesaffre. O seu uso deste site \u00e9 regido pelos termos e condi\u00e7\u00f5es&#8230;<\/p>\n","protected":false},"author":1,"featured_media":0,"parent":0,"menu_order":0,"comment_status":"closed","ping_status":"closed","template":"full_width.php","meta":{"footnotes":""},"class_list":["post-402367","page","type-page","status-publish","hentry"],"yoast_head":"<!-- This site is optimized with the Yoast SEO Premium plugin v25.9 (Yoast SEO v27.3) - https:\/\/yoast.com\/product\/yoast-seo-premium-wordpress\/ -->\n<title>Aviso legal &#8226; Phileo by Lesaffre<\/title>\n<meta name=\"robots\" content=\"index, follow, max-snippet:-1, max-image-preview:large, max-video-preview:-1\" \/>\n<link rel=\"canonical\" href=\"https:\/\/phileo-lesaffre.com\/pt-br\/aviso-legal\/\" \/>\n<meta property=\"og:locale\" content=\"pt_BR\" \/>\n<meta property=\"og:type\" content=\"article\" \/>\n<meta property=\"og:title\" content=\"Aviso legal\" \/>\n<meta property=\"og:description\" content=\"TERMOS E CONDI\u00c7\u00d5ES do site Phileo by Lesaffre Este site \u00e9 apresentado pela Phileo by Lesaffre. O seu uso deste site \u00e9 regido pelos termos e condi\u00e7\u00f5es\" \/>\n<meta property=\"og:url\" content=\"https:\/\/phileo-lesaffre.com\/pt-br\/aviso-legal\/\" \/>\n<meta property=\"og:site_name\" content=\"Phileo by Lesaffre\" \/>\n<meta property=\"article:publisher\" content=\"https:\/\/www.facebook.com\/phileo.lesaffre\/\" \/>\n<meta property=\"article:modified_time\" content=\"2020-11-18T07:17:17+00:00\" \/>\n<meta name=\"twitter:card\" content=\"summary_large_image\" \/>\n<meta name=\"twitter:site\" content=\"@PhileoLesaffre\" \/>\n<script type=\"application\/ld+json\" class=\"yoast-schema-graph\">{\"@context\":\"https:\\\/\\\/schema.org\",\"@graph\":[{\"@type\":\"WebPage\",\"@id\":\"https:\\\/\\\/phileo-lesaffre.com\\\/pt-br\\\/aviso-legal\\\/\",\"url\":\"https:\\\/\\\/phileo-lesaffre.com\\\/pt-br\\\/aviso-legal\\\/\",\"name\":\"Aviso legal &#8226; Phileo by Lesaffre\",\"isPartOf\":{\"@id\":\"https:\\\/\\\/phileo-lesaffre.com\\\/pt-br\\\/#website\"},\"datePublished\":\"2020-11-18T07:17:16+00:00\",\"dateModified\":\"2020-11-18T07:17:17+00:00\",\"breadcrumb\":{\"@id\":\"https:\\\/\\\/phileo-lesaffre.com\\\/pt-br\\\/aviso-legal\\\/#breadcrumb\"},\"inLanguage\":\"pt-BR\",\"potentialAction\":[{\"@type\":\"ReadAction\",\"target\":[\"https:\\\/\\\/phileo-lesaffre.com\\\/pt-br\\\/aviso-legal\\\/\"]}]},{\"@type\":\"BreadcrumbList\",\"@id\":\"https:\\\/\\\/phileo-lesaffre.com\\\/pt-br\\\/aviso-legal\\\/#breadcrumb\",\"itemListElement\":[{\"@type\":\"ListItem\",\"position\":1,\"name\":\"Phileo by Lesaffre\",\"item\":\"https:\\\/\\\/phileo-lesaffre.com\\\/pt-br\\\/\"},{\"@type\":\"ListItem\",\"position\":2,\"name\":\"Aviso legal\"}]},{\"@type\":\"WebSite\",\"@id\":\"https:\\\/\\\/phileo-lesaffre.com\\\/pt-br\\\/#website\",\"url\":\"https:\\\/\\\/phileo-lesaffre.com\\\/pt-br\\\/\",\"name\":\"Phileo by Lesaffre\",\"description\":\"Animal nutrition and health from yeast products\",\"publisher\":{\"@id\":\"https:\\\/\\\/phileo-lesaffre.com\\\/pt-br\\\/#organization\"},\"potentialAction\":[{\"@type\":\"SearchAction\",\"target\":{\"@type\":\"EntryPoint\",\"urlTemplate\":\"https:\\\/\\\/phileo-lesaffre.com\\\/pt-br\\\/?s={search_term_string}\"},\"query-input\":{\"@type\":\"PropertyValueSpecification\",\"valueRequired\":true,\"valueName\":\"search_term_string\"}}],\"inLanguage\":\"pt-BR\"},{\"@type\":\"Organization\",\"@id\":\"https:\\\/\\\/phileo-lesaffre.com\\\/pt-br\\\/#organization\",\"name\":\"Phileo by Lesaffre\",\"url\":\"https:\\\/\\\/phileo-lesaffre.com\\\/pt-br\\\/\",\"logo\":{\"@type\":\"ImageObject\",\"inLanguage\":\"pt-BR\",\"@id\":\"https:\\\/\\\/phileo-lesaffre.com\\\/pt-br\\\/#\\\/schema\\\/logo\\\/image\\\/\",\"url\":\"https:\\\/\\\/phileo-lesaffre.com\\\/wp-content\\\/uploads\\\/2019\\\/04\\\/logo-phileo-lesaffre-1.jpg\",\"contentUrl\":\"https:\\\/\\\/phileo-lesaffre.com\\\/wp-content\\\/uploads\\\/2019\\\/04\\\/logo-phileo-lesaffre-1.jpg\",\"width\":500,\"height\":250,\"caption\":\"Phileo by Lesaffre\"},\"image\":{\"@id\":\"https:\\\/\\\/phileo-lesaffre.com\\\/pt-br\\\/#\\\/schema\\\/logo\\\/image\\\/\"},\"sameAs\":[\"https:\\\/\\\/www.facebook.com\\\/phileo.lesaffre\\\/\",\"https:\\\/\\\/x.com\\\/PhileoLesaffre\",\"https:\\\/\\\/www.linkedin.com\\\/company\\\/phileo\\\/\"]}]}<\/script>\n<!-- \/ Yoast SEO Premium plugin. -->","yoast_head_json":{"title":"Aviso legal &#8226; Phileo by Lesaffre","robots":{"index":"index","follow":"follow","max-snippet":"max-snippet:-1","max-image-preview":"max-image-preview:large","max-video-preview":"max-video-preview:-1"},"canonical":"https:\/\/phileo-lesaffre.com\/pt-br\/aviso-legal\/","og_locale":"pt_BR","og_type":"article","og_title":"Aviso legal","og_description":"TERMOS E CONDI\u00c7\u00d5ES do site Phileo by Lesaffre Este site \u00e9 apresentado pela Phileo by Lesaffre. O seu uso deste site \u00e9 regido pelos termos e condi\u00e7\u00f5es","og_url":"https:\/\/phileo-lesaffre.com\/pt-br\/aviso-legal\/","og_site_name":"Phileo by Lesaffre","article_publisher":"https:\/\/www.facebook.com\/phileo.lesaffre\/","article_modified_time":"2020-11-18T07:17:17+00:00","twitter_card":"summary_large_image","twitter_site":"@PhileoLesaffre","schema":{"@context":"https:\/\/schema.org","@graph":[{"@type":"WebPage","@id":"https:\/\/phileo-lesaffre.com\/pt-br\/aviso-legal\/","url":"https:\/\/phileo-lesaffre.com\/pt-br\/aviso-legal\/","name":"Aviso legal &#8226; Phileo by Lesaffre","isPartOf":{"@id":"https:\/\/phileo-lesaffre.com\/pt-br\/#website"},"datePublished":"2020-11-18T07:17:16+00:00","dateModified":"2020-11-18T07:17:17+00:00","breadcrumb":{"@id":"https:\/\/phileo-lesaffre.com\/pt-br\/aviso-legal\/#breadcrumb"},"inLanguage":"pt-BR","potentialAction":[{"@type":"ReadAction","target":["https:\/\/phileo-lesaffre.com\/pt-br\/aviso-legal\/"]}]},{"@type":"BreadcrumbList","@id":"https:\/\/phileo-lesaffre.com\/pt-br\/aviso-legal\/#breadcrumb","itemListElement":[{"@type":"ListItem","position":1,"name":"Phileo by Lesaffre","item":"https:\/\/phileo-lesaffre.com\/pt-br\/"},{"@type":"ListItem","position":2,"name":"Aviso legal"}]},{"@type":"WebSite","@id":"https:\/\/phileo-lesaffre.com\/pt-br\/#website","url":"https:\/\/phileo-lesaffre.com\/pt-br\/","name":"Phileo by Lesaffre","description":"Animal nutrition and health from yeast products","publisher":{"@id":"https:\/\/phileo-lesaffre.com\/pt-br\/#organization"},"potentialAction":[{"@type":"SearchAction","target":{"@type":"EntryPoint","urlTemplate":"https:\/\/phileo-lesaffre.com\/pt-br\/?s={search_term_string}"},"query-input":{"@type":"PropertyValueSpecification","valueRequired":true,"valueName":"search_term_string"}}],"inLanguage":"pt-BR"},{"@type":"Organization","@id":"https:\/\/phileo-lesaffre.com\/pt-br\/#organization","name":"Phileo by Lesaffre","url":"https:\/\/phileo-lesaffre.com\/pt-br\/","logo":{"@type":"ImageObject","inLanguage":"pt-BR","@id":"https:\/\/phileo-lesaffre.com\/pt-br\/#\/schema\/logo\/image\/","url":"https:\/\/phileo-lesaffre.com\/wp-content\/uploads\/2019\/04\/logo-phileo-lesaffre-1.jpg","contentUrl":"https:\/\/phileo-lesaffre.com\/wp-content\/uploads\/2019\/04\/logo-phileo-lesaffre-1.jpg","width":500,"height":250,"caption":"Phileo by Lesaffre"},"image":{"@id":"https:\/\/phileo-lesaffre.com\/pt-br\/#\/schema\/logo\/image\/"},"sameAs":["https:\/\/www.facebook.com\/phileo.lesaffre\/","https:\/\/x.com\/PhileoLesaffre","https:\/\/www.linkedin.com\/company\/phileo\/"]}]}},"_links":{"self":[{"href":"https:\/\/phileo-lesaffre.com\/pt-br\/wp-json\/wp\/v2\/pages\/402367","targetHints":{"allow":["GET"]}}],"collection":[{"href":"https:\/\/phileo-lesaffre.com\/pt-br\/wp-json\/wp\/v2\/pages"}],"about":[{"href":"https:\/\/phileo-lesaffre.com\/pt-br\/wp-json\/wp\/v2\/types\/page"}],"author":[{"embeddable":true,"href":"https:\/\/phileo-lesaffre.com\/pt-br\/wp-json\/wp\/v2\/users\/1"}],"replies":[{"embeddable":true,"href":"https:\/\/phileo-lesaffre.com\/pt-br\/wp-json\/wp\/v2\/comments?post=402367"}],"version-history":[{"count":0,"href":"https:\/\/phileo-lesaffre.com\/pt-br\/wp-json\/wp\/v2\/pages\/402367\/revisions"}],"wp:attachment":[{"href":"https:\/\/phileo-lesaffre.com\/pt-br\/wp-json\/wp\/v2\/media?parent=402367"}],"curies":[{"name":"wp","href":"https:\/\/api.w.org\/{rel}","templated":true}]}}