{"id":402339,"date":"2020-11-18T08:15:58","date_gmt":"2020-11-18T07:15:58","guid":{"rendered":"http:\/\/phileo-lesaffre.com\/aves-de-corte\/modulacao-imune-e-titulacoes-de-anticorpos-em-aves-de-corte\/"},"modified":"2020-12-16T11:18:57","modified_gmt":"2020-12-16T10:18:57","slug":"modulacao-imune-e-titulacoes-de-anticorpos-em-aves-de-corte","status":"publish","type":"page","link":"https:\/\/phileo-lesaffre.com\/pt-br\/aves-de-corte\/modulacao-imune-e-titulacoes-de-anticorpos-em-aves-de-corte\/","title":{"rendered":"Modula\u00e7\u00e3o imune e titula\u00e7\u00f5es de anticorpos em aves de corte"},"content":{"rendered":"<div class=\"wpb-content-wrapper\"><p>[vc_row css_animation=&#8221;&#8221; row_type=&#8221;row&#8221; use_row_as_full_screen_section=&#8221;no&#8221; type=&#8221;full_width&#8221; angled_section=&#8221;no&#8221; text_align=&#8221;left&#8221; background_image_as_pattern=&#8221;without_pattern&#8221;][vc_column][qode_elements_holder number_of_columns=&#8221;two_columns&#8221;][qode_elements_holder_item vertical_alignment=&#8221;middle&#8221; horizontal_alignment=&#8221;left&#8221; advanced_animations=&#8221;no&#8221; item_padding=&#8221;5% 8% 5% 0%&#8221;][vc_column_text]<\/p>\n<h2 class=\"feed2\"><span style=\"color: #4d4d4c;\">Modula\u00e7\u00e3o imune e titula\u00e7\u00f5es de anticorpos<\/span><\/h2>\n<p>[\/vc_column_text][vc_single_image image=&#8221;398041&#8243; img_size=&#8221;65&#215;33&#8243; qode_css_animation=&#8221;&#8221; css=&#8221;.vc_custom_1590613047306{padding-top: 5% !important;padding-bottom: 5% !important;}&#8221;][vc_column_text css=&#8221;.vc_custom_1596529149707{padding-right: 8% !important;}&#8221;]A preven\u00e7\u00e3o de doen\u00e7as exige uma abordagem global para compreendermos a contamina\u00e7\u00e3o por pat\u00f3genos e a aplica\u00e7\u00e3o de procedimentos de limpeza e desinfec\u00e7\u00e3o nas fazendas. A biosseguran\u00e7a \u00e9 fundamental.<\/p>\n<p>&nbsp;<\/p>\n<p>Todos os estresses que deixam as aves mais sens\u00edveis a doen\u00e7as devem ser controlados por boa gest\u00e3o da fazenda. A Phileo by Lesaffre desenvolveu solu\u00e7\u00f5es que complementam os controles existentes, deixando as aves mais resistentes a doen\u00e7as.<\/p>\n<p>&nbsp;<\/p>\n<p>O Safmannan<sup>\u00ae<\/sup>, uma fra\u00e7\u00e3o parietal de leveduras premium, rico em mananos e betaglucanos 1,3 e 1,6, ajuda a manter a boa integridade intestinal, prevenindo a contamina\u00e7\u00e3o por bact\u00e9rias patog\u00eanicas (como <em>E.coli<\/em>, <em>Salmonella<\/em> e <em>Clostridium<\/em>). Tamb\u00e9m ajuda a melhorar o funcionamento do sistema imunol\u00f3gico e a resposta das aves \u00e0s vacinas.[\/vc_column_text][vc_single_image image=&#8221;400275&#8243; img_size=&#8221;120&#215;178&#8243; alignment=&#8221;right&#8221; qode_css_animation=&#8221;&#8221;][\/qode_elements_holder_item][qode_elements_holder_item cover=&#8221;yes&#8221; vertical_alignment=&#8221;middle&#8221; horizontal_alignment=&#8221;left&#8221; advanced_animations=&#8221;no&#8221; background_image=&#8221;397730&#8243;][\/qode_elements_holder_item][\/qode_elements_holder][\/vc_column][\/vc_row][vc_row css_animation=&#8221;&#8221; row_type=&#8221;row&#8221; use_row_as_full_screen_section=&#8221;no&#8221; type=&#8221;full_width&#8221; angled_section=&#8221;no&#8221; text_align=&#8221;left&#8221; background_image_as_pattern=&#8221;without_pattern&#8221; z_index=&#8221;&#8221;][vc_column][qode_elements_holder number_of_columns=&#8221;two_columns&#8221;][qode_elements_holder_item cover=&#8221;yes&#8221; advanced_animations=&#8221;no&#8221; background_image=&#8221;397706&#8243;][\/qode_elements_holder_item][qode_elements_holder_item vertical_alignment=&#8221;middle&#8221; horizontal_alignment=&#8221;left&#8221; advanced_animations=&#8221;no&#8221; item_padding=&#8221;5% 2% 5% 10%&#8221; background_color=&#8221;#e58734&#8243;][vc_column_text]<\/p>\n<h2 class=\"feed4\"><span style=\"color: #ffffff;\">Elevando as barreiras do sistema imunol\u00f3gico inato<\/span><\/h2>\n<p>[\/vc_column_text][vc_single_image image=&#8221;397901&#8243; img_size=&#8221;50&#215;25&#8243; qode_css_animation=&#8221;&#8221; css=&#8221;.vc_custom_1592227932921{padding-top: 5% !important;padding-bottom: 5% !important;}&#8221;][vc_column_text css=&#8221;.vc_custom_1593163068293{padding-right: 10% !important;}&#8221;]<span style=\"color: #ffffff;\">\u00c9 poss\u00edvel ajudar o sistema imunol\u00f3gico adaptativo a ser mais eficiente ap\u00f3s uma vacina\u00e7\u00e3o. Este motivo espec\u00edfico est\u00e1 associado a um n\u00e3o-espec\u00edfico, chamado imunidade inata.<\/span><\/p>\n<p>&nbsp;<\/p>\n<p><span style=\"color: #ffffff;\">A primeira linha de defesa \u00e9 composta por barreiras f\u00edsicas (pele, epit\u00e9lio, jun\u00e7\u00e3o oclusiva, muco nas c\u00e9lulas epiteliais, batimentos dos c\u00edlios traqueais, peristaltismo intestinal), barreiras qu\u00edmicas (\u00e1cidos graxos, lisozimas, acidez do pH proventricular, pept\u00eddeos antibacterianos) e barreiras microbiol\u00f3gicas.<\/span><\/p>\n<p>&nbsp;<\/p>\n<p><span style=\"color: #ffffff;\">A segunda linha de defesa \u00e9 composta por fag\u00f3citos, capazes de eliminar bact\u00e9rias opsonizadas pelo sistema complemento, e mast\u00f3citos, capazes de &#8220;despertar&#8221; o sistema imunol\u00f3gico quando h\u00e1 uma infec\u00e7\u00e3o. Finalmente, \u00e9 composto por c\u00e9lulas killer naturais, capazes de matar diretamente c\u00e9lulas infectadas por v\u00edrus ou c\u00e9lulas tumorais.<\/span>[\/vc_column_text][\/qode_elements_holder_item][\/qode_elements_holder][\/vc_column][\/vc_row][vc_row css_animation=&#8221;&#8221; row_type=&#8221;row&#8221; use_row_as_full_screen_section=&#8221;no&#8221; type=&#8221;full_width&#8221; angled_section=&#8221;no&#8221; text_align=&#8221;left&#8221; background_image_as_pattern=&#8221;without_pattern&#8221; css=&#8221;.vc_custom_1592234497567{background-color: #ffffff !important;}&#8221; z_index=&#8221;&#8221;][vc_column][qode_elements_holder number_of_columns=&#8221;two_columns&#8221;][qode_elements_holder_item vertical_alignment=&#8221;middle&#8221; horizontal_alignment=&#8221;left&#8221; advanced_animations=&#8221;no&#8221; item_padding=&#8221;5% 10% 5% 5%&#8221; background_color=&#8221;#706f6f&#8221;][vc_column_text]<\/p>\n<h2 class=\"feed4\"><span style=\"color: #ffffff;\">Preserva\u00e7\u00e3o da boa integridade intestinal<\/span><\/h2>\n<p>[\/vc_column_text][vc_single_image image=&#8221;397901&#8243; img_size=&#8221;50&#215;25&#8243; qode_css_animation=&#8221;&#8221; css=&#8221;.vc_custom_1592232787710{padding-top: 5% !important;padding-bottom: 5% !important;}&#8221;][vc_column_text]<span style=\"color: #ffffff;\">Como 70% da capacidade do sistema imunol\u00f3gico da ave est\u00e1 localizada no trato digestivo, \u00e9 importante preservar a boa integridade intestinal. A inflama\u00e7\u00e3o intestinal cr\u00f4nica, devido ao alto consumo alimentar das ra\u00e7as de aves modernas, precisa ser controlada. O Safmannan pode ajudar o sistema imunol\u00f3gico inato a estar melhor preparado para combater uma infec\u00e7\u00e3o. Isso \u00e9 feito pelos seguintes mecanismos de a\u00e7\u00e3o:<\/span><\/p>\n<p>&nbsp;<\/p>\n<p><span style=\"color: #ffffff;\">\u2022 Liga\u00e7\u00e3o aos pat\u00f3genos<br \/>\n\u2022 Aumento do n\u00famero de c\u00e9lulas caliciformes<br \/>\n\u2022 Modula\u00e7\u00e3o da inflama\u00e7\u00e3o<br \/>\n<\/span>[\/vc_column_text][\/qode_elements_holder_item][qode_elements_holder_item cover=&#8221;yes&#8221; advanced_animations=&#8221;no&#8221; background_image=&#8221;396525&#8243;][vc_separator type=&#8221;transparent&#8221; up=&#8221;200&#8243; down=&#8221;200&#8243;][\/qode_elements_holder_item][\/qode_elements_holder][\/vc_column][\/vc_row][vc_row css_animation=&#8221;&#8221; row_type=&#8221;row&#8221; use_row_as_full_screen_section=&#8221;no&#8221; type=&#8221;full_width&#8221; angled_section=&#8221;no&#8221; text_align=&#8221;left&#8221; background_image_as_pattern=&#8221;without_pattern&#8221; z_index=&#8221;&#8221;][vc_column][qode_elements_holder number_of_columns=&#8221;two_columns&#8221;][qode_elements_holder_item advanced_animations=&#8221;no&#8221;][vc_single_image image=&#8221;404869&#8243; img_size=&#8221;full&#8221; onclick=&#8221;link_image&#8221; qode_css_animation=&#8221;&#8221; qode_hover_animation=&#8221;zoom_in&#8221;][\/qode_elements_holder_item][qode_elements_holder_item vertical_alignment=&#8221;middle&#8221; horizontal_alignment=&#8221;left&#8221; advanced_animations=&#8221;no&#8221; item_padding=&#8221;5% 2% 5% 10%&#8221; background_color=&#8221;#e58734&#8243;][vc_column_text]<\/p>\n<h2 class=\"feed4\"><span style=\"color: #ffffff;\">Efeitos do Safmannan<sup>\u00ae<\/sup> sobre a modula\u00e7\u00e3o do sistema imunol\u00f3gico<\/span><\/h2>\n<p>[\/vc_column_text][vc_single_image image=&#8221;397901&#8243; img_size=&#8221;50&#215;25&#8243; qode_css_animation=&#8221;&#8221; css=&#8221;.vc_custom_1592232787710{padding-top: 5% !important;padding-bottom: 5% !important;}&#8221;][vc_column_text]<span style=\"color: #ffffff;\">V\u00e1rios estudos de P&#038;D em fazendas comprovam estes efeitos, ap\u00f3s v\u00e1rias vacina\u00e7\u00f5es diferentes, como para doen\u00e7a de Newcastle (ND) ou influenza avi\u00e1ria (H5 ou H9). Neste estudo, aves de corte foram vacinadas aos 10 dias de vida com uma vacina viva para ND e alimentadas com uma ra\u00e7\u00e3o suplementada com Safmannan<sup>\u00ae<\/sup> ou uma ra\u00e7\u00e3o controle. Amostras de sangue foram coletadas uma semana e duas semanas ap\u00f3s a vacina\u00e7\u00e3o e analisadas por teste de HI. Duas semanas ap\u00f3s a vacina\u00e7\u00e3o, a resposta da vacina no grupo suplementado com Safmannan<sup>\u00ae<\/sup> foi significativamente maior do que no grupo controle.<\/span>[\/vc_column_text][\/qode_elements_holder_item][\/qode_elements_holder][\/vc_column][\/vc_row][vc_row css_animation=&#8221;&#8221; row_type=&#8221;row&#8221; use_row_as_full_screen_section=&#8221;no&#8221; type=&#8221;full_width&#8221; angled_section=&#8221;no&#8221; text_align=&#8221;left&#8221; background_image_as_pattern=&#8221;without_pattern&#8221; z_index=&#8221;&#8221;][vc_column][qode_elements_holder number_of_columns=&#8221;two_columns&#8221;][qode_elements_holder_item vertical_alignment=&#8221;middle&#8221; horizontal_alignment=&#8221;left&#8221; advanced_animations=&#8221;no&#8221; item_padding=&#8221;5% 2% 5% 10%&#8221; background_color=&#8221;#706f6f&#8221;][vc_column_text]<\/p>\n<h2 class=\"feed4\"><span style=\"color: #ffffff;\">Efeitos do Safglucan<sup>\u00ae<\/sup> sobre a imunidade treinada<\/span><\/h2>\n<p>[\/vc_column_text][vc_single_image image=&#8221;397901&#8243; img_size=&#8221;50&#215;25&#8243; qode_css_animation=&#8221;&#8221; css=&#8221;.vc_custom_1592232787710{padding-top: 5% !important;padding-bottom: 5% !important;}&#8221;][vc_column_text]<span style=\"color: #ffffff;\">A Phileo by Lesaffre tamb\u00e9m desenvolveu uma solu\u00e7\u00e3o chamada Safglucan\u00ae, na qual betaglucanos 1,3 e 1,6 s\u00e3o purificados e separados da fra\u00e7\u00e3o dos mananos, alcan\u00e7ando mais de 50% da composi\u00e7\u00e3o do produto. Sua atividade \u00e9 direcionada para o sistema imunol\u00f3gico, enquanto o Safmannan<sup>\u00ae<\/sup> tem um efeito mais abrangente.<br \/>\nV\u00e1rios estudos <em>in vivo<\/em> provaram o efeito ben\u00e9fico do Safglucan<sup>\u00ae<\/sup> para melhorar a resposta \u00e0s vacinas.<\/span><\/p>\n<p>&nbsp;<\/p>\n<p><span style=\"color: #ffffff;\"><br \/>\nNeste estudo, o Safglucan<sup>\u00ae<\/sup> foi usado a 125\u00a0g\/T para mostrar seu efeito ap\u00f3s uma vacina\u00e7\u00e3o contra ND com uma vacina inativada, injetada a 12 e 24 dias de idade. A resposta \u00e0s vacinas \u00e9 mais r\u00e1pida e mais forte comparada a um grupo controle vacinado.<\/span>[\/vc_column_text][\/qode_elements_holder_item][qode_elements_holder_item advanced_animations=&#8221;no&#8221;][vc_single_image image=&#8221;404873&#8243; img_size=&#8221;full&#8221; onclick=&#8221;link_image&#8221; qode_css_animation=&#8221;&#8221; qode_hover_animation=&#8221;zoom_in&#8221;][\/qode_elements_holder_item][\/qode_elements_holder][vc_separator type=&#8221;transparent&#8221;][\/vc_column][\/vc_row][vc_row css_animation=&#8221;&#8221; row_type=&#8221;row&#8221; use_row_as_full_screen_section=&#8221;no&#8221; type=&#8221;full_width&#8221; angled_section=&#8221;no&#8221; text_align=&#8221;left&#8221; background_image_as_pattern=&#8221;without_pattern&#8221;][vc_column][vc_column_text]<\/p>\n<p>[\/vc_column_text][\/vc_column][\/vc_row][vc_row css_animation=&#8221;&#8221; row_type=&#8221;row&#8221; use_row_as_full_screen_section=&#8221;yes&#8221; type=&#8221;full_width&#8221; angled_section=&#8221;no&#8221; text_align=&#8221;left&#8221; background_image_as_pattern=&#8221;without_pattern&#8221; z_index=&#8221;&#8221;][vc_column][vc_separator type=&#8221;transparent&#8221; up=&#8221;10&#8243; down=&#8221;10&#8243;][vc_column_text css=&#8221;.vc_custom_1593402547571{padding-top: 2% !important;padding-bottom: 2% !important;}&#8221;]<\/p>\n<h2 class=\"feed3\"><span style=\"color: #4d4d4c;\">Saiba mais sobre manejo de aves de corte<\/span><\/h2>\n<p>[\/vc_column_text][vc_separator type=&#8221;transparent&#8221; up=&#8221;5&#8243; down=&#8221;5&#8243;][\/vc_column][vc_column width=&#8221;1\/5&#8243;][vc_single_image image=&#8221;403601&#8243; img_size=&#8221;full&#8221; alignment=&#8221;center&#8221; onclick=&#8221;custom_link&#8221; qode_css_animation=&#8221;&#8221; qode_hover_animation=&#8221;zoom_in&#8221; css=&#8221;.vc_custom_1607501532665{padding-top: 5% !important;padding-bottom: 5% !important;}&#8221; link=&#8221;\/pt-br\/aves-de-corte\/manejo-da-saude-intestinal-em-aves-de-corte\/&#8221;][\/vc_column][vc_column width=&#8221;1\/5&#8243;][vc_single_image image=&#8221;403609&#8243; img_size=&#8221;full&#8221; alignment=&#8221;center&#8221; onclick=&#8221;custom_link&#8221; qode_css_animation=&#8221;&#8221; qode_hover_animation=&#8221;zoom_in&#8221; css=&#8221;.vc_custom_1607501552731{padding-top: 5% !important;padding-bottom: 5% !important;}&#8221; link=&#8221;\/pt-br\/aves-de-corte\/reducao-de-atb-em-aves-de-corte\/&#8221;][\/vc_column][vc_column width=&#8221;1\/5&#8243;][vc_single_image image=&#8221;403589&#8243; img_size=&#8221;full&#8221; alignment=&#8221;center&#8221; onclick=&#8221;custom_link&#8221; qode_css_animation=&#8221;&#8221; qode_hover_animation=&#8221;zoom_in&#8221; css=&#8221;.vc_custom_1607501578008{padding-top: 5% !important;padding-bottom: 5% !important;}&#8221; link=&#8221;\/pt-br\/aves-de-corte\/controle-de-salmonela-em-aves-de-corte\/&#8221;][\/vc_column][vc_column width=&#8221;1\/5&#8243;][vc_single_image image=&#8221;403593&#8243; img_size=&#8221;full&#8221; alignment=&#8221;center&#8221; onclick=&#8221;custom_link&#8221; qode_css_animation=&#8221;&#8221; qode_hover_animation=&#8221;zoom_in&#8221; css=&#8221;.vc_custom_1607501627619{padding-top: 5% !important;padding-bottom: 5% !important;}&#8221; link=&#8221;\/pt-br\/aves-de-corte\/estresse-oxidativo-de-aves-de-corte\/&#8221;][\/vc_column][vc_column width=&#8221;1\/5&#8243;][vc_single_image image=&#8221;403597&#8243; img_size=&#8221;full&#8221; alignment=&#8221;center&#8221; onclick=&#8221;custom_link&#8221; qode_css_animation=&#8221;&#8221; qode_hover_animation=&#8221;zoom_in&#8221; css=&#8221;.vc_custom_1607501653046{padding-top: 5% !important;padding-bottom: 5% !important;}&#8221; link=&#8221;\/pt-br\/programa-de-estresse-por-calor-em-aves-de-corte\/&#8221;][\/vc_column][\/vc_row]<\/p>\n<\/div>","protected":false},"excerpt":{"rendered":"<p>[vc_row css_animation=&#8221;&#8221; row_type=&#8221;row&#8221; use_row_as_full_screen_section=&#8221;no&#8221; type=&#8221;full_width&#8221; angled_section=&#8221;no&#8221; text_align=&#8221;left&#8221; background_image_as_pattern=&#8221;without_pattern&#8221;][vc_column][qode_elements_holder number_of_columns=&#8221;two_columns&#8221;][qode_elements_holder_item vertical_alignment=&#8221;middle&#8221; horizontal_alignment=&#8221;left&#8221; advanced_animations=&#8221;no&#8221; item_padding=&#8221;5% 8% 5% 0%&#8221;][vc_column_text] Modula\u00e7\u00e3o imune e titula\u00e7\u00f5es de anticorpos [\/vc_column_text][vc_single_image image=&#8221;398041&#8243; img_size=&#8221;65&#215;33&#8243; qode_css_animation=&#8221;&#8221; css=&#8221;.vc_custom_1590613047306{padding-top: 5% !important;padding-bottom: 5% !important;}&#8221;][vc_column_text css=&#8221;.vc_custom_1596529149707{padding-right: 8% !important;}&#8221;]A preven\u00e7\u00e3o de doen\u00e7as exige uma abordagem global para compreendermos a contamina\u00e7\u00e3o&#8230;<\/p>\n","protected":false},"author":1,"featured_media":0,"parent":402118,"menu_order":0,"comment_status":"closed","ping_status":"closed","template":"full_width.php","meta":{"footnotes":""},"class_list":["post-402339","page","type-page","status-publish","hentry"],"yoast_head":"<!-- This site is optimized with the Yoast SEO Premium plugin v25.9 (Yoast SEO v27.4) - https:\/\/yoast.com\/product\/yoast-seo-premium-wordpress\/ -->\n<title>Modula\u00e7\u00e3o imune e titula\u00e7\u00f5es de anticorpos em aves de corte &#8226; Phileo by Lesaffre<\/title>\n<meta name=\"robots\" content=\"index, follow, max-snippet:-1, max-image-preview:large, max-video-preview:-1\" \/>\n<link rel=\"canonical\" href=\"https:\/\/phileo-lesaffre.com\/pt-br\/aves-de-corte\/modulacao-imune-e-titulacoes-de-anticorpos-em-aves-de-corte\/\" \/>\n<meta property=\"og:locale\" content=\"pt_BR\" \/>\n<meta property=\"og:type\" content=\"article\" \/>\n<meta property=\"og:title\" content=\"Modula\u00e7\u00e3o imune e titula\u00e7\u00f5es de anticorpos em aves de corte\" \/>\n<meta property=\"og:description\" content=\"Modula\u00e7\u00e3o imune e titula\u00e7\u00f5es de anticorpos A preven\u00e7\u00e3o de doen\u00e7as exige uma abordagem global para compreendermos a contamina\u00e7\u00e3o por pat\u00f3genos e a\" \/>\n<meta property=\"og:url\" content=\"https:\/\/phileo-lesaffre.com\/pt-br\/aves-de-corte\/modulacao-imune-e-titulacoes-de-anticorpos-em-aves-de-corte\/\" \/>\n<meta property=\"og:site_name\" content=\"Phileo by Lesaffre\" \/>\n<meta property=\"article:publisher\" content=\"https:\/\/www.facebook.com\/phileo.lesaffre\/\" \/>\n<meta property=\"article:modified_time\" content=\"2020-12-16T10:18:57+00:00\" \/>\n<meta name=\"twitter:card\" content=\"summary_large_image\" \/>\n<meta name=\"twitter:site\" content=\"@PhileoLesaffre\" \/>\n<script type=\"application\/ld+json\" class=\"yoast-schema-graph\">{\"@context\":\"https:\\\/\\\/schema.org\",\"@graph\":[{\"@type\":\"WebPage\",\"@id\":\"https:\\\/\\\/phileo-lesaffre.com\\\/pt-br\\\/aves-de-corte\\\/modulacao-imune-e-titulacoes-de-anticorpos-em-aves-de-corte\\\/\",\"url\":\"https:\\\/\\\/phileo-lesaffre.com\\\/pt-br\\\/aves-de-corte\\\/modulacao-imune-e-titulacoes-de-anticorpos-em-aves-de-corte\\\/\",\"name\":\"Modula\u00e7\u00e3o imune e titula\u00e7\u00f5es de anticorpos em aves de corte &#8226; Phileo by Lesaffre\",\"isPartOf\":{\"@id\":\"https:\\\/\\\/phileo-lesaffre.com\\\/pt-br\\\/#website\"},\"datePublished\":\"2020-11-18T07:15:58+00:00\",\"dateModified\":\"2020-12-16T10:18:57+00:00\",\"breadcrumb\":{\"@id\":\"https:\\\/\\\/phileo-lesaffre.com\\\/pt-br\\\/aves-de-corte\\\/modulacao-imune-e-titulacoes-de-anticorpos-em-aves-de-corte\\\/#breadcrumb\"},\"inLanguage\":\"pt-BR\",\"potentialAction\":[{\"@type\":\"ReadAction\",\"target\":[\"https:\\\/\\\/phileo-lesaffre.com\\\/pt-br\\\/aves-de-corte\\\/modulacao-imune-e-titulacoes-de-anticorpos-em-aves-de-corte\\\/\"]}]},{\"@type\":\"BreadcrumbList\",\"@id\":\"https:\\\/\\\/phileo-lesaffre.com\\\/pt-br\\\/aves-de-corte\\\/modulacao-imune-e-titulacoes-de-anticorpos-em-aves-de-corte\\\/#breadcrumb\",\"itemListElement\":[{\"@type\":\"ListItem\",\"position\":1,\"name\":\"Phileo by Lesaffre\",\"item\":\"https:\\\/\\\/phileo-lesaffre.com\\\/pt-br\\\/\"},{\"@type\":\"ListItem\",\"position\":2,\"name\":\"Aves de corte\",\"item\":\"https:\\\/\\\/phileo-lesaffre.com\\\/pt-br\\\/aves-de-corte\\\/\"},{\"@type\":\"ListItem\",\"position\":3,\"name\":\"Modula\u00e7\u00e3o imune e titula\u00e7\u00f5es de anticorpos em aves de corte\"}]},{\"@type\":\"WebSite\",\"@id\":\"https:\\\/\\\/phileo-lesaffre.com\\\/pt-br\\\/#website\",\"url\":\"https:\\\/\\\/phileo-lesaffre.com\\\/pt-br\\\/\",\"name\":\"Phileo by Lesaffre\",\"description\":\"Animal nutrition and health from yeast products\",\"publisher\":{\"@id\":\"https:\\\/\\\/phileo-lesaffre.com\\\/pt-br\\\/#organization\"},\"potentialAction\":[{\"@type\":\"SearchAction\",\"target\":{\"@type\":\"EntryPoint\",\"urlTemplate\":\"https:\\\/\\\/phileo-lesaffre.com\\\/pt-br\\\/?s={search_term_string}\"},\"query-input\":{\"@type\":\"PropertyValueSpecification\",\"valueRequired\":true,\"valueName\":\"search_term_string\"}}],\"inLanguage\":\"pt-BR\"},{\"@type\":\"Organization\",\"@id\":\"https:\\\/\\\/phileo-lesaffre.com\\\/pt-br\\\/#organization\",\"name\":\"Phileo by Lesaffre\",\"url\":\"https:\\\/\\\/phileo-lesaffre.com\\\/pt-br\\\/\",\"logo\":{\"@type\":\"ImageObject\",\"inLanguage\":\"pt-BR\",\"@id\":\"https:\\\/\\\/phileo-lesaffre.com\\\/pt-br\\\/#\\\/schema\\\/logo\\\/image\\\/\",\"url\":\"https:\\\/\\\/phileo-lesaffre.com\\\/wp-content\\\/uploads\\\/2019\\\/04\\\/logo-phileo-lesaffre-1.jpg\",\"contentUrl\":\"https:\\\/\\\/phileo-lesaffre.com\\\/wp-content\\\/uploads\\\/2019\\\/04\\\/logo-phileo-lesaffre-1.jpg\",\"width\":500,\"height\":250,\"caption\":\"Phileo by Lesaffre\"},\"image\":{\"@id\":\"https:\\\/\\\/phileo-lesaffre.com\\\/pt-br\\\/#\\\/schema\\\/logo\\\/image\\\/\"},\"sameAs\":[\"https:\\\/\\\/www.facebook.com\\\/phileo.lesaffre\\\/\",\"https:\\\/\\\/x.com\\\/PhileoLesaffre\",\"https:\\\/\\\/www.linkedin.com\\\/company\\\/phileo\\\/\"]}]}<\/script>\n<!-- \/ Yoast SEO Premium plugin. -->","yoast_head_json":{"title":"Modula\u00e7\u00e3o imune e titula\u00e7\u00f5es de anticorpos em aves de corte &#8226; Phileo by Lesaffre","robots":{"index":"index","follow":"follow","max-snippet":"max-snippet:-1","max-image-preview":"max-image-preview:large","max-video-preview":"max-video-preview:-1"},"canonical":"https:\/\/phileo-lesaffre.com\/pt-br\/aves-de-corte\/modulacao-imune-e-titulacoes-de-anticorpos-em-aves-de-corte\/","og_locale":"pt_BR","og_type":"article","og_title":"Modula\u00e7\u00e3o imune e titula\u00e7\u00f5es de anticorpos em aves de corte","og_description":"Modula\u00e7\u00e3o imune e titula\u00e7\u00f5es de anticorpos A preven\u00e7\u00e3o de doen\u00e7as exige uma abordagem global para compreendermos a contamina\u00e7\u00e3o por pat\u00f3genos e a","og_url":"https:\/\/phileo-lesaffre.com\/pt-br\/aves-de-corte\/modulacao-imune-e-titulacoes-de-anticorpos-em-aves-de-corte\/","og_site_name":"Phileo by Lesaffre","article_publisher":"https:\/\/www.facebook.com\/phileo.lesaffre\/","article_modified_time":"2020-12-16T10:18:57+00:00","twitter_card":"summary_large_image","twitter_site":"@PhileoLesaffre","schema":{"@context":"https:\/\/schema.org","@graph":[{"@type":"WebPage","@id":"https:\/\/phileo-lesaffre.com\/pt-br\/aves-de-corte\/modulacao-imune-e-titulacoes-de-anticorpos-em-aves-de-corte\/","url":"https:\/\/phileo-lesaffre.com\/pt-br\/aves-de-corte\/modulacao-imune-e-titulacoes-de-anticorpos-em-aves-de-corte\/","name":"Modula\u00e7\u00e3o imune e titula\u00e7\u00f5es de anticorpos em aves de corte &#8226; Phileo by Lesaffre","isPartOf":{"@id":"https:\/\/phileo-lesaffre.com\/pt-br\/#website"},"datePublished":"2020-11-18T07:15:58+00:00","dateModified":"2020-12-16T10:18:57+00:00","breadcrumb":{"@id":"https:\/\/phileo-lesaffre.com\/pt-br\/aves-de-corte\/modulacao-imune-e-titulacoes-de-anticorpos-em-aves-de-corte\/#breadcrumb"},"inLanguage":"pt-BR","potentialAction":[{"@type":"ReadAction","target":["https:\/\/phileo-lesaffre.com\/pt-br\/aves-de-corte\/modulacao-imune-e-titulacoes-de-anticorpos-em-aves-de-corte\/"]}]},{"@type":"BreadcrumbList","@id":"https:\/\/phileo-lesaffre.com\/pt-br\/aves-de-corte\/modulacao-imune-e-titulacoes-de-anticorpos-em-aves-de-corte\/#breadcrumb","itemListElement":[{"@type":"ListItem","position":1,"name":"Phileo by Lesaffre","item":"https:\/\/phileo-lesaffre.com\/pt-br\/"},{"@type":"ListItem","position":2,"name":"Aves de corte","item":"https:\/\/phileo-lesaffre.com\/pt-br\/aves-de-corte\/"},{"@type":"ListItem","position":3,"name":"Modula\u00e7\u00e3o imune e titula\u00e7\u00f5es de anticorpos em aves de corte"}]},{"@type":"WebSite","@id":"https:\/\/phileo-lesaffre.com\/pt-br\/#website","url":"https:\/\/phileo-lesaffre.com\/pt-br\/","name":"Phileo by Lesaffre","description":"Animal nutrition and health from yeast products","publisher":{"@id":"https:\/\/phileo-lesaffre.com\/pt-br\/#organization"},"potentialAction":[{"@type":"SearchAction","target":{"@type":"EntryPoint","urlTemplate":"https:\/\/phileo-lesaffre.com\/pt-br\/?s={search_term_string}"},"query-input":{"@type":"PropertyValueSpecification","valueRequired":true,"valueName":"search_term_string"}}],"inLanguage":"pt-BR"},{"@type":"Organization","@id":"https:\/\/phileo-lesaffre.com\/pt-br\/#organization","name":"Phileo by Lesaffre","url":"https:\/\/phileo-lesaffre.com\/pt-br\/","logo":{"@type":"ImageObject","inLanguage":"pt-BR","@id":"https:\/\/phileo-lesaffre.com\/pt-br\/#\/schema\/logo\/image\/","url":"https:\/\/phileo-lesaffre.com\/wp-content\/uploads\/2019\/04\/logo-phileo-lesaffre-1.jpg","contentUrl":"https:\/\/phileo-lesaffre.com\/wp-content\/uploads\/2019\/04\/logo-phileo-lesaffre-1.jpg","width":500,"height":250,"caption":"Phileo by Lesaffre"},"image":{"@id":"https:\/\/phileo-lesaffre.com\/pt-br\/#\/schema\/logo\/image\/"},"sameAs":["https:\/\/www.facebook.com\/phileo.lesaffre\/","https:\/\/x.com\/PhileoLesaffre","https:\/\/www.linkedin.com\/company\/phileo\/"]}]}},"_links":{"self":[{"href":"https:\/\/phileo-lesaffre.com\/pt-br\/wp-json\/wp\/v2\/pages\/402339","targetHints":{"allow":["GET"]}}],"collection":[{"href":"https:\/\/phileo-lesaffre.com\/pt-br\/wp-json\/wp\/v2\/pages"}],"about":[{"href":"https:\/\/phileo-lesaffre.com\/pt-br\/wp-json\/wp\/v2\/types\/page"}],"author":[{"embeddable":true,"href":"https:\/\/phileo-lesaffre.com\/pt-br\/wp-json\/wp\/v2\/users\/1"}],"replies":[{"embeddable":true,"href":"https:\/\/phileo-lesaffre.com\/pt-br\/wp-json\/wp\/v2\/comments?post=402339"}],"version-history":[{"count":0,"href":"https:\/\/phileo-lesaffre.com\/pt-br\/wp-json\/wp\/v2\/pages\/402339\/revisions"}],"up":[{"embeddable":true,"href":"https:\/\/phileo-lesaffre.com\/pt-br\/wp-json\/wp\/v2\/pages\/402118"}],"wp:attachment":[{"href":"https:\/\/phileo-lesaffre.com\/pt-br\/wp-json\/wp\/v2\/media?parent=402339"}],"curies":[{"name":"wp","href":"https:\/\/api.w.org\/{rel}","templated":true}]}}