{"id":402242,"date":"2020-11-18T08:11:28","date_gmt":"2020-11-18T07:11:28","guid":{"rendered":"http:\/\/phileo-lesaffre.com\/gado-de-corte\/saude-e-eficiencia-alimentar-do-rumen-em-gado-de-corte\/"},"modified":"2021-08-30T09:11:08","modified_gmt":"2021-08-30T07:11:08","slug":"saude-e-eficiencia-alimentar-do-rumen-em-gado-de-corte","status":"publish","type":"page","link":"https:\/\/phileo-lesaffre.com\/pt-br\/gado-de-corte\/saude-e-eficiencia-alimentar-do-rumen-em-gado-de-corte\/","title":{"rendered":"Sa\u00fade e efici\u00eancia alimentar do r\u00famen em gado de corte"},"content":{"rendered":"<div class=\"wpb-content-wrapper\"><p>[vc_row css_animation=&#8221;&#8221; row_type=&#8221;row&#8221; use_row_as_full_screen_section=&#8221;no&#8221; type=&#8221;full_width&#8221; angled_section=&#8221;no&#8221; text_align=&#8221;left&#8221; background_image_as_pattern=&#8221;without_pattern&#8221;][vc_column][qode_elements_holder number_of_columns=&#8221;two_columns&#8221;][qode_elements_holder_item vertical_alignment=&#8221;middle&#8221; horizontal_alignment=&#8221;left&#8221; advanced_animations=&#8221;no&#8221; item_padding=&#8221;5% 8% 5% 0%&#8221;][vc_column_text]<\/p>\n<h2 class=\"feed2\"><span style=\"color: #4d4d4c;\">Efici\u00eancia alimentar e sa\u00fade do r\u00famen<\/span><\/h2>\n<p>[\/vc_column_text][vc_single_image image=&#8221;398041&#8243; img_size=&#8221;65&#215;33&#8243; qode_css_animation=&#8221;&#8221; css=&#8221;.vc_custom_1590613047306{padding-top: 5% !important;padding-bottom: 5% !important;}&#8221;][vc_column_text css=&#8221;.vc_custom_1592494416695{padding-right: 8% !important;}&#8221;]O gado de corte \u00e9 desmamado e criado em pasto at\u00e9 chegar ao peso corporal suficiente para ser movido para o confinamento, para a termina\u00e7\u00e3o. Antes do confinamento, a dieta \u00e9 composta principalmente por pasto, com pouco ou nenhum concentrado. Ao chegar no confinamento, os bezerros precisam ser transicionados para uma dieta rica em concentrados, um processo que exige a adapta\u00e7\u00e3o de popula\u00e7\u00f5es bacterianas do r\u00famen. Considera-se que essa mudan\u00e7a leva um m\u00ednimo de 14 dias para obter o melhor equil\u00edbrio bacteriano ruminal e evitar doen\u00e7as ruminais, como acidose.<\/p>\n<p>&nbsp;<\/p>\n<p>Os \u00e1cidos org\u00e2nicos s\u00e3o metab\u00f3litos normais da fermenta\u00e7\u00e3o ruminal, onde as bact\u00e9rias do r\u00famen metabolizam carboidratos em \u00e1cidos org\u00e2nicos (AGV e lactato). Os \u00e1cidos graxos vol\u00e1teis (AGV) s\u00e3o usados pelos animais como fonte principal de energia. Devido ao objetivo da fase de confinamento ser terminar o gado em uma dieta rica em gr\u00e3os, ap\u00f3s seu regime anterior baseado em forragem, um per\u00edodo de transi\u00e7\u00e3o \u00e9 necess\u00e1rio para mudar o comportamento alimentar do animal. [\/vc_column_text][vc_single_image image=&#8221;400279&#8243; img_size=&#8221;120&#215;178&#8243; alignment=&#8221;right&#8221; qode_css_animation=&#8221;&#8221;][\/qode_elements_holder_item][qode_elements_holder_item cover=&#8221;yes&#8221; vertical_alignment=&#8221;middle&#8221; horizontal_alignment=&#8221;left&#8221; advanced_animations=&#8221;no&#8221; background_image=&#8221;396181&#8243;][\/qode_elements_holder_item][\/qode_elements_holder][\/vc_column][\/vc_row][vc_row css_animation=&#8221;&#8221; row_type=&#8221;row&#8221; use_row_as_full_screen_section=&#8221;no&#8221; type=&#8221;full_width&#8221; angled_section=&#8221;no&#8221; text_align=&#8221;left&#8221; background_image_as_pattern=&#8221;without_pattern&#8221; z_index=&#8221;&#8221;][vc_column][qode_elements_holder number_of_columns=&#8221;two_columns&#8221;][qode_elements_holder_item vertical_alignment=&#8221;middle&#8221; horizontal_alignment=&#8221;left&#8221; advanced_animations=&#8221;no&#8221; item_padding=&#8221;5% 2% 5% 10%&#8221; background_color=&#8221;#ad1a22&#8243;][vc_column_text]<\/p>\n<h2 class=\"feed4\"><span style=\"color: #ffffff;\">Mudan\u00e7as bacterianas<\/span><\/h2>\n<p>[\/vc_column_text][vc_single_image image=&#8221;397901&#8243; img_size=&#8221;50&#215;25&#8243; qode_css_animation=&#8221;&#8221; css=&#8221;.vc_custom_1592227932921{padding-top: 5% !important;padding-bottom: 5% !important;}&#8221;][vc_column_text css=&#8221;.vc_custom_1592494449864{padding-right: 10% !important;}&#8221;]<span style=\"color: #ffffff;\">Os micr\u00f3bios no r\u00famen do gado em uma dieta baseada em forragem s\u00e3o principalmente formados por aqueles que s\u00e3o mais eficientes na quebra das fibras da forragem. Os micr\u00f3bios no r\u00famen de gado alimentado com gr\u00e3os, por\u00e9m, s\u00e3o os mais adaptados na digest\u00e3o de amido e metaboliza\u00e7\u00e3o eficiente de \u00e1cido l\u00e1ctico. Um per\u00edodo m\u00e9dio de 4 semanas \u00e9 necess\u00e1rio para transi\u00e7\u00e3o bacteriana eficiente ao mudar de fibras para gr\u00e3os, para evitar a acidose ruminal.<\/span>[\/vc_column_text][\/qode_elements_holder_item][qode_elements_holder_item advanced_animations=&#8221;no&#8221;][vc_single_image image=&#8221;404818&#8243; img_size=&#8221;full&#8221; alignment=&#8221;center&#8221; onclick=&#8221;link_image&#8221; qode_css_animation=&#8221;&#8221; qode_hover_animation=&#8221;zoom_in&#8221;][\/qode_elements_holder_item][\/qode_elements_holder][\/vc_column][\/vc_row][vc_row css_animation=&#8221;&#8221; row_type=&#8221;row&#8221; use_row_as_full_screen_section=&#8221;no&#8221; type=&#8221;full_width&#8221; angled_section=&#8221;no&#8221; text_align=&#8221;left&#8221; background_image_as_pattern=&#8221;without_pattern&#8221; css=&#8221;.vc_custom_1592234497567{background-color: #ffffff !important;}&#8221; z_index=&#8221;&#8221;][vc_column][qode_elements_holder number_of_columns=&#8221;two_columns&#8221;][qode_elements_holder_item cover=&#8221;yes&#8221; advanced_animations=&#8221;no&#8221; background_image=&#8221;396207&#8243;][vc_separator type=&#8221;transparent&#8221; up=&#8221;200&#8243; down=&#8221;200&#8243;][\/qode_elements_holder_item][qode_elements_holder_item vertical_alignment=&#8221;middle&#8221; horizontal_alignment=&#8221;left&#8221; advanced_animations=&#8221;no&#8221; item_padding=&#8221;5% 10% 5% 5%&#8221; background_color=&#8221;#706f6f&#8221;][vc_column_text]<\/p>\n<h2 class=\"feed4\"><span style=\"color: #ffffff;\">Mudan\u00e7as comportamentais<\/span><\/h2>\n<p>[\/vc_column_text][vc_single_image image=&#8221;397901&#8243; img_size=&#8221;50&#215;25&#8243; qode_css_animation=&#8221;&#8221; css=&#8221;.vc_custom_1592232787710{padding-top: 5% !important;padding-bottom: 5% !important;}&#8221;][vc_column_text]<span style=\"color: #ffffff;\">O gado que consome uma dieta baseada em forragem se alimenta at\u00e9 o r\u00famen ficar fisicamente cheio. Alternativamente, o gado em uma dieta baseada em gr\u00e3os s\u00f3 deve consumir uma quantidade limitada por alimenta\u00e7\u00e3o, subsequentemente permitindo tempo para que os \u00e1cidos acumulados sejam absorvidos antes da pr\u00f3xima refei\u00e7\u00e3o.<\/span><\/p>\n<p>&nbsp;<\/p>\n<p><span style=\"color: #ffffff;\">Sem uma transi\u00e7\u00e3o adequada, permitindo que os micr\u00f3bios ruminais e o comportamento animal mudem gradualmente, o gado ter\u00e1 um ac\u00famulo excessivo de \u00e1cidos no r\u00famen, resultando em acidose subcl\u00ednica ou cl\u00ednica. O gado que sofre de acidose para de se alimentar at\u00e9 que a acidose seja aliviada. Animais com acidose subcl\u00ednica podem n\u00e3o exibir sinais visuais, mas geralmente se alimentam menos, com taxas de convers\u00e3o alimentar (TCA) reduzidas e menor ganho de peso corporal.<\/span>[\/vc_column_text][\/qode_elements_holder_item][\/qode_elements_holder][\/vc_column][\/vc_row][vc_row css_animation=&#8221;&#8221; row_type=&#8221;row&#8221; use_row_as_full_screen_section=&#8221;no&#8221; type=&#8221;full_width&#8221; angled_section=&#8221;no&#8221; text_align=&#8221;left&#8221; background_image_as_pattern=&#8221;without_pattern&#8221; z_index=&#8221;&#8221;][vc_column][qode_elements_holder number_of_columns=&#8221;two_columns&#8221;][qode_elements_holder_item vertical_alignment=&#8221;middle&#8221; horizontal_alignment=&#8221;left&#8221; advanced_animations=&#8221;no&#8221; item_padding=&#8221;5% 2% 5% 10%&#8221; background_color=&#8221;#ad1a22&#8243;][vc_column_text]<\/p>\n<h2 class=\"feed4\"><span style=\"color: #ffffff;\">Preven\u00e7\u00e3o da acidose ruminal<\/span><\/h2>\n<p>[\/vc_column_text][vc_single_image image=&#8221;397901&#8243; img_size=&#8221;50&#215;25&#8243; qode_css_animation=&#8221;&#8221; css=&#8221;.vc_custom_1592232787710{padding-top: 5% !important;padding-bottom: 5% !important;}&#8221;][vc_column_text]<span style=\"color: #ffffff;\">A suplementa\u00e7\u00e3o com o probi\u00f3tico de levedura Actisaf<sup>\u00ae<\/sup> promove a adapta\u00e7\u00e3o bacteriana do r\u00famen a dietas de alta energia, reduzindo o risco de acidose ruminal. A suplementa\u00e7\u00e3o com Actisaf<sup>\u00ae<\/sup> melhora a TCA e o ganho de peso di\u00e1rio durante a fase de adapta\u00e7\u00e3o. O efeito residual (&#8220;carry-over&#8221;) \u00e9 observado durante a termina\u00e7\u00e3o.<\/span><\/p>\n<p>&nbsp;<\/p>\n<p><span style=\"color: #ffffff;\">Dados de 1.036 bovinos em confinamento, suplementados com 5g de Actisaf\u00ae, 10g de Safmannan\u00ae por animal, por dia e 0,2mg Se \/ kg de IMS de Selsaf\u00ae por 30 dias durante o per\u00edodo de recebimento, mostram a capacidade do Actisaf\u00ae em melhorar as condi\u00e7\u00f5es ruminais e promover a fermenta\u00e7\u00e3o de bact\u00e9rias ruminais. O resultado final \u00e9 melhoria da efici\u00eancia alimentar e maior ganho de peso, n\u00e3o apenas durante o per\u00edodo de recebimento, mas tamb\u00e9m durante todo o per\u00edodo final.\u201d<\/span>[\/vc_column_text][\/qode_elements_holder_item][qode_elements_holder_item advanced_animations=&#8221;no&#8221;][vc_single_image image=&#8221;404822&#8243; img_size=&#8221;full&#8221; onclick=&#8221;link_image&#8221; qode_css_animation=&#8221;&#8221; qode_hover_animation=&#8221;zoom_in&#8221;][\/qode_elements_holder_item][\/qode_elements_holder][\/vc_column][\/vc_row][vc_row css_animation=&#8221;&#8221; row_type=&#8221;row&#8221; use_row_as_full_screen_section=&#8221;yes&#8221; type=&#8221;full_width&#8221; angled_section=&#8221;no&#8221; text_align=&#8221;left&#8221; background_image_as_pattern=&#8221;without_pattern&#8221; z_index=&#8221;&#8221;][vc_column][vc_separator type=&#8221;transparent&#8221; up=&#8221;10&#8243; down=&#8221;10&#8243;][vc_column_text css=&#8221;.vc_custom_1593404540291{padding-top: 2% !important;padding-bottom: 2% !important;}&#8221;]<\/p>\n<h2 class=\"feed3\"><span style=\"color: #4d4d4c;\">Saiba mais sobre manejo de gado de corte<\/span><\/h2>\n<p>[\/vc_column_text][vc_separator type=&#8221;transparent&#8221; up=&#8221;5&#8243; down=&#8221;5&#8243;][\/vc_column][vc_column width=&#8221;1\/4&#8243;][vc_single_image image=&#8221;403570&#8243; img_size=&#8221;full&#8221; alignment=&#8221;center&#8221; onclick=&#8221;custom_link&#8221; qode_css_animation=&#8221;&#8221; qode_hover_animation=&#8221;zoom_in&#8221; css=&#8221;.vc_custom_1607499819244{padding-top: 5% !important;padding-bottom: 5% !important;}&#8221; link=&#8221;\/pt-br\/gado-de-corte\/estresse-e-imunidade-na-carne\/&#8221;][\/vc_column][vc_column width=&#8221;1\/4&#8243;][vc_single_image image=&#8221;403578&#8243; img_size=&#8221;full&#8221; alignment=&#8221;center&#8221; onclick=&#8221;custom_link&#8221; qode_css_animation=&#8221;&#8221; qode_hover_animation=&#8221;zoom_in&#8221; css=&#8221;.vc_custom_1607499848154{padding-top: 5% !important;padding-bottom: 5% !important;}&#8221; link=&#8221;\/pt-br\/gado-de-corte\/gado-de-corte-para-qualidade-da-carne\/&#8221;][\/vc_column][vc_column width=&#8221;1\/4&#8243;][vc_single_image image=&#8221;403574&#8243; img_size=&#8221;full&#8221; alignment=&#8221;center&#8221; onclick=&#8221;custom_link&#8221; qode_css_animation=&#8221;&#8221; qode_hover_animation=&#8221;zoom_in&#8221; css=&#8221;.vc_custom_1607499909396{padding-top: 5% !important;padding-bottom: 5% !important;}&#8221; link=&#8221;\/pt-br\/gado-de-corte\/otimizacao-do-ganho-de-peso-e-tca-em-gado-de-corte\/&#8221;][\/vc_column][vc_column width=&#8221;1\/4&#8243;][\/vc_column][\/vc_row]<\/p>\n<\/div>","protected":false},"excerpt":{"rendered":"<p>[vc_row css_animation=&#8221;&#8221; row_type=&#8221;row&#8221; use_row_as_full_screen_section=&#8221;no&#8221; type=&#8221;full_width&#8221; angled_section=&#8221;no&#8221; text_align=&#8221;left&#8221; background_image_as_pattern=&#8221;without_pattern&#8221;][vc_column][qode_elements_holder number_of_columns=&#8221;two_columns&#8221;][qode_elements_holder_item vertical_alignment=&#8221;middle&#8221; horizontal_alignment=&#8221;left&#8221; advanced_animations=&#8221;no&#8221; item_padding=&#8221;5% 8% 5% 0%&#8221;][vc_column_text] Efici\u00eancia alimentar e sa\u00fade do r\u00famen [\/vc_column_text][vc_single_image image=&#8221;398041&#8243; img_size=&#8221;65&#215;33&#8243; qode_css_animation=&#8221;&#8221; css=&#8221;.vc_custom_1590613047306{padding-top: 5% !important;padding-bottom: 5% !important;}&#8221;][vc_column_text css=&#8221;.vc_custom_1592494416695{padding-right: 8% !important;}&#8221;]O gado de corte \u00e9 desmamado e criado em pasto at\u00e9 chegar&#8230;<\/p>\n","protected":false},"author":1,"featured_media":0,"parent":402139,"menu_order":0,"comment_status":"closed","ping_status":"closed","template":"full_width.php","meta":{"footnotes":""},"class_list":["post-402242","page","type-page","status-publish","hentry"],"yoast_head":"<!-- This site is optimized with the Yoast SEO Premium plugin v25.9 (Yoast SEO v27.4) - https:\/\/yoast.com\/product\/yoast-seo-premium-wordpress\/ -->\n<title>Sa\u00fade e efici\u00eancia alimentar do r\u00famen em gado de corte &#8226; Phileo by Lesaffre<\/title>\n<meta name=\"robots\" content=\"index, follow, max-snippet:-1, max-image-preview:large, max-video-preview:-1\" \/>\n<link rel=\"canonical\" href=\"https:\/\/phileo-lesaffre.com\/pt-br\/gado-de-corte\/saude-e-eficiencia-alimentar-do-rumen-em-gado-de-corte\/\" \/>\n<meta property=\"og:locale\" content=\"pt_BR\" \/>\n<meta property=\"og:type\" content=\"article\" \/>\n<meta property=\"og:title\" content=\"Sa\u00fade e efici\u00eancia alimentar do r\u00famen em gado de corte\" \/>\n<meta property=\"og:description\" content=\"Efici\u00eancia alimentar e sa\u00fade do r\u00famen O gado de corte \u00e9 desmamado e criado em pasto at\u00e9 chegar ao peso corporal suficiente para ser movido para o\" \/>\n<meta property=\"og:url\" content=\"https:\/\/phileo-lesaffre.com\/pt-br\/gado-de-corte\/saude-e-eficiencia-alimentar-do-rumen-em-gado-de-corte\/\" \/>\n<meta property=\"og:site_name\" content=\"Phileo by Lesaffre\" \/>\n<meta property=\"article:publisher\" content=\"https:\/\/www.facebook.com\/phileo.lesaffre\/\" \/>\n<meta property=\"article:modified_time\" content=\"2021-08-30T07:11:08+00:00\" \/>\n<meta name=\"twitter:card\" content=\"summary_large_image\" \/>\n<meta name=\"twitter:site\" content=\"@PhileoLesaffre\" \/>\n<script type=\"application\/ld+json\" class=\"yoast-schema-graph\">{\"@context\":\"https:\\\/\\\/schema.org\",\"@graph\":[{\"@type\":\"WebPage\",\"@id\":\"https:\\\/\\\/phileo-lesaffre.com\\\/pt-br\\\/gado-de-corte\\\/saude-e-eficiencia-alimentar-do-rumen-em-gado-de-corte\\\/\",\"url\":\"https:\\\/\\\/phileo-lesaffre.com\\\/pt-br\\\/gado-de-corte\\\/saude-e-eficiencia-alimentar-do-rumen-em-gado-de-corte\\\/\",\"name\":\"Sa\u00fade e efici\u00eancia alimentar do r\u00famen em gado de corte &#8226; Phileo by Lesaffre\",\"isPartOf\":{\"@id\":\"https:\\\/\\\/phileo-lesaffre.com\\\/pt-br\\\/#website\"},\"datePublished\":\"2020-11-18T07:11:28+00:00\",\"dateModified\":\"2021-08-30T07:11:08+00:00\",\"breadcrumb\":{\"@id\":\"https:\\\/\\\/phileo-lesaffre.com\\\/pt-br\\\/gado-de-corte\\\/saude-e-eficiencia-alimentar-do-rumen-em-gado-de-corte\\\/#breadcrumb\"},\"inLanguage\":\"pt-BR\",\"potentialAction\":[{\"@type\":\"ReadAction\",\"target\":[\"https:\\\/\\\/phileo-lesaffre.com\\\/pt-br\\\/gado-de-corte\\\/saude-e-eficiencia-alimentar-do-rumen-em-gado-de-corte\\\/\"]}]},{\"@type\":\"BreadcrumbList\",\"@id\":\"https:\\\/\\\/phileo-lesaffre.com\\\/pt-br\\\/gado-de-corte\\\/saude-e-eficiencia-alimentar-do-rumen-em-gado-de-corte\\\/#breadcrumb\",\"itemListElement\":[{\"@type\":\"ListItem\",\"position\":1,\"name\":\"Phileo by Lesaffre\",\"item\":\"https:\\\/\\\/phileo-lesaffre.com\\\/pt-br\\\/\"},{\"@type\":\"ListItem\",\"position\":2,\"name\":\"Gado de corte\",\"item\":\"https:\\\/\\\/phileo-lesaffre.com\\\/pt-br\\\/gado-de-corte\\\/\"},{\"@type\":\"ListItem\",\"position\":3,\"name\":\"Sa\u00fade e efici\u00eancia alimentar do r\u00famen em gado de corte\"}]},{\"@type\":\"WebSite\",\"@id\":\"https:\\\/\\\/phileo-lesaffre.com\\\/pt-br\\\/#website\",\"url\":\"https:\\\/\\\/phileo-lesaffre.com\\\/pt-br\\\/\",\"name\":\"Phileo by Lesaffre\",\"description\":\"Animal nutrition and health from yeast products\",\"publisher\":{\"@id\":\"https:\\\/\\\/phileo-lesaffre.com\\\/pt-br\\\/#organization\"},\"potentialAction\":[{\"@type\":\"SearchAction\",\"target\":{\"@type\":\"EntryPoint\",\"urlTemplate\":\"https:\\\/\\\/phileo-lesaffre.com\\\/pt-br\\\/?s={search_term_string}\"},\"query-input\":{\"@type\":\"PropertyValueSpecification\",\"valueRequired\":true,\"valueName\":\"search_term_string\"}}],\"inLanguage\":\"pt-BR\"},{\"@type\":\"Organization\",\"@id\":\"https:\\\/\\\/phileo-lesaffre.com\\\/pt-br\\\/#organization\",\"name\":\"Phileo by Lesaffre\",\"url\":\"https:\\\/\\\/phileo-lesaffre.com\\\/pt-br\\\/\",\"logo\":{\"@type\":\"ImageObject\",\"inLanguage\":\"pt-BR\",\"@id\":\"https:\\\/\\\/phileo-lesaffre.com\\\/pt-br\\\/#\\\/schema\\\/logo\\\/image\\\/\",\"url\":\"https:\\\/\\\/phileo-lesaffre.com\\\/wp-content\\\/uploads\\\/2019\\\/04\\\/logo-phileo-lesaffre-1.jpg\",\"contentUrl\":\"https:\\\/\\\/phileo-lesaffre.com\\\/wp-content\\\/uploads\\\/2019\\\/04\\\/logo-phileo-lesaffre-1.jpg\",\"width\":500,\"height\":250,\"caption\":\"Phileo by Lesaffre\"},\"image\":{\"@id\":\"https:\\\/\\\/phileo-lesaffre.com\\\/pt-br\\\/#\\\/schema\\\/logo\\\/image\\\/\"},\"sameAs\":[\"https:\\\/\\\/www.facebook.com\\\/phileo.lesaffre\\\/\",\"https:\\\/\\\/x.com\\\/PhileoLesaffre\",\"https:\\\/\\\/www.linkedin.com\\\/company\\\/phileo\\\/\"]}]}<\/script>\n<!-- \/ Yoast SEO Premium plugin. -->","yoast_head_json":{"title":"Sa\u00fade e efici\u00eancia alimentar do r\u00famen em gado de corte &#8226; Phileo by Lesaffre","robots":{"index":"index","follow":"follow","max-snippet":"max-snippet:-1","max-image-preview":"max-image-preview:large","max-video-preview":"max-video-preview:-1"},"canonical":"https:\/\/phileo-lesaffre.com\/pt-br\/gado-de-corte\/saude-e-eficiencia-alimentar-do-rumen-em-gado-de-corte\/","og_locale":"pt_BR","og_type":"article","og_title":"Sa\u00fade e efici\u00eancia alimentar do r\u00famen em gado de corte","og_description":"Efici\u00eancia alimentar e sa\u00fade do r\u00famen O gado de corte \u00e9 desmamado e criado em pasto at\u00e9 chegar ao peso corporal suficiente para ser movido para o","og_url":"https:\/\/phileo-lesaffre.com\/pt-br\/gado-de-corte\/saude-e-eficiencia-alimentar-do-rumen-em-gado-de-corte\/","og_site_name":"Phileo by Lesaffre","article_publisher":"https:\/\/www.facebook.com\/phileo.lesaffre\/","article_modified_time":"2021-08-30T07:11:08+00:00","twitter_card":"summary_large_image","twitter_site":"@PhileoLesaffre","schema":{"@context":"https:\/\/schema.org","@graph":[{"@type":"WebPage","@id":"https:\/\/phileo-lesaffre.com\/pt-br\/gado-de-corte\/saude-e-eficiencia-alimentar-do-rumen-em-gado-de-corte\/","url":"https:\/\/phileo-lesaffre.com\/pt-br\/gado-de-corte\/saude-e-eficiencia-alimentar-do-rumen-em-gado-de-corte\/","name":"Sa\u00fade e efici\u00eancia alimentar do r\u00famen em gado de corte &#8226; Phileo by Lesaffre","isPartOf":{"@id":"https:\/\/phileo-lesaffre.com\/pt-br\/#website"},"datePublished":"2020-11-18T07:11:28+00:00","dateModified":"2021-08-30T07:11:08+00:00","breadcrumb":{"@id":"https:\/\/phileo-lesaffre.com\/pt-br\/gado-de-corte\/saude-e-eficiencia-alimentar-do-rumen-em-gado-de-corte\/#breadcrumb"},"inLanguage":"pt-BR","potentialAction":[{"@type":"ReadAction","target":["https:\/\/phileo-lesaffre.com\/pt-br\/gado-de-corte\/saude-e-eficiencia-alimentar-do-rumen-em-gado-de-corte\/"]}]},{"@type":"BreadcrumbList","@id":"https:\/\/phileo-lesaffre.com\/pt-br\/gado-de-corte\/saude-e-eficiencia-alimentar-do-rumen-em-gado-de-corte\/#breadcrumb","itemListElement":[{"@type":"ListItem","position":1,"name":"Phileo by Lesaffre","item":"https:\/\/phileo-lesaffre.com\/pt-br\/"},{"@type":"ListItem","position":2,"name":"Gado de corte","item":"https:\/\/phileo-lesaffre.com\/pt-br\/gado-de-corte\/"},{"@type":"ListItem","position":3,"name":"Sa\u00fade e efici\u00eancia alimentar do r\u00famen em gado de corte"}]},{"@type":"WebSite","@id":"https:\/\/phileo-lesaffre.com\/pt-br\/#website","url":"https:\/\/phileo-lesaffre.com\/pt-br\/","name":"Phileo by Lesaffre","description":"Animal nutrition and health from yeast products","publisher":{"@id":"https:\/\/phileo-lesaffre.com\/pt-br\/#organization"},"potentialAction":[{"@type":"SearchAction","target":{"@type":"EntryPoint","urlTemplate":"https:\/\/phileo-lesaffre.com\/pt-br\/?s={search_term_string}"},"query-input":{"@type":"PropertyValueSpecification","valueRequired":true,"valueName":"search_term_string"}}],"inLanguage":"pt-BR"},{"@type":"Organization","@id":"https:\/\/phileo-lesaffre.com\/pt-br\/#organization","name":"Phileo by Lesaffre","url":"https:\/\/phileo-lesaffre.com\/pt-br\/","logo":{"@type":"ImageObject","inLanguage":"pt-BR","@id":"https:\/\/phileo-lesaffre.com\/pt-br\/#\/schema\/logo\/image\/","url":"https:\/\/phileo-lesaffre.com\/wp-content\/uploads\/2019\/04\/logo-phileo-lesaffre-1.jpg","contentUrl":"https:\/\/phileo-lesaffre.com\/wp-content\/uploads\/2019\/04\/logo-phileo-lesaffre-1.jpg","width":500,"height":250,"caption":"Phileo by Lesaffre"},"image":{"@id":"https:\/\/phileo-lesaffre.com\/pt-br\/#\/schema\/logo\/image\/"},"sameAs":["https:\/\/www.facebook.com\/phileo.lesaffre\/","https:\/\/x.com\/PhileoLesaffre","https:\/\/www.linkedin.com\/company\/phileo\/"]}]}},"_links":{"self":[{"href":"https:\/\/phileo-lesaffre.com\/pt-br\/wp-json\/wp\/v2\/pages\/402242","targetHints":{"allow":["GET"]}}],"collection":[{"href":"https:\/\/phileo-lesaffre.com\/pt-br\/wp-json\/wp\/v2\/pages"}],"about":[{"href":"https:\/\/phileo-lesaffre.com\/pt-br\/wp-json\/wp\/v2\/types\/page"}],"author":[{"embeddable":true,"href":"https:\/\/phileo-lesaffre.com\/pt-br\/wp-json\/wp\/v2\/users\/1"}],"replies":[{"embeddable":true,"href":"https:\/\/phileo-lesaffre.com\/pt-br\/wp-json\/wp\/v2\/comments?post=402242"}],"version-history":[{"count":0,"href":"https:\/\/phileo-lesaffre.com\/pt-br\/wp-json\/wp\/v2\/pages\/402242\/revisions"}],"up":[{"embeddable":true,"href":"https:\/\/phileo-lesaffre.com\/pt-br\/wp-json\/wp\/v2\/pages\/402139"}],"wp:attachment":[{"href":"https:\/\/phileo-lesaffre.com\/pt-br\/wp-json\/wp\/v2\/media?parent=402242"}],"curies":[{"name":"wp","href":"https:\/\/api.w.org\/{rel}","templated":true}]}}