{"id":402234,"date":"2020-11-18T08:11:08","date_gmt":"2020-11-18T07:11:08","guid":{"rendered":"http:\/\/phileo-lesaffre.com\/poedeiras\/desempenho-de-postura-das-poedeiras\/"},"modified":"2020-12-16T11:48:01","modified_gmt":"2020-12-16T10:48:01","slug":"desempenho-de-postura-das-poedeiras","status":"publish","type":"page","link":"https:\/\/phileo-lesaffre.com\/pt-br\/poedeiras\/desempenho-de-postura-das-poedeiras\/","title":{"rendered":"Desempenho de postura das poedeiras"},"content":{"rendered":"<div class=\"wpb-content-wrapper\"><p>[vc_row css_animation=&#8221;&#8221; row_type=&#8221;row&#8221; use_row_as_full_screen_section=&#8221;no&#8221; type=&#8221;full_width&#8221; angled_section=&#8221;no&#8221; text_align=&#8221;left&#8221; background_image_as_pattern=&#8221;without_pattern&#8221;][vc_column][qode_elements_holder number_of_columns=&#8221;two_columns&#8221; custom_class=&#8221;tete&#8221;][qode_elements_holder_item vertical_alignment=&#8221;middle&#8221; horizontal_alignment=&#8221;left&#8221; advanced_animations=&#8221;no&#8221; item_padding=&#8221;5% 8% 5% 0%&#8221;][vc_column_text]<\/p>\n<h2 class=\"feed2\"><span style=\"color: #4d4d4c;\">Desempenhos de postura<\/span><\/h2>\n<p>[\/vc_column_text][vc_single_image image=&#8221;398041&#8243; img_size=&#8221;65&#215;33&#8243; qode_css_animation=&#8221;&#8221; css=&#8221;.vc_custom_1590613047306{padding-top: 5% !important;padding-bottom: 5% !important;}&#8221;][vc_column_text css=&#8221;.vc_custom_1592482606353{padding-right: 8% !important;}&#8221;]O objetivo na produ\u00e7\u00e3o de poedeiras \u00e9 produzir 500 ovos por galinha at\u00e9 as 100 semanas de idade. Isso cria um estresse constante para as aves devido \u00e0 passagem de prote\u00edna, gordura e energia em seus ovos, resultando em inflama\u00e7\u00e3o fisiol\u00f3gica cr\u00f4nica. Algumas bact\u00e9rias, como <em>E.coli<\/em>, podem se beneficiar desta situa\u00e7\u00e3o intestinal, crescendo e afetando a sa\u00fade intestinal. Como 70% da capacidade do sistema imunol\u00f3gico das aves est\u00e1 concentrada no intestino, as menores enterites podem afetar a produ\u00e7\u00e3o de ovos e deixar as aves mais sens\u00edveis a doen\u00e7as. Manter a boa sa\u00fade intestinal \u00e9 importante para transformar ra\u00e7\u00e3o em ovos e proteger as margens dos produtores.<\/p>\n<p>&nbsp;<\/p>\n<p>Fornecer Safmannan<sup>\u00ae<\/sup> e Selsaf<sup>\u00ae<\/sup> a aves de alto desempenho mostrou reduzir os efeitos do estresse da produ\u00e7\u00e3o e manter uma boa sa\u00fade intestinal.[\/vc_column_text][vc_single_image image=&#8221;400287&#8243; img_size=&#8221;120&#215;178&#8243; alignment=&#8221;right&#8221; qode_css_animation=&#8221;&#8221;][\/qode_elements_holder_item][qode_elements_holder_item cover=&#8221;yes&#8221; vertical_alignment=&#8221;middle&#8221; horizontal_alignment=&#8221;left&#8221; advanced_animations=&#8221;no&#8221; background_image=&#8221;1344&#8243;][\/qode_elements_holder_item][\/qode_elements_holder][\/vc_column][\/vc_row][vc_row css_animation=&#8221;&#8221; row_type=&#8221;row&#8221; use_row_as_full_screen_section=&#8221;no&#8221; type=&#8221;full_width&#8221; angled_section=&#8221;no&#8221; text_align=&#8221;left&#8221; background_image_as_pattern=&#8221;without_pattern&#8221; z_index=&#8221;&#8221;][vc_column][qode_elements_holder number_of_columns=&#8221;two_columns&#8221;][qode_elements_holder_item vertical_alignment=&#8221;middle&#8221; horizontal_alignment=&#8221;left&#8221; advanced_animations=&#8221;no&#8221; item_padding=&#8221;5% 2% 5% 10%&#8221; background_color=&#8221;#e58734&#8243;][vc_column_text]<\/p>\n<h2 class=\"feed4\"><span style=\"color: #ffffff;\">O Safmannan<sup>\u00ae<\/sup> pode ajudar a melhorar a produ\u00e7\u00e3o de ovos<\/span><\/h2>\n<p>[\/vc_column_text][vc_single_image image=&#8221;397901&#8243; img_size=&#8221;50&#215;25&#8243; qode_css_animation=&#8221;&#8221; css=&#8221;.vc_custom_1592227932921{padding-top: 5% !important;padding-bottom: 5% !important;}&#8221;][vc_column_text css=&#8221;.vc_custom_1592482727732{padding-right: 10% !important;}&#8221;]<span style=\"color: #ffffff;\">Um estudo pelo IRTA na Espanha apresentou galinhas (225 Hy-Line) de 54 semanas de idade, colocadas em gaiolas por 24 semanas. As galinhas foram alimentadas com uma dieta de milho e soja. A alimenta\u00e7\u00e3o de metade das gaiolas incluiu uma suplementa\u00e7\u00e3o com Safmannan<sup>\u00ae<\/sup> a 250\u00a0g\/ton. As aves foram desafiadas com <em>Salmonella <\/em>Enteritidis para avaliar a habilidade do Safmannan<sup>\u00ae<\/sup> de ajudar a prevenir o efeito do desafio com <em>Salmonella <\/em>.<\/span><\/p>\n<p>&nbsp;<\/p>\n<p><span style=\"color: #ffffff;\">A produ\u00e7\u00e3o de ovos (massa de ovos) foi numericamente maior no grupo do Safmannan<sup>\u00ae<\/sup>, enquanto as taxas de convers\u00e3o alimentar foram reduzidas.<\/span>[\/vc_column_text][\/qode_elements_holder_item][qode_elements_holder_item advanced_animations=&#8221;no&#8221;][vc_single_image image=&#8221;405096&#8243; img_size=&#8221;full&#8221; alignment=&#8221;center&#8221; onclick=&#8221;link_image&#8221; qode_css_animation=&#8221;&#8221; qode_hover_animation=&#8221;zoom_in&#8221;][\/qode_elements_holder_item][\/qode_elements_holder][\/vc_column][\/vc_row][vc_row css_animation=&#8221;&#8221; row_type=&#8221;row&#8221; use_row_as_full_screen_section=&#8221;no&#8221; type=&#8221;full_width&#8221; angled_section=&#8221;no&#8221; text_align=&#8221;left&#8221; background_image_as_pattern=&#8221;without_pattern&#8221; css=&#8221;.vc_custom_1592234497567{background-color: #ffffff !important;}&#8221; z_index=&#8221;&#8221;][vc_column][qode_elements_holder number_of_columns=&#8221;two_columns&#8221;][qode_elements_holder_item advanced_animations=&#8221;no&#8221;][vc_single_image image=&#8221;405100&#8243; img_size=&#8221;full&#8221; alignment=&#8221;center&#8221; onclick=&#8221;link_image&#8221; qode_css_animation=&#8221;&#8221; qode_hover_animation=&#8221;zoom_in&#8221;][\/qode_elements_holder_item][qode_elements_holder_item vertical_alignment=&#8221;middle&#8221; horizontal_alignment=&#8221;left&#8221; advanced_animations=&#8221;no&#8221; item_padding=&#8221;5% 10% 5% 5%&#8221; background_color=&#8221;#706f6f&#8221;][vc_column_text]<\/p>\n<h2 class=\"feed4\"><span style=\"color: #ffffff;\">Selsaf<sup>\u00ae<\/sup> para melhorar a produ\u00e7\u00e3o de ovos<\/span><\/h2>\n<p>[\/vc_column_text][vc_single_image image=&#8221;397901&#8243; img_size=&#8221;50&#215;25&#8243; qode_css_animation=&#8221;&#8221; css=&#8221;.vc_custom_1592232787710{padding-top: 5% !important;padding-bottom: 5% !important;}&#8221;][vc_column_text]<span style=\"color: #ffffff;\">Um estudo em 2011 na Rep\u00fablica Checa, com 1.050 poedeiras (Hubbard JA57) e 112 reprodutores machos (M77), suplementou ambos com Selsaf<sup>\u00ae<\/sup> ou selenito de s\u00f3dio (controle). Ambos os grupos, de 23-62 semanas de idade, receberam 0,3 ppm de sel\u00eanio em sua ra\u00e7\u00e3o. Os par\u00e2metros foram medidos em per\u00edodos de 4 semanas.<\/span><\/p>\n<p>&nbsp;<\/p>\n<p><span style=\"color: #ffffff;\">A suplementa\u00e7\u00e3o com Selsaf<sup>\u00ae<\/sup> resultou em uma produ\u00e7\u00e3o de ovos numericamente maior por galinha, com cerca de 7 ovos a mais por galinha no grupo do sel\u00eanio inorg\u00e2nico. O Selsaf<sup>\u00ae<\/sup> tamb\u00e9m melhorou as taxas de fertiliza\u00e7\u00e3o e aumentou o n\u00famero de pintinhos por galinha. Mais 12 pintinhos por galinha foram registrados no grupo do Selsaf<sup>\u00ae<\/sup>, comparado com o grupo de sel\u00eanio inorg\u00e2nico.<\/span>[\/vc_column_text][\/qode_elements_holder_item][\/qode_elements_holder][\/vc_column][\/vc_row][vc_row css_animation=&#8221;&#8221; row_type=&#8221;row&#8221; use_row_as_full_screen_section=&#8221;no&#8221; type=&#8221;full_width&#8221; angled_section=&#8221;no&#8221; text_align=&#8221;left&#8221; background_image_as_pattern=&#8221;without_pattern&#8221; z_index=&#8221;&#8221;][vc_column][qode_elements_holder number_of_columns=&#8221;two_columns&#8221;][qode_elements_holder_item vertical_alignment=&#8221;middle&#8221; horizontal_alignment=&#8221;left&#8221; advanced_animations=&#8221;no&#8221; item_padding=&#8221;5% 2% 5% 10%&#8221; background_color=&#8221;#e58734&#8243;][vc_column_text]<\/p>\n<h2 class=\"feed4\"><span style=\"color: #ffffff;\">Selsaf<sup>\u00ae<\/sup> para melhorar o estado de sa\u00fade e desempenho das poedeiras<\/span><\/h2>\n<p>[\/vc_column_text][vc_single_image image=&#8221;397901&#8243; img_size=&#8221;50&#215;25&#8243; qode_css_animation=&#8221;&#8221; css=&#8221;.vc_custom_1592232787710{padding-top: 5% !important;padding-bottom: 5% !important;}&#8221;][vc_column_text]<span style=\"color: #ffffff;\">Um segundo estudo na Rep\u00fablica Checa, realizado em 2015, utilizou 1.260 poedeiras (Bovans Brown) suplementadas com Selsaf<sup>\u00ae<\/sup> ou uma forma sint\u00e9tica de selenometionina (Syn-SeMET) ou selenito de s\u00f3dio (SS). Todas as galinhas receberam 0,2 ppm de sel\u00eanio com a ra\u00e7\u00e3o a partir de 20-52 semanas de idade. Os par\u00e2metros foram medidos em per\u00edodos de 4 semanas.<\/span><\/p>\n<p>&nbsp;<\/p>\n<p><span style=\"color: #ffffff;\">A administra\u00e7\u00e3o de Selsaf<sup>\u00ae<\/sup> no estudo com as poedeiras melhorou seu estado de sa\u00fade, ajudando a melhorar a intensidade da postura, taxa de convers\u00e3o alimentar e taxa de sobreviv\u00eancia, comparado a outras fontes de sel\u00eanio, como sel\u00eanio inorg\u00e2nico e selenometionina sint\u00e9tica. <\/span>[\/vc_column_text][\/qode_elements_holder_item][qode_elements_holder_item advanced_animations=&#8221;no&#8221;][vc_single_image image=&#8221;405104&#8243; img_size=&#8221;full&#8221; onclick=&#8221;link_image&#8221; qode_css_animation=&#8221;&#8221; qode_hover_animation=&#8221;zoom_in&#8221;][\/qode_elements_holder_item][\/qode_elements_holder][\/vc_column][\/vc_row][vc_row css_animation=&#8221;&#8221; row_type=&#8221;row&#8221; use_row_as_full_screen_section=&#8221;yes&#8221; type=&#8221;full_width&#8221; angled_section=&#8221;no&#8221; text_align=&#8221;left&#8221; background_image_as_pattern=&#8221;without_pattern&#8221; z_index=&#8221;&#8221;][vc_column][vc_separator type=&#8221;transparent&#8221; up=&#8221;10&#8243; down=&#8221;10&#8243;][vc_column_text css=&#8221;.vc_custom_1593403421530{padding-top: 2% !important;padding-bottom: 2% !important;}&#8221;]<\/p>\n<h2 class=\"feed3\"><span style=\"color: #4d4d4c;\">Saiba mais sobre manejo de poedeiras<\/span><\/h2>\n<p>[\/vc_column_text][vc_separator type=&#8221;transparent&#8221; up=&#8221;5&#8243; down=&#8221;5&#8243;][\/vc_column][vc_column width=&#8221;1\/4&#8243;][vc_single_image image=&#8221;403685&#8243; img_size=&#8221;full&#8221; alignment=&#8221;center&#8221; onclick=&#8221;custom_link&#8221; qode_css_animation=&#8221;&#8221; qode_hover_animation=&#8221;zoom_in&#8221; css=&#8221;.vc_custom_1607519311040{padding-top: 5% !important;padding-bottom: 5% !important;}&#8221; link=&#8221;\/pt-br\/poedeiras\/controle-de-salmonela-em-poedeiras\/&#8221;][\/vc_column][vc_column width=&#8221;1\/4&#8243;][vc_single_image image=&#8221;403697&#8243; img_size=&#8221;full&#8221; alignment=&#8221;center&#8221; onclick=&#8221;custom_link&#8221; qode_css_animation=&#8221;&#8221; qode_hover_animation=&#8221;zoom_in&#8221; css=&#8221;.vc_custom_1607519336926{padding-top: 5% !important;padding-bottom: 5% !important;}&#8221; link=&#8221;\/pt-br\/poedeiras\/modulacao-imune-das-poedeiras\/&#8221;][\/vc_column][vc_column width=&#8221;1\/4&#8243;][vc_single_image image=&#8221;403693&#8243; img_size=&#8221;full&#8221; alignment=&#8221;center&#8221; onclick=&#8221;custom_link&#8221; qode_css_animation=&#8221;&#8221; qode_hover_animation=&#8221;zoom_in&#8221; css=&#8221;.vc_custom_1607519356952{padding-top: 5% !important;padding-bottom: 5% !important;}&#8221; link=&#8221;\/pt-br\/poedeiras\/modulacao-da-microbiota-na-saude-intestinal-de-poedeiras\/&#8221;][\/vc_column][vc_column width=&#8221;1\/4&#8243;][\/vc_column][\/vc_row]<\/p>\n<\/div>","protected":false},"excerpt":{"rendered":"<p>[vc_row css_animation=&#8221;&#8221; row_type=&#8221;row&#8221; use_row_as_full_screen_section=&#8221;no&#8221; type=&#8221;full_width&#8221; angled_section=&#8221;no&#8221; text_align=&#8221;left&#8221; background_image_as_pattern=&#8221;without_pattern&#8221;][vc_column][qode_elements_holder number_of_columns=&#8221;two_columns&#8221; custom_class=&#8221;tete&#8221;][qode_elements_holder_item vertical_alignment=&#8221;middle&#8221; horizontal_alignment=&#8221;left&#8221; advanced_animations=&#8221;no&#8221; item_padding=&#8221;5% 8% 5% 0%&#8221;][vc_column_text] Desempenhos de postura [\/vc_column_text][vc_single_image image=&#8221;398041&#8243; img_size=&#8221;65&#215;33&#8243; qode_css_animation=&#8221;&#8221; css=&#8221;.vc_custom_1590613047306{padding-top: 5% !important;padding-bottom: 5% !important;}&#8221;][vc_column_text css=&#8221;.vc_custom_1592482606353{padding-right: 8% !important;}&#8221;]O objetivo na produ\u00e7\u00e3o de poedeiras \u00e9 produzir 500 ovos por galinha at\u00e9 as&#8230;<\/p>\n","protected":false},"author":1,"featured_media":0,"parent":402147,"menu_order":0,"comment_status":"closed","ping_status":"closed","template":"full_width.php","meta":{"footnotes":""},"class_list":["post-402234","page","type-page","status-publish","hentry"],"yoast_head":"<!-- This site is optimized with the Yoast SEO Premium plugin v25.9 (Yoast SEO v27.3) - https:\/\/yoast.com\/product\/yoast-seo-premium-wordpress\/ -->\n<title>Desempenho de postura das poedeiras &#8226; Phileo by Lesaffre<\/title>\n<meta name=\"robots\" content=\"index, follow, max-snippet:-1, max-image-preview:large, max-video-preview:-1\" \/>\n<link rel=\"canonical\" href=\"https:\/\/phileo-lesaffre.com\/pt-br\/poedeiras\/desempenho-de-postura-das-poedeiras\/\" \/>\n<meta property=\"og:locale\" content=\"pt_BR\" \/>\n<meta property=\"og:type\" content=\"article\" \/>\n<meta property=\"og:title\" content=\"Desempenho de postura das poedeiras\" \/>\n<meta property=\"og:description\" content=\"Desempenhos de postura O objetivo na produ\u00e7\u00e3o de poedeiras \u00e9 produzir 500 ovos por galinha at\u00e9 as 100 semanas de idade. Isso cria um estresse constante\" \/>\n<meta property=\"og:url\" content=\"https:\/\/phileo-lesaffre.com\/pt-br\/poedeiras\/desempenho-de-postura-das-poedeiras\/\" \/>\n<meta property=\"og:site_name\" content=\"Phileo by Lesaffre\" \/>\n<meta property=\"article:publisher\" content=\"https:\/\/www.facebook.com\/phileo.lesaffre\/\" \/>\n<meta property=\"article:modified_time\" content=\"2020-12-16T10:48:01+00:00\" \/>\n<meta name=\"twitter:card\" content=\"summary_large_image\" \/>\n<meta name=\"twitter:site\" content=\"@PhileoLesaffre\" \/>\n<script type=\"application\/ld+json\" class=\"yoast-schema-graph\">{\"@context\":\"https:\\\/\\\/schema.org\",\"@graph\":[{\"@type\":\"WebPage\",\"@id\":\"https:\\\/\\\/phileo-lesaffre.com\\\/pt-br\\\/poedeiras\\\/desempenho-de-postura-das-poedeiras\\\/\",\"url\":\"https:\\\/\\\/phileo-lesaffre.com\\\/pt-br\\\/poedeiras\\\/desempenho-de-postura-das-poedeiras\\\/\",\"name\":\"Desempenho de postura das poedeiras &#8226; Phileo by Lesaffre\",\"isPartOf\":{\"@id\":\"https:\\\/\\\/phileo-lesaffre.com\\\/pt-br\\\/#website\"},\"datePublished\":\"2020-11-18T07:11:08+00:00\",\"dateModified\":\"2020-12-16T10:48:01+00:00\",\"breadcrumb\":{\"@id\":\"https:\\\/\\\/phileo-lesaffre.com\\\/pt-br\\\/poedeiras\\\/desempenho-de-postura-das-poedeiras\\\/#breadcrumb\"},\"inLanguage\":\"pt-BR\",\"potentialAction\":[{\"@type\":\"ReadAction\",\"target\":[\"https:\\\/\\\/phileo-lesaffre.com\\\/pt-br\\\/poedeiras\\\/desempenho-de-postura-das-poedeiras\\\/\"]}]},{\"@type\":\"BreadcrumbList\",\"@id\":\"https:\\\/\\\/phileo-lesaffre.com\\\/pt-br\\\/poedeiras\\\/desempenho-de-postura-das-poedeiras\\\/#breadcrumb\",\"itemListElement\":[{\"@type\":\"ListItem\",\"position\":1,\"name\":\"Phileo by Lesaffre\",\"item\":\"https:\\\/\\\/phileo-lesaffre.com\\\/pt-br\\\/\"},{\"@type\":\"ListItem\",\"position\":2,\"name\":\"Poedeiras\",\"item\":\"https:\\\/\\\/phileo-lesaffre.com\\\/pt-br\\\/poedeiras\\\/\"},{\"@type\":\"ListItem\",\"position\":3,\"name\":\"Desempenho de postura das poedeiras\"}]},{\"@type\":\"WebSite\",\"@id\":\"https:\\\/\\\/phileo-lesaffre.com\\\/pt-br\\\/#website\",\"url\":\"https:\\\/\\\/phileo-lesaffre.com\\\/pt-br\\\/\",\"name\":\"Phileo by Lesaffre\",\"description\":\"Animal nutrition and health from yeast products\",\"publisher\":{\"@id\":\"https:\\\/\\\/phileo-lesaffre.com\\\/pt-br\\\/#organization\"},\"potentialAction\":[{\"@type\":\"SearchAction\",\"target\":{\"@type\":\"EntryPoint\",\"urlTemplate\":\"https:\\\/\\\/phileo-lesaffre.com\\\/pt-br\\\/?s={search_term_string}\"},\"query-input\":{\"@type\":\"PropertyValueSpecification\",\"valueRequired\":true,\"valueName\":\"search_term_string\"}}],\"inLanguage\":\"pt-BR\"},{\"@type\":\"Organization\",\"@id\":\"https:\\\/\\\/phileo-lesaffre.com\\\/pt-br\\\/#organization\",\"name\":\"Phileo by Lesaffre\",\"url\":\"https:\\\/\\\/phileo-lesaffre.com\\\/pt-br\\\/\",\"logo\":{\"@type\":\"ImageObject\",\"inLanguage\":\"pt-BR\",\"@id\":\"https:\\\/\\\/phileo-lesaffre.com\\\/pt-br\\\/#\\\/schema\\\/logo\\\/image\\\/\",\"url\":\"https:\\\/\\\/phileo-lesaffre.com\\\/wp-content\\\/uploads\\\/2019\\\/04\\\/logo-phileo-lesaffre-1.jpg\",\"contentUrl\":\"https:\\\/\\\/phileo-lesaffre.com\\\/wp-content\\\/uploads\\\/2019\\\/04\\\/logo-phileo-lesaffre-1.jpg\",\"width\":500,\"height\":250,\"caption\":\"Phileo by Lesaffre\"},\"image\":{\"@id\":\"https:\\\/\\\/phileo-lesaffre.com\\\/pt-br\\\/#\\\/schema\\\/logo\\\/image\\\/\"},\"sameAs\":[\"https:\\\/\\\/www.facebook.com\\\/phileo.lesaffre\\\/\",\"https:\\\/\\\/x.com\\\/PhileoLesaffre\",\"https:\\\/\\\/www.linkedin.com\\\/company\\\/phileo\\\/\"]}]}<\/script>\n<!-- \/ Yoast SEO Premium plugin. -->","yoast_head_json":{"title":"Desempenho de postura das poedeiras &#8226; Phileo by Lesaffre","robots":{"index":"index","follow":"follow","max-snippet":"max-snippet:-1","max-image-preview":"max-image-preview:large","max-video-preview":"max-video-preview:-1"},"canonical":"https:\/\/phileo-lesaffre.com\/pt-br\/poedeiras\/desempenho-de-postura-das-poedeiras\/","og_locale":"pt_BR","og_type":"article","og_title":"Desempenho de postura das poedeiras","og_description":"Desempenhos de postura O objetivo na produ\u00e7\u00e3o de poedeiras \u00e9 produzir 500 ovos por galinha at\u00e9 as 100 semanas de idade. Isso cria um estresse constante","og_url":"https:\/\/phileo-lesaffre.com\/pt-br\/poedeiras\/desempenho-de-postura-das-poedeiras\/","og_site_name":"Phileo by Lesaffre","article_publisher":"https:\/\/www.facebook.com\/phileo.lesaffre\/","article_modified_time":"2020-12-16T10:48:01+00:00","twitter_card":"summary_large_image","twitter_site":"@PhileoLesaffre","schema":{"@context":"https:\/\/schema.org","@graph":[{"@type":"WebPage","@id":"https:\/\/phileo-lesaffre.com\/pt-br\/poedeiras\/desempenho-de-postura-das-poedeiras\/","url":"https:\/\/phileo-lesaffre.com\/pt-br\/poedeiras\/desempenho-de-postura-das-poedeiras\/","name":"Desempenho de postura das poedeiras &#8226; Phileo by Lesaffre","isPartOf":{"@id":"https:\/\/phileo-lesaffre.com\/pt-br\/#website"},"datePublished":"2020-11-18T07:11:08+00:00","dateModified":"2020-12-16T10:48:01+00:00","breadcrumb":{"@id":"https:\/\/phileo-lesaffre.com\/pt-br\/poedeiras\/desempenho-de-postura-das-poedeiras\/#breadcrumb"},"inLanguage":"pt-BR","potentialAction":[{"@type":"ReadAction","target":["https:\/\/phileo-lesaffre.com\/pt-br\/poedeiras\/desempenho-de-postura-das-poedeiras\/"]}]},{"@type":"BreadcrumbList","@id":"https:\/\/phileo-lesaffre.com\/pt-br\/poedeiras\/desempenho-de-postura-das-poedeiras\/#breadcrumb","itemListElement":[{"@type":"ListItem","position":1,"name":"Phileo by Lesaffre","item":"https:\/\/phileo-lesaffre.com\/pt-br\/"},{"@type":"ListItem","position":2,"name":"Poedeiras","item":"https:\/\/phileo-lesaffre.com\/pt-br\/poedeiras\/"},{"@type":"ListItem","position":3,"name":"Desempenho de postura das poedeiras"}]},{"@type":"WebSite","@id":"https:\/\/phileo-lesaffre.com\/pt-br\/#website","url":"https:\/\/phileo-lesaffre.com\/pt-br\/","name":"Phileo by Lesaffre","description":"Animal nutrition and health from yeast products","publisher":{"@id":"https:\/\/phileo-lesaffre.com\/pt-br\/#organization"},"potentialAction":[{"@type":"SearchAction","target":{"@type":"EntryPoint","urlTemplate":"https:\/\/phileo-lesaffre.com\/pt-br\/?s={search_term_string}"},"query-input":{"@type":"PropertyValueSpecification","valueRequired":true,"valueName":"search_term_string"}}],"inLanguage":"pt-BR"},{"@type":"Organization","@id":"https:\/\/phileo-lesaffre.com\/pt-br\/#organization","name":"Phileo by Lesaffre","url":"https:\/\/phileo-lesaffre.com\/pt-br\/","logo":{"@type":"ImageObject","inLanguage":"pt-BR","@id":"https:\/\/phileo-lesaffre.com\/pt-br\/#\/schema\/logo\/image\/","url":"https:\/\/phileo-lesaffre.com\/wp-content\/uploads\/2019\/04\/logo-phileo-lesaffre-1.jpg","contentUrl":"https:\/\/phileo-lesaffre.com\/wp-content\/uploads\/2019\/04\/logo-phileo-lesaffre-1.jpg","width":500,"height":250,"caption":"Phileo by Lesaffre"},"image":{"@id":"https:\/\/phileo-lesaffre.com\/pt-br\/#\/schema\/logo\/image\/"},"sameAs":["https:\/\/www.facebook.com\/phileo.lesaffre\/","https:\/\/x.com\/PhileoLesaffre","https:\/\/www.linkedin.com\/company\/phileo\/"]}]}},"_links":{"self":[{"href":"https:\/\/phileo-lesaffre.com\/pt-br\/wp-json\/wp\/v2\/pages\/402234","targetHints":{"allow":["GET"]}}],"collection":[{"href":"https:\/\/phileo-lesaffre.com\/pt-br\/wp-json\/wp\/v2\/pages"}],"about":[{"href":"https:\/\/phileo-lesaffre.com\/pt-br\/wp-json\/wp\/v2\/types\/page"}],"author":[{"embeddable":true,"href":"https:\/\/phileo-lesaffre.com\/pt-br\/wp-json\/wp\/v2\/users\/1"}],"replies":[{"embeddable":true,"href":"https:\/\/phileo-lesaffre.com\/pt-br\/wp-json\/wp\/v2\/comments?post=402234"}],"version-history":[{"count":0,"href":"https:\/\/phileo-lesaffre.com\/pt-br\/wp-json\/wp\/v2\/pages\/402234\/revisions"}],"up":[{"embeddable":true,"href":"https:\/\/phileo-lesaffre.com\/pt-br\/wp-json\/wp\/v2\/pages\/402147"}],"wp:attachment":[{"href":"https:\/\/phileo-lesaffre.com\/pt-br\/wp-json\/wp\/v2\/media?parent=402234"}],"curies":[{"name":"wp","href":"https:\/\/api.w.org\/{rel}","templated":true}]}}