{"id":402214,"date":"2020-11-18T07:59:58","date_gmt":"2020-11-18T06:59:58","guid":{"rendered":"http:\/\/phileo-lesaffre.com\/aves-de-corte\/reducao-de-atb-em-aves-de-corte\/"},"modified":"2021-03-24T17:46:30","modified_gmt":"2021-03-24T16:46:30","slug":"reducao-de-atb-em-aves-de-corte","status":"publish","type":"page","link":"https:\/\/phileo-lesaffre.com\/pt-br\/aves-de-corte\/reducao-de-atb-em-aves-de-corte\/","title":{"rendered":"Redu\u00e7\u00e3o de ATB em aves de corte"},"content":{"rendered":"<div class=\"wpb-content-wrapper\"><p>[vc_row css_animation=&#8221;&#8221; row_type=&#8221;row&#8221; use_row_as_full_screen_section=&#8221;no&#8221; type=&#8221;full_width&#8221; angled_section=&#8221;no&#8221; text_align=&#8221;left&#8221; background_image_as_pattern=&#8221;without_pattern&#8221;][vc_column][qode_elements_holder number_of_columns=&#8221;two_columns&#8221;][qode_elements_holder_item vertical_alignment=&#8221;middle&#8221; horizontal_alignment=&#8221;left&#8221; advanced_animations=&#8221;no&#8221; item_padding=&#8221;5% 8% 5% 0%&#8221;][vc_column_text]<\/p>\n<h2 class=\"feed2\"><span style=\"color: #4d4d4c;\">Redu\u00e7\u00e3o de antibi\u00f3ticos em aves de corte<\/span><\/h2>\n<p>[\/vc_column_text][vc_single_image image=&#8221;398041&#8243; img_size=&#8221;65&#215;33&#8243; qode_css_animation=&#8221;&#8221; css=&#8221;.vc_custom_1590613047306{padding-top: 5% !important;padding-bottom: 5% !important;}&#8221;][vc_column_text css=&#8221;.vc_custom_1592462611839{padding-right: 8% !important;}&#8221;]Em um relat\u00f3rio de 2016 sobre a resist\u00eancia emergente a drogas, Lorde Jim O&#8217;Neill estimou que as mortes por resist\u00eancia antimicrobiana (AMR) poderiam chegar a 10 milh\u00f5es por ano at\u00e9 2050, a um custo para a economia global de 100 trilh\u00f5es de d\u00f3lares. Sendo assim, muitos pa\u00edses decidiram reduzir o uso de antibi\u00f3ticos na produ\u00e7\u00e3o de aves. As Na\u00e7\u00f5es Unidas e outras organiza\u00e7\u00f5es n\u00e3o governamentais criaram uma estrutura para combinar os esfor\u00e7os de redu\u00e7\u00e3o na sa\u00fade animal, sa\u00fade humana e no ambiente, chamada de Sa\u00fae \u00danica (One Health). Isso abrange as a\u00e7\u00f5es em sa\u00fade animal, como treinamento para os granjeiros, veterin\u00e1rios, t\u00e9cnicos e outros profissionais.<\/p>\n<p>&nbsp;<\/p>\n<p>A redu\u00e7\u00e3o do uso de antibi\u00f3ticos precisa ser global, incluindo o manejo das granjas, a nutri\u00e7\u00e3o e as estrat\u00e9gias de alimenta\u00e7\u00e3o, para reduzir os estresses das aves, que podem induzir a doen\u00e7as previamente tratadas com antibi\u00f3ticos. H\u00e1 2 classes de antibi\u00f3ticos: os usados como promotores de crescimento (AGPs) e outros usados para prevenir doen\u00e7as ou curar aves doentes.[\/vc_column_text][vc_single_image image=&#8221;400275&#8243; img_size=&#8221;120&#215;178&#8243; alignment=&#8221;right&#8221; qode_css_animation=&#8221;&#8221;][\/qode_elements_holder_item][qode_elements_holder_item cover=&#8221;yes&#8221; vertical_alignment=&#8221;middle&#8221; horizontal_alignment=&#8221;left&#8221; advanced_animations=&#8221;no&#8221; background_image=&#8221;396153&#8243;][\/qode_elements_holder_item][\/qode_elements_holder][\/vc_column][\/vc_row][vc_row css_animation=&#8221;&#8221; row_type=&#8221;row&#8221; use_row_as_full_screen_section=&#8221;no&#8221; type=&#8221;full_width&#8221; angled_section=&#8221;no&#8221; text_align=&#8221;left&#8221; background_image_as_pattern=&#8221;without_pattern&#8221; z_index=&#8221;&#8221;][vc_column][qode_elements_holder number_of_columns=&#8221;two_columns&#8221;][qode_elements_holder_item cover=&#8221;yes&#8221; advanced_animations=&#8221;no&#8221; background_image=&#8221;1068&#8243;][vc_separator type=&#8221;transparent&#8221; up=&#8221;200&#8243; down=&#8221;200&#8243;][\/qode_elements_holder_item][qode_elements_holder_item vertical_alignment=&#8221;middle&#8221; horizontal_alignment=&#8221;left&#8221; advanced_animations=&#8221;no&#8221; item_padding=&#8221;5% 2% 5% 10%&#8221; background_color=&#8221;#e58734&#8243;][vc_column_text]<\/p>\n<h2 class=\"feed4\"><span style=\"color: #ffffff;\">Encontrando alternativas para AGPs<\/span><\/h2>\n<p>[\/vc_column_text][vc_single_image image=&#8221;397901&#8243; img_size=&#8221;50&#215;25&#8243; qode_css_animation=&#8221;&#8221; css=&#8221;.vc_custom_1592227932921{padding-top: 5% !important;padding-bottom: 5% !important;}&#8221;][vc_column_text css=&#8221;.vc_custom_1592388209515{padding-right: 10% !important;}&#8221;]<span style=\"color: #ffffff;\">Os AGPs s\u00e3o usados por seus efeitos anti-inflamat\u00f3rios, em vez dos efeitos antibi\u00f3ticos. Usados em n\u00edveis de doses subterap\u00eauticas, abaixo da Concentra\u00e7\u00e3o Inibit\u00f3ria M\u00ednima (MIC), eles ainda podem funcionar na presen\u00e7a de resist\u00eancia bacteriana ampla (ex., tetraciclinas). Por este motivo, seu modo de a\u00e7\u00e3o \u00e9 mais complexo que o dos antibi\u00f3ticos. A acumula\u00e7\u00e3o de AGPs nas c\u00e9lulas inflamat\u00f3rias, e sua capacidade de inibir as fun\u00e7\u00f5es celulares, explica seu efeito anti-inflamat\u00f3rio. Eles podem reduzir a inflama\u00e7\u00e3o intestinal cr\u00f4nica em aves de corte de crescimento r\u00e1pido, o que pode economizar energia e reduzir as taxas de convers\u00e3o alimentar.<\/span><\/p>\n<p>&nbsp;<\/p>\n<p><span style=\"color: #ffffff;\">O Safmannan<sup>\u00ae<\/sup> \u00e9 um bom candidato como alternativa aos AGPs. Ele controla o processo inflamat\u00f3rio ao interagir com receptores (Dectina-1 e TLR-2) e induzir uma baixa resposta NF-kB, o que ajuda a evitar a &#8220;superinflama\u00e7\u00e3o&#8221;.<\/span>[\/vc_column_text][\/qode_elements_holder_item][\/qode_elements_holder][\/vc_column][\/vc_row][vc_row css_animation=&#8221;&#8221; row_type=&#8221;row&#8221; use_row_as_full_screen_section=&#8221;no&#8221; type=&#8221;full_width&#8221; angled_section=&#8221;no&#8221; text_align=&#8221;left&#8221; background_image_as_pattern=&#8221;without_pattern&#8221; css=&#8221;.vc_custom_1592234497567{background-color: #ffffff !important;}&#8221; z_index=&#8221;&#8221;][vc_column][qode_elements_holder number_of_columns=&#8221;two_columns&#8221;][qode_elements_holder_item vertical_alignment=&#8221;middle&#8221; horizontal_alignment=&#8221;left&#8221; advanced_animations=&#8221;no&#8221; item_padding=&#8221;5% 10% 5% 5%&#8221; background_color=&#8221;#706f6f&#8221;][vc_column_text]<\/p>\n<h2 class=\"feed4\"><span style=\"color: #ffffff;\">Estudos com Safmannan<sup>\u00ae<\/sup><\/span><\/h2>\n<p>[\/vc_column_text][vc_single_image image=&#8221;397901&#8243; img_size=&#8221;50&#215;25&#8243; qode_css_animation=&#8221;&#8221; css=&#8221;.vc_custom_1592232787710{padding-top: 5% !important;padding-bottom: 5% !important;}&#8221;][vc_column_text]<span style=\"color: #ffffff;\">A combina\u00e7\u00e3o deste efeito anti-inflamat\u00f3rio e a preserva\u00e7\u00e3o das jun\u00e7\u00f5es oclusivas pelo Safmannan<sup>\u00ae<\/sup> permite que a inflama\u00e7\u00e3o intestinal cr\u00f4nica seja reduzida e economiza energia. Isso foi comprovado por v\u00e1rios estudos comparando Safmannan<sup>\u00ae<\/sup> e AGPs, como avilamicina.<\/span>[\/vc_column_text][\/qode_elements_holder_item][qode_elements_holder_item advanced_animations=&#8221;no&#8221;][vc_single_image image=&#8221;404845&#8243; img_size=&#8221;full&#8221; onclick=&#8221;link_image&#8221; qode_css_animation=&#8221;&#8221; qode_hover_animation=&#8221;zoom_in&#8221;][\/qode_elements_holder_item][\/qode_elements_holder][\/vc_column][\/vc_row][vc_row css_animation=&#8221;&#8221; row_type=&#8221;row&#8221; use_row_as_full_screen_section=&#8221;no&#8221; type=&#8221;full_width&#8221; angled_section=&#8221;no&#8221; text_align=&#8221;left&#8221; background_image_as_pattern=&#8221;without_pattern&#8221; z_index=&#8221;&#8221;][vc_column][qode_elements_holder number_of_columns=&#8221;two_columns&#8221;][qode_elements_holder_item advanced_animations=&#8221;no&#8221;][vc_single_image image=&#8221;404849&#8243; img_size=&#8221;full&#8221; onclick=&#8221;link_image&#8221; qode_css_animation=&#8221;&#8221; qode_hover_animation=&#8221;zoom_in&#8221;][\/qode_elements_holder_item][qode_elements_holder_item vertical_alignment=&#8221;middle&#8221; horizontal_alignment=&#8221;left&#8221; advanced_animations=&#8221;no&#8221; item_padding=&#8221;5% 10% 5% 10%&#8221; background_color=&#8221;#e58734&#8243;][vc_column_text]<\/p>\n<h2 class=\"feed4\"><span style=\"color: #ffffff;\">Encontrando alternativas de tratamento aos antibi\u00f3ticos<\/span><\/h2>\n<p>[\/vc_column_text][vc_single_image image=&#8221;397901&#8243; img_size=&#8221;50&#215;25&#8243; qode_css_animation=&#8221;&#8221; css=&#8221;.vc_custom_1592232787710{padding-top: 5% !important;padding-bottom: 5% !important;}&#8221;][vc_column_text]<span style=\"color: #ffffff;\">O Safmannan<sup>\u00ae<\/sup> influencia positivamente a microflora intestinal, morfologia intestinal e imunidade. Um modelo de enterite necr\u00f3tica foi usado para comparar o desempenho das aves entre um controle n\u00e3o suplementado\/n\u00e3o infectado (UUC), um controle n\u00e3o suplementado\/infectado (UIC), um grupo suplementado com bacitracina MD (BMD, 50\u00a0g\/ton) e um quarto grupo suplementado com Safmannan<sup>\u00ae<\/sup> (250 g\/ton).<\/span><\/p>\n<p>&nbsp;<\/p>\n<p><span style=\"color: #ffffff;\">As aves suplementadas com BMD ou Safmannan<sup>\u00ae<\/sup> n\u00e3o mostraram diferen\u00e7as significativas no peso corporal, TCA ou taxas de mortalidade, comparadas com o grupo UUC.<\/span><\/p>\n<p>&nbsp;<\/p>\n<p><span style=\"color: #ffffff;\">Adicionalmente, um escore de les\u00e3o significativamente diminu\u00eddo nos grupos BMD e Safmannan<sup>\u00ae<\/sup> foi encontrado, em compara\u00e7\u00e3o com o grupo controle n\u00e3o suplementado\/infectado. A suplementa\u00e7\u00e3o de aves desafiadas com Safmannan<sup>\u00ae<\/sup> permitiu que elas tivessem desempenho t\u00e3o bom quanto o dos controles n\u00e3o infectados e de aves suplementadas com AGP.<\/span>[\/vc_column_text][\/qode_elements_holder_item][\/qode_elements_holder][\/vc_column][\/vc_row][vc_row css_animation=&#8221;&#8221; row_type=&#8221;row&#8221; use_row_as_full_screen_section=&#8221;no&#8221; type=&#8221;full_width&#8221; angled_section=&#8221;no&#8221; text_align=&#8221;left&#8221; background_image_as_pattern=&#8221;without_pattern&#8221;][vc_column][qode_elements_holder number_of_columns=&#8221;two_columns&#8221;][qode_elements_holder_item vertical_alignment=&#8221;middle&#8221; horizontal_alignment=&#8221;left&#8221; advanced_animations=&#8221;no&#8221; background_color=&#8221;#706f6f&#8221; item_padding=&#8221;5% 10% 5% 10%&#8221;][vc_column_text]<span style=\"color: #ffffff;\"><span style=\"font-size: 34px; font-weight: 800;\">Preencha este formul\u00e1rio para baixar o seu guia<\/span><\/span>[\/vc_column_text][vc_separator type=&#8221;transparent&#8221; up=&#8221;10&#8243; down=&#8221;10&#8243;][vc_raw_html]JTNDZm9ybSUyMGlkJTNEJTIyZm9zcy02MDViMDMwYWQ1OWNiYzMyMjRlMmY2MzglMjIlM0UlM0MlMkZmb3JtJTNFJTNDc2NyaXB0JTIwYXN5bmMlMjBzcmMlM0QlMjdodHRwcyUzQSUyRiUyRmFwaS5wbGV6aS5jbyUyRmFwaSUyRnYxJTJGd2ViX2Zvcm1zJTJGc2NyaXB0cyUzRnRlbmFudF9pZCUzRDVlYzU0NDhlNTQwNjdhNDU5ZGJhNWNlNSUyNmZvcm1faWQlM0Q1ZWM1NDQ5MDU0MDY3YTQ1OWRiYTVkN2MlMjZmb3JtX3ZlcnNpb24lM0QzJTI2Y29udGVudF93ZWJfZm9ybV9pZCUzRDYwNWIwMzBhZDU5Y2JjMzIyNGUyZjYzOCUyNnBsel9sYW5nJTNEZW4lMjclM0UlM0MlMkZzY3JpcHQlM0U=[\/vc_raw_html][\/qode_elements_holder_item][qode_elements_holder_item vertical_alignment=&#8221;middle&#8221; horizontal_alignment=&#8221;left&#8221; advanced_animations=&#8221;no&#8221; item_padding=&#8221;2% 10% 2% 10%&#8221;][vc_column_text]<\/p>\n<h2 class=\"feed3\"><span style=\"color: #4d4d4c;\">Baixe a sua brochura sobre manejo de transi\u00e7\u00e3o p\u00f3s-antibi\u00f3ticos<\/span><\/h2>\n<p>[\/vc_column_text][vc_single_image image=&#8221;400009&#8243; img_size=&#8221;full&#8221; qode_css_animation=&#8221;&#8221;][\/qode_elements_holder_item][\/qode_elements_holder][\/vc_column][\/vc_row][vc_row css_animation=&#8221;&#8221; row_type=&#8221;row&#8221; use_row_as_full_screen_section=&#8221;yes&#8221; type=&#8221;full_width&#8221; angled_section=&#8221;no&#8221; text_align=&#8221;left&#8221; background_image_as_pattern=&#8221;without_pattern&#8221; z_index=&#8221;&#8221;][vc_column][vc_separator type=&#8221;transparent&#8221; up=&#8221;10&#8243; down=&#8221;10&#8243;][vc_column_text css=&#8221;.vc_custom_1593402547571{padding-top: 2% !important;padding-bottom: 2% !important;}&#8221;]<\/p>\n<h2 class=\"feed3\"><span style=\"color: #4d4d4c;\">Saiba mais sobre manejo de aves de corte<\/span><\/h2>\n<p>[\/vc_column_text][vc_separator type=&#8221;transparent&#8221; up=&#8221;5&#8243; down=&#8221;5&#8243;][\/vc_column][vc_column width=&#8221;1\/5&#8243;][vc_single_image image=&#8221;403601&#8243; img_size=&#8221;full&#8221; alignment=&#8221;center&#8221; onclick=&#8221;custom_link&#8221; qode_css_animation=&#8221;&#8221; qode_hover_animation=&#8221;zoom_in&#8221; css=&#8221;.vc_custom_1607501532665{padding-top: 5% !important;padding-bottom: 5% !important;}&#8221; link=&#8221;\/pt-br\/aves-de-corte\/manejo-da-saude-intestinal-em-aves-de-corte\/&#8221;][\/vc_column][vc_column width=&#8221;1\/5&#8243;][vc_single_image image=&#8221;403597&#8243; img_size=&#8221;full&#8221; alignment=&#8221;center&#8221; onclick=&#8221;custom_link&#8221; qode_css_animation=&#8221;&#8221; qode_hover_animation=&#8221;zoom_in&#8221; css=&#8221;.vc_custom_1607501653046{padding-top: 5% !important;padding-bottom: 5% !important;}&#8221; link=&#8221;\/pt-br\/programa-de-estresse-por-calor-em-aves-de-corte\/&#8221;][\/vc_column][vc_column width=&#8221;1\/5&#8243;][vc_single_image image=&#8221;403589&#8243; img_size=&#8221;full&#8221; alignment=&#8221;center&#8221; onclick=&#8221;custom_link&#8221; qode_css_animation=&#8221;&#8221; qode_hover_animation=&#8221;zoom_in&#8221; css=&#8221;.vc_custom_1607501578008{padding-top: 5% !important;padding-bottom: 5% !important;}&#8221; link=&#8221;\/pt-br\/aves-de-corte\/controle-de-salmonela-em-aves-de-corte\/&#8221;][\/vc_column][vc_column width=&#8221;1\/5&#8243;][vc_single_image image=&#8221;403605&#8243; img_size=&#8221;full&#8221; alignment=&#8221;center&#8221; onclick=&#8221;custom_link&#8221; qode_css_animation=&#8221;&#8221; qode_hover_animation=&#8221;zoom_in&#8221; css=&#8221;.vc_custom_1607501601939{padding-top: 5% !important;padding-bottom: 5% !important;}&#8221; link=&#8221;\/pt-br\/aves-de-corte\/modulacao-imune-e-titulacoes-de-anticorpos-em-aves-de-corte\/&#8221;][\/vc_column][vc_column width=&#8221;1\/5&#8243;][vc_single_image image=&#8221;403593&#8243; img_size=&#8221;full&#8221; alignment=&#8221;center&#8221; onclick=&#8221;custom_link&#8221; qode_css_animation=&#8221;&#8221; qode_hover_animation=&#8221;zoom_in&#8221; css=&#8221;.vc_custom_1607501627619{padding-top: 5% !important;padding-bottom: 5% !important;}&#8221; link=&#8221;\/pt-br\/aves-de-corte\/estresse-oxidativo-de-aves-de-corte\/&#8221;][\/vc_column][\/vc_row]<\/p>\n<\/div>","protected":false},"excerpt":{"rendered":"<p>[vc_row css_animation=&#8221;&#8221; row_type=&#8221;row&#8221; use_row_as_full_screen_section=&#8221;no&#8221; type=&#8221;full_width&#8221; angled_section=&#8221;no&#8221; text_align=&#8221;left&#8221; background_image_as_pattern=&#8221;without_pattern&#8221;][vc_column][qode_elements_holder number_of_columns=&#8221;two_columns&#8221;][qode_elements_holder_item vertical_alignment=&#8221;middle&#8221; horizontal_alignment=&#8221;left&#8221; advanced_animations=&#8221;no&#8221; item_padding=&#8221;5% 8% 5% 0%&#8221;][vc_column_text] Redu\u00e7\u00e3o de antibi\u00f3ticos em aves de corte [\/vc_column_text][vc_single_image image=&#8221;398041&#8243; img_size=&#8221;65&#215;33&#8243; qode_css_animation=&#8221;&#8221; css=&#8221;.vc_custom_1590613047306{padding-top: 5% !important;padding-bottom: 5% !important;}&#8221;][vc_column_text css=&#8221;.vc_custom_1592462611839{padding-right: 8% !important;}&#8221;]Em um relat\u00f3rio de 2016 sobre a resist\u00eancia emergente a drogas,&#8230;<\/p>\n","protected":false},"author":1,"featured_media":0,"parent":402118,"menu_order":0,"comment_status":"closed","ping_status":"closed","template":"full_width.php","meta":{"footnotes":""},"class_list":["post-402214","page","type-page","status-publish","hentry"],"yoast_head":"<!-- This site is optimized with the Yoast SEO Premium plugin v25.9 (Yoast SEO v27.4) - https:\/\/yoast.com\/product\/yoast-seo-premium-wordpress\/ -->\n<title>Redu\u00e7\u00e3o de ATB em aves de corte &#8226; Phileo by Lesaffre<\/title>\n<meta name=\"robots\" content=\"index, follow, max-snippet:-1, max-image-preview:large, max-video-preview:-1\" \/>\n<link rel=\"canonical\" href=\"https:\/\/phileo-lesaffre.com\/pt-br\/aves-de-corte\/reducao-de-atb-em-aves-de-corte\/\" \/>\n<meta property=\"og:locale\" content=\"pt_BR\" \/>\n<meta property=\"og:type\" content=\"article\" \/>\n<meta property=\"og:title\" content=\"Redu\u00e7\u00e3o de ATB em aves de corte\" \/>\n<meta property=\"og:description\" content=\"Redu\u00e7\u00e3o de antibi\u00f3ticos em aves de corte Em um relat\u00f3rio de 2016 sobre a resist\u00eancia emergente a drogas, Lorde Jim O&#039;Neill estimou que as mortes por\" \/>\n<meta property=\"og:url\" content=\"https:\/\/phileo-lesaffre.com\/pt-br\/aves-de-corte\/reducao-de-atb-em-aves-de-corte\/\" \/>\n<meta property=\"og:site_name\" content=\"Phileo by Lesaffre\" \/>\n<meta property=\"article:publisher\" content=\"https:\/\/www.facebook.com\/phileo.lesaffre\/\" \/>\n<meta property=\"article:modified_time\" content=\"2021-03-24T16:46:30+00:00\" \/>\n<meta name=\"twitter:card\" content=\"summary_large_image\" \/>\n<meta name=\"twitter:site\" content=\"@PhileoLesaffre\" \/>\n<script type=\"application\/ld+json\" class=\"yoast-schema-graph\">{\"@context\":\"https:\\\/\\\/schema.org\",\"@graph\":[{\"@type\":\"WebPage\",\"@id\":\"https:\\\/\\\/phileo-lesaffre.com\\\/pt-br\\\/aves-de-corte\\\/reducao-de-atb-em-aves-de-corte\\\/\",\"url\":\"https:\\\/\\\/phileo-lesaffre.com\\\/pt-br\\\/aves-de-corte\\\/reducao-de-atb-em-aves-de-corte\\\/\",\"name\":\"Redu\u00e7\u00e3o de ATB em aves de corte &#8226; Phileo by Lesaffre\",\"isPartOf\":{\"@id\":\"https:\\\/\\\/phileo-lesaffre.com\\\/pt-br\\\/#website\"},\"datePublished\":\"2020-11-18T06:59:58+00:00\",\"dateModified\":\"2021-03-24T16:46:30+00:00\",\"breadcrumb\":{\"@id\":\"https:\\\/\\\/phileo-lesaffre.com\\\/pt-br\\\/aves-de-corte\\\/reducao-de-atb-em-aves-de-corte\\\/#breadcrumb\"},\"inLanguage\":\"pt-BR\",\"potentialAction\":[{\"@type\":\"ReadAction\",\"target\":[\"https:\\\/\\\/phileo-lesaffre.com\\\/pt-br\\\/aves-de-corte\\\/reducao-de-atb-em-aves-de-corte\\\/\"]}]},{\"@type\":\"BreadcrumbList\",\"@id\":\"https:\\\/\\\/phileo-lesaffre.com\\\/pt-br\\\/aves-de-corte\\\/reducao-de-atb-em-aves-de-corte\\\/#breadcrumb\",\"itemListElement\":[{\"@type\":\"ListItem\",\"position\":1,\"name\":\"Phileo by Lesaffre\",\"item\":\"https:\\\/\\\/phileo-lesaffre.com\\\/pt-br\\\/\"},{\"@type\":\"ListItem\",\"position\":2,\"name\":\"Aves de corte\",\"item\":\"https:\\\/\\\/phileo-lesaffre.com\\\/pt-br\\\/aves-de-corte\\\/\"},{\"@type\":\"ListItem\",\"position\":3,\"name\":\"Redu\u00e7\u00e3o de ATB em aves de corte\"}]},{\"@type\":\"WebSite\",\"@id\":\"https:\\\/\\\/phileo-lesaffre.com\\\/pt-br\\\/#website\",\"url\":\"https:\\\/\\\/phileo-lesaffre.com\\\/pt-br\\\/\",\"name\":\"Phileo by Lesaffre\",\"description\":\"Animal nutrition and health from yeast products\",\"publisher\":{\"@id\":\"https:\\\/\\\/phileo-lesaffre.com\\\/pt-br\\\/#organization\"},\"potentialAction\":[{\"@type\":\"SearchAction\",\"target\":{\"@type\":\"EntryPoint\",\"urlTemplate\":\"https:\\\/\\\/phileo-lesaffre.com\\\/pt-br\\\/?s={search_term_string}\"},\"query-input\":{\"@type\":\"PropertyValueSpecification\",\"valueRequired\":true,\"valueName\":\"search_term_string\"}}],\"inLanguage\":\"pt-BR\"},{\"@type\":\"Organization\",\"@id\":\"https:\\\/\\\/phileo-lesaffre.com\\\/pt-br\\\/#organization\",\"name\":\"Phileo by Lesaffre\",\"url\":\"https:\\\/\\\/phileo-lesaffre.com\\\/pt-br\\\/\",\"logo\":{\"@type\":\"ImageObject\",\"inLanguage\":\"pt-BR\",\"@id\":\"https:\\\/\\\/phileo-lesaffre.com\\\/pt-br\\\/#\\\/schema\\\/logo\\\/image\\\/\",\"url\":\"https:\\\/\\\/phileo-lesaffre.com\\\/wp-content\\\/uploads\\\/2019\\\/04\\\/logo-phileo-lesaffre-1.jpg\",\"contentUrl\":\"https:\\\/\\\/phileo-lesaffre.com\\\/wp-content\\\/uploads\\\/2019\\\/04\\\/logo-phileo-lesaffre-1.jpg\",\"width\":500,\"height\":250,\"caption\":\"Phileo by Lesaffre\"},\"image\":{\"@id\":\"https:\\\/\\\/phileo-lesaffre.com\\\/pt-br\\\/#\\\/schema\\\/logo\\\/image\\\/\"},\"sameAs\":[\"https:\\\/\\\/www.facebook.com\\\/phileo.lesaffre\\\/\",\"https:\\\/\\\/x.com\\\/PhileoLesaffre\",\"https:\\\/\\\/www.linkedin.com\\\/company\\\/phileo\\\/\"]}]}<\/script>\n<!-- \/ Yoast SEO Premium plugin. -->","yoast_head_json":{"title":"Redu\u00e7\u00e3o de ATB em aves de corte &#8226; Phileo by Lesaffre","robots":{"index":"index","follow":"follow","max-snippet":"max-snippet:-1","max-image-preview":"max-image-preview:large","max-video-preview":"max-video-preview:-1"},"canonical":"https:\/\/phileo-lesaffre.com\/pt-br\/aves-de-corte\/reducao-de-atb-em-aves-de-corte\/","og_locale":"pt_BR","og_type":"article","og_title":"Redu\u00e7\u00e3o de ATB em aves de corte","og_description":"Redu\u00e7\u00e3o de antibi\u00f3ticos em aves de corte Em um relat\u00f3rio de 2016 sobre a resist\u00eancia emergente a drogas, Lorde Jim O'Neill estimou que as mortes por","og_url":"https:\/\/phileo-lesaffre.com\/pt-br\/aves-de-corte\/reducao-de-atb-em-aves-de-corte\/","og_site_name":"Phileo by Lesaffre","article_publisher":"https:\/\/www.facebook.com\/phileo.lesaffre\/","article_modified_time":"2021-03-24T16:46:30+00:00","twitter_card":"summary_large_image","twitter_site":"@PhileoLesaffre","schema":{"@context":"https:\/\/schema.org","@graph":[{"@type":"WebPage","@id":"https:\/\/phileo-lesaffre.com\/pt-br\/aves-de-corte\/reducao-de-atb-em-aves-de-corte\/","url":"https:\/\/phileo-lesaffre.com\/pt-br\/aves-de-corte\/reducao-de-atb-em-aves-de-corte\/","name":"Redu\u00e7\u00e3o de ATB em aves de corte &#8226; Phileo by Lesaffre","isPartOf":{"@id":"https:\/\/phileo-lesaffre.com\/pt-br\/#website"},"datePublished":"2020-11-18T06:59:58+00:00","dateModified":"2021-03-24T16:46:30+00:00","breadcrumb":{"@id":"https:\/\/phileo-lesaffre.com\/pt-br\/aves-de-corte\/reducao-de-atb-em-aves-de-corte\/#breadcrumb"},"inLanguage":"pt-BR","potentialAction":[{"@type":"ReadAction","target":["https:\/\/phileo-lesaffre.com\/pt-br\/aves-de-corte\/reducao-de-atb-em-aves-de-corte\/"]}]},{"@type":"BreadcrumbList","@id":"https:\/\/phileo-lesaffre.com\/pt-br\/aves-de-corte\/reducao-de-atb-em-aves-de-corte\/#breadcrumb","itemListElement":[{"@type":"ListItem","position":1,"name":"Phileo by Lesaffre","item":"https:\/\/phileo-lesaffre.com\/pt-br\/"},{"@type":"ListItem","position":2,"name":"Aves de corte","item":"https:\/\/phileo-lesaffre.com\/pt-br\/aves-de-corte\/"},{"@type":"ListItem","position":3,"name":"Redu\u00e7\u00e3o de ATB em aves de corte"}]},{"@type":"WebSite","@id":"https:\/\/phileo-lesaffre.com\/pt-br\/#website","url":"https:\/\/phileo-lesaffre.com\/pt-br\/","name":"Phileo by Lesaffre","description":"Animal nutrition and health from yeast products","publisher":{"@id":"https:\/\/phileo-lesaffre.com\/pt-br\/#organization"},"potentialAction":[{"@type":"SearchAction","target":{"@type":"EntryPoint","urlTemplate":"https:\/\/phileo-lesaffre.com\/pt-br\/?s={search_term_string}"},"query-input":{"@type":"PropertyValueSpecification","valueRequired":true,"valueName":"search_term_string"}}],"inLanguage":"pt-BR"},{"@type":"Organization","@id":"https:\/\/phileo-lesaffre.com\/pt-br\/#organization","name":"Phileo by Lesaffre","url":"https:\/\/phileo-lesaffre.com\/pt-br\/","logo":{"@type":"ImageObject","inLanguage":"pt-BR","@id":"https:\/\/phileo-lesaffre.com\/pt-br\/#\/schema\/logo\/image\/","url":"https:\/\/phileo-lesaffre.com\/wp-content\/uploads\/2019\/04\/logo-phileo-lesaffre-1.jpg","contentUrl":"https:\/\/phileo-lesaffre.com\/wp-content\/uploads\/2019\/04\/logo-phileo-lesaffre-1.jpg","width":500,"height":250,"caption":"Phileo by Lesaffre"},"image":{"@id":"https:\/\/phileo-lesaffre.com\/pt-br\/#\/schema\/logo\/image\/"},"sameAs":["https:\/\/www.facebook.com\/phileo.lesaffre\/","https:\/\/x.com\/PhileoLesaffre","https:\/\/www.linkedin.com\/company\/phileo\/"]}]}},"_links":{"self":[{"href":"https:\/\/phileo-lesaffre.com\/pt-br\/wp-json\/wp\/v2\/pages\/402214","targetHints":{"allow":["GET"]}}],"collection":[{"href":"https:\/\/phileo-lesaffre.com\/pt-br\/wp-json\/wp\/v2\/pages"}],"about":[{"href":"https:\/\/phileo-lesaffre.com\/pt-br\/wp-json\/wp\/v2\/types\/page"}],"author":[{"embeddable":true,"href":"https:\/\/phileo-lesaffre.com\/pt-br\/wp-json\/wp\/v2\/users\/1"}],"replies":[{"embeddable":true,"href":"https:\/\/phileo-lesaffre.com\/pt-br\/wp-json\/wp\/v2\/comments?post=402214"}],"version-history":[{"count":0,"href":"https:\/\/phileo-lesaffre.com\/pt-br\/wp-json\/wp\/v2\/pages\/402214\/revisions"}],"up":[{"embeddable":true,"href":"https:\/\/phileo-lesaffre.com\/pt-br\/wp-json\/wp\/v2\/pages\/402118"}],"wp:attachment":[{"href":"https:\/\/phileo-lesaffre.com\/pt-br\/wp-json\/wp\/v2\/media?parent=402214"}],"curies":[{"name":"wp","href":"https:\/\/api.w.org\/{rel}","templated":true}]}}