{"id":402210,"date":"2020-11-18T07:59:48","date_gmt":"2020-11-18T06:59:48","guid":{"rendered":"http:\/\/phileo-lesaffre.com\/aves-de-corte\/manejo-da-saude-intestinal-em-aves-de-corte\/"},"modified":"2021-03-24T17:45:23","modified_gmt":"2021-03-24T16:45:23","slug":"manejo-da-saude-intestinal-em-aves-de-corte","status":"publish","type":"page","link":"https:\/\/phileo-lesaffre.com\/pt-br\/aves-de-corte\/manejo-da-saude-intestinal-em-aves-de-corte\/","title":{"rendered":"Manejo da sa\u00fade intestinal em aves de corte"},"content":{"rendered":"<div class=\"wpb-content-wrapper\"><p>[vc_row css_animation=&#8221;&#8221; row_type=&#8221;row&#8221; use_row_as_full_screen_section=&#8221;no&#8221; type=&#8221;full_width&#8221; angled_section=&#8221;no&#8221; text_align=&#8221;left&#8221; background_image_as_pattern=&#8221;without_pattern&#8221;][vc_column][qode_elements_holder number_of_columns=&#8221;two_columns&#8221; custom_class=&#8221;tete&#8221;][qode_elements_holder_item vertical_alignment=&#8221;middle&#8221; horizontal_alignment=&#8221;left&#8221; advanced_animations=&#8221;no&#8221; item_padding=&#8221;5% 8% 5% 0%&#8221;][vc_column_text]<\/p>\n<h2 class=\"feed2\"><span style=\"color: #4d4d4c;\">Manejo da sa\u00fade intestinal em aves de corte<\/span><\/h2>\n<p>[\/vc_column_text][vc_single_image image=&#8221;398041&#8243; img_size=&#8221;65&#215;33&#8243; qode_css_animation=&#8221;&#8221; css=&#8221;.vc_custom_1590613047306{padding-top: 5% !important;padding-bottom: 5% !important;}&#8221;][vc_column_text css=&#8221;.vc_custom_1594114729715{padding-right: 8% !important;}&#8221;]Na produ\u00e7\u00e3o de aves de corte, fazer as aves crescerem mais r\u00e1pido pela sele\u00e7\u00e3o gen\u00e9tica \u00e9 parcialmente baseado em sua capacidade de se alimentar, resultando em constante fornecimento excessivo de alimentos\/nutrientes ao intestino. Isso gera uma inflama\u00e7\u00e3o fisiol\u00f3gica cr\u00f4nica, com bact\u00e9rias como <em>Clostridium perfringens<\/em> crescendo nesta situa\u00e7\u00e3o intestinal e afetando a sa\u00fade do intestino. Como 70% da capacidade do sistema imunol\u00f3gico das aves est\u00e1 concentrada nos intestinos, a menor enterite pode afetar o crescimento e deixar as aves mais sens\u00edveis a doen\u00e7as.<\/p>\n<p>&nbsp;<\/p>\n<p>Manter uma boa sa\u00fade intestinal \u00e9 importante para transformar alimentos em carne e proteger as margens de lucros dos granjeiros. Fornecer Safmannan<sup>\u00ae<\/sup> a aves de alto desempenho mostrou reduzir os efeitos do estresse sobre a produ\u00e7\u00e3o e melhorar a sa\u00fade intestinal.[\/vc_column_text][vc_single_image image=&#8221;400275&#8243; img_size=&#8221;120&#215;178&#8243; alignment=&#8221;right&#8221; qode_css_animation=&#8221;&#8221;][\/qode_elements_holder_item][qode_elements_holder_item cover=&#8221;yes&#8221; vertical_alignment=&#8221;middle&#8221; horizontal_alignment=&#8221;left&#8221; advanced_animations=&#8221;no&#8221; background_image=&#8221;396339&#8243;][\/qode_elements_holder_item][\/qode_elements_holder][\/vc_column][\/vc_row][vc_row css_animation=&#8221;&#8221; row_type=&#8221;row&#8221; use_row_as_full_screen_section=&#8221;no&#8221; type=&#8221;full_width&#8221; angled_section=&#8221;no&#8221; text_align=&#8221;left&#8221; background_image_as_pattern=&#8221;without_pattern&#8221; z_index=&#8221;&#8221;][vc_column][qode_elements_holder number_of_columns=&#8221;two_columns&#8221;][qode_elements_holder_item vertical_alignment=&#8221;middle&#8221; horizontal_alignment=&#8221;left&#8221; advanced_animations=&#8221;no&#8221; item_padding=&#8221;5% 2% 5% 10%&#8221; background_color=&#8221;#e58734&#8243;][vc_column_text]<\/p>\n<h2 class=\"feed4\"><span style=\"color: #ffffff;\">Melhora da morfologia intestinal e prote\u00e7\u00e3o da parede intestinal contra a fixa\u00e7\u00e3o de pat\u00f3genos<\/span><\/h2>\n<p>[\/vc_column_text][vc_single_image image=&#8221;397901&#8243; img_size=&#8221;50&#215;25&#8243; qode_css_animation=&#8221;&#8221; css=&#8221;.vc_custom_1592227932921{padding-top: 5% !important;padding-bottom: 5% !important;}&#8221;][vc_column_text css=&#8221;.vc_custom_1594114754322{padding-right: 10% !important;}&#8221;]<span style=\"color: #ffffff;\">Evid\u00eancias de um estudo mostram o efeito do Safmannan<sup>\u00ae<\/sup> sobre a produ\u00e7\u00e3o de c\u00e9lulas caliciformes, que secretam o muco que protege a parede celular intestinal. As aves do estudo que receberam ra\u00e7\u00e3o suplementada com Safmannan<sup>\u00ae<\/sup> produziram tr\u00eas vezes mais c\u00e9lulas caliciformes do que as alimentadas com a ra\u00e7\u00e3o de controle. Elas tamb\u00e9m tiveram vilosidades mais longas no jejuno (Morales et. al, 2010) (p &lt; 0,05).<\/span><\/p>\n<p>&nbsp;<\/p>\n<p><span style=\"color: #ffffff;\">Isso torna mais dif\u00edcil para as bact\u00e9rias patog\u00eanicas se fixarem ao epit\u00e9lio intestinal, enquanto vilosidades mais longas melhoram a absor\u00e7\u00e3o de nutrientes.<\/span>[\/vc_column_text][\/qode_elements_holder_item][qode_elements_holder_item advanced_animations=&#8221;no&#8221;][vc_single_image image=&#8221;404878&#8243; img_size=&#8221;full&#8221; alignment=&#8221;center&#8221; onclick=&#8221;link_image&#8221; qode_css_animation=&#8221;&#8221; qode_hover_animation=&#8221;zoom_in&#8221;][\/qode_elements_holder_item][\/qode_elements_holder][\/vc_column][\/vc_row][vc_row css_animation=&#8221;&#8221; row_type=&#8221;row&#8221; use_row_as_full_screen_section=&#8221;no&#8221; type=&#8221;full_width&#8221; angled_section=&#8221;no&#8221; text_align=&#8221;left&#8221; background_image_as_pattern=&#8221;without_pattern&#8221; css=&#8221;.vc_custom_1592234497567{background-color: #ffffff !important;}&#8221; z_index=&#8221;&#8221;][vc_column][qode_elements_holder number_of_columns=&#8221;two_columns&#8221;][qode_elements_holder_item advanced_animations=&#8221;no&#8221;][vc_single_image image=&#8221;404882&#8243; img_size=&#8221;full&#8221; onclick=&#8221;link_image&#8221; qode_css_animation=&#8221;&#8221; qode_hover_animation=&#8221;zoom_in&#8221;][\/qode_elements_holder_item][qode_elements_holder_item vertical_alignment=&#8221;middle&#8221; horizontal_alignment=&#8221;left&#8221; advanced_animations=&#8221;no&#8221; item_padding=&#8221;5% 10% 5% 5%&#8221; background_color=&#8221;#4d4d4c&#8221;][vc_column_text]<\/p>\n<h2 class=\"feed4\"><span style=\"color: #ffffff;\">Preserva\u00e7\u00e3o da integridade da jun\u00e7\u00e3o oclusiva<\/span><\/h2>\n<p>[\/vc_column_text][vc_single_image image=&#8221;397901&#8243; img_size=&#8221;50&#215;25&#8243; qode_css_animation=&#8221;&#8221; css=&#8221;.vc_custom_1592232787710{padding-top: 5% !important;padding-bottom: 5% !important;}&#8221;][vc_column_text]<span style=\"color: #ffffff;\">Um estudo tamb\u00e9m foi realizado pelo IRTA para avaliar o efeito do Safmannan<sup>\u00ae<\/sup> sobre a integridade das jun\u00e7\u00f5es oclusivas. O m\u00e9todo da fluoresc\u00eancia, que destaca o ZO-1, foi usado, mostrando manchas de fluoresc\u00eancia mais intensas no grupo do Safmannan<sup>\u00ae<\/sup> do que no controle. Isso demonstrou melhor integridade da jun\u00e7\u00e3o oclusiva ap\u00f3s um desafio de inflama\u00e7\u00e3o local.<\/span><\/p>\n<p>&nbsp;<\/p>\n<p><span style=\"color: #ffffff;\">Este efeito reduz a passagem de fluidos da circula\u00e7\u00e3o sangu\u00ednea para o intestino, evitando, assim, intestino perme\u00e1vel e fezes \u00famidas.<\/span>[\/vc_column_text][\/qode_elements_holder_item][\/qode_elements_holder][\/vc_column][\/vc_row][vc_row css_animation=&#8221;&#8221; row_type=&#8221;row&#8221; use_row_as_full_screen_section=&#8221;no&#8221; type=&#8221;full_width&#8221; angled_section=&#8221;no&#8221; text_align=&#8221;left&#8221; background_image_as_pattern=&#8221;without_pattern&#8221; z_index=&#8221;&#8221;][vc_column][qode_elements_holder number_of_columns=&#8221;two_columns&#8221;][qode_elements_holder_item vertical_alignment=&#8221;middle&#8221; horizontal_alignment=&#8221;left&#8221; advanced_animations=&#8221;no&#8221; item_padding=&#8221;5% 2% 5% 10%&#8221; background_color=&#8221;#e58734&#8243;][vc_column_text]<\/p>\n<h2 class=\"feed4\"><span style=\"color: #ffffff;\">Diminui\u00e7\u00e3o da press\u00e3o de pat\u00f3genos no intestino<\/span><\/h2>\n<p>[\/vc_column_text][vc_single_image image=&#8221;397901&#8243; img_size=&#8221;50&#215;25&#8243; qode_css_animation=&#8221;&#8221; css=&#8221;.vc_custom_1592232787710{padding-top: 5% !important;padding-bottom: 5% !important;}&#8221;][vc_column_text]<span style=\"color: #ffffff;\"><em>Posadas <em>et al.<\/em> publicaram v\u00e1rios estudos in vitro para demonstrar a capacidade do Safmannan<sup>\u00ae<\/sup> de se ligar a f\u00edmbrias de bact\u00e9rias Gram, como <em>Salmonella<\/em>. Pesquisas mostraram que 75% do <em>Clostridium perfringens<\/em> tamb\u00e9m foi ligado, mesmo quando bact\u00e9rias Gram-positivas n\u00e3o tinham f\u00edmbrias. O modo de a\u00e7\u00e3o das bact\u00e9rias Gram-positivas ainda deve ser esclarecido, mas confirma que o Safmannan<sup>\u00ae<\/sup> ajuda a diminuir a press\u00e3o das bact\u00e9rias patog\u00eanicas no intestino, limitando os efeitos negativos das bact\u00e9rias patog\u00eanicas na sa\u00fade intestinal.<\/em><\/span>[\/vc_column_text][\/qode_elements_holder_item][qode_elements_holder_item advanced_animations=&#8221;no&#8221;][vc_single_image image=&#8221;404886&#8243; img_size=&#8221;full&#8221; onclick=&#8221;link_image&#8221; qode_css_animation=&#8221;&#8221; qode_hover_animation=&#8221;zoom_in&#8221;][\/qode_elements_holder_item][\/qode_elements_holder][\/vc_column][\/vc_row][vc_row css_animation=&#8221;&#8221; row_type=&#8221;row&#8221; use_row_as_full_screen_section=&#8221;no&#8221; type=&#8221;full_width&#8221; angled_section=&#8221;no&#8221; text_align=&#8221;left&#8221; background_image_as_pattern=&#8221;without_pattern&#8221;][vc_column][qode_elements_holder number_of_columns=&#8221;two_columns&#8221;][qode_elements_holder_item vertical_alignment=&#8221;middle&#8221; horizontal_alignment=&#8221;left&#8221; advanced_animations=&#8221;no&#8221; item_padding=&#8221;2% 10% 2% 0%&#8221;][vc_column_text]<\/p>\n<h2 class=\"feed3\"><span style=\"color: #4d4d4c;\">Baixe o seu p\u00f4ster cient\u00edfico sobre sa\u00fade intestinal em aves de corte<\/span><\/h2>\n<p>[\/vc_column_text][vc_single_image image=&#8221;400651&#8243; img_size=&#8221;full&#8221; qode_css_animation=&#8221;&#8221;][\/qode_elements_holder_item][qode_elements_holder_item vertical_alignment=&#8221;middle&#8221; horizontal_alignment=&#8221;left&#8221; advanced_animations=&#8221;no&#8221; background_color=&#8221;#4d4d4c&#8221; item_padding=&#8221;5% 10% 5% 10%&#8221;][vc_column_text]<\/p>\n<h2 class=\"feed4\"><span style=\"color: #ffffff;\">Preencha este formul\u00e1rio para receber o seu p\u00f4ster<\/span><\/h2>\n<p>[\/vc_column_text][vc_separator type=&#8221;transparent&#8221; up=&#8221;10&#8243; down=&#8221;10&#8243;][vc_raw_html]JTNDZm9ybSUyMGlkJTNEJTIyZm9zcy02MDViMDMwYWQ1OWNiYzMyMjRlMmY2MzglMjIlM0UlM0MlMkZmb3JtJTNFJTNDc2NyaXB0JTIwYXN5bmMlMjBzcmMlM0QlMjdodHRwcyUzQSUyRiUyRmFwaS5wbGV6aS5jbyUyRmFwaSUyRnYxJTJGd2ViX2Zvcm1zJTJGc2NyaXB0cyUzRnRlbmFudF9pZCUzRDVlYzU0NDhlNTQwNjdhNDU5ZGJhNWNlNSUyNmZvcm1faWQlM0Q1ZWM1NDQ5MDU0MDY3YTQ1OWRiYTVkN2MlMjZmb3JtX3ZlcnNpb24lM0QzJTI2Y29udGVudF93ZWJfZm9ybV9pZCUzRDYwNWIwMzBhZDU5Y2JjMzIyNGUyZjYzOCUyNnBsel9sYW5nJTNEZW4lMjclM0UlM0MlMkZzY3JpcHQlM0U=[\/vc_raw_html][\/qode_elements_holder_item][\/qode_elements_holder][\/vc_column][\/vc_row][vc_row css_animation=&#8221;&#8221; row_type=&#8221;row&#8221; use_row_as_full_screen_section=&#8221;yes&#8221; type=&#8221;full_width&#8221; angled_section=&#8221;no&#8221; text_align=&#8221;left&#8221; background_image_as_pattern=&#8221;without_pattern&#8221; z_index=&#8221;&#8221;][vc_column][vc_separator type=&#8221;transparent&#8221; up=&#8221;10&#8243; down=&#8221;10&#8243;][vc_column_text css=&#8221;.vc_custom_1593402547571{padding-top: 2% !important;padding-bottom: 2% !important;}&#8221;]<\/p>\n<h2 class=\"feed3\"><span style=\"color: #4d4d4c;\">Saiba mais sobre manejo de aves de corte<\/span><\/h2>\n<p>[\/vc_column_text][vc_separator type=&#8221;transparent&#8221; up=&#8221;5&#8243; down=&#8221;5&#8243;][\/vc_column][vc_column width=&#8221;1\/5&#8243;][vc_single_image image=&#8221;403597&#8243; img_size=&#8221;full&#8221; alignment=&#8221;center&#8221; onclick=&#8221;custom_link&#8221; qode_css_animation=&#8221;&#8221; qode_hover_animation=&#8221;zoom_in&#8221; css=&#8221;.vc_custom_1607501653046{padding-top: 5% !important;padding-bottom: 5% !important;}&#8221; link=&#8221;\/pt-br\/programa-de-estresse-por-calor-em-aves-de-corte\/&#8221;][\/vc_column][vc_column width=&#8221;1\/5&#8243;][vc_single_image image=&#8221;403609&#8243; img_size=&#8221;full&#8221; alignment=&#8221;center&#8221; onclick=&#8221;custom_link&#8221; qode_css_animation=&#8221;&#8221; qode_hover_animation=&#8221;zoom_in&#8221; css=&#8221;.vc_custom_1607501552731{padding-top: 5% !important;padding-bottom: 5% !important;}&#8221; link=&#8221;\/pt-br\/aves-de-corte\/reducao-de-atb-em-aves-de-corte\/&#8221;][\/vc_column][vc_column width=&#8221;1\/5&#8243;][vc_single_image image=&#8221;403589&#8243; img_size=&#8221;full&#8221; alignment=&#8221;center&#8221; onclick=&#8221;custom_link&#8221; qode_css_animation=&#8221;&#8221; qode_hover_animation=&#8221;zoom_in&#8221; css=&#8221;.vc_custom_1607501578008{padding-top: 5% !important;padding-bottom: 5% !important;}&#8221; link=&#8221;\/pt-br\/aves-de-corte\/controle-de-salmonela-em-aves-de-corte\/&#8221;][\/vc_column][vc_column width=&#8221;1\/5&#8243;][vc_single_image image=&#8221;403605&#8243; img_size=&#8221;full&#8221; alignment=&#8221;center&#8221; onclick=&#8221;custom_link&#8221; qode_css_animation=&#8221;&#8221; qode_hover_animation=&#8221;zoom_in&#8221; css=&#8221;.vc_custom_1607501601939{padding-top: 5% !important;padding-bottom: 5% !important;}&#8221; link=&#8221;\/pt-br\/aves-de-corte\/modulacao-imune-e-titulacoes-de-anticorpos-em-aves-de-corte\/&#8221;][\/vc_column][vc_column width=&#8221;1\/5&#8243;][vc_single_image image=&#8221;403593&#8243; img_size=&#8221;full&#8221; alignment=&#8221;center&#8221; onclick=&#8221;custom_link&#8221; qode_css_animation=&#8221;&#8221; qode_hover_animation=&#8221;zoom_in&#8221; css=&#8221;.vc_custom_1607501627619{padding-top: 5% !important;padding-bottom: 5% !important;}&#8221; link=&#8221;\/pt-br\/aves-de-corte\/estresse-oxidativo-de-aves-de-corte\/&#8221;][\/vc_column][\/vc_row]<\/p>\n<\/div>","protected":false},"excerpt":{"rendered":"<p>[vc_row css_animation=&#8221;&#8221; row_type=&#8221;row&#8221; use_row_as_full_screen_section=&#8221;no&#8221; type=&#8221;full_width&#8221; angled_section=&#8221;no&#8221; text_align=&#8221;left&#8221; background_image_as_pattern=&#8221;without_pattern&#8221;][vc_column][qode_elements_holder number_of_columns=&#8221;two_columns&#8221; custom_class=&#8221;tete&#8221;][qode_elements_holder_item vertical_alignment=&#8221;middle&#8221; horizontal_alignment=&#8221;left&#8221; advanced_animations=&#8221;no&#8221; item_padding=&#8221;5% 8% 5% 0%&#8221;][vc_column_text] Manejo da sa\u00fade intestinal em aves de corte [\/vc_column_text][vc_single_image image=&#8221;398041&#8243; img_size=&#8221;65&#215;33&#8243; qode_css_animation=&#8221;&#8221; css=&#8221;.vc_custom_1590613047306{padding-top: 5% !important;padding-bottom: 5% !important;}&#8221;][vc_column_text css=&#8221;.vc_custom_1594114729715{padding-right: 8% !important;}&#8221;]Na produ\u00e7\u00e3o de aves de corte, fazer as aves&#8230;<\/p>\n","protected":false},"author":1,"featured_media":0,"parent":402118,"menu_order":0,"comment_status":"closed","ping_status":"closed","template":"full_width.php","meta":{"footnotes":""},"class_list":["post-402210","page","type-page","status-publish","hentry"],"yoast_head":"<!-- This site is optimized with the Yoast SEO Premium plugin v25.9 (Yoast SEO v27.3) - https:\/\/yoast.com\/product\/yoast-seo-premium-wordpress\/ -->\n<title>Manejo da sa\u00fade intestinal em aves de corte &#8226; Phileo by Lesaffre<\/title>\n<meta name=\"robots\" content=\"index, follow, max-snippet:-1, max-image-preview:large, max-video-preview:-1\" \/>\n<link rel=\"canonical\" href=\"https:\/\/phileo-lesaffre.com\/pt-br\/aves-de-corte\/manejo-da-saude-intestinal-em-aves-de-corte\/\" \/>\n<meta property=\"og:locale\" content=\"pt_BR\" \/>\n<meta property=\"og:type\" content=\"article\" \/>\n<meta property=\"og:title\" content=\"Manejo da sa\u00fade intestinal em aves de corte\" \/>\n<meta property=\"og:description\" content=\"Manejo da sa\u00fade intestinal em aves de corte Na produ\u00e7\u00e3o de aves de corte, fazer as aves crescerem mais r\u00e1pido pela sele\u00e7\u00e3o gen\u00e9tica \u00e9 parcialmente baseado\" \/>\n<meta property=\"og:url\" content=\"https:\/\/phileo-lesaffre.com\/pt-br\/aves-de-corte\/manejo-da-saude-intestinal-em-aves-de-corte\/\" \/>\n<meta property=\"og:site_name\" content=\"Phileo by Lesaffre\" \/>\n<meta property=\"article:publisher\" content=\"https:\/\/www.facebook.com\/phileo.lesaffre\/\" \/>\n<meta property=\"article:modified_time\" content=\"2021-03-24T16:45:23+00:00\" \/>\n<meta name=\"twitter:card\" content=\"summary_large_image\" \/>\n<meta name=\"twitter:site\" content=\"@PhileoLesaffre\" \/>\n<script type=\"application\/ld+json\" class=\"yoast-schema-graph\">{\"@context\":\"https:\\\/\\\/schema.org\",\"@graph\":[{\"@type\":\"WebPage\",\"@id\":\"https:\\\/\\\/phileo-lesaffre.com\\\/pt-br\\\/aves-de-corte\\\/manejo-da-saude-intestinal-em-aves-de-corte\\\/\",\"url\":\"https:\\\/\\\/phileo-lesaffre.com\\\/pt-br\\\/aves-de-corte\\\/manejo-da-saude-intestinal-em-aves-de-corte\\\/\",\"name\":\"Manejo da sa\u00fade intestinal em aves de corte &#8226; Phileo by Lesaffre\",\"isPartOf\":{\"@id\":\"https:\\\/\\\/phileo-lesaffre.com\\\/pt-br\\\/#website\"},\"datePublished\":\"2020-11-18T06:59:48+00:00\",\"dateModified\":\"2021-03-24T16:45:23+00:00\",\"breadcrumb\":{\"@id\":\"https:\\\/\\\/phileo-lesaffre.com\\\/pt-br\\\/aves-de-corte\\\/manejo-da-saude-intestinal-em-aves-de-corte\\\/#breadcrumb\"},\"inLanguage\":\"pt-BR\",\"potentialAction\":[{\"@type\":\"ReadAction\",\"target\":[\"https:\\\/\\\/phileo-lesaffre.com\\\/pt-br\\\/aves-de-corte\\\/manejo-da-saude-intestinal-em-aves-de-corte\\\/\"]}]},{\"@type\":\"BreadcrumbList\",\"@id\":\"https:\\\/\\\/phileo-lesaffre.com\\\/pt-br\\\/aves-de-corte\\\/manejo-da-saude-intestinal-em-aves-de-corte\\\/#breadcrumb\",\"itemListElement\":[{\"@type\":\"ListItem\",\"position\":1,\"name\":\"Phileo by Lesaffre\",\"item\":\"https:\\\/\\\/phileo-lesaffre.com\\\/pt-br\\\/\"},{\"@type\":\"ListItem\",\"position\":2,\"name\":\"Aves de corte\",\"item\":\"https:\\\/\\\/phileo-lesaffre.com\\\/pt-br\\\/aves-de-corte\\\/\"},{\"@type\":\"ListItem\",\"position\":3,\"name\":\"Manejo da sa\u00fade intestinal em aves de corte\"}]},{\"@type\":\"WebSite\",\"@id\":\"https:\\\/\\\/phileo-lesaffre.com\\\/pt-br\\\/#website\",\"url\":\"https:\\\/\\\/phileo-lesaffre.com\\\/pt-br\\\/\",\"name\":\"Phileo by Lesaffre\",\"description\":\"Animal nutrition and health from yeast products\",\"publisher\":{\"@id\":\"https:\\\/\\\/phileo-lesaffre.com\\\/pt-br\\\/#organization\"},\"potentialAction\":[{\"@type\":\"SearchAction\",\"target\":{\"@type\":\"EntryPoint\",\"urlTemplate\":\"https:\\\/\\\/phileo-lesaffre.com\\\/pt-br\\\/?s={search_term_string}\"},\"query-input\":{\"@type\":\"PropertyValueSpecification\",\"valueRequired\":true,\"valueName\":\"search_term_string\"}}],\"inLanguage\":\"pt-BR\"},{\"@type\":\"Organization\",\"@id\":\"https:\\\/\\\/phileo-lesaffre.com\\\/pt-br\\\/#organization\",\"name\":\"Phileo by Lesaffre\",\"url\":\"https:\\\/\\\/phileo-lesaffre.com\\\/pt-br\\\/\",\"logo\":{\"@type\":\"ImageObject\",\"inLanguage\":\"pt-BR\",\"@id\":\"https:\\\/\\\/phileo-lesaffre.com\\\/pt-br\\\/#\\\/schema\\\/logo\\\/image\\\/\",\"url\":\"https:\\\/\\\/phileo-lesaffre.com\\\/wp-content\\\/uploads\\\/2019\\\/04\\\/logo-phileo-lesaffre-1.jpg\",\"contentUrl\":\"https:\\\/\\\/phileo-lesaffre.com\\\/wp-content\\\/uploads\\\/2019\\\/04\\\/logo-phileo-lesaffre-1.jpg\",\"width\":500,\"height\":250,\"caption\":\"Phileo by Lesaffre\"},\"image\":{\"@id\":\"https:\\\/\\\/phileo-lesaffre.com\\\/pt-br\\\/#\\\/schema\\\/logo\\\/image\\\/\"},\"sameAs\":[\"https:\\\/\\\/www.facebook.com\\\/phileo.lesaffre\\\/\",\"https:\\\/\\\/x.com\\\/PhileoLesaffre\",\"https:\\\/\\\/www.linkedin.com\\\/company\\\/phileo\\\/\"]}]}<\/script>\n<!-- \/ Yoast SEO Premium plugin. -->","yoast_head_json":{"title":"Manejo da sa\u00fade intestinal em aves de corte &#8226; Phileo by Lesaffre","robots":{"index":"index","follow":"follow","max-snippet":"max-snippet:-1","max-image-preview":"max-image-preview:large","max-video-preview":"max-video-preview:-1"},"canonical":"https:\/\/phileo-lesaffre.com\/pt-br\/aves-de-corte\/manejo-da-saude-intestinal-em-aves-de-corte\/","og_locale":"pt_BR","og_type":"article","og_title":"Manejo da sa\u00fade intestinal em aves de corte","og_description":"Manejo da sa\u00fade intestinal em aves de corte Na produ\u00e7\u00e3o de aves de corte, fazer as aves crescerem mais r\u00e1pido pela sele\u00e7\u00e3o gen\u00e9tica \u00e9 parcialmente baseado","og_url":"https:\/\/phileo-lesaffre.com\/pt-br\/aves-de-corte\/manejo-da-saude-intestinal-em-aves-de-corte\/","og_site_name":"Phileo by Lesaffre","article_publisher":"https:\/\/www.facebook.com\/phileo.lesaffre\/","article_modified_time":"2021-03-24T16:45:23+00:00","twitter_card":"summary_large_image","twitter_site":"@PhileoLesaffre","schema":{"@context":"https:\/\/schema.org","@graph":[{"@type":"WebPage","@id":"https:\/\/phileo-lesaffre.com\/pt-br\/aves-de-corte\/manejo-da-saude-intestinal-em-aves-de-corte\/","url":"https:\/\/phileo-lesaffre.com\/pt-br\/aves-de-corte\/manejo-da-saude-intestinal-em-aves-de-corte\/","name":"Manejo da sa\u00fade intestinal em aves de corte &#8226; Phileo by Lesaffre","isPartOf":{"@id":"https:\/\/phileo-lesaffre.com\/pt-br\/#website"},"datePublished":"2020-11-18T06:59:48+00:00","dateModified":"2021-03-24T16:45:23+00:00","breadcrumb":{"@id":"https:\/\/phileo-lesaffre.com\/pt-br\/aves-de-corte\/manejo-da-saude-intestinal-em-aves-de-corte\/#breadcrumb"},"inLanguage":"pt-BR","potentialAction":[{"@type":"ReadAction","target":["https:\/\/phileo-lesaffre.com\/pt-br\/aves-de-corte\/manejo-da-saude-intestinal-em-aves-de-corte\/"]}]},{"@type":"BreadcrumbList","@id":"https:\/\/phileo-lesaffre.com\/pt-br\/aves-de-corte\/manejo-da-saude-intestinal-em-aves-de-corte\/#breadcrumb","itemListElement":[{"@type":"ListItem","position":1,"name":"Phileo by Lesaffre","item":"https:\/\/phileo-lesaffre.com\/pt-br\/"},{"@type":"ListItem","position":2,"name":"Aves de corte","item":"https:\/\/phileo-lesaffre.com\/pt-br\/aves-de-corte\/"},{"@type":"ListItem","position":3,"name":"Manejo da sa\u00fade intestinal em aves de corte"}]},{"@type":"WebSite","@id":"https:\/\/phileo-lesaffre.com\/pt-br\/#website","url":"https:\/\/phileo-lesaffre.com\/pt-br\/","name":"Phileo by Lesaffre","description":"Animal nutrition and health from yeast products","publisher":{"@id":"https:\/\/phileo-lesaffre.com\/pt-br\/#organization"},"potentialAction":[{"@type":"SearchAction","target":{"@type":"EntryPoint","urlTemplate":"https:\/\/phileo-lesaffre.com\/pt-br\/?s={search_term_string}"},"query-input":{"@type":"PropertyValueSpecification","valueRequired":true,"valueName":"search_term_string"}}],"inLanguage":"pt-BR"},{"@type":"Organization","@id":"https:\/\/phileo-lesaffre.com\/pt-br\/#organization","name":"Phileo by Lesaffre","url":"https:\/\/phileo-lesaffre.com\/pt-br\/","logo":{"@type":"ImageObject","inLanguage":"pt-BR","@id":"https:\/\/phileo-lesaffre.com\/pt-br\/#\/schema\/logo\/image\/","url":"https:\/\/phileo-lesaffre.com\/wp-content\/uploads\/2019\/04\/logo-phileo-lesaffre-1.jpg","contentUrl":"https:\/\/phileo-lesaffre.com\/wp-content\/uploads\/2019\/04\/logo-phileo-lesaffre-1.jpg","width":500,"height":250,"caption":"Phileo by Lesaffre"},"image":{"@id":"https:\/\/phileo-lesaffre.com\/pt-br\/#\/schema\/logo\/image\/"},"sameAs":["https:\/\/www.facebook.com\/phileo.lesaffre\/","https:\/\/x.com\/PhileoLesaffre","https:\/\/www.linkedin.com\/company\/phileo\/"]}]}},"_links":{"self":[{"href":"https:\/\/phileo-lesaffre.com\/pt-br\/wp-json\/wp\/v2\/pages\/402210","targetHints":{"allow":["GET"]}}],"collection":[{"href":"https:\/\/phileo-lesaffre.com\/pt-br\/wp-json\/wp\/v2\/pages"}],"about":[{"href":"https:\/\/phileo-lesaffre.com\/pt-br\/wp-json\/wp\/v2\/types\/page"}],"author":[{"embeddable":true,"href":"https:\/\/phileo-lesaffre.com\/pt-br\/wp-json\/wp\/v2\/users\/1"}],"replies":[{"embeddable":true,"href":"https:\/\/phileo-lesaffre.com\/pt-br\/wp-json\/wp\/v2\/comments?post=402210"}],"version-history":[{"count":0,"href":"https:\/\/phileo-lesaffre.com\/pt-br\/wp-json\/wp\/v2\/pages\/402210\/revisions"}],"up":[{"embeddable":true,"href":"https:\/\/phileo-lesaffre.com\/pt-br\/wp-json\/wp\/v2\/pages\/402118"}],"wp:attachment":[{"href":"https:\/\/phileo-lesaffre.com\/pt-br\/wp-json\/wp\/v2\/media?parent=402210"}],"curies":[{"name":"wp","href":"https:\/\/api.w.org\/{rel}","templated":true}]}}