{"id":402175,"date":"2020-11-18T07:58:08","date_gmt":"2020-11-18T06:58:08","guid":{"rendered":"http:\/\/phileo-lesaffre.com\/prosaf\/"},"modified":"2020-11-18T07:58:10","modified_gmt":"2020-11-18T06:58:10","slug":"prosaf","status":"publish","type":"page","link":"https:\/\/phileo-lesaffre.com\/pt-br\/prosaf\/","title":{"rendered":"Prosaf"},"content":{"rendered":"<div class=\"wpb-content-wrapper\"><p>[vc_row css_animation=&#8221;&#8221; row_type=&#8221;row&#8221; use_row_as_full_screen_section=&#8221;no&#8221; type=&#8221;full_width&#8221; angled_section=&#8221;no&#8221; text_align=&#8221;left&#8221; background_image_as_pattern=&#8221;without_pattern&#8221;][vc_column][qode_elements_holder number_of_columns=&#8221;two_columns&#8221;][qode_elements_holder_item vertical_alignment=&#8221;middle&#8221; horizontal_alignment=&#8221;left&#8221; advanced_animations=&#8221;no&#8221; item_padding=&#8221;5% 10% 5% 0%&#8221;][vc_column_text]<\/p>\n<h2 class=\"feed2\"><span style=\"color: #4d4d4c;\">Prosaf<sup>\u00ae<\/sup> extrato sol\u00favel de levedura purificado para desempenho animal sustent\u00e1vel<\/span><\/h2>\n<p>[\/vc_column_text][vc_single_image image=&#8221;398041&#8243; img_size=&#8221;65&#215;33&#8243; qode_css_animation=&#8221;&#8221; css=&#8221;.vc_custom_1590613257454{padding-top: 5% !important;padding-bottom: 5% !important;}&#8221;][vc_column_text css=&#8221;.vc_custom_1592222357586{padding-right: 10% !important;}&#8221;]At\u00e9 2025, precisaremos de mais 60 milh\u00f5es de toneladas de prote\u00edna animal para alimentar o mundo. As fontes atuais n\u00e3o ser\u00e3o suficientes. A tend\u00eancia atual \u00e9, portanto, reduzir o n\u00edvel de fontes menos sustent\u00e1veis de prote\u00edna animal, como farinha de peixe ou plasma, e reformular as dietas modificando f\u00f3rmulas para manter um equil\u00edbrio entre palatabilidade e digestibilidade, riqueza de nutrientes e pre\u00e7o.<\/p>\n<p>&nbsp;<\/p>\n<p>Prosaf<sup>\u00ae<\/sup> \u00e9 um extrato de leveduras altamente purificado e funcional com alto teor de prote\u00ednas (>\u00a063%), consistindo principalmente em amino\u00e1cidos essenciais altamente diger\u00edveis e pept\u00eddeos de baixo peso molecular. \u00c9 rico em \u00e1cidos glut\u00e2micos, \u00e1cidos nucleicos e vitaminas do complexo B.<\/p>\n<p>&nbsp;<\/p>\n<p>A adi\u00e7\u00e3o de Prosaf<sup>\u00ae<\/sup> \u00e0s ra\u00e7\u00f5es dos animais mostrou melhorar a palatabilidade e digestibilidade das prote\u00ednas, resultando em melhor efici\u00eancia alimentar e desempenho em termos de crescimento.[\/vc_column_text][\/qode_elements_holder_item][qode_elements_holder_item cover=&#8221;yes&#8221; vertical_alignment=&#8221;middle&#8221; horizontal_alignment=&#8221;left&#8221; advanced_animations=&#8221;no&#8221; background_image=&#8221;397200&#8243;][\/qode_elements_holder_item][\/qode_elements_holder][\/vc_column][\/vc_row][vc_row css_animation=&#8221;&#8221; row_type=&#8221;row&#8221; use_row_as_full_screen_section=&#8221;yes&#8221; type=&#8221;full_width&#8221; angled_section=&#8221;no&#8221; text_align=&#8221;left&#8221; background_image_as_pattern=&#8221;without_pattern&#8221; z_index=&#8221;&#8221; css=&#8221;.vc_custom_1590613315117{padding-top: 1% !important;padding-bottom: 2% !important;}&#8221;][vc_column][vc_column_text]<\/p>\n<h2 class=\"feed2\"><span style=\"color: #4d4d4c;\">Respondendo \u00e0s necessidades<br \/>\ndos nossos clientes<\/span><\/h2>\n<p>[\/vc_column_text][vc_separator type=&#8221;transparent&#8221; up=&#8221;15&#8243; down=&#8221;15&#8243;][\/vc_column][vc_column width=&#8221;1\/3&#8243; css=&#8221;.vc_custom_1589951433309{padding-top: 15px !important;padding-right: 25px !important;padding-bottom: 15px !important;padding-left: 25px !important;}&#8221;][vc_column_text css=&#8221;.vc_custom_1598961590376{padding-top: 5% !important;padding-right: 10% !important;padding-bottom: 20% !important;padding-left: 10% !important;background-color: #706f6f !important;}&#8221; el_class=&#8221;bloc&#8221;]<\/p>\n<h3><span style=\"color: #ffffff;\">Benef\u00edcios do Prosaf<sup>\u00ae<\/sup> para os animais<\/span><\/h3>\n<p>[vc_separator type=&#8221;transparent&#8221; up=&#8221;5&#8243; down=&#8221;5&#8243;]<br \/>\n<span style=\"color: #ffffff;\">1. O Prosaf<sup>\u00ae<\/sup> aumenta o consumo alimentar, com seu alto n\u00edvel de \u00e1cido glut\u00e2mico e amino\u00e1cidos livres, que o torna altamente palat\u00e1vel para os animais<br \/>\n[vc_separator type=&#8221;transparent&#8221; up=&#8221;10&#8243; down=&#8221;10&#8243;]<br \/>\n2. O Prosaf<sup>\u00ae<\/sup> ajuda a aumentar o crescimento e ganho de peso di\u00e1rio dos animais, otimizando a efici\u00eancia alimentar<br \/>\n[vc_separator type=&#8221;transparent&#8221; up=&#8221;10&#8243; down=&#8221;10&#8243;]<br \/>\n3. O Prosaf<sup>\u00ae<\/sup> participa do desenvolvimento da diversidade da microbiota, resultando em melhor sa\u00fade intestinal.<br \/>\n[vc_separator type=&#8221;transparent&#8221; up=&#8221;10&#8243; down=&#8221;10&#8243;]<br \/>\n4. O Prosaf<sup>\u00ae<\/sup> ajuda a manter o estado imunol\u00f3gico em ambientes dif\u00edceis<br \/>\n[vc_separator type=&#8221;transparent&#8221; up=&#8221;10&#8243; down=&#8221;10&#8243;]<br \/>\n5. O Prosaf<sup>\u00ae<\/sup> \u00e9 uma alternativa natural e sustent\u00e1vel a fontes proteicas convencionais\u00a0<\/span>[\/vc_column_text][\/vc_column][vc_column width=&#8221;1\/3&#8243; css=&#8221;.vc_custom_1589951537170{padding-top: 15px !important;padding-right: 25px !important;padding-bottom: 15px !important;padding-left: 25px !important;}&#8221;][vc_column_text css=&#8221;.vc_custom_1596865648057{padding-top: 5% !important;padding-right: 10% !important;padding-bottom: 20% !important;padding-left: 10% !important;background-color: #007632 !important;}&#8221; el_class=&#8221;bloc&#8221;]<\/p>\n<h3><span style=\"color: #ffffff;\">O Prosaf<sup>\u00ae<\/sup> aumenta a sustentabilidade na aquicultura<\/span><\/h3>\n<p>[vc_separator type=&#8221;transparent&#8221; up=&#8221;5&#8243; down=&#8221;5&#8243;]<br \/>\n<span style=\"color: #ffffff;\">1. Por ser uma fonte altamente diger\u00edvel e palat\u00e1vel de prote\u00ednas, amino\u00e1cidos essenciais e energia, o Prosaf<sup>\u00ae<\/sup> pode liderar o sucesso na reformula\u00e7\u00e3o da dieta com menos farinha de peixe<br \/>\n[vc_separator type=&#8221;transparent&#8221; up=&#8221;10&#8243; down=&#8221;10&#8243;]<br \/>\n2. O Prosaf<sup>\u00ae<\/sup> aumenta a atratividade do alimento e aumenta o consumo alimentar dos camar\u00f5es. Melhora o desempenho em termos de crescimento dos camar\u00f5es<br \/>\n[vc_separator type=&#8221;transparent&#8221; up=&#8221;10&#8243; down=&#8221;10&#8243;]<br \/>\n3. O Prosaf<sup>\u00ae<\/sup> melhora a digestibilidade alimentar e o estado imunol\u00f3gico dos camar\u00f5es<br \/>\n[vc_separator type=&#8221;transparent&#8221; up=&#8221;10&#8243; down=&#8221;10&#8243;]<br \/>\n4. O Prosaf<sup>\u00ae<\/sup> \u00e9 uma ferramenta vi\u00e1vel para aumentar a sustentabilidade na nutri\u00e7\u00e3o dos camar\u00f5es<\/span>[\/vc_column_text][\/vc_column][vc_column width=&#8221;1\/3&#8243; css=&#8221;.vc_custom_1589951530829{padding-top: 15px !important;padding-right: 25px !important;padding-bottom: 15px !important;padding-left: 25px !important;}&#8221;][vc_column_text css=&#8221;.vc_custom_1596865481434{padding-top: 5% !important;padding-right: 10% !important;padding-bottom: 20% !important;padding-left: 10% !important;background-color: #007632 !important;}&#8221; el_class=&#8221;bloc&#8221;]<\/p>\n<h3><span style=\"color: #ffffff;\">O Prosaf<sup>\u00ae<\/sup> aumenta a sustentabilidade em su\u00ednos<\/span><\/h3>\n<p>[vc_separator type=&#8221;transparent&#8221; up=&#8221;5&#8243; down=&#8221;5&#8243;]<br \/>\n<span style=\"color: #ffffff;\">1. O Prosaf<sup>\u00ae<\/sup> melhora a palatabilidade da ra\u00e7\u00e3o e aumenta o consumo alimentar dos leit\u00f5es<br \/>\n[vc_separator type=&#8221;transparent&#8221; up=&#8221;20&#8243; down=&#8221;20&#8243;]<br \/>\n2. O Prosaf<sup>\u00ae<\/sup> promove o desenvolvimento intestinal dos leit\u00f5es<br \/>\n[vc_separator type=&#8221;transparent&#8221; up=&#8221;20&#8243; down=&#8221;20&#8243;]<br \/>\n3. O Prosaf<sup>\u00ae<\/sup> melhora o desempenho em termos de crescimento dos leit\u00f5es e a resposta imunol\u00f3gica<\/span>[\/vc_column_text][\/vc_column][\/vc_row][vc_row css_animation=&#8221;&#8221; row_type=&#8221;row&#8221; use_row_as_full_screen_section=&#8221;no&#8221; type=&#8221;full_width&#8221; angled_section=&#8221;no&#8221; text_align=&#8221;left&#8221; background_image_as_pattern=&#8221;without_pattern&#8221;][vc_column][qode_elements_holder number_of_columns=&#8221;two_columns&#8221;][qode_elements_holder_item cover=&#8221;yes&#8221; vertical_alignment=&#8221;middle&#8221; horizontal_alignment=&#8221;left&#8221; advanced_animations=&#8221;no&#8221; background_image=&#8221;879&#8243;][\/qode_elements_holder_item][qode_elements_holder_item vertical_alignment=&#8221;middle&#8221; horizontal_alignment=&#8221;left&#8221; advanced_animations=&#8221;no&#8221; item_padding=&#8221;5% 10% 5% 10%&#8221; background_color=&#8221;#007632&#8243;][vc_column_text]<\/p>\n<h2 class=\"feed4\"><span style=\"color: #ffffff;\">Prosaf<sup>\u00ae<\/sup> \u00e9 uma fonte altamente diger\u00edvel e sustent\u00e1vel de amino\u00e1cidos essenciais e componentes funcionais<\/span><\/h2>\n<p>[\/vc_column_text][vc_separator type=&#8221;transparent&#8221; up=&#8221;15&#8243; down=&#8221;15&#8243;][vc_single_image image=&#8221;397901&#8243; img_size=&#8221;50&#215;25&#8243; qode_css_animation=&#8221;&#8221; qode_hover_animation=&#8221;zoom_in&#8221;][vc_separator type=&#8221;transparent&#8221; up=&#8221;15&#8243; down=&#8221;15&#8243;][vc_column_text css=&#8221;.vc_custom_1592216922877{padding-right: 10% !important;}&#8221;]<span style=\"color: #ffffff;\">Prosaf<sup>\u00ae<\/sup> \u00e9 um extrato premium de leveduras obtido da cultura prim\u00e1ria de uma cepa propriet\u00e1ria da levedura Saccharomyces cerevisiae. As c\u00e9lulas da levedura s\u00e3o autolisadas antes da centrifuga\u00e7\u00e3o para separar o extrato de levedura da parede celular da levedura. A sele\u00e7\u00e3o da cepa e o processo de padroniza\u00e7\u00e3o garantem alta qualidade e consist\u00eancia em cada lote. O Prosaf\u00ae cont\u00e9m apenas pequenos componentes ativos e funcionais, com mais de 88% dos pept\u00eddeos abaixo de 3,6 kDa e 38% abaixo de 1 kDa, o que os torna altamente diger\u00edveis.<\/span>[\/vc_column_text][\/qode_elements_holder_item][\/qode_elements_holder][\/vc_column][\/vc_row][vc_row css_animation=&#8221;&#8221; row_type=&#8221;row&#8221; use_row_as_full_screen_section=&#8221;no&#8221; type=&#8221;full_width&#8221; angled_section=&#8221;no&#8221; text_align=&#8221;left&#8221; background_image_as_pattern=&#8221;without_pattern&#8221; z_index=&#8221;&#8221; anchor=&#8221;sustainability&#8221;][vc_column][qode_elements_holder number_of_columns=&#8221;two_columns&#8221;][qode_elements_holder_item vertical_alignment=&#8221;middle&#8221; horizontal_alignment=&#8221;left&#8221; advanced_animations=&#8221;no&#8221; item_padding=&#8221;5% 10% 5% 10%&#8221; background_color=&#8221;#706f6f&#8221;][vc_column_text]<\/p>\n<h2 class=\"feed4\"><span style=\"color: #ffffff;\">Modo de a\u00e7\u00e3o do extrato de leveduras sol\u00favel purificado Prosaf<sup>\u00ae<\/sup> para desempenho sustent\u00e1vel dos animais<\/span><\/h2>\n<p>[\/vc_column_text][vc_separator type=&#8221;transparent&#8221; up=&#8221;15&#8243; down=&#8221;15&#8243;][vc_single_image image=&#8221;397901&#8243; img_size=&#8221;50&#215;25&#8243; qode_css_animation=&#8221;&#8221; qode_hover_animation=&#8221;zoom_in&#8221;][vc_separator type=&#8221;transparent&#8221; up=&#8221;15&#8243; down=&#8221;15&#8243;][vc_column_text css=&#8221;.vc_custom_1592216956867{padding-right: 10% !important;}&#8221;]<span style=\"color: #ffffff;\">Prosaf<sup>\u00ae<\/sup> \u00e9 uma fonte de amino\u00e1cidos essenciais, como lisina, que podem completar o perfil proteico da planta em dietas pobres em farinha de peixe, com alto teor de amino\u00e1cidos diger\u00edveis comparados \u00e0 farinha de soja. Prosaf<sup>\u00ae<\/sup> tamb\u00e9m cont\u00e9m um alto n\u00edvel de \u00e1cido glut\u00e2mico, um amino\u00e1cido conhecido por ser altamente apetitoso.<\/span>[\/vc_column_text][\/qode_elements_holder_item][qode_elements_holder_item vertical_alignment=&#8221;middle&#8221; horizontal_alignment=&#8221;left&#8221; advanced_animations=&#8221;no&#8221; background_image=&#8221;815&#8243;][\/qode_elements_holder_item][\/qode_elements_holder][\/vc_column][\/vc_row][vc_row css_animation=&#8221;&#8221; row_type=&#8221;row&#8221; use_row_as_full_screen_section=&#8221;no&#8221; type=&#8221;full_width&#8221; angled_section=&#8221;no&#8221; text_align=&#8221;left&#8221; background_image_as_pattern=&#8221;without_pattern&#8221; z_index=&#8221;&#8221; anchor=&#8221;sustainability&#8221;][vc_column][vc_separator type=&#8221;transparent&#8221;][qode_elements_holder number_of_columns=&#8221;two_columns&#8221;][qode_elements_holder_item vertical_alignment=&#8221;middle&#8221; horizontal_alignment=&#8221;left&#8221; advanced_animations=&#8221;no&#8221;][vc_single_image image=&#8221;398197&#8243; img_size=&#8221;full&#8221; alignment=&#8221;center&#8221; qode_css_animation=&#8221;&#8221; qode_hover_animation=&#8221;zoom_in&#8221;][\/qode_elements_holder_item][qode_elements_holder_item vertical_alignment=&#8221;middle&#8221; horizontal_alignment=&#8221;left&#8221; advanced_animations=&#8221;no&#8221; item_padding=&#8221;5% 10% 5% 10%&#8221; background_color=&#8221;#ffffff&#8221;][vc_column_text]<\/p>\n<h2 class=\"feed4\">Respondendo \u00e0s necessidades dos nossos clientes<\/h2>\n<p>[\/vc_column_text][vc_separator type=&#8221;transparent&#8221; up=&#8221;15&#8243; down=&#8221;15&#8243;][vc_single_image image=&#8221;398041&#8243; img_size=&#8221;50&#215;25&#8243; qode_css_animation=&#8221;&#8221; qode_hover_animation=&#8221;zoom_in&#8221;][vc_separator type=&#8221;transparent&#8221; up=&#8221;15&#8243; down=&#8221;15&#8243;][vc_column_text]<strong>Embalagem<\/strong><\/p>\n<ul>\n<li>Saco de papel multiparedes de 20\u00a0kg com revestimento de polietileno<\/li>\n<\/ul>\n<p>&nbsp;<\/p>\n<p><strong>Validade<\/strong><\/p>\n<ul>\n<li>O Prosaf<sup>\u00ae<\/sup> tem validade de 2 anos<\/li>\n<\/ul>\n<p>&nbsp;<\/p>\n<p><strong>Armazenamento<\/strong><\/p>\n<ul>\n<li>Manter em local seco e fresco para melhor preserva\u00e7\u00e3o<\/li>\n<\/ul>\n<p>&nbsp;<\/p>\n<p><strong>Dosagem<\/strong><\/p>\n<ul>\n<li>Consulte nossos especialistas Phileo <em><a href=\"http:\/\/phileo-lesaffre.com\/pt-br\/encontre-o-seu-contato-local\/\">aqui<\/a><\/em><\/li>\n<\/ul>\n<p>[\/vc_column_text][vc_separator type=&#8221;transparent&#8221; up=&#8221;15&#8243; down=&#8221;15&#8243;][\/qode_elements_holder_item][\/qode_elements_holder][\/vc_column][\/vc_row][vc_row css_animation=&#8221;&#8221; row_type=&#8221;row&#8221; use_row_as_full_screen_section=&#8221;yes&#8221; type=&#8221;full_width&#8221; angled_section=&#8221;no&#8221; text_align=&#8221;left&#8221; background_image_as_pattern=&#8221;without_pattern&#8221; css=&#8221;.vc_custom_1590613392675{padding-bottom: 2% !important;}&#8221; z_index=&#8221;&#8221;][vc_column][vc_column_text css=&#8221;.vc_custom_1590613411511{padding-top: 2% !important;padding-bottom: 2% !important;}&#8221;]<\/p>\n<h2 class=\"feed3\"><span style=\"color: #96bb39;\">Artigos<\/span><\/h2>\n<p>[\/vc_column_text][vc_separator type=&#8221;transparent&#8221; up=&#8221;15&#8243; down=&#8221;15&#8243;]<div class=\"qode-news-holder qode-post-carousel1 qode-nl-normal-space\"  data-post-status=publish data-category-name=products data-ignore-sticky-posts=1 data-orderby=rand data-sort=random data-paged=1 data-max-num-pages=0 data-next-page=2 data-title-tag=h4 data-image-size=portfolio-portrait data-display-categories=no data-display-excerpt=no data-display-date=yes data-display-author=no data-display-share=yes data-display-hot-trending-icons=no data-layout=qode_post_carousel1>Sorry, no posts matched your criteria.<\/div>[\/vc_column][\/vc_row][vc_row css_animation=&#8221;&#8221; row_type=&#8221;row&#8221; use_row_as_full_screen_section=&#8221;no&#8221; type=&#8221;full_width&#8221; angled_section=&#8221;no&#8221; text_align=&#8221;left&#8221; background_image_as_pattern=&#8221;without_pattern&#8221;][vc_column][vc_column_text]<em>Nem todos os produtos est\u00e3o dispon\u00edveis em todos os mercados nem as alega\u00e7\u00f5es associadas s\u00e3o permitidas em todas as regi\u00f5es. As informa\u00e7\u00f5es fornecidas neste documento s\u00e3o, em nosso melhor conhecimento, verdadeiras e precisas. Por\u00e9m, os produtos s\u00f3 devem ser usados em conformidade com as leis e regulamenta\u00e7\u00f5es locais, e n\u00e3o garantimos liberdade de uso para cada aplica\u00e7\u00e3o ou pa\u00eds pretendido.<\/em>[\/vc_column_text][\/vc_column][\/vc_row]<\/p>\n<\/div>","protected":false},"excerpt":{"rendered":"<p>[vc_row css_animation=&#8221;&#8221; row_type=&#8221;row&#8221; use_row_as_full_screen_section=&#8221;no&#8221; type=&#8221;full_width&#8221; angled_section=&#8221;no&#8221; text_align=&#8221;left&#8221; background_image_as_pattern=&#8221;without_pattern&#8221;][vc_column][qode_elements_holder number_of_columns=&#8221;two_columns&#8221;][qode_elements_holder_item vertical_alignment=&#8221;middle&#8221; horizontal_alignment=&#8221;left&#8221; advanced_animations=&#8221;no&#8221; item_padding=&#8221;5% 10% 5% 0%&#8221;][vc_column_text] Prosaf\u00ae extrato sol\u00favel de levedura purificado para desempenho animal sustent\u00e1vel [\/vc_column_text][vc_single_image image=&#8221;398041&#8243; img_size=&#8221;65&#215;33&#8243; qode_css_animation=&#8221;&#8221; css=&#8221;.vc_custom_1590613257454{padding-top: 5% !important;padding-bottom: 5% !important;}&#8221;][vc_column_text css=&#8221;.vc_custom_1592222357586{padding-right: 10% !important;}&#8221;]At\u00e9 2025, precisaremos de mais 60 milh\u00f5es de&#8230;<\/p>\n","protected":false},"author":1,"featured_media":411527,"parent":0,"menu_order":0,"comment_status":"closed","ping_status":"closed","template":"full_width.php","meta":{"footnotes":""},"class_list":["post-402175","page","type-page","status-publish","has-post-thumbnail","hentry"],"yoast_head":"<!-- This site is optimized with the Yoast SEO Premium plugin v25.9 (Yoast SEO v27.4) - https:\/\/yoast.com\/product\/yoast-seo-premium-wordpress\/ -->\n<title>Prosaf &#8226; Phileo by Lesaffre<\/title>\n<meta name=\"robots\" content=\"index, follow, max-snippet:-1, max-image-preview:large, max-video-preview:-1\" \/>\n<link rel=\"canonical\" href=\"https:\/\/phileo-lesaffre.com\/pt-br\/prosaf\/\" \/>\n<meta property=\"og:locale\" content=\"pt_BR\" \/>\n<meta property=\"og:type\" content=\"article\" \/>\n<meta property=\"og:title\" content=\"Prosaf\" \/>\n<meta property=\"og:description\" content=\"Prosaf\u00ae extrato sol\u00favel de levedura purificado para desempenho animal sustent\u00e1vel At\u00e9 2025, precisaremos de mais 60 milh\u00f5es de toneladas de prote\u00edna\" \/>\n<meta property=\"og:url\" content=\"https:\/\/phileo-lesaffre.com\/pt-br\/prosaf\/\" \/>\n<meta property=\"og:site_name\" content=\"Phileo by Lesaffre\" \/>\n<meta property=\"article:publisher\" content=\"https:\/\/www.facebook.com\/phileo.lesaffre\/\" \/>\n<meta property=\"article:modified_time\" content=\"2020-11-18T06:58:10+00:00\" \/>\n<meta name=\"twitter:card\" content=\"summary_large_image\" \/>\n<meta name=\"twitter:site\" content=\"@PhileoLesaffre\" \/>\n<script type=\"application\/ld+json\" class=\"yoast-schema-graph\">{\"@context\":\"https:\\\/\\\/schema.org\",\"@graph\":[{\"@type\":\"WebPage\",\"@id\":\"https:\\\/\\\/phileo-lesaffre.com\\\/pt-br\\\/prosaf\\\/\",\"url\":\"https:\\\/\\\/phileo-lesaffre.com\\\/pt-br\\\/prosaf\\\/\",\"name\":\"Prosaf &#8226; Phileo by Lesaffre\",\"isPartOf\":{\"@id\":\"https:\\\/\\\/phileo-lesaffre.com\\\/pt-br\\\/#website\"},\"primaryImageOfPage\":{\"@id\":\"https:\\\/\\\/phileo-lesaffre.com\\\/pt-br\\\/prosaf\\\/#primaryimage\"},\"image\":{\"@id\":\"https:\\\/\\\/phileo-lesaffre.com\\\/pt-br\\\/prosaf\\\/#primaryimage\"},\"thumbnailUrl\":\"https:\\\/\\\/phileo-lesaffre.com\\\/wp-content\\\/uploads\\\/2020\\\/06\\\/Aqua-prosaf-Knowledge-center.jpg\",\"datePublished\":\"2020-11-18T06:58:08+00:00\",\"dateModified\":\"2020-11-18T06:58:10+00:00\",\"breadcrumb\":{\"@id\":\"https:\\\/\\\/phileo-lesaffre.com\\\/pt-br\\\/prosaf\\\/#breadcrumb\"},\"inLanguage\":\"pt-BR\",\"potentialAction\":[{\"@type\":\"ReadAction\",\"target\":[\"https:\\\/\\\/phileo-lesaffre.com\\\/pt-br\\\/prosaf\\\/\"]}]},{\"@type\":\"ImageObject\",\"inLanguage\":\"pt-BR\",\"@id\":\"https:\\\/\\\/phileo-lesaffre.com\\\/pt-br\\\/prosaf\\\/#primaryimage\",\"url\":\"https:\\\/\\\/phileo-lesaffre.com\\\/wp-content\\\/uploads\\\/2020\\\/06\\\/Aqua-prosaf-Knowledge-center.jpg\",\"contentUrl\":\"https:\\\/\\\/phileo-lesaffre.com\\\/wp-content\\\/uploads\\\/2020\\\/06\\\/Aqua-prosaf-Knowledge-center.jpg\",\"width\":575,\"height\":375,\"caption\":\"prosaf aquaculture\"},{\"@type\":\"BreadcrumbList\",\"@id\":\"https:\\\/\\\/phileo-lesaffre.com\\\/pt-br\\\/prosaf\\\/#breadcrumb\",\"itemListElement\":[{\"@type\":\"ListItem\",\"position\":1,\"name\":\"Phileo by Lesaffre\",\"item\":\"https:\\\/\\\/phileo-lesaffre.com\\\/pt-br\\\/\"},{\"@type\":\"ListItem\",\"position\":2,\"name\":\"Prosaf\"}]},{\"@type\":\"WebSite\",\"@id\":\"https:\\\/\\\/phileo-lesaffre.com\\\/pt-br\\\/#website\",\"url\":\"https:\\\/\\\/phileo-lesaffre.com\\\/pt-br\\\/\",\"name\":\"Phileo by Lesaffre\",\"description\":\"Animal nutrition and health from yeast products\",\"publisher\":{\"@id\":\"https:\\\/\\\/phileo-lesaffre.com\\\/pt-br\\\/#organization\"},\"potentialAction\":[{\"@type\":\"SearchAction\",\"target\":{\"@type\":\"EntryPoint\",\"urlTemplate\":\"https:\\\/\\\/phileo-lesaffre.com\\\/pt-br\\\/?s={search_term_string}\"},\"query-input\":{\"@type\":\"PropertyValueSpecification\",\"valueRequired\":true,\"valueName\":\"search_term_string\"}}],\"inLanguage\":\"pt-BR\"},{\"@type\":\"Organization\",\"@id\":\"https:\\\/\\\/phileo-lesaffre.com\\\/pt-br\\\/#organization\",\"name\":\"Phileo by Lesaffre\",\"url\":\"https:\\\/\\\/phileo-lesaffre.com\\\/pt-br\\\/\",\"logo\":{\"@type\":\"ImageObject\",\"inLanguage\":\"pt-BR\",\"@id\":\"https:\\\/\\\/phileo-lesaffre.com\\\/pt-br\\\/#\\\/schema\\\/logo\\\/image\\\/\",\"url\":\"https:\\\/\\\/phileo-lesaffre.com\\\/wp-content\\\/uploads\\\/2019\\\/04\\\/logo-phileo-lesaffre-1.jpg\",\"contentUrl\":\"https:\\\/\\\/phileo-lesaffre.com\\\/wp-content\\\/uploads\\\/2019\\\/04\\\/logo-phileo-lesaffre-1.jpg\",\"width\":500,\"height\":250,\"caption\":\"Phileo by Lesaffre\"},\"image\":{\"@id\":\"https:\\\/\\\/phileo-lesaffre.com\\\/pt-br\\\/#\\\/schema\\\/logo\\\/image\\\/\"},\"sameAs\":[\"https:\\\/\\\/www.facebook.com\\\/phileo.lesaffre\\\/\",\"https:\\\/\\\/x.com\\\/PhileoLesaffre\",\"https:\\\/\\\/www.linkedin.com\\\/company\\\/phileo\\\/\"]}]}<\/script>\n<!-- \/ Yoast SEO Premium plugin. -->","yoast_head_json":{"title":"Prosaf &#8226; Phileo by Lesaffre","robots":{"index":"index","follow":"follow","max-snippet":"max-snippet:-1","max-image-preview":"max-image-preview:large","max-video-preview":"max-video-preview:-1"},"canonical":"https:\/\/phileo-lesaffre.com\/pt-br\/prosaf\/","og_locale":"pt_BR","og_type":"article","og_title":"Prosaf","og_description":"Prosaf\u00ae extrato sol\u00favel de levedura purificado para desempenho animal sustent\u00e1vel At\u00e9 2025, precisaremos de mais 60 milh\u00f5es de toneladas de prote\u00edna","og_url":"https:\/\/phileo-lesaffre.com\/pt-br\/prosaf\/","og_site_name":"Phileo by Lesaffre","article_publisher":"https:\/\/www.facebook.com\/phileo.lesaffre\/","article_modified_time":"2020-11-18T06:58:10+00:00","twitter_card":"summary_large_image","twitter_site":"@PhileoLesaffre","schema":{"@context":"https:\/\/schema.org","@graph":[{"@type":"WebPage","@id":"https:\/\/phileo-lesaffre.com\/pt-br\/prosaf\/","url":"https:\/\/phileo-lesaffre.com\/pt-br\/prosaf\/","name":"Prosaf &#8226; Phileo by Lesaffre","isPartOf":{"@id":"https:\/\/phileo-lesaffre.com\/pt-br\/#website"},"primaryImageOfPage":{"@id":"https:\/\/phileo-lesaffre.com\/pt-br\/prosaf\/#primaryimage"},"image":{"@id":"https:\/\/phileo-lesaffre.com\/pt-br\/prosaf\/#primaryimage"},"thumbnailUrl":"https:\/\/phileo-lesaffre.com\/wp-content\/uploads\/2020\/06\/Aqua-prosaf-Knowledge-center.jpg","datePublished":"2020-11-18T06:58:08+00:00","dateModified":"2020-11-18T06:58:10+00:00","breadcrumb":{"@id":"https:\/\/phileo-lesaffre.com\/pt-br\/prosaf\/#breadcrumb"},"inLanguage":"pt-BR","potentialAction":[{"@type":"ReadAction","target":["https:\/\/phileo-lesaffre.com\/pt-br\/prosaf\/"]}]},{"@type":"ImageObject","inLanguage":"pt-BR","@id":"https:\/\/phileo-lesaffre.com\/pt-br\/prosaf\/#primaryimage","url":"https:\/\/phileo-lesaffre.com\/wp-content\/uploads\/2020\/06\/Aqua-prosaf-Knowledge-center.jpg","contentUrl":"https:\/\/phileo-lesaffre.com\/wp-content\/uploads\/2020\/06\/Aqua-prosaf-Knowledge-center.jpg","width":575,"height":375,"caption":"prosaf aquaculture"},{"@type":"BreadcrumbList","@id":"https:\/\/phileo-lesaffre.com\/pt-br\/prosaf\/#breadcrumb","itemListElement":[{"@type":"ListItem","position":1,"name":"Phileo by Lesaffre","item":"https:\/\/phileo-lesaffre.com\/pt-br\/"},{"@type":"ListItem","position":2,"name":"Prosaf"}]},{"@type":"WebSite","@id":"https:\/\/phileo-lesaffre.com\/pt-br\/#website","url":"https:\/\/phileo-lesaffre.com\/pt-br\/","name":"Phileo by Lesaffre","description":"Animal nutrition and health from yeast products","publisher":{"@id":"https:\/\/phileo-lesaffre.com\/pt-br\/#organization"},"potentialAction":[{"@type":"SearchAction","target":{"@type":"EntryPoint","urlTemplate":"https:\/\/phileo-lesaffre.com\/pt-br\/?s={search_term_string}"},"query-input":{"@type":"PropertyValueSpecification","valueRequired":true,"valueName":"search_term_string"}}],"inLanguage":"pt-BR"},{"@type":"Organization","@id":"https:\/\/phileo-lesaffre.com\/pt-br\/#organization","name":"Phileo by Lesaffre","url":"https:\/\/phileo-lesaffre.com\/pt-br\/","logo":{"@type":"ImageObject","inLanguage":"pt-BR","@id":"https:\/\/phileo-lesaffre.com\/pt-br\/#\/schema\/logo\/image\/","url":"https:\/\/phileo-lesaffre.com\/wp-content\/uploads\/2019\/04\/logo-phileo-lesaffre-1.jpg","contentUrl":"https:\/\/phileo-lesaffre.com\/wp-content\/uploads\/2019\/04\/logo-phileo-lesaffre-1.jpg","width":500,"height":250,"caption":"Phileo by Lesaffre"},"image":{"@id":"https:\/\/phileo-lesaffre.com\/pt-br\/#\/schema\/logo\/image\/"},"sameAs":["https:\/\/www.facebook.com\/phileo.lesaffre\/","https:\/\/x.com\/PhileoLesaffre","https:\/\/www.linkedin.com\/company\/phileo\/"]}]}},"_links":{"self":[{"href":"https:\/\/phileo-lesaffre.com\/pt-br\/wp-json\/wp\/v2\/pages\/402175","targetHints":{"allow":["GET"]}}],"collection":[{"href":"https:\/\/phileo-lesaffre.com\/pt-br\/wp-json\/wp\/v2\/pages"}],"about":[{"href":"https:\/\/phileo-lesaffre.com\/pt-br\/wp-json\/wp\/v2\/types\/page"}],"author":[{"embeddable":true,"href":"https:\/\/phileo-lesaffre.com\/pt-br\/wp-json\/wp\/v2\/users\/1"}],"replies":[{"embeddable":true,"href":"https:\/\/phileo-lesaffre.com\/pt-br\/wp-json\/wp\/v2\/comments?post=402175"}],"version-history":[{"count":0,"href":"https:\/\/phileo-lesaffre.com\/pt-br\/wp-json\/wp\/v2\/pages\/402175\/revisions"}],"wp:featuredmedia":[{"embeddable":true,"href":"https:\/\/phileo-lesaffre.com\/pt-br\/wp-json\/wp\/v2\/media\/411527"}],"wp:attachment":[{"href":"https:\/\/phileo-lesaffre.com\/pt-br\/wp-json\/wp\/v2\/media?parent=402175"}],"curies":[{"name":"wp","href":"https:\/\/api.w.org\/{rel}","templated":true}]}}