{"id":402151,"date":"2020-11-18T07:57:01","date_gmt":"2020-11-18T06:57:01","guid":{"rendered":"http:\/\/phileo-lesaffre.com\/coelhos\/"},"modified":"2020-12-16T11:51:08","modified_gmt":"2020-12-16T10:51:08","slug":"coelhos","status":"publish","type":"page","link":"https:\/\/phileo-lesaffre.com\/pt-br\/coelhos\/","title":{"rendered":"Coelhos"},"content":{"rendered":"<div class=\"wpb-content-wrapper\"><p>[vc_row css_animation=&#8221;&#8221; row_type=&#8221;row&#8221; use_row_as_full_screen_section=&#8221;no&#8221; type=&#8221;full_width&#8221; angled_section=&#8221;no&#8221; text_align=&#8221;left&#8221; background_image_as_pattern=&#8221;without_pattern&#8221; z_index=&#8221;&#8221; background_image=&#8221;517&#8243;][vc_column][qode_elements_holder number_of_columns=&#8221;two_columns&#8221;][qode_elements_holder_item vertical_alignment=&#8221;middle&#8221; horizontal_alignment=&#8221;left&#8221; advanced_animations=&#8221;no&#8221; item_padding=&#8221;25% 10% 25% 20%&#8221;][vc_column_text]<\/p>\n<h2 class=\"feed2\"><span style=\"color: #4d4d4c;\">Coelhos<\/span><\/h2>\n<p>[\/vc_column_text][vc_single_image image=&#8221;398041&#8243; img_size=&#8221;65&#215;33&#8243; qode_css_animation=&#8221;&#8221; css=&#8221;.vc_custom_1590613075467{padding-top: 5% !important;padding-bottom: 5% !important;}&#8221;][vc_column_text css=&#8221;.vc_custom_1591628839256{padding-right: 10% !important;}&#8221;]<strong>O manejo nutricional em coelhos atrav\u00e9s de probi\u00f3ticos tem por objetivo melhorar sua produtividade ao alcan\u00e7ar o ganho de peso m\u00e1ximo e efici\u00eancia alimentar, enquanto tamb\u00e9m restringe a resist\u00eancia antimicrobiana e garante o bem-estar do animal. A cria\u00e7\u00e3o intensiva na ind\u00fastria de coelhos, m\u00e1 alimenta\u00e7\u00e3o ou condi\u00e7\u00f5es sanit\u00e1rias inadequadas s\u00e3o uma fonte de estresse que causa disbacteriose e imunodefici\u00eancia. Na Phileo by Lesaffre, fornecemos solu\u00e7\u00f5es para mitigar os efeitos negativos do estresse, enquanto maximizamos o desempenho reprodutivo e garantimos o bem-estar dos coelhos.<\/strong>[\/vc_column_text][\/qode_elements_holder_item][qode_elements_holder_item vertical_alignment=&#8221;bottom&#8221; horizontal_alignment=&#8221;right&#8221; advanced_animations=&#8221;no&#8221; item_padding=&#8221;0 5% 5% 0&#8243;][vc_single_image image=&#8221;398117&#8243; img_size=&#8221;full&#8221; alignment=&#8221;right&#8221; qode_css_animation=&#8221;&#8221;][\/qode_elements_holder_item][\/qode_elements_holder][\/vc_column][\/vc_row][vc_row css_animation=&#8221;&#8221; row_type=&#8221;row&#8221; use_row_as_full_screen_section=&#8221;no&#8221; type=&#8221;full_width&#8221; angled_section=&#8221;no&#8221; text_align=&#8221;left&#8221; background_image_as_pattern=&#8221;without_pattern&#8221;][vc_column][vc_separator type=&#8221;normal&#8221; color=&#8221;rgba(255,255,255,0.01)&#8221;][qode_elements_holder number_of_columns=&#8221;two_columns&#8221;][qode_elements_holder_item vertical_alignment=&#8221;middle&#8221; horizontal_alignment=&#8221;left&#8221; advanced_animations=&#8221;no&#8221; item_padding=&#8221;5% 10% 5% 10%&#8221; background_color=&#8221;#ad1a22&#8243;][vc_column_text]<\/p>\n<h2 class=\"feed4\"><span style=\"color: #ffffff;\">Redu\u00e7\u00e3o do uso de antibi\u00f3ticos em fazendas de coelhos: uma quest\u00e3o de sa\u00fade global<\/span><\/h2>\n<p>[\/vc_column_text][vc_single_image image=&#8221;397901&#8243; img_size=&#8221;65&#215;33&#8243; qode_css_animation=&#8221;&#8221; css=&#8221;.vc_custom_1589719995163{padding-top: 5% !important;padding-bottom: 5% !important;}&#8221;][vc_column_text css=&#8221;.vc_custom_1593789306337{padding-right: 10% !important;}&#8221;]<span style=\"color: #ffffff;\">O setor de coelhos \u00e9 considerado o setor mais medicado. A proibi\u00e7\u00e3o de promotores de crescimento antibi\u00f3ticos em muitos pa\u00edses for\u00e7ou os nutricionistas animais a buscarem alternativas, como o uso de probi\u00f3ticos. <\/span><\/p>\n<p>&nbsp;<\/p>\n<p><span style=\"color: #ffffff;\">As estrat\u00e9gias nutricionais e de manejo precisam garantir estresse m\u00ednimo e que um forte estado imune seja alcan\u00e7ado de maneira sustent\u00e1vel. Ao estabilizar a microbiota cecal, o <a style=\"color: #ffffff;\" href=\"http:\/\/phileo-lesaffre.com\/en\/actisaf\/\">Actisaf<sup>\u00ae<\/sup>\u00a0Sc\u00a047<\/a> melhora a sa\u00fade e bem-estar dos coelhos, ajudando a manter uma popula\u00e7\u00e3o de coelhos eficiente e sustent\u00e1vel na fazenda, enquanto tamb\u00e9m reduz o uso de antibi\u00f3ticos.<\/span>[\/vc_column_text][\/qode_elements_holder_item][qode_elements_holder_item vertical_alignment=&#8221;middle&#8221; horizontal_alignment=&#8221;left&#8221; advanced_animations=&#8221;no&#8221;][vc_single_image image=&#8221;405132&#8243; img_size=&#8221;full&#8221; alignment=&#8221;center&#8221; onclick=&#8221;link_image&#8221; qode_css_animation=&#8221;&#8221; qode_hover_animation=&#8221;zoom_in&#8221;][\/qode_elements_holder_item][\/qode_elements_holder][\/vc_column][\/vc_row][vc_row css_animation=&#8221;&#8221; row_type=&#8221;row&#8221; use_row_as_full_screen_section=&#8221;no&#8221; type=&#8221;full_width&#8221; angled_section=&#8221;no&#8221; text_align=&#8221;left&#8221; background_image_as_pattern=&#8221;without_pattern&#8221;][vc_column][qode_elements_holder number_of_columns=&#8221;two_columns&#8221;][qode_elements_holder_item vertical_alignment=&#8221;middle&#8221; horizontal_alignment=&#8221;left&#8221; advanced_animations=&#8221;no&#8221;][vc_single_image image=&#8221;405136&#8243; img_size=&#8221;full&#8221; alignment=&#8221;center&#8221; onclick=&#8221;link_image&#8221; qode_css_animation=&#8221;&#8221; qode_hover_animation=&#8221;zoom_in&#8221;][\/qode_elements_holder_item][qode_elements_holder_item vertical_alignment=&#8221;middle&#8221; horizontal_alignment=&#8221;left&#8221; advanced_animations=&#8221;no&#8221; item_padding=&#8221;5% 10% 5% 10%&#8221; background_color=&#8221;#706f6f&#8221;][vc_column_text]<\/p>\n<h2 class=\"feed4\"><span style=\"color: #ffffff;\">Melhoria do desempenho reprodutivo das coelhas e do crescimento dos filhotes<\/span><\/h2>\n<p>[\/vc_column_text][vc_single_image image=&#8221;397901&#8243; img_size=&#8221;65&#215;33&#8243; qode_css_animation=&#8221;&#8221; css=&#8221;.vc_custom_1589719995163{padding-top: 5% !important;padding-bottom: 5% !important;}&#8221;][vc_column_text css=&#8221;.vc_custom_1593789373977{padding-right: 10% !important;}&#8221;]<span style=\"color: #ffffff;\">Um ritmo reprodutivo intensivo cria um equil\u00edbrio energ\u00e9tico negativo nas coelhas. Elas n\u00e3o conseguem consumir alimentos suficientes (energia) para os requisitos nutricionais do feto e para a lacta\u00e7\u00e3o, for\u00e7ando-as a usar as reservas corporais de gordura. Os resultados nas m\u00e1s condi\u00e7\u00f5es corporais reduzem o desempenho reprodutivo e levam a altas taxas de mortalidade para as coelhas e os filhotes. As mortalidades de lactentes representam cerca de 20% das perdas totais nas ninhadas. <\/span><\/p>\n<p>&nbsp;<\/p>\n<p><span style=\"color: #ffffff;\">Estrat\u00e9gias nutricionais e de manejo durante o per\u00edodo reprodutivo e lacta\u00e7\u00e3o devem garantir uma dieta bem equilibrada, boa sa\u00fade e estado imunol\u00f3gico nas coelhas e filhotes, enquanto reduzem a mortalidade. A levedura probi\u00f3tica <a style=\"color: #ffffff;\" href=\"http:\/\/phileo-lesaffre.com\/en\/actisaf\/\">Actisaf<sup>\u00ae<\/sup>\u00a0Sc\u00a047<\/a> melhora a microbiota dos filhotes, promovendo maior efici\u00eancia alimentar e melhorando o ganho de peso. Al\u00e9m disso, o uso de <a style=\"color: #ffffff;\" href=\"http:\/\/phileo-lesaffre.com\/en\/actisaf\/\">Actisaf<sup>\u00ae<\/sup>\u00a0Sc\u00a047<\/a> diminui as taxas de mortalidade e melhora o desempenho pr\u00e9-desmame.<\/span>[\/vc_column_text][\/qode_elements_holder_item][\/qode_elements_holder][\/vc_column][\/vc_row][vc_row css_animation=&#8221;&#8221; row_type=&#8221;row&#8221; use_row_as_full_screen_section=&#8221;no&#8221; type=&#8221;full_width&#8221; angled_section=&#8221;no&#8221; text_align=&#8221;left&#8221; background_image_as_pattern=&#8221;without_pattern&#8221;][vc_column][qode_elements_holder number_of_columns=&#8221;two_columns&#8221;][qode_elements_holder_item vertical_alignment=&#8221;middle&#8221; horizontal_alignment=&#8221;left&#8221; advanced_animations=&#8221;no&#8221; item_padding=&#8221;5% 10% 5% 10%&#8221; background_color=&#8221;#ad1a22&#8243;][vc_column_text]<\/p>\n<h2 class=\"feed4\"><span style=\"color: #ffffff;\">Importantes desafios \u00e0 sa\u00fade durante o per\u00edodo de termina\u00e7\u00e3o<\/span><\/h2>\n<p>[\/vc_column_text][vc_single_image image=&#8221;397901&#8243; img_size=&#8221;65&#215;33&#8243; qode_css_animation=&#8221;&#8221; css=&#8221;.vc_custom_1589719995163{padding-top: 5% !important;padding-bottom: 5% !important;}&#8221;][vc_column_text css=&#8221;.vc_custom_1593789410975{padding-right: 10% !important;}&#8221;]<span style=\"color: #ffffff;\">O per\u00edodo de desmame, assim como os 10 a 15 dias p\u00f3s-desmame, s\u00e3o um per\u00edodo cr\u00edtico e complexo para os coelhos, devido a estresses diet\u00e9ticos, ambientais e psicol\u00f3gicos. Estes fatores afetam negativamente a efici\u00eancia alimentar e adapta\u00e7\u00e3o a uma dieta de desmame. Durante este per\u00edodo, os coelhos mostram um equil\u00edbrio fr\u00e1gil em sua fun\u00e7\u00e3o intestinal. Eles se tornam mais suscet\u00edveis a infec\u00e7\u00f5es digestivas e frequentemente sofrem perturba\u00e7\u00f5es p\u00f3s-desmame que podem ser fatais. <\/span><\/p>\n<p>&nbsp;<\/p>\n<p><span style=\"color: #ffffff;\">Uma estrat\u00e9gia bem-sucedida de termina\u00e7\u00e3o deve resultar em boa sa\u00fade e bom estado imunol\u00f3gico, enquanto melhora o desempenho dos coelhos para produ\u00e7\u00e3o de carne e reduz o risco potencial de problemas digestivos. <a style=\"color: #ffffff;\" href=\"http:\/\/phileo-lesaffre.com\/en\/actisaf\/\">A levedura probi\u00f3tica Actisaf<sup>\u00ae<\/sup>\u00a0Sc\u00a047<\/a> ajuda a aumentar a efici\u00eancia alimentar e o metabolismo. Isso resulta em melhor ganho de peso m\u00e9dio di\u00e1rio durante o per\u00edodo de termina\u00e7\u00e3o e uma redu\u00e7\u00e3o na mortalidade.<\/span>[\/vc_column_text][\/qode_elements_holder_item][qode_elements_holder_item vertical_alignment=&#8221;middle&#8221; horizontal_alignment=&#8221;left&#8221; advanced_animations=&#8221;no&#8221;][vc_single_image image=&#8221;405140&#8243; img_size=&#8221;full&#8221; alignment=&#8221;center&#8221; onclick=&#8221;link_image&#8221; qode_css_animation=&#8221;&#8221; qode_hover_animation=&#8221;zoom_in&#8221;][\/qode_elements_holder_item][\/qode_elements_holder][\/vc_column][\/vc_row][vc_row css_animation=&#8221;&#8221; row_type=&#8221;row&#8221; use_row_as_full_screen_section=&#8221;yes&#8221; type=&#8221;full_width&#8221; angled_section=&#8221;no&#8221; text_align=&#8221;left&#8221; background_image_as_pattern=&#8221;without_pattern&#8221; css=&#8221;.vc_custom_1590613174422{padding-top: 1% !important;padding-bottom: 1% !important;}&#8221; z_index=&#8221;&#8221;][vc_column][vc_column_text css=&#8221;.vc_custom_1591630644110{padding-top: 2% !important;padding-bottom: 2% !important;}&#8221;]<\/p>\n<h2 class=\"feed3\"><span style=\"color: #4d4d4c;\">Linha inovadora para coelhos<\/span><\/h2>\n<p>[\/vc_column_text][vc_separator type=&#8221;transparent&#8221; up=&#8221;15&#8243; down=&#8221;15&#8243;]<div class=\"qode-advanced-image-gallery  qode-aig-carousel-type qode-large-space  qode-image-behavior-custom-link \">\n\t<div class=\"qode-aig-slider qode-owl-slider\" data-number-of-items=\"5\" data-enable-loop=\"yes\" data-enable-autoplay=\"yes\" data-slider-speed=\"5000\" data-slider-speed-animation=\"600\" data-slider-padding=\"no\" data-enable-navigation=\"yes\" data-enable-pagination=\"yes\">\n\t\t\t\t\t<div class=\"qode-aig-image\">\n\t\t\t\t\t\t\t\t\t<a itemprop=\"url\" class=\"qode-aig-custom-link qode-block-drag-link\" href=\"\/pt-br\/actisaf\/\" target=\"_self\" title=\"logo-ActiSaf\">\n\t\t\t\t\t\t\t\t\t<img decoding=\"async\" width=\"357\" height=\"95\" src=\"https:\/\/phileo-lesaffre.com\/wp-content\/uploads\/2020\/05\/logo-ActiSaf.jpg\" class=\"attachment-full size-full\" alt=\"Actisaf\" srcset=\"https:\/\/phileo-lesaffre.com\/wp-content\/uploads\/2020\/05\/logo-ActiSaf.jpg 357w, https:\/\/phileo-lesaffre.com\/wp-content\/uploads\/2020\/05\/logo-ActiSaf-300x80.jpg 300w\" sizes=\"(max-width: 357px) 100vw, 357px\" \/>\t\t\t\t\t<span class=\"aig-gallery-hover\">\n\t\t\t\t\t\t\t\t\t\t\t<\/span>\n\t\t\t\t\t\t\t\t\t<\/a>\n\t\t\t\t\t\t\t<\/div>\n\t\t\t<\/div>\n<\/div>[\/vc_column][\/vc_row][vc_row css_animation=&#8221;&#8221; row_type=&#8221;row&#8221; use_row_as_full_screen_section=&#8221;yes&#8221; type=&#8221;full_width&#8221; angled_section=&#8221;no&#8221; text_align=&#8221;left&#8221; background_image_as_pattern=&#8221;without_pattern&#8221; css=&#8221;.vc_custom_1590613187372{padding-bottom: 2% !important;}&#8221; z_index=&#8221;&#8221;][vc_column][vc_column_text css=&#8221;.vc_custom_1591630678762{padding-top: 2% !important;padding-bottom: 2% !important;}&#8221;]<\/p>\n<h2 class=\"feed3\"><span style=\"color: #96bb39;\">Artigos relacionados a coelhos<\/span><\/h2>\n<p>[\/vc_column_text][vc_separator type=&#8221;transparent&#8221; up=&#8221;15&#8243; down=&#8221;15&#8243;]<div class=\"qode-news-holder qode-post-carousel1 qode-nl-normal-space\"  data-post-status=publish data-category-name=rabbits data-ignore-sticky-posts=1 data-orderby=rand data-sort=random data-paged=1 data-max-num-pages=1 data-next-page=2 data-title-tag=h4 data-image-size=portfolio-portrait data-display-categories=no data-display-excerpt=no data-display-date=yes data-display-author=no data-display-share=yes data-display-hot-trending-icons=no data-layout=qode_post_carousel1><div class=\"qode-news-list-inner-holder qode-owl-slider\" data-number-of-items=\"3\"><div class=\"qode-news-item qode-layout1-item\">\n\t\t<div class=\"qode-news-item-image-holder\">\n\t\t\t<div class=\"qode-post-image\">\n\t    <a itemprop=\"url\" href=\"https:\/\/phileo-lesaffre.com\/en\/boosting-rabbit-farming-productivity-and-profits\/\" title=\"Boosting rabbit farming productivity and profits\">\n                        <img fetchpriority=\"high\" decoding=\"async\" width=\"575\" height=\"375\" src=\"https:\/\/phileo-lesaffre.com\/wp-content\/uploads\/2020\/08\/rabbit-Knowledge-center.jpg\" class=\"attachment-portfolio-portrait size-portfolio-portrait wp-post-image\" alt=\"rabbit phileo\" srcset=\"https:\/\/phileo-lesaffre.com\/wp-content\/uploads\/2020\/08\/rabbit-Knowledge-center.jpg 575w, https:\/\/phileo-lesaffre.com\/wp-content\/uploads\/2020\/08\/rabbit-Knowledge-center-300x196.jpg 300w, https:\/\/phileo-lesaffre.com\/wp-content\/uploads\/2020\/08\/rabbit-Knowledge-center-400x260.jpg 400w\" sizes=\"(max-width: 575px) 100vw, 575px\" \/>            \t    <\/a>\n\t<\/div>\n        <div class=\"qode-news-image-info-holder-left\">\n\t\t\t        <\/div>\n        <div class=\"qode-news-image-info-holder-right\">\n\t\t\t\t\t<\/div>\n\t<\/div>\n    \t<div class=\"qode-ni-content\">\n        \t\t\n<h4 itemprop=\"name\" class=\"entry-title qode-post-title\">\n    <a itemprop=\"url\" href=\"https:\/\/phileo-lesaffre.com\/en\/boosting-rabbit-farming-productivity-and-profits\/\" title=\"Boosting rabbit farming productivity and profits\">\n        Boosting rabbit farming productivity and profits    <\/a>\n<\/h4>\t\t\t\t\t<div itemprop=\"dateCreated\" class=\"qode-post-info-date entry-date published updated\">\n\t    \t        <a itemprop=\"url\" href=\"https:\/\/phileo-lesaffre.com\/pt-br\/2020\/08\/\">\n\t            <i class=\"dripicons-alarm\"><\/i>\n    \t27 de agosto de 2020        <\/a>\n\t    <meta itemprop=\"interactionCount\" content=\"UserComments: 0\"\/>\n\t<\/div>\n        \t<\/div>\n<\/div><\/div><\/div>[\/vc_column][\/vc_row]<\/p>\n<\/div>","protected":false},"excerpt":{"rendered":"<p>[vc_row css_animation=&#8221;&#8221; row_type=&#8221;row&#8221; use_row_as_full_screen_section=&#8221;no&#8221; type=&#8221;full_width&#8221; angled_section=&#8221;no&#8221; text_align=&#8221;left&#8221; background_image_as_pattern=&#8221;without_pattern&#8221; z_index=&#8221;&#8221; background_image=&#8221;517&#8243;][vc_column][qode_elements_holder number_of_columns=&#8221;two_columns&#8221;][qode_elements_holder_item vertical_alignment=&#8221;middle&#8221; horizontal_alignment=&#8221;left&#8221; advanced_animations=&#8221;no&#8221; item_padding=&#8221;25% 10% 25% 20%&#8221;][vc_column_text] Coelhos [\/vc_column_text][vc_single_image image=&#8221;398041&#8243; img_size=&#8221;65&#215;33&#8243; qode_css_animation=&#8221;&#8221; css=&#8221;.vc_custom_1590613075467{padding-top: 5% !important;padding-bottom: 5% !important;}&#8221;][vc_column_text css=&#8221;.vc_custom_1591628839256{padding-right: 10% !important;}&#8221;]O manejo nutricional em coelhos atrav\u00e9s de probi\u00f3ticos tem por objetivo melhorar sua produtividade ao&#8230;<\/p>\n","protected":false},"author":1,"featured_media":0,"parent":0,"menu_order":0,"comment_status":"closed","ping_status":"closed","template":"full_width.php","meta":{"footnotes":""},"class_list":["post-402151","page","type-page","status-publish","hentry"],"yoast_head":"<!-- This site is optimized with the Yoast SEO Premium plugin v25.9 (Yoast SEO v27.4) - https:\/\/yoast.com\/product\/yoast-seo-premium-wordpress\/ -->\n<title>Coelhos &#8226; Phileo by Lesaffre<\/title>\n<meta name=\"robots\" content=\"index, follow, max-snippet:-1, max-image-preview:large, max-video-preview:-1\" \/>\n<link rel=\"canonical\" href=\"https:\/\/phileo-lesaffre.com\/pt-br\/coelhos\/\" \/>\n<meta property=\"og:locale\" content=\"pt_BR\" \/>\n<meta property=\"og:type\" content=\"article\" \/>\n<meta property=\"og:title\" content=\"Coelhos\" \/>\n<meta property=\"og:description\" content=\"Coelhos O manejo nutricional em coelhos atrav\u00e9s de probi\u00f3ticos tem por objetivo melhorar sua produtividade ao alcan\u00e7ar o ganho de peso m\u00e1ximo e efici\u00eancia\" \/>\n<meta property=\"og:url\" content=\"https:\/\/phileo-lesaffre.com\/pt-br\/coelhos\/\" \/>\n<meta property=\"og:site_name\" content=\"Phileo by Lesaffre\" \/>\n<meta property=\"article:publisher\" content=\"https:\/\/www.facebook.com\/phileo.lesaffre\/\" \/>\n<meta property=\"article:modified_time\" content=\"2020-12-16T10:51:08+00:00\" \/>\n<meta name=\"twitter:card\" content=\"summary_large_image\" \/>\n<meta name=\"twitter:site\" content=\"@PhileoLesaffre\" \/>\n<script type=\"application\/ld+json\" class=\"yoast-schema-graph\">{\"@context\":\"https:\\\/\\\/schema.org\",\"@graph\":[{\"@type\":\"WebPage\",\"@id\":\"https:\\\/\\\/phileo-lesaffre.com\\\/pt-br\\\/coelhos\\\/\",\"url\":\"https:\\\/\\\/phileo-lesaffre.com\\\/pt-br\\\/coelhos\\\/\",\"name\":\"Coelhos &#8226; Phileo by Lesaffre\",\"isPartOf\":{\"@id\":\"https:\\\/\\\/phileo-lesaffre.com\\\/pt-br\\\/#website\"},\"datePublished\":\"2020-11-18T06:57:01+00:00\",\"dateModified\":\"2020-12-16T10:51:08+00:00\",\"breadcrumb\":{\"@id\":\"https:\\\/\\\/phileo-lesaffre.com\\\/pt-br\\\/coelhos\\\/#breadcrumb\"},\"inLanguage\":\"pt-BR\",\"potentialAction\":[{\"@type\":\"ReadAction\",\"target\":[\"https:\\\/\\\/phileo-lesaffre.com\\\/pt-br\\\/coelhos\\\/\"]}]},{\"@type\":\"BreadcrumbList\",\"@id\":\"https:\\\/\\\/phileo-lesaffre.com\\\/pt-br\\\/coelhos\\\/#breadcrumb\",\"itemListElement\":[{\"@type\":\"ListItem\",\"position\":1,\"name\":\"Phileo by Lesaffre\",\"item\":\"https:\\\/\\\/phileo-lesaffre.com\\\/pt-br\\\/\"},{\"@type\":\"ListItem\",\"position\":2,\"name\":\"Coelhos\"}]},{\"@type\":\"WebSite\",\"@id\":\"https:\\\/\\\/phileo-lesaffre.com\\\/pt-br\\\/#website\",\"url\":\"https:\\\/\\\/phileo-lesaffre.com\\\/pt-br\\\/\",\"name\":\"Phileo by Lesaffre\",\"description\":\"Animal nutrition and health from yeast products\",\"publisher\":{\"@id\":\"https:\\\/\\\/phileo-lesaffre.com\\\/pt-br\\\/#organization\"},\"potentialAction\":[{\"@type\":\"SearchAction\",\"target\":{\"@type\":\"EntryPoint\",\"urlTemplate\":\"https:\\\/\\\/phileo-lesaffre.com\\\/pt-br\\\/?s={search_term_string}\"},\"query-input\":{\"@type\":\"PropertyValueSpecification\",\"valueRequired\":true,\"valueName\":\"search_term_string\"}}],\"inLanguage\":\"pt-BR\"},{\"@type\":\"Organization\",\"@id\":\"https:\\\/\\\/phileo-lesaffre.com\\\/pt-br\\\/#organization\",\"name\":\"Phileo by Lesaffre\",\"url\":\"https:\\\/\\\/phileo-lesaffre.com\\\/pt-br\\\/\",\"logo\":{\"@type\":\"ImageObject\",\"inLanguage\":\"pt-BR\",\"@id\":\"https:\\\/\\\/phileo-lesaffre.com\\\/pt-br\\\/#\\\/schema\\\/logo\\\/image\\\/\",\"url\":\"https:\\\/\\\/phileo-lesaffre.com\\\/wp-content\\\/uploads\\\/2019\\\/04\\\/logo-phileo-lesaffre-1.jpg\",\"contentUrl\":\"https:\\\/\\\/phileo-lesaffre.com\\\/wp-content\\\/uploads\\\/2019\\\/04\\\/logo-phileo-lesaffre-1.jpg\",\"width\":500,\"height\":250,\"caption\":\"Phileo by Lesaffre\"},\"image\":{\"@id\":\"https:\\\/\\\/phileo-lesaffre.com\\\/pt-br\\\/#\\\/schema\\\/logo\\\/image\\\/\"},\"sameAs\":[\"https:\\\/\\\/www.facebook.com\\\/phileo.lesaffre\\\/\",\"https:\\\/\\\/x.com\\\/PhileoLesaffre\",\"https:\\\/\\\/www.linkedin.com\\\/company\\\/phileo\\\/\"]}]}<\/script>\n<!-- \/ Yoast SEO Premium plugin. -->","yoast_head_json":{"title":"Coelhos &#8226; Phileo by Lesaffre","robots":{"index":"index","follow":"follow","max-snippet":"max-snippet:-1","max-image-preview":"max-image-preview:large","max-video-preview":"max-video-preview:-1"},"canonical":"https:\/\/phileo-lesaffre.com\/pt-br\/coelhos\/","og_locale":"pt_BR","og_type":"article","og_title":"Coelhos","og_description":"Coelhos O manejo nutricional em coelhos atrav\u00e9s de probi\u00f3ticos tem por objetivo melhorar sua produtividade ao alcan\u00e7ar o ganho de peso m\u00e1ximo e efici\u00eancia","og_url":"https:\/\/phileo-lesaffre.com\/pt-br\/coelhos\/","og_site_name":"Phileo by Lesaffre","article_publisher":"https:\/\/www.facebook.com\/phileo.lesaffre\/","article_modified_time":"2020-12-16T10:51:08+00:00","twitter_card":"summary_large_image","twitter_site":"@PhileoLesaffre","schema":{"@context":"https:\/\/schema.org","@graph":[{"@type":"WebPage","@id":"https:\/\/phileo-lesaffre.com\/pt-br\/coelhos\/","url":"https:\/\/phileo-lesaffre.com\/pt-br\/coelhos\/","name":"Coelhos &#8226; Phileo by Lesaffre","isPartOf":{"@id":"https:\/\/phileo-lesaffre.com\/pt-br\/#website"},"datePublished":"2020-11-18T06:57:01+00:00","dateModified":"2020-12-16T10:51:08+00:00","breadcrumb":{"@id":"https:\/\/phileo-lesaffre.com\/pt-br\/coelhos\/#breadcrumb"},"inLanguage":"pt-BR","potentialAction":[{"@type":"ReadAction","target":["https:\/\/phileo-lesaffre.com\/pt-br\/coelhos\/"]}]},{"@type":"BreadcrumbList","@id":"https:\/\/phileo-lesaffre.com\/pt-br\/coelhos\/#breadcrumb","itemListElement":[{"@type":"ListItem","position":1,"name":"Phileo by Lesaffre","item":"https:\/\/phileo-lesaffre.com\/pt-br\/"},{"@type":"ListItem","position":2,"name":"Coelhos"}]},{"@type":"WebSite","@id":"https:\/\/phileo-lesaffre.com\/pt-br\/#website","url":"https:\/\/phileo-lesaffre.com\/pt-br\/","name":"Phileo by Lesaffre","description":"Animal nutrition and health from yeast products","publisher":{"@id":"https:\/\/phileo-lesaffre.com\/pt-br\/#organization"},"potentialAction":[{"@type":"SearchAction","target":{"@type":"EntryPoint","urlTemplate":"https:\/\/phileo-lesaffre.com\/pt-br\/?s={search_term_string}"},"query-input":{"@type":"PropertyValueSpecification","valueRequired":true,"valueName":"search_term_string"}}],"inLanguage":"pt-BR"},{"@type":"Organization","@id":"https:\/\/phileo-lesaffre.com\/pt-br\/#organization","name":"Phileo by Lesaffre","url":"https:\/\/phileo-lesaffre.com\/pt-br\/","logo":{"@type":"ImageObject","inLanguage":"pt-BR","@id":"https:\/\/phileo-lesaffre.com\/pt-br\/#\/schema\/logo\/image\/","url":"https:\/\/phileo-lesaffre.com\/wp-content\/uploads\/2019\/04\/logo-phileo-lesaffre-1.jpg","contentUrl":"https:\/\/phileo-lesaffre.com\/wp-content\/uploads\/2019\/04\/logo-phileo-lesaffre-1.jpg","width":500,"height":250,"caption":"Phileo by Lesaffre"},"image":{"@id":"https:\/\/phileo-lesaffre.com\/pt-br\/#\/schema\/logo\/image\/"},"sameAs":["https:\/\/www.facebook.com\/phileo.lesaffre\/","https:\/\/x.com\/PhileoLesaffre","https:\/\/www.linkedin.com\/company\/phileo\/"]}]}},"_links":{"self":[{"href":"https:\/\/phileo-lesaffre.com\/pt-br\/wp-json\/wp\/v2\/pages\/402151","targetHints":{"allow":["GET"]}}],"collection":[{"href":"https:\/\/phileo-lesaffre.com\/pt-br\/wp-json\/wp\/v2\/pages"}],"about":[{"href":"https:\/\/phileo-lesaffre.com\/pt-br\/wp-json\/wp\/v2\/types\/page"}],"author":[{"embeddable":true,"href":"https:\/\/phileo-lesaffre.com\/pt-br\/wp-json\/wp\/v2\/users\/1"}],"replies":[{"embeddable":true,"href":"https:\/\/phileo-lesaffre.com\/pt-br\/wp-json\/wp\/v2\/comments?post=402151"}],"version-history":[{"count":0,"href":"https:\/\/phileo-lesaffre.com\/pt-br\/wp-json\/wp\/v2\/pages\/402151\/revisions"}],"wp:attachment":[{"href":"https:\/\/phileo-lesaffre.com\/pt-br\/wp-json\/wp\/v2\/media?parent=402151"}],"curies":[{"name":"wp","href":"https:\/\/api.w.org\/{rel}","templated":true}]}}