{"id":408574,"date":"2021-09-07T10:16:21","date_gmt":"2021-09-07T08:16:21","guid":{"rendered":"https:\/\/phileo-lesaffre.com\/informations-legales\/"},"modified":"2021-09-07T10:16:23","modified_gmt":"2021-09-07T08:16:23","slug":"informations-legales","status":"publish","type":"page","link":"https:\/\/phileo-lesaffre.com\/fr\/informations-legales\/","title":{"rendered":"Informations l\u00e9gales"},"content":{"rendered":"<div class=\"wpb-content-wrapper\"><p>[vc_row css_animation=\u00a0\u00bb\u00a0\u00bb row_type=\u00a0\u00bbrow\u00a0\u00bb use_row_as_full_screen_section=\u00a0\u00bbno\u00a0\u00bb type=\u00a0\u00bbfull_width\u00a0\u00bb angled_section=\u00a0\u00bbno\u00a0\u00bb text_align=\u00a0\u00bbleft\u00a0\u00bb background_image_as_pattern=\u00a0\u00bbwithout_pattern\u00a0\u00bb el_class=\u00a0\u00bbbreadcrumbtxt\u00a0\u00bb z_index=\u00a0\u00bb\u00a0\u00bb][vc_column][vc_column_text]<span style=\"font-size: 12px;\"><span><span><a href=\"https:\/\/phileo-lesaffre.com\/fr\/\">Phileo by Lesaffre<\/a><\/span><\/span><\/span>[\/vc_column_text][\/vc_column][\/vc_row][vc_row css_animation=\u00a0\u00bb\u00a0\u00bb row_type=\u00a0\u00bbrow\u00a0\u00bb use_row_as_full_screen_section=\u00a0\u00bbno\u00a0\u00bb type=\u00a0\u00bbfull_width\u00a0\u00bb angled_section=\u00a0\u00bbno\u00a0\u00bb text_align=\u00a0\u00bbleft\u00a0\u00bb background_image_as_pattern=\u00a0\u00bbwithout_pattern\u00a0\u00bb css=\u00a0\u00bb.vc_custom_1595001943689{padding-top: 3% !important;padding-right: 10% !important;padding-bottom: 5% !important;padding-left: 10% !important;}\u00a0\u00bb z_index=\u00a0\u00bb\u00a0\u00bb][vc_column][vc_column_text]<\/p>\n<h2 style=\"text-align: center;\"><span style=\"color: #96bb39;\">CONDITIONS G\u00c9N\u00c9RALES<\/span><br \/>\n<span style=\"color: #96bb39;\">du site Web Phileo by Lesaffre<\/span><\/h2>\n<p>&nbsp;<\/p>\n<p>Ce site Web est pr\u00e9sent\u00e9 par Phileo by Lesaffre. Votre utilisation de ce site est r\u00e9gie par les conditions g\u00e9n\u00e9rales d\u00e9taill\u00e9es ci-apr\u00e8s. En utilisant ce site, vous acceptez de vous conformer \u00e0 ces conditions.<\/p>\n<h5><\/h5>\n<h5><strong>SI VOUS N\u2019ACCEPTEZ PAS LES CONDITIONS \u00c9NONC\u00c9ES CI-DESSOUS, VEUILLEZ QUITTER CE SITE WEB IMM\u00c9DIATEMENT.<\/strong><\/h5>\n<p>&nbsp;<\/p>\n<h3>Informations l\u00e9gales<\/h3>\n<p>Le contenu pr\u00e9sent sur le site Web www.phileo-lesaffre.com a \u00e9t\u00e9 cr\u00e9\u00e9 exclusivement pour fournir des informations sur Phileo by Lesaffre. Aucun utilisation commerciale des donn\u00e9es affich\u00e9es sur notre site ne pourra \u00eatre faite sans l\u2019accord pr\u00e9alable \u00e9crit de Phileo by lesaffre, l\u2019\u00e9diteur du site. Votre utilisation du site est r\u00e9gie par les conditions g\u00e9n\u00e9rales suivantes.<\/p>\n<p>&nbsp;<\/p>\n<h3>Conditions g\u00e9n\u00e9rales<\/h3>\n<p>Le contr\u00f4le et l\u2019administration du site sont effectu\u00e9s par le si\u00e8ge administratif de Phileo by Lesaffre sis \u00e0 Marcq-en-Baroeul (France) qui n\u2019a pas la pr\u00e9tention de dire que ces supports sont adapt\u00e9s ou disponibles \u00e0 une utilisation dans tous les pays. Si vous utilisez ce site \u00e0 partir d\u2019autres r\u00e9gions, il est de votre responsabilit\u00e9 de vous assurer que vous respectez la l\u00e9gislation et la r\u00e9glementation locales.<\/p>\n<p>Phileo by Lesaffre se r\u00e9serve le droit de modifier ou de corriger le contenu du site \u00e0 tout moment, sans pr\u00e9avis, en plus des pr\u00e9sentes conditions. Il ne saura \u00eatre tenu responsable des \u00e9ventuelles cons\u00e9quences de telles modifications. Si une partie de ces conditions appara\u00eet comme inapplicable, ladite partie pourra \u00eatre interpr\u00e9t\u00e9e conform\u00e9ment \u00e0 la l\u00e9gislation applicable dans la mesure du possible et toutes les autres dispositions resteront valides.<\/p>\n<p>&nbsp;<\/p>\n<h3>Droits de propri\u00e9t\u00e9 intellectuelle<\/h3>\n<p>L\u2019int\u00e9gralit\u00e9 du site est la propri\u00e9t\u00e9 de Phileo by Lesaffre ainsi que tous les droits inh\u00e9rents. Toute reproduction en tout ou partie doit toujours \u00eatre soumise \u00e0 autorisation des propri\u00e9taires du site.<br \/>\nLa pr\u00e9sentation et le contenu du site Web constituent une \u00ab&nbsp;\u0153uvre&nbsp;\u00bb prot\u00e9g\u00e9e par la l\u00e9gislation en vigueur relative aux droits de propri\u00e9t\u00e9 intellectuelle appartenant \u00e0 Phileo by Lesaffre.<\/p>\n<p>&nbsp;<\/p>\n<h3>Droits d\u2019auteur<\/h3>\n<p>Les textes, images, sch\u00e9mas, agencements et identit\u00e9 graphique de ce site sont prot\u00e9g\u00e9s par la r\u00e9glementation sur la propri\u00e9t\u00e9 intellectuelle. La copie, l\u2019extraction, la publication, la diffusion ou la modification du contenu de ce site \u00e0 des fins commerciales est strictement interdite. Le t\u00e9l\u00e9chargement et l\u2019impression de texte, images et caract\u00e9ristiques graphiques sont autoris\u00e9s \u00e0 des fins priv\u00e9es uniquement, \u00e0 l\u2019exclusion de toute utilisation commerciale. La reproduction des sch\u00e9mas, images, fichiers audio, s\u00e9quences vid\u00e9o et textes dans d\u2019autres publications \u00e9lectroniques ou imprim\u00e9es est soumise \u00e0 une autorisation \u00e9crite pr\u00e9alable de Phileo by Lesaffre.<\/p>\n<p>&nbsp;<\/p>\n<p><strong>Tout manquement \u00e0 cette demande d\u2019autorisation sera trait\u00e9e et poursuivie comme un cas de violation des droits de propri\u00e9t\u00e9 intellectuelle.<\/strong><\/p>\n<p>Phileo by Lesaffre autorise le t\u00e9l\u00e9chargement d\u2019une copie des informations dans un espace de stockage temporaire \u00e0 des fins de consultation priv\u00e9e strictement uniquement, \u00e0 la condition que vous n\u2019effaciez pas, n&rsquo;alt\u00e9riez pas ou ne modifiez pas les pages ou le contenu concern\u00e9 ou ne changiez aucun logo de droit d\u2019auteur ou autre symbole, tel que les symboles concernant les marques d\u00e9pos\u00e9es, la r\u00e9servation des droits ou tout autre droit prot\u00e9g\u00e9 (droit d\u2019auteur, symboles \u00ab&nbsp;\u00a9&nbsp;\u00bb ou \u00ab&nbsp;\u00ae&nbsp;\u00bb, etc), les donn\u00e9es de tra\u00e7abilit\u00e9 num\u00e9rique ou tout autre aspect technique cr\u00e9\u00e9 \u00e0 des fins de reconnaissance.<\/p>\n<p>&nbsp;<\/p>\n<h3>Marques d\u00e9pos\u00e9es<\/h3>\n<p>Les marques d\u00e9pos\u00e9es et logos figurant sur ce site sont enregistr\u00e9s et prot\u00e9g\u00e9s. Toute reproduction en tout ou partie de ces marques d\u00e9pos\u00e9es et\/ou de ces logos effectu\u00e9e sur la base d\u2019\u00e9l\u00e9ments figurant sur ce site sans autorisation expresse de Phileo by Lesaffre constitue une violation, punie par les articles L.335-2 et suivants du Code de la propri\u00e9t\u00e9 intellectuelle.<\/p>\n<p>&nbsp;<\/p>\n<h3>Bases de donn\u00e9es<\/h3>\n<p>Les bases de donn\u00e9es cr\u00e9\u00e9es par Phileo by Lesaffre sont prot\u00e9g\u00e9es par la l\u00e9gislation relative aux droits d\u2019auteur et par la loi du 1er&nbsp;juillet&nbsp;1998, adaptant le Code de la propri\u00e9t\u00e9 intellectuelle pour y int\u00e9grer la directive europ\u00e9enne du 11&nbsp;mars&nbsp;1996, concernant la protection l\u00e9gale des bases de donn\u00e9es. Sauf accord \u00e9crit pr\u00e9alable de Phileo by Lesaffre, toute reproduction, repr\u00e9sentation, adaptation, traduction et\/ou modification (qu\u2019elle soit totale ou partielle) ou tout transfert vers un autre site est strictement interdit.<\/p>\n<p>&nbsp;<\/p>\n<h3>Contestations<\/h3>\n<p>\u00c0 l\u2019exception des dispositions expresses d\u00e9taill\u00e9es ci-dessus, aucun aspect du pr\u00e9sent document ne pourra \u00eatre interpr\u00e9t\u00e9 comme octroyant une licence, un droit, un droit d\u2019auteur ou tout autre droit de propri\u00e9t\u00e9 intellectuelle quelle que soit sa forme. Si, en votre qualit\u00e9 de d\u00e9tenteur d\u2019un droit de propri\u00e9t\u00e9 intellectuelle, vous pensez que votre travail a \u00e9t\u00e9 copi\u00e9 ou distribu\u00e9 injustement via ce site, veuillez imm\u00e9diatement en informer Phileo by Lesaffre par \u00e9crit \u00e0 l\u2019adresse suivante&nbsp;: Phileo by Lesaffre &#8211; 137&nbsp;rue Gabriel P\u00e9ri, 59700 MARCQ-EN-BAROEUL &#8211; France<\/p>\n<p>&nbsp;<\/p>\n<div>\n<div>\n<div>\n<div>\n<h2>Confidentialit\u00e9 et politique relative aux cookies<\/h2>\n<p>Votre confidentialit\u00e9 est prise tr\u00e8s au s\u00e9rieux par Phileo by Lesaffre et nous veillons particuli\u00e8rement \u00e0 la fa\u00e7on dont ce site g\u00e8re vos donn\u00e9es personnelles et vous permet de contr\u00f4ler ce que vous en faites.<\/p>\n<p>Il est probable que ce site ne soit pas parfait mais nous avons essay\u00e9 d\u2019\u00eatre aussi respectueux que possible&nbsp;:<\/p>\n<ul>\n<li>les donn\u00e9es personnelles collect\u00e9es sont limit\u00e9es au minimum pour permettre au site de fonctionner et vous fournir le service que vous attendez&nbsp;;<\/li>\n<li>ce site ne dispose pas de boutons de partage sur les r\u00e9seaux sociaux, afin d\u2019\u00e9viter l\u2019installation de cookies de suivi&nbsp;;<\/li>\n<li>ce site ne contient aucune publicit\u00e9 pour \u00e9viter l\u2019installation de cookies de reciblage&nbsp;;<\/li>\n<li>ce site vous offre la possibilit\u00e9 d\u2019accepter ou de rejeter (par d\u00e9faut) l\u2019utilisation des cookies tiers&nbsp;;<\/li>\n<li>ce site honore les demandes Ne pas suivre.<\/li>\n<\/ul>\n<p>\u00c9videmment vos donn\u00e9es sont sacr\u00e9es pour nous, Phileo by Lesaffre ne vend pas ni ne c\u00e8de vos donn\u00e9es \u00e0 quiconque. De plus, ce site ne prend pas de d\u00e9cisions automatis\u00e9es et n\u2019effectue pas de profilage sur la base de vos donn\u00e9es personnelles.<\/p>\n<p>&nbsp;<\/p>\n<\/div>\n<\/div>\n<\/div>\n<\/div>\n<div>\n<div>\n<div>\n<div>\n<h3>Donn\u00e9es collect\u00e9es<\/h3>\n<p>Ce site est stock\u00e9, tout comme vos donn\u00e9es, sur un serveur Microsoft Azure en Europe.<\/p>\n<\/div>\n<\/div>\n<\/div>\n<\/div>\n<div>\n<div>\n<h4><\/h4>\n<h4>Commentaires<\/h4>\n<p>Si vous laissez des commentaires sur ce site, celui-ci collecte les donn\u00e9es affich\u00e9es dans le formulaire de commentaire, ainsi que votre adresse IP et la cha\u00eene User-Agent de votre navigateur pour aider \u00e0 d\u00e9tecter les pourriels. Une cha\u00eene anonymis\u00e9e cr\u00e9\u00e9e \u00e0 partir de votre adresse de messagerie (\u00e9galement appel\u00e9e hash) peut \u00eatre fournie au service Gravatar pour voir si vous l\u2019utilisez. Apr\u00e8s approbation de votre commentaire, votre image de profil est visible pour le public dans le contexte de votre commentaire.<\/p>\n<\/div>\n<div>\n<div>\n<div>\n<h4><\/h4>\n<h4>Formulaire de contact<\/h4>\n<p>Lorsque vous utilisez le formulaire de contact de ce site, celui-ci collecte les donn\u00e9es mentionn\u00e9es dans ce formulaire, ainsi que votre adresse IP et la cha\u00eene User-Agent de votre navigateur pour aider \u00e0 d\u00e9tecter les pourriels.<\/p>\n<\/div>\n<\/div>\n<div>\n<div>\n<h4><\/h4>\n<h4>Bulletin d\u2019information<\/h4>\n<p>Lorsque vous vous abonnez au bulletin d\u2019information de Phileo by Lesaffre, votre adresse de messagerie ainsi que votre adresse IP sont collect\u00e9es.<\/p>\n<p>Les prestataires d\u2019identit\u00e9 suppl\u00e9mentaires sont <a href=\"https:\/\/twitter.com\/en\/privacy\">Twitter<\/a>, <a href=\"https:\/\/www.facebook.com\/full_data_use_policy\">Facebook<\/a>, <a href=\"https:\/\/policies.google.com\/privacy\">Google<\/a>.<\/p>\n<p>&nbsp;<\/p>\n<\/div>\n<\/div>\n<\/div>\n<\/div>\n<h3>Informations relatives aux cookies<\/h3>\n<p>Afin d\u2019am\u00e9liorer notre service, nous mesurons le nombre de vues des pages, le nombre de visites, en plus de l\u2019activit\u00e9 de notre site Web incluant leur taux de retour. Pour ce faire, nous utilisons des \u00ab&nbsp;cookies&nbsp;\u00bb. Les cookies utilis\u00e9s par www.phileo-lesaffre.com contiennent un identifiant unique g\u00e9n\u00e9r\u00e9 al\u00e9atoirement en plus de la date de votre derni\u00e8re visite.<\/p>\n<div class=\"et_pb_row et_pb_row_5\">\n<div class=\"et_pb_column et_pb_column_4_4 et_pb_column_8 et_pb_css_mix_blend_mode_passthrough et-last-child\">\n<div class=\"et_pb_module et_pb_text et_pb_text_9 et_pb_bg_layout_light et_pb_text_align_left\">\n<div class=\"et_pb_text_inner\">\n<p>Lorsque vous vous rendez pour la premi\u00e8re fois sur ce site, seuls les cookies n\u00e9cessaires sont utilis\u00e9s. Et cela sera le cas tant que vous ne cliquez pas sur le bouton \u00ab&nbsp;J\u2019accepte&nbsp;\u00bb dans la banni\u00e8re rouge flottante. Except\u00e9s ces cookies n\u00e9cessaires, vous pouvez choisir \u00e0 tout moment d\u2019accepter ou de refuser leur utilisation. Pour ce faire, il vous suffit de cliquer sur le bouclier \u00e0 droite du pied de page pour acc\u00e9der au <em>Centre des pr\u00e9f\u00e9rences de confidentialit\u00e9<\/em>.<\/p>\n<p>Voici les d\u00e9tails des cat\u00e9gories de cookies utilis\u00e9s sur ce site&nbsp;:<\/p>\n<\/div>\n<\/div>\n<\/div>\n<\/div>\n<div>\n<div>\n<div>\n<div>\n<h4><\/h4>\n<h4>Cookies n\u00e9cessaires<\/h4>\n<p>WordPress lui-m\u00eame (et PHP) utilise des cookies. Ces cookies sont obligatoires pour que le site fonctionne correctement.<\/p>\n<\/div>\n<\/div>\n<div>\n<div>\n<h4><\/h4>\n<h4>Cookies analytiques<\/h4>\n<p>Nous analysons le trafic et les interactions des utilisateurs avec ce site Web pour d\u00e9tecter d\u2019\u00e9ventuels probl\u00e8mes, mesurer la popularit\u00e9 et adapter le contenu. Cela est fait en utilisant Google Analytics et Google Tag Manager. Ces services utilisent des cookies.<\/p>\n<\/div>\n<\/div>\n<\/div>\n<div>\n<div>\n<div>\n<h4><\/h4>\n<h4>Cookies de contenu int\u00e9gr\u00e9<\/h4>\n<p>Les articles de ce site peuvent inclure du contenu int\u00e9gr\u00e9 (par exemple des vid\u00e9os, des tweets, des fichiers .pdf, etc.). Le contenu int\u00e9gr\u00e9 provenant d\u2019autres sites Web se comporte exactement de la m\u00eame fa\u00e7on que si le visiteur avait visit\u00e9 l\u2019autre site Web.<\/p>\n<p>Ces sites Web sont susceptibles de collecter des donn\u00e9es sur vous, d&rsquo;utiliser des cookies, d&rsquo;ajouter un pistage tiers suppl\u00e9mentaire et de surveiller vos interactions avec le contenu int\u00e9gr\u00e9, ainsi que de suivre vos interactions avec le contenu int\u00e9gr\u00e9 si vous avez un compte et \u00eates connect\u00e9 sur ce site Web.<\/p>\n<\/div>\n<\/div>\n<\/div>\n<\/div>\n<p>&nbsp;<\/p>\n<h3>Vos droits<\/h3>\n<p>Ces donn\u00e9es, y compris les m\u00e9tadonn\u00e9es, \u00e9tant stock\u00e9es ind\u00e9finiment, si vous avez un compte sur ce site, ou si vous laissez des commentaires, vous pouvez demander \u00e0 recevoir un fichier export\u00e9 des donn\u00e9es personnelles que nous d\u00e9tenons \u00e0 votre \u00e9gard. Vous pouvez \u00e9galement demander \u00e0 ce que nous effacions toute donn\u00e9e personnelle que nous d\u00e9tenons \u00e0 votre \u00e9gard.<\/p>\n<p>M\u00eame si tout est mis en \u0153uvre pour pr\u00e9venir les fuites de donn\u00e9es, ce site n\u2019est pas immunis\u00e9 contre les erreurs et les piratages. Si tel \u00e9tait le cas, vous seriez notifi\u00e9 dans un maximum de 72&nbsp;heures apr\u00e8s la d\u00e9couverte de la fuite de donn\u00e9es par tout moyen qui sera \u00e0 ce moment en notre possession.<\/p>\n<p>&nbsp;<\/p>\n<h3>Comp\u00e9tence juridique<\/h3>\n<p>En cas de litige ou de conflit, seule la l\u00e9gislation fran\u00e7aise s\u2019applique et seul le tribunal de Lille (France) est r\u00e9put\u00e9 comp\u00e9tent.<\/p>\n<p>&nbsp;<\/p>\n<p>\u00a9 2020 \u2013 Phileo by Lesaffre \u2013 Tous droits r\u00e9serv\u00e9s.<\/p>\n<p><strong>Responsable de la publication&nbsp;: <\/strong>Mme Cl\u00e9mentine MARIEN<\/p>\n<p><strong>D\u00e9veloppement du site Web&nbsp;: <\/strong><a href=\"https:\/\/ovm-communication.fr\" target=\"_blank\" rel=\"noopener noreferrer\">OVM Communication<\/a><\/p>\n<p><strong>Propri\u00e9taire\/\u00e9diteur du site&nbsp;: <\/strong>Phileo by Lesaffre &#8211; 137 rue Gabriel P\u00e9ri, 59700 MARCQ-EN-BAROEUL \u2013 France[\/vc_column_text][\/vc_column][\/vc_row]<\/p>\n<\/div>","protected":false},"excerpt":{"rendered":"<p>[vc_row css_animation=\u00a0\u00bb\u00a0\u00bb row_type=\u00a0\u00bbrow\u00a0\u00bb use_row_as_full_screen_section=\u00a0\u00bbno\u00a0\u00bb type=\u00a0\u00bbfull_width\u00a0\u00bb angled_section=\u00a0\u00bbno\u00a0\u00bb text_align=\u00a0\u00bbleft\u00a0\u00bb background_image_as_pattern=\u00a0\u00bbwithout_pattern\u00a0\u00bb el_class=\u00a0\u00bbbreadcrumbtxt\u00a0\u00bb z_index=\u00a0\u00bb\u00a0\u00bb][vc_column][vc_column_text][\/vc_column_text][\/vc_column][\/vc_row][vc_row css_animation=\u00a0\u00bb\u00a0\u00bb row_type=\u00a0\u00bbrow\u00a0\u00bb use_row_as_full_screen_section=\u00a0\u00bbno\u00a0\u00bb type=\u00a0\u00bbfull_width\u00a0\u00bb angled_section=\u00a0\u00bbno\u00a0\u00bb text_align=\u00a0\u00bbleft\u00a0\u00bb background_image_as_pattern=\u00a0\u00bbwithout_pattern\u00a0\u00bb css=\u00a0\u00bb.vc_custom_1595001943689{padding-top: 3% !important;padding-right: 10% !important;padding-bottom: 5% !important;padding-left: 10% !important;}\u00a0\u00bb z_index=\u00a0\u00bb\u00a0\u00bb][vc_column][vc_column_text] CONDITIONS G\u00c9N\u00c9RALES du site Web Phileo by Lesaffre &nbsp; Ce site Web est pr\u00e9sent\u00e9 par Phileo by Lesaffre&#8230;.<\/p>\n","protected":false},"author":1,"featured_media":0,"parent":0,"menu_order":0,"comment_status":"closed","ping_status":"closed","template":"full_width.php","meta":{"footnotes":""},"class_list":["post-408574","page","type-page","status-publish","hentry"],"yoast_head":"<!-- This site is optimized with the Yoast SEO Premium plugin v25.9 (Yoast SEO v27.4) - https:\/\/yoast.com\/product\/yoast-seo-premium-wordpress\/ -->\n<title>Informations l\u00e9gales &#8226; Phileo by Lesaffre<\/title>\n<meta name=\"robots\" content=\"index, follow, max-snippet:-1, max-image-preview:large, max-video-preview:-1\" \/>\n<link rel=\"canonical\" href=\"https:\/\/phileo-lesaffre.com\/fr\/informations-legales\/\" \/>\n<meta property=\"og:locale\" content=\"fr_FR\" \/>\n<meta property=\"og:type\" content=\"article\" \/>\n<meta property=\"og:title\" content=\"Informations l\u00e9gales\" \/>\n<meta property=\"og:description\" content=\"CONDITIONS G\u00c9N\u00c9RALES du site Web Phileo by Lesaffre &nbsp; Ce site Web est pr\u00e9sent\u00e9 par Phileo by Lesaffre. Votre utilisation de ce site est r\u00e9gie par les\" \/>\n<meta property=\"og:url\" content=\"https:\/\/phileo-lesaffre.com\/fr\/informations-legales\/\" \/>\n<meta property=\"og:site_name\" content=\"Phileo by Lesaffre\" \/>\n<meta property=\"article:publisher\" content=\"https:\/\/www.facebook.com\/phileo.lesaffre\/\" \/>\n<meta property=\"article:modified_time\" content=\"2021-09-07T08:16:23+00:00\" \/>\n<meta name=\"twitter:card\" content=\"summary_large_image\" \/>\n<meta name=\"twitter:site\" content=\"@PhileoLesaffre\" \/>\n<script type=\"application\/ld+json\" class=\"yoast-schema-graph\">{\"@context\":\"https:\\\/\\\/schema.org\",\"@graph\":[{\"@type\":\"WebPage\",\"@id\":\"https:\\\/\\\/phileo-lesaffre.com\\\/fr\\\/informations-legales\\\/\",\"url\":\"https:\\\/\\\/phileo-lesaffre.com\\\/fr\\\/informations-legales\\\/\",\"name\":\"Informations l\u00e9gales &#8226; Phileo by Lesaffre\",\"isPartOf\":{\"@id\":\"https:\\\/\\\/phileo-lesaffre.com\\\/fr\\\/#website\"},\"datePublished\":\"2021-09-07T08:16:21+00:00\",\"dateModified\":\"2021-09-07T08:16:23+00:00\",\"breadcrumb\":{\"@id\":\"https:\\\/\\\/phileo-lesaffre.com\\\/fr\\\/informations-legales\\\/#breadcrumb\"},\"inLanguage\":\"fr-FR\",\"potentialAction\":[{\"@type\":\"ReadAction\",\"target\":[\"https:\\\/\\\/phileo-lesaffre.com\\\/fr\\\/informations-legales\\\/\"]}]},{\"@type\":\"BreadcrumbList\",\"@id\":\"https:\\\/\\\/phileo-lesaffre.com\\\/fr\\\/informations-legales\\\/#breadcrumb\",\"itemListElement\":[{\"@type\":\"ListItem\",\"position\":1,\"name\":\"Phileo by Lesaffre\",\"item\":\"https:\\\/\\\/phileo-lesaffre.com\\\/fr\\\/\"},{\"@type\":\"ListItem\",\"position\":2,\"name\":\"Informations l\u00e9gales\"}]},{\"@type\":\"WebSite\",\"@id\":\"https:\\\/\\\/phileo-lesaffre.com\\\/fr\\\/#website\",\"url\":\"https:\\\/\\\/phileo-lesaffre.com\\\/fr\\\/\",\"name\":\"Phileo by Lesaffre\",\"description\":\"Animal nutrition and health from yeast products\",\"publisher\":{\"@id\":\"https:\\\/\\\/phileo-lesaffre.com\\\/fr\\\/#organization\"},\"potentialAction\":[{\"@type\":\"SearchAction\",\"target\":{\"@type\":\"EntryPoint\",\"urlTemplate\":\"https:\\\/\\\/phileo-lesaffre.com\\\/fr\\\/?s={search_term_string}\"},\"query-input\":{\"@type\":\"PropertyValueSpecification\",\"valueRequired\":true,\"valueName\":\"search_term_string\"}}],\"inLanguage\":\"fr-FR\"},{\"@type\":\"Organization\",\"@id\":\"https:\\\/\\\/phileo-lesaffre.com\\\/fr\\\/#organization\",\"name\":\"Phileo by Lesaffre\",\"url\":\"https:\\\/\\\/phileo-lesaffre.com\\\/fr\\\/\",\"logo\":{\"@type\":\"ImageObject\",\"inLanguage\":\"fr-FR\",\"@id\":\"https:\\\/\\\/phileo-lesaffre.com\\\/fr\\\/#\\\/schema\\\/logo\\\/image\\\/\",\"url\":\"https:\\\/\\\/phileo-lesaffre.com\\\/wp-content\\\/uploads\\\/2019\\\/04\\\/logo-phileo-lesaffre-1.jpg\",\"contentUrl\":\"https:\\\/\\\/phileo-lesaffre.com\\\/wp-content\\\/uploads\\\/2019\\\/04\\\/logo-phileo-lesaffre-1.jpg\",\"width\":500,\"height\":250,\"caption\":\"Phileo by Lesaffre\"},\"image\":{\"@id\":\"https:\\\/\\\/phileo-lesaffre.com\\\/fr\\\/#\\\/schema\\\/logo\\\/image\\\/\"},\"sameAs\":[\"https:\\\/\\\/www.facebook.com\\\/phileo.lesaffre\\\/\",\"https:\\\/\\\/x.com\\\/PhileoLesaffre\",\"https:\\\/\\\/www.linkedin.com\\\/company\\\/phileo\\\/\"]}]}<\/script>\n<!-- \/ Yoast SEO Premium plugin. -->","yoast_head_json":{"title":"Informations l\u00e9gales &#8226; Phileo by Lesaffre","robots":{"index":"index","follow":"follow","max-snippet":"max-snippet:-1","max-image-preview":"max-image-preview:large","max-video-preview":"max-video-preview:-1"},"canonical":"https:\/\/phileo-lesaffre.com\/fr\/informations-legales\/","og_locale":"fr_FR","og_type":"article","og_title":"Informations l\u00e9gales","og_description":"CONDITIONS G\u00c9N\u00c9RALES du site Web Phileo by Lesaffre &nbsp; Ce site Web est pr\u00e9sent\u00e9 par Phileo by Lesaffre. Votre utilisation de ce site est r\u00e9gie par les","og_url":"https:\/\/phileo-lesaffre.com\/fr\/informations-legales\/","og_site_name":"Phileo by Lesaffre","article_publisher":"https:\/\/www.facebook.com\/phileo.lesaffre\/","article_modified_time":"2021-09-07T08:16:23+00:00","twitter_card":"summary_large_image","twitter_site":"@PhileoLesaffre","schema":{"@context":"https:\/\/schema.org","@graph":[{"@type":"WebPage","@id":"https:\/\/phileo-lesaffre.com\/fr\/informations-legales\/","url":"https:\/\/phileo-lesaffre.com\/fr\/informations-legales\/","name":"Informations l\u00e9gales &#8226; Phileo by Lesaffre","isPartOf":{"@id":"https:\/\/phileo-lesaffre.com\/fr\/#website"},"datePublished":"2021-09-07T08:16:21+00:00","dateModified":"2021-09-07T08:16:23+00:00","breadcrumb":{"@id":"https:\/\/phileo-lesaffre.com\/fr\/informations-legales\/#breadcrumb"},"inLanguage":"fr-FR","potentialAction":[{"@type":"ReadAction","target":["https:\/\/phileo-lesaffre.com\/fr\/informations-legales\/"]}]},{"@type":"BreadcrumbList","@id":"https:\/\/phileo-lesaffre.com\/fr\/informations-legales\/#breadcrumb","itemListElement":[{"@type":"ListItem","position":1,"name":"Phileo by Lesaffre","item":"https:\/\/phileo-lesaffre.com\/fr\/"},{"@type":"ListItem","position":2,"name":"Informations l\u00e9gales"}]},{"@type":"WebSite","@id":"https:\/\/phileo-lesaffre.com\/fr\/#website","url":"https:\/\/phileo-lesaffre.com\/fr\/","name":"Phileo by Lesaffre","description":"Animal nutrition and health from yeast products","publisher":{"@id":"https:\/\/phileo-lesaffre.com\/fr\/#organization"},"potentialAction":[{"@type":"SearchAction","target":{"@type":"EntryPoint","urlTemplate":"https:\/\/phileo-lesaffre.com\/fr\/?s={search_term_string}"},"query-input":{"@type":"PropertyValueSpecification","valueRequired":true,"valueName":"search_term_string"}}],"inLanguage":"fr-FR"},{"@type":"Organization","@id":"https:\/\/phileo-lesaffre.com\/fr\/#organization","name":"Phileo by Lesaffre","url":"https:\/\/phileo-lesaffre.com\/fr\/","logo":{"@type":"ImageObject","inLanguage":"fr-FR","@id":"https:\/\/phileo-lesaffre.com\/fr\/#\/schema\/logo\/image\/","url":"https:\/\/phileo-lesaffre.com\/wp-content\/uploads\/2019\/04\/logo-phileo-lesaffre-1.jpg","contentUrl":"https:\/\/phileo-lesaffre.com\/wp-content\/uploads\/2019\/04\/logo-phileo-lesaffre-1.jpg","width":500,"height":250,"caption":"Phileo by Lesaffre"},"image":{"@id":"https:\/\/phileo-lesaffre.com\/fr\/#\/schema\/logo\/image\/"},"sameAs":["https:\/\/www.facebook.com\/phileo.lesaffre\/","https:\/\/x.com\/PhileoLesaffre","https:\/\/www.linkedin.com\/company\/phileo\/"]}]}},"_links":{"self":[{"href":"https:\/\/phileo-lesaffre.com\/fr\/wp-json\/wp\/v2\/pages\/408574","targetHints":{"allow":["GET"]}}],"collection":[{"href":"https:\/\/phileo-lesaffre.com\/fr\/wp-json\/wp\/v2\/pages"}],"about":[{"href":"https:\/\/phileo-lesaffre.com\/fr\/wp-json\/wp\/v2\/types\/page"}],"author":[{"embeddable":true,"href":"https:\/\/phileo-lesaffre.com\/fr\/wp-json\/wp\/v2\/users\/1"}],"replies":[{"embeddable":true,"href":"https:\/\/phileo-lesaffre.com\/fr\/wp-json\/wp\/v2\/comments?post=408574"}],"version-history":[{"count":0,"href":"https:\/\/phileo-lesaffre.com\/fr\/wp-json\/wp\/v2\/pages\/408574\/revisions"}],"wp:attachment":[{"href":"https:\/\/phileo-lesaffre.com\/fr\/wp-json\/wp\/v2\/media?parent=408574"}],"curies":[{"name":"wp","href":"https:\/\/api.w.org\/{rel}","templated":true}]}}