{"id":408425,"date":"2021-09-07T10:16:15","date_gmt":"2021-09-07T08:16:15","guid":{"rendered":"https:\/\/phileo-lesaffre.com\/procreatin-7\/"},"modified":"2021-09-07T10:16:27","modified_gmt":"2021-09-07T08:16:27","slug":"procreatin-7","status":"publish","type":"page","link":"https:\/\/phileo-lesaffre.com\/fr\/procreatin-7\/","title":{"rendered":"Procreatin 7"},"content":{"rendered":"<div class=\"wpb-content-wrapper\"><p>[vc_row css_animation=\u00a0\u00bb\u00a0\u00bb row_type=\u00a0\u00bbrow\u00a0\u00bb use_row_as_full_screen_section=\u00a0\u00bbno\u00a0\u00bb type=\u00a0\u00bbfull_width\u00a0\u00bb angled_section=\u00a0\u00bbno\u00a0\u00bb text_align=\u00a0\u00bbleft\u00a0\u00bb background_image_as_pattern=\u00a0\u00bbwithout_pattern\u00a0\u00bb el_class=\u00a0\u00bbbreadcrumbtxt\u00a0\u00bb z_index=\u00a0\u00bb\u00a0\u00bb][vc_column][vc_column_text]<span style=\"font-size: 12px;\"><span><span><a href=\"https:\/\/phileo-lesaffre.com\/fr\/\">Phileo by Lesaffre<\/a><\/span><\/span><\/span>[\/vc_column_text][\/vc_column][\/vc_row][vc_row css_animation=\u00a0\u00bb\u00a0\u00bb row_type=\u00a0\u00bbrow\u00a0\u00bb use_row_as_full_screen_section=\u00a0\u00bbno\u00a0\u00bb type=\u00a0\u00bbfull_width\u00a0\u00bb angled_section=\u00a0\u00bbno\u00a0\u00bb text_align=\u00a0\u00bbleft\u00a0\u00bb background_image_as_pattern=\u00a0\u00bbwithout_pattern\u00a0\u00bb][vc_column][vc_column_text]<\/p>\n<p>[\/vc_column_text][\/vc_column][\/vc_row][vc_row css_animation=\u00a0\u00bb\u00a0\u00bb row_type=\u00a0\u00bbrow\u00a0\u00bb use_row_as_full_screen_section=\u00a0\u00bbno\u00a0\u00bb type=\u00a0\u00bbfull_width\u00a0\u00bb angled_section=\u00a0\u00bbno\u00a0\u00bb text_align=\u00a0\u00bbleft\u00a0\u00bb background_image_as_pattern=\u00a0\u00bbwithout_pattern\u00a0\u00bb][vc_column][qode_elements_holder number_of_columns=\u00a0\u00bbtwo_columns\u00a0\u00bb][qode_elements_holder_item vertical_alignment=\u00a0\u00bbmiddle\u00a0\u00bb horizontal_alignment=\u00a0\u00bbleft\u00a0\u00bb advanced_animations=\u00a0\u00bbno\u00a0\u00bb item_padding=\u00a0\u00bb5% 10% 5% 0%\u00a0\u00bb][vc_column_text]<\/p>\n<h1 class=\"feed2\"><span style=\"color: #4d4d4c;\">Procreatin&nbsp;7&nbsp;: levure probiotique brevet\u00e9e \u00e0 base de <em>Saccharomyces cerevisiae<\/em><\/span><\/h1>\n<p>[\/vc_column_text][vc_single_image image=\u00a0\u00bb407413&Prime; img_size=\u00a0\u00bb65&#215;33&Prime; qode_css_animation=\u00a0\u00bb\u00a0\u00bb css=\u00a0\u00bb.vc_custom_1590613257454{padding-top: 5% !important;padding-bottom: 5% !important;}\u00a0\u00bb][vc_column_text css=\u00a0\u00bb.vc_custom_1598876104162{padding-right: 10% !important;}\u00a0\u00bb]Procreatin&nbsp;7 est une souche pure de <em>Saccharomyces cerevisiae<\/em> s\u00e9lectionn\u00e9e pour ses performances remarquables dans l\u2019alimentation animale. Ce produit fournit un grand nombre de cellules de levure pour les farines alimentaires. Cette souche est soigneusement choisie pour atteindre une uniformit\u00e9 et une coh\u00e9rence maximales.<\/p>\n<p>&nbsp;<\/p>\n<p>Procreatin&nbsp;7 est une levure probiotique compl\u00e8tement naturelle approuv\u00e9e pour la production de produits laitiers biologiques. Procreatin&nbsp;7 aide vos vaches \u00e0 extraire davantage d\u2019\u00e9nergie de chaque kilo de nourriture ing\u00e9r\u00e9. L\u2019utilisation de Procreatin&nbsp;7 dans le cadre d\u2019un r\u00e9gime \u00e9quilibr\u00e9 est une fa\u00e7on \u00e9conomique d\u2019am\u00e9liorer l\u2019efficacit\u00e9 du lait et les profits dans l\u2019environnement d\u2019\u00e9levage actuel dans lequel la durabilit\u00e9 est grandement valoris\u00e9e.[\/vc_column_text][\/qode_elements_holder_item][qode_elements_holder_item cover=\u00a0\u00bbyes\u00a0\u00bb vertical_alignment=\u00a0\u00bbmiddle\u00a0\u00bb horizontal_alignment=\u00a0\u00bbleft\u00a0\u00bb advanced_animations=\u00a0\u00bbno\u00a0\u00bb background_image=\u00a0\u00bb397211&Prime;][\/qode_elements_holder_item][\/qode_elements_holder][\/vc_column][\/vc_row][vc_row css_animation=\u00a0\u00bb\u00a0\u00bb row_type=\u00a0\u00bbrow\u00a0\u00bb use_row_as_full_screen_section=\u00a0\u00bbno\u00a0\u00bb type=\u00a0\u00bbfull_width\u00a0\u00bb angled_section=\u00a0\u00bbno\u00a0\u00bb text_align=\u00a0\u00bbleft\u00a0\u00bb background_image_as_pattern=\u00a0\u00bbwithout_pattern\u00a0\u00bb][vc_column][qode_elements_holder number_of_columns=\u00a0\u00bbtwo_columns\u00a0\u00bb][qode_elements_holder_item cover=\u00a0\u00bbyes\u00a0\u00bb vertical_alignment=\u00a0\u00bbmiddle\u00a0\u00bb horizontal_alignment=\u00a0\u00bbleft\u00a0\u00bb advanced_animations=\u00a0\u00bbno\u00a0\u00bb background_image=\u00a0\u00bb949&Prime;][\/qode_elements_holder_item][qode_elements_holder_item vertical_alignment=\u00a0\u00bbmiddle\u00a0\u00bb horizontal_alignment=\u00a0\u00bbleft\u00a0\u00bb advanced_animations=\u00a0\u00bbno\u00a0\u00bb item_padding=\u00a0\u00bb5% 10% 5% 10%\u00a0\u00bb background_color=\u00a0\u00bb#ad1a22&Prime;][vc_column_text]<\/p>\n<h2 class=\"feed4\"><span style=\"color: #ffffff;\">Optimisation de la digestion chez les vaches laiti\u00e8res<\/span><\/h2>\n<p>[\/vc_column_text][vc_single_image image=\u00a0\u00bb27&Prime; img_size=\u00a0\u00bb50&#215;25&Prime; qode_css_animation=\u00a0\u00bb\u00a0\u00bb css=\u00a0\u00bb.vc_custom_1591894886108{padding-top: 5% !important;padding-bottom: 5% !important;}\u00a0\u00bb][vc_column_text css=\u00a0\u00bb.vc_custom_1598880750949{padding-right: 10% !important;}\u00a0\u00bb]<span style=\"color: #ffffff;\">Procreatin&nbsp;7 peut compter sur ses 22&nbsp;ann\u00e9es consacr\u00e9es \u00e0 optimiser la digestion des vaches laiti\u00e8res. Ajouter Procreatin&nbsp;7 \u00e0 l\u2019alimentation des vaches laiti\u00e8res aide \u00e0 contr\u00f4ler l\u2019acidose, renforce la digestion des fibres dans les r\u00e9gimes \u00e0 haute teneur en amidon et augmente le rendement des mati\u00e8res grasses dans le lait. Procreatin&nbsp;7 fonctionne diff\u00e9remment d\u2019un tampon ruminal pour stabiliser le rumen. En tant que levure probiotique, il abaisse le potentiel redox dans le rumen. Une r\u00e9duction du potentiel redox dans le rumen stimule la conversion de l\u2019acide lactique en acide propionique. Cette conversion de l\u2019acide lactique en acide propionique augmente le pH du rumen. Un pH du rumen plus \u00e9lev\u00e9 signifie une meilleure digestion des fibres et une meilleure digestion des prot\u00e9ines et de l\u2019amidon. Cela entra\u00eene un rumen en meilleure sant\u00e9 et une vache saine.<\/span>[\/vc_column_text][\/qode_elements_holder_item][\/qode_elements_holder][\/vc_column][\/vc_row][vc_row css_animation=\u00a0\u00bb\u00a0\u00bb row_type=\u00a0\u00bbrow\u00a0\u00bb use_row_as_full_screen_section=\u00a0\u00bbno\u00a0\u00bb type=\u00a0\u00bbfull_width\u00a0\u00bb angled_section=\u00a0\u00bbno\u00a0\u00bb text_align=\u00a0\u00bbleft\u00a0\u00bb background_image_as_pattern=\u00a0\u00bbwithout_pattern\u00a0\u00bb][vc_column][qode_elements_holder number_of_columns=\u00a0\u00bbtwo_columns\u00a0\u00bb][qode_elements_holder_item vertical_alignment=\u00a0\u00bbmiddle\u00a0\u00bb horizontal_alignment=\u00a0\u00bbleft\u00a0\u00bb advanced_animations=\u00a0\u00bbno\u00a0\u00bb item_padding=\u00a0\u00bb5% 10% 5% 10%\u00a0\u00bb background_color=\u00a0\u00bb#ad1a22&Prime;][vc_column_text]<\/p>\n<h2 class=\"feed4\"><span style=\"color: #ffffff;\">Procreatin 7<\/span><\/h2>\n<p>[\/vc_column_text][vc_single_image image=\u00a0\u00bb27&Prime; img_size=\u00a0\u00bb50&#215;25&Prime; qode_css_animation=\u00a0\u00bb\u00a0\u00bb css=\u00a0\u00bb.vc_custom_1591894886108{padding-top: 5% !important;padding-bottom: 5% !important;}\u00a0\u00bb][vc_column_text css=\u00a0\u00bb.vc_custom_1598947812575{padding-right: 10% !important;}\u00a0\u00bb]<span style=\"color: #ffffff;\">Procreatin&nbsp;7 est s\u00e9ch\u00e9 \u00e0 l\u2019aide de processus brevet\u00e9s sp\u00e9cifiques qui maintiennent une num\u00e9ration cellulaire \u00e9lev\u00e9e. Chaque lot produit est analys\u00e9e pour garantir la conformit\u00e9 avec les normes microbiologiques, physiques et chimiques, et r\u00e9pond \u00e0 la garantie minimale de 1,5 x 1&nbsp;010&nbsp;UFC par gramme de produit. Procreatin&nbsp;7 stabilise le rumen, augmente le pH du rumen et am\u00e9liore la production des composants du lait.<br \/>\n<\/span><\/p>\n<p>&nbsp;<\/p>\n<p><span style=\"color: #ffffff;\"><br \/>\nProcreatin&nbsp;7 est stable dans les pr\u00e9m\u00e9langes min\u00e9raux pendant 60&nbsp;jours. Il n\u2019est pas con\u00e7u pour \u00eatre utilis\u00e9 dans les min\u00e9raux granul\u00e9s ou les suppl\u00e9ments. Il survit aux alimentations de type pur\u00e9e et dans les rations totales m\u00e9lang\u00e9es.<\/span>[\/vc_column_text][\/qode_elements_holder_item][qode_elements_holder_item cover=\u00a0\u00bbyes\u00a0\u00bb vertical_alignment=\u00a0\u00bbmiddle\u00a0\u00bb horizontal_alignment=\u00a0\u00bbleft\u00a0\u00bb advanced_animations=\u00a0\u00bbno\u00a0\u00bb background_image=\u00a0\u00bb397704&Prime;][\/qode_elements_holder_item][\/qode_elements_holder][\/vc_column][\/vc_row][vc_row css_animation=\u00a0\u00bb\u00a0\u00bb row_type=\u00a0\u00bbrow\u00a0\u00bb use_row_as_full_screen_section=\u00a0\u00bbyes\u00a0\u00bb type=\u00a0\u00bbfull_width\u00a0\u00bb angled_section=\u00a0\u00bbno\u00a0\u00bb text_align=\u00a0\u00bbleft\u00a0\u00bb background_image_as_pattern=\u00a0\u00bbwithout_pattern\u00a0\u00bb z_index=\u00a0\u00bb\u00a0\u00bb css=\u00a0\u00bb.vc_custom_1590613315117{padding-top: 1% !important;padding-bottom: 2% !important;}\u00a0\u00bb][vc_column][vc_column_text]<\/p>\n<h2 class=\"feed2\"><span style=\"color: #4d4d4c;\">R\u00e9pondre aux besoins<br \/>\nde nos clients<\/span><\/h2>\n<p>[\/vc_column_text][vc_separator type=\u00a0\u00bbtransparent\u00a0\u00bb up=\u00a0\u00bb15&Prime; down=\u00a0\u00bb15&Prime;][\/vc_column][\/vc_row][vc_row css_animation=\u00a0\u00bb\u00a0\u00bb row_type=\u00a0\u00bbrow\u00a0\u00bb use_row_as_full_screen_section=\u00a0\u00bbno\u00a0\u00bb type=\u00a0\u00bbfull_width\u00a0\u00bb angled_section=\u00a0\u00bbno\u00a0\u00bb text_align=\u00a0\u00bbleft\u00a0\u00bb background_image_as_pattern=\u00a0\u00bbwithout_pattern\u00a0\u00bb z_index=\u00a0\u00bb\u00a0\u00bb anchor=\u00a0\u00bbsustainability\u00a0\u00bb css=\u00a0\u00bb.vc_custom_1592253199986{padding-top: 1% !important;padding-bottom: 2% !important;}\u00a0\u00bb][vc_column][qode_elements_holder number_of_columns=\u00a0\u00bbone_column\u00a0\u00bb][qode_elements_holder_item advanced_animations=\u00a0\u00bbno\u00a0\u00bb][vc_single_image image=\u00a0\u00bb408431&Prime; img_size=\u00a0\u00bbfull\u00a0\u00bb qode_css_animation=\u00a0\u00bb\u00a0\u00bb qode_hover_animation=\u00a0\u00bbzoom_in\u00a0\u00bb][\/qode_elements_holder_item][qode_elements_holder_item advanced_animations=\u00a0\u00bbno\u00a0\u00bb][vc_column_text]<\/p>\n<h3>Procreatin 7<\/h3>\n<p>&nbsp;<\/p>\n<p><strong>Packaging<\/strong><\/p>\n<ul>\n<li>10 kg and 25 kg multilayer laminated vacuum bag in corrugated cardboard box.<\/li>\n<\/ul>\n<p>&nbsp;<\/p>\n<p><strong>Shelf life<\/strong><\/p>\n<p>This product has a shelf life of two year if stored in a cool, dry place in its original packaging.<\/p>\n<p>&nbsp;<\/p>\n<p><strong>Dosage<\/strong><\/p>\n<p>Please reach out to our Phileo experts <span class='highlight' style='color: #333; background-color:#96bb39;'><em><a href=\"https:\/\/phileo-lesaffre.com\/fr\/trouvez-un-vendeur-pres-de-chez-vous\/\">here<\/a><\/em><\/span>[\/vc_column_text][\/qode_elements_holder_item][\/qode_elements_holder][\/vc_column][\/vc_row][vc_row css_animation=\u00a0\u00bb\u00a0\u00bb row_type=\u00a0\u00bbrow\u00a0\u00bb use_row_as_full_screen_section=\u00a0\u00bbno\u00a0\u00bb type=\u00a0\u00bbfull_width\u00a0\u00bb angled_section=\u00a0\u00bbno\u00a0\u00bb text_align=\u00a0\u00bbleft\u00a0\u00bb background_image_as_pattern=\u00a0\u00bbwithout_pattern\u00a0\u00bb][vc_column][vc_column_text]<em>Cette affirmation n\u2019a pas \u00e9t\u00e9 \u00e9valu\u00e9e par la FDA. Ce produit n\u2019est pas destin\u00e9 \u00e0 diagnostiquer, traiter, soigner ou pr\u00e9venir une maladie. Tous les produits ne sont pas propos\u00e9s sur tous les march\u00e9s et toutes les affirmations associ\u00e9es ne sont pas autoris\u00e9es dans toutes les r\u00e9gions. Les informations fournies dans ce document sont, \u00e0 notre connaissance, vraies et pr\u00e9cises. Cependant, les produits doivent uniquement \u00eatre utilis\u00e9s conform\u00e9ment aux l\u00e9gislations et r\u00e9glementations locales et nous ne pouvons garantir la libert\u00e9 d\u2019utilisation pour chaque application ou pays de destination. <\/em>[\/vc_column_text][\/vc_column][\/vc_row]<\/p>\n<\/div>","protected":false},"excerpt":{"rendered":"<p>[vc_row css_animation=\u00a0\u00bb\u00a0\u00bb row_type=\u00a0\u00bbrow\u00a0\u00bb use_row_as_full_screen_section=\u00a0\u00bbno\u00a0\u00bb type=\u00a0\u00bbfull_width\u00a0\u00bb angled_section=\u00a0\u00bbno\u00a0\u00bb text_align=\u00a0\u00bbleft\u00a0\u00bb background_image_as_pattern=\u00a0\u00bbwithout_pattern\u00a0\u00bb el_class=\u00a0\u00bbbreadcrumbtxt\u00a0\u00bb z_index=\u00a0\u00bb\u00a0\u00bb][vc_column][vc_column_text][\/vc_column_text][\/vc_column][\/vc_row][vc_row css_animation=\u00a0\u00bb\u00a0\u00bb row_type=\u00a0\u00bbrow\u00a0\u00bb use_row_as_full_screen_section=\u00a0\u00bbno\u00a0\u00bb type=\u00a0\u00bbfull_width\u00a0\u00bb angled_section=\u00a0\u00bbno\u00a0\u00bb text_align=\u00a0\u00bbleft\u00a0\u00bb background_image_as_pattern=\u00a0\u00bbwithout_pattern\u00a0\u00bb][vc_column][vc_column_text] [\/vc_column_text][\/vc_column][\/vc_row][vc_row css_animation=\u00a0\u00bb\u00a0\u00bb row_type=\u00a0\u00bbrow\u00a0\u00bb use_row_as_full_screen_section=\u00a0\u00bbno\u00a0\u00bb type=\u00a0\u00bbfull_width\u00a0\u00bb angled_section=\u00a0\u00bbno\u00a0\u00bb text_align=\u00a0\u00bbleft\u00a0\u00bb background_image_as_pattern=\u00a0\u00bbwithout_pattern\u00a0\u00bb][vc_column][qode_elements_holder number_of_columns=\u00a0\u00bbtwo_columns\u00a0\u00bb][qode_elements_holder_item vertical_alignment=\u00a0\u00bbmiddle\u00a0\u00bb horizontal_alignment=\u00a0\u00bbleft\u00a0\u00bb advanced_animations=\u00a0\u00bbno\u00a0\u00bb item_padding=\u00a0\u00bb5% 10% 5% 0%\u00a0\u00bb][vc_column_text] Procreatin&nbsp;7&nbsp;: levure probiotique brevet\u00e9e \u00e0 base de Saccharomyces cerevisiae [\/vc_column_text][vc_single_image image=\u00a0\u00bb407413&Prime; img_size=\u00a0\u00bb65&#215;33&Prime;&#8230;<\/p>\n","protected":false},"author":1,"featured_media":0,"parent":0,"menu_order":0,"comment_status":"closed","ping_status":"closed","template":"full_width.php","meta":{"footnotes":""},"class_list":["post-408425","page","type-page","status-publish","hentry"],"yoast_head":"<!-- This site is optimized with the Yoast SEO Premium plugin v25.9 (Yoast SEO v27.3) - https:\/\/yoast.com\/product\/yoast-seo-premium-wordpress\/ -->\n<title>Procreatin 7\u00a0: Am\u00e9liorer la production laiti\u00e8re biologique | Phileo by Lesaffre<\/title>\n<meta name=\"description\" content=\"D\u00e9couvrez Procreatin\u00a07, une levure probiotique \u00e0 base de Saccharomyces cerevisiae et ses b\u00e9n\u00e9fices dans l\u2019alimentation des vaches laiti\u00e8res\" \/>\n<meta name=\"robots\" content=\"index, follow, max-snippet:-1, max-image-preview:large, max-video-preview:-1\" \/>\n<link rel=\"canonical\" href=\"https:\/\/phileo-lesaffre.com\/fr\/procreatin-7\/\" \/>\n<meta property=\"og:locale\" content=\"fr_FR\" \/>\n<meta property=\"og:type\" content=\"article\" \/>\n<meta property=\"og:title\" content=\"Procreatin 7\" \/>\n<meta property=\"og:description\" content=\"Procreatin&nbsp;7&nbsp;: levure probiotique brevet\u00e9e \u00e0 base de Saccharomyces cerevisiae Procreatin&nbsp;7 est une souche pure de Saccharomyces cerevisiae\" \/>\n<meta property=\"og:url\" content=\"https:\/\/phileo-lesaffre.com\/fr\/procreatin-7\/\" \/>\n<meta property=\"og:site_name\" content=\"Phileo by Lesaffre\" \/>\n<meta property=\"article:publisher\" content=\"https:\/\/www.facebook.com\/phileo.lesaffre\/\" \/>\n<meta property=\"article:modified_time\" content=\"2021-09-07T08:16:27+00:00\" \/>\n<meta name=\"twitter:card\" content=\"summary_large_image\" \/>\n<meta name=\"twitter:site\" content=\"@PhileoLesaffre\" \/>\n<script type=\"application\/ld+json\" class=\"yoast-schema-graph\">{\"@context\":\"https:\\\/\\\/schema.org\",\"@graph\":[{\"@type\":\"WebPage\",\"@id\":\"https:\\\/\\\/phileo-lesaffre.com\\\/fr\\\/procreatin-7\\\/\",\"url\":\"https:\\\/\\\/phileo-lesaffre.com\\\/fr\\\/procreatin-7\\\/\",\"name\":\"Procreatin 7\u00a0: Am\u00e9liorer la production laiti\u00e8re biologique | Phileo by Lesaffre\",\"isPartOf\":{\"@id\":\"https:\\\/\\\/phileo-lesaffre.com\\\/fr\\\/#website\"},\"datePublished\":\"2021-09-07T08:16:15+00:00\",\"dateModified\":\"2021-09-07T08:16:27+00:00\",\"description\":\"D\u00e9couvrez Procreatin\u00a07, une levure probiotique \u00e0 base de Saccharomyces cerevisiae et ses b\u00e9n\u00e9fices dans l\u2019alimentation des vaches laiti\u00e8res\",\"breadcrumb\":{\"@id\":\"https:\\\/\\\/phileo-lesaffre.com\\\/fr\\\/procreatin-7\\\/#breadcrumb\"},\"inLanguage\":\"fr-FR\",\"potentialAction\":[{\"@type\":\"ReadAction\",\"target\":[\"https:\\\/\\\/phileo-lesaffre.com\\\/fr\\\/procreatin-7\\\/\"]}]},{\"@type\":\"BreadcrumbList\",\"@id\":\"https:\\\/\\\/phileo-lesaffre.com\\\/fr\\\/procreatin-7\\\/#breadcrumb\",\"itemListElement\":[{\"@type\":\"ListItem\",\"position\":1,\"name\":\"Phileo by Lesaffre\",\"item\":\"https:\\\/\\\/phileo-lesaffre.com\\\/fr\\\/\"},{\"@type\":\"ListItem\",\"position\":2,\"name\":\"Procreatin 7\"}]},{\"@type\":\"WebSite\",\"@id\":\"https:\\\/\\\/phileo-lesaffre.com\\\/fr\\\/#website\",\"url\":\"https:\\\/\\\/phileo-lesaffre.com\\\/fr\\\/\",\"name\":\"Phileo by Lesaffre\",\"description\":\"Animal nutrition and health from yeast products\",\"publisher\":{\"@id\":\"https:\\\/\\\/phileo-lesaffre.com\\\/fr\\\/#organization\"},\"potentialAction\":[{\"@type\":\"SearchAction\",\"target\":{\"@type\":\"EntryPoint\",\"urlTemplate\":\"https:\\\/\\\/phileo-lesaffre.com\\\/fr\\\/?s={search_term_string}\"},\"query-input\":{\"@type\":\"PropertyValueSpecification\",\"valueRequired\":true,\"valueName\":\"search_term_string\"}}],\"inLanguage\":\"fr-FR\"},{\"@type\":\"Organization\",\"@id\":\"https:\\\/\\\/phileo-lesaffre.com\\\/fr\\\/#organization\",\"name\":\"Phileo by Lesaffre\",\"url\":\"https:\\\/\\\/phileo-lesaffre.com\\\/fr\\\/\",\"logo\":{\"@type\":\"ImageObject\",\"inLanguage\":\"fr-FR\",\"@id\":\"https:\\\/\\\/phileo-lesaffre.com\\\/fr\\\/#\\\/schema\\\/logo\\\/image\\\/\",\"url\":\"https:\\\/\\\/phileo-lesaffre.com\\\/wp-content\\\/uploads\\\/2019\\\/04\\\/logo-phileo-lesaffre-1.jpg\",\"contentUrl\":\"https:\\\/\\\/phileo-lesaffre.com\\\/wp-content\\\/uploads\\\/2019\\\/04\\\/logo-phileo-lesaffre-1.jpg\",\"width\":500,\"height\":250,\"caption\":\"Phileo by Lesaffre\"},\"image\":{\"@id\":\"https:\\\/\\\/phileo-lesaffre.com\\\/fr\\\/#\\\/schema\\\/logo\\\/image\\\/\"},\"sameAs\":[\"https:\\\/\\\/www.facebook.com\\\/phileo.lesaffre\\\/\",\"https:\\\/\\\/x.com\\\/PhileoLesaffre\",\"https:\\\/\\\/www.linkedin.com\\\/company\\\/phileo\\\/\"]}]}<\/script>\n<!-- \/ Yoast SEO Premium plugin. -->","yoast_head_json":{"title":"Procreatin 7\u00a0: Am\u00e9liorer la production laiti\u00e8re biologique | Phileo by Lesaffre","description":"D\u00e9couvrez Procreatin\u00a07, une levure probiotique \u00e0 base de Saccharomyces cerevisiae et ses b\u00e9n\u00e9fices dans l\u2019alimentation des vaches laiti\u00e8res","robots":{"index":"index","follow":"follow","max-snippet":"max-snippet:-1","max-image-preview":"max-image-preview:large","max-video-preview":"max-video-preview:-1"},"canonical":"https:\/\/phileo-lesaffre.com\/fr\/procreatin-7\/","og_locale":"fr_FR","og_type":"article","og_title":"Procreatin 7","og_description":"Procreatin&nbsp;7&nbsp;: levure probiotique brevet\u00e9e \u00e0 base de Saccharomyces cerevisiae Procreatin&nbsp;7 est une souche pure de Saccharomyces cerevisiae","og_url":"https:\/\/phileo-lesaffre.com\/fr\/procreatin-7\/","og_site_name":"Phileo by Lesaffre","article_publisher":"https:\/\/www.facebook.com\/phileo.lesaffre\/","article_modified_time":"2021-09-07T08:16:27+00:00","twitter_card":"summary_large_image","twitter_site":"@PhileoLesaffre","schema":{"@context":"https:\/\/schema.org","@graph":[{"@type":"WebPage","@id":"https:\/\/phileo-lesaffre.com\/fr\/procreatin-7\/","url":"https:\/\/phileo-lesaffre.com\/fr\/procreatin-7\/","name":"Procreatin 7\u00a0: Am\u00e9liorer la production laiti\u00e8re biologique | Phileo by Lesaffre","isPartOf":{"@id":"https:\/\/phileo-lesaffre.com\/fr\/#website"},"datePublished":"2021-09-07T08:16:15+00:00","dateModified":"2021-09-07T08:16:27+00:00","description":"D\u00e9couvrez Procreatin\u00a07, une levure probiotique \u00e0 base de Saccharomyces cerevisiae et ses b\u00e9n\u00e9fices dans l\u2019alimentation des vaches laiti\u00e8res","breadcrumb":{"@id":"https:\/\/phileo-lesaffre.com\/fr\/procreatin-7\/#breadcrumb"},"inLanguage":"fr-FR","potentialAction":[{"@type":"ReadAction","target":["https:\/\/phileo-lesaffre.com\/fr\/procreatin-7\/"]}]},{"@type":"BreadcrumbList","@id":"https:\/\/phileo-lesaffre.com\/fr\/procreatin-7\/#breadcrumb","itemListElement":[{"@type":"ListItem","position":1,"name":"Phileo by Lesaffre","item":"https:\/\/phileo-lesaffre.com\/fr\/"},{"@type":"ListItem","position":2,"name":"Procreatin 7"}]},{"@type":"WebSite","@id":"https:\/\/phileo-lesaffre.com\/fr\/#website","url":"https:\/\/phileo-lesaffre.com\/fr\/","name":"Phileo by Lesaffre","description":"Animal nutrition and health from yeast products","publisher":{"@id":"https:\/\/phileo-lesaffre.com\/fr\/#organization"},"potentialAction":[{"@type":"SearchAction","target":{"@type":"EntryPoint","urlTemplate":"https:\/\/phileo-lesaffre.com\/fr\/?s={search_term_string}"},"query-input":{"@type":"PropertyValueSpecification","valueRequired":true,"valueName":"search_term_string"}}],"inLanguage":"fr-FR"},{"@type":"Organization","@id":"https:\/\/phileo-lesaffre.com\/fr\/#organization","name":"Phileo by Lesaffre","url":"https:\/\/phileo-lesaffre.com\/fr\/","logo":{"@type":"ImageObject","inLanguage":"fr-FR","@id":"https:\/\/phileo-lesaffre.com\/fr\/#\/schema\/logo\/image\/","url":"https:\/\/phileo-lesaffre.com\/wp-content\/uploads\/2019\/04\/logo-phileo-lesaffre-1.jpg","contentUrl":"https:\/\/phileo-lesaffre.com\/wp-content\/uploads\/2019\/04\/logo-phileo-lesaffre-1.jpg","width":500,"height":250,"caption":"Phileo by Lesaffre"},"image":{"@id":"https:\/\/phileo-lesaffre.com\/fr\/#\/schema\/logo\/image\/"},"sameAs":["https:\/\/www.facebook.com\/phileo.lesaffre\/","https:\/\/x.com\/PhileoLesaffre","https:\/\/www.linkedin.com\/company\/phileo\/"]}]}},"_links":{"self":[{"href":"https:\/\/phileo-lesaffre.com\/fr\/wp-json\/wp\/v2\/pages\/408425","targetHints":{"allow":["GET"]}}],"collection":[{"href":"https:\/\/phileo-lesaffre.com\/fr\/wp-json\/wp\/v2\/pages"}],"about":[{"href":"https:\/\/phileo-lesaffre.com\/fr\/wp-json\/wp\/v2\/types\/page"}],"author":[{"embeddable":true,"href":"https:\/\/phileo-lesaffre.com\/fr\/wp-json\/wp\/v2\/users\/1"}],"replies":[{"embeddable":true,"href":"https:\/\/phileo-lesaffre.com\/fr\/wp-json\/wp\/v2\/comments?post=408425"}],"version-history":[{"count":0,"href":"https:\/\/phileo-lesaffre.com\/fr\/wp-json\/wp\/v2\/pages\/408425\/revisions"}],"wp:attachment":[{"href":"https:\/\/phileo-lesaffre.com\/fr\/wp-json\/wp\/v2\/media?parent=408425"}],"curies":[{"name":"wp","href":"https:\/\/api.w.org\/{rel}","templated":true}]}}