{"id":408055,"date":"2021-09-07T10:16:06","date_gmt":"2021-09-07T08:16:06","guid":{"rendered":"https:\/\/phileo-lesaffre.com\/bovins\/optimisation-du-gain-de-poids-et-tcr-chez-le-bovin\/"},"modified":"2021-09-14T14:49:40","modified_gmt":"2021-09-14T12:49:40","slug":"optimisation-du-gain-de-poids-et-tcr-chez-le-bovin","status":"publish","type":"page","link":"https:\/\/phileo-lesaffre.com\/fr\/bovins\/optimisation-du-gain-de-poids-et-tcr-chez-le-bovin\/","title":{"rendered":"Optimisation du gain de poids et TCR chez le bovin"},"content":{"rendered":"<div class=\"wpb-content-wrapper\"><p>[vc_row css_animation=\u00a0\u00bb\u00a0\u00bb row_type=\u00a0\u00bbrow\u00a0\u00bb use_row_as_full_screen_section=\u00a0\u00bbno\u00a0\u00bb type=\u00a0\u00bbfull_width\u00a0\u00bb angled_section=\u00a0\u00bbno\u00a0\u00bb text_align=\u00a0\u00bbleft\u00a0\u00bb background_image_as_pattern=\u00a0\u00bbwithout_pattern\u00a0\u00bb el_class=\u00a0\u00bbbreadcrumbtxt\u00a0\u00bb z_index=\u00a0\u00bb\u00a0\u00bb][vc_column][vc_column_text]<span style=\"font-size: 12px;\"><span><span><a href=\"https:\/\/phileo-lesaffre.com\/fr\/\">Phileo by Lesaffre<\/a><\/span><\/span><\/span>[\/vc_column_text][\/vc_column][\/vc_row][vc_row css_animation=\u00a0\u00bb\u00a0\u00bb row_type=\u00a0\u00bbrow\u00a0\u00bb use_row_as_full_screen_section=\u00a0\u00bbno\u00a0\u00bb type=\u00a0\u00bbfull_width\u00a0\u00bb angled_section=\u00a0\u00bbno\u00a0\u00bb text_align=\u00a0\u00bbleft\u00a0\u00bb background_image_as_pattern=\u00a0\u00bbwithout_pattern\u00a0\u00bb][vc_column][vc_column_text]<\/p>\n<p>[\/vc_column_text][\/vc_column][\/vc_row][vc_row css_animation=\u00a0\u00bb\u00a0\u00bb row_type=\u00a0\u00bbrow\u00a0\u00bb use_row_as_full_screen_section=\u00a0\u00bbno\u00a0\u00bb type=\u00a0\u00bbfull_width\u00a0\u00bb angled_section=\u00a0\u00bbno\u00a0\u00bb text_align=\u00a0\u00bbleft\u00a0\u00bb background_image_as_pattern=\u00a0\u00bbwithout_pattern\u00a0\u00bb][vc_column][qode_elements_holder number_of_columns=\u00a0\u00bbtwo_columns\u00a0\u00bb][qode_elements_holder_item vertical_alignment=\u00a0\u00bbmiddle\u00a0\u00bb horizontal_alignment=\u00a0\u00bbleft\u00a0\u00bb advanced_animations=\u00a0\u00bbno\u00a0\u00bb item_padding=\u00a0\u00bb5% 8% 5% 0%\u00a0\u00bb][vc_column_text]<\/p>\n<h1 class=\"feed2\"><span style=\"color: #4d4d4c;\">Optimisation du gain de poids et des taux de conversion alimentaire<\/span><\/h1>\n<p>[\/vc_column_text][vc_single_image image=\u00a0\u00bb407413&Prime; img_size=\u00a0\u00bb65&#215;33&Prime; qode_css_animation=\u00a0\u00bb\u00a0\u00bb css=\u00a0\u00bb.vc_custom_1590613047306{padding-top: 5% !important;padding-bottom: 5% !important;}\u00a0\u00bb][vc_column_text css=\u00a0\u00bb.vc_custom_1592497488080{padding-right: 8% !important;}\u00a0\u00bb]Les bovins sont des animaux puissants et r\u00e9sistants, capables de transformer des plantes et sous-produits v\u00e9g\u00e9taux, qui sinon seraient inutilisables, en viande de haute qualit\u00e9. Dans les faits pourtant, ils re\u00e7oivent une alimentation riche en grains ayant une haute teneur en \u00e9nergie pour avoir une croissance rapide et une grande qualit\u00e9 de leur viande, avec des taux de conversion alimentaire am\u00e9lior\u00e9s. Fournir une alimentation riche en concentr\u00e9s aux bovins r\u00e9duit la quantit\u00e9 d\u2019alimentation requise par kilo de poids corporel obtenu.<\/p>\n<p>&nbsp;<\/p>\n<p>Quel que soit le syst\u00e8me d\u2019alimentation utilis\u00e9 par le lot d\u2019engraissement, le facteur le plus important est l\u2019efficacit\u00e9 \u00e9nerg\u00e9tique dans tous les syst\u00e8mes de croissance et de finition. Une bonne efficacit\u00e9 \u00e9nerg\u00e9tique est permise par une bonne transition d\u2019un r\u00e9gime riche en fibres \u00e0 des rations riches en \u00e9nergie et par une bonne sant\u00e9 du rumen.[\/vc_column_text][vc_single_image image=\u00a0\u00bb407825&Prime; img_size=\u00a0\u00bb120&#215;178&Prime; alignment=\u00a0\u00bbright\u00a0\u00bb qode_css_animation=\u00a0\u00bb\u00a0\u00bb][\/qode_elements_holder_item][qode_elements_holder_item cover=\u00a0\u00bbyes\u00a0\u00bb vertical_alignment=\u00a0\u00bbmiddle\u00a0\u00bb horizontal_alignment=\u00a0\u00bbleft\u00a0\u00bb advanced_animations=\u00a0\u00bbno\u00a0\u00bb background_image=\u00a0\u00bb396368&Prime;][\/qode_elements_holder_item][\/qode_elements_holder][\/vc_column][\/vc_row][vc_row css_animation=\u00a0\u00bb\u00a0\u00bb row_type=\u00a0\u00bbrow\u00a0\u00bb use_row_as_full_screen_section=\u00a0\u00bbno\u00a0\u00bb type=\u00a0\u00bbfull_width\u00a0\u00bb angled_section=\u00a0\u00bbno\u00a0\u00bb text_align=\u00a0\u00bbleft\u00a0\u00bb background_image_as_pattern=\u00a0\u00bbwithout_pattern\u00a0\u00bb z_index=\u00a0\u00bb\u00a0\u00bb][vc_column][qode_elements_holder number_of_columns=\u00a0\u00bbtwo_columns\u00a0\u00bb][qode_elements_holder_item cover=\u00a0\u00bbyes\u00a0\u00bb advanced_animations=\u00a0\u00bbno\u00a0\u00bb background_image=\u00a0\u00bb396209&Prime;][vc_separator type=\u00a0\u00bbtransparent\u00a0\u00bb up=\u00a0\u00bb200&Prime; down=\u00a0\u00bb200&Prime;][\/qode_elements_holder_item][qode_elements_holder_item vertical_alignment=\u00a0\u00bbmiddle\u00a0\u00bb horizontal_alignment=\u00a0\u00bbleft\u00a0\u00bb advanced_animations=\u00a0\u00bbno\u00a0\u00bb item_padding=\u00a0\u00bb5% 2% 5% 10%\u00a0\u00bb background_color=\u00a0\u00bb#ad1a22&Prime;][vc_column_text]<\/p>\n<h2 class=\"feed4\"><span style=\"color: #ffffff;\">Garantir une efficacit\u00e9 \u00e9nerg\u00e9tique optimale pendant la p\u00e9riode de finition<\/span><\/h2>\n<p>[\/vc_column_text][vc_single_image image=\u00a0\u00bb409029&Prime; img_size=\u00a0\u00bb50&#215;25&Prime; qode_css_animation=\u00a0\u00bb\u00a0\u00bb css=\u00a0\u00bb.vc_custom_1592227932921{padding-top: 5% !important;padding-bottom: 5% !important;}\u00a0\u00bb][vc_column_text css=\u00a0\u00bb.vc_custom_1592497626701{padding-right: 10% !important;}\u00a0\u00bb]<span style=\"color: #ffffff;\">1. Les \u00e9leveurs doivent conna\u00eetre la race et ses caract\u00e9ristiques, pour une bonne gestion et une bonne nutrition.<\/span><br \/>\n<span style=\"color: #ffffff;\">2. Recevoir des animaux correctement sevr\u00e9s dans le lot d\u2019engraissement \u00e0 un poids corporel appropri\u00e9. Des veaux plus l\u00e9gers sont plus susceptible de contracter une maladie et connaissent une transition plus difficile vers les r\u00e9gimes de finition. <\/span><br \/>\n<span style=\"color: #ffffff;\">3. Organiser une bonne transition vers l\u2019alimentation d\u2019engraissement pour garantir une bonne adaptation du rumen. Pour passer d\u2019un r\u00e9gime riche en fibres \u00e0 un r\u00e9gime riche en grains, le rumen n\u00e9cessite en moyenne deux \u00e0 quatre\u00a0semaines. Pendant cette p\u00e9riode,il convient de veiller \u00e0 garantir une transition alimentaire progressive, en introduisant les concentr\u00e9s au fur et \u00e0 mesure.<\/span><br \/>\n<span style=\"color: #ffffff;\">4. Pr\u00e9venir l\u2019acidose ruminale tout au long de la p\u00e9riode de finition. Les animaux atteints d\u2019acidose ruminale ont des taux de conversion alimentaire significativement diminu\u00e9s et, souvent, d\u00e9laissent leur alimentation.<\/span>[\/vc_column_text][\/qode_elements_holder_item][\/qode_elements_holder][\/vc_column][\/vc_row][vc_row css_animation=\u00a0\u00bb\u00a0\u00bb row_type=\u00a0\u00bbrow\u00a0\u00bb use_row_as_full_screen_section=\u00a0\u00bbno\u00a0\u00bb type=\u00a0\u00bbfull_width\u00a0\u00bb angled_section=\u00a0\u00bbno\u00a0\u00bb text_align=\u00a0\u00bbleft\u00a0\u00bb background_image_as_pattern=\u00a0\u00bbwithout_pattern\u00a0\u00bb css=\u00a0\u00bb.vc_custom_1592234497567{background-color: #ffffff !important;}\u00a0\u00bb z_index=\u00a0\u00bb\u00a0\u00bb][vc_column][qode_elements_holder number_of_columns=\u00a0\u00bbtwo_columns\u00a0\u00bb][qode_elements_holder_item vertical_alignment=\u00a0\u00bbmiddle\u00a0\u00bb horizontal_alignment=\u00a0\u00bbleft\u00a0\u00bb advanced_animations=\u00a0\u00bbno\u00a0\u00bb item_padding=\u00a0\u00bb5% 10% 5% 5%\u00a0\u00bb background_color=\u00a0\u00bb#706f6f\u00a0\u00bb][vc_column_text]<\/p>\n<h2 class=\"feed4\"><span style=\"color: #ffffff;\">Permettre une meilleure transition avec <a style=\"color: #ffffff;\" href=\"http:\/\/phileo-lesaffre.com\/en\/actisaf\/\">Actisaf<\/a><sup>\u00ae<\/sup><\/span><\/h2>\n<p>[\/vc_column_text][vc_single_image image=\u00a0\u00bb409029&Prime; img_size=\u00a0\u00bb50&#215;25&Prime; qode_css_animation=\u00a0\u00bb\u00a0\u00bb css=\u00a0\u00bb.vc_custom_1592232787710{padding-top: 5% !important;padding-bottom: 5% !important;}\u00a0\u00bb][vc_column_text]<span style=\"color: #ffffff;\">Suppl\u00e9menter les b\u0153ufs \u00e0 l\u2019engraissement avec la levure probiotique <a style=\"color: #ffffff;\" href=\"http:\/\/phileo-lesaffre.com\/en\/actisaf\/\">Actisaf<\/a><sup>\u00ae<\/sup> pendant toute la p\u00e9riode de finition permet une meilleure transition vers le r\u00e9gime d\u2019engraissement. Cela aide \u00e0 pr\u00e9venir l\u2019acidose ruminale et am\u00e9liore le taux de conversion alimentaire (TCA) en stabilisant l\u2019environnement ruminal pour une fermentation bact\u00e9rienne optimale.<\/span><\/p>\n<p>&nbsp;<\/p>\n<p><span style=\"color: #ffffff;\">La suppl\u00e9mentation avec <a style=\"color: #ffffff;\" href=\"http:\/\/phileo-lesaffre.com\/en\/actisaf\/\">Actisaf<\/a><sup>\u00ae<\/sup> \u00e0 raison de 5\u00a0g\/h\/jour pendant toute la p\u00e9riode de finition augmente le gain de poids moyen, le gain total et le gain de la carcasse, avec un retour sur investissement de 5:1.<\/span>[\/vc_column_text][\/qode_elements_holder_item][qode_elements_holder_item advanced_animations=\u00a0\u00bbno\u00a0\u00bb][vc_single_image image=\u00a0\u00bb409214&Prime; img_size=\u00a0\u00bbfull\u00a0\u00bb onclick=\u00a0\u00bblink_image\u00a0\u00bb qode_css_animation=\u00a0\u00bb\u00a0\u00bb qode_hover_animation=\u00a0\u00bbzoom_in\u00a0\u00bb][\/qode_elements_holder_item][\/qode_elements_holder][\/vc_column][\/vc_row][vc_row css_animation=\u00a0\u00bb\u00a0\u00bb row_type=\u00a0\u00bbrow\u00a0\u00bb use_row_as_full_screen_section=\u00a0\u00bbno\u00a0\u00bb type=\u00a0\u00bbfull_width\u00a0\u00bb angled_section=\u00a0\u00bbno\u00a0\u00bb text_align=\u00a0\u00bbleft\u00a0\u00bb background_image_as_pattern=\u00a0\u00bbwithout_pattern\u00a0\u00bb z_index=\u00a0\u00bb\u00a0\u00bb][vc_column][qode_elements_holder number_of_columns=\u00a0\u00bbtwo_columns\u00a0\u00bb][qode_elements_holder_item advanced_animations=\u00a0\u00bbno\u00a0\u00bb][vc_single_image image=\u00a0\u00bb409218&Prime; img_size=\u00a0\u00bbfull\u00a0\u00bb onclick=\u00a0\u00bblink_image\u00a0\u00bb qode_css_animation=\u00a0\u00bb\u00a0\u00bb qode_hover_animation=\u00a0\u00bbzoom_in\u00a0\u00bb][\/qode_elements_holder_item][qode_elements_holder_item vertical_alignment=\u00a0\u00bbmiddle\u00a0\u00bb horizontal_alignment=\u00a0\u00bbleft\u00a0\u00bb advanced_animations=\u00a0\u00bbno\u00a0\u00bb item_padding=\u00a0\u00bb5% 2% 5% 10%\u00a0\u00bb background_color=\u00a0\u00bb#ad1a22&Prime;][vc_column_text]<\/p>\n<h2 class=\"feed4\"><span style=\"color: #ffffff;\">La suppl\u00e9mentation avec <a style=\"color: #ffffff;\" href=\"http:\/\/phileo-lesaffre.com\/en\/actisaf\/\">Actisaf<\/a><sup>\u00ae<\/sup> des b\u0153ufs d\u2019engraissement pour un meilleur retour sur investissement<\/span><\/h2>\n<p>[\/vc_column_text][vc_single_image image=\u00a0\u00bb409029&Prime; img_size=\u00a0\u00bb50&#215;25&Prime; qode_css_animation=\u00a0\u00bb\u00a0\u00bb css=\u00a0\u00bb.vc_custom_1592232787710{padding-top: 5% !important;padding-bottom: 5% !important;}\u00a0\u00bb][vc_column_text]<span style=\"color: #ffffff;\">La suppl\u00e9mentation avec <a style=\"color: #ffffff;\" href=\"http:\/\/phileo-lesaffre.com\/en\/actisaf\/\">Actisaf<\/a><sup>\u00ae<\/sup> des bovins d\u2019engraissement entra\u00eene un retour sur investissement positif<\/span><\/p>\n<p><span style=\"color: #ffffff;\">Prix moyen du kilo de carcasse de b\u0153uf en UE pendant la p\u00e9riode de l\u2019essai = 4,9\u00a0\u20ac<br \/>\nGain avec <a style=\"color: #ffffff;\" href=\"http:\/\/phileo-lesaffre.com\/en\/actisaf\/\">Actisaf<\/a><sup>\u00ae<\/sup> = 44\u20ac<br \/>\nROI = 4,9:1<\/span>[\/vc_column_text][\/qode_elements_holder_item][\/qode_elements_holder][\/vc_column][\/vc_row][vc_row css_animation=\u00a0\u00bb\u00a0\u00bb row_type=\u00a0\u00bbrow\u00a0\u00bb use_row_as_full_screen_section=\u00a0\u00bbyes\u00a0\u00bb type=\u00a0\u00bbfull_width\u00a0\u00bb angled_section=\u00a0\u00bbno\u00a0\u00bb text_align=\u00a0\u00bbleft\u00a0\u00bb background_image_as_pattern=\u00a0\u00bbwithout_pattern\u00a0\u00bb z_index=\u00a0\u00bb\u00a0\u00bb][vc_column][vc_separator type=\u00a0\u00bbtransparent\u00a0\u00bb up=\u00a0\u00bb10&Prime; down=\u00a0\u00bb10&Prime;][vc_column_text css=\u00a0\u00bb.vc_custom_1631526117578{padding-top: 2% !important;padding-bottom: 2% !important;}\u00a0\u00bb]<!-- wpml:html_fragment --><\/p>\n<h2 class=\"feed3\"><span style=\"color: #4d4d4c;\">En savoir plus sur la gestion des bovins<\/span><\/h2>\n<p>[\/vc_column_text][vc_separator type=\u00a0\u00bbtransparent\u00a0\u00bb up=\u00a0\u00bb5&Prime; down=\u00a0\u00bb5&Prime;][\/vc_column][vc_column width=\u00a0\u00bb1\/4&Prime;][vc_single_image image=\u00a0\u00bb410226&Prime; img_size=\u00a0\u00bbfull\u00a0\u00bb alignment=\u00a0\u00bbcenter\u00a0\u00bb onclick=\u00a0\u00bbcustom_link\u00a0\u00bb qode_css_animation=\u00a0\u00bb\u00a0\u00bb qode_hover_animation=\u00a0\u00bbzoom_in\u00a0\u00bb css=\u00a0\u00bb.vc_custom_1631623516866{padding-top: 5% !important;padding-bottom: 5% !important;}\u00a0\u00bb link=\u00a0\u00bbhttps:\/\/phileo-lesaffre.com\/fr\/bovins\/stress-et-immunite-du-boeuf\/\u00a0\u00bb][\/vc_column][vc_column width=\u00a0\u00bb1\/4&Prime;][vc_single_image image=\u00a0\u00bb410218&Prime; img_size=\u00a0\u00bbfull\u00a0\u00bb alignment=\u00a0\u00bbcenter\u00a0\u00bb onclick=\u00a0\u00bbcustom_link\u00a0\u00bb qode_css_animation=\u00a0\u00bb\u00a0\u00bb qode_hover_animation=\u00a0\u00bbzoom_in\u00a0\u00bb css=\u00a0\u00bb.vc_custom_1631623536241{padding-top: 5% !important;padding-bottom: 5% !important;}\u00a0\u00bb link=\u00a0\u00bbhttps:\/\/phileo-lesaffre.com\/fr\/bovins\/bovin-pour-la-qualite-de-la-viande\/\u00a0\u00bb][\/vc_column][vc_column width=\u00a0\u00bb1\/4&Prime;][vc_single_image image=\u00a0\u00bb410222&Prime; img_size=\u00a0\u00bbfull\u00a0\u00bb alignment=\u00a0\u00bbcenter\u00a0\u00bb onclick=\u00a0\u00bbcustom_link\u00a0\u00bb qode_css_animation=\u00a0\u00bb\u00a0\u00bb qode_hover_animation=\u00a0\u00bbzoom_in\u00a0\u00bb css=\u00a0\u00bb.vc_custom_1631623553578{padding-top: 5% !important;padding-bottom: 5% !important;}\u00a0\u00bb link=\u00a0\u00bbhttps:\/\/phileo-lesaffre.com\/fr\/bovins\/sante-du-rumen-et-efficacite-energetique-chez-le-boeuf\/\u00a0\u00bb][\/vc_column][\/vc_row]<\/p>\n<\/div>","protected":false},"excerpt":{"rendered":"<p>[vc_row css_animation=\u00a0\u00bb\u00a0\u00bb row_type=\u00a0\u00bbrow\u00a0\u00bb use_row_as_full_screen_section=\u00a0\u00bbno\u00a0\u00bb type=\u00a0\u00bbfull_width\u00a0\u00bb angled_section=\u00a0\u00bbno\u00a0\u00bb text_align=\u00a0\u00bbleft\u00a0\u00bb background_image_as_pattern=\u00a0\u00bbwithout_pattern\u00a0\u00bb el_class=\u00a0\u00bbbreadcrumbtxt\u00a0\u00bb z_index=\u00a0\u00bb\u00a0\u00bb][vc_column][vc_column_text][\/vc_column_text][\/vc_column][\/vc_row][vc_row css_animation=\u00a0\u00bb\u00a0\u00bb row_type=\u00a0\u00bbrow\u00a0\u00bb use_row_as_full_screen_section=\u00a0\u00bbno\u00a0\u00bb type=\u00a0\u00bbfull_width\u00a0\u00bb angled_section=\u00a0\u00bbno\u00a0\u00bb text_align=\u00a0\u00bbleft\u00a0\u00bb background_image_as_pattern=\u00a0\u00bbwithout_pattern\u00a0\u00bb][vc_column][vc_column_text] [\/vc_column_text][\/vc_column][\/vc_row][vc_row css_animation=\u00a0\u00bb\u00a0\u00bb row_type=\u00a0\u00bbrow\u00a0\u00bb use_row_as_full_screen_section=\u00a0\u00bbno\u00a0\u00bb type=\u00a0\u00bbfull_width\u00a0\u00bb angled_section=\u00a0\u00bbno\u00a0\u00bb text_align=\u00a0\u00bbleft\u00a0\u00bb background_image_as_pattern=\u00a0\u00bbwithout_pattern\u00a0\u00bb][vc_column][qode_elements_holder number_of_columns=\u00a0\u00bbtwo_columns\u00a0\u00bb][qode_elements_holder_item vertical_alignment=\u00a0\u00bbmiddle\u00a0\u00bb horizontal_alignment=\u00a0\u00bbleft\u00a0\u00bb advanced_animations=\u00a0\u00bbno\u00a0\u00bb item_padding=\u00a0\u00bb5% 8% 5% 0%\u00a0\u00bb][vc_column_text] Optimisation du gain de poids et des taux de conversion alimentaire [\/vc_column_text][vc_single_image&#8230;<\/p>\n","protected":false},"author":1,"featured_media":0,"parent":407458,"menu_order":0,"comment_status":"closed","ping_status":"closed","template":"full_width.php","meta":{"footnotes":""},"class_list":["post-408055","page","type-page","status-publish","hentry"],"yoast_head":"<!-- This site is optimized with the Yoast SEO Premium plugin v25.9 (Yoast SEO v27.3) - https:\/\/yoast.com\/product\/yoast-seo-premium-wordpress\/ -->\n<title>Optimisation du gain de poids chez le bovin | Phileo by Lesaffre<\/title>\n<meta name=\"description\" content=\"D\u00e9couvrez nos solutions \u00e0 base de levures et de bact\u00e9ries visant \u00e0 garantir une efficacit\u00e9 \u00e9nerg\u00e9tique optimale pendant la phase de finition des bovins\" \/>\n<meta name=\"robots\" content=\"index, follow, max-snippet:-1, max-image-preview:large, max-video-preview:-1\" \/>\n<link rel=\"canonical\" href=\"https:\/\/phileo-lesaffre.com\/fr\/bovins\/optimisation-du-gain-de-poids-et-tcr-chez-le-bovin\/\" \/>\n<meta property=\"og:locale\" content=\"fr_FR\" \/>\n<meta property=\"og:type\" content=\"article\" \/>\n<meta property=\"og:title\" content=\"Optimisation du gain de poids et TCR chez le bovin\" \/>\n<meta property=\"og:description\" content=\"Optimisation du gain de poids et des taux de conversion alimentaire Les bovins sont des animaux puissants et r\u00e9sistants, capables de transformer des\" \/>\n<meta property=\"og:url\" content=\"https:\/\/phileo-lesaffre.com\/fr\/bovins\/optimisation-du-gain-de-poids-et-tcr-chez-le-bovin\/\" \/>\n<meta property=\"og:site_name\" content=\"Phileo by Lesaffre\" \/>\n<meta property=\"article:publisher\" content=\"https:\/\/www.facebook.com\/phileo.lesaffre\/\" \/>\n<meta property=\"article:modified_time\" content=\"2021-09-14T12:49:40+00:00\" \/>\n<meta name=\"twitter:card\" content=\"summary_large_image\" \/>\n<meta name=\"twitter:site\" content=\"@PhileoLesaffre\" \/>\n<script type=\"application\/ld+json\" class=\"yoast-schema-graph\">{\"@context\":\"https:\\\/\\\/schema.org\",\"@graph\":[{\"@type\":\"WebPage\",\"@id\":\"https:\\\/\\\/phileo-lesaffre.com\\\/fr\\\/bovins\\\/optimisation-du-gain-de-poids-et-tcr-chez-le-bovin\\\/\",\"url\":\"https:\\\/\\\/phileo-lesaffre.com\\\/fr\\\/bovins\\\/optimisation-du-gain-de-poids-et-tcr-chez-le-bovin\\\/\",\"name\":\"Optimisation du gain de poids chez le bovin | Phileo by Lesaffre\",\"isPartOf\":{\"@id\":\"https:\\\/\\\/phileo-lesaffre.com\\\/fr\\\/#website\"},\"datePublished\":\"2021-09-07T08:16:06+00:00\",\"dateModified\":\"2021-09-14T12:49:40+00:00\",\"description\":\"D\u00e9couvrez nos solutions \u00e0 base de levures et de bact\u00e9ries visant \u00e0 garantir une efficacit\u00e9 \u00e9nerg\u00e9tique optimale pendant la phase de finition des bovins\",\"breadcrumb\":{\"@id\":\"https:\\\/\\\/phileo-lesaffre.com\\\/fr\\\/bovins\\\/optimisation-du-gain-de-poids-et-tcr-chez-le-bovin\\\/#breadcrumb\"},\"inLanguage\":\"fr-FR\",\"potentialAction\":[{\"@type\":\"ReadAction\",\"target\":[\"https:\\\/\\\/phileo-lesaffre.com\\\/fr\\\/bovins\\\/optimisation-du-gain-de-poids-et-tcr-chez-le-bovin\\\/\"]}]},{\"@type\":\"BreadcrumbList\",\"@id\":\"https:\\\/\\\/phileo-lesaffre.com\\\/fr\\\/bovins\\\/optimisation-du-gain-de-poids-et-tcr-chez-le-bovin\\\/#breadcrumb\",\"itemListElement\":[{\"@type\":\"ListItem\",\"position\":1,\"name\":\"Phileo by Lesaffre\",\"item\":\"https:\\\/\\\/phileo-lesaffre.com\\\/fr\\\/\"},{\"@type\":\"ListItem\",\"position\":2,\"name\":\"Bovins\",\"item\":\"https:\\\/\\\/phileo-lesaffre.com\\\/fr\\\/bovins\\\/\"},{\"@type\":\"ListItem\",\"position\":3,\"name\":\"Optimisation du gain de poids et TCR chez le bovin\"}]},{\"@type\":\"WebSite\",\"@id\":\"https:\\\/\\\/phileo-lesaffre.com\\\/fr\\\/#website\",\"url\":\"https:\\\/\\\/phileo-lesaffre.com\\\/fr\\\/\",\"name\":\"Phileo by Lesaffre\",\"description\":\"Animal nutrition and health from yeast products\",\"publisher\":{\"@id\":\"https:\\\/\\\/phileo-lesaffre.com\\\/fr\\\/#organization\"},\"potentialAction\":[{\"@type\":\"SearchAction\",\"target\":{\"@type\":\"EntryPoint\",\"urlTemplate\":\"https:\\\/\\\/phileo-lesaffre.com\\\/fr\\\/?s={search_term_string}\"},\"query-input\":{\"@type\":\"PropertyValueSpecification\",\"valueRequired\":true,\"valueName\":\"search_term_string\"}}],\"inLanguage\":\"fr-FR\"},{\"@type\":\"Organization\",\"@id\":\"https:\\\/\\\/phileo-lesaffre.com\\\/fr\\\/#organization\",\"name\":\"Phileo by Lesaffre\",\"url\":\"https:\\\/\\\/phileo-lesaffre.com\\\/fr\\\/\",\"logo\":{\"@type\":\"ImageObject\",\"inLanguage\":\"fr-FR\",\"@id\":\"https:\\\/\\\/phileo-lesaffre.com\\\/fr\\\/#\\\/schema\\\/logo\\\/image\\\/\",\"url\":\"https:\\\/\\\/phileo-lesaffre.com\\\/wp-content\\\/uploads\\\/2019\\\/04\\\/logo-phileo-lesaffre-1.jpg\",\"contentUrl\":\"https:\\\/\\\/phileo-lesaffre.com\\\/wp-content\\\/uploads\\\/2019\\\/04\\\/logo-phileo-lesaffre-1.jpg\",\"width\":500,\"height\":250,\"caption\":\"Phileo by Lesaffre\"},\"image\":{\"@id\":\"https:\\\/\\\/phileo-lesaffre.com\\\/fr\\\/#\\\/schema\\\/logo\\\/image\\\/\"},\"sameAs\":[\"https:\\\/\\\/www.facebook.com\\\/phileo.lesaffre\\\/\",\"https:\\\/\\\/x.com\\\/PhileoLesaffre\",\"https:\\\/\\\/www.linkedin.com\\\/company\\\/phileo\\\/\"]}]}<\/script>\n<!-- \/ Yoast SEO Premium plugin. -->","yoast_head_json":{"title":"Optimisation du gain de poids chez le bovin | Phileo by Lesaffre","description":"D\u00e9couvrez nos solutions \u00e0 base de levures et de bact\u00e9ries visant \u00e0 garantir une efficacit\u00e9 \u00e9nerg\u00e9tique optimale pendant la phase de finition des bovins","robots":{"index":"index","follow":"follow","max-snippet":"max-snippet:-1","max-image-preview":"max-image-preview:large","max-video-preview":"max-video-preview:-1"},"canonical":"https:\/\/phileo-lesaffre.com\/fr\/bovins\/optimisation-du-gain-de-poids-et-tcr-chez-le-bovin\/","og_locale":"fr_FR","og_type":"article","og_title":"Optimisation du gain de poids et TCR chez le bovin","og_description":"Optimisation du gain de poids et des taux de conversion alimentaire Les bovins sont des animaux puissants et r\u00e9sistants, capables de transformer des","og_url":"https:\/\/phileo-lesaffre.com\/fr\/bovins\/optimisation-du-gain-de-poids-et-tcr-chez-le-bovin\/","og_site_name":"Phileo by Lesaffre","article_publisher":"https:\/\/www.facebook.com\/phileo.lesaffre\/","article_modified_time":"2021-09-14T12:49:40+00:00","twitter_card":"summary_large_image","twitter_site":"@PhileoLesaffre","schema":{"@context":"https:\/\/schema.org","@graph":[{"@type":"WebPage","@id":"https:\/\/phileo-lesaffre.com\/fr\/bovins\/optimisation-du-gain-de-poids-et-tcr-chez-le-bovin\/","url":"https:\/\/phileo-lesaffre.com\/fr\/bovins\/optimisation-du-gain-de-poids-et-tcr-chez-le-bovin\/","name":"Optimisation du gain de poids chez le bovin | Phileo by Lesaffre","isPartOf":{"@id":"https:\/\/phileo-lesaffre.com\/fr\/#website"},"datePublished":"2021-09-07T08:16:06+00:00","dateModified":"2021-09-14T12:49:40+00:00","description":"D\u00e9couvrez nos solutions \u00e0 base de levures et de bact\u00e9ries visant \u00e0 garantir une efficacit\u00e9 \u00e9nerg\u00e9tique optimale pendant la phase de finition des bovins","breadcrumb":{"@id":"https:\/\/phileo-lesaffre.com\/fr\/bovins\/optimisation-du-gain-de-poids-et-tcr-chez-le-bovin\/#breadcrumb"},"inLanguage":"fr-FR","potentialAction":[{"@type":"ReadAction","target":["https:\/\/phileo-lesaffre.com\/fr\/bovins\/optimisation-du-gain-de-poids-et-tcr-chez-le-bovin\/"]}]},{"@type":"BreadcrumbList","@id":"https:\/\/phileo-lesaffre.com\/fr\/bovins\/optimisation-du-gain-de-poids-et-tcr-chez-le-bovin\/#breadcrumb","itemListElement":[{"@type":"ListItem","position":1,"name":"Phileo by Lesaffre","item":"https:\/\/phileo-lesaffre.com\/fr\/"},{"@type":"ListItem","position":2,"name":"Bovins","item":"https:\/\/phileo-lesaffre.com\/fr\/bovins\/"},{"@type":"ListItem","position":3,"name":"Optimisation du gain de poids et TCR chez le bovin"}]},{"@type":"WebSite","@id":"https:\/\/phileo-lesaffre.com\/fr\/#website","url":"https:\/\/phileo-lesaffre.com\/fr\/","name":"Phileo by Lesaffre","description":"Animal nutrition and health from yeast products","publisher":{"@id":"https:\/\/phileo-lesaffre.com\/fr\/#organization"},"potentialAction":[{"@type":"SearchAction","target":{"@type":"EntryPoint","urlTemplate":"https:\/\/phileo-lesaffre.com\/fr\/?s={search_term_string}"},"query-input":{"@type":"PropertyValueSpecification","valueRequired":true,"valueName":"search_term_string"}}],"inLanguage":"fr-FR"},{"@type":"Organization","@id":"https:\/\/phileo-lesaffre.com\/fr\/#organization","name":"Phileo by Lesaffre","url":"https:\/\/phileo-lesaffre.com\/fr\/","logo":{"@type":"ImageObject","inLanguage":"fr-FR","@id":"https:\/\/phileo-lesaffre.com\/fr\/#\/schema\/logo\/image\/","url":"https:\/\/phileo-lesaffre.com\/wp-content\/uploads\/2019\/04\/logo-phileo-lesaffre-1.jpg","contentUrl":"https:\/\/phileo-lesaffre.com\/wp-content\/uploads\/2019\/04\/logo-phileo-lesaffre-1.jpg","width":500,"height":250,"caption":"Phileo by Lesaffre"},"image":{"@id":"https:\/\/phileo-lesaffre.com\/fr\/#\/schema\/logo\/image\/"},"sameAs":["https:\/\/www.facebook.com\/phileo.lesaffre\/","https:\/\/x.com\/PhileoLesaffre","https:\/\/www.linkedin.com\/company\/phileo\/"]}]}},"_links":{"self":[{"href":"https:\/\/phileo-lesaffre.com\/fr\/wp-json\/wp\/v2\/pages\/408055","targetHints":{"allow":["GET"]}}],"collection":[{"href":"https:\/\/phileo-lesaffre.com\/fr\/wp-json\/wp\/v2\/pages"}],"about":[{"href":"https:\/\/phileo-lesaffre.com\/fr\/wp-json\/wp\/v2\/types\/page"}],"author":[{"embeddable":true,"href":"https:\/\/phileo-lesaffre.com\/fr\/wp-json\/wp\/v2\/users\/1"}],"replies":[{"embeddable":true,"href":"https:\/\/phileo-lesaffre.com\/fr\/wp-json\/wp\/v2\/comments?post=408055"}],"version-history":[{"count":0,"href":"https:\/\/phileo-lesaffre.com\/fr\/wp-json\/wp\/v2\/pages\/408055\/revisions"}],"up":[{"embeddable":true,"href":"https:\/\/phileo-lesaffre.com\/fr\/wp-json\/wp\/v2\/pages\/407458"}],"wp:attachment":[{"href":"https:\/\/phileo-lesaffre.com\/fr\/wp-json\/wp\/v2\/media?parent=408055"}],"curies":[{"name":"wp","href":"https:\/\/api.w.org\/{rel}","templated":true}]}}