{"id":408017,"date":"2021-09-07T10:16:06","date_gmt":"2021-09-07T08:16:06","guid":{"rendered":"https:\/\/phileo-lesaffre.com\/cheval\/meilleur-metabolisme-du-cheval\/"},"modified":"2024-01-15T15:05:15","modified_gmt":"2024-01-15T14:05:15","slug":"meilleur-metabolisme-du-cheval","status":"publish","type":"page","link":"https:\/\/phileo-lesaffre.com\/fr\/cheval\/meilleur-metabolisme-du-cheval\/","title":{"rendered":"Meilleur m\u00e9tabolisme du cheval"},"content":{"rendered":"<div class=\"wpb-content-wrapper\"><p>[vc_row css_animation=\u00a0\u00bb\u00a0\u00bb row_type=\u00a0\u00bbrow\u00a0\u00bb use_row_as_full_screen_section=\u00a0\u00bbno\u00a0\u00bb type=\u00a0\u00bbfull_width\u00a0\u00bb angled_section=\u00a0\u00bbno\u00a0\u00bb text_align=\u00a0\u00bbleft\u00a0\u00bb background_image_as_pattern=\u00a0\u00bbwithout_pattern\u00a0\u00bb el_class=\u00a0\u00bbbreadcrumbtxt\u00a0\u00bb z_index=\u00a0\u00bb\u00a0\u00bb][vc_column][vc_column_text]<span style=\"font-size: 12px;\"><span><span><a href=\"https:\/\/phileo-lesaffre.com\/fr\/\">Phileo by Lesaffre<\/a><\/span><\/span><\/span>[\/vc_column_text][\/vc_column][\/vc_row][vc_row css_animation=\u00a0\u00bb\u00a0\u00bb row_type=\u00a0\u00bbrow\u00a0\u00bb use_row_as_full_screen_section=\u00a0\u00bbno\u00a0\u00bb type=\u00a0\u00bbfull_width\u00a0\u00bb angled_section=\u00a0\u00bbno\u00a0\u00bb text_align=\u00a0\u00bbleft\u00a0\u00bb background_image_as_pattern=\u00a0\u00bbwithout_pattern\u00a0\u00bb][vc_column][vc_column_text]<\/p>\n<p>[\/vc_column_text][\/vc_column][\/vc_row][vc_row css_animation=\u00a0\u00bb\u00a0\u00bb row_type=\u00a0\u00bbrow\u00a0\u00bb use_row_as_full_screen_section=\u00a0\u00bbno\u00a0\u00bb type=\u00a0\u00bbfull_width\u00a0\u00bb angled_section=\u00a0\u00bbno\u00a0\u00bb text_align=\u00a0\u00bbleft\u00a0\u00bb background_image_as_pattern=\u00a0\u00bbwithout_pattern\u00a0\u00bb][vc_column][qode_elements_holder number_of_columns=\u00a0\u00bbtwo_columns\u00a0\u00bb custom_class=\u00a0\u00bbtete\u00a0\u00bb][qode_elements_holder_item vertical_alignment=\u00a0\u00bbmiddle\u00a0\u00bb horizontal_alignment=\u00a0\u00bbleft\u00a0\u00bb advanced_animations=\u00a0\u00bbno\u00a0\u00bb item_padding=\u00a0\u00bb5% 8% 5% 0%\u00a0\u00bb][vc_column_text]<!-- wpml:html_fragment --><\/p>\n<h1 class=\"feed2\"><span style=\"color: #4d4d4c;\">Am\u00e9lioration du m\u00e9tabolisme chez le cheval<\/span><\/h1>\n<p>[\/vc_column_text][vc_single_image image=\u00a0\u00bb407413&Prime; img_size=\u00a0\u00bb65&#215;33&Prime; qode_css_animation=\u00a0\u00bb\u00a0\u00bb css=\u00a0\u00bb.vc_custom_1590613047306{padding-top: 5% !important;padding-bottom: 5% !important;}\u00a0\u00bb][vc_column_text css=\u00a0\u00bb.vc_custom_1592318016580{padding-right: 8% !important;}\u00a0\u00bb]Les chevaux pratiquent diff\u00e9rentes activit\u00e9s comme le saut, la course, l\u2019endurance et l\u2019entra\u00eenement, chacune d\u2019elle d\u00e9passant souvent leurs capacit\u00e9s digestives naturelles. Chez Phileo by Lesaffre, nous proposons des levures probiotiques visant \u00e0 am\u00e9liorer les performances et le m\u00e9tabolisme du cheval, tout en assurant le bien-\u00eatre de l\u2019animal.[\/vc_column_text][vc_single_image image=\u00a0\u00bb407793&Prime; img_size=\u00a0\u00bb120&#215;178&Prime; alignment=\u00a0\u00bbright\u00a0\u00bb qode_css_animation=\u00a0\u00bb\u00a0\u00bb][\/qode_elements_holder_item][qode_elements_holder_item cover=\u00a0\u00bbyes\u00a0\u00bb vertical_alignment=\u00a0\u00bbmiddle\u00a0\u00bb horizontal_alignment=\u00a0\u00bbleft\u00a0\u00bb advanced_animations=\u00a0\u00bbno\u00a0\u00bb background_image=\u00a0\u00bb1231&Prime;][\/qode_elements_holder_item][\/qode_elements_holder][vc_separator type=\u00a0\u00bbnormal\u00a0\u00bb color=\u00a0\u00bbrgba(255,255,255,0.01)\u00a0\u00bb][\/vc_column][\/vc_row][vc_row css_animation=\u00a0\u00bb\u00a0\u00bb row_type=\u00a0\u00bbrow\u00a0\u00bb use_row_as_full_screen_section=\u00a0\u00bbno\u00a0\u00bb type=\u00a0\u00bbfull_width\u00a0\u00bb angled_section=\u00a0\u00bbno\u00a0\u00bb text_align=\u00a0\u00bbleft\u00a0\u00bb background_image_as_pattern=\u00a0\u00bbwithout_pattern\u00a0\u00bb z_index=\u00a0\u00bb\u00a0\u00bb][vc_column][vc_video link=\u00a0\u00bbhttps:\/\/vimeo.com\/901507309&Prime;][\/vc_column][\/vc_row][vc_row css_animation=\u00a0\u00bb\u00a0\u00bb row_type=\u00a0\u00bbrow\u00a0\u00bb use_row_as_full_screen_section=\u00a0\u00bbno\u00a0\u00bb type=\u00a0\u00bbfull_width\u00a0\u00bb angled_section=\u00a0\u00bbno\u00a0\u00bb text_align=\u00a0\u00bbleft\u00a0\u00bb background_image_as_pattern=\u00a0\u00bbwithout_pattern\u00a0\u00bb z_index=\u00a0\u00bb\u00a0\u00bb][vc_column][vc_separator type=\u00a0\u00bbnormal\u00a0\u00bb color=\u00a0\u00bbrgba(255,255,255,0.01)\u00a0\u00bb][qode_elements_holder number_of_columns=\u00a0\u00bbtwo_columns\u00a0\u00bb][qode_elements_holder_item vertical_alignment=\u00a0\u00bbmiddle\u00a0\u00bb horizontal_alignment=\u00a0\u00bbleft\u00a0\u00bb advanced_animations=\u00a0\u00bbno\u00a0\u00bb item_padding=\u00a0\u00bb5% 2% 5% 10%\u00a0\u00bb background_color=\u00a0\u00bb#ad1a22&Prime;][vc_column_text]<!-- wpml:html_fragment --><\/p>\n<h2 class=\"feed4\"><span style=\"color: #ffffff;\">R\u00e9duire le stress digestif chez le cheval<\/span><\/h2>\n<p>[\/vc_column_text][vc_single_image image=\u00a0\u00bb409029&Prime; img_size=\u00a0\u00bb50&#215;25&Prime; qode_css_animation=\u00a0\u00bb\u00a0\u00bb css=\u00a0\u00bb.vc_custom_1592227932921{padding-top: 5% !important;padding-bottom: 5% !important;}\u00a0\u00bb][vc_column_text css=\u00a0\u00bb.vc_custom_1594220926101{padding-right: 10% !important;}\u00a0\u00bb]<span style=\"color: #ffffff;\">Les fibres fournies par l\u2019alimentation ne sont plus suffisantes pour r\u00e9pondre aux besoins \u00e9nerg\u00e9tiques toujours plus grands des chevaux. Cela est d\u00fb au fait que les pratiques d\u2019alimentation modernes impliquent la suppl\u00e9mentation du fourrage avec des concentr\u00e9s \u00e0 base de c\u00e9r\u00e9ales riches en \u00e9nergie.<\/span><!-- wpml:html_fragment --><\/p>\n<p><span style=\"color: #ffffff;\">Le m\u00e9tabolisme d\u2019un cheval n\u2019est pas con\u00e7u pour faire face \u00e0 la quantit\u00e9 d\u2019amidon qui lui est donn\u00e9e chaque jour par l\u2019homme dans les concentr\u00e9s. Par cons\u00e9quent, l\u2019exc\u00e8s d\u2019amidon n\u2019est pas dig\u00e9r\u00e9 dans le petit intestin mais est au lieu de cela ferment\u00e9 par les bact\u00e9ries amylolytiques du colon. Cette fermentation de l\u2019amidon produit du lactate qui augmente les taux d\u2019acidit\u00e9 dans le conduit gastro-intestinal. L\u2019acidose qui en r\u00e9sulte tue les bact\u00e9ries fibrolytiques, alt\u00e9rant ainsi le m\u00e9tabolisme digestif du cheval.<\/span>[\/vc_column_text][\/qode_elements_holder_item][qode_elements_holder_item advanced_animations=\u00a0\u00bbno\u00a0\u00bb][vc_single_image image=\u00a0\u00bb409652&Prime; img_size=\u00a0\u00bbfull\u00a0\u00bb alignment=\u00a0\u00bbcenter\u00a0\u00bb onclick=\u00a0\u00bblink_image\u00a0\u00bb qode_css_animation=\u00a0\u00bb\u00a0\u00bb qode_hover_animation=\u00a0\u00bbzoom_in\u00a0\u00bb][\/qode_elements_holder_item][\/qode_elements_holder][\/vc_column][\/vc_row][vc_row css_animation=\u00a0\u00bb\u00a0\u00bb row_type=\u00a0\u00bbrow\u00a0\u00bb use_row_as_full_screen_section=\u00a0\u00bbno\u00a0\u00bb type=\u00a0\u00bbfull_width\u00a0\u00bb angled_section=\u00a0\u00bbno\u00a0\u00bb text_align=\u00a0\u00bbleft\u00a0\u00bb background_image_as_pattern=\u00a0\u00bbwithout_pattern\u00a0\u00bb css=\u00a0\u00bb.vc_custom_1592234497567{background-color: #ffffff !important;}\u00a0\u00bb z_index=\u00a0\u00bb\u00a0\u00bb][vc_column][qode_elements_holder number_of_columns=\u00a0\u00bbtwo_columns\u00a0\u00bb][qode_elements_holder_item advanced_animations=\u00a0\u00bbno\u00a0\u00bb][vc_single_image image=\u00a0\u00bb409755&Prime; img_size=\u00a0\u00bbfull\u00a0\u00bb onclick=\u00a0\u00bblink_image\u00a0\u00bb qode_css_animation=\u00a0\u00bb\u00a0\u00bb qode_hover_animation=\u00a0\u00bbzoom_in\u00a0\u00bb][\/qode_elements_holder_item][qode_elements_holder_item vertical_alignment=\u00a0\u00bbmiddle\u00a0\u00bb horizontal_alignment=\u00a0\u00bbleft\u00a0\u00bb advanced_animations=\u00a0\u00bbno\u00a0\u00bb item_padding=\u00a0\u00bb5% 10% 5% 5%\u00a0\u00bb background_color=\u00a0\u00bb#706f6f\u00a0\u00bb][vc_column_text]<!-- wpml:html_fragment --><\/p>\n<h2 class=\"feed4\"><span style=\"color: #ffffff;\">Am\u00e9lioration du m\u00e9tabolisme des prot\u00e9ines chez le cheval<\/span><\/h2>\n<p>[\/vc_column_text][vc_single_image image=\u00a0\u00bb409029&Prime; img_size=\u00a0\u00bb50&#215;25&Prime; qode_css_animation=\u00a0\u00bb\u00a0\u00bb css=\u00a0\u00bb.vc_custom_1592232787710{padding-top: 5% !important;padding-bottom: 5% !important;}\u00a0\u00bb][vc_column_text]<span style=\"color: #ffffff;\">La pr\u00e9vention du d\u00e9s\u00e9quilibre digestif et le risque inh\u00e9rent de colique sont des \u00e9l\u00e9ments cl\u00e9s d\u2019une bonne prise en charge \u00e9quine, en particulier lorsque les chevaux pratiquent des activit\u00e9s particuli\u00e8rement stressantes. Actisaf<sup>\u00ae<\/sup> Sc 47 est la levure probiotique de r\u00e9f\u00e9rence pour r\u00e9soudre ce probl\u00e8me.<\/span><br \/>\n[\/vc_column_text][\/qode_elements_holder_item][\/qode_elements_holder][\/vc_column][\/vc_row][vc_row css_animation=\u00a0\u00bb\u00a0\u00bb row_type=\u00a0\u00bbrow\u00a0\u00bb use_row_as_full_screen_section=\u00a0\u00bbno\u00a0\u00bb type=\u00a0\u00bbfull_width\u00a0\u00bb angled_section=\u00a0\u00bbno\u00a0\u00bb text_align=\u00a0\u00bbleft\u00a0\u00bb background_image_as_pattern=\u00a0\u00bbwithout_pattern\u00a0\u00bb z_index=\u00a0\u00bb\u00a0\u00bb][vc_column][qode_elements_holder number_of_columns=\u00a0\u00bbtwo_columns\u00a0\u00bb][qode_elements_holder_item vertical_alignment=\u00a0\u00bbmiddle\u00a0\u00bb horizontal_alignment=\u00a0\u00bbleft\u00a0\u00bb advanced_animations=\u00a0\u00bbno\u00a0\u00bb item_padding=\u00a0\u00bb5% 2% 5% 10%\u00a0\u00bb background_color=\u00a0\u00bb#ad1a22&Prime;][vc_column_text]<!-- wpml:html_fragment --><\/p>\n<h2 class=\"feed4\"><span style=\"color: #ffffff;\">Am\u00e9lioration de l\u2019oxyg\u00e9nation des muscles chez le cheval<\/span><\/h2>\n<p>[\/vc_column_text][vc_single_image image=\u00a0\u00bb409029&Prime; img_size=\u00a0\u00bb50&#215;25&Prime; qode_css_animation=\u00a0\u00bb\u00a0\u00bb css=\u00a0\u00bb.vc_custom_1592232787710{padding-top: 5% !important;padding-bottom: 5% !important;}\u00a0\u00bb][vc_column_text]<span style=\"color: #ffffff;\">Actisaf<sup>\u00ae<\/sup> Sc 47 augmente \u00e9galement les taux d\u2019h\u00e9moglobine dans le sang et fournit une stimulation importante pour la production de globules rouges. Ainsi, il augmente la capacit\u00e9 d\u2019oxyg\u00e9nation sanguine pendant les p\u00e9riodes de travail intense.<\/span><!-- wpml:html_fragment --><\/p>\n<p>&nbsp;<\/p>\n<p><span style=\"color: #ffffff;\">En am\u00e9liorant le m\u00e9tabolisme des prot\u00e9ines et de l\u2019oxyg\u00e9nation chez le cheval, Actisaf<sup>\u00ae<\/sup> Sc 47 peut d\u00e9finitivement contribuer \u00e0 augmenter le succ\u00e8s de l\u2019entra\u00eenement tout en veillant \u00e0 la sant\u00e9 et au bien-\u00eatre du cheval. C\u2019est l\u00e0 un moyen de valoriser l\u2019alimentation du cheval et d\u2019aider le secteur \u00e9quin \u00e0 se d\u00e9velopper.<\/span>[\/vc_column_text][\/qode_elements_holder_item][qode_elements_holder_item advanced_animations=\u00a0\u00bbno\u00a0\u00bb][vc_single_image image=\u00a0\u00bb409759&Prime; img_size=\u00a0\u00bbfull\u00a0\u00bb onclick=\u00a0\u00bblink_image\u00a0\u00bb qode_css_animation=\u00a0\u00bb\u00a0\u00bb qode_hover_animation=\u00a0\u00bbzoom_in\u00a0\u00bb][\/qode_elements_holder_item][\/qode_elements_holder][\/vc_column][\/vc_row][vc_row css_animation=\u00a0\u00bb\u00a0\u00bb row_type=\u00a0\u00bbrow\u00a0\u00bb use_row_as_full_screen_section=\u00a0\u00bbyes\u00a0\u00bb type=\u00a0\u00bbfull_width\u00a0\u00bb angled_section=\u00a0\u00bbno\u00a0\u00bb text_align=\u00a0\u00bbleft\u00a0\u00bb background_image_as_pattern=\u00a0\u00bbwithout_pattern\u00a0\u00bb z_index=\u00a0\u00bb\u00a0\u00bb][vc_column][vc_separator type=\u00a0\u00bbtransparent\u00a0\u00bb up=\u00a0\u00bb10&Prime; down=\u00a0\u00bb10&Prime;][vc_column_text css=\u00a0\u00bb.vc_custom_1631534855672{padding-top: 2% !important;padding-bottom: 2% !important;}\u00a0\u00bb]<\/p>\n<h2 class=\"feed3\"><span style=\"color: #4d4d4c;\">En savoir plus sur la gestion du cheval<\/span><\/h2>\n<p>[\/vc_column_text][vc_separator type=\u00a0\u00bbtransparent\u00a0\u00bb up=\u00a0\u00bb5&Prime; down=\u00a0\u00bb5&Prime;][\/vc_column][vc_column width=\u00a0\u00bb1\/4&Prime;][vc_single_image image=\u00a0\u00bb409677&Prime; img_size=\u00a0\u00bbfull\u00a0\u00bb alignment=\u00a0\u00bbcenter\u00a0\u00bb onclick=\u00a0\u00bbcustom_link\u00a0\u00bb qode_css_animation=\u00a0\u00bb\u00a0\u00bb qode_hover_animation=\u00a0\u00bbzoom_in\u00a0\u00bb css=\u00a0\u00bb.vc_custom_1631534869571{padding-top: 5% !important;padding-bottom: 5% !important;}\u00a0\u00bb link=\u00a0\u00bbhttps:\/\/phileo-lesaffre.com\/fr\/cheval\/amelioration-de-la-valorisation-de-lalimentation-chez-le-cheval\/\u00a0\u00bb][\/vc_column][vc_column width=\u00a0\u00bb1\/4&Prime;][vc_single_image image=\u00a0\u00bb409669&Prime; img_size=\u00a0\u00bbfull\u00a0\u00bb alignment=\u00a0\u00bbcenter\u00a0\u00bb onclick=\u00a0\u00bbcustom_link\u00a0\u00bb qode_css_animation=\u00a0\u00bb\u00a0\u00bb qode_hover_animation=\u00a0\u00bbzoom_in\u00a0\u00bb css=\u00a0\u00bb.vc_custom_1631534887667{padding-top: 5% !important;padding-bottom: 5% !important;}\u00a0\u00bb link=\u00a0\u00bbhttps:\/\/phileo-lesaffre.com\/fr\/cheval\/meilleures-performances-du-cheval\/\u00a0\u00bb][\/vc_column][vc_column width=\u00a0\u00bb1\/4&Prime;][vc_single_image image=\u00a0\u00bb409673&Prime; img_size=\u00a0\u00bbfull\u00a0\u00bb alignment=\u00a0\u00bbcenter\u00a0\u00bb onclick=\u00a0\u00bbcustom_link\u00a0\u00bb qode_css_animation=\u00a0\u00bb\u00a0\u00bb qode_hover_animation=\u00a0\u00bbzoom_in\u00a0\u00bb css=\u00a0\u00bb.vc_custom_1631534905735{padding-top: 5% !important;padding-bottom: 5% !important;}\u00a0\u00bb link=\u00a0\u00bbhttps:\/\/phileo-lesaffre.com\/fr\/cheval\/chevaux-meilleure-resistance\/\u00a0\u00bb][\/vc_column][vc_column width=\u00a0\u00bb1\/4&Prime;][\/vc_column][\/vc_row][vc_row css_animation=\u00a0\u00bb\u00a0\u00bb row_type=\u00a0\u00bbrow\u00a0\u00bb use_row_as_full_screen_section=\u00a0\u00bbno\u00a0\u00bb type=\u00a0\u00bbfull_width\u00a0\u00bb angled_section=\u00a0\u00bbno\u00a0\u00bb text_align=\u00a0\u00bbleft\u00a0\u00bb background_image_as_pattern=\u00a0\u00bbwithout_pattern\u00a0\u00bb][vc_column][vc_column_text]<!-- wpml:html_fragment -->[\/vc_column_text][\/vc_column][\/vc_row]<\/p>\n<\/div>","protected":false},"excerpt":{"rendered":"<p>[vc_row css_animation=\u00a0\u00bb\u00a0\u00bb row_type=\u00a0\u00bbrow\u00a0\u00bb use_row_as_full_screen_section=\u00a0\u00bbno\u00a0\u00bb type=\u00a0\u00bbfull_width\u00a0\u00bb angled_section=\u00a0\u00bbno\u00a0\u00bb text_align=\u00a0\u00bbleft\u00a0\u00bb background_image_as_pattern=\u00a0\u00bbwithout_pattern\u00a0\u00bb el_class=\u00a0\u00bbbreadcrumbtxt\u00a0\u00bb z_index=\u00a0\u00bb\u00a0\u00bb][vc_column][vc_column_text][\/vc_column_text][\/vc_column][\/vc_row][vc_row css_animation=\u00a0\u00bb\u00a0\u00bb row_type=\u00a0\u00bbrow\u00a0\u00bb use_row_as_full_screen_section=\u00a0\u00bbno\u00a0\u00bb type=\u00a0\u00bbfull_width\u00a0\u00bb angled_section=\u00a0\u00bbno\u00a0\u00bb text_align=\u00a0\u00bbleft\u00a0\u00bb background_image_as_pattern=\u00a0\u00bbwithout_pattern\u00a0\u00bb][vc_column][vc_column_text] [\/vc_column_text][\/vc_column][\/vc_row][vc_row css_animation=\u00a0\u00bb\u00a0\u00bb row_type=\u00a0\u00bbrow\u00a0\u00bb use_row_as_full_screen_section=\u00a0\u00bbno\u00a0\u00bb type=\u00a0\u00bbfull_width\u00a0\u00bb angled_section=\u00a0\u00bbno\u00a0\u00bb text_align=\u00a0\u00bbleft\u00a0\u00bb background_image_as_pattern=\u00a0\u00bbwithout_pattern\u00a0\u00bb][vc_column][qode_elements_holder number_of_columns=\u00a0\u00bbtwo_columns\u00a0\u00bb custom_class=\u00a0\u00bbtete\u00a0\u00bb][qode_elements_holder_item vertical_alignment=\u00a0\u00bbmiddle\u00a0\u00bb horizontal_alignment=\u00a0\u00bbleft\u00a0\u00bb advanced_animations=\u00a0\u00bbno\u00a0\u00bb item_padding=\u00a0\u00bb5% 8% 5% 0%\u00a0\u00bb][vc_column_text] Am\u00e9lioration du m\u00e9tabolisme chez le cheval [\/vc_column_text][vc_single_image image=\u00a0\u00bb407413&Prime; img_size=\u00a0\u00bb65&#215;33&Prime; qode_css_animation=\u00a0\u00bb\u00a0\u00bb css=\u00a0\u00bb.vc_custom_1590613047306{padding-top:&#8230;<\/p>\n","protected":false},"author":1,"featured_media":0,"parent":407706,"menu_order":0,"comment_status":"closed","ping_status":"closed","template":"full_width.php","meta":{"footnotes":""},"class_list":["post-408017","page","type-page","status-publish","hentry"],"yoast_head":"<!-- This site is optimized with the Yoast SEO Premium plugin v25.9 (Yoast SEO v27.4) - https:\/\/yoast.com\/product\/yoast-seo-premium-wordpress\/ -->\n<title>Am\u00e9lioration du m\u00e9tabolisme du cheval | Phileo by Lesaffre<\/title>\n<meta name=\"description\" content=\"D\u00e9couvrez nos solutions \u00e0 base de levure visant \u00e0 am\u00e9liorer le m\u00e9tabolisme des chevaux\u00a0: pr\u00e9venir le d\u00e9s\u00e9quilibre digestif et la colique et am\u00e9liorer la capacit\u00e9 d\u2019oxyg\u00e9nation.\" \/>\n<meta name=\"robots\" content=\"index, follow, max-snippet:-1, max-image-preview:large, max-video-preview:-1\" \/>\n<link rel=\"canonical\" href=\"https:\/\/phileo-lesaffre.com\/fr\/cheval\/meilleur-metabolisme-du-cheval\/\" \/>\n<meta property=\"og:locale\" content=\"fr_FR\" \/>\n<meta property=\"og:type\" content=\"article\" \/>\n<meta property=\"og:title\" content=\"Meilleur m\u00e9tabolisme du cheval\" \/>\n<meta property=\"og:description\" content=\"Am\u00e9lioration du m\u00e9tabolisme chez le cheval Les chevaux pratiquent diff\u00e9rentes activit\u00e9s comme le saut, la course, l\u2019endurance et l\u2019entra\u00eenement, chacune\" \/>\n<meta property=\"og:url\" content=\"https:\/\/phileo-lesaffre.com\/fr\/cheval\/meilleur-metabolisme-du-cheval\/\" \/>\n<meta property=\"og:site_name\" content=\"Phileo by Lesaffre\" \/>\n<meta property=\"article:publisher\" content=\"https:\/\/www.facebook.com\/phileo.lesaffre\/\" \/>\n<meta property=\"article:modified_time\" content=\"2024-01-15T14:05:15+00:00\" \/>\n<meta name=\"twitter:card\" content=\"summary_large_image\" \/>\n<meta name=\"twitter:site\" content=\"@PhileoLesaffre\" \/>\n<script type=\"application\/ld+json\" class=\"yoast-schema-graph\">{\"@context\":\"https:\\\/\\\/schema.org\",\"@graph\":[{\"@type\":\"WebPage\",\"@id\":\"https:\\\/\\\/phileo-lesaffre.com\\\/fr\\\/cheval\\\/meilleur-metabolisme-du-cheval\\\/\",\"url\":\"https:\\\/\\\/phileo-lesaffre.com\\\/fr\\\/cheval\\\/meilleur-metabolisme-du-cheval\\\/\",\"name\":\"Am\u00e9lioration du m\u00e9tabolisme du cheval | Phileo by Lesaffre\",\"isPartOf\":{\"@id\":\"https:\\\/\\\/phileo-lesaffre.com\\\/fr\\\/#website\"},\"datePublished\":\"2021-09-07T08:16:06+00:00\",\"dateModified\":\"2024-01-15T14:05:15+00:00\",\"description\":\"D\u00e9couvrez nos solutions \u00e0 base de levure visant \u00e0 am\u00e9liorer le m\u00e9tabolisme des chevaux\u00a0: pr\u00e9venir le d\u00e9s\u00e9quilibre digestif et la colique et am\u00e9liorer la capacit\u00e9 d\u2019oxyg\u00e9nation.\",\"breadcrumb\":{\"@id\":\"https:\\\/\\\/phileo-lesaffre.com\\\/fr\\\/cheval\\\/meilleur-metabolisme-du-cheval\\\/#breadcrumb\"},\"inLanguage\":\"fr-FR\",\"potentialAction\":[{\"@type\":\"ReadAction\",\"target\":[\"https:\\\/\\\/phileo-lesaffre.com\\\/fr\\\/cheval\\\/meilleur-metabolisme-du-cheval\\\/\"]}]},{\"@type\":\"BreadcrumbList\",\"@id\":\"https:\\\/\\\/phileo-lesaffre.com\\\/fr\\\/cheval\\\/meilleur-metabolisme-du-cheval\\\/#breadcrumb\",\"itemListElement\":[{\"@type\":\"ListItem\",\"position\":1,\"name\":\"Phileo by Lesaffre\",\"item\":\"https:\\\/\\\/phileo-lesaffre.com\\\/fr\\\/\"},{\"@type\":\"ListItem\",\"position\":2,\"name\":\"Cheval\",\"item\":\"https:\\\/\\\/phileo-lesaffre.com\\\/fr\\\/cheval\\\/\"},{\"@type\":\"ListItem\",\"position\":3,\"name\":\"Meilleur m\u00e9tabolisme du cheval\"}]},{\"@type\":\"WebSite\",\"@id\":\"https:\\\/\\\/phileo-lesaffre.com\\\/fr\\\/#website\",\"url\":\"https:\\\/\\\/phileo-lesaffre.com\\\/fr\\\/\",\"name\":\"Phileo by Lesaffre\",\"description\":\"Animal nutrition and health from yeast products\",\"publisher\":{\"@id\":\"https:\\\/\\\/phileo-lesaffre.com\\\/fr\\\/#organization\"},\"potentialAction\":[{\"@type\":\"SearchAction\",\"target\":{\"@type\":\"EntryPoint\",\"urlTemplate\":\"https:\\\/\\\/phileo-lesaffre.com\\\/fr\\\/?s={search_term_string}\"},\"query-input\":{\"@type\":\"PropertyValueSpecification\",\"valueRequired\":true,\"valueName\":\"search_term_string\"}}],\"inLanguage\":\"fr-FR\"},{\"@type\":\"Organization\",\"@id\":\"https:\\\/\\\/phileo-lesaffre.com\\\/fr\\\/#organization\",\"name\":\"Phileo by Lesaffre\",\"url\":\"https:\\\/\\\/phileo-lesaffre.com\\\/fr\\\/\",\"logo\":{\"@type\":\"ImageObject\",\"inLanguage\":\"fr-FR\",\"@id\":\"https:\\\/\\\/phileo-lesaffre.com\\\/fr\\\/#\\\/schema\\\/logo\\\/image\\\/\",\"url\":\"https:\\\/\\\/phileo-lesaffre.com\\\/wp-content\\\/uploads\\\/2019\\\/04\\\/logo-phileo-lesaffre-1.jpg\",\"contentUrl\":\"https:\\\/\\\/phileo-lesaffre.com\\\/wp-content\\\/uploads\\\/2019\\\/04\\\/logo-phileo-lesaffre-1.jpg\",\"width\":500,\"height\":250,\"caption\":\"Phileo by Lesaffre\"},\"image\":{\"@id\":\"https:\\\/\\\/phileo-lesaffre.com\\\/fr\\\/#\\\/schema\\\/logo\\\/image\\\/\"},\"sameAs\":[\"https:\\\/\\\/www.facebook.com\\\/phileo.lesaffre\\\/\",\"https:\\\/\\\/x.com\\\/PhileoLesaffre\",\"https:\\\/\\\/www.linkedin.com\\\/company\\\/phileo\\\/\"]}]}<\/script>\n<!-- \/ Yoast SEO Premium plugin. -->","yoast_head_json":{"title":"Am\u00e9lioration du m\u00e9tabolisme du cheval | Phileo by Lesaffre","description":"D\u00e9couvrez nos solutions \u00e0 base de levure visant \u00e0 am\u00e9liorer le m\u00e9tabolisme des chevaux\u00a0: pr\u00e9venir le d\u00e9s\u00e9quilibre digestif et la colique et am\u00e9liorer la capacit\u00e9 d\u2019oxyg\u00e9nation.","robots":{"index":"index","follow":"follow","max-snippet":"max-snippet:-1","max-image-preview":"max-image-preview:large","max-video-preview":"max-video-preview:-1"},"canonical":"https:\/\/phileo-lesaffre.com\/fr\/cheval\/meilleur-metabolisme-du-cheval\/","og_locale":"fr_FR","og_type":"article","og_title":"Meilleur m\u00e9tabolisme du cheval","og_description":"Am\u00e9lioration du m\u00e9tabolisme chez le cheval Les chevaux pratiquent diff\u00e9rentes activit\u00e9s comme le saut, la course, l\u2019endurance et l\u2019entra\u00eenement, chacune","og_url":"https:\/\/phileo-lesaffre.com\/fr\/cheval\/meilleur-metabolisme-du-cheval\/","og_site_name":"Phileo by Lesaffre","article_publisher":"https:\/\/www.facebook.com\/phileo.lesaffre\/","article_modified_time":"2024-01-15T14:05:15+00:00","twitter_card":"summary_large_image","twitter_site":"@PhileoLesaffre","schema":{"@context":"https:\/\/schema.org","@graph":[{"@type":"WebPage","@id":"https:\/\/phileo-lesaffre.com\/fr\/cheval\/meilleur-metabolisme-du-cheval\/","url":"https:\/\/phileo-lesaffre.com\/fr\/cheval\/meilleur-metabolisme-du-cheval\/","name":"Am\u00e9lioration du m\u00e9tabolisme du cheval | Phileo by Lesaffre","isPartOf":{"@id":"https:\/\/phileo-lesaffre.com\/fr\/#website"},"datePublished":"2021-09-07T08:16:06+00:00","dateModified":"2024-01-15T14:05:15+00:00","description":"D\u00e9couvrez nos solutions \u00e0 base de levure visant \u00e0 am\u00e9liorer le m\u00e9tabolisme des chevaux\u00a0: pr\u00e9venir le d\u00e9s\u00e9quilibre digestif et la colique et am\u00e9liorer la capacit\u00e9 d\u2019oxyg\u00e9nation.","breadcrumb":{"@id":"https:\/\/phileo-lesaffre.com\/fr\/cheval\/meilleur-metabolisme-du-cheval\/#breadcrumb"},"inLanguage":"fr-FR","potentialAction":[{"@type":"ReadAction","target":["https:\/\/phileo-lesaffre.com\/fr\/cheval\/meilleur-metabolisme-du-cheval\/"]}]},{"@type":"BreadcrumbList","@id":"https:\/\/phileo-lesaffre.com\/fr\/cheval\/meilleur-metabolisme-du-cheval\/#breadcrumb","itemListElement":[{"@type":"ListItem","position":1,"name":"Phileo by Lesaffre","item":"https:\/\/phileo-lesaffre.com\/fr\/"},{"@type":"ListItem","position":2,"name":"Cheval","item":"https:\/\/phileo-lesaffre.com\/fr\/cheval\/"},{"@type":"ListItem","position":3,"name":"Meilleur m\u00e9tabolisme du cheval"}]},{"@type":"WebSite","@id":"https:\/\/phileo-lesaffre.com\/fr\/#website","url":"https:\/\/phileo-lesaffre.com\/fr\/","name":"Phileo by Lesaffre","description":"Animal nutrition and health from yeast products","publisher":{"@id":"https:\/\/phileo-lesaffre.com\/fr\/#organization"},"potentialAction":[{"@type":"SearchAction","target":{"@type":"EntryPoint","urlTemplate":"https:\/\/phileo-lesaffre.com\/fr\/?s={search_term_string}"},"query-input":{"@type":"PropertyValueSpecification","valueRequired":true,"valueName":"search_term_string"}}],"inLanguage":"fr-FR"},{"@type":"Organization","@id":"https:\/\/phileo-lesaffre.com\/fr\/#organization","name":"Phileo by Lesaffre","url":"https:\/\/phileo-lesaffre.com\/fr\/","logo":{"@type":"ImageObject","inLanguage":"fr-FR","@id":"https:\/\/phileo-lesaffre.com\/fr\/#\/schema\/logo\/image\/","url":"https:\/\/phileo-lesaffre.com\/wp-content\/uploads\/2019\/04\/logo-phileo-lesaffre-1.jpg","contentUrl":"https:\/\/phileo-lesaffre.com\/wp-content\/uploads\/2019\/04\/logo-phileo-lesaffre-1.jpg","width":500,"height":250,"caption":"Phileo by Lesaffre"},"image":{"@id":"https:\/\/phileo-lesaffre.com\/fr\/#\/schema\/logo\/image\/"},"sameAs":["https:\/\/www.facebook.com\/phileo.lesaffre\/","https:\/\/x.com\/PhileoLesaffre","https:\/\/www.linkedin.com\/company\/phileo\/"]}]}},"_links":{"self":[{"href":"https:\/\/phileo-lesaffre.com\/fr\/wp-json\/wp\/v2\/pages\/408017","targetHints":{"allow":["GET"]}}],"collection":[{"href":"https:\/\/phileo-lesaffre.com\/fr\/wp-json\/wp\/v2\/pages"}],"about":[{"href":"https:\/\/phileo-lesaffre.com\/fr\/wp-json\/wp\/v2\/types\/page"}],"author":[{"embeddable":true,"href":"https:\/\/phileo-lesaffre.com\/fr\/wp-json\/wp\/v2\/users\/1"}],"replies":[{"embeddable":true,"href":"https:\/\/phileo-lesaffre.com\/fr\/wp-json\/wp\/v2\/comments?post=408017"}],"version-history":[{"count":0,"href":"https:\/\/phileo-lesaffre.com\/fr\/wp-json\/wp\/v2\/pages\/408017\/revisions"}],"up":[{"embeddable":true,"href":"https:\/\/phileo-lesaffre.com\/fr\/wp-json\/wp\/v2\/pages\/407706"}],"wp:attachment":[{"href":"https:\/\/phileo-lesaffre.com\/fr\/wp-json\/wp\/v2\/media?parent=408017"}],"curies":[{"name":"wp","href":"https:\/\/api.w.org\/{rel}","templated":true}]}}