{"id":407845,"date":"2021-09-07T10:16:02","date_gmt":"2021-09-07T08:16:02","guid":{"rendered":"https:\/\/phileo-lesaffre.com\/insectes\/amelioration-des-performances-zootechniques-des-insectes\/"},"modified":"2021-09-14T14:57:39","modified_gmt":"2021-09-14T12:57:39","slug":"amelioration-des-performances-zootechniques-des-insectes","status":"publish","type":"page","link":"https:\/\/phileo-lesaffre.com\/fr\/insectes\/amelioration-des-performances-zootechniques-des-insectes\/","title":{"rendered":"Am\u00e9lioration des performances zootechniques des insectes"},"content":{"rendered":"<div class=\"wpb-content-wrapper\"><p>[vc_row css_animation=\u00a0\u00bb\u00a0\u00bb row_type=\u00a0\u00bbrow\u00a0\u00bb use_row_as_full_screen_section=\u00a0\u00bbno\u00a0\u00bb type=\u00a0\u00bbfull_width\u00a0\u00bb angled_section=\u00a0\u00bbno\u00a0\u00bb text_align=\u00a0\u00bbleft\u00a0\u00bb background_image_as_pattern=\u00a0\u00bbwithout_pattern\u00a0\u00bb el_class=\u00a0\u00bbbreadcrumbtxt\u00a0\u00bb z_index=\u00a0\u00bb\u00a0\u00bb][vc_column][vc_column_text]<span style=\"font-size: 12px;\"><span><span><a href=\"https:\/\/phileo-lesaffre.com\/fr\/\">Phileo by Lesaffre<\/a><\/span><\/span><\/span>[\/vc_column_text][\/vc_column][\/vc_row][vc_row css_animation=\u00a0\u00bb\u00a0\u00bb row_type=\u00a0\u00bbrow\u00a0\u00bb use_row_as_full_screen_section=\u00a0\u00bbno\u00a0\u00bb type=\u00a0\u00bbfull_width\u00a0\u00bb angled_section=\u00a0\u00bbno\u00a0\u00bb text_align=\u00a0\u00bbleft\u00a0\u00bb background_image_as_pattern=\u00a0\u00bbwithout_pattern\u00a0\u00bb][vc_column][qode_elements_holder number_of_columns=\u00a0\u00bbtwo_columns\u00a0\u00bb][qode_elements_holder_item vertical_alignment=\u00a0\u00bbmiddle\u00a0\u00bb horizontal_alignment=\u00a0\u00bbleft\u00a0\u00bb advanced_animations=\u00a0\u00bbno\u00a0\u00bb item_padding=\u00a0\u00bb5% 8% 5% 0%\u00a0\u00bb][vc_column_text]<\/p>\n<h1 class=\"feed2\"><span style=\"color: #4d4d4c;\">Am\u00e9lioration des performances zootechniques des insectes<\/span><\/h1>\n<p>[\/vc_column_text][vc_single_image image=\u00a0\u00bb407413&Prime; img_size=\u00a0\u00bb65&#215;33&Prime; qode_css_animation=\u00a0\u00bb\u00a0\u00bb css=\u00a0\u00bb.vc_custom_1590613047306{padding-top: 5% !important;padding-bottom: 5% !important;}\u00a0\u00bb][vc_column_text css=\u00a0\u00bb.vc_custom_1592537906164{padding-right: 8% !important;}\u00a0\u00bb]<span lang=\"EN-US\">Le principal d\u00e9fi rencontr\u00e9 par le secteur des prot\u00e9ines d\u2019insectes est la concurrence avec les autres sources de prot\u00e9ine. Optimiser les performances d\u2019\u00e9levage en fournissant aux insectes de meilleures conditions de croissance et des suppl\u00e9ments nutritionnels est essentiel pour augmenter la conversion \u00e9nerg\u00e9tique et am\u00e9liorer la comp\u00e9titivit\u00e9 avec d\u2019autres sources de prot\u00e9ine comme la farine de soja ou la farine de poisson.<\/span>[\/vc_column_text][vc_single_image image=\u00a0\u00bb407849&Prime; img_size=\u00a0\u00bb120&#215;178&Prime; alignment=\u00a0\u00bbright\u00a0\u00bb qode_css_animation=\u00a0\u00bb\u00a0\u00bb][\/qode_elements_holder_item][qode_elements_holder_item cover=\u00a0\u00bbyes\u00a0\u00bb vertical_alignment=\u00a0\u00bbmiddle\u00a0\u00bb horizontal_alignment=\u00a0\u00bbleft\u00a0\u00bb advanced_animations=\u00a0\u00bbno\u00a0\u00bb background_image=\u00a0\u00bb396324&Prime;][\/qode_elements_holder_item][\/qode_elements_holder][\/vc_column][\/vc_row][vc_row css_animation=\u00a0\u00bb\u00a0\u00bb row_type=\u00a0\u00bbrow\u00a0\u00bb use_row_as_full_screen_section=\u00a0\u00bbno\u00a0\u00bb type=\u00a0\u00bbfull_width\u00a0\u00bb angled_section=\u00a0\u00bbno\u00a0\u00bb text_align=\u00a0\u00bbleft\u00a0\u00bb background_image_as_pattern=\u00a0\u00bbwithout_pattern\u00a0\u00bb z_index=\u00a0\u00bb\u00a0\u00bb][vc_column][qode_elements_holder number_of_columns=\u00a0\u00bbtwo_columns\u00a0\u00bb][qode_elements_holder_item vertical_alignment=\u00a0\u00bbmiddle\u00a0\u00bb horizontal_alignment=\u00a0\u00bbleft\u00a0\u00bb advanced_animations=\u00a0\u00bbno\u00a0\u00bb item_padding=\u00a0\u00bb5% 2% 5% 10%\u00a0\u00bb background_color=\u00a0\u00bb#ad1a22&Prime;][vc_column_text]<\/p>\n<h2 class=\"feed4\"><span style=\"color: #ffffff;\">Performance de croissance larvaire<\/span><\/h2>\n<p>[\/vc_column_text][vc_single_image image=\u00a0\u00bb409029&Prime; img_size=\u00a0\u00bb50&#215;25&Prime; qode_css_animation=\u00a0\u00bb\u00a0\u00bb css=\u00a0\u00bb.vc_custom_1592227932921{padding-top: 5% !important;padding-bottom: 5% !important;}\u00a0\u00bb][vc_column_text css=\u00a0\u00bb.vc_custom_1610551424381{padding-right: 10% !important;}\u00a0\u00bb]<span style=\"color: #ffffff;\">La suppl\u00e9mentation avec une levure primaire vivante de haute qualit\u00e9 stimule la croissance des larves de la mouche soldat noire et du ver du t\u00e9n\u00e9brion meunier. <a style=\"color: #ffffff;\" href=\"http:\/\/phileo-lesaffre.com\/en\/actisaf\/\">Actisaf<\/a><sup>\u00ae<\/sup> Sc 47 am\u00e9liore les taux de croissance alimentaire lorsqu\u2019il est ajout\u00e9 au substrat \u00e0 une concentration de 0,2\u00a0%. Il a \u00e9t\u00e9 d\u00e9montr\u00e9 que le ver du t\u00e9n\u00e9brion meunier voit son poids individuel augmenter de 28\u00a0% en moyenne, passant de 22,9\u00a0mg\/larve \u00e0 29,3\u00a0mg\/larve, lorsque <a style=\"color: #ffffff;\" href=\"http:\/\/phileo-lesaffre.com\/en\/actisaf\/\">Actisaf<\/a><sup>\u00ae<\/sup> Sc 47 est ajout\u00e9 \u00e0 un substrat \u00e0 base de son de bl\u00e9. De la m\u00eame fa\u00e7on, le poids corporel de la mouche soldat noire a \u00e9t\u00e9 am\u00e9lior\u00e9 de 10\u00a0%, passant de 92,8\u00a0mg\/larve \u00e0 102,4\u00a0mg\/larve en moyenne, lorsque le substrat \u00e9tait suppl\u00e9ment\u00e9 avec <a style=\"color: #ffffff;\" href=\"http:\/\/phileo-lesaffre.com\/en\/actisaf\/\">Actisaf<\/a><sup>\u00ae<\/sup> Sc 47 \u00e0 0,2\u00a0%.<\/span>[\/vc_column_text][\/qode_elements_holder_item][qode_elements_holder_item advanced_animations=\u00a0\u00bbno\u00a0\u00bb][vc_single_image image=\u00a0\u00bb409393&Prime; img_size=\u00a0\u00bbfull\u00a0\u00bb alignment=\u00a0\u00bbcenter\u00a0\u00bb onclick=\u00a0\u00bblink_image\u00a0\u00bb qode_css_animation=\u00a0\u00bb\u00a0\u00bb qode_hover_animation=\u00a0\u00bbzoom_in\u00a0\u00bb][\/qode_elements_holder_item][\/qode_elements_holder][\/vc_column][\/vc_row][vc_row css_animation=\u00a0\u00bb\u00a0\u00bb row_type=\u00a0\u00bbrow\u00a0\u00bb use_row_as_full_screen_section=\u00a0\u00bbno\u00a0\u00bb type=\u00a0\u00bbfull_width\u00a0\u00bb angled_section=\u00a0\u00bbno\u00a0\u00bb text_align=\u00a0\u00bbleft\u00a0\u00bb background_image_as_pattern=\u00a0\u00bbwithout_pattern\u00a0\u00bb css=\u00a0\u00bb.vc_custom_1592234497567{background-color: #ffffff !important;}\u00a0\u00bb z_index=\u00a0\u00bb\u00a0\u00bb][vc_column][qode_elements_holder number_of_columns=\u00a0\u00bbtwo_columns\u00a0\u00bb][qode_elements_holder_item cover=\u00a0\u00bbyes\u00a0\u00bb advanced_animations=\u00a0\u00bbno\u00a0\u00bb background_image=\u00a0\u00bb1393&Prime;][vc_separator type=\u00a0\u00bbtransparent\u00a0\u00bb up=\u00a0\u00bb200&Prime; down=\u00a0\u00bb200&Prime;][\/qode_elements_holder_item][qode_elements_holder_item vertical_alignment=\u00a0\u00bbmiddle\u00a0\u00bb horizontal_alignment=\u00a0\u00bbleft\u00a0\u00bb advanced_animations=\u00a0\u00bbno\u00a0\u00bb item_padding=\u00a0\u00bb5% 10% 5% 5%\u00a0\u00bb background_color=\u00a0\u00bb#706f6f\u00a0\u00bb][vc_column_text]<\/p>\n<h2 class=\"feed4\"><span style=\"color: #ffffff;\">Taux de survie tout au long du cycle de vie<\/span><\/h2>\n<p>[\/vc_column_text][vc_single_image image=\u00a0\u00bb409029&Prime; img_size=\u00a0\u00bb50&#215;25&Prime; qode_css_animation=\u00a0\u00bb\u00a0\u00bb css=\u00a0\u00bb.vc_custom_1592232787710{padding-top: 5% !important;padding-bottom: 5% !important;}\u00a0\u00bb][vc_column_text]<span style=\"color: #ffffff;\">Il est reconnu que les facteurs biotiques et abiotiques influencent la survie des insectes \u00e9lev\u00e9s dans des conditions \u00e0 grande \u00e9chelle. Pour les producteurs d\u2019insectes, le taux de mortalit\u00e9 est un facteur important pour tenter d\u2019optimiser la comp\u00e9titivit\u00e9 de leur activit\u00e9. Il est donc essentiel d\u2019identifier et de fournir des solutions pour contrer les effets nocifs du stress oxydatif provoqu\u00e9s par les conditions d\u2019\u00e9levage et les micro-organismes qui affectent la sant\u00e9 des insectes.<\/span><\/p>\n<p><span style=\"color: #ffffff;\">Plusieurs \u00e9tudes ont montr\u00e9 les avantages des probiotiques pour augmenter le taux de survie des mouches m\u00e9diterran\u00e9ennes m\u00e2les st\u00e9riles. D\u2019autres \u00e9tudes ont montr\u00e9 que Actisaf<sup>\u00ae<\/sup> Sc 47 maintient la survie chez la mouche soldat noire et le ver du t\u00e9n\u00e9brion meunier, tout en am\u00e9liorant les taux de croissance et en entra\u00eenant de meilleures performances zootechniques.<\/span>[\/vc_column_text][\/qode_elements_holder_item][\/qode_elements_holder][\/vc_column][\/vc_row][vc_row css_animation=\u00a0\u00bb\u00a0\u00bb row_type=\u00a0\u00bbrow\u00a0\u00bb use_row_as_full_screen_section=\u00a0\u00bbyes\u00a0\u00bb type=\u00a0\u00bbfull_width\u00a0\u00bb angled_section=\u00a0\u00bbno\u00a0\u00bb text_align=\u00a0\u00bbleft\u00a0\u00bb background_image_as_pattern=\u00a0\u00bbwithout_pattern\u00a0\u00bb z_index=\u00a0\u00bb\u00a0\u00bb][vc_column][vc_column_text css=\u00a0\u00bb.vc_custom_1631525264204{padding-top: 1% !important;padding-left: 5% !important;}\u00a0\u00bb]<\/p>\n<p style=\"text-align: left; font-size: 30px;\"><strong>En savoir plus sur la gestion des insectes<\/strong><\/p>\n<p>[\/vc_column_text][vc_separator type=\u00a0\u00bbtransparent\u00a0\u00bb up=\u00a0\u00bb10&Prime; down=\u00a0\u00bb10&Prime;][\/vc_column][vc_column width=\u00a0\u00bb1\/3&Prime;][vc_single_image image=\u00a0\u00bb410236&Prime; img_size=\u00a0\u00bbfull\u00a0\u00bb alignment=\u00a0\u00bbcenter\u00a0\u00bb onclick=\u00a0\u00bbcustom_link\u00a0\u00bb qode_css_animation=\u00a0\u00bb\u00a0\u00bb qode_hover_animation=\u00a0\u00bbzoom_in\u00a0\u00bb css=\u00a0\u00bb.vc_custom_1631624253818{padding-top: 5% !important;padding-bottom: 5% !important;}\u00a0\u00bb link=\u00a0\u00bbhttps:\/\/phileo-lesaffre.com\/fr\/insectes\/amelioration-nutritionnelle-de-la-farine-dinsectes\/\u00a0\u00bb][\/vc_column][vc_column width=\u00a0\u00bb1\/3&Prime;][\/vc_column][vc_column width=\u00a0\u00bb1\/3&Prime;][\/vc_column][\/vc_row]<\/p>\n<\/div>","protected":false},"excerpt":{"rendered":"<p>[vc_row css_animation=\u00a0\u00bb\u00a0\u00bb row_type=\u00a0\u00bbrow\u00a0\u00bb use_row_as_full_screen_section=\u00a0\u00bbno\u00a0\u00bb type=\u00a0\u00bbfull_width\u00a0\u00bb angled_section=\u00a0\u00bbno\u00a0\u00bb text_align=\u00a0\u00bbleft\u00a0\u00bb background_image_as_pattern=\u00a0\u00bbwithout_pattern\u00a0\u00bb el_class=\u00a0\u00bbbreadcrumbtxt\u00a0\u00bb z_index=\u00a0\u00bb\u00a0\u00bb][vc_column][vc_column_text][\/vc_column_text][\/vc_column][\/vc_row][vc_row css_animation=\u00a0\u00bb\u00a0\u00bb row_type=\u00a0\u00bbrow\u00a0\u00bb use_row_as_full_screen_section=\u00a0\u00bbno\u00a0\u00bb type=\u00a0\u00bbfull_width\u00a0\u00bb angled_section=\u00a0\u00bbno\u00a0\u00bb text_align=\u00a0\u00bbleft\u00a0\u00bb background_image_as_pattern=\u00a0\u00bbwithout_pattern\u00a0\u00bb][vc_column][qode_elements_holder number_of_columns=\u00a0\u00bbtwo_columns\u00a0\u00bb][qode_elements_holder_item vertical_alignment=\u00a0\u00bbmiddle\u00a0\u00bb horizontal_alignment=\u00a0\u00bbleft\u00a0\u00bb advanced_animations=\u00a0\u00bbno\u00a0\u00bb item_padding=\u00a0\u00bb5% 8% 5% 0%\u00a0\u00bb][vc_column_text] Am\u00e9lioration des performances zootechniques des insectes [\/vc_column_text][vc_single_image image=\u00a0\u00bb407413&Prime; img_size=\u00a0\u00bb65&#215;33&Prime; qode_css_animation=\u00a0\u00bb\u00a0\u00bb css=\u00a0\u00bb.vc_custom_1590613047306{padding-top: 5% !important;padding-bottom: 5% !important;}\u00a0\u00bb][vc_column_text css=\u00a0\u00bb.vc_custom_1592537906164{padding-right: 8% !important;}\u00a0\u00bb]Le principal d\u00e9fi&#8230;<\/p>\n","protected":false},"author":1,"featured_media":0,"parent":407507,"menu_order":0,"comment_status":"closed","ping_status":"closed","template":"full_width.php","meta":{"footnotes":""},"class_list":["post-407845","page","type-page","status-publish","hentry"],"yoast_head":"<!-- This site is optimized with the Yoast SEO Premium plugin v25.9 (Yoast SEO v27.4) - https:\/\/yoast.com\/product\/yoast-seo-premium-wordpress\/ -->\n<title>Optimisation des performances d\u2019\u00e9levage des insectes | Phileo by Lesaffre<\/title>\n<meta name=\"description\" content=\"Optimiser les performances d\u2019\u00e9levage en fournissant aux insectes de meilleures conditions de croissance et des suppl\u00e9ments nutritionnels est essentiel pour augmenter la conversion \u00e9nerg\u00e9tique\" \/>\n<meta name=\"robots\" content=\"index, follow, max-snippet:-1, max-image-preview:large, max-video-preview:-1\" \/>\n<link rel=\"canonical\" href=\"https:\/\/phileo-lesaffre.com\/fr\/insectes\/amelioration-des-performances-zootechniques-des-insectes\/\" \/>\n<meta property=\"og:locale\" content=\"fr_FR\" \/>\n<meta property=\"og:type\" content=\"article\" \/>\n<meta property=\"og:title\" content=\"Am\u00e9lioration des performances zootechniques des insectes\" \/>\n<meta property=\"og:description\" content=\"Am\u00e9lioration des performances zootechniques des insectes Le principal d\u00e9fi rencontr\u00e9 par le secteur des prot\u00e9ines d\u2019insectes est la concurrence avec les\" \/>\n<meta property=\"og:url\" content=\"https:\/\/phileo-lesaffre.com\/fr\/insectes\/amelioration-des-performances-zootechniques-des-insectes\/\" \/>\n<meta property=\"og:site_name\" content=\"Phileo by Lesaffre\" \/>\n<meta property=\"article:publisher\" content=\"https:\/\/www.facebook.com\/phileo.lesaffre\/\" \/>\n<meta property=\"article:modified_time\" content=\"2021-09-14T12:57:39+00:00\" \/>\n<meta name=\"twitter:card\" content=\"summary_large_image\" \/>\n<meta name=\"twitter:site\" content=\"@PhileoLesaffre\" \/>\n<script type=\"application\/ld+json\" class=\"yoast-schema-graph\">{\"@context\":\"https:\\\/\\\/schema.org\",\"@graph\":[{\"@type\":\"WebPage\",\"@id\":\"https:\\\/\\\/phileo-lesaffre.com\\\/fr\\\/insectes\\\/amelioration-des-performances-zootechniques-des-insectes\\\/\",\"url\":\"https:\\\/\\\/phileo-lesaffre.com\\\/fr\\\/insectes\\\/amelioration-des-performances-zootechniques-des-insectes\\\/\",\"name\":\"Optimisation des performances d\u2019\u00e9levage des insectes | Phileo by Lesaffre\",\"isPartOf\":{\"@id\":\"https:\\\/\\\/phileo-lesaffre.com\\\/fr\\\/#website\"},\"datePublished\":\"2021-09-07T08:16:02+00:00\",\"dateModified\":\"2021-09-14T12:57:39+00:00\",\"description\":\"Optimiser les performances d\u2019\u00e9levage en fournissant aux insectes de meilleures conditions de croissance et des suppl\u00e9ments nutritionnels est essentiel pour augmenter la conversion \u00e9nerg\u00e9tique\",\"breadcrumb\":{\"@id\":\"https:\\\/\\\/phileo-lesaffre.com\\\/fr\\\/insectes\\\/amelioration-des-performances-zootechniques-des-insectes\\\/#breadcrumb\"},\"inLanguage\":\"fr-FR\",\"potentialAction\":[{\"@type\":\"ReadAction\",\"target\":[\"https:\\\/\\\/phileo-lesaffre.com\\\/fr\\\/insectes\\\/amelioration-des-performances-zootechniques-des-insectes\\\/\"]}]},{\"@type\":\"BreadcrumbList\",\"@id\":\"https:\\\/\\\/phileo-lesaffre.com\\\/fr\\\/insectes\\\/amelioration-des-performances-zootechniques-des-insectes\\\/#breadcrumb\",\"itemListElement\":[{\"@type\":\"ListItem\",\"position\":1,\"name\":\"Phileo by Lesaffre\",\"item\":\"https:\\\/\\\/phileo-lesaffre.com\\\/fr\\\/\"},{\"@type\":\"ListItem\",\"position\":2,\"name\":\"Insectes\",\"item\":\"https:\\\/\\\/phileo-lesaffre.com\\\/fr\\\/insectes\\\/\"},{\"@type\":\"ListItem\",\"position\":3,\"name\":\"Am\u00e9lioration des performances zootechniques des insectes\"}]},{\"@type\":\"WebSite\",\"@id\":\"https:\\\/\\\/phileo-lesaffre.com\\\/fr\\\/#website\",\"url\":\"https:\\\/\\\/phileo-lesaffre.com\\\/fr\\\/\",\"name\":\"Phileo by Lesaffre\",\"description\":\"Animal nutrition and health from yeast products\",\"publisher\":{\"@id\":\"https:\\\/\\\/phileo-lesaffre.com\\\/fr\\\/#organization\"},\"potentialAction\":[{\"@type\":\"SearchAction\",\"target\":{\"@type\":\"EntryPoint\",\"urlTemplate\":\"https:\\\/\\\/phileo-lesaffre.com\\\/fr\\\/?s={search_term_string}\"},\"query-input\":{\"@type\":\"PropertyValueSpecification\",\"valueRequired\":true,\"valueName\":\"search_term_string\"}}],\"inLanguage\":\"fr-FR\"},{\"@type\":\"Organization\",\"@id\":\"https:\\\/\\\/phileo-lesaffre.com\\\/fr\\\/#organization\",\"name\":\"Phileo by Lesaffre\",\"url\":\"https:\\\/\\\/phileo-lesaffre.com\\\/fr\\\/\",\"logo\":{\"@type\":\"ImageObject\",\"inLanguage\":\"fr-FR\",\"@id\":\"https:\\\/\\\/phileo-lesaffre.com\\\/fr\\\/#\\\/schema\\\/logo\\\/image\\\/\",\"url\":\"https:\\\/\\\/phileo-lesaffre.com\\\/wp-content\\\/uploads\\\/2019\\\/04\\\/logo-phileo-lesaffre-1.jpg\",\"contentUrl\":\"https:\\\/\\\/phileo-lesaffre.com\\\/wp-content\\\/uploads\\\/2019\\\/04\\\/logo-phileo-lesaffre-1.jpg\",\"width\":500,\"height\":250,\"caption\":\"Phileo by Lesaffre\"},\"image\":{\"@id\":\"https:\\\/\\\/phileo-lesaffre.com\\\/fr\\\/#\\\/schema\\\/logo\\\/image\\\/\"},\"sameAs\":[\"https:\\\/\\\/www.facebook.com\\\/phileo.lesaffre\\\/\",\"https:\\\/\\\/x.com\\\/PhileoLesaffre\",\"https:\\\/\\\/www.linkedin.com\\\/company\\\/phileo\\\/\"]}]}<\/script>\n<!-- \/ Yoast SEO Premium plugin. -->","yoast_head_json":{"title":"Optimisation des performances d\u2019\u00e9levage des insectes | Phileo by Lesaffre","description":"Optimiser les performances d\u2019\u00e9levage en fournissant aux insectes de meilleures conditions de croissance et des suppl\u00e9ments nutritionnels est essentiel pour augmenter la conversion \u00e9nerg\u00e9tique","robots":{"index":"index","follow":"follow","max-snippet":"max-snippet:-1","max-image-preview":"max-image-preview:large","max-video-preview":"max-video-preview:-1"},"canonical":"https:\/\/phileo-lesaffre.com\/fr\/insectes\/amelioration-des-performances-zootechniques-des-insectes\/","og_locale":"fr_FR","og_type":"article","og_title":"Am\u00e9lioration des performances zootechniques des insectes","og_description":"Am\u00e9lioration des performances zootechniques des insectes Le principal d\u00e9fi rencontr\u00e9 par le secteur des prot\u00e9ines d\u2019insectes est la concurrence avec les","og_url":"https:\/\/phileo-lesaffre.com\/fr\/insectes\/amelioration-des-performances-zootechniques-des-insectes\/","og_site_name":"Phileo by Lesaffre","article_publisher":"https:\/\/www.facebook.com\/phileo.lesaffre\/","article_modified_time":"2021-09-14T12:57:39+00:00","twitter_card":"summary_large_image","twitter_site":"@PhileoLesaffre","schema":{"@context":"https:\/\/schema.org","@graph":[{"@type":"WebPage","@id":"https:\/\/phileo-lesaffre.com\/fr\/insectes\/amelioration-des-performances-zootechniques-des-insectes\/","url":"https:\/\/phileo-lesaffre.com\/fr\/insectes\/amelioration-des-performances-zootechniques-des-insectes\/","name":"Optimisation des performances d\u2019\u00e9levage des insectes | Phileo by Lesaffre","isPartOf":{"@id":"https:\/\/phileo-lesaffre.com\/fr\/#website"},"datePublished":"2021-09-07T08:16:02+00:00","dateModified":"2021-09-14T12:57:39+00:00","description":"Optimiser les performances d\u2019\u00e9levage en fournissant aux insectes de meilleures conditions de croissance et des suppl\u00e9ments nutritionnels est essentiel pour augmenter la conversion \u00e9nerg\u00e9tique","breadcrumb":{"@id":"https:\/\/phileo-lesaffre.com\/fr\/insectes\/amelioration-des-performances-zootechniques-des-insectes\/#breadcrumb"},"inLanguage":"fr-FR","potentialAction":[{"@type":"ReadAction","target":["https:\/\/phileo-lesaffre.com\/fr\/insectes\/amelioration-des-performances-zootechniques-des-insectes\/"]}]},{"@type":"BreadcrumbList","@id":"https:\/\/phileo-lesaffre.com\/fr\/insectes\/amelioration-des-performances-zootechniques-des-insectes\/#breadcrumb","itemListElement":[{"@type":"ListItem","position":1,"name":"Phileo by Lesaffre","item":"https:\/\/phileo-lesaffre.com\/fr\/"},{"@type":"ListItem","position":2,"name":"Insectes","item":"https:\/\/phileo-lesaffre.com\/fr\/insectes\/"},{"@type":"ListItem","position":3,"name":"Am\u00e9lioration des performances zootechniques des insectes"}]},{"@type":"WebSite","@id":"https:\/\/phileo-lesaffre.com\/fr\/#website","url":"https:\/\/phileo-lesaffre.com\/fr\/","name":"Phileo by Lesaffre","description":"Animal nutrition and health from yeast products","publisher":{"@id":"https:\/\/phileo-lesaffre.com\/fr\/#organization"},"potentialAction":[{"@type":"SearchAction","target":{"@type":"EntryPoint","urlTemplate":"https:\/\/phileo-lesaffre.com\/fr\/?s={search_term_string}"},"query-input":{"@type":"PropertyValueSpecification","valueRequired":true,"valueName":"search_term_string"}}],"inLanguage":"fr-FR"},{"@type":"Organization","@id":"https:\/\/phileo-lesaffre.com\/fr\/#organization","name":"Phileo by Lesaffre","url":"https:\/\/phileo-lesaffre.com\/fr\/","logo":{"@type":"ImageObject","inLanguage":"fr-FR","@id":"https:\/\/phileo-lesaffre.com\/fr\/#\/schema\/logo\/image\/","url":"https:\/\/phileo-lesaffre.com\/wp-content\/uploads\/2019\/04\/logo-phileo-lesaffre-1.jpg","contentUrl":"https:\/\/phileo-lesaffre.com\/wp-content\/uploads\/2019\/04\/logo-phileo-lesaffre-1.jpg","width":500,"height":250,"caption":"Phileo by Lesaffre"},"image":{"@id":"https:\/\/phileo-lesaffre.com\/fr\/#\/schema\/logo\/image\/"},"sameAs":["https:\/\/www.facebook.com\/phileo.lesaffre\/","https:\/\/x.com\/PhileoLesaffre","https:\/\/www.linkedin.com\/company\/phileo\/"]}]}},"_links":{"self":[{"href":"https:\/\/phileo-lesaffre.com\/fr\/wp-json\/wp\/v2\/pages\/407845","targetHints":{"allow":["GET"]}}],"collection":[{"href":"https:\/\/phileo-lesaffre.com\/fr\/wp-json\/wp\/v2\/pages"}],"about":[{"href":"https:\/\/phileo-lesaffre.com\/fr\/wp-json\/wp\/v2\/types\/page"}],"author":[{"embeddable":true,"href":"https:\/\/phileo-lesaffre.com\/fr\/wp-json\/wp\/v2\/users\/1"}],"replies":[{"embeddable":true,"href":"https:\/\/phileo-lesaffre.com\/fr\/wp-json\/wp\/v2\/comments?post=407845"}],"version-history":[{"count":0,"href":"https:\/\/phileo-lesaffre.com\/fr\/wp-json\/wp\/v2\/pages\/407845\/revisions"}],"up":[{"embeddable":true,"href":"https:\/\/phileo-lesaffre.com\/fr\/wp-json\/wp\/v2\/pages\/407507"}],"wp:attachment":[{"href":"https:\/\/phileo-lesaffre.com\/fr\/wp-json\/wp\/v2\/media?parent=407845"}],"curies":[{"name":"wp","href":"https:\/\/api.w.org\/{rel}","templated":true}]}}