{"id":407768,"date":"2021-09-07T10:16:00","date_gmt":"2021-09-07T08:16:00","guid":{"rendered":"https:\/\/phileo-lesaffre.com\/insectes\/amelioration-nutritionnelle-de-la-farine-dinsectes\/"},"modified":"2021-09-14T14:56:39","modified_gmt":"2021-09-14T12:56:39","slug":"amelioration-nutritionnelle-de-la-farine-dinsectes","status":"publish","type":"page","link":"https:\/\/phileo-lesaffre.com\/fr\/insectes\/amelioration-nutritionnelle-de-la-farine-dinsectes\/","title":{"rendered":"Am\u00e9lioration nutritionnelle de la farine d\u2019insectes"},"content":{"rendered":"<div class=\"wpb-content-wrapper\"><p>[vc_row css_animation=\u00a0\u00bb\u00a0\u00bb row_type=\u00a0\u00bbrow\u00a0\u00bb use_row_as_full_screen_section=\u00a0\u00bbno\u00a0\u00bb type=\u00a0\u00bbfull_width\u00a0\u00bb angled_section=\u00a0\u00bbno\u00a0\u00bb text_align=\u00a0\u00bbleft\u00a0\u00bb background_image_as_pattern=\u00a0\u00bbwithout_pattern\u00a0\u00bb el_class=\u00a0\u00bbbreadcrumbtxt\u00a0\u00bb z_index=\u00a0\u00bb\u00a0\u00bb][vc_column][vc_column_text]<span style=\"font-size: 12px;\"><span><span><a href=\"https:\/\/phileo-lesaffre.com\/fr\/\">Phileo by Lesaffre<\/a><\/span><\/span><\/span>[\/vc_column_text][\/vc_column][\/vc_row][vc_row css_animation=\u00a0\u00bb\u00a0\u00bb row_type=\u00a0\u00bbrow\u00a0\u00bb use_row_as_full_screen_section=\u00a0\u00bbno\u00a0\u00bb type=\u00a0\u00bbfull_width\u00a0\u00bb angled_section=\u00a0\u00bbno\u00a0\u00bb text_align=\u00a0\u00bbleft\u00a0\u00bb background_image_as_pattern=\u00a0\u00bbwithout_pattern\u00a0\u00bb][vc_column][vc_column_text]<\/p>\n<p>[\/vc_column_text][\/vc_column][\/vc_row][vc_row css_animation=\u00a0\u00bb\u00a0\u00bb row_type=\u00a0\u00bbrow\u00a0\u00bb use_row_as_full_screen_section=\u00a0\u00bbno\u00a0\u00bb type=\u00a0\u00bbfull_width\u00a0\u00bb angled_section=\u00a0\u00bbno\u00a0\u00bb text_align=\u00a0\u00bbleft\u00a0\u00bb background_image_as_pattern=\u00a0\u00bbwithout_pattern\u00a0\u00bb][vc_column][qode_elements_holder number_of_columns=\u00a0\u00bbtwo_columns\u00a0\u00bb custom_class=\u00a0\u00bbtete\u00a0\u00bb][qode_elements_holder_item vertical_alignment=\u00a0\u00bbmiddle\u00a0\u00bb horizontal_alignment=\u00a0\u00bbleft\u00a0\u00bb advanced_animations=\u00a0\u00bbno\u00a0\u00bb item_padding=\u00a0\u00bb5% 8% 5% 0%\u00a0\u00bb][vc_column_text]<\/p>\n<h1 class=\"feed2\"><span style=\"color: #4d4d4c;\">Am\u00e9lioration nutritionnelle de la farine d\u2019insectes<\/span><\/h1>\n<p>[\/vc_column_text][vc_single_image image=\u00a0\u00bb407413&Prime; img_size=\u00a0\u00bb65&#215;33&Prime; qode_css_animation=\u00a0\u00bb\u00a0\u00bb css=\u00a0\u00bb.vc_custom_1590613047306{padding-top: 5% !important;padding-bottom: 5% !important;}\u00a0\u00bb][vc_column_text css=\u00a0\u00bb.vc_custom_1592537202341{padding-right: 8% !important;}\u00a0\u00bb]Fournir des supports alimentaires et une suppl\u00e9mentation nutritionnelle \u00e0 la mouche soldat noire et au ver du t\u00e9n\u00e9brion meunier influence fortement la composition nutritionnelle de la farine d\u2019insectes. La teneur en prot\u00e9ine et l\u2019accumulation de mati\u00e8res grasses insatur\u00e9es, qui sont d\u2019un grand int\u00e9r\u00eat pour les consommateurs, s\u2019av\u00e8rent d\u00e9pendre directement de la composition du substrat et des suppl\u00e9ments ajout\u00e9s pendant l\u2019\u00e9levage des insectes. [\/vc_column_text][vc_single_image image=\u00a0\u00bb407849&Prime; img_size=\u00a0\u00bb120&#215;178&Prime; alignment=\u00a0\u00bbright\u00a0\u00bb qode_css_animation=\u00a0\u00bb\u00a0\u00bb][\/qode_elements_holder_item][qode_elements_holder_item cover=\u00a0\u00bbyes\u00a0\u00bb vertical_alignment=\u00a0\u00bbmiddle\u00a0\u00bb horizontal_alignment=\u00a0\u00bbleft\u00a0\u00bb advanced_animations=\u00a0\u00bbno\u00a0\u00bb background_image=\u00a0\u00bb395890&Prime;][\/qode_elements_holder_item][\/qode_elements_holder][\/vc_column][\/vc_row][vc_row css_animation=\u00a0\u00bb\u00a0\u00bb row_type=\u00a0\u00bbrow\u00a0\u00bb use_row_as_full_screen_section=\u00a0\u00bbno\u00a0\u00bb type=\u00a0\u00bbfull_width\u00a0\u00bb angled_section=\u00a0\u00bbno\u00a0\u00bb text_align=\u00a0\u00bbleft\u00a0\u00bb background_image_as_pattern=\u00a0\u00bbwithout_pattern\u00a0\u00bb z_index=\u00a0\u00bb\u00a0\u00bb][vc_column][qode_elements_holder number_of_columns=\u00a0\u00bbtwo_columns\u00a0\u00bb][qode_elements_holder_item vertical_alignment=\u00a0\u00bbmiddle\u00a0\u00bb horizontal_alignment=\u00a0\u00bbleft\u00a0\u00bb advanced_animations=\u00a0\u00bbno\u00a0\u00bb item_padding=\u00a0\u00bb5% 2% 5% 10%\u00a0\u00bb background_color=\u00a0\u00bb#ad1a22&Prime;][vc_column_text]<\/p>\n<h2 class=\"feed4\"><span style=\"color: #ffffff;\">Am\u00e9lioration de l\u2019apport nutritionnel<\/span><\/h2>\n<p>[\/vc_column_text][vc_single_image image=\u00a0\u00bb409029&Prime; img_size=\u00a0\u00bb50&#215;25&Prime; qode_css_animation=\u00a0\u00bb\u00a0\u00bb css=\u00a0\u00bb.vc_custom_1592227932921{padding-top: 5% !important;padding-bottom: 5% !important;}\u00a0\u00bb][vc_column_text css=\u00a0\u00bb.vc_custom_1610551342055{padding-right: 10% !important;}\u00a0\u00bb]<span style=\"color: #ffffff;\">Influencer ces param\u00e8tres est extr\u00eamement important pour notre industrie, au regard de la pr\u00e9valence des maladies humaines associ\u00e9es aux acides gras satur\u00e9s et aux acides gras trans. L\u2019ajout de <a style=\"color: #ffffff;\" href=\"http:\/\/phileo-lesaffre.com\/en\/actisaf\/\">Actisaf<\/a><sup>\u00ae<\/sup> Sc 47 dans le substrat d\u2019\u00e9levage diminue la concentration d\u2019acides gras satur\u00e9s (12,0 et 14:0) et la quantit\u00e9 d\u2019acides gras trans dans la farine d\u2019insecte\u00a0; tout en augmentant les acides linol\u00e9iques (18:2n-6) et les acides gras polyinsatur\u00e9s. Il s\u2019agit d\u2019une contribution significative \u00e0 la valorisation de la farine d\u2019insectes, \u00e9tant donn\u00e9 le risque pour la sant\u00e9 humaine mentionn\u00e9 ci-avant. Au contraire, les acides gras poly-insatur\u00e9s sont consid\u00e9r\u00e9s comme du \u00ab\u00a0bon gras\u00a0\u00bb, r\u00e9duisant le risque de maladies cardiovasculaires chez l\u2019homme. <\/span>[\/vc_column_text][\/qode_elements_holder_item][qode_elements_holder_item advanced_animations=\u00a0\u00bbno\u00a0\u00bb][vc_single_image image=\u00a0\u00bb409416&Prime; img_size=\u00a0\u00bbfull\u00a0\u00bb alignment=\u00a0\u00bbcenter\u00a0\u00bb onclick=\u00a0\u00bblink_image\u00a0\u00bb qode_css_animation=\u00a0\u00bb\u00a0\u00bb qode_hover_animation=\u00a0\u00bbzoom_in\u00a0\u00bb][\/qode_elements_holder_item][\/qode_elements_holder][vc_separator type=\u00a0\u00bbtransparent\u00a0\u00bb][\/vc_column][\/vc_row][vc_row css_animation=\u00a0\u00bb\u00a0\u00bb row_type=\u00a0\u00bbrow\u00a0\u00bb use_row_as_full_screen_section=\u00a0\u00bbyes\u00a0\u00bb type=\u00a0\u00bbfull_width\u00a0\u00bb angled_section=\u00a0\u00bbno\u00a0\u00bb text_align=\u00a0\u00bbleft\u00a0\u00bb background_image_as_pattern=\u00a0\u00bbwithout_pattern\u00a0\u00bb z_index=\u00a0\u00bb\u00a0\u00bb][vc_column][vc_column_text css=\u00a0\u00bb.vc_custom_1631525199933{padding-top: 1% !important;padding-left: 5% !important;}\u00a0\u00bb]<\/p>\n<p style=\"text-align: left; font-size: 30px;\"><strong>En savoir plus sur la gestion des insectes<\/strong><\/p>\n<p>[\/vc_column_text][vc_separator type=\u00a0\u00bbtransparent\u00a0\u00bb up=\u00a0\u00bb10&Prime; down=\u00a0\u00bb10&Prime;][\/vc_column][vc_column width=\u00a0\u00bb1\/3&Prime;][vc_single_image image=\u00a0\u00bb410240&Prime; img_size=\u00a0\u00bbfull\u00a0\u00bb alignment=\u00a0\u00bbcenter\u00a0\u00bb onclick=\u00a0\u00bbcustom_link\u00a0\u00bb qode_css_animation=\u00a0\u00bb\u00a0\u00bb qode_hover_animation=\u00a0\u00bbzoom_in\u00a0\u00bb css=\u00a0\u00bb.vc_custom_1631624194928{padding-top: 5% !important;padding-bottom: 5% !important;}\u00a0\u00bb link=\u00a0\u00bbhttps:\/\/phileo-lesaffre.com\/fr\/insectes\/amelioration-des-performances-zootechniques-des-insectes\/\u00a0\u00bb][\/vc_column][vc_column width=\u00a0\u00bb1\/3&Prime;][\/vc_column][vc_column width=\u00a0\u00bb1\/3&Prime;][\/vc_column][\/vc_row]<\/p>\n<\/div>","protected":false},"excerpt":{"rendered":"<p>[vc_row css_animation=\u00a0\u00bb\u00a0\u00bb row_type=\u00a0\u00bbrow\u00a0\u00bb use_row_as_full_screen_section=\u00a0\u00bbno\u00a0\u00bb type=\u00a0\u00bbfull_width\u00a0\u00bb angled_section=\u00a0\u00bbno\u00a0\u00bb text_align=\u00a0\u00bbleft\u00a0\u00bb background_image_as_pattern=\u00a0\u00bbwithout_pattern\u00a0\u00bb el_class=\u00a0\u00bbbreadcrumbtxt\u00a0\u00bb z_index=\u00a0\u00bb\u00a0\u00bb][vc_column][vc_column_text][\/vc_column_text][\/vc_column][\/vc_row][vc_row css_animation=\u00a0\u00bb\u00a0\u00bb row_type=\u00a0\u00bbrow\u00a0\u00bb use_row_as_full_screen_section=\u00a0\u00bbno\u00a0\u00bb type=\u00a0\u00bbfull_width\u00a0\u00bb angled_section=\u00a0\u00bbno\u00a0\u00bb text_align=\u00a0\u00bbleft\u00a0\u00bb background_image_as_pattern=\u00a0\u00bbwithout_pattern\u00a0\u00bb][vc_column][vc_column_text] [\/vc_column_text][\/vc_column][\/vc_row][vc_row css_animation=\u00a0\u00bb\u00a0\u00bb row_type=\u00a0\u00bbrow\u00a0\u00bb use_row_as_full_screen_section=\u00a0\u00bbno\u00a0\u00bb type=\u00a0\u00bbfull_width\u00a0\u00bb angled_section=\u00a0\u00bbno\u00a0\u00bb text_align=\u00a0\u00bbleft\u00a0\u00bb background_image_as_pattern=\u00a0\u00bbwithout_pattern\u00a0\u00bb][vc_column][qode_elements_holder number_of_columns=\u00a0\u00bbtwo_columns\u00a0\u00bb custom_class=\u00a0\u00bbtete\u00a0\u00bb][qode_elements_holder_item vertical_alignment=\u00a0\u00bbmiddle\u00a0\u00bb horizontal_alignment=\u00a0\u00bbleft\u00a0\u00bb advanced_animations=\u00a0\u00bbno\u00a0\u00bb item_padding=\u00a0\u00bb5% 8% 5% 0%\u00a0\u00bb][vc_column_text] Am\u00e9lioration nutritionnelle de la farine d\u2019insectes [\/vc_column_text][vc_single_image image=\u00a0\u00bb407413&Prime; img_size=\u00a0\u00bb65&#215;33&Prime; qode_css_animation=\u00a0\u00bb\u00a0\u00bb css=\u00a0\u00bb.vc_custom_1590613047306{padding-top:&#8230;<\/p>\n","protected":false},"author":1,"featured_media":0,"parent":407507,"menu_order":0,"comment_status":"closed","ping_status":"closed","template":"full_width.php","meta":{"footnotes":""},"class_list":["post-407768","page","type-page","status-publish","hentry"],"yoast_head":"<!-- This site is optimized with the Yoast SEO Premium plugin v25.9 (Yoast SEO v27.3) - https:\/\/yoast.com\/product\/yoast-seo-premium-wordpress\/ -->\n<title>Am\u00e9lioration nutritionnelle de la farine d\u2019insecte | Phileo by lesaffre<\/title>\n<meta name=\"description\" content=\"Fournir des supports alimentaires et une suppl\u00e9mentation nutritionnelle \u00e0 la mouche soldat noire et au ver du t\u00e9n\u00e9brion meunier influence fortement la composition nutritionnelle de la farine d\u2019insectes.\" \/>\n<meta name=\"robots\" content=\"index, follow, max-snippet:-1, max-image-preview:large, max-video-preview:-1\" \/>\n<link rel=\"canonical\" href=\"https:\/\/phileo-lesaffre.com\/fr\/insectes\/amelioration-nutritionnelle-de-la-farine-dinsectes\/\" \/>\n<meta property=\"og:locale\" content=\"fr_FR\" \/>\n<meta property=\"og:type\" content=\"article\" \/>\n<meta property=\"og:title\" content=\"Am\u00e9lioration nutritionnelle de la farine d\u2019insectes\" \/>\n<meta property=\"og:description\" content=\"Am\u00e9lioration nutritionnelle de la farine d\u2019insectes Fournir des supports alimentaires et une suppl\u00e9mentation nutritionnelle \u00e0 la mouche soldat noire et au\" \/>\n<meta property=\"og:url\" content=\"https:\/\/phileo-lesaffre.com\/fr\/insectes\/amelioration-nutritionnelle-de-la-farine-dinsectes\/\" \/>\n<meta property=\"og:site_name\" content=\"Phileo by Lesaffre\" \/>\n<meta property=\"article:publisher\" content=\"https:\/\/www.facebook.com\/phileo.lesaffre\/\" \/>\n<meta property=\"article:modified_time\" content=\"2021-09-14T12:56:39+00:00\" \/>\n<meta name=\"twitter:card\" content=\"summary_large_image\" \/>\n<meta name=\"twitter:site\" content=\"@PhileoLesaffre\" \/>\n<script type=\"application\/ld+json\" class=\"yoast-schema-graph\">{\"@context\":\"https:\\\/\\\/schema.org\",\"@graph\":[{\"@type\":\"WebPage\",\"@id\":\"https:\\\/\\\/phileo-lesaffre.com\\\/fr\\\/insectes\\\/amelioration-nutritionnelle-de-la-farine-dinsectes\\\/\",\"url\":\"https:\\\/\\\/phileo-lesaffre.com\\\/fr\\\/insectes\\\/amelioration-nutritionnelle-de-la-farine-dinsectes\\\/\",\"name\":\"Am\u00e9lioration nutritionnelle de la farine d\u2019insecte | Phileo by lesaffre\",\"isPartOf\":{\"@id\":\"https:\\\/\\\/phileo-lesaffre.com\\\/fr\\\/#website\"},\"datePublished\":\"2021-09-07T08:16:00+00:00\",\"dateModified\":\"2021-09-14T12:56:39+00:00\",\"description\":\"Fournir des supports alimentaires et une suppl\u00e9mentation nutritionnelle \u00e0 la mouche soldat noire et au ver du t\u00e9n\u00e9brion meunier influence fortement la composition nutritionnelle de la farine d\u2019insectes.\",\"breadcrumb\":{\"@id\":\"https:\\\/\\\/phileo-lesaffre.com\\\/fr\\\/insectes\\\/amelioration-nutritionnelle-de-la-farine-dinsectes\\\/#breadcrumb\"},\"inLanguage\":\"fr-FR\",\"potentialAction\":[{\"@type\":\"ReadAction\",\"target\":[\"https:\\\/\\\/phileo-lesaffre.com\\\/fr\\\/insectes\\\/amelioration-nutritionnelle-de-la-farine-dinsectes\\\/\"]}]},{\"@type\":\"BreadcrumbList\",\"@id\":\"https:\\\/\\\/phileo-lesaffre.com\\\/fr\\\/insectes\\\/amelioration-nutritionnelle-de-la-farine-dinsectes\\\/#breadcrumb\",\"itemListElement\":[{\"@type\":\"ListItem\",\"position\":1,\"name\":\"Phileo by Lesaffre\",\"item\":\"https:\\\/\\\/phileo-lesaffre.com\\\/fr\\\/\"},{\"@type\":\"ListItem\",\"position\":2,\"name\":\"Insectes\",\"item\":\"https:\\\/\\\/phileo-lesaffre.com\\\/fr\\\/insectes\\\/\"},{\"@type\":\"ListItem\",\"position\":3,\"name\":\"Am\u00e9lioration nutritionnelle de la farine d\u2019insectes\"}]},{\"@type\":\"WebSite\",\"@id\":\"https:\\\/\\\/phileo-lesaffre.com\\\/fr\\\/#website\",\"url\":\"https:\\\/\\\/phileo-lesaffre.com\\\/fr\\\/\",\"name\":\"Phileo by Lesaffre\",\"description\":\"Animal nutrition and health from yeast products\",\"publisher\":{\"@id\":\"https:\\\/\\\/phileo-lesaffre.com\\\/fr\\\/#organization\"},\"potentialAction\":[{\"@type\":\"SearchAction\",\"target\":{\"@type\":\"EntryPoint\",\"urlTemplate\":\"https:\\\/\\\/phileo-lesaffre.com\\\/fr\\\/?s={search_term_string}\"},\"query-input\":{\"@type\":\"PropertyValueSpecification\",\"valueRequired\":true,\"valueName\":\"search_term_string\"}}],\"inLanguage\":\"fr-FR\"},{\"@type\":\"Organization\",\"@id\":\"https:\\\/\\\/phileo-lesaffre.com\\\/fr\\\/#organization\",\"name\":\"Phileo by Lesaffre\",\"url\":\"https:\\\/\\\/phileo-lesaffre.com\\\/fr\\\/\",\"logo\":{\"@type\":\"ImageObject\",\"inLanguage\":\"fr-FR\",\"@id\":\"https:\\\/\\\/phileo-lesaffre.com\\\/fr\\\/#\\\/schema\\\/logo\\\/image\\\/\",\"url\":\"https:\\\/\\\/phileo-lesaffre.com\\\/wp-content\\\/uploads\\\/2019\\\/04\\\/logo-phileo-lesaffre-1.jpg\",\"contentUrl\":\"https:\\\/\\\/phileo-lesaffre.com\\\/wp-content\\\/uploads\\\/2019\\\/04\\\/logo-phileo-lesaffre-1.jpg\",\"width\":500,\"height\":250,\"caption\":\"Phileo by Lesaffre\"},\"image\":{\"@id\":\"https:\\\/\\\/phileo-lesaffre.com\\\/fr\\\/#\\\/schema\\\/logo\\\/image\\\/\"},\"sameAs\":[\"https:\\\/\\\/www.facebook.com\\\/phileo.lesaffre\\\/\",\"https:\\\/\\\/x.com\\\/PhileoLesaffre\",\"https:\\\/\\\/www.linkedin.com\\\/company\\\/phileo\\\/\"]}]}<\/script>\n<!-- \/ Yoast SEO Premium plugin. -->","yoast_head_json":{"title":"Am\u00e9lioration nutritionnelle de la farine d\u2019insecte | Phileo by lesaffre","description":"Fournir des supports alimentaires et une suppl\u00e9mentation nutritionnelle \u00e0 la mouche soldat noire et au ver du t\u00e9n\u00e9brion meunier influence fortement la composition nutritionnelle de la farine d\u2019insectes.","robots":{"index":"index","follow":"follow","max-snippet":"max-snippet:-1","max-image-preview":"max-image-preview:large","max-video-preview":"max-video-preview:-1"},"canonical":"https:\/\/phileo-lesaffre.com\/fr\/insectes\/amelioration-nutritionnelle-de-la-farine-dinsectes\/","og_locale":"fr_FR","og_type":"article","og_title":"Am\u00e9lioration nutritionnelle de la farine d\u2019insectes","og_description":"Am\u00e9lioration nutritionnelle de la farine d\u2019insectes Fournir des supports alimentaires et une suppl\u00e9mentation nutritionnelle \u00e0 la mouche soldat noire et au","og_url":"https:\/\/phileo-lesaffre.com\/fr\/insectes\/amelioration-nutritionnelle-de-la-farine-dinsectes\/","og_site_name":"Phileo by Lesaffre","article_publisher":"https:\/\/www.facebook.com\/phileo.lesaffre\/","article_modified_time":"2021-09-14T12:56:39+00:00","twitter_card":"summary_large_image","twitter_site":"@PhileoLesaffre","schema":{"@context":"https:\/\/schema.org","@graph":[{"@type":"WebPage","@id":"https:\/\/phileo-lesaffre.com\/fr\/insectes\/amelioration-nutritionnelle-de-la-farine-dinsectes\/","url":"https:\/\/phileo-lesaffre.com\/fr\/insectes\/amelioration-nutritionnelle-de-la-farine-dinsectes\/","name":"Am\u00e9lioration nutritionnelle de la farine d\u2019insecte | Phileo by lesaffre","isPartOf":{"@id":"https:\/\/phileo-lesaffre.com\/fr\/#website"},"datePublished":"2021-09-07T08:16:00+00:00","dateModified":"2021-09-14T12:56:39+00:00","description":"Fournir des supports alimentaires et une suppl\u00e9mentation nutritionnelle \u00e0 la mouche soldat noire et au ver du t\u00e9n\u00e9brion meunier influence fortement la composition nutritionnelle de la farine d\u2019insectes.","breadcrumb":{"@id":"https:\/\/phileo-lesaffre.com\/fr\/insectes\/amelioration-nutritionnelle-de-la-farine-dinsectes\/#breadcrumb"},"inLanguage":"fr-FR","potentialAction":[{"@type":"ReadAction","target":["https:\/\/phileo-lesaffre.com\/fr\/insectes\/amelioration-nutritionnelle-de-la-farine-dinsectes\/"]}]},{"@type":"BreadcrumbList","@id":"https:\/\/phileo-lesaffre.com\/fr\/insectes\/amelioration-nutritionnelle-de-la-farine-dinsectes\/#breadcrumb","itemListElement":[{"@type":"ListItem","position":1,"name":"Phileo by Lesaffre","item":"https:\/\/phileo-lesaffre.com\/fr\/"},{"@type":"ListItem","position":2,"name":"Insectes","item":"https:\/\/phileo-lesaffre.com\/fr\/insectes\/"},{"@type":"ListItem","position":3,"name":"Am\u00e9lioration nutritionnelle de la farine d\u2019insectes"}]},{"@type":"WebSite","@id":"https:\/\/phileo-lesaffre.com\/fr\/#website","url":"https:\/\/phileo-lesaffre.com\/fr\/","name":"Phileo by Lesaffre","description":"Animal nutrition and health from yeast products","publisher":{"@id":"https:\/\/phileo-lesaffre.com\/fr\/#organization"},"potentialAction":[{"@type":"SearchAction","target":{"@type":"EntryPoint","urlTemplate":"https:\/\/phileo-lesaffre.com\/fr\/?s={search_term_string}"},"query-input":{"@type":"PropertyValueSpecification","valueRequired":true,"valueName":"search_term_string"}}],"inLanguage":"fr-FR"},{"@type":"Organization","@id":"https:\/\/phileo-lesaffre.com\/fr\/#organization","name":"Phileo by Lesaffre","url":"https:\/\/phileo-lesaffre.com\/fr\/","logo":{"@type":"ImageObject","inLanguage":"fr-FR","@id":"https:\/\/phileo-lesaffre.com\/fr\/#\/schema\/logo\/image\/","url":"https:\/\/phileo-lesaffre.com\/wp-content\/uploads\/2019\/04\/logo-phileo-lesaffre-1.jpg","contentUrl":"https:\/\/phileo-lesaffre.com\/wp-content\/uploads\/2019\/04\/logo-phileo-lesaffre-1.jpg","width":500,"height":250,"caption":"Phileo by Lesaffre"},"image":{"@id":"https:\/\/phileo-lesaffre.com\/fr\/#\/schema\/logo\/image\/"},"sameAs":["https:\/\/www.facebook.com\/phileo.lesaffre\/","https:\/\/x.com\/PhileoLesaffre","https:\/\/www.linkedin.com\/company\/phileo\/"]}]}},"_links":{"self":[{"href":"https:\/\/phileo-lesaffre.com\/fr\/wp-json\/wp\/v2\/pages\/407768","targetHints":{"allow":["GET"]}}],"collection":[{"href":"https:\/\/phileo-lesaffre.com\/fr\/wp-json\/wp\/v2\/pages"}],"about":[{"href":"https:\/\/phileo-lesaffre.com\/fr\/wp-json\/wp\/v2\/types\/page"}],"author":[{"embeddable":true,"href":"https:\/\/phileo-lesaffre.com\/fr\/wp-json\/wp\/v2\/users\/1"}],"replies":[{"embeddable":true,"href":"https:\/\/phileo-lesaffre.com\/fr\/wp-json\/wp\/v2\/comments?post=407768"}],"version-history":[{"count":0,"href":"https:\/\/phileo-lesaffre.com\/fr\/wp-json\/wp\/v2\/pages\/407768\/revisions"}],"up":[{"embeddable":true,"href":"https:\/\/phileo-lesaffre.com\/fr\/wp-json\/wp\/v2\/pages\/407507"}],"wp:attachment":[{"href":"https:\/\/phileo-lesaffre.com\/fr\/wp-json\/wp\/v2\/media?parent=407768"}],"curies":[{"name":"wp","href":"https:\/\/api.w.org\/{rel}","templated":true}]}}