{"id":402065,"date":"2020-11-18T07:49:37","date_gmt":"2020-11-18T06:49:37","guid":{"rendered":"http:\/\/phileo-lesaffre.com\/procreatin-7\/"},"modified":"2023-09-26T17:02:36","modified_gmt":"2023-09-26T15:02:36","slug":"procreatin-7","status":"publish","type":"page","link":"https:\/\/phileo-lesaffre.com\/es\/procreatin-7\/","title":{"rendered":"Procreatin 7"},"content":{"rendered":"<div class=\"wpb-content-wrapper\"><p>[vc_row css_animation=\u00bb\u00a0\u00bb row_type=\u00bbrow\u00a0\u00bb use_row_as_full_screen_section=\u00bbno\u00a0\u00bb type=\u00bbfull_width\u00a0\u00bb angled_section=\u00bbno\u00a0\u00bb text_align=\u00bbleft\u00a0\u00bb background_image_as_pattern=\u00bbwithout_pattern\u00bb] [vc_column] [qode_elements_holder number_of_columns=\u00bbtwo_columns\u00bb] [qode_elements_holder_item vertical_alignment=\u00bbmilieu\u00a0\u00bb horizontal_alignment=\u00bbgauche\u00a0\u00bb advanced_animations=\u00bbnon\u00a0\u00bb item_padding=\u00bb5% 10% 5% 0%\u00bb] [vc_column_text]<\/p>\n<h2 class=\"feed2\"><span style=\"color: #4d4d4c;\">Procr\u00e9atine 7, levadura probi\u00f3tica <em>Saccharomyces cerevisiae<\/em> patentada <\/span><\/h2>\n<p>[\/vc_column_text] [vc_single_image image=\u00bb398042&#8243;65&#215;33\u00a0\u00bb qode_css_animation=\u00bb\u00a0\u00bb css=\u00a0\u00bb.vc_custom_1590613257454{padding-top: 5% !important;padding-bottom: 5% !important;}\u00bb] [vc_column_text css=\u00a0\u00bb.vc_custom_1598876104162{padding-right: 10% !important;}\u00bb] Procreatin 7 es una cepa pura de <em>Saccharomyces cerevisiae<\/em> seleccionada por su desempe\u00f1o sobresaliente en alimentos balanceados. Este producto brinda un alto n\u00famero de c\u00e9lulas de levadura por alimento de harina. Esta cepa est\u00e1 cultivada cuidadosamente para lograr la m\u00e1xima uniformidad y consistencia.<\/p>\n<p>&nbsp;<\/p>\n<p>Procreatin 7 es un levadura probi\u00f3tica completamente natural aprobada para la producci\u00f3n org\u00e1nica de ganado lechero. Procreatin 7 ayuda a que las vacas obtengan m\u00e1s energ\u00eda por cada kilo de alimento que comen. El uso de Procreatin 7 como parte de una dieta balanceada para ganado lechero es una forma econ\u00f3mica de mejorar la eficiencia de la producci\u00f3n de leche y las utilidades en el ambiente de las granjas de hoy en d\u00eda, en el que la sustentabilidad es muy apreciada. [\/vc_column_text] [\/qode_elements_holder_item] [qode_elements_holder_item cover=\u00bbyes\u00a0\u00bb vertical_alignment=\u00bbmiddle\u00a0\u00bb horizontal_alignment=\u00bbleft\u00a0\u00bb advanced_animations=\u00bbno\u00a0\u00bb background_image=\u00bb397211&#8243;] [\/qode_elements_holder_item] [\/qode_elements_holder] [\/vc_column] [\/vc_row] [vc_row css_animation=\u00bb\u00a0\u00bb row_type=\u00bbrow\u00a0\u00bb use_row_as_full_screen_section=\u00bbno\u00a0\u00bb type=\u00bbfull_width\u00a0\u00bb angled_section=\u00bbno\u00a0\u00bb text_align=\u00bbleft\u00a0\u00bb background_image_as_pattern=\u00bbwithout_pattern\u00bb] [vc_column] [qode_elements_holder number_of_columns=\u00bbtwo_columns\u00bb] [qode_elements_holder_item cover=\u00bbyes\u00a0\u00bb vertical_alignment=\u00bbmiddle\u00a0\u00bb horizontal_alignment=\u00bbleft\u00a0\u00bb advanced_animations=\u00bbno\u00a0\u00bb background_image=\u00bb949&#8243;] [\/qode_elements_holder_item] [qode_elements_holder_item vertical_alignment=\u00bbmilieu\u00a0\u00bb horizontal_alignment=\u00bbgauche\u00a0\u00bb advanced_animations=\u00bbnon\u00a0\u00bb item_padding=\u00bb5% 10% 5% 10%\u00a0\u00bb background_color=\u00bb#ad1a22&#8243;] [vc_column_text]<\/p>\n<h2 class=\"feed4\"><span style=\"color: #ffffff;\">Optimizaci\u00f3n de la digesti\u00f3n del ganado lechero<\/span><\/h2>\n<p>[\/vc_column_text] [vc_single_image image=\u00bb397902&#8243;50&#215;25\u00a0\u00bb qode_css_animation=\u00bb\u00a0\u00bb css=\u00a0\u00bb.vc_custom_1591894886108{padding-top: 5% !important;padding-bottom: 5% !important;}\u00bb] [vc_column_text css=\u00a0\u00bb.vc_custom_1598880750949{padding-right: 10% !important;}\u00bb] <span style=\"color: #ffffff;\">Procreatin 7 cuenta con 22 a\u00f1os de historia de ayudar a optimizar la digesti\u00f3n del ganado lechero. La adici\u00f3n de Procreatin 7 a dietas de ganado lechero ayuda a controlar la acidosis, refuerza la digesti\u00f3n de la fibra en dietas altas en almid\u00f3n y aumenta el rendimiento de la grasa l\u00e1ctea. Procreatin 7 funciona de forma diferente que un b\u00fafer ruminal para estabilizar el rumen. Como levadura probi\u00f3tica, disminuye el potencial redox del rumen. Un menor potencial redox del rumen estimula la conversi\u00f3n del \u00e1cido l\u00e1ctico en \u00e1cido propi\u00f3nico. Esta conversi\u00f3n aumentar\u00e1 el pH ruminal. Un pH del rumen m\u00e1s alto significa una mejor digesti\u00f3n de la fibra, as\u00ed como de la prote\u00edna y el almid\u00f3n. Esto resulta en un rumen y una vaca m\u00e1s saludables.<\/span>[\/vc_column_text] [\/qode_elements_holder_item] [\/qode_elements_holder] [\/vc_column] [\/vc_row] [vc_row css_animation=\u00bb\u00a0\u00bb row_type=\u00bbrow\u00a0\u00bb use_row_as_full_screen_section=\u00bbno\u00a0\u00bb type=\u00bbfull_width\u00a0\u00bb angled_section=\u00bbno\u00a0\u00bb text_align=\u00bbleft\u00a0\u00bb background_image_as_pattern=\u00bbwithout_pattern\u00bb] [vc_column] [qode_elements_holder number_of_columns=\u00bbtwo_columns\u00bb] [qode_elements_holder_item vertical_alignment=\u00bbmilieu\u00a0\u00bb horizontal_alignment=\u00bbgauche\u00a0\u00bb advanced_animations=\u00bbnon\u00a0\u00bb item_padding=\u00bb5% 10% 5% 10%\u00a0\u00bb background_color=\u00bb#ad1a22&#8243;] [vc_column_text]<\/p>\n<h2 class=\"feed4\"><span style=\"color: #ffffff;\">Procr\u00e9atine 7<\/span><\/h2>\n<p>[\/vc_column_text] [vc_single_image image=\u00bb397902&#8243;50&#215;25\u00a0\u00bb qode_css_animation=\u00bb\u00a0\u00bb css=\u00a0\u00bb.vc_custom_1591894886108{padding-top: 5% !important;padding-bottom: 5% !important;}\u00bb] [vc_column_text css=\u00a0\u00bb.vc_custom_1598947812575{padding-right: 10% !important;}\u00bb] <span style=\"color: #ffffff;\">Procreatin 7 se seca mediante procesos especiales patentados que mantienen un conteo celular alto. Se analiza cada lote que se produce para garantizar el cumplimiento de las normas microbiol\u00f3gicas, f\u00edsicas y qu\u00edmicas, as\u00ed como la garant\u00eda m\u00ednima de 1.5 x 1010 UFC por gramo de producto. Procreatin 7 estabiliza el rumen, aumenta su pH e impulsa el rendimiento de los componentes de la leche.<br \/>\n<\/span><\/p>\n<p>&nbsp;<\/p>\n<p><span style=\"color: #ffffff;\"><br \/>\n<span style=\"\">Procreatin 7 es estable en premezcla de minerales durante . No est\u00e1 dise\u00f1ado para usarse en minerales o suplementos peletizados. Resiste en alimento en harina y en raci\u00f3n total mezclada (TMR, por sus siglas en ingl\u00e9s).<\/span><\/span>[\/vc_column_text] [\/qode_elements_holder_item] [qode_elements_holder_item cover=\u00bbyes\u00a0\u00bb vertical_alignment=\u00bbmiddle\u00a0\u00bb horizontal_alignment=\u00bbleft\u00a0\u00bb advanced_animations=\u00bbno\u00a0\u00bb background_image=\u00bb397704&#8243;] [\/qode_elements_holder_item] [\/qode_elements_holder] [\/vc_column] [\/vc_row] [vc_row css_animation=\u00bb\u00a0\u00bb row_type=\u00bbrow\u00a0\u00bb use_row_as_full_screen_section=\u00bbyes\u00a0\u00bb type=\u00bbfull_width\u00a0\u00bb angled_section=\u00bbno\u00a0\u00bb text_align=\u00bbleft\u00a0\u00bb background_image_as_pattern=\u00bbwithout_pattern\u00a0\u00bb z_index=\u00bb\u00a0\u00bb css=\u00a0\u00bb.vc_custom_1590613315117{padding-top: 1% !important;padding-bottom: 2% !important;}\u00bb] [vc_column] [vc_column_text]<\/p>\n<h2 class=\"feed2\"><span style=\"color: #4d4d4c;\">Responder a las necesidades<br \/>\nde nuestros clientes<\/span><\/h2>\n<p>[\/vc_column_text] [vc_separator type=\u00bbtransparent\u00a0\u00bb up=\u00bb15\u00a0\u00bb down=\u00bb15&#8243;] [\/vc_column] [\/vc_row] [vc_row css_animation=\u00bb\u00a0\u00bb row_type=\u00bbrow\u00a0\u00bb use_row_as_full_screen_section=\u00bbno\u00a0\u00bb type=\u00bbfull_width\u00a0\u00bb angled_section=\u00bbno\u00a0\u00bb text_align=\u00bbleft\u00a0\u00bb background_image_as_pattern=\u00bbwithout_pattern\u00a0\u00bb z_index=\u00bb\u00a0\u00bb anchor=\u00bbsustainability\u00a0\u00bb css=\u00a0\u00bb.vc_custom_1592253199986{padding-top: 1% !important;padding-bottom: 2% !important;}\u00bb] [vc_column] [qode_elements_holder number_of_columns=\u00bbone_column\u00bb] [qode_elements_holder_item advanced_animations=\u00bbnon\u00bb] [vc_single_image image=\u00bb400722&#8243;full\u00a0\u00bb qode_css_animation=\u00bb\u00a0\u00bb qode_hover_animation=\u00bbzoom_in\u00bb] [\/qode_elements_holder_item] [qode_elements_holder_item advanced_animations=\u00bbnon\u00bb] [vc_column_text]<\/p>\n<h3>Procr\u00e9atine 7<\/h3>\n<p>&nbsp;<\/p>\n<p><strong>Presentaci\u00f3n<\/strong><\/p>\n<ul>\n<li>Saco laminada al vac\u00edo de varias capas de 10 y 25 kg en caja de cart\u00f3n corrugado.<\/li>\n<\/ul>\n<p>&nbsp;<\/p>\n<p><strong>Vida \u00fatil<\/strong><\/p>\n<p>Este producto tiene una vida \u00fatil de dos a\u00f1os si se almacena en un lugar fresco y seco dentro de su empaque original.<\/p>\n<p>&nbsp;<\/p>\n<p><strong>Dosificaci\u00f3n<\/strong><\/p>\n<p>Por favor contacte <em><a href=\"http:\/\/phileo-lesaffre.com\/es\/encuentre-su-contacto-local\/\">aqu\u00ed a los expertos de Phileo<\/a><\/em>[\/vc_column_text][\/qode_elements_holder_item][\/qode_elements_holder][\/vc_column][\/vc_row][vc_row css_animation=\u00bb\u00a0\u00bb row_type=\u00bbrow\u00a0\u00bb use_row_as_full_screen_section=\u00bbno\u00a0\u00bb type=\u00bbfull_width\u00a0\u00bb angled_section=\u00bbno\u00a0\u00bb text_align=\u00bbleft\u00a0\u00bb background_image_as_pattern=\u00bbwithout_pattern\u00bb][vc_column][vc_column_text]<em>No todos los productos est\u00e1n disponibles en todos los mercados, ni se permiten todas las afirmaciones relacionadas con estos en todas las regiones. La informaci\u00f3n brindada en este documento es a nuestro mejor leal saber y entender, verdadera y precisa. Sin embargo, los productos solo se deben usar en cumplimiento de las leyes y reglamentaciones locales; No garantizamos libertad de uso de cada aplicaci\u00f3n o pa\u00eds al que est\u00e1 destinado.<\/em>[\/vc_column_text] [\/vc_column] [\/vc_row]<\/p>\n<\/div>","protected":false},"excerpt":{"rendered":"<p>[vc_row css_animation=\u00bb\u00a0\u00bb row_type=\u00bbrow\u00a0\u00bb use_row_as_full_screen_section=\u00bbno\u00a0\u00bb type=\u00bbfull_width\u00a0\u00bb angled_section=\u00bbno\u00a0\u00bb text_align=\u00bbleft\u00a0\u00bb background_image_as_pattern=\u00bbwithout_pattern\u00bb] [vc_column] [qode_elements_holder number_of_columns=\u00bbtwo_columns\u00bb] [qode_elements_holder_item vertical_alignment=\u00bbmilieu\u00a0\u00bb horizontal_alignment=\u00bbgauche\u00a0\u00bb advanced_animations=\u00bbnon\u00a0\u00bb item_padding=\u00bb5% 10% 5% 0%\u00bb] [vc_column_text] Procr\u00e9atine 7, levadura probi\u00f3tica Saccharomyces cerevisiae patentada [\/vc_column_text] [vc_single_image image=\u00bb398042&#8243;65&#215;33\u00a0\u00bb qode_css_animation=\u00bb\u00a0\u00bb css=\u00a0\u00bb.vc_custom_1590613257454{padding-top: 5% !important;padding-bottom: 5% !important;}\u00bb] [vc_column_text css=\u00a0\u00bb.vc_custom_1598876104162{padding-right: 10% !important;}\u00bb] Procreatin 7 es una cepa&#8230;<\/p>\n","protected":false},"author":1,"featured_media":0,"parent":0,"menu_order":0,"comment_status":"closed","ping_status":"closed","template":"full_width.php","meta":{"footnotes":""},"class_list":["post-402065","page","type-page","status-publish","hentry"],"yoast_head":"<!-- This site is optimized with the Yoast SEO Premium plugin v25.9 (Yoast SEO v27.3) - https:\/\/yoast.com\/product\/yoast-seo-premium-wordpress\/ -->\n<title>Procreatin 7 &#8226; Phileo by Lesaffre<\/title>\n<meta name=\"robots\" content=\"index, follow, max-snippet:-1, max-image-preview:large, max-video-preview:-1\" \/>\n<link rel=\"canonical\" href=\"https:\/\/phileo-lesaffre.com\/es\/procreatin-7\/\" \/>\n<meta property=\"og:locale\" content=\"es_ES\" \/>\n<meta property=\"og:type\" content=\"article\" \/>\n<meta property=\"og:title\" content=\"Procreatin 7\" \/>\n<meta property=\"og:description\" content=\"Procr\u00e9atine 7, levadura probi\u00f3tica Saccharomyces cerevisiae patentada Procreatin 7 es una cepa pura de Saccharomyces cerevisiae seleccionada por su\" \/>\n<meta property=\"og:url\" content=\"https:\/\/phileo-lesaffre.com\/es\/procreatin-7\/\" \/>\n<meta property=\"og:site_name\" content=\"Phileo by Lesaffre\" \/>\n<meta property=\"article:publisher\" content=\"https:\/\/www.facebook.com\/phileo.lesaffre\/\" \/>\n<meta property=\"article:modified_time\" content=\"2023-09-26T15:02:36+00:00\" \/>\n<meta name=\"twitter:card\" content=\"summary_large_image\" \/>\n<meta name=\"twitter:site\" content=\"@PhileoLesaffre\" \/>\n<script type=\"application\/ld+json\" class=\"yoast-schema-graph\">{\"@context\":\"https:\\\/\\\/schema.org\",\"@graph\":[{\"@type\":\"WebPage\",\"@id\":\"https:\\\/\\\/phileo-lesaffre.com\\\/es\\\/procreatin-7\\\/\",\"url\":\"https:\\\/\\\/phileo-lesaffre.com\\\/es\\\/procreatin-7\\\/\",\"name\":\"Procreatin 7 &#8226; Phileo by Lesaffre\",\"isPartOf\":{\"@id\":\"https:\\\/\\\/phileo-lesaffre.com\\\/es\\\/#website\"},\"datePublished\":\"2020-11-18T06:49:37+00:00\",\"dateModified\":\"2023-09-26T15:02:36+00:00\",\"breadcrumb\":{\"@id\":\"https:\\\/\\\/phileo-lesaffre.com\\\/es\\\/procreatin-7\\\/#breadcrumb\"},\"inLanguage\":\"es\",\"potentialAction\":[{\"@type\":\"ReadAction\",\"target\":[\"https:\\\/\\\/phileo-lesaffre.com\\\/es\\\/procreatin-7\\\/\"]}]},{\"@type\":\"BreadcrumbList\",\"@id\":\"https:\\\/\\\/phileo-lesaffre.com\\\/es\\\/procreatin-7\\\/#breadcrumb\",\"itemListElement\":[{\"@type\":\"ListItem\",\"position\":1,\"name\":\"Phileo by Lesaffre\",\"item\":\"https:\\\/\\\/phileo-lesaffre.com\\\/es\\\/\"},{\"@type\":\"ListItem\",\"position\":2,\"name\":\"Procreatin 7\"}]},{\"@type\":\"WebSite\",\"@id\":\"https:\\\/\\\/phileo-lesaffre.com\\\/es\\\/#website\",\"url\":\"https:\\\/\\\/phileo-lesaffre.com\\\/es\\\/\",\"name\":\"Phileo by Lesaffre\",\"description\":\"Animal nutrition and health from yeast products\",\"publisher\":{\"@id\":\"https:\\\/\\\/phileo-lesaffre.com\\\/es\\\/#organization\"},\"potentialAction\":[{\"@type\":\"SearchAction\",\"target\":{\"@type\":\"EntryPoint\",\"urlTemplate\":\"https:\\\/\\\/phileo-lesaffre.com\\\/es\\\/?s={search_term_string}\"},\"query-input\":{\"@type\":\"PropertyValueSpecification\",\"valueRequired\":true,\"valueName\":\"search_term_string\"}}],\"inLanguage\":\"es\"},{\"@type\":\"Organization\",\"@id\":\"https:\\\/\\\/phileo-lesaffre.com\\\/es\\\/#organization\",\"name\":\"Phileo by Lesaffre\",\"url\":\"https:\\\/\\\/phileo-lesaffre.com\\\/es\\\/\",\"logo\":{\"@type\":\"ImageObject\",\"inLanguage\":\"es\",\"@id\":\"https:\\\/\\\/phileo-lesaffre.com\\\/es\\\/#\\\/schema\\\/logo\\\/image\\\/\",\"url\":\"https:\\\/\\\/phileo-lesaffre.com\\\/wp-content\\\/uploads\\\/2019\\\/04\\\/logo-phileo-lesaffre-1.jpg\",\"contentUrl\":\"https:\\\/\\\/phileo-lesaffre.com\\\/wp-content\\\/uploads\\\/2019\\\/04\\\/logo-phileo-lesaffre-1.jpg\",\"width\":500,\"height\":250,\"caption\":\"Phileo by Lesaffre\"},\"image\":{\"@id\":\"https:\\\/\\\/phileo-lesaffre.com\\\/es\\\/#\\\/schema\\\/logo\\\/image\\\/\"},\"sameAs\":[\"https:\\\/\\\/www.facebook.com\\\/phileo.lesaffre\\\/\",\"https:\\\/\\\/x.com\\\/PhileoLesaffre\",\"https:\\\/\\\/www.linkedin.com\\\/company\\\/phileo\\\/\"]}]}<\/script>\n<!-- \/ Yoast SEO Premium plugin. -->","yoast_head_json":{"title":"Procreatin 7 &#8226; Phileo by Lesaffre","robots":{"index":"index","follow":"follow","max-snippet":"max-snippet:-1","max-image-preview":"max-image-preview:large","max-video-preview":"max-video-preview:-1"},"canonical":"https:\/\/phileo-lesaffre.com\/es\/procreatin-7\/","og_locale":"es_ES","og_type":"article","og_title":"Procreatin 7","og_description":"Procr\u00e9atine 7, levadura probi\u00f3tica Saccharomyces cerevisiae patentada Procreatin 7 es una cepa pura de Saccharomyces cerevisiae seleccionada por su","og_url":"https:\/\/phileo-lesaffre.com\/es\/procreatin-7\/","og_site_name":"Phileo by Lesaffre","article_publisher":"https:\/\/www.facebook.com\/phileo.lesaffre\/","article_modified_time":"2023-09-26T15:02:36+00:00","twitter_card":"summary_large_image","twitter_site":"@PhileoLesaffre","schema":{"@context":"https:\/\/schema.org","@graph":[{"@type":"WebPage","@id":"https:\/\/phileo-lesaffre.com\/es\/procreatin-7\/","url":"https:\/\/phileo-lesaffre.com\/es\/procreatin-7\/","name":"Procreatin 7 &#8226; Phileo by Lesaffre","isPartOf":{"@id":"https:\/\/phileo-lesaffre.com\/es\/#website"},"datePublished":"2020-11-18T06:49:37+00:00","dateModified":"2023-09-26T15:02:36+00:00","breadcrumb":{"@id":"https:\/\/phileo-lesaffre.com\/es\/procreatin-7\/#breadcrumb"},"inLanguage":"es","potentialAction":[{"@type":"ReadAction","target":["https:\/\/phileo-lesaffre.com\/es\/procreatin-7\/"]}]},{"@type":"BreadcrumbList","@id":"https:\/\/phileo-lesaffre.com\/es\/procreatin-7\/#breadcrumb","itemListElement":[{"@type":"ListItem","position":1,"name":"Phileo by Lesaffre","item":"https:\/\/phileo-lesaffre.com\/es\/"},{"@type":"ListItem","position":2,"name":"Procreatin 7"}]},{"@type":"WebSite","@id":"https:\/\/phileo-lesaffre.com\/es\/#website","url":"https:\/\/phileo-lesaffre.com\/es\/","name":"Phileo by Lesaffre","description":"Animal nutrition and health from yeast products","publisher":{"@id":"https:\/\/phileo-lesaffre.com\/es\/#organization"},"potentialAction":[{"@type":"SearchAction","target":{"@type":"EntryPoint","urlTemplate":"https:\/\/phileo-lesaffre.com\/es\/?s={search_term_string}"},"query-input":{"@type":"PropertyValueSpecification","valueRequired":true,"valueName":"search_term_string"}}],"inLanguage":"es"},{"@type":"Organization","@id":"https:\/\/phileo-lesaffre.com\/es\/#organization","name":"Phileo by Lesaffre","url":"https:\/\/phileo-lesaffre.com\/es\/","logo":{"@type":"ImageObject","inLanguage":"es","@id":"https:\/\/phileo-lesaffre.com\/es\/#\/schema\/logo\/image\/","url":"https:\/\/phileo-lesaffre.com\/wp-content\/uploads\/2019\/04\/logo-phileo-lesaffre-1.jpg","contentUrl":"https:\/\/phileo-lesaffre.com\/wp-content\/uploads\/2019\/04\/logo-phileo-lesaffre-1.jpg","width":500,"height":250,"caption":"Phileo by Lesaffre"},"image":{"@id":"https:\/\/phileo-lesaffre.com\/es\/#\/schema\/logo\/image\/"},"sameAs":["https:\/\/www.facebook.com\/phileo.lesaffre\/","https:\/\/x.com\/PhileoLesaffre","https:\/\/www.linkedin.com\/company\/phileo\/"]}]}},"_links":{"self":[{"href":"https:\/\/phileo-lesaffre.com\/es\/wp-json\/wp\/v2\/pages\/402065","targetHints":{"allow":["GET"]}}],"collection":[{"href":"https:\/\/phileo-lesaffre.com\/es\/wp-json\/wp\/v2\/pages"}],"about":[{"href":"https:\/\/phileo-lesaffre.com\/es\/wp-json\/wp\/v2\/types\/page"}],"author":[{"embeddable":true,"href":"https:\/\/phileo-lesaffre.com\/es\/wp-json\/wp\/v2\/users\/1"}],"replies":[{"embeddable":true,"href":"https:\/\/phileo-lesaffre.com\/es\/wp-json\/wp\/v2\/comments?post=402065"}],"version-history":[{"count":0,"href":"https:\/\/phileo-lesaffre.com\/es\/wp-json\/wp\/v2\/pages\/402065\/revisions"}],"wp:attachment":[{"href":"https:\/\/phileo-lesaffre.com\/es\/wp-json\/wp\/v2\/media?parent=402065"}],"curies":[{"name":"wp","href":"https:\/\/api.w.org\/{rel}","templated":true}]}}