{"id":402059,"date":"2020-11-18T07:49:17","date_gmt":"2020-11-18T06:49:17","guid":{"rendered":"http:\/\/phileo-lesaffre.com\/aviso-legal\/"},"modified":"2020-11-18T07:49:18","modified_gmt":"2020-11-18T06:49:18","slug":"aviso-legal","status":"publish","type":"page","link":"https:\/\/phileo-lesaffre.com\/es\/aviso-legal\/","title":{"rendered":"Aviso legal"},"content":{"rendered":"<div class=\"wpb-content-wrapper\"><p>[vc_row css_animation=\u00bb\u00bb row_type=\u00bbrow\u00bb use_row_as_full_screen_section=\u00bbno\u00bb type=\u00bbfull_width\u00bb angled_section=\u00bbno\u00bb text_align=\u00bbleft\u00bb background_image_as_pattern=\u00bbwithout_pattern\u00bb css=\u00bb.vc_custom_1595001943689{padding-top: 3% !important;padding-right: 10% !important;padding-bottom: 5% !important;padding-left: 10% !important;}\u00bb z_index=\u00bb\u00bb][vc_column][vc_column_text]<\/p>\n<h2>T\u00c9RMINOS Y CONDICIONES de la p\u00e1gina web Phileo by Lesaffre<\/h2>\n<p>Phileo by Lesaffre presenta esta p\u00e1gina web. Su uso est\u00e1 regido por los t\u00e9rminos y condiciones que se describen de aqu\u00ed en adelante. Al usar esta p\u00e1gina web, usted est\u00e1 de acuerdo en acatar los presentes t\u00e9rminos.<\/p>\n<h5><strong>SI NO EST\u00c1 DE ACUERDO CON LOS T\u00c9RMINOS AQU\u00cd PRESENTADOS, POR FAVOR ABANDONE LA P\u00c1GINA WEB DE INMEDIATO.<\/strong><\/h5>\n<p>&nbsp;<\/p>\n<h3>Informaci\u00f3n legal<\/h3>\n<p>El contenido que se muestra en esta p\u00e1gina web www.phileo-lesaffre.com ha sido creado exclusivamente con la finalidad de brindar informaci\u00f3n sobre Phileo by Lesaffre. No se debe hacer uso comercial de los datos que se muestran en la p\u00e1gina web sin previa autorizaci\u00f3n por escrito de Phileo by Lesaffre, editor de la p\u00e1gina web. El uso de la p\u00e1gina web est\u00e1 regido por los siguientes t\u00e9rminos y condiciones.<\/p>\n<p>&nbsp;<\/p>\n<h3>T\u00e9rminos generales de uso<\/h3>\n<p>El control y administraci\u00f3n de la p\u00e1gina web la lleva a acabo la sede administrativa de Phileo by Lesaffre en Marcq-en-Baroeul, Francia, con lo cual no pretende que el material se adapte o est\u00e9 disponible para su uso en todos los pa\u00edses. Si consulta esta p\u00e1gina web desde otras regiones, es su responsabilidad asegurarse de que cumple con las leyes y reglamentaciones locales.<\/p>\n<p>Phileo by Lesaffre se reserva el derecho de modificar o corregir en cualquier momento el contenido de la p\u00e1gina web, sin previo aviso, adem\u00e1s de los t\u00e9rminos aqu\u00ed presentes. No se le considerar\u00e1 responsable de ninguna probable consecuencia por dichas modificaciones. Si alguna parte de estos t\u00e9rminos se considera inaplicable, dicha parte se interpretar\u00e1 de acuerdo con la ley correspondiente en la medida de lo posible y el resto de disposiciones seguir\u00e1n siendo v\u00e1lidas.<\/p>\n<p>&nbsp;<\/p>\n<h3>Derechos de propiedad intelectual<\/h3>\n<p>La totalidad de la p\u00e1gina web es propiedad de Phileo by Lesaffre, al igual que todos los derechos relacionados. Toda reproducci\u00f3n parcial o total debe estar siempre sujeta a la autorizaci\u00f3n de los propietarios de la p\u00e1gina web.<br \/>\nLa presentaci\u00f3n y el contenido de la p\u00e1gina web constituyen en conjunto un \u00abtrabajo\u00bb protegido por la legislaci\u00f3n correspondiente en lo que respecta a derechos de propiedad intelectual pertenecientes a Phileo by Lesaffre.<\/p>\n<p>&nbsp;<\/p>\n<h3>Copyright<\/h3>\n<p>El texto, im\u00e1genes, dibujos, dise\u00f1o e identidad gr\u00e1fica de esta p\u00e1gina web est\u00e1n protegidos por la legislaci\u00f3n de la propiedad intelectual. Queda estrictamente prohibida la copia, extracci\u00f3n, divulgaci\u00f3n, transmisi\u00f3n o modificaci\u00f3n del contenido de esta p\u00e1gina web con prop\u00f3sitos comerciales. Se autoriza la descarga e impresi\u00f3n de textos, im\u00e1genes y caracter\u00edsticas gr\u00e1ficas para uso privado, con exclusi\u00f3n de todo uso comercial. La reproducci\u00f3n de dibujos, im\u00e1genes, archivos de audio, secuencias de video y textos en otras publicaciones electr\u00f3nicas o impresas est\u00e1 sujeta a previa autorizaci\u00f3n escrita de Phileo by Lesaffre.<\/p>\n<p>&nbsp;<\/p>\n<p><strong>El incumplimiento en la obtenci\u00f3n de dicha autorizaci\u00f3n ser\u00e1 tratado y perseguido como un caso de violaci\u00f3n de los derechos de propiedad intelectual.<\/strong><\/p>\n<p>Phileo by Lesaffre autoriza la descarga de una copia de la informaci\u00f3n a un espacio de almacenamiento temporal estrictamente solo con fines de consulta privada, bajo la condici\u00f3n de que no borre, altere o modifique las p\u00e1ginas o el contenido en cuesti\u00f3n, ni cambie ning\u00fan logotipo de copyright u otro s\u00edmbolo, tales como los s\u00edmbolos relacionados a marcas registradas, reserva de derechos o cualquier otro derecho protegido (s\u00edmbolos de copyright, \u201c\u00a9\u201d o \u201c\u00ae\u201d, etc.), datos de trazabilidad digital o cualquier otro aspecto t\u00e9cnico creado para efectos de reconocimiento.<\/p>\n<p>&nbsp;<\/p>\n<h3>Marcas registradas<\/h3>\n<p>Las marcas registradas y logotipos presentes en esta p\u00e1gina web est\u00e1n registrados y protegidos. Toda reproducci\u00f3n parcial o total de estas marcas registradas o logotipos basada en los elementos presentes en esta p\u00e1gina web sin autorizaci\u00f3n expresa de Phileo by Lesaffre constituye una violaci\u00f3n, castigada por los art\u00edculos L.335-2 y los siguientes del C\u00f3digo de Propiedad Intelectual.<\/p>\n<p>&nbsp;<\/p>\n<h3>Bases de datos<\/h3>\n<p>Las bases de datos creadas por Phileo by Lesaffre est\u00e1n protegidas por la ley de derechos de autor y la del 1 de julio de 1998 que adapta el c\u00f3digo de propiedad intelectual para incorporar la directiva europea del 11 de marzo de 1996 en lo que respecta a la protecci\u00f3n jur\u00eddica de bases de datos. A menos de que se obtenga previa autorizaci\u00f3n por escrito de Phileo by Lesaffre, se proh\u00edbe toda reproducci\u00f3n, representaci\u00f3n, adaptaci\u00f3n, traducci\u00f3n o modificaci\u00f3n (ya sea parcial o total) o transferencia a otra p\u00e1gina web.<\/p>\n<p>&nbsp;<\/p>\n<h3>Impugnaciones<\/h3>\n<p>Con excepci\u00f3n de las disposiciones espec\u00edficas arriba detalladas, no debe interpretarse ning\u00fan aspecto del presente documento como concesi\u00f3n de licencia, derecho, copyright u otro derecho de propiedad intelectual de ning\u00fan tipo. Si, en calidad de propietario de un derecho de propiedad intelectual, piensa que su trabajo ha sido copiado o distribuido injustamente en esta p\u00e1gina web, notif\u00edquelo de inmediato por escrito a Phileo by Lesaffre a la siguiente direcci\u00f3n: Phileo by Lesaffre &#8211;\u00a0137 rue Gabriel P\u00e9ri, 59700 MARCQ-EN-BAROEUL\u00a0\u2013 Francia<\/p>\n<p>&nbsp;<\/p>\n<div>\n<div>\n<div>\n<div>\n<h2>Pol\u00edticas de confidencialidad y de cookies<\/h2>\n<p>La privacidad del usuario es muy importante para Phileo by Lesaffre y ponemos especial cuidado en la manera en que esta p\u00e1gina web trata los datos personales y le permite controlar lo que hace con ellos.<\/p>\n<p>Es probable que no sea perfecto, pero intentamos ser lo m\u00e1s respetuosos posible:<\/p>\n<ul>\n<li>los datos personales recolectados son los m\u00ednimos necesarios para permitirle a la p\u00e1gina web funcionar y brindarle el servicio que usted espera;<\/li>\n<li>esta p\u00e1gina web no cuenta con botones para compartir en redes sociales, para evitar la instalaci\u00f3n de cookies de rastreo;<\/li>\n<li>esta p\u00e1gina web no muestra anuncios para evitar la instalaci\u00f3n de cookies de reasignaci\u00f3n;<\/li>\n<li>esta p\u00e1gina web le brinda a usted la capacidad de aceptar o rechazar (por defecto) el uso de cookies de terceros;<\/li>\n<li>esta p\u00e1gina web cumple con las solicitudes de no hacer seguimiento.<\/li>\n<\/ul>\n<p>Evidentemente, como la informaci\u00f3n del usuario es sagrada para nosotros, Phileo by Lesaffre no la vende o cede a nadie. Es m\u00e1s, esta p\u00e1gina web no toma decisiones o elabora perfiles automatizados con base en la informaci\u00f3n personal.<\/p>\n<p>&nbsp;<\/p>\n<\/div>\n<\/div>\n<\/div>\n<\/div>\n<div>\n<div>\n<div>\n<div>\n<h3>Recolecci\u00f3n de datos<\/h3>\n<p>Esta p\u00e1gina web, as\u00ed como los datos, est\u00e1n almacenados en un servidor Microsoft Azure en Europa.<\/p>\n<\/div>\n<\/div>\n<\/div>\n<\/div>\n<div>\n<div>\n<h4>Comentarios<\/h4>\n<p>De hacer comentarios en esta p\u00e1gina web, se recolectan los datos mostrados en el formulario de comentarios, adem\u00e1s de la direcci\u00f3n IP y la cadena de agente de usuario del navegador para ayudar con la detecci\u00f3n de spam. Podr\u00e1 proporcionarse al servicio Gravatar una cadena an\u00f3nima generada por la direcci\u00f3n de correo electr\u00f3nico (tambi\u00e9n llamada hash) para saber si se est\u00e1 usando. Despu\u00e9s de la aprobaci\u00f3n del comentario, la fotograf\u00eda del perfil ser\u00e1 visible al p\u00fablico en el contexto del comentario.<\/p>\n<\/div>\n<div>\n<div>\n<div>\n<h4>Formulario de contacto<\/h4>\n<p>Al usar el formulario de contacto de esta p\u00e1gina web, se recolectan los datos mostrados en el formulario, as\u00ed como la direcci\u00f3n IP y la cadena de agente de usuario del navegador para ayudar con la detecci\u00f3n de spam.<\/p>\n<\/div>\n<\/div>\n<div>\n<div>\n<h4>Bolet\u00edn<\/h4>\n<p>Al suscribirse al bolet\u00edn de Phileo by Lesaffre, se recolectan la direcci\u00f3n de correo electr\u00f3nico y direcci\u00f3n IP del usuario.<\/p>\n<p><a href=\"https:\/\/twitter.com\/en\/privacy\">Twitter<\/a>,\u00a0<a href=\"https:\/\/www.facebook.com\/full_data_use_policy\">Facebook<\/a> y\u00a0<a href=\"https:\/\/policies.google.com\/privacy\">Google<\/a> son proveedores adicionales de identidad.<\/p>\n<p>&nbsp;<\/p>\n<\/div>\n<\/div>\n<\/div>\n<\/div>\n<h3>Informaci\u00f3n de cookies<\/h3>\n<p>Con la finalidad de mejorar nuestro servicio, medimos el n\u00famero de vistas de las p\u00e1ginas, el n\u00famero de visitas adem\u00e1s de la actividad de los visitantes a nuestra p\u00e1gina web junto con el porcentaje de retorno. Para ello, utilizamos \u00abcookies\u00bb.\u00a0 Las cookies que usa www.phileo-lesaffre.com contienen un identificador \u00fanico generado aleatoriamente, adem\u00e1s de la fecha de su \u00faltima visita.<\/p>\n<div class=\"et_pb_row et_pb_row_5\">\n<div class=\"et_pb_column et_pb_column_4_4 et_pb_column_8 et_pb_css_mix_blend_mode_passthrough et-last-child\">\n<div class=\"et_pb_module et_pb_text et_pb_text_9 et_pb_bg_layout_light et_pb_text_align_left\">\n<div class=\"et_pb_text_inner\">\n<p>Cuando ingresa por primera vez al la p\u00e1gina web, solo se usan las cookies necesarias. Ese ser\u00e1 el caso siempre y cuando no pulse el bot\u00f3n \u00abAcepto\u00bb del banner rojo flotante.\u00a0Adem\u00e1s de las cookies necesarias, en cualquier momento se puede elegir aceptar o rechazar su uso. Para ello, pulse el escudo a la derecha de pie de p\u00e1gina para acceder al <em>Centro de Preferencias de Privacidad<\/em>.<\/p>\n<p>Aqu\u00ed se muestran detalles de las categor\u00edas de cookies que usa esta p\u00e1gina web:<\/p>\n<\/div>\n<\/div>\n<\/div>\n<\/div>\n<div>\n<div>\n<div>\n<div>\n<h4>Cookies necesarias<\/h4>\n<p>El propio WordPress (y PHP) usa cookies. Son obligatorias para el funcionamiento adecuado de la p\u00e1gina web.<\/p>\n<\/div>\n<\/div>\n<div>\n<div>\n<h4>Cookies anal\u00edticas<\/h4>\n<p>Analizamos el tr\u00e1fico y las interacciones del usuario con esta p\u00e1gina web para detectar los posibles problemas, medir la popularidad y adaptar los contenidos. Esto se hace mediante Google Analytics\u00a0y\u00a0Google Tag Manager. Estos servicios usan cookies.<\/p>\n<\/div>\n<\/div>\n<\/div>\n<div>\n<div>\n<div>\n<h4>Cookies de contenido incrustado<\/h4>\n<p>Los art\u00edculos de este sitio pueden incluir contenido incrustado (es decir, videos, tuits, archivos pdf, etc.). El contenido incrustado de otras p\u00e1ginas web se comporta de la misma forma como si el visitante hubiera entrado a la otra p\u00e1gina web.<\/p>\n<p>Dichas p\u00e1ginas web pueden recabar datos del usuario, usar cookies, a\u00f1adir rastreo adicional de terceros y monitorear la interacci\u00f3n con dicho contenido incrustado, lo cual incluye el rastreo de la interacci\u00f3n con el contenido incrustado si se tiene una cuenta y est\u00e1 conectado a esa p\u00e1gina web.<\/p>\n<\/div>\n<\/div>\n<\/div>\n<\/div>\n<p>&nbsp;<\/p>\n<h3>Sus derechos<\/h3>\n<p>Ya que los datos, incluidos los metadatos, se conservan indefinidamente, si el usuario tiene una cuenta en esta p\u00e1gina web o ha dejado comentarios, puede solicitar el env\u00edo de un archivo exportado de los datos personales que tenemos. Tambi\u00e9n puede solicitar que borremos toda informaci\u00f3n personal que tengamos.<\/p>\n<p>Aunque se hace todo para prevenir la fuga de informaci\u00f3n personal, esta p\u00e1gina web no es inmune a errores y hackeos. Si llegara a ocurrir tal caso, se le notificar\u00e1 en un m\u00e1ximo de 72 horas posteriores al descubrimiento de la filtraci\u00f3n de datos por todos los medios que tengamos a nuestra disposici\u00f3n en ese momento.<\/p>\n<p>&nbsp;<\/p>\n<h3>Competencia jur\u00eddica<\/h3>\n<p>En el caso de litigios o controversias, solo se aplicar\u00e1 la legislaci\u00f3n francesa y \u00fanicamente se considerar\u00e1n competentes los tribunales de Lille, Francia.<\/p>\n<p>&nbsp;<\/p>\n<p>\u00a9 2020\u2013 Phileo by Lesaffre \u2013 Todos los derechos reservados.<\/p>\n<p><strong>Gerente de publicaci\u00f3n:\u00a0<\/strong>Ms Cl\u00e9mentine MARIEN<\/p>\n<p><strong>Desarrollo de la p\u00e1gina web:\u00a0<\/strong><a href=\"https:\/\/ovm-communication.fr\" target=\"_blank\" rel=\"noopener noreferrer\">OVM Communication<\/a><\/p>\n<p><strong>Propietario\/editor de la p\u00e1gina web:\u00a0<\/strong>Phileo by Lesaffre &#8211;\u00a0137 rue Gabriel P\u00e9ri, 59700 MARCQ-EN-BAROEUL\u00a0\u2013 Francia[\/vc_column_text][\/vc_column][\/vc_row]<\/p>\n<\/div>","protected":false},"excerpt":{"rendered":"<p>[vc_row css_animation=\u00bb\u00bb row_type=\u00bbrow\u00bb use_row_as_full_screen_section=\u00bbno\u00bb type=\u00bbfull_width\u00bb angled_section=\u00bbno\u00bb text_align=\u00bbleft\u00bb background_image_as_pattern=\u00bbwithout_pattern\u00bb css=\u00bb.vc_custom_1595001943689{padding-top: 3% !important;padding-right: 10% !important;padding-bottom: 5% !important;padding-left: 10% !important;}\u00bb z_index=\u00bb\u00bb][vc_column][vc_column_text] T\u00c9RMINOS Y CONDICIONES de la p\u00e1gina web Phileo by Lesaffre Phileo by Lesaffre presenta esta p\u00e1gina web. Su uso est\u00e1 regido por los t\u00e9rminos y condiciones que&#8230;<\/p>\n","protected":false},"author":1,"featured_media":0,"parent":0,"menu_order":0,"comment_status":"closed","ping_status":"closed","template":"full_width.php","meta":{"footnotes":""},"class_list":["post-402059","page","type-page","status-publish","hentry"],"yoast_head":"<!-- This site is optimized with the Yoast SEO Premium plugin v25.9 (Yoast SEO v27.4) - https:\/\/yoast.com\/product\/yoast-seo-premium-wordpress\/ -->\n<title>Aviso legal &#8226; Phileo by Lesaffre<\/title>\n<meta name=\"robots\" content=\"index, follow, max-snippet:-1, max-image-preview:large, max-video-preview:-1\" \/>\n<link rel=\"canonical\" href=\"https:\/\/phileo-lesaffre.com\/es\/aviso-legal\/\" \/>\n<meta property=\"og:locale\" content=\"es_ES\" \/>\n<meta property=\"og:type\" content=\"article\" \/>\n<meta property=\"og:title\" content=\"Aviso legal\" \/>\n<meta property=\"og:description\" content=\"T\u00c9RMINOS Y CONDICIONES de la p\u00e1gina web Phileo by Lesaffre Phileo by Lesaffre presenta esta p\u00e1gina web. Su uso est\u00e1 regido por los t\u00e9rminos y condiciones\" \/>\n<meta property=\"og:url\" content=\"https:\/\/phileo-lesaffre.com\/es\/aviso-legal\/\" \/>\n<meta property=\"og:site_name\" content=\"Phileo by Lesaffre\" \/>\n<meta property=\"article:publisher\" content=\"https:\/\/www.facebook.com\/phileo.lesaffre\/\" \/>\n<meta property=\"article:modified_time\" content=\"2020-11-18T06:49:18+00:00\" \/>\n<meta name=\"twitter:card\" content=\"summary_large_image\" \/>\n<meta name=\"twitter:site\" content=\"@PhileoLesaffre\" \/>\n<script type=\"application\/ld+json\" class=\"yoast-schema-graph\">{\"@context\":\"https:\\\/\\\/schema.org\",\"@graph\":[{\"@type\":\"WebPage\",\"@id\":\"https:\\\/\\\/phileo-lesaffre.com\\\/es\\\/aviso-legal\\\/\",\"url\":\"https:\\\/\\\/phileo-lesaffre.com\\\/es\\\/aviso-legal\\\/\",\"name\":\"Aviso legal &#8226; Phileo by Lesaffre\",\"isPartOf\":{\"@id\":\"https:\\\/\\\/phileo-lesaffre.com\\\/es\\\/#website\"},\"datePublished\":\"2020-11-18T06:49:17+00:00\",\"dateModified\":\"2020-11-18T06:49:18+00:00\",\"breadcrumb\":{\"@id\":\"https:\\\/\\\/phileo-lesaffre.com\\\/es\\\/aviso-legal\\\/#breadcrumb\"},\"inLanguage\":\"es\",\"potentialAction\":[{\"@type\":\"ReadAction\",\"target\":[\"https:\\\/\\\/phileo-lesaffre.com\\\/es\\\/aviso-legal\\\/\"]}]},{\"@type\":\"BreadcrumbList\",\"@id\":\"https:\\\/\\\/phileo-lesaffre.com\\\/es\\\/aviso-legal\\\/#breadcrumb\",\"itemListElement\":[{\"@type\":\"ListItem\",\"position\":1,\"name\":\"Phileo by Lesaffre\",\"item\":\"https:\\\/\\\/phileo-lesaffre.com\\\/es\\\/\"},{\"@type\":\"ListItem\",\"position\":2,\"name\":\"Aviso legal\"}]},{\"@type\":\"WebSite\",\"@id\":\"https:\\\/\\\/phileo-lesaffre.com\\\/es\\\/#website\",\"url\":\"https:\\\/\\\/phileo-lesaffre.com\\\/es\\\/\",\"name\":\"Phileo by Lesaffre\",\"description\":\"Animal nutrition and health from yeast products\",\"publisher\":{\"@id\":\"https:\\\/\\\/phileo-lesaffre.com\\\/es\\\/#organization\"},\"potentialAction\":[{\"@type\":\"SearchAction\",\"target\":{\"@type\":\"EntryPoint\",\"urlTemplate\":\"https:\\\/\\\/phileo-lesaffre.com\\\/es\\\/?s={search_term_string}\"},\"query-input\":{\"@type\":\"PropertyValueSpecification\",\"valueRequired\":true,\"valueName\":\"search_term_string\"}}],\"inLanguage\":\"es\"},{\"@type\":\"Organization\",\"@id\":\"https:\\\/\\\/phileo-lesaffre.com\\\/es\\\/#organization\",\"name\":\"Phileo by Lesaffre\",\"url\":\"https:\\\/\\\/phileo-lesaffre.com\\\/es\\\/\",\"logo\":{\"@type\":\"ImageObject\",\"inLanguage\":\"es\",\"@id\":\"https:\\\/\\\/phileo-lesaffre.com\\\/es\\\/#\\\/schema\\\/logo\\\/image\\\/\",\"url\":\"https:\\\/\\\/phileo-lesaffre.com\\\/wp-content\\\/uploads\\\/2019\\\/04\\\/logo-phileo-lesaffre-1.jpg\",\"contentUrl\":\"https:\\\/\\\/phileo-lesaffre.com\\\/wp-content\\\/uploads\\\/2019\\\/04\\\/logo-phileo-lesaffre-1.jpg\",\"width\":500,\"height\":250,\"caption\":\"Phileo by Lesaffre\"},\"image\":{\"@id\":\"https:\\\/\\\/phileo-lesaffre.com\\\/es\\\/#\\\/schema\\\/logo\\\/image\\\/\"},\"sameAs\":[\"https:\\\/\\\/www.facebook.com\\\/phileo.lesaffre\\\/\",\"https:\\\/\\\/x.com\\\/PhileoLesaffre\",\"https:\\\/\\\/www.linkedin.com\\\/company\\\/phileo\\\/\"]}]}<\/script>\n<!-- \/ Yoast SEO Premium plugin. -->","yoast_head_json":{"title":"Aviso legal &#8226; Phileo by Lesaffre","robots":{"index":"index","follow":"follow","max-snippet":"max-snippet:-1","max-image-preview":"max-image-preview:large","max-video-preview":"max-video-preview:-1"},"canonical":"https:\/\/phileo-lesaffre.com\/es\/aviso-legal\/","og_locale":"es_ES","og_type":"article","og_title":"Aviso legal","og_description":"T\u00c9RMINOS Y CONDICIONES de la p\u00e1gina web Phileo by Lesaffre Phileo by Lesaffre presenta esta p\u00e1gina web. Su uso est\u00e1 regido por los t\u00e9rminos y condiciones","og_url":"https:\/\/phileo-lesaffre.com\/es\/aviso-legal\/","og_site_name":"Phileo by Lesaffre","article_publisher":"https:\/\/www.facebook.com\/phileo.lesaffre\/","article_modified_time":"2020-11-18T06:49:18+00:00","twitter_card":"summary_large_image","twitter_site":"@PhileoLesaffre","schema":{"@context":"https:\/\/schema.org","@graph":[{"@type":"WebPage","@id":"https:\/\/phileo-lesaffre.com\/es\/aviso-legal\/","url":"https:\/\/phileo-lesaffre.com\/es\/aviso-legal\/","name":"Aviso legal &#8226; Phileo by Lesaffre","isPartOf":{"@id":"https:\/\/phileo-lesaffre.com\/es\/#website"},"datePublished":"2020-11-18T06:49:17+00:00","dateModified":"2020-11-18T06:49:18+00:00","breadcrumb":{"@id":"https:\/\/phileo-lesaffre.com\/es\/aviso-legal\/#breadcrumb"},"inLanguage":"es","potentialAction":[{"@type":"ReadAction","target":["https:\/\/phileo-lesaffre.com\/es\/aviso-legal\/"]}]},{"@type":"BreadcrumbList","@id":"https:\/\/phileo-lesaffre.com\/es\/aviso-legal\/#breadcrumb","itemListElement":[{"@type":"ListItem","position":1,"name":"Phileo by Lesaffre","item":"https:\/\/phileo-lesaffre.com\/es\/"},{"@type":"ListItem","position":2,"name":"Aviso legal"}]},{"@type":"WebSite","@id":"https:\/\/phileo-lesaffre.com\/es\/#website","url":"https:\/\/phileo-lesaffre.com\/es\/","name":"Phileo by Lesaffre","description":"Animal nutrition and health from yeast products","publisher":{"@id":"https:\/\/phileo-lesaffre.com\/es\/#organization"},"potentialAction":[{"@type":"SearchAction","target":{"@type":"EntryPoint","urlTemplate":"https:\/\/phileo-lesaffre.com\/es\/?s={search_term_string}"},"query-input":{"@type":"PropertyValueSpecification","valueRequired":true,"valueName":"search_term_string"}}],"inLanguage":"es"},{"@type":"Organization","@id":"https:\/\/phileo-lesaffre.com\/es\/#organization","name":"Phileo by Lesaffre","url":"https:\/\/phileo-lesaffre.com\/es\/","logo":{"@type":"ImageObject","inLanguage":"es","@id":"https:\/\/phileo-lesaffre.com\/es\/#\/schema\/logo\/image\/","url":"https:\/\/phileo-lesaffre.com\/wp-content\/uploads\/2019\/04\/logo-phileo-lesaffre-1.jpg","contentUrl":"https:\/\/phileo-lesaffre.com\/wp-content\/uploads\/2019\/04\/logo-phileo-lesaffre-1.jpg","width":500,"height":250,"caption":"Phileo by Lesaffre"},"image":{"@id":"https:\/\/phileo-lesaffre.com\/es\/#\/schema\/logo\/image\/"},"sameAs":["https:\/\/www.facebook.com\/phileo.lesaffre\/","https:\/\/x.com\/PhileoLesaffre","https:\/\/www.linkedin.com\/company\/phileo\/"]}]}},"_links":{"self":[{"href":"https:\/\/phileo-lesaffre.com\/es\/wp-json\/wp\/v2\/pages\/402059","targetHints":{"allow":["GET"]}}],"collection":[{"href":"https:\/\/phileo-lesaffre.com\/es\/wp-json\/wp\/v2\/pages"}],"about":[{"href":"https:\/\/phileo-lesaffre.com\/es\/wp-json\/wp\/v2\/types\/page"}],"author":[{"embeddable":true,"href":"https:\/\/phileo-lesaffre.com\/es\/wp-json\/wp\/v2\/users\/1"}],"replies":[{"embeddable":true,"href":"https:\/\/phileo-lesaffre.com\/es\/wp-json\/wp\/v2\/comments?post=402059"}],"version-history":[{"count":0,"href":"https:\/\/phileo-lesaffre.com\/es\/wp-json\/wp\/v2\/pages\/402059\/revisions"}],"wp:attachment":[{"href":"https:\/\/phileo-lesaffre.com\/es\/wp-json\/wp\/v2\/media?parent=402059"}],"curies":[{"name":"wp","href":"https:\/\/api.w.org\/{rel}","templated":true}]}}