{"id":401994,"date":"2020-11-18T07:47:52","date_gmt":"2020-11-18T06:47:52","guid":{"rendered":"http:\/\/phileo-lesaffre.com\/pollos-de-engorde\/inmunomodulacion-y-titulos-de-anticuerpos-en-pollo-de-engorde\/"},"modified":"2020-12-16T08:32:40","modified_gmt":"2020-12-16T07:32:40","slug":"inmunomodulacion-y-titulos-de-anticuerpos-en-pollo-de-engorde","status":"publish","type":"page","link":"https:\/\/phileo-lesaffre.com\/es\/pollos-de-engorde\/inmunomodulacion-y-titulos-de-anticuerpos-en-pollo-de-engorde\/","title":{"rendered":"Inmunomodulaci\u00f3n y t\u00edtulos de anticuerpos en pollo de engorde"},"content":{"rendered":"<div class=\"wpb-content-wrapper\"><p>[vc_row css_animation=\u00bb\u00bb row_type=\u00bbrow\u00bb use_row_as_full_screen_section=\u00bbno\u00bb type=\u00bbfull_width\u00bb angled_section=\u00bbno\u00bb text_align=\u00bbleft\u00bb background_image_as_pattern=\u00bbwithout_pattern\u00bb][vc_column][qode_elements_holder number_of_columns=\u00bbtwo_columns\u00bb][qode_elements_holder_item vertical_alignment=\u00bbmiddle\u00bb horizontal_alignment=\u00bbleft\u00bb advanced_animations=\u00bbno\u00bb item_padding=\u00bb5% 8% 5% 0%\u00bb][vc_column_text]<\/p>\n<h2 class=\"feed2\"><span style=\"color: #4d4d4c;\">Inmunomodulaci\u00f3n y t\u00edtulos de anticuerpos<\/span><\/h2>\n<p>[\/vc_column_text][vc_single_image image=\u00bb398042&#8243; img_size=\u00bb65&#215;33&#8243; qode_css_animation=\u00bb\u00bb css=\u00bb.vc_custom_1590613047306{padding-top: 5% !important;padding-bottom: 5% !important;}\u00bb][vc_column_text css=\u00bb.vc_custom_1596529149707{padding-right: 8% !important;}\u00bb]La prevenci\u00f3n de enfermedades exige un enfoque global para entender la contaminaci\u00f3n de pat\u00f3genos y la aplicaci\u00f3n de procedimientos de limpieza y desinfecci\u00f3n en la granja. La bioseguridad es fundamental.<\/p>\n<p>&nbsp;<\/p>\n<p>Se debe controlar cualquier estr\u00e9s que haga m\u00e1s sensibles a las aves a las enfermedades mediante un buen manejo de la granja. Phileo by Lesaffre ha desarrollado soluciones que complementan los controles existentes, que hace a las aves m\u00e1s resistentes a las enfermedades.<\/p>\n<p>&nbsp;<\/p>\n<p>Safmannan<sup>\u00ae<\/sup>, una fracci\u00f3n de la pared de levaduras premium, rica en mananos y betaglucanos 1.3 y 1.6, ayuda a mantener una buena integridad intestinal que previene la contaminaci\u00f3n de bacterias pat\u00f3genas (como las <em>E.coli<\/em>, <em>Salmonella<\/em> y <em>Clostridium<\/em>). Tambi\u00e9n ayuda a mejorar el funcionamiento del sistema inmunitario y la respuesta a las vacunas de las aves.[\/vc_column_text][vc_single_image image=\u00bb400276&#8243; img_size=\u00bb120&#215;178&#8243; alignment=\u00bbright\u00bb qode_css_animation=\u00bb\u00bb][\/qode_elements_holder_item][qode_elements_holder_item cover=\u00bbyes\u00bb vertical_alignment=\u00bbmiddle\u00bb horizontal_alignment=\u00bbleft\u00bb advanced_animations=\u00bbno\u00bb background_image=\u00bb397730&#8243;][\/qode_elements_holder_item][\/qode_elements_holder][\/vc_column][\/vc_row][vc_row css_animation=\u00bb\u00bb row_type=\u00bbrow\u00bb use_row_as_full_screen_section=\u00bbno\u00bb type=\u00bbfull_width\u00bb angled_section=\u00bbno\u00bb text_align=\u00bbleft\u00bb background_image_as_pattern=\u00bbwithout_pattern\u00bb z_index=\u00bb\u00bb][vc_column][qode_elements_holder number_of_columns=\u00bbtwo_columns\u00bb][qode_elements_holder_item cover=\u00bbyes\u00bb advanced_animations=\u00bbno\u00bb background_image=\u00bb397706&#8243;][\/qode_elements_holder_item][qode_elements_holder_item vertical_alignment=\u00bbmiddle\u00bb horizontal_alignment=\u00bbleft\u00bb advanced_animations=\u00bbno\u00bb item_padding=\u00bb5% 2% 5% 10%\u00bb background_color=\u00bb#e58734&#8243;][vc_column_text]<\/p>\n<h2 class=\"feed4\"><span style=\"color: #ffffff;\">Elevar las barreras del sistema inmunitario innato<\/span><\/h2>\n<p>[\/vc_column_text][vc_single_image image=\u00bb397902&#8243; img_size=\u00bb50&#215;25&#8243; qode_css_animation=\u00bb\u00bb css=\u00bb.vc_custom_1592227932921{padding-top: 5% !important;padding-bottom: 5% !important;}\u00bb][vc_column_text css=\u00bb.vc_custom_1593163068293{padding-right: 10% !important;}\u00bb]<span style=\"color: #ffffff;\">Es posible ayudar a que el sistema inmunitario adaptativo sea m\u00e1s eficaz despu\u00e9s de la vacunaci\u00f3n. Esta reacci\u00f3n espec\u00edfica est\u00e1 relacionada con una no espec\u00edfica, la llamada inmunidad innata.<\/span><\/p>\n<p>&nbsp;<\/p>\n<p><span style=\"color: #ffffff;\">La primera l\u00ednea de defensa se compone de barreras f\u00edsicas (piel, epitelio, zona de oclusi\u00f3n, moco de las c\u00e9lulas epiteliales, vibraci\u00f3n de los cilios de la tr\u00e1quea, peristaltismo del intestino), barreras qu\u00edmicas (\u00e1cidos grasos, lisozima, acidez del pH proventricular, p\u00e9ptidos antibacterianos) y barreras microbiol\u00f3gicas.<\/span><\/p>\n<p>&nbsp;<\/p>\n<p><span style=\"color: #ffffff;\">La segunda l\u00ednea de defensa se compone de fagocitos, capaces de eliminar las bacterias opsonizadas por el sistema complementario y los mastocitos, capaces de \u00abdespertar\u00bb al sistema inmunitario en el momento de una infecci\u00f3n. Finalmente, est\u00e1 compuesta de linfocitos citol\u00edticos naturales, capaces de eliminar directamente a las c\u00e9lulas infectadas con virus o tumorales.<\/span>[\/vc_column_text][\/qode_elements_holder_item][\/qode_elements_holder][\/vc_column][\/vc_row][vc_row css_animation=\u00bb\u00bb row_type=\u00bbrow\u00bb use_row_as_full_screen_section=\u00bbno\u00bb type=\u00bbfull_width\u00bb angled_section=\u00bbno\u00bb text_align=\u00bbleft\u00bb background_image_as_pattern=\u00bbwithout_pattern\u00bb css=\u00bb.vc_custom_1592234497567{background-color: #ffffff !important;}\u00bb z_index=\u00bb\u00bb][vc_column][qode_elements_holder number_of_columns=\u00bbtwo_columns\u00bb][qode_elements_holder_item vertical_alignment=\u00bbmiddle\u00bb horizontal_alignment=\u00bbleft\u00bb advanced_animations=\u00bbno\u00bb item_padding=\u00bb5% 10% 5% 5%\u00bb background_color=\u00bb#706f6f\u00bb][vc_column_text]<\/p>\n<h2 class=\"feed4\"><span style=\"color: #ffffff;\">Preservaci\u00f3n de una buena integridad intestinal<\/span><\/h2>\n<p>[\/vc_column_text][vc_single_image image=\u00bb397902&#8243; img_size=\u00bb50&#215;25&#8243; qode_css_animation=\u00bb\u00bb css=\u00bb.vc_custom_1592232787710{padding-top: 5% !important;padding-bottom: 5% !important;}\u00bb][vc_column_text]<span style=\"color: #ffffff;\">Ya que el 70 % de la capacidad del sistema inmunitario de las aves se localiza en el tracto digestivo, es importante preservar una buena integridad intestinal. Debe controlarse la inflamaci\u00f3n intestinal cr\u00f3nica ocasionada por el alto consumo de alimento de las razas av\u00edcolas modernas. Safmannan puede ayudar a que el sistema inmunitario innato est\u00e9 mejor preparado contra una infecci\u00f3n. Esto se consigue mediante los siguientes modos de acci\u00f3n:<\/span><\/p>\n<p>&nbsp;<\/p>\n<p><span style=\"color: #ffffff;\">\u2022 Secuestro de pat\u00f3genos<br \/>\n\u2022 Mayo n\u00famero de c\u00e9lulas caliciformes<br \/>\n\u2022 Modulaci\u00f3n de la inflamaci\u00f3n<br \/>\n<\/span>[\/vc_column_text][\/qode_elements_holder_item][qode_elements_holder_item cover=\u00bbyes\u00bb advanced_animations=\u00bbno\u00bb background_image=\u00bb396525&#8243;][vc_separator type=\u00bbtransparent\u00bb up=\u00bb200&#8243; down=\u00bb200&#8243;][\/qode_elements_holder_item][\/qode_elements_holder][\/vc_column][\/vc_row][vc_row css_animation=\u00bb\u00bb row_type=\u00bbrow\u00bb use_row_as_full_screen_section=\u00bbno\u00bb type=\u00bbfull_width\u00bb angled_section=\u00bbno\u00bb text_align=\u00bbleft\u00bb background_image_as_pattern=\u00bbwithout_pattern\u00bb z_index=\u00bb\u00bb][vc_column][qode_elements_holder number_of_columns=\u00bbtwo_columns\u00bb][qode_elements_holder_item advanced_animations=\u00bbno\u00bb][vc_single_image image=\u00bb404451&#8243; img_size=\u00bbfull\u00bb onclick=\u00bblink_image\u00bb qode_css_animation=\u00bb\u00bb qode_hover_animation=\u00bbzoom_in\u00bb][\/qode_elements_holder_item][qode_elements_holder_item vertical_alignment=\u00bbmiddle\u00bb horizontal_alignment=\u00bbleft\u00bb advanced_animations=\u00bbno\u00bb item_padding=\u00bb5% 2% 5% 10%\u00bb background_color=\u00bb#e58734&#8243;][vc_column_text]<\/p>\n<h2 class=\"feed4\"><span style=\"color: #ffffff;\">Efectos de Safmannan<sup>\u00ae<\/sup> en la modulaci\u00f3n del sistema inmunitario<\/span><\/h2>\n<p>[\/vc_column_text][vc_single_image image=\u00bb397902&#8243; img_size=\u00bb50&#215;25&#8243; qode_css_animation=\u00bb\u00bb css=\u00bb.vc_custom_1592232787710{padding-top: 5% !important;padding-bottom: 5% !important;}\u00bb][vc_column_text]<span style=\"color: #ffffff;\">Varios estudios de campo de investigaci\u00f3n y desarrollo demostraron estos efectos, despu\u00e9s de varias vacunas diferentes, como la de la enfermedad de Newcastle o influenza aviar (H5 o H9). En este estudio, se vacunaron pollos de engorde de 10 d\u00edas de edad con una vacuna viva de la enfermedad de Newcastle y se les administr\u00f3 un alimento suplementado con Safmannan<sup>\u00ae<\/sup> o un alimento control. Se tomaron muestras de sangre 1 y 2 semanas posteriores a la vacunaci\u00f3n y se analizaron mediante una prueba de inhibici\u00f3n de la hemoaglutinaci\u00f3n (IH). Dos semanas despu\u00e9s, la respuesta vacunal en el grupo suministrado con Safmannan<sup>\u00ae<\/sup> fue significativamente m\u00e1s alta que en el grupo control.<\/span>[\/vc_column_text][\/qode_elements_holder_item][\/qode_elements_holder][\/vc_column][\/vc_row][vc_row css_animation=\u00bb\u00bb row_type=\u00bbrow\u00bb use_row_as_full_screen_section=\u00bbno\u00bb type=\u00bbfull_width\u00bb angled_section=\u00bbno\u00bb text_align=\u00bbleft\u00bb background_image_as_pattern=\u00bbwithout_pattern\u00bb z_index=\u00bb\u00bb][vc_column][qode_elements_holder number_of_columns=\u00bbtwo_columns\u00bb][qode_elements_holder_item vertical_alignment=\u00bbmiddle\u00bb horizontal_alignment=\u00bbleft\u00bb advanced_animations=\u00bbno\u00bb item_padding=\u00bb5% 2% 5% 10%\u00bb background_color=\u00bb#706f6f\u00bb][vc_column_text]<\/p>\n<h2 class=\"feed4\"><span style=\"color: #ffffff;\">Efectos de Safglucan<sup>\u00ae<\/sup> en la inmunidad entrenada<\/span><\/h2>\n<p>[\/vc_column_text][vc_single_image image=\u00bb397902&#8243; img_size=\u00bb50&#215;25&#8243; qode_css_animation=\u00bb\u00bb css=\u00bb.vc_custom_1592232787710{padding-top: 5% !important;padding-bottom: 5% !important;}\u00bb][vc_column_text]<span style=\"color: #ffffff;\">Phileo by Lesaffre tambi\u00e9n desarroll\u00f3 una soluci\u00f3n llamada Safglucan\u00ae, en el que se purifican y separan los betaglucanos 1.3 y 1.6 de las fracciones de mananos, para lograr m\u00e1s del 50 % de la composici\u00f3n del producto. Su actividad est\u00e1 dirigida al sistema inmunitario, mientras que Safmannan<sup>\u00ae<\/sup> tiene un efecto m\u00e1s amplio.<br \/>\nDiferentes estudios <em>in vivo<\/em> han demostrado los efectos ben\u00e9ficos de Safglucan<sup>\u00ae<\/sup> para mejorar la respuesta vacunal.<\/span><\/p>\n<p>&nbsp;<\/p>\n<p><span style=\"color: #ffffff;\"><br \/>\nEn este estudio, se uso Safglucan<sup>\u00ae<\/sup> a 125 g\/t para demostrar su efecto despu\u00e9s vacunar contra la enfermedad de Newcastle, con una vacuna inactivada, inyectada a los 12 y 24 d\u00edas de edad. La respuesta vacunal es m\u00e1s r\u00e1pida y m\u00e1s fuerte en comparaci\u00f3n con el grupo control vacunado.<\/span>[\/vc_column_text][\/qode_elements_holder_item][qode_elements_holder_item advanced_animations=\u00bbno\u00bb][vc_single_image image=\u00bb404455&#8243; img_size=\u00bbfull\u00bb onclick=\u00bblink_image\u00bb qode_css_animation=\u00bb\u00bb qode_hover_animation=\u00bbzoom_in\u00bb][\/qode_elements_holder_item][\/qode_elements_holder][vc_separator type=\u00bbtransparent\u00bb][\/vc_column][\/vc_row][vc_row css_animation=\u00bb\u00bb row_type=\u00bbrow\u00bb use_row_as_full_screen_section=\u00bbyes\u00bb type=\u00bbfull_width\u00bb angled_section=\u00bbno\u00bb text_align=\u00bbleft\u00bb background_image_as_pattern=\u00bbwithout_pattern\u00bb z_index=\u00bb\u00bb][vc_column][vc_separator type=\u00bbtransparent\u00bb up=\u00bb10&#8243; down=\u00bb10&#8243;][vc_column_text css=\u00bb.vc_custom_1593402547571{padding-top: 2% !important;padding-bottom: 2% !important;}\u00bb]<\/p>\n<h2 class=\"feed3\"><span style=\"color: #4d4d4c;\">Descubra m\u00e1s sobre el manejo de pollos de engorde<\/span><\/h2>\n<p>[\/vc_column_text][vc_separator type=\u00bbtransparent\u00bb up=\u00bb5&#8243; down=\u00bb5&#8243;][\/vc_column][vc_column width=\u00bb1\/5&#8243;][vc_single_image image=\u00bb403256&#8243; img_size=\u00bbfull\u00bb alignment=\u00bbcenter\u00bb onclick=\u00bbcustom_link\u00bb qode_css_animation=\u00bb\u00bb qode_hover_animation=\u00bbzoom_in\u00bb css=\u00bb.vc_custom_1606378812774{padding-top: 5% !important;padding-bottom: 5% !important;}\u00bb link=\u00bb\/es\/pollos-de-engorde\/manejo-de-la-salud-intestinal-en-pollos-de-engorde\/\u00bb][\/vc_column][vc_column width=\u00bb1\/5&#8243;][vc_single_image image=\u00bb403260&#8243; img_size=\u00bbfull\u00bb alignment=\u00bbcenter\u00bb onclick=\u00bbcustom_link\u00bb qode_css_animation=\u00bb\u00bb qode_hover_animation=\u00bbzoom_in\u00bb css=\u00bb.vc_custom_1606378834910{padding-top: 5% !important;padding-bottom: 5% !important;}\u00bb link=\u00bb\/es\/pollos-de-engorde\/reduccion-de-antibioticos-en-pollo-de-engorde\/\u00bb][\/vc_column][vc_column width=\u00bb1\/5&#8243;][vc_single_image image=\u00bb403240&#8243; img_size=\u00bbfull\u00bb alignment=\u00bbcenter\u00bb onclick=\u00bbcustom_link\u00bb qode_css_animation=\u00bb\u00bb qode_hover_animation=\u00bbzoom_in\u00bb css=\u00bb.vc_custom_1606378864701{padding-top: 5% !important;padding-bottom: 5% !important;}\u00bb link=\u00bb\/es\/pollos-de-engorde\/control-de-salmonella-en-pollos-de-engorde\/\u00bb][\/vc_column][vc_column width=\u00bb1\/5&#8243;][vc_single_image image=\u00bb403244&#8243; img_size=\u00bbfull\u00bb alignment=\u00bbcenter\u00bb onclick=\u00bbcustom_link\u00bb qode_css_animation=\u00bb\u00bb qode_hover_animation=\u00bbzoom_in\u00bb css=\u00bb.vc_custom_1606378948172{padding-top: 5% !important;padding-bottom: 5% !important;}\u00bb link=\u00bb\/es\/pollos-de-engorde\/estres-oxidativo-en-pollo-de-engorde\/\u00bb][\/vc_column][vc_column width=\u00bb1\/5&#8243;][vc_single_image image=\u00bb403248&#8243; img_size=\u00bbfull\u00bb alignment=\u00bbcenter\u00bb onclick=\u00bbcustom_link\u00bb qode_css_animation=\u00bb\u00bb qode_hover_animation=\u00bbzoom_in\u00bb css=\u00bb.vc_custom_1606378968052{padding-top: 5% !important;padding-bottom: 5% !important;}\u00bb link=\u00bb\/es\/pollos-de-engorde\/estres-por-calor-en-pollo-de-engorde\/\u00bb][\/vc_column][\/vc_row]<\/p>\n<\/div>","protected":false},"excerpt":{"rendered":"<p>[vc_row css_animation=\u00bb\u00bb row_type=\u00bbrow\u00bb use_row_as_full_screen_section=\u00bbno\u00bb type=\u00bbfull_width\u00bb angled_section=\u00bbno\u00bb text_align=\u00bbleft\u00bb background_image_as_pattern=\u00bbwithout_pattern\u00bb][vc_column][qode_elements_holder number_of_columns=\u00bbtwo_columns\u00bb][qode_elements_holder_item vertical_alignment=\u00bbmiddle\u00bb horizontal_alignment=\u00bbleft\u00bb advanced_animations=\u00bbno\u00bb item_padding=\u00bb5% 8% 5% 0%\u00bb][vc_column_text] Inmunomodulaci\u00f3n y t\u00edtulos de anticuerpos [\/vc_column_text][vc_single_image image=\u00bb398042&#8243; img_size=\u00bb65&#215;33&#8243; qode_css_animation=\u00bb\u00bb css=\u00bb.vc_custom_1590613047306{padding-top: 5% !important;padding-bottom: 5% !important;}\u00bb][vc_column_text css=\u00bb.vc_custom_1596529149707{padding-right: 8% !important;}\u00bb]La prevenci\u00f3n de enfermedades exige un enfoque global para entender la contaminaci\u00f3n de&#8230;<\/p>\n","protected":false},"author":1,"featured_media":0,"parent":401383,"menu_order":0,"comment_status":"closed","ping_status":"closed","template":"full_width.php","meta":{"footnotes":""},"class_list":["post-401994","page","type-page","status-publish","hentry"],"yoast_head":"<!-- This site is optimized with the Yoast SEO Premium plugin v25.9 (Yoast SEO v27.3) - https:\/\/yoast.com\/product\/yoast-seo-premium-wordpress\/ -->\n<title>Inmunomodulaci\u00f3n y t\u00edtulos de anticuerpos en pollo de engorde &#8226; Phileo by Lesaffre<\/title>\n<meta name=\"robots\" content=\"index, follow, max-snippet:-1, max-image-preview:large, max-video-preview:-1\" \/>\n<link rel=\"canonical\" href=\"https:\/\/phileo-lesaffre.com\/es\/pollos-de-engorde\/inmunomodulacion-y-titulos-de-anticuerpos-en-pollo-de-engorde\/\" \/>\n<meta property=\"og:locale\" content=\"es_ES\" \/>\n<meta property=\"og:type\" content=\"article\" \/>\n<meta property=\"og:title\" content=\"Inmunomodulaci\u00f3n y t\u00edtulos de anticuerpos en pollo de engorde\" \/>\n<meta property=\"og:description\" content=\"Inmunomodulaci\u00f3n y t\u00edtulos de anticuerpos La prevenci\u00f3n de enfermedades exige un enfoque global para entender la contaminaci\u00f3n de pat\u00f3genos y la\" \/>\n<meta property=\"og:url\" content=\"https:\/\/phileo-lesaffre.com\/es\/pollos-de-engorde\/inmunomodulacion-y-titulos-de-anticuerpos-en-pollo-de-engorde\/\" \/>\n<meta property=\"og:site_name\" content=\"Phileo by Lesaffre\" \/>\n<meta property=\"article:publisher\" content=\"https:\/\/www.facebook.com\/phileo.lesaffre\/\" \/>\n<meta property=\"article:modified_time\" content=\"2020-12-16T07:32:40+00:00\" \/>\n<meta name=\"twitter:card\" content=\"summary_large_image\" \/>\n<meta name=\"twitter:site\" content=\"@PhileoLesaffre\" \/>\n<script type=\"application\/ld+json\" class=\"yoast-schema-graph\">{\"@context\":\"https:\\\/\\\/schema.org\",\"@graph\":[{\"@type\":\"WebPage\",\"@id\":\"https:\\\/\\\/phileo-lesaffre.com\\\/es\\\/pollos-de-engorde\\\/inmunomodulacion-y-titulos-de-anticuerpos-en-pollo-de-engorde\\\/\",\"url\":\"https:\\\/\\\/phileo-lesaffre.com\\\/es\\\/pollos-de-engorde\\\/inmunomodulacion-y-titulos-de-anticuerpos-en-pollo-de-engorde\\\/\",\"name\":\"Inmunomodulaci\u00f3n y t\u00edtulos de anticuerpos en pollo de engorde &#8226; Phileo by Lesaffre\",\"isPartOf\":{\"@id\":\"https:\\\/\\\/phileo-lesaffre.com\\\/es\\\/#website\"},\"datePublished\":\"2020-11-18T06:47:52+00:00\",\"dateModified\":\"2020-12-16T07:32:40+00:00\",\"breadcrumb\":{\"@id\":\"https:\\\/\\\/phileo-lesaffre.com\\\/es\\\/pollos-de-engorde\\\/inmunomodulacion-y-titulos-de-anticuerpos-en-pollo-de-engorde\\\/#breadcrumb\"},\"inLanguage\":\"es\",\"potentialAction\":[{\"@type\":\"ReadAction\",\"target\":[\"https:\\\/\\\/phileo-lesaffre.com\\\/es\\\/pollos-de-engorde\\\/inmunomodulacion-y-titulos-de-anticuerpos-en-pollo-de-engorde\\\/\"]}]},{\"@type\":\"BreadcrumbList\",\"@id\":\"https:\\\/\\\/phileo-lesaffre.com\\\/es\\\/pollos-de-engorde\\\/inmunomodulacion-y-titulos-de-anticuerpos-en-pollo-de-engorde\\\/#breadcrumb\",\"itemListElement\":[{\"@type\":\"ListItem\",\"position\":1,\"name\":\"Phileo by Lesaffre\",\"item\":\"https:\\\/\\\/phileo-lesaffre.com\\\/es\\\/\"},{\"@type\":\"ListItem\",\"position\":2,\"name\":\"Pollos de engorde\",\"item\":\"https:\\\/\\\/phileo-lesaffre.com\\\/es\\\/pollos-de-engorde\\\/\"},{\"@type\":\"ListItem\",\"position\":3,\"name\":\"Inmunomodulaci\u00f3n y t\u00edtulos de anticuerpos en pollo de engorde\"}]},{\"@type\":\"WebSite\",\"@id\":\"https:\\\/\\\/phileo-lesaffre.com\\\/es\\\/#website\",\"url\":\"https:\\\/\\\/phileo-lesaffre.com\\\/es\\\/\",\"name\":\"Phileo by Lesaffre\",\"description\":\"Animal nutrition and health from yeast products\",\"publisher\":{\"@id\":\"https:\\\/\\\/phileo-lesaffre.com\\\/es\\\/#organization\"},\"potentialAction\":[{\"@type\":\"SearchAction\",\"target\":{\"@type\":\"EntryPoint\",\"urlTemplate\":\"https:\\\/\\\/phileo-lesaffre.com\\\/es\\\/?s={search_term_string}\"},\"query-input\":{\"@type\":\"PropertyValueSpecification\",\"valueRequired\":true,\"valueName\":\"search_term_string\"}}],\"inLanguage\":\"es\"},{\"@type\":\"Organization\",\"@id\":\"https:\\\/\\\/phileo-lesaffre.com\\\/es\\\/#organization\",\"name\":\"Phileo by Lesaffre\",\"url\":\"https:\\\/\\\/phileo-lesaffre.com\\\/es\\\/\",\"logo\":{\"@type\":\"ImageObject\",\"inLanguage\":\"es\",\"@id\":\"https:\\\/\\\/phileo-lesaffre.com\\\/es\\\/#\\\/schema\\\/logo\\\/image\\\/\",\"url\":\"https:\\\/\\\/phileo-lesaffre.com\\\/wp-content\\\/uploads\\\/2019\\\/04\\\/logo-phileo-lesaffre-1.jpg\",\"contentUrl\":\"https:\\\/\\\/phileo-lesaffre.com\\\/wp-content\\\/uploads\\\/2019\\\/04\\\/logo-phileo-lesaffre-1.jpg\",\"width\":500,\"height\":250,\"caption\":\"Phileo by Lesaffre\"},\"image\":{\"@id\":\"https:\\\/\\\/phileo-lesaffre.com\\\/es\\\/#\\\/schema\\\/logo\\\/image\\\/\"},\"sameAs\":[\"https:\\\/\\\/www.facebook.com\\\/phileo.lesaffre\\\/\",\"https:\\\/\\\/x.com\\\/PhileoLesaffre\",\"https:\\\/\\\/www.linkedin.com\\\/company\\\/phileo\\\/\"]}]}<\/script>\n<!-- \/ Yoast SEO Premium plugin. -->","yoast_head_json":{"title":"Inmunomodulaci\u00f3n y t\u00edtulos de anticuerpos en pollo de engorde &#8226; Phileo by Lesaffre","robots":{"index":"index","follow":"follow","max-snippet":"max-snippet:-1","max-image-preview":"max-image-preview:large","max-video-preview":"max-video-preview:-1"},"canonical":"https:\/\/phileo-lesaffre.com\/es\/pollos-de-engorde\/inmunomodulacion-y-titulos-de-anticuerpos-en-pollo-de-engorde\/","og_locale":"es_ES","og_type":"article","og_title":"Inmunomodulaci\u00f3n y t\u00edtulos de anticuerpos en pollo de engorde","og_description":"Inmunomodulaci\u00f3n y t\u00edtulos de anticuerpos La prevenci\u00f3n de enfermedades exige un enfoque global para entender la contaminaci\u00f3n de pat\u00f3genos y la","og_url":"https:\/\/phileo-lesaffre.com\/es\/pollos-de-engorde\/inmunomodulacion-y-titulos-de-anticuerpos-en-pollo-de-engorde\/","og_site_name":"Phileo by Lesaffre","article_publisher":"https:\/\/www.facebook.com\/phileo.lesaffre\/","article_modified_time":"2020-12-16T07:32:40+00:00","twitter_card":"summary_large_image","twitter_site":"@PhileoLesaffre","schema":{"@context":"https:\/\/schema.org","@graph":[{"@type":"WebPage","@id":"https:\/\/phileo-lesaffre.com\/es\/pollos-de-engorde\/inmunomodulacion-y-titulos-de-anticuerpos-en-pollo-de-engorde\/","url":"https:\/\/phileo-lesaffre.com\/es\/pollos-de-engorde\/inmunomodulacion-y-titulos-de-anticuerpos-en-pollo-de-engorde\/","name":"Inmunomodulaci\u00f3n y t\u00edtulos de anticuerpos en pollo de engorde &#8226; Phileo by Lesaffre","isPartOf":{"@id":"https:\/\/phileo-lesaffre.com\/es\/#website"},"datePublished":"2020-11-18T06:47:52+00:00","dateModified":"2020-12-16T07:32:40+00:00","breadcrumb":{"@id":"https:\/\/phileo-lesaffre.com\/es\/pollos-de-engorde\/inmunomodulacion-y-titulos-de-anticuerpos-en-pollo-de-engorde\/#breadcrumb"},"inLanguage":"es","potentialAction":[{"@type":"ReadAction","target":["https:\/\/phileo-lesaffre.com\/es\/pollos-de-engorde\/inmunomodulacion-y-titulos-de-anticuerpos-en-pollo-de-engorde\/"]}]},{"@type":"BreadcrumbList","@id":"https:\/\/phileo-lesaffre.com\/es\/pollos-de-engorde\/inmunomodulacion-y-titulos-de-anticuerpos-en-pollo-de-engorde\/#breadcrumb","itemListElement":[{"@type":"ListItem","position":1,"name":"Phileo by Lesaffre","item":"https:\/\/phileo-lesaffre.com\/es\/"},{"@type":"ListItem","position":2,"name":"Pollos de engorde","item":"https:\/\/phileo-lesaffre.com\/es\/pollos-de-engorde\/"},{"@type":"ListItem","position":3,"name":"Inmunomodulaci\u00f3n y t\u00edtulos de anticuerpos en pollo de engorde"}]},{"@type":"WebSite","@id":"https:\/\/phileo-lesaffre.com\/es\/#website","url":"https:\/\/phileo-lesaffre.com\/es\/","name":"Phileo by Lesaffre","description":"Animal nutrition and health from yeast products","publisher":{"@id":"https:\/\/phileo-lesaffre.com\/es\/#organization"},"potentialAction":[{"@type":"SearchAction","target":{"@type":"EntryPoint","urlTemplate":"https:\/\/phileo-lesaffre.com\/es\/?s={search_term_string}"},"query-input":{"@type":"PropertyValueSpecification","valueRequired":true,"valueName":"search_term_string"}}],"inLanguage":"es"},{"@type":"Organization","@id":"https:\/\/phileo-lesaffre.com\/es\/#organization","name":"Phileo by Lesaffre","url":"https:\/\/phileo-lesaffre.com\/es\/","logo":{"@type":"ImageObject","inLanguage":"es","@id":"https:\/\/phileo-lesaffre.com\/es\/#\/schema\/logo\/image\/","url":"https:\/\/phileo-lesaffre.com\/wp-content\/uploads\/2019\/04\/logo-phileo-lesaffre-1.jpg","contentUrl":"https:\/\/phileo-lesaffre.com\/wp-content\/uploads\/2019\/04\/logo-phileo-lesaffre-1.jpg","width":500,"height":250,"caption":"Phileo by Lesaffre"},"image":{"@id":"https:\/\/phileo-lesaffre.com\/es\/#\/schema\/logo\/image\/"},"sameAs":["https:\/\/www.facebook.com\/phileo.lesaffre\/","https:\/\/x.com\/PhileoLesaffre","https:\/\/www.linkedin.com\/company\/phileo\/"]}]}},"_links":{"self":[{"href":"https:\/\/phileo-lesaffre.com\/es\/wp-json\/wp\/v2\/pages\/401994","targetHints":{"allow":["GET"]}}],"collection":[{"href":"https:\/\/phileo-lesaffre.com\/es\/wp-json\/wp\/v2\/pages"}],"about":[{"href":"https:\/\/phileo-lesaffre.com\/es\/wp-json\/wp\/v2\/types\/page"}],"author":[{"embeddable":true,"href":"https:\/\/phileo-lesaffre.com\/es\/wp-json\/wp\/v2\/users\/1"}],"replies":[{"embeddable":true,"href":"https:\/\/phileo-lesaffre.com\/es\/wp-json\/wp\/v2\/comments?post=401994"}],"version-history":[{"count":0,"href":"https:\/\/phileo-lesaffre.com\/es\/wp-json\/wp\/v2\/pages\/401994\/revisions"}],"up":[{"embeddable":true,"href":"https:\/\/phileo-lesaffre.com\/es\/wp-json\/wp\/v2\/pages\/401383"}],"wp:attachment":[{"href":"https:\/\/phileo-lesaffre.com\/es\/wp-json\/wp\/v2\/media?parent=401994"}],"curies":[{"name":"wp","href":"https:\/\/api.w.org\/{rel}","templated":true}]}}