{"id":401976,"date":"2020-11-18T07:47:26","date_gmt":"2020-11-18T06:47:26","guid":{"rendered":"http:\/\/phileo-lesaffre.com\/pollos-de-engorde\/estres-oxidativo-en-pollo-de-engorde\/"},"modified":"2020-12-16T08:36:17","modified_gmt":"2020-12-16T07:36:17","slug":"estres-oxidativo-en-pollo-de-engorde","status":"publish","type":"page","link":"https:\/\/phileo-lesaffre.com\/es\/pollos-de-engorde\/estres-oxidativo-en-pollo-de-engorde\/","title":{"rendered":"Estr\u00e9s oxidativo en pollo de engorde"},"content":{"rendered":"<div class=\"wpb-content-wrapper\"><p>[vc_row css_animation=\u00bb\u00bb row_type=\u00bbrow\u00bb use_row_as_full_screen_section=\u00bbno\u00bb type=\u00bbfull_width\u00bb angled_section=\u00bbno\u00bb text_align=\u00bbleft\u00bb background_image_as_pattern=\u00bbwithout_pattern\u00bb][vc_column][qode_elements_holder number_of_columns=\u00bbtwo_columns\u00bb custom_class=\u00bbtete\u00bb][qode_elements_holder_item vertical_alignment=\u00bbmiddle\u00bb horizontal_alignment=\u00bbleft\u00bb advanced_animations=\u00bbno\u00bb item_padding=\u00bb5% 8% 5% 0%\u00bb][vc_column_text]<\/p>\n<h2 class=\"feed2\"><span style=\"color: #4d4d4c;\">Manejo del estr\u00e9s oxidativo en el pollo de engorde<\/span><\/h2>\n<p>[\/vc_column_text][vc_single_image image=\u00bb398042&#8243; img_size=\u00bb65&#215;33&#8243; qode_css_animation=\u00bb\u00bb css=\u00bb.vc_custom_1590613047306{padding-top: 5% !important;padding-bottom: 5% !important;}\u00bb][vc_column_text css=\u00bb.vc_custom_1592905976920{padding-right: 8% !important;}\u00bb]Las pr\u00e1cticas de producci\u00f3n actuales, que implican altas densidades de poblaci\u00f3n, gen\u00e9tica de alta producci\u00f3n, destete temprano y temperaturas calientes o fr\u00edas descontroladas, imponen un estr\u00e9s acumulado en los animales.<\/p>\n<p>&nbsp;<\/p>\n<p>Las altas concentraciones de estresantes oxidativos pueden comprometer el sistema inmunitario y reproductivo de las aves, lo que reduce la calidad de producci\u00f3n de carne y huevo. Para reducir el impacto del estr\u00e9s oxidativo, a menudo se suplementa el alimento para animales con antioxidantes y micronutrientes.<\/p>\n<p>&nbsp;<\/p>\n<p>[\/vc_column_text][vc_single_image image=\u00bb400276&#8243; img_size=\u00bb120&#215;178&#8243; alignment=\u00bbright\u00bb qode_css_animation=\u00bb\u00bb][\/qode_elements_holder_item][qode_elements_holder_item cover=\u00bbyes\u00bb vertical_alignment=\u00bbmiddle\u00bb horizontal_alignment=\u00bbleft\u00bb advanced_animations=\u00bbno\u00bb background_image=\u00bb396341&#8243;][\/qode_elements_holder_item][\/qode_elements_holder][\/vc_column][\/vc_row][vc_row css_animation=\u00bb\u00bb row_type=\u00bbrow\u00bb use_row_as_full_screen_section=\u00bbno\u00bb type=\u00bbfull_width\u00bb angled_section=\u00bbno\u00bb text_align=\u00bbleft\u00bb background_image_as_pattern=\u00bbwithout_pattern\u00bb z_index=\u00bb\u00bb][vc_column][vc_separator type=\u00bbnormal\u00bb color=\u00bbrgba(255,255,255,0.01)\u00bb][qode_elements_holder number_of_columns=\u00bbtwo_columns\u00bb][qode_elements_holder_item vertical_alignment=\u00bbmiddle\u00bb horizontal_alignment=\u00bbleft\u00bb advanced_animations=\u00bbno\u00bb item_padding=\u00bb5% 2% 5% 10%\u00bb background_color=\u00bb#e58734&#8243;][vc_column_text]<\/p>\n<h2 class=\"feed4\"><span style=\"color: #ffffff;\">Estimulaci\u00f3n de las defensas antioxidantes<\/span><\/h2>\n<p>[\/vc_column_text][vc_single_image image=\u00bb397902&#8243; img_size=\u00bb50&#215;25&#8243; qode_css_animation=\u00bb\u00bb css=\u00bb.vc_custom_1592227932921{padding-top: 5% !important;padding-bottom: 5% !important;}\u00bb][vc_column_text css=\u00bb.vc_custom_1592906001721{padding-right: 10% !important;}\u00bb]<span style=\"color: #ffffff;\">La suplementaci\u00f3n del alimento con selenio ha demostrado mejorar el estado de la salud de los animales al estimular sus defensas antioxidantes, a trav\u00e9s de selenoenzimas como la glutati\u00f3n peroxidasa (GPx). Esto mejora su funci\u00f3n inmunitaria y reproductiva al mismo tiempo que aumenta el desempe\u00f1o zoot\u00e9cnico y la calidad de los productos finales, como la carne y los huevos. La suplementaci\u00f3n con selenio de fuentes org\u00e1nicas produce una mejor asimilaci\u00f3n de este mineral en las prote\u00ednas animales. El selenio asimilado puede funcionar como reserva para los animales en momentos de estr\u00e9s extremo.<\/span><\/p>\n<p>&nbsp;<\/p>\n<p><span style=\"color: #ffffff;\">Phileo by Lesaffre ha desarrollado una levadura enriquecida con selenio, a partir de una cepa de levadura patentada (CNCM I-3399), para generar productos finales consistentes los cuales tienen 2\/3 de selenometionina (SeMET) y 1\/3 de selenociste\u00edna (SeCYS) m\u00e1s otros componentes activos del selenio.<\/span>[\/vc_column_text][\/qode_elements_holder_item][qode_elements_holder_item advanced_animations=\u00bbno\u00bb][vc_single_image image=\u00bb404473&#8243; img_size=\u00bbfull\u00bb onclick=\u00bblink_image\u00bb qode_css_animation=\u00bb\u00bb qode_hover_animation=\u00bbzoom_in\u00bb][\/qode_elements_holder_item][\/qode_elements_holder][\/vc_column][\/vc_row][vc_row css_animation=\u00bb\u00bb row_type=\u00bbrow\u00bb use_row_as_full_screen_section=\u00bbno\u00bb type=\u00bbfull_width\u00bb angled_section=\u00bbno\u00bb text_align=\u00bbleft\u00bb background_image_as_pattern=\u00bbwithout_pattern\u00bb css=\u00bb.vc_custom_1592234497567{background-color: #ffffff !important;}\u00bb z_index=\u00bb\u00bb][vc_column][qode_elements_holder number_of_columns=\u00bbtwo_columns\u00bb][qode_elements_holder_item advanced_animations=\u00bbno\u00bb][vc_single_image image=\u00bb404477&#8243; img_size=\u00bbfull\u00bb onclick=\u00bblink_image\u00bb qode_css_animation=\u00bb\u00bb qode_hover_animation=\u00bbzoom_in\u00bb][\/qode_elements_holder_item][qode_elements_holder_item vertical_alignment=\u00bbmiddle\u00bb horizontal_alignment=\u00bbleft\u00bb advanced_animations=\u00bbno\u00bb item_padding=\u00bb5% 10% 5% 5%\u00bb background_color=\u00bb#706f6f\u00bb][vc_column_text]<\/p>\n<h2 class=\"feed4\"><span style=\"color: #ffffff;\">Selsaf<sup>\u00ae<\/sup>\u00a0mejora el estado antioxidante<\/span><\/h2>\n<p>[\/vc_column_text][vc_single_image image=\u00bb397902&#8243; img_size=\u00bb50&#215;25&#8243; qode_css_animation=\u00bb\u00bb css=\u00bb.vc_custom_1592232787710{padding-top: 5% !important;padding-bottom: 5% !important;}\u00bb][vc_column_text]<span style=\"color: #ffffff;\">El selenito de sodio (SS) est\u00e1 directamente relacionado con el proceso antioxidante, raz\u00f3n por la cual el grupo con SS tuvo una alta actividad de la enzima GPx en la sangre. Sin embargo, Selsaf<sup>\u00ae<\/sup> ayud\u00f3 a conseguir la misma actividad que el SS y fue significativamente mejor que otras levaduras con selenio comerciales.<\/span>[\/vc_column_text][\/qode_elements_holder_item][\/qode_elements_holder][\/vc_column][\/vc_row][vc_row css_animation=\u00bb\u00bb row_type=\u00bbrow\u00bb use_row_as_full_screen_section=\u00bbno\u00bb type=\u00bbfull_width\u00bb angled_section=\u00bbno\u00bb text_align=\u00bbleft\u00bb background_image_as_pattern=\u00bbwithout_pattern\u00bb z_index=\u00bb\u00bb][vc_column][qode_elements_holder number_of_columns=\u00bbtwo_columns\u00bb][qode_elements_holder_item vertical_alignment=\u00bbmiddle\u00bb horizontal_alignment=\u00bbleft\u00bb advanced_animations=\u00bbno\u00bb item_padding=\u00bb5% 2% 5% 10%\u00bb background_color=\u00bb#e58734&#8243;][vc_column_text]<\/p>\n<h2 class=\"feed4\"><span style=\"color: #ffffff;\">Selsaf<sup>\u00ae<\/sup> permite mejores desempe\u00f1os en la producci\u00f3n de pollo de engorde<\/span><\/h2>\n<p>[\/vc_column_text][vc_single_image image=\u00bb397902&#8243; img_size=\u00bb50&#215;25&#8243; qode_css_animation=\u00bb\u00bb css=\u00bb.vc_custom_1592232787710{padding-top: 5% !important;padding-bottom: 5% !important;}\u00bb][vc_column_text]<span style=\"color: #ffffff;\">Gracias a Selsaf<sup>\u00ae<\/sup>, el pollo de engorde logra un mejor estado de salud. Un estudio en pollo de engorde realizado en la Rep\u00fablica Checa de 42 d\u00edas compar\u00f3 diferentes fuentes de selenio. Consisti\u00f3 en un grupo con selenito de sodio, 2 grupos con fuentes distintas de SeMET sint\u00e9ticos y un grupo con Selsaf<sup>\u00ae<\/sup>. A todos los grupos se les suplement\u00f3 con selenio a 0.2 ppm.<\/span><\/p>\n<p>&nbsp;<\/p>\n<p><span style=\"color: #ffffff;\"><br \/>\nA los 42 d\u00edas, el grupo Selsaf<sup>\u00ae<\/sup> tuvo un peso corporal significativamente m\u00e1s alto y una conversi\u00f3n alimenticia num\u00e9ricamente mejor.<\/span>[\/vc_column_text][\/qode_elements_holder_item][qode_elements_holder_item advanced_animations=\u00bbno\u00bb][vc_single_image image=\u00bb404482&#8243; img_size=\u00bbfull\u00bb onclick=\u00bblink_image\u00bb qode_css_animation=\u00bb\u00bb qode_hover_animation=\u00bbzoom_in\u00bb][\/qode_elements_holder_item][\/qode_elements_holder][\/vc_column][\/vc_row][vc_row css_animation=\u00bb\u00bb row_type=\u00bbrow\u00bb use_row_as_full_screen_section=\u00bbno\u00bb type=\u00bbfull_width\u00bb angled_section=\u00bbno\u00bb text_align=\u00bbleft\u00bb background_image_as_pattern=\u00bbwithout_pattern\u00bb z_index=\u00bb\u00bb][vc_column][qode_elements_holder number_of_columns=\u00bbtwo_columns\u00bb][qode_elements_holder_item advanced_animations=\u00bbno\u00bb][vc_single_image image=\u00bb404486&#8243; img_size=\u00bbfull\u00bb onclick=\u00bblink_image\u00bb qode_css_animation=\u00bb\u00bb qode_hover_animation=\u00bbzoom_in\u00bb][\/qode_elements_holder_item][qode_elements_holder_item vertical_alignment=\u00bbmiddle\u00bb horizontal_alignment=\u00bbleft\u00bb advanced_animations=\u00bbno\u00bb item_padding=\u00bb5% 2% 5% 10%\u00bb background_color=\u00bb#706f6f\u00bb][vc_column_text]<\/p>\n<h2 class=\"feed4\"><span style=\"color: #ffffff;\">Mejoramiento de la calidad de la carne<\/span><\/h2>\n<p>[\/vc_column_text][vc_single_image image=\u00bb397902&#8243; img_size=\u00bb50&#215;25&#8243; qode_css_animation=\u00bb\u00bb css=\u00bb.vc_custom_1592232787710{padding-top: 5% !important;padding-bottom: 5% !important;}\u00bb][vc_column_text]<span style=\"color: #ffffff;\">Gracias a un mejor estado antioxidante en los m\u00fasculos, Selsaf<sup>\u00ae<\/sup> refuerza la calidad de la carne al mejorar la terneza. En comparaci\u00f3n con otras fuentes de SeMET sint\u00e9ticas, Selsaf<sup>\u00ae<\/sup> reduce tambi\u00e9n la p\u00e9rdida por goteo durante el almacenamiento.<\/span>[\/vc_column_text][\/qode_elements_holder_item][\/qode_elements_holder][\/vc_column][\/vc_row][vc_row css_animation=\u00bb\u00bb row_type=\u00bbrow\u00bb use_row_as_full_screen_section=\u00bbno\u00bb type=\u00bbfull_width\u00bb angled_section=\u00bbno\u00bb text_align=\u00bbleft\u00bb background_image_as_pattern=\u00bbwithout_pattern\u00bb z_index=\u00bb\u00bb][vc_column][qode_elements_holder number_of_columns=\u00bbtwo_columns\u00bb][qode_elements_holder_item horizontal_alignment=\u00bbleft\u00bb advanced_animations=\u00bbno\u00bb background_color=\u00bb#39a9dc\u00bb item_padding=\u00bb5% 10% 5% 10%\u00bb][vc_column_text]<\/p>\n<h2 class=\"feed4\"><span style=\"color: #ffffff;\">Llene este formulario para recibir la gu\u00eda<\/span><\/h2>\n<p>[\/vc_column_text][vc_separator type=\u00bbtransparent\u00bb up=\u00bb10&#8243; down=\u00bb10&#8243;][vc_raw_html]PGZvcm0gaWQ9ImZvc3MtNWYyOTU2MzNkNTljYmMxNDkxODg0YWQwIj48L2Zvcm0+PHNjcmlwdCBhc3luYyBzcmM9J2h0dHBzOi8vYXBpLnBsZXppLmNvL2FwaS92MS93ZWJfZm9ybXMvc2NyaXB0cz90ZW5hbnRfaWQ9NWVjNTQ0OGU1NDA2N2E0NTlkYmE1Y2U1JmZvcm1faWQ9NWVjNTQ0OTA1NDA2N2E0NTlkYmE1ZDdjJmZvcm1fdmVyc2lvbj0zJmNvbnRlbnRfd2ViX2Zvcm1faWQ9NWYyOTU2MzNkNTljYmMxNDkxODg0YWQwJnBsel9sYW5nPWVuJz48L3NjcmlwdD4=[\/vc_raw_html][\/qode_elements_holder_item][qode_elements_holder_item vertical_alignment=\u00bbmiddle\u00bb horizontal_alignment=\u00bbleft\u00bb advanced_animations=\u00bbno\u00bb item_padding=\u00bb5% 10% 5% 10%\u00bb][vc_column_text]<\/p>\n<h2 class=\"feed2\"><span style=\"color: #4d4d4c;\">Descargue la Gu\u00eda T\u00e9cnica para m\u00e1s informaci\u00f3n sobre Selsaf<sup>\u00ae<\/sup>3000<\/span><\/h2>\n<p>[\/vc_column_text][vc_separator type=\u00bbtransparent\u00bb up=\u00bb10&#8243; down=\u00bb10&#8243;][vc_single_image image=\u00bb398018&#8243; img_size=\u00bbfull\u00bb qode_css_animation=\u00bb\u00bb][\/qode_elements_holder_item][\/qode_elements_holder][\/vc_column][\/vc_row][vc_row css_animation=\u00bb\u00bb row_type=\u00bbrow\u00bb use_row_as_full_screen_section=\u00bbyes\u00bb type=\u00bbfull_width\u00bb angled_section=\u00bbno\u00bb text_align=\u00bbleft\u00bb background_image_as_pattern=\u00bbwithout_pattern\u00bb z_index=\u00bb\u00bb][vc_column][vc_separator type=\u00bbtransparent\u00bb up=\u00bb10&#8243; down=\u00bb10&#8243;][vc_column_text css=\u00bb.vc_custom_1593402547571{padding-top: 2% !important;padding-bottom: 2% !important;}\u00bb]<\/p>\n<h2 class=\"feed3\"><span style=\"color: #4d4d4c;\">Descubra m\u00e1s sobre el manejo de pollos de engorde<\/span><\/h2>\n<p>[\/vc_column_text][vc_separator type=\u00bbtransparent\u00bb up=\u00bb5&#8243; down=\u00bb5&#8243;][\/vc_column][vc_column width=\u00bb1\/5&#8243;][vc_single_image image=\u00bb403256&#8243; img_size=\u00bbfull\u00bb alignment=\u00bbcenter\u00bb onclick=\u00bbcustom_link\u00bb qode_css_animation=\u00bb\u00bb qode_hover_animation=\u00bbzoom_in\u00bb css=\u00bb.vc_custom_1606378812774{padding-top: 5% !important;padding-bottom: 5% !important;}\u00bb link=\u00bb\/es\/pollos-de-engorde\/manejo-de-la-salud-intestinal-en-pollos-de-engorde\/\u00bb][\/vc_column][vc_column width=\u00bb1\/5&#8243;][vc_single_image image=\u00bb403260&#8243; img_size=\u00bbfull\u00bb alignment=\u00bbcenter\u00bb onclick=\u00bbcustom_link\u00bb qode_css_animation=\u00bb\u00bb qode_hover_animation=\u00bbzoom_in\u00bb css=\u00bb.vc_custom_1606378834910{padding-top: 5% !important;padding-bottom: 5% !important;}\u00bb link=\u00bb\/es\/pollos-de-engorde\/reduccion-de-antibioticos-en-pollo-de-engorde\/\u00bb][\/vc_column][vc_column width=\u00bb1\/5&#8243;][vc_single_image image=\u00bb403240&#8243; img_size=\u00bbfull\u00bb alignment=\u00bbcenter\u00bb onclick=\u00bbcustom_link\u00bb qode_css_animation=\u00bb\u00bb qode_hover_animation=\u00bbzoom_in\u00bb css=\u00bb.vc_custom_1606378864701{padding-top: 5% !important;padding-bottom: 5% !important;}\u00bb link=\u00bb\/es\/pollos-de-engorde\/control-de-salmonella-en-pollos-de-engorde\/\u00bb][\/vc_column][vc_column width=\u00bb1\/5&#8243;][vc_single_image image=\u00bb403252&#8243; img_size=\u00bbfull\u00bb alignment=\u00bbcenter\u00bb onclick=\u00bbcustom_link\u00bb qode_css_animation=\u00bb\u00bb qode_hover_animation=\u00bbzoom_in\u00bb css=\u00bb.vc_custom_1606378886254{padding-top: 5% !important;padding-bottom: 5% !important;}\u00bb link=\u00bb\/es\/pollos-de-engorde\/inmunomodulacion-y-titulos-de-anticuerpos-en-pollo-de-engorde\/\u00bb][\/vc_column][vc_column width=\u00bb1\/5&#8243;][vc_single_image image=\u00bb403248&#8243; img_size=\u00bbfull\u00bb alignment=\u00bbcenter\u00bb onclick=\u00bbcustom_link\u00bb qode_css_animation=\u00bb\u00bb qode_hover_animation=\u00bbzoom_in\u00bb css=\u00bb.vc_custom_1606378968052{padding-top: 5% !important;padding-bottom: 5% !important;}\u00bb link=\u00bb\/es\/pollos-de-engorde\/estres-por-calor-en-pollo-de-engorde\/\u00bb][\/vc_column][\/vc_row]<\/p>\n<\/div>","protected":false},"excerpt":{"rendered":"<p>[vc_row css_animation=\u00bb\u00bb row_type=\u00bbrow\u00bb use_row_as_full_screen_section=\u00bbno\u00bb type=\u00bbfull_width\u00bb angled_section=\u00bbno\u00bb text_align=\u00bbleft\u00bb background_image_as_pattern=\u00bbwithout_pattern\u00bb][vc_column][qode_elements_holder number_of_columns=\u00bbtwo_columns\u00bb custom_class=\u00bbtete\u00bb][qode_elements_holder_item vertical_alignment=\u00bbmiddle\u00bb horizontal_alignment=\u00bbleft\u00bb advanced_animations=\u00bbno\u00bb item_padding=\u00bb5% 8% 5% 0%\u00bb][vc_column_text] Manejo del estr\u00e9s oxidativo en el pollo de engorde [\/vc_column_text][vc_single_image image=\u00bb398042&#8243; img_size=\u00bb65&#215;33&#8243; qode_css_animation=\u00bb\u00bb css=\u00bb.vc_custom_1590613047306{padding-top: 5% !important;padding-bottom: 5% !important;}\u00bb][vc_column_text css=\u00bb.vc_custom_1592905976920{padding-right: 8% !important;}\u00bb]Las pr\u00e1cticas de producci\u00f3n actuales, que implican altas&#8230;<\/p>\n","protected":false},"author":1,"featured_media":0,"parent":401383,"menu_order":0,"comment_status":"closed","ping_status":"closed","template":"full_width.php","meta":{"footnotes":""},"class_list":["post-401976","page","type-page","status-publish","hentry"],"yoast_head":"<!-- This site is optimized with the Yoast SEO Premium plugin v25.9 (Yoast SEO v27.3) - https:\/\/yoast.com\/product\/yoast-seo-premium-wordpress\/ -->\n<title>Estr\u00e9s oxidativo en pollo de engorde &#8226; Phileo by Lesaffre<\/title>\n<meta name=\"robots\" content=\"index, follow, max-snippet:-1, max-image-preview:large, max-video-preview:-1\" \/>\n<link rel=\"canonical\" href=\"https:\/\/phileo-lesaffre.com\/es\/pollos-de-engorde\/estres-oxidativo-en-pollo-de-engorde\/\" \/>\n<meta property=\"og:locale\" content=\"es_ES\" \/>\n<meta property=\"og:type\" content=\"article\" \/>\n<meta property=\"og:title\" content=\"Estr\u00e9s oxidativo en pollo de engorde\" \/>\n<meta property=\"og:description\" content=\"Manejo del estr\u00e9s oxidativo en el pollo de engorde Las pr\u00e1cticas de producci\u00f3n actuales, que implican altas densidades de poblaci\u00f3n, gen\u00e9tica de alta\" \/>\n<meta property=\"og:url\" content=\"https:\/\/phileo-lesaffre.com\/es\/pollos-de-engorde\/estres-oxidativo-en-pollo-de-engorde\/\" \/>\n<meta property=\"og:site_name\" content=\"Phileo by Lesaffre\" \/>\n<meta property=\"article:publisher\" content=\"https:\/\/www.facebook.com\/phileo.lesaffre\/\" \/>\n<meta property=\"article:modified_time\" content=\"2020-12-16T07:36:17+00:00\" \/>\n<meta name=\"twitter:card\" content=\"summary_large_image\" \/>\n<meta name=\"twitter:site\" content=\"@PhileoLesaffre\" \/>\n<script type=\"application\/ld+json\" class=\"yoast-schema-graph\">{\"@context\":\"https:\\\/\\\/schema.org\",\"@graph\":[{\"@type\":\"WebPage\",\"@id\":\"https:\\\/\\\/phileo-lesaffre.com\\\/es\\\/pollos-de-engorde\\\/estres-oxidativo-en-pollo-de-engorde\\\/\",\"url\":\"https:\\\/\\\/phileo-lesaffre.com\\\/es\\\/pollos-de-engorde\\\/estres-oxidativo-en-pollo-de-engorde\\\/\",\"name\":\"Estr\u00e9s oxidativo en pollo de engorde &#8226; Phileo by Lesaffre\",\"isPartOf\":{\"@id\":\"https:\\\/\\\/phileo-lesaffre.com\\\/es\\\/#website\"},\"datePublished\":\"2020-11-18T06:47:26+00:00\",\"dateModified\":\"2020-12-16T07:36:17+00:00\",\"breadcrumb\":{\"@id\":\"https:\\\/\\\/phileo-lesaffre.com\\\/es\\\/pollos-de-engorde\\\/estres-oxidativo-en-pollo-de-engorde\\\/#breadcrumb\"},\"inLanguage\":\"es\",\"potentialAction\":[{\"@type\":\"ReadAction\",\"target\":[\"https:\\\/\\\/phileo-lesaffre.com\\\/es\\\/pollos-de-engorde\\\/estres-oxidativo-en-pollo-de-engorde\\\/\"]}]},{\"@type\":\"BreadcrumbList\",\"@id\":\"https:\\\/\\\/phileo-lesaffre.com\\\/es\\\/pollos-de-engorde\\\/estres-oxidativo-en-pollo-de-engorde\\\/#breadcrumb\",\"itemListElement\":[{\"@type\":\"ListItem\",\"position\":1,\"name\":\"Phileo by Lesaffre\",\"item\":\"https:\\\/\\\/phileo-lesaffre.com\\\/es\\\/\"},{\"@type\":\"ListItem\",\"position\":2,\"name\":\"Pollos de engorde\",\"item\":\"https:\\\/\\\/phileo-lesaffre.com\\\/es\\\/pollos-de-engorde\\\/\"},{\"@type\":\"ListItem\",\"position\":3,\"name\":\"Estr\u00e9s oxidativo en pollo de engorde\"}]},{\"@type\":\"WebSite\",\"@id\":\"https:\\\/\\\/phileo-lesaffre.com\\\/es\\\/#website\",\"url\":\"https:\\\/\\\/phileo-lesaffre.com\\\/es\\\/\",\"name\":\"Phileo by Lesaffre\",\"description\":\"Animal nutrition and health from yeast products\",\"publisher\":{\"@id\":\"https:\\\/\\\/phileo-lesaffre.com\\\/es\\\/#organization\"},\"potentialAction\":[{\"@type\":\"SearchAction\",\"target\":{\"@type\":\"EntryPoint\",\"urlTemplate\":\"https:\\\/\\\/phileo-lesaffre.com\\\/es\\\/?s={search_term_string}\"},\"query-input\":{\"@type\":\"PropertyValueSpecification\",\"valueRequired\":true,\"valueName\":\"search_term_string\"}}],\"inLanguage\":\"es\"},{\"@type\":\"Organization\",\"@id\":\"https:\\\/\\\/phileo-lesaffre.com\\\/es\\\/#organization\",\"name\":\"Phileo by Lesaffre\",\"url\":\"https:\\\/\\\/phileo-lesaffre.com\\\/es\\\/\",\"logo\":{\"@type\":\"ImageObject\",\"inLanguage\":\"es\",\"@id\":\"https:\\\/\\\/phileo-lesaffre.com\\\/es\\\/#\\\/schema\\\/logo\\\/image\\\/\",\"url\":\"https:\\\/\\\/phileo-lesaffre.com\\\/wp-content\\\/uploads\\\/2019\\\/04\\\/logo-phileo-lesaffre-1.jpg\",\"contentUrl\":\"https:\\\/\\\/phileo-lesaffre.com\\\/wp-content\\\/uploads\\\/2019\\\/04\\\/logo-phileo-lesaffre-1.jpg\",\"width\":500,\"height\":250,\"caption\":\"Phileo by Lesaffre\"},\"image\":{\"@id\":\"https:\\\/\\\/phileo-lesaffre.com\\\/es\\\/#\\\/schema\\\/logo\\\/image\\\/\"},\"sameAs\":[\"https:\\\/\\\/www.facebook.com\\\/phileo.lesaffre\\\/\",\"https:\\\/\\\/x.com\\\/PhileoLesaffre\",\"https:\\\/\\\/www.linkedin.com\\\/company\\\/phileo\\\/\"]}]}<\/script>\n<!-- \/ Yoast SEO Premium plugin. -->","yoast_head_json":{"title":"Estr\u00e9s oxidativo en pollo de engorde &#8226; Phileo by Lesaffre","robots":{"index":"index","follow":"follow","max-snippet":"max-snippet:-1","max-image-preview":"max-image-preview:large","max-video-preview":"max-video-preview:-1"},"canonical":"https:\/\/phileo-lesaffre.com\/es\/pollos-de-engorde\/estres-oxidativo-en-pollo-de-engorde\/","og_locale":"es_ES","og_type":"article","og_title":"Estr\u00e9s oxidativo en pollo de engorde","og_description":"Manejo del estr\u00e9s oxidativo en el pollo de engorde Las pr\u00e1cticas de producci\u00f3n actuales, que implican altas densidades de poblaci\u00f3n, gen\u00e9tica de alta","og_url":"https:\/\/phileo-lesaffre.com\/es\/pollos-de-engorde\/estres-oxidativo-en-pollo-de-engorde\/","og_site_name":"Phileo by Lesaffre","article_publisher":"https:\/\/www.facebook.com\/phileo.lesaffre\/","article_modified_time":"2020-12-16T07:36:17+00:00","twitter_card":"summary_large_image","twitter_site":"@PhileoLesaffre","schema":{"@context":"https:\/\/schema.org","@graph":[{"@type":"WebPage","@id":"https:\/\/phileo-lesaffre.com\/es\/pollos-de-engorde\/estres-oxidativo-en-pollo-de-engorde\/","url":"https:\/\/phileo-lesaffre.com\/es\/pollos-de-engorde\/estres-oxidativo-en-pollo-de-engorde\/","name":"Estr\u00e9s oxidativo en pollo de engorde &#8226; Phileo by Lesaffre","isPartOf":{"@id":"https:\/\/phileo-lesaffre.com\/es\/#website"},"datePublished":"2020-11-18T06:47:26+00:00","dateModified":"2020-12-16T07:36:17+00:00","breadcrumb":{"@id":"https:\/\/phileo-lesaffre.com\/es\/pollos-de-engorde\/estres-oxidativo-en-pollo-de-engorde\/#breadcrumb"},"inLanguage":"es","potentialAction":[{"@type":"ReadAction","target":["https:\/\/phileo-lesaffre.com\/es\/pollos-de-engorde\/estres-oxidativo-en-pollo-de-engorde\/"]}]},{"@type":"BreadcrumbList","@id":"https:\/\/phileo-lesaffre.com\/es\/pollos-de-engorde\/estres-oxidativo-en-pollo-de-engorde\/#breadcrumb","itemListElement":[{"@type":"ListItem","position":1,"name":"Phileo by Lesaffre","item":"https:\/\/phileo-lesaffre.com\/es\/"},{"@type":"ListItem","position":2,"name":"Pollos de engorde","item":"https:\/\/phileo-lesaffre.com\/es\/pollos-de-engorde\/"},{"@type":"ListItem","position":3,"name":"Estr\u00e9s oxidativo en pollo de engorde"}]},{"@type":"WebSite","@id":"https:\/\/phileo-lesaffre.com\/es\/#website","url":"https:\/\/phileo-lesaffre.com\/es\/","name":"Phileo by Lesaffre","description":"Animal nutrition and health from yeast products","publisher":{"@id":"https:\/\/phileo-lesaffre.com\/es\/#organization"},"potentialAction":[{"@type":"SearchAction","target":{"@type":"EntryPoint","urlTemplate":"https:\/\/phileo-lesaffre.com\/es\/?s={search_term_string}"},"query-input":{"@type":"PropertyValueSpecification","valueRequired":true,"valueName":"search_term_string"}}],"inLanguage":"es"},{"@type":"Organization","@id":"https:\/\/phileo-lesaffre.com\/es\/#organization","name":"Phileo by Lesaffre","url":"https:\/\/phileo-lesaffre.com\/es\/","logo":{"@type":"ImageObject","inLanguage":"es","@id":"https:\/\/phileo-lesaffre.com\/es\/#\/schema\/logo\/image\/","url":"https:\/\/phileo-lesaffre.com\/wp-content\/uploads\/2019\/04\/logo-phileo-lesaffre-1.jpg","contentUrl":"https:\/\/phileo-lesaffre.com\/wp-content\/uploads\/2019\/04\/logo-phileo-lesaffre-1.jpg","width":500,"height":250,"caption":"Phileo by Lesaffre"},"image":{"@id":"https:\/\/phileo-lesaffre.com\/es\/#\/schema\/logo\/image\/"},"sameAs":["https:\/\/www.facebook.com\/phileo.lesaffre\/","https:\/\/x.com\/PhileoLesaffre","https:\/\/www.linkedin.com\/company\/phileo\/"]}]}},"_links":{"self":[{"href":"https:\/\/phileo-lesaffre.com\/es\/wp-json\/wp\/v2\/pages\/401976","targetHints":{"allow":["GET"]}}],"collection":[{"href":"https:\/\/phileo-lesaffre.com\/es\/wp-json\/wp\/v2\/pages"}],"about":[{"href":"https:\/\/phileo-lesaffre.com\/es\/wp-json\/wp\/v2\/types\/page"}],"author":[{"embeddable":true,"href":"https:\/\/phileo-lesaffre.com\/es\/wp-json\/wp\/v2\/users\/1"}],"replies":[{"embeddable":true,"href":"https:\/\/phileo-lesaffre.com\/es\/wp-json\/wp\/v2\/comments?post=401976"}],"version-history":[{"count":0,"href":"https:\/\/phileo-lesaffre.com\/es\/wp-json\/wp\/v2\/pages\/401976\/revisions"}],"up":[{"embeddable":true,"href":"https:\/\/phileo-lesaffre.com\/es\/wp-json\/wp\/v2\/pages\/401383"}],"wp:attachment":[{"href":"https:\/\/phileo-lesaffre.com\/es\/wp-json\/wp\/v2\/media?parent=401976"}],"curies":[{"name":"wp","href":"https:\/\/api.w.org\/{rel}","templated":true}]}}