{"id":401751,"date":"2020-11-18T07:34:18","date_gmt":"2020-11-18T06:34:18","guid":{"rendered":"http:\/\/phileo-lesaffre.com\/ganado-de-carne\/carne-de-res-optimizacion-ganancia-de-peso-y-conversion-alimenticia\/"},"modified":"2020-12-16T08:25:53","modified_gmt":"2020-12-16T07:25:53","slug":"carne-de-res-optimizacion-ganancia-de-peso-y-conversion-alimenticia","status":"publish","type":"page","link":"https:\/\/phileo-lesaffre.com\/es\/ganado-de-carne\/carne-de-res-optimizacion-ganancia-de-peso-y-conversion-alimenticia\/","title":{"rendered":"Carne de res optimizaci\u00f3n ganancia de peso y conversi\u00f3n alimenticia"},"content":{"rendered":"<div class=\"wpb-content-wrapper\"><p>[vc_row css_animation=\u00bb\u00bb row_type=\u00bbrow\u00bb use_row_as_full_screen_section=\u00bbno\u00bb type=\u00bbfull_width\u00bb angled_section=\u00bbno\u00bb text_align=\u00bbleft\u00bb background_image_as_pattern=\u00bbwithout_pattern\u00bb][vc_column][qode_elements_holder number_of_columns=\u00bbtwo_columns\u00bb][qode_elements_holder_item vertical_alignment=\u00bbmiddle\u00bb horizontal_alignment=\u00bbleft\u00bb advanced_animations=\u00bbno\u00bb item_padding=\u00bb5% 8% 5% 0%\u00bb][vc_column_text]<\/p>\n<h2 class=\"feed2\"><span style=\"color: #4d4d4c;\">Optimizaci\u00f3n de la ganancia de peso y la conversi\u00f3n alimenticia<\/span><\/h2>\n<p>[\/vc_column_text][vc_single_image image=\u00bb398042&#8243; img_size=\u00bb65&#215;33&#8243; qode_css_animation=\u00bb\u00bb css=\u00bb.vc_custom_1590613047306{padding-top: 5% !important;padding-bottom: 5% !important;}\u00bb][vc_column_text css=\u00bb.vc_custom_1592497488080{padding-right: 8% !important;}\u00bb]El ganado de carne son animales fuertes, resistentes, capaces de convertir plantas y subproductos vegetales, de otra manera inutilizables, en carne de gran calidad. Sin embargo, en la realidad, para lograr un r\u00e1pido crecimiento y carne de gran calidad mediante una mejor conversi\u00f3n alimenticia (CA), se les alimenta con dietas altas en granos con alto contenido de energ\u00eda. La alimentaci\u00f3n del ganado de carne con dietas altas en concentrado reduce la cantidad de alimento balanceado necesaria por kilo de peso corporal aumentado.<\/p>\n<p>&nbsp;<\/p>\n<p>Sin importar el sistema de alimentaci\u00f3n que se use en el corral de engorde, el factor m\u00e1s decisivo es la eficiencia alimenticia en todos los sistemas de engorde y finalizaci\u00f3n. La buena eficiencia alimenticia se logra con una buena adaptaci\u00f3n de dietas altas en fibra a raciones altas en energ\u00eda y una excelente salud ruminal.[\/vc_column_text][vc_single_image image=\u00bb400280&#8243; img_size=\u00bb120&#215;178&#8243; alignment=\u00bbright\u00bb qode_css_animation=\u00bb\u00bb][\/qode_elements_holder_item][qode_elements_holder_item cover=\u00bbyes\u00bb vertical_alignment=\u00bbmiddle\u00bb horizontal_alignment=\u00bbleft\u00bb advanced_animations=\u00bbno\u00bb background_image=\u00bb396368&#8243;][\/qode_elements_holder_item][\/qode_elements_holder][\/vc_column][\/vc_row][vc_row css_animation=\u00bb\u00bb row_type=\u00bbrow\u00bb use_row_as_full_screen_section=\u00bbno\u00bb type=\u00bbfull_width\u00bb angled_section=\u00bbno\u00bb text_align=\u00bbleft\u00bb background_image_as_pattern=\u00bbwithout_pattern\u00bb z_index=\u00bb\u00bb][vc_column][qode_elements_holder number_of_columns=\u00bbtwo_columns\u00bb][qode_elements_holder_item cover=\u00bbyes\u00bb advanced_animations=\u00bbno\u00bb background_image=\u00bb396209&#8243;][vc_separator type=\u00bbtransparent\u00bb up=\u00bb200&#8243; down=\u00bb200&#8243;][\/qode_elements_holder_item][qode_elements_holder_item vertical_alignment=\u00bbmiddle\u00bb horizontal_alignment=\u00bbleft\u00bb advanced_animations=\u00bbno\u00bb item_padding=\u00bb5% 2% 5% 10%\u00bb background_color=\u00bb#ad1a22&#8243;][vc_column_text]<\/p>\n<h2 class=\"feed4\"><span style=\"color: #ffffff;\">Garantizar la eficiencia alimenticia \u00f3ptima durante el per\u00edodo de finalizaci\u00f3n<\/span><\/h2>\n<p>[\/vc_column_text][vc_single_image image=\u00bb397902&#8243; img_size=\u00bb50&#215;25&#8243; qode_css_animation=\u00bb\u00bb css=\u00bb.vc_custom_1592227932921{padding-top: 5% !important;padding-bottom: 5% !important;}\u00bb][vc_column_text css=\u00bb.vc_custom_1592497626701{padding-right: 10% !important;}\u00bb]<span style=\"color: #ffffff;\">1. Para el adecuado manejo y nutrici\u00f3n, los ganaderos deben conocer su raza y sus especificaciones.<\/span><br \/>\n<span style=\"color: #ffffff;\">2. Recibir en los corrales de engorde a animales bien destetados con un peso corporal adecuado. Los terneros livianos tienen mayor predisposici\u00f3n a enfermedades y a una transici\u00f3n m\u00e1s dif\u00edcil a las dietas de finalizaci\u00f3n. <\/span><br \/>\n<span style=\"color: #ffffff;\">3. Manejo de una buena transici\u00f3n a la dieta de engorde para garantizar la adecuada adaptaci\u00f3n del rumen. Para adaptarse de dietas altas en fibra a dietas altas en granos, el rumen necesita en promedio de 2 a 4 semanas. Durante este per\u00edodo, es necesario garantizar una transici\u00f3n gradual de la dieta, con la introducci\u00f3n de concentrados a tasas de incremento lento.<\/span><br \/>\n<span style=\"color: #ffffff;\">4. Prevenci\u00f3n de la acidosis ruminal durante todo el per\u00edodo de finalizaci\u00f3n. Los animales con acidosis ruminal presentan conversiones alimenticias significativamente m\u00e1s bajas y a menudo evitan comer.<\/span>[\/vc_column_text][\/qode_elements_holder_item][\/qode_elements_holder][\/vc_column][\/vc_row][vc_row css_animation=\u00bb\u00bb row_type=\u00bbrow\u00bb use_row_as_full_screen_section=\u00bbno\u00bb type=\u00bbfull_width\u00bb angled_section=\u00bbno\u00bb text_align=\u00bbleft\u00bb background_image_as_pattern=\u00bbwithout_pattern\u00bb css=\u00bb.vc_custom_1592234497567{background-color: #ffffff !important;}\u00bb z_index=\u00bb\u00bb][vc_column][qode_elements_holder number_of_columns=\u00bbtwo_columns\u00bb][qode_elements_holder_item vertical_alignment=\u00bbmiddle\u00bb horizontal_alignment=\u00bbleft\u00bb advanced_animations=\u00bbno\u00bb item_padding=\u00bb5% 10% 5% 5%\u00bb background_color=\u00bb#706f6f\u00bb][vc_column_text]<\/p>\n<h2 class=\"feed4\"><span style=\"color: #ffffff;\">Garant\u00eda de una mejor transici\u00f3n a la dieta de engorde con Actisaf<sup>\u00ae<\/sup><\/span><\/h2>\n<p>[\/vc_column_text][vc_single_image image=\u00bb397902&#8243; img_size=\u00bb50&#215;25&#8243; qode_css_animation=\u00bb\u00bb css=\u00bb.vc_custom_1592232787710{padding-top: 5% !important;padding-bottom: 5% !important;}\u00bb][vc_column_text]<span style=\"color: #ffffff;\">Suplementar al ganado de carne con las levaduras probi\u00f3ticas de Actisaf<sup>\u00ae<\/sup> durante todo el per\u00edodo de finalizaci\u00f3n garantizar\u00e1 una mejor transici\u00f3n a la dieta de engorde. Ayudar\u00e1 a prevenir la acidosis ruminal y mejorar\u00e1 la CA al establecer el ambiente en el rumen para una fermentaci\u00f3n bacteriana \u00f3ptima.<\/span><\/p>\n<p>&nbsp;<\/p>\n<p><span style=\"color: #ffffff;\">Suplementar 5 g de Actisaf<sup>\u00ae<\/sup> por cabeza\/d\u00eda durante todo el per\u00edodo de finalizaci\u00f3n incrementa la ganancia diaria promedio (GDP), ganancia total y ganancia de la canal con un ROI aproximado de 5:1.<\/span>[\/vc_column_text][\/qode_elements_holder_item][qode_elements_holder_item advanced_animations=\u00bbno\u00bb][vc_single_image image=\u00bb404392&#8243; img_size=\u00bbfull\u00bb onclick=\u00bblink_image\u00bb qode_css_animation=\u00bb\u00bb qode_hover_animation=\u00bbzoom_in\u00bb][\/qode_elements_holder_item][\/qode_elements_holder][\/vc_column][\/vc_row][vc_row css_animation=\u00bb\u00bb row_type=\u00bbrow\u00bb use_row_as_full_screen_section=\u00bbno\u00bb type=\u00bbfull_width\u00bb angled_section=\u00bbno\u00bb text_align=\u00bbleft\u00bb background_image_as_pattern=\u00bbwithout_pattern\u00bb z_index=\u00bb\u00bb][vc_column][qode_elements_holder number_of_columns=\u00bbtwo_columns\u00bb][qode_elements_holder_item advanced_animations=\u00bbno\u00bb][vc_single_image image=\u00bb404396&#8243; img_size=\u00bbfull\u00bb onclick=\u00bblink_image\u00bb qode_css_animation=\u00bb\u00bb qode_hover_animation=\u00bbzoom_in\u00bb][\/qode_elements_holder_item][qode_elements_holder_item vertical_alignment=\u00bbmiddle\u00bb horizontal_alignment=\u00bbleft\u00bb advanced_animations=\u00bbno\u00bb item_padding=\u00bb5% 2% 5% 10%\u00bb background_color=\u00bb#ad1a22&#8243;][vc_column_text]<\/p>\n<h2 class=\"feed4\"><span style=\"color: #ffffff;\">Suplementaci\u00f3n del ganado de carne con Actisaf<sup>\u00ae<\/sup> para un mayor ROI<\/span><\/h2>\n<p>[\/vc_column_text][vc_single_image image=\u00bb397902&#8243; img_size=\u00bb50&#215;25&#8243; qode_css_animation=\u00bb\u00bb css=\u00bb.vc_custom_1592232787710{padding-top: 5% !important;padding-bottom: 5% !important;}\u00bb][vc_column_text]<span style=\"color: #ffffff;\">La suplementaci\u00f3n con Actisaf<sup>\u00ae<\/sup> del ganado de carne resulta en una recuperaci\u00f3n positiva de la inversi\u00f3n (ROI).<\/span><\/p>\n<p><span style=\"color: #ffffff;\">Precio promedio por kg de canal de ganado de carne en la UE durante el periodo de prueba = 4.9\u20ac<br \/>\nGanancia con Actisaf<sup>\u00ae<\/sup> = 44\u20ac<br \/>\nROI = 4.9:1<\/span>[\/vc_column_text][\/qode_elements_holder_item][\/qode_elements_holder][\/vc_column][\/vc_row][vc_row css_animation=\u00bb\u00bb row_type=\u00bbrow\u00bb use_row_as_full_screen_section=\u00bbyes\u00bb type=\u00bbfull_width\u00bb angled_section=\u00bbno\u00bb text_align=\u00bbleft\u00bb background_image_as_pattern=\u00bbwithout_pattern\u00bb z_index=\u00bb\u00bb][vc_column][vc_separator type=\u00bbtransparent\u00bb up=\u00bb10&#8243; down=\u00bb10&#8243;][vc_column_text css=\u00bb.vc_custom_1593404540291{padding-top: 2% !important;padding-bottom: 2% !important;}\u00bb]<\/p>\n<h2 class=\"feed3\"><span style=\"color: #4d4d4c;\">Descubra m\u00e1s sobre el manejo de ganado de carne<\/span><\/h2>\n<p>[\/vc_column_text][vc_separator type=\u00bbtransparent\u00bb up=\u00bb5&#8243; down=\u00bb5&#8243;][\/vc_column][vc_column width=\u00bb1\/4&#8243;][vc_single_image image=\u00bb403203&#8243; img_size=\u00bbfull\u00bb alignment=\u00bbcenter\u00bb onclick=\u00bbcustom_link\u00bb qode_css_animation=\u00bb\u00bb qode_hover_animation=\u00bbzoom_in\u00bb css=\u00bb.vc_custom_1606376883420{padding-top: 5% !important;padding-bottom: 5% !important;}\u00bb link=\u00bb\/es\/ganado-de-carne\/estres-e-inmunidad-del-ganado-de-carne\/\u00bb][\/vc_column][vc_column width=\u00bb1\/4&#8243;][vc_single_image image=\u00bb403199&#8243; img_size=\u00bbfull\u00bb alignment=\u00bbcenter\u00bb onclick=\u00bbcustom_link\u00bb qode_css_animation=\u00bb\u00bb qode_hover_animation=\u00bbzoom_in\u00bb css=\u00bb.vc_custom_1606376911667{padding-top: 5% !important;padding-bottom: 5% !important;}\u00bb link=\u00bb\/es\/ganado-de-carne\/ganado-de-carne-para-una-buena-calidad-de-la-carne-de-res\/\u00bb][\/vc_column][vc_column width=\u00bb1\/4&#8243;][vc_single_image image=\u00bb403211&#8243; img_size=\u00bbfull\u00bb alignment=\u00bbcenter\u00bb onclick=\u00bbcustom_link\u00bb qode_css_animation=\u00bb\u00bb qode_hover_animation=\u00bbzoom_in\u00bb css=\u00bb.vc_custom_1606376935128{padding-top: 5% !important;padding-bottom: 5% !important;}\u00bb link=\u00bb\/es\/ganado-de-carne\/salud-ruminal-y-eficiencia-alimenticia-del-ganado-de-carne\/\u00bb][\/vc_column][vc_column width=\u00bb1\/4&#8243;][\/vc_column][\/vc_row]<\/p>\n<\/div>","protected":false},"excerpt":{"rendered":"<p>[vc_row css_animation=\u00bb\u00bb row_type=\u00bbrow\u00bb use_row_as_full_screen_section=\u00bbno\u00bb type=\u00bbfull_width\u00bb angled_section=\u00bbno\u00bb text_align=\u00bbleft\u00bb background_image_as_pattern=\u00bbwithout_pattern\u00bb][vc_column][qode_elements_holder number_of_columns=\u00bbtwo_columns\u00bb][qode_elements_holder_item vertical_alignment=\u00bbmiddle\u00bb horizontal_alignment=\u00bbleft\u00bb advanced_animations=\u00bbno\u00bb item_padding=\u00bb5% 8% 5% 0%\u00bb][vc_column_text] Optimizaci\u00f3n de la ganancia de peso y la conversi\u00f3n alimenticia [\/vc_column_text][vc_single_image image=\u00bb398042&#8243; img_size=\u00bb65&#215;33&#8243; qode_css_animation=\u00bb\u00bb css=\u00bb.vc_custom_1590613047306{padding-top: 5% !important;padding-bottom: 5% !important;}\u00bb][vc_column_text css=\u00bb.vc_custom_1592497488080{padding-right: 8% !important;}\u00bb]El ganado de carne son animales fuertes, resistentes,&#8230;<\/p>\n","protected":false},"author":1,"featured_media":0,"parent":401445,"menu_order":0,"comment_status":"closed","ping_status":"closed","template":"full_width.php","meta":{"footnotes":""},"class_list":["post-401751","page","type-page","status-publish","hentry"],"yoast_head":"<!-- This site is optimized with the Yoast SEO Premium plugin v25.9 (Yoast SEO v27.3) - https:\/\/yoast.com\/product\/yoast-seo-premium-wordpress\/ -->\n<title>Carne de res optimizaci\u00f3n ganancia de peso y conversi\u00f3n alimenticia &#8226; Phileo by Lesaffre<\/title>\n<meta name=\"robots\" content=\"index, follow, max-snippet:-1, max-image-preview:large, max-video-preview:-1\" \/>\n<link rel=\"canonical\" href=\"https:\/\/phileo-lesaffre.com\/es\/ganado-de-carne\/carne-de-res-optimizacion-ganancia-de-peso-y-conversion-alimenticia\/\" \/>\n<meta property=\"og:locale\" content=\"es_ES\" \/>\n<meta property=\"og:type\" content=\"article\" \/>\n<meta property=\"og:title\" content=\"Carne de res optimizaci\u00f3n ganancia de peso y conversi\u00f3n alimenticia\" \/>\n<meta property=\"og:description\" content=\"Optimizaci\u00f3n de la ganancia de peso y la conversi\u00f3n alimenticia El ganado de carne son animales fuertes, resistentes, capaces de convertir plantas y\" \/>\n<meta property=\"og:url\" content=\"https:\/\/phileo-lesaffre.com\/es\/ganado-de-carne\/carne-de-res-optimizacion-ganancia-de-peso-y-conversion-alimenticia\/\" \/>\n<meta property=\"og:site_name\" content=\"Phileo by Lesaffre\" \/>\n<meta property=\"article:publisher\" content=\"https:\/\/www.facebook.com\/phileo.lesaffre\/\" \/>\n<meta property=\"article:modified_time\" content=\"2020-12-16T07:25:53+00:00\" \/>\n<meta name=\"twitter:card\" content=\"summary_large_image\" \/>\n<meta name=\"twitter:site\" content=\"@PhileoLesaffre\" \/>\n<script type=\"application\/ld+json\" class=\"yoast-schema-graph\">{\"@context\":\"https:\\\/\\\/schema.org\",\"@graph\":[{\"@type\":\"WebPage\",\"@id\":\"https:\\\/\\\/phileo-lesaffre.com\\\/es\\\/ganado-de-carne\\\/carne-de-res-optimizacion-ganancia-de-peso-y-conversion-alimenticia\\\/\",\"url\":\"https:\\\/\\\/phileo-lesaffre.com\\\/es\\\/ganado-de-carne\\\/carne-de-res-optimizacion-ganancia-de-peso-y-conversion-alimenticia\\\/\",\"name\":\"Carne de res optimizaci\u00f3n ganancia de peso y conversi\u00f3n alimenticia &#8226; Phileo by Lesaffre\",\"isPartOf\":{\"@id\":\"https:\\\/\\\/phileo-lesaffre.com\\\/es\\\/#website\"},\"datePublished\":\"2020-11-18T06:34:18+00:00\",\"dateModified\":\"2020-12-16T07:25:53+00:00\",\"breadcrumb\":{\"@id\":\"https:\\\/\\\/phileo-lesaffre.com\\\/es\\\/ganado-de-carne\\\/carne-de-res-optimizacion-ganancia-de-peso-y-conversion-alimenticia\\\/#breadcrumb\"},\"inLanguage\":\"es\",\"potentialAction\":[{\"@type\":\"ReadAction\",\"target\":[\"https:\\\/\\\/phileo-lesaffre.com\\\/es\\\/ganado-de-carne\\\/carne-de-res-optimizacion-ganancia-de-peso-y-conversion-alimenticia\\\/\"]}]},{\"@type\":\"BreadcrumbList\",\"@id\":\"https:\\\/\\\/phileo-lesaffre.com\\\/es\\\/ganado-de-carne\\\/carne-de-res-optimizacion-ganancia-de-peso-y-conversion-alimenticia\\\/#breadcrumb\",\"itemListElement\":[{\"@type\":\"ListItem\",\"position\":1,\"name\":\"Phileo by Lesaffre\",\"item\":\"https:\\\/\\\/phileo-lesaffre.com\\\/es\\\/\"},{\"@type\":\"ListItem\",\"position\":2,\"name\":\"Ganado de carne\",\"item\":\"https:\\\/\\\/phileo-lesaffre.com\\\/es\\\/ganado-de-carne\\\/\"},{\"@type\":\"ListItem\",\"position\":3,\"name\":\"Carne de res optimizaci\u00f3n ganancia de peso y conversi\u00f3n alimenticia\"}]},{\"@type\":\"WebSite\",\"@id\":\"https:\\\/\\\/phileo-lesaffre.com\\\/es\\\/#website\",\"url\":\"https:\\\/\\\/phileo-lesaffre.com\\\/es\\\/\",\"name\":\"Phileo by Lesaffre\",\"description\":\"Animal nutrition and health from yeast products\",\"publisher\":{\"@id\":\"https:\\\/\\\/phileo-lesaffre.com\\\/es\\\/#organization\"},\"potentialAction\":[{\"@type\":\"SearchAction\",\"target\":{\"@type\":\"EntryPoint\",\"urlTemplate\":\"https:\\\/\\\/phileo-lesaffre.com\\\/es\\\/?s={search_term_string}\"},\"query-input\":{\"@type\":\"PropertyValueSpecification\",\"valueRequired\":true,\"valueName\":\"search_term_string\"}}],\"inLanguage\":\"es\"},{\"@type\":\"Organization\",\"@id\":\"https:\\\/\\\/phileo-lesaffre.com\\\/es\\\/#organization\",\"name\":\"Phileo by Lesaffre\",\"url\":\"https:\\\/\\\/phileo-lesaffre.com\\\/es\\\/\",\"logo\":{\"@type\":\"ImageObject\",\"inLanguage\":\"es\",\"@id\":\"https:\\\/\\\/phileo-lesaffre.com\\\/es\\\/#\\\/schema\\\/logo\\\/image\\\/\",\"url\":\"https:\\\/\\\/phileo-lesaffre.com\\\/wp-content\\\/uploads\\\/2019\\\/04\\\/logo-phileo-lesaffre-1.jpg\",\"contentUrl\":\"https:\\\/\\\/phileo-lesaffre.com\\\/wp-content\\\/uploads\\\/2019\\\/04\\\/logo-phileo-lesaffre-1.jpg\",\"width\":500,\"height\":250,\"caption\":\"Phileo by Lesaffre\"},\"image\":{\"@id\":\"https:\\\/\\\/phileo-lesaffre.com\\\/es\\\/#\\\/schema\\\/logo\\\/image\\\/\"},\"sameAs\":[\"https:\\\/\\\/www.facebook.com\\\/phileo.lesaffre\\\/\",\"https:\\\/\\\/x.com\\\/PhileoLesaffre\",\"https:\\\/\\\/www.linkedin.com\\\/company\\\/phileo\\\/\"]}]}<\/script>\n<!-- \/ Yoast SEO Premium plugin. -->","yoast_head_json":{"title":"Carne de res optimizaci\u00f3n ganancia de peso y conversi\u00f3n alimenticia &#8226; Phileo by Lesaffre","robots":{"index":"index","follow":"follow","max-snippet":"max-snippet:-1","max-image-preview":"max-image-preview:large","max-video-preview":"max-video-preview:-1"},"canonical":"https:\/\/phileo-lesaffre.com\/es\/ganado-de-carne\/carne-de-res-optimizacion-ganancia-de-peso-y-conversion-alimenticia\/","og_locale":"es_ES","og_type":"article","og_title":"Carne de res optimizaci\u00f3n ganancia de peso y conversi\u00f3n alimenticia","og_description":"Optimizaci\u00f3n de la ganancia de peso y la conversi\u00f3n alimenticia El ganado de carne son animales fuertes, resistentes, capaces de convertir plantas y","og_url":"https:\/\/phileo-lesaffre.com\/es\/ganado-de-carne\/carne-de-res-optimizacion-ganancia-de-peso-y-conversion-alimenticia\/","og_site_name":"Phileo by Lesaffre","article_publisher":"https:\/\/www.facebook.com\/phileo.lesaffre\/","article_modified_time":"2020-12-16T07:25:53+00:00","twitter_card":"summary_large_image","twitter_site":"@PhileoLesaffre","schema":{"@context":"https:\/\/schema.org","@graph":[{"@type":"WebPage","@id":"https:\/\/phileo-lesaffre.com\/es\/ganado-de-carne\/carne-de-res-optimizacion-ganancia-de-peso-y-conversion-alimenticia\/","url":"https:\/\/phileo-lesaffre.com\/es\/ganado-de-carne\/carne-de-res-optimizacion-ganancia-de-peso-y-conversion-alimenticia\/","name":"Carne de res optimizaci\u00f3n ganancia de peso y conversi\u00f3n alimenticia &#8226; Phileo by Lesaffre","isPartOf":{"@id":"https:\/\/phileo-lesaffre.com\/es\/#website"},"datePublished":"2020-11-18T06:34:18+00:00","dateModified":"2020-12-16T07:25:53+00:00","breadcrumb":{"@id":"https:\/\/phileo-lesaffre.com\/es\/ganado-de-carne\/carne-de-res-optimizacion-ganancia-de-peso-y-conversion-alimenticia\/#breadcrumb"},"inLanguage":"es","potentialAction":[{"@type":"ReadAction","target":["https:\/\/phileo-lesaffre.com\/es\/ganado-de-carne\/carne-de-res-optimizacion-ganancia-de-peso-y-conversion-alimenticia\/"]}]},{"@type":"BreadcrumbList","@id":"https:\/\/phileo-lesaffre.com\/es\/ganado-de-carne\/carne-de-res-optimizacion-ganancia-de-peso-y-conversion-alimenticia\/#breadcrumb","itemListElement":[{"@type":"ListItem","position":1,"name":"Phileo by Lesaffre","item":"https:\/\/phileo-lesaffre.com\/es\/"},{"@type":"ListItem","position":2,"name":"Ganado de carne","item":"https:\/\/phileo-lesaffre.com\/es\/ganado-de-carne\/"},{"@type":"ListItem","position":3,"name":"Carne de res optimizaci\u00f3n ganancia de peso y conversi\u00f3n alimenticia"}]},{"@type":"WebSite","@id":"https:\/\/phileo-lesaffre.com\/es\/#website","url":"https:\/\/phileo-lesaffre.com\/es\/","name":"Phileo by Lesaffre","description":"Animal nutrition and health from yeast products","publisher":{"@id":"https:\/\/phileo-lesaffre.com\/es\/#organization"},"potentialAction":[{"@type":"SearchAction","target":{"@type":"EntryPoint","urlTemplate":"https:\/\/phileo-lesaffre.com\/es\/?s={search_term_string}"},"query-input":{"@type":"PropertyValueSpecification","valueRequired":true,"valueName":"search_term_string"}}],"inLanguage":"es"},{"@type":"Organization","@id":"https:\/\/phileo-lesaffre.com\/es\/#organization","name":"Phileo by Lesaffre","url":"https:\/\/phileo-lesaffre.com\/es\/","logo":{"@type":"ImageObject","inLanguage":"es","@id":"https:\/\/phileo-lesaffre.com\/es\/#\/schema\/logo\/image\/","url":"https:\/\/phileo-lesaffre.com\/wp-content\/uploads\/2019\/04\/logo-phileo-lesaffre-1.jpg","contentUrl":"https:\/\/phileo-lesaffre.com\/wp-content\/uploads\/2019\/04\/logo-phileo-lesaffre-1.jpg","width":500,"height":250,"caption":"Phileo by Lesaffre"},"image":{"@id":"https:\/\/phileo-lesaffre.com\/es\/#\/schema\/logo\/image\/"},"sameAs":["https:\/\/www.facebook.com\/phileo.lesaffre\/","https:\/\/x.com\/PhileoLesaffre","https:\/\/www.linkedin.com\/company\/phileo\/"]}]}},"_links":{"self":[{"href":"https:\/\/phileo-lesaffre.com\/es\/wp-json\/wp\/v2\/pages\/401751","targetHints":{"allow":["GET"]}}],"collection":[{"href":"https:\/\/phileo-lesaffre.com\/es\/wp-json\/wp\/v2\/pages"}],"about":[{"href":"https:\/\/phileo-lesaffre.com\/es\/wp-json\/wp\/v2\/types\/page"}],"author":[{"embeddable":true,"href":"https:\/\/phileo-lesaffre.com\/es\/wp-json\/wp\/v2\/users\/1"}],"replies":[{"embeddable":true,"href":"https:\/\/phileo-lesaffre.com\/es\/wp-json\/wp\/v2\/comments?post=401751"}],"version-history":[{"count":0,"href":"https:\/\/phileo-lesaffre.com\/es\/wp-json\/wp\/v2\/pages\/401751\/revisions"}],"up":[{"embeddable":true,"href":"https:\/\/phileo-lesaffre.com\/es\/wp-json\/wp\/v2\/pages\/401445"}],"wp:attachment":[{"href":"https:\/\/phileo-lesaffre.com\/es\/wp-json\/wp\/v2\/media?parent=401751"}],"curies":[{"name":"wp","href":"https:\/\/api.w.org\/{rel}","templated":true}]}}