{"id":401733,"date":"2020-11-18T07:33:59","date_gmt":"2020-11-18T06:33:59","guid":{"rendered":"http:\/\/phileo-lesaffre.com\/ganado-de-carne\/salud-ruminal-y-eficiencia-alimenticia-del-ganado-de-carne\/"},"modified":"2021-09-02T14:19:36","modified_gmt":"2021-09-02T12:19:36","slug":"salud-ruminal-y-eficiencia-alimenticia-del-ganado-de-carne","status":"publish","type":"page","link":"https:\/\/phileo-lesaffre.com\/es\/ganado-de-carne\/salud-ruminal-y-eficiencia-alimenticia-del-ganado-de-carne\/","title":{"rendered":"Salud ruminal y eficiencia alimenticia del ganado de carne"},"content":{"rendered":"<div class=\"wpb-content-wrapper\"><p>[vc_row css_animation=\u00bb\u00bb row_type=\u00bbrow\u00bb use_row_as_full_screen_section=\u00bbno\u00bb type=\u00bbfull_width\u00bb angled_section=\u00bbno\u00bb text_align=\u00bbleft\u00bb background_image_as_pattern=\u00bbwithout_pattern\u00bb][vc_column][qode_elements_holder number_of_columns=\u00bbtwo_columns\u00bb][qode_elements_holder_item vertical_alignment=\u00bbmiddle\u00bb horizontal_alignment=\u00bbleft\u00bb advanced_animations=\u00bbno\u00bb item_padding=\u00bb5% 8% 5% 0%\u00bb][vc_column_text]<\/p>\n<h2 class=\"feed2\"><span style=\"color: #4d4d4c;\">Salud del rumen y eficiencia alimenticia<\/span><\/h2>\n<p>[\/vc_column_text][vc_single_image image=\u00bb398042&#8243; img_size=\u00bb65&#215;33&#8243; qode_css_animation=\u00bb\u00bb css=\u00bb.vc_custom_1590613047306{padding-top: 5% !important;padding-bottom: 5% !important;}\u00bb][vc_column_text css=\u00bb.vc_custom_1592494416695{padding-right: 8% !important;}\u00bb]El ganado de carne se desteta y cr\u00eda con pastura hasta alcanzar el peso corporal suficiente para trasladarlo a un corral de engorde para finalizaci\u00f3n. Antes del corral, su dieta se compone principalmente de pasto con un algo o nada de concentrados. Al llegar al corral de engorda, los terneros necesitan transicionar a una dieta alta en concentrados, proceso que requiere de la adaptaci\u00f3n de la poblaci\u00f3n bacteriana ruminal. Se considera que este cambio necesita un m\u00ednimo de 14 d\u00edas para lograr un equilibrio bacteriano ruminal \u00f3ptimo y evitar trastornos ruminales, como la acidosis.<\/p>\n<p>&nbsp;<\/p>\n<p>Los \u00e1cidos org\u00e1nicos son metabolitos normales de fermentaci\u00f3n ruminal en el que la bacterias ruminales metabolizan los carbohidratos a \u00e1cidos org\u00e1nicos (AGV y lactato). Los \u00e1cidos grasos vol\u00e1tiles (AGV) los usa el animal como fuente principal de energ\u00eda. Ya que el objetivo de la fase de corral de engorde es finalizar al ganado con una dieta alta en granos, despu\u00e9s del anterior r\u00e9gimen a base de forraje, se necesita un per\u00edodo de transici\u00f3n para cambiar la conducta de consumo del animal. [\/vc_column_text][vc_single_image image=\u00bb400280&#8243; img_size=\u00bb120&#215;178&#8243; alignment=\u00bbright\u00bb qode_css_animation=\u00bb\u00bb][\/qode_elements_holder_item][qode_elements_holder_item cover=\u00bbyes\u00bb vertical_alignment=\u00bbmiddle\u00bb horizontal_alignment=\u00bbleft\u00bb advanced_animations=\u00bbno\u00bb background_image=\u00bb396181&#8243;][\/qode_elements_holder_item][\/qode_elements_holder][\/vc_column][\/vc_row][vc_row css_animation=\u00bb\u00bb row_type=\u00bbrow\u00bb use_row_as_full_screen_section=\u00bbno\u00bb type=\u00bbfull_width\u00bb angled_section=\u00bbno\u00bb text_align=\u00bbleft\u00bb background_image_as_pattern=\u00bbwithout_pattern\u00bb z_index=\u00bb\u00bb][vc_column][qode_elements_holder number_of_columns=\u00bbtwo_columns\u00bb][qode_elements_holder_item vertical_alignment=\u00bbmiddle\u00bb horizontal_alignment=\u00bbleft\u00bb advanced_animations=\u00bbno\u00bb item_padding=\u00bb5% 2% 5% 10%\u00bb background_color=\u00bb#ad1a22&#8243;][vc_column_text]<\/p>\n<h2 class=\"feed4\"><span style=\"color: #ffffff;\">Cambios bacterianos<\/span><\/h2>\n<p>[\/vc_column_text][vc_single_image image=\u00bb397902&#8243; img_size=\u00bb50&#215;25&#8243; qode_css_animation=\u00bb\u00bb css=\u00bb.vc_custom_1592227932921{padding-top: 5% !important;padding-bottom: 5% !important;}\u00bb][vc_column_text css=\u00bb.vc_custom_1592494449864{padding-right: 10% !important;}\u00bb]<span style=\"color: #ffffff;\">Los microbios dentro del rumen del ganado con una dieta a base de forraje se componen principalmente de los m\u00e1s eficaces en descomponer las fibras del forraje. Sin embargo, los microbios dentro del rumen del ganado alimentado con granos son los adeptos a digerir almid\u00f3n y metabolizar eficientemente el \u00e1cido l\u00e1ctico. Con la finalidad de evitar la acidosis ruminal cuando se cambia de fibra a grano, se requiere un per\u00edodo promedio de 4 semanas para una transici\u00f3n bacteriana eficiente.<\/span>[\/vc_column_text][\/qode_elements_holder_item][qode_elements_holder_item advanced_animations=\u00bbno\u00bb][vc_single_image image=\u00bb404401&#8243; img_size=\u00bbfull\u00bb alignment=\u00bbcenter\u00bb onclick=\u00bblink_image\u00bb qode_css_animation=\u00bb\u00bb qode_hover_animation=\u00bbzoom_in\u00bb][\/qode_elements_holder_item][\/qode_elements_holder][\/vc_column][\/vc_row][vc_row css_animation=\u00bb\u00bb row_type=\u00bbrow\u00bb use_row_as_full_screen_section=\u00bbno\u00bb type=\u00bbfull_width\u00bb angled_section=\u00bbno\u00bb text_align=\u00bbleft\u00bb background_image_as_pattern=\u00bbwithout_pattern\u00bb css=\u00bb.vc_custom_1592234497567{background-color: #ffffff !important;}\u00bb z_index=\u00bb\u00bb][vc_column][qode_elements_holder number_of_columns=\u00bbtwo_columns\u00bb][qode_elements_holder_item cover=\u00bbyes\u00bb advanced_animations=\u00bbno\u00bb background_image=\u00bb396207&#8243;][vc_separator type=\u00bbtransparent\u00bb up=\u00bb200&#8243; down=\u00bb200&#8243;][\/qode_elements_holder_item][qode_elements_holder_item vertical_alignment=\u00bbmiddle\u00bb horizontal_alignment=\u00bbleft\u00bb advanced_animations=\u00bbno\u00bb item_padding=\u00bb5% 10% 5% 5%\u00bb background_color=\u00bb#706f6f\u00bb][vc_column_text]<\/p>\n<h2 class=\"feed4\"><span style=\"color: #ffffff;\">Cambios de comportamiento<\/span><\/h2>\n<p>[\/vc_column_text][vc_single_image image=\u00bb397902&#8243; img_size=\u00bb50&#215;25&#8243; qode_css_animation=\u00bb\u00bb css=\u00bb.vc_custom_1592232787710{padding-top: 5% !important;padding-bottom: 5% !important;}\u00bb][vc_column_text]<span style=\"color: #ffffff;\">El ganado que consume una dieta a base de forraje come hasta que el rumen est\u00e1 f\u00edsicamente lleno. Por el contrario, el ganado con una dieta a base de granos solo debe consumir una cantidad limitada por alimento, permitiendo as\u00ed tiempo para absorber los \u00e1cidos acumulados antes del siguiente alimento.<\/span><\/p>\n<p>&nbsp;<\/p>\n<p><span style=\"color: #ffffff;\">Sin una transici\u00f3n adecuada, que permita que los microbios ruminales y el comportamiento del animal cambien gradualmente, el ganado tendr\u00e1 una acumulaci\u00f3n excesiva de \u00e1cidos en el rumen, lo cual resulta en acidosis cl\u00ednica o subcl\u00ednica. El ganado que sufre de acidosis dejar\u00e1 de alimentarse hasta que la acidosis disminuya. Es probable que los animales con acidosis subcl\u00ednica no muestren signos visuales, pero por lo general comer\u00e1n menos, tendr\u00e1n una reducci\u00f3n de la conversi\u00f3n alimenticia (CA) y menor ganancia de peso corporal.<\/span>[\/vc_column_text][\/qode_elements_holder_item][\/qode_elements_holder][\/vc_column][\/vc_row][vc_row css_animation=\u00bb\u00bb row_type=\u00bbrow\u00bb use_row_as_full_screen_section=\u00bbno\u00bb type=\u00bbfull_width\u00bb angled_section=\u00bbno\u00bb text_align=\u00bbleft\u00bb background_image_as_pattern=\u00bbwithout_pattern\u00bb z_index=\u00bb\u00bb][vc_column][qode_elements_holder number_of_columns=\u00bbtwo_columns\u00bb][qode_elements_holder_item vertical_alignment=\u00bbmiddle\u00bb horizontal_alignment=\u00bbleft\u00bb advanced_animations=\u00bbno\u00bb item_padding=\u00bb5% 2% 5% 10%\u00bb background_color=\u00bb#ad1a22&#8243;][vc_column_text]<\/p>\n<h2 class=\"feed4\"><span style=\"color: #ffffff;\">Prevenci\u00f3n de la acidosis ruminal<\/span><\/h2>\n<p>[\/vc_column_text][vc_single_image image=\u00bb397902&#8243; img_size=\u00bb50&#215;25&#8243; qode_css_animation=\u00bb\u00bb css=\u00bb.vc_custom_1592232787710{padding-top: 5% !important;padding-bottom: 5% !important;}\u00bb][vc_column_text]<span style=\"color: #ffffff;\">La suplementaci\u00f3n con levaduras probi\u00f3ticas de Actisaf<sup>\u00ae<\/sup> apoya la adaptaci\u00f3n bacteriana del rumen a dietas altas en energ\u00eda, lo que reduce el riesgo de acidosis ruminal. La suplementaci\u00f3n con Actisaf<sup>\u00ae<\/sup> mejora la conversi\u00f3n alimenticia y ganancia diaria de peso en la fase de adaptaci\u00f3n. En toda la finalizaci\u00f3n se observa el efecto de transferencia.<\/span><\/p>\n<p>&nbsp;<\/p>\n<p><span style=\"color: #ffffff;\">Los datos de 1,036 animales de engorde, suplementados con 5g de Actisaf<sup>\u00ae<\/sup>, 10g de Safmannan<sup>\u00ae<\/sup> y 0,2mg de Se\/Kg de MS de Selsaf<sup>\u00ae<\/sup> durante 30 d\u00edas en el per\u00edodo de recepci\u00f3n, mostraron la capacidad de Actisaf<sup>\u00ae<\/sup> de mejorar las condiciones del rumen y apoyar la fermentaci\u00f3n de las bacterias ruminales. El resultado final es una mejor eficiencia alimenticia y mayor ganancia de peso, no solo durante el per\u00edodo de recepci\u00f3n, sino durante todo el per\u00edodo de finalizaci\u00f3n.<\/span>[\/vc_column_text][\/qode_elements_holder_item][qode_elements_holder_item advanced_animations=\u00bbno\u00bb][vc_single_image image=\u00bb404405&#8243; img_size=\u00bbfull\u00bb onclick=\u00bblink_image\u00bb qode_css_animation=\u00bb\u00bb qode_hover_animation=\u00bbzoom_in\u00bb][\/qode_elements_holder_item][\/qode_elements_holder][\/vc_column][\/vc_row][vc_row css_animation=\u00bb\u00bb row_type=\u00bbrow\u00bb use_row_as_full_screen_section=\u00bbyes\u00bb type=\u00bbfull_width\u00bb angled_section=\u00bbno\u00bb text_align=\u00bbleft\u00bb background_image_as_pattern=\u00bbwithout_pattern\u00bb z_index=\u00bb\u00bb][vc_column][vc_separator type=\u00bbtransparent\u00bb up=\u00bb10&#8243; down=\u00bb10&#8243;][vc_column_text css=\u00bb.vc_custom_1593404540291{padding-top: 2% !important;padding-bottom: 2% !important;}\u00bb]<\/p>\n<h2 class=\"feed3\"><span style=\"color: #4d4d4c;\">Descubra m\u00e1s sobre el manejo de ganado de carne<\/span><\/h2>\n<p>[\/vc_column_text][vc_separator type=\u00bbtransparent\u00bb up=\u00bb5&#8243; down=\u00bb5&#8243;][\/vc_column][vc_column width=\u00bb1\/4&#8243;][vc_single_image image=\u00bb403203&#8243; img_size=\u00bbfull\u00bb alignment=\u00bbcenter\u00bb onclick=\u00bbcustom_link\u00bb qode_css_animation=\u00bb\u00bb qode_hover_animation=\u00bbzoom_in\u00bb css=\u00bb.vc_custom_1606376883420{padding-top: 5% !important;padding-bottom: 5% !important;}\u00bb link=\u00bb\/es\/ganado-de-carne\/estres-e-inmunidad-del-ganado-de-carne\/\u00bb][\/vc_column][vc_column width=\u00bb1\/4&#8243;][vc_single_image image=\u00bb403199&#8243; img_size=\u00bbfull\u00bb alignment=\u00bbcenter\u00bb onclick=\u00bbcustom_link\u00bb qode_css_animation=\u00bb\u00bb qode_hover_animation=\u00bbzoom_in\u00bb css=\u00bb.vc_custom_1606376911667{padding-top: 5% !important;padding-bottom: 5% !important;}\u00bb link=\u00bb\/es\/ganado-de-carne\/ganado-de-carne-para-una-buena-calidad-de-la-carne-de-res\/\u00bb][\/vc_column][vc_column width=\u00bb1\/4&#8243;][vc_single_image image=\u00bb403207&#8243; img_size=\u00bbfull\u00bb alignment=\u00bbcenter\u00bb onclick=\u00bbcustom_link\u00bb qode_css_animation=\u00bb\u00bb qode_hover_animation=\u00bbzoom_in\u00bb css=\u00bb.vc_custom_1606376956715{padding-top: 5% !important;padding-bottom: 5% !important;}\u00bb link=\u00bb\/es\/ganado-de-carne\/carne-de-res-optimizacion-ganancia-de-peso-y-conversion-alimenticia\/\u00bb][\/vc_column][vc_column width=\u00bb1\/4&#8243;][\/vc_column][\/vc_row]<\/p>\n<\/div>","protected":false},"excerpt":{"rendered":"<p>[vc_row css_animation=\u00bb\u00bb row_type=\u00bbrow\u00bb use_row_as_full_screen_section=\u00bbno\u00bb type=\u00bbfull_width\u00bb angled_section=\u00bbno\u00bb text_align=\u00bbleft\u00bb background_image_as_pattern=\u00bbwithout_pattern\u00bb][vc_column][qode_elements_holder number_of_columns=\u00bbtwo_columns\u00bb][qode_elements_holder_item vertical_alignment=\u00bbmiddle\u00bb horizontal_alignment=\u00bbleft\u00bb advanced_animations=\u00bbno\u00bb item_padding=\u00bb5% 8% 5% 0%\u00bb][vc_column_text] Salud del rumen y eficiencia alimenticia [\/vc_column_text][vc_single_image image=\u00bb398042&#8243; img_size=\u00bb65&#215;33&#8243; qode_css_animation=\u00bb\u00bb css=\u00bb.vc_custom_1590613047306{padding-top: 5% !important;padding-bottom: 5% !important;}\u00bb][vc_column_text css=\u00bb.vc_custom_1592494416695{padding-right: 8% !important;}\u00bb]El ganado de carne se desteta y cr\u00eda con pastura hasta alcanzar&#8230;<\/p>\n","protected":false},"author":1,"featured_media":0,"parent":401445,"menu_order":0,"comment_status":"closed","ping_status":"closed","template":"full_width.php","meta":{"footnotes":""},"class_list":["post-401733","page","type-page","status-publish","hentry"],"yoast_head":"<!-- This site is optimized with the Yoast SEO Premium plugin v25.9 (Yoast SEO v27.4) - https:\/\/yoast.com\/product\/yoast-seo-premium-wordpress\/ -->\n<title>Salud ruminal y eficiencia alimenticia del ganado de carne &#8226; Phileo by Lesaffre<\/title>\n<meta name=\"robots\" content=\"index, follow, max-snippet:-1, max-image-preview:large, max-video-preview:-1\" \/>\n<link rel=\"canonical\" href=\"https:\/\/phileo-lesaffre.com\/es\/ganado-de-carne\/salud-ruminal-y-eficiencia-alimenticia-del-ganado-de-carne\/\" \/>\n<meta property=\"og:locale\" content=\"es_ES\" \/>\n<meta property=\"og:type\" content=\"article\" \/>\n<meta property=\"og:title\" content=\"Salud ruminal y eficiencia alimenticia del ganado de carne\" \/>\n<meta property=\"og:description\" content=\"Salud del rumen y eficiencia alimenticia El ganado de carne se desteta y cr\u00eda con pastura hasta alcanzar el peso corporal suficiente para trasladarlo a un\" \/>\n<meta property=\"og:url\" content=\"https:\/\/phileo-lesaffre.com\/es\/ganado-de-carne\/salud-ruminal-y-eficiencia-alimenticia-del-ganado-de-carne\/\" \/>\n<meta property=\"og:site_name\" content=\"Phileo by Lesaffre\" \/>\n<meta property=\"article:publisher\" content=\"https:\/\/www.facebook.com\/phileo.lesaffre\/\" \/>\n<meta property=\"article:modified_time\" content=\"2021-09-02T12:19:36+00:00\" \/>\n<meta name=\"twitter:card\" content=\"summary_large_image\" \/>\n<meta name=\"twitter:site\" content=\"@PhileoLesaffre\" \/>\n<script type=\"application\/ld+json\" class=\"yoast-schema-graph\">{\"@context\":\"https:\\\/\\\/schema.org\",\"@graph\":[{\"@type\":\"WebPage\",\"@id\":\"https:\\\/\\\/phileo-lesaffre.com\\\/es\\\/ganado-de-carne\\\/salud-ruminal-y-eficiencia-alimenticia-del-ganado-de-carne\\\/\",\"url\":\"https:\\\/\\\/phileo-lesaffre.com\\\/es\\\/ganado-de-carne\\\/salud-ruminal-y-eficiencia-alimenticia-del-ganado-de-carne\\\/\",\"name\":\"Salud ruminal y eficiencia alimenticia del ganado de carne &#8226; Phileo by Lesaffre\",\"isPartOf\":{\"@id\":\"https:\\\/\\\/phileo-lesaffre.com\\\/es\\\/#website\"},\"datePublished\":\"2020-11-18T06:33:59+00:00\",\"dateModified\":\"2021-09-02T12:19:36+00:00\",\"breadcrumb\":{\"@id\":\"https:\\\/\\\/phileo-lesaffre.com\\\/es\\\/ganado-de-carne\\\/salud-ruminal-y-eficiencia-alimenticia-del-ganado-de-carne\\\/#breadcrumb\"},\"inLanguage\":\"es\",\"potentialAction\":[{\"@type\":\"ReadAction\",\"target\":[\"https:\\\/\\\/phileo-lesaffre.com\\\/es\\\/ganado-de-carne\\\/salud-ruminal-y-eficiencia-alimenticia-del-ganado-de-carne\\\/\"]}]},{\"@type\":\"BreadcrumbList\",\"@id\":\"https:\\\/\\\/phileo-lesaffre.com\\\/es\\\/ganado-de-carne\\\/salud-ruminal-y-eficiencia-alimenticia-del-ganado-de-carne\\\/#breadcrumb\",\"itemListElement\":[{\"@type\":\"ListItem\",\"position\":1,\"name\":\"Phileo by Lesaffre\",\"item\":\"https:\\\/\\\/phileo-lesaffre.com\\\/es\\\/\"},{\"@type\":\"ListItem\",\"position\":2,\"name\":\"Ganado de carne\",\"item\":\"https:\\\/\\\/phileo-lesaffre.com\\\/es\\\/ganado-de-carne\\\/\"},{\"@type\":\"ListItem\",\"position\":3,\"name\":\"Salud ruminal y eficiencia alimenticia del ganado de carne\"}]},{\"@type\":\"WebSite\",\"@id\":\"https:\\\/\\\/phileo-lesaffre.com\\\/es\\\/#website\",\"url\":\"https:\\\/\\\/phileo-lesaffre.com\\\/es\\\/\",\"name\":\"Phileo by Lesaffre\",\"description\":\"Animal nutrition and health from yeast products\",\"publisher\":{\"@id\":\"https:\\\/\\\/phileo-lesaffre.com\\\/es\\\/#organization\"},\"potentialAction\":[{\"@type\":\"SearchAction\",\"target\":{\"@type\":\"EntryPoint\",\"urlTemplate\":\"https:\\\/\\\/phileo-lesaffre.com\\\/es\\\/?s={search_term_string}\"},\"query-input\":{\"@type\":\"PropertyValueSpecification\",\"valueRequired\":true,\"valueName\":\"search_term_string\"}}],\"inLanguage\":\"es\"},{\"@type\":\"Organization\",\"@id\":\"https:\\\/\\\/phileo-lesaffre.com\\\/es\\\/#organization\",\"name\":\"Phileo by Lesaffre\",\"url\":\"https:\\\/\\\/phileo-lesaffre.com\\\/es\\\/\",\"logo\":{\"@type\":\"ImageObject\",\"inLanguage\":\"es\",\"@id\":\"https:\\\/\\\/phileo-lesaffre.com\\\/es\\\/#\\\/schema\\\/logo\\\/image\\\/\",\"url\":\"https:\\\/\\\/phileo-lesaffre.com\\\/wp-content\\\/uploads\\\/2019\\\/04\\\/logo-phileo-lesaffre-1.jpg\",\"contentUrl\":\"https:\\\/\\\/phileo-lesaffre.com\\\/wp-content\\\/uploads\\\/2019\\\/04\\\/logo-phileo-lesaffre-1.jpg\",\"width\":500,\"height\":250,\"caption\":\"Phileo by Lesaffre\"},\"image\":{\"@id\":\"https:\\\/\\\/phileo-lesaffre.com\\\/es\\\/#\\\/schema\\\/logo\\\/image\\\/\"},\"sameAs\":[\"https:\\\/\\\/www.facebook.com\\\/phileo.lesaffre\\\/\",\"https:\\\/\\\/x.com\\\/PhileoLesaffre\",\"https:\\\/\\\/www.linkedin.com\\\/company\\\/phileo\\\/\"]}]}<\/script>\n<!-- \/ Yoast SEO Premium plugin. -->","yoast_head_json":{"title":"Salud ruminal y eficiencia alimenticia del ganado de carne &#8226; Phileo by Lesaffre","robots":{"index":"index","follow":"follow","max-snippet":"max-snippet:-1","max-image-preview":"max-image-preview:large","max-video-preview":"max-video-preview:-1"},"canonical":"https:\/\/phileo-lesaffre.com\/es\/ganado-de-carne\/salud-ruminal-y-eficiencia-alimenticia-del-ganado-de-carne\/","og_locale":"es_ES","og_type":"article","og_title":"Salud ruminal y eficiencia alimenticia del ganado de carne","og_description":"Salud del rumen y eficiencia alimenticia El ganado de carne se desteta y cr\u00eda con pastura hasta alcanzar el peso corporal suficiente para trasladarlo a un","og_url":"https:\/\/phileo-lesaffre.com\/es\/ganado-de-carne\/salud-ruminal-y-eficiencia-alimenticia-del-ganado-de-carne\/","og_site_name":"Phileo by Lesaffre","article_publisher":"https:\/\/www.facebook.com\/phileo.lesaffre\/","article_modified_time":"2021-09-02T12:19:36+00:00","twitter_card":"summary_large_image","twitter_site":"@PhileoLesaffre","schema":{"@context":"https:\/\/schema.org","@graph":[{"@type":"WebPage","@id":"https:\/\/phileo-lesaffre.com\/es\/ganado-de-carne\/salud-ruminal-y-eficiencia-alimenticia-del-ganado-de-carne\/","url":"https:\/\/phileo-lesaffre.com\/es\/ganado-de-carne\/salud-ruminal-y-eficiencia-alimenticia-del-ganado-de-carne\/","name":"Salud ruminal y eficiencia alimenticia del ganado de carne &#8226; Phileo by Lesaffre","isPartOf":{"@id":"https:\/\/phileo-lesaffre.com\/es\/#website"},"datePublished":"2020-11-18T06:33:59+00:00","dateModified":"2021-09-02T12:19:36+00:00","breadcrumb":{"@id":"https:\/\/phileo-lesaffre.com\/es\/ganado-de-carne\/salud-ruminal-y-eficiencia-alimenticia-del-ganado-de-carne\/#breadcrumb"},"inLanguage":"es","potentialAction":[{"@type":"ReadAction","target":["https:\/\/phileo-lesaffre.com\/es\/ganado-de-carne\/salud-ruminal-y-eficiencia-alimenticia-del-ganado-de-carne\/"]}]},{"@type":"BreadcrumbList","@id":"https:\/\/phileo-lesaffre.com\/es\/ganado-de-carne\/salud-ruminal-y-eficiencia-alimenticia-del-ganado-de-carne\/#breadcrumb","itemListElement":[{"@type":"ListItem","position":1,"name":"Phileo by Lesaffre","item":"https:\/\/phileo-lesaffre.com\/es\/"},{"@type":"ListItem","position":2,"name":"Ganado de carne","item":"https:\/\/phileo-lesaffre.com\/es\/ganado-de-carne\/"},{"@type":"ListItem","position":3,"name":"Salud ruminal y eficiencia alimenticia del ganado de carne"}]},{"@type":"WebSite","@id":"https:\/\/phileo-lesaffre.com\/es\/#website","url":"https:\/\/phileo-lesaffre.com\/es\/","name":"Phileo by Lesaffre","description":"Animal nutrition and health from yeast products","publisher":{"@id":"https:\/\/phileo-lesaffre.com\/es\/#organization"},"potentialAction":[{"@type":"SearchAction","target":{"@type":"EntryPoint","urlTemplate":"https:\/\/phileo-lesaffre.com\/es\/?s={search_term_string}"},"query-input":{"@type":"PropertyValueSpecification","valueRequired":true,"valueName":"search_term_string"}}],"inLanguage":"es"},{"@type":"Organization","@id":"https:\/\/phileo-lesaffre.com\/es\/#organization","name":"Phileo by Lesaffre","url":"https:\/\/phileo-lesaffre.com\/es\/","logo":{"@type":"ImageObject","inLanguage":"es","@id":"https:\/\/phileo-lesaffre.com\/es\/#\/schema\/logo\/image\/","url":"https:\/\/phileo-lesaffre.com\/wp-content\/uploads\/2019\/04\/logo-phileo-lesaffre-1.jpg","contentUrl":"https:\/\/phileo-lesaffre.com\/wp-content\/uploads\/2019\/04\/logo-phileo-lesaffre-1.jpg","width":500,"height":250,"caption":"Phileo by Lesaffre"},"image":{"@id":"https:\/\/phileo-lesaffre.com\/es\/#\/schema\/logo\/image\/"},"sameAs":["https:\/\/www.facebook.com\/phileo.lesaffre\/","https:\/\/x.com\/PhileoLesaffre","https:\/\/www.linkedin.com\/company\/phileo\/"]}]}},"_links":{"self":[{"href":"https:\/\/phileo-lesaffre.com\/es\/wp-json\/wp\/v2\/pages\/401733","targetHints":{"allow":["GET"]}}],"collection":[{"href":"https:\/\/phileo-lesaffre.com\/es\/wp-json\/wp\/v2\/pages"}],"about":[{"href":"https:\/\/phileo-lesaffre.com\/es\/wp-json\/wp\/v2\/types\/page"}],"author":[{"embeddable":true,"href":"https:\/\/phileo-lesaffre.com\/es\/wp-json\/wp\/v2\/users\/1"}],"replies":[{"embeddable":true,"href":"https:\/\/phileo-lesaffre.com\/es\/wp-json\/wp\/v2\/comments?post=401733"}],"version-history":[{"count":0,"href":"https:\/\/phileo-lesaffre.com\/es\/wp-json\/wp\/v2\/pages\/401733\/revisions"}],"up":[{"embeddable":true,"href":"https:\/\/phileo-lesaffre.com\/es\/wp-json\/wp\/v2\/pages\/401445"}],"wp:attachment":[{"href":"https:\/\/phileo-lesaffre.com\/es\/wp-json\/wp\/v2\/media?parent=401733"}],"curies":[{"name":"wp","href":"https:\/\/api.w.org\/{rel}","templated":true}]}}