{"id":401704,"date":"2020-11-18T07:33:22","date_gmt":"2020-11-18T06:33:22","guid":{"rendered":"http:\/\/phileo-lesaffre.com\/ponedoras\/ponedoras-salud-intestinal-modulacion-de-la-microbiota\/"},"modified":"2020-12-16T08:53:42","modified_gmt":"2020-12-16T07:53:42","slug":"ponedoras-salud-intestinal-modulacion-de-la-microbiota","status":"publish","type":"page","link":"https:\/\/phileo-lesaffre.com\/es\/ponedoras\/ponedoras-salud-intestinal-modulacion-de-la-microbiota\/","title":{"rendered":"Ponedoras salud intestinal modulaci\u00f3n de la microbiota"},"content":{"rendered":"<div class=\"wpb-content-wrapper\"><p>[vc_row css_animation=\u00bb\u00bb row_type=\u00bbrow\u00bb use_row_as_full_screen_section=\u00bbno\u00bb type=\u00bbfull_width\u00bb angled_section=\u00bbno\u00bb text_align=\u00bbleft\u00bb background_image_as_pattern=\u00bbwithout_pattern\u00bb][vc_column][qode_elements_holder number_of_columns=\u00bbtwo_columns\u00bb custom_class=\u00bbtete\u00bb][qode_elements_holder_item vertical_alignment=\u00bbmiddle\u00bb horizontal_alignment=\u00bbleft\u00bb advanced_animations=\u00bbno\u00bb item_padding=\u00bb5% 8% 5% 0%\u00bb][vc_column_text]<\/p>\n<h2 class=\"feed2\"><span style=\"color: #4d4d4c;\">Manejo de la salud intestinal y la modulaci\u00f3n de la microbiota<\/span><\/h2>\n<p>[\/vc_column_text][vc_single_image image=\u00bb398042&#8243; img_size=\u00bb65&#215;33&#8243; qode_css_animation=\u00bb\u00bb css=\u00bb.vc_custom_1590613047306{padding-top: 5% !important;padding-bottom: 5% !important;}\u00bb][vc_column_text css=\u00bb.vc_custom_1592474235276{padding-right: 8% !important;}\u00bb]El objetivo en la producci\u00f3n de gallinas ponedoras es que a las 100 semanas de edad se produzcan 500 huevos por gallina. Esto genera un estr\u00e9s constante en las aves debido al paso de prote\u00edna, grasa y energ\u00eda al huevo, que resulta en inflamaci\u00f3n fisiol\u00f3gica cr\u00f3nica. Algunas bacterias, como la <em>E.coli<\/em>, pueden beneficiarse de este estado intestinal para crecer e impactar en la salud intestinal. Ya que el 70 % de la capacidad del sistema inmunitario de las aves se localiza en el intestino, la m\u00ednima enteritis podr\u00eda impactar en la producci\u00f3n de huevo y volverlas m\u00e1s sensibles a las enfermedades. Es importante mantener una buena salud intestinal para transformar el alimento en huevo y proteger los m\u00e1rgenes del productor.<\/p>\n<p>&nbsp;<\/p>\n<p>La administraci\u00f3n de Safmannan\u00ae a aves de alto desempe\u00f1o ha demostrado reducir los efectos del estr\u00e9s de la producci\u00f3n y mejorar la salud intestinal.[\/vc_column_text][vc_single_image image=\u00bb400288&#8243; img_size=\u00bb120&#215;178&#8243; alignment=\u00bbright\u00bb qode_css_animation=\u00bb\u00bb][\/qode_elements_holder_item][qode_elements_holder_item cover=\u00bbyes\u00bb vertical_alignment=\u00bbmiddle\u00bb horizontal_alignment=\u00bbleft\u00bb advanced_animations=\u00bbno\u00bb background_image=\u00bb396300&#8243;][\/qode_elements_holder_item][\/qode_elements_holder][\/vc_column][\/vc_row][vc_row css_animation=\u00bb\u00bb row_type=\u00bbrow\u00bb use_row_as_full_screen_section=\u00bbno\u00bb type=\u00bbfull_width\u00bb angled_section=\u00bbno\u00bb text_align=\u00bbleft\u00bb background_image_as_pattern=\u00bbwithout_pattern\u00bb z_index=\u00bb\u00bb][vc_column][qode_elements_holder number_of_columns=\u00bbtwo_columns\u00bb][qode_elements_holder_item vertical_alignment=\u00bbmiddle\u00bb horizontal_alignment=\u00bbleft\u00bb advanced_animations=\u00bbno\u00bb item_padding=\u00bb5% 2% 5% 10%\u00bb background_color=\u00bb#e58734&#8243;][vc_column_text]<\/p>\n<h2 class=\"feed4\"><span style=\"color: #ffffff;\">Mejoramiento de la morfolog\u00eda intestinal<\/span><\/h2>\n<p>[\/vc_column_text][vc_single_image image=\u00bb397902&#8243; img_size=\u00bb50&#215;25&#8243; qode_css_animation=\u00bb\u00bb css=\u00bb.vc_custom_1592227932921{padding-top: 5% !important;padding-bottom: 5% !important;}\u00bb][vc_column_text css=\u00bb.vc_custom_1592474446719{padding-right: 10% !important;}\u00bb]<span style=\"color: #ffffff;\">Un estudio de 2015 en la Universidad Agr\u00edcola Shandong, China, involucr\u00f3 3 grupos diferentes de gallinas en jaulas a partir de 12 semanas a las 29 semanas de edad. Un grupo no recibi\u00f3 suplementaci\u00f3n ni estr\u00e9s por densidad (550 cm\u00b2\/ponedora = baja densidad (est\u00e1ndares chinos)). Otro grupo no recibi\u00f3 suplementaci\u00f3n, pero tuvo estr\u00e9s por densidad (333 cm\u00b2\/ponedora = alta densidad). El tercer grupo suplementado con Safmannan\u00ae a 250 g\/ton, tuvo estr\u00e9s de alta densidad (AD).<\/span><\/p>\n<p><span style=\"color: #ffffff;\">A pesar del estr\u00e9s, en el grupo Safmannan\u00ae las vellosidades del yeyuno permanecieron num\u00e9ricamente m\u00e1s largas que en el grupo control AD. Adem\u00e1s, en el grupo Safmannan\u00ae las criptas fueron significativamente menos profundas en comparaci\u00f3n con los otros 2 grupos, lo cual indica una mejor salud intestinal. Safmannan\u00ae ayud\u00f3 a conservar una mejor morfolog\u00eda intestinal bajo condiciones de estr\u00e9s, lo cual permite una mejor absorci\u00f3n del alimento y mejor eficiencia alimenticia.<\/span>[\/vc_column_text][\/qode_elements_holder_item][qode_elements_holder_item advanced_animations=\u00bbno\u00bb][vc_single_image image=\u00bb404596&#8243; img_size=\u00bbfull\u00bb alignment=\u00bbcenter\u00bb onclick=\u00bblink_image\u00bb qode_css_animation=\u00bb\u00bb qode_hover_animation=\u00bbzoom_in\u00bb][\/qode_elements_holder_item][\/qode_elements_holder][\/vc_column][\/vc_row][vc_row css_animation=\u00bb\u00bb row_type=\u00bbrow\u00bb use_row_as_full_screen_section=\u00bbno\u00bb type=\u00bbfull_width\u00bb angled_section=\u00bbno\u00bb text_align=\u00bbleft\u00bb background_image_as_pattern=\u00bbwithout_pattern\u00bb css=\u00bb.vc_custom_1592234497567{background-color: #ffffff !important;}\u00bb z_index=\u00bb\u00bb][vc_column][qode_elements_holder number_of_columns=\u00bbtwo_columns\u00bb][qode_elements_holder_item advanced_animations=\u00bbno\u00bb][vc_single_image image=\u00bb404600&#8243; img_size=\u00bbfull\u00bb onclick=\u00bblink_image\u00bb qode_css_animation=\u00bb\u00bb qode_hover_animation=\u00bbzoom_in\u00bb][\/qode_elements_holder_item][qode_elements_holder_item vertical_alignment=\u00bbmiddle\u00bb horizontal_alignment=\u00bbleft\u00bb advanced_animations=\u00bbno\u00bb item_padding=\u00bb5% 10% 5% 5%\u00bb background_color=\u00bb#706f6f\u00bb][vc_column_text]<\/p>\n<h2 class=\"feed4\"><span style=\"color: #ffffff;\">Conservaci\u00f3n de la uni\u00f3n intercelular herm\u00e9tica y la integridad del epitelio<\/span><\/h2>\n<p>[\/vc_column_text][vc_single_image image=\u00bb397902&#8243; img_size=\u00bb50&#215;25&#8243; qode_css_animation=\u00bb\u00bb css=\u00bb.vc_custom_1592232787710{padding-top: 5% !important;padding-bottom: 5% !important;}\u00bb][vc_column_text]<span style=\"color: #ffffff;\">El IRTA tambi\u00e9n llev\u00f3 a cabo un estudio para evaluar los efectos de Safmannan\u00ae en la integridad de la uni\u00f3n intercelular herm\u00e9tica. Se uso el m\u00e9todo fluorescencia, que destaca ZO-1, la principal prote\u00edna que comprende la uni\u00f3n intercelular herm\u00e9tica, en la superficie de las vellosidades. Los puntos de fluorescencia fueron m\u00e1s intensos en el grupo de Safmannan\u00ae que en el control. Esto demostr\u00f3 una mejor integridad de la uni\u00f3n intercelular herm\u00e9tica, gracias a Safmannan\u00ae despu\u00e9s de un desaf\u00edo local de inflamaci\u00f3n. Esto ayuda a disminuir el paso de fluidos del torrente sangu\u00edneo al intestino, por lo tanto evita el intestino permeable y las heces h\u00famedas.<\/span><br \/>\n[\/vc_column_text][\/qode_elements_holder_item][\/qode_elements_holder][\/vc_column][\/vc_row][vc_row css_animation=\u00bb\u00bb row_type=\u00bbrow\u00bb use_row_as_full_screen_section=\u00bbno\u00bb type=\u00bbfull_width\u00bb angled_section=\u00bbno\u00bb text_align=\u00bbleft\u00bb background_image_as_pattern=\u00bbwithout_pattern\u00bb z_index=\u00bb\u00bb][vc_column][qode_elements_holder number_of_columns=\u00bbtwo_columns\u00bb][qode_elements_holder_item vertical_alignment=\u00bbmiddle\u00bb horizontal_alignment=\u00bbleft\u00bb advanced_animations=\u00bbno\u00bb item_padding=\u00bb5% 2% 5% 10%\u00bb background_color=\u00bb#e58734&#8243;][vc_column_text]<\/p>\n<h2 class=\"feed4\"><span style=\"color: #ffffff;\">Disminuci\u00f3n de la presi\u00f3n de pat\u00f3genos y mantenimiento de un buen equilibrio en la microbiota intestinal<\/span><\/h2>\n<p>[\/vc_column_text][vc_single_image image=\u00bb397902&#8243; img_size=\u00bb50&#215;25&#8243; qode_css_animation=\u00bb\u00bb css=\u00bb.vc_custom_1592232787710{padding-top: 5% !important;padding-bottom: 5% !important;}\u00bb][vc_column_text]<span style=\"color: #ffffff;\">En el estudio de la Universidad Agr\u00edcola de Shandong, se enumer\u00f3 <em>E.coli<\/em> (bacteria potencialmente pat\u00f3gena) y Lactobacillus (bacteria intestinal ben\u00e9fica) en el \u00edleon y el yeyuno a la semana 29, el fin del estudio.<\/span><\/p>\n<p>&nbsp;<\/p>\n<p><span style=\"color: #ffffff;\">En cada zona intestinal la <em>E.coli<\/em> en el grupo Safmannan\u00ae se redujo significativamente, mientras que los Lactobacillus aumentaron significativamente, lo que muestra un mejor equilibrio de la microbiota intestinal gracias al producto.<\/span>[\/vc_column_text][\/qode_elements_holder_item][qode_elements_holder_item advanced_animations=\u00bbno\u00bb][vc_single_image image=\u00bb404604&#8243; img_size=\u00bbfull\u00bb onclick=\u00bblink_image\u00bb qode_css_animation=\u00bb\u00bb qode_hover_animation=\u00bbzoom_in\u00bb][\/qode_elements_holder_item][\/qode_elements_holder][\/vc_column][\/vc_row][vc_row css_animation=\u00bb\u00bb row_type=\u00bbrow\u00bb use_row_as_full_screen_section=\u00bbno\u00bb type=\u00bbfull_width\u00bb angled_section=\u00bbno\u00bb text_align=\u00bbleft\u00bb background_image_as_pattern=\u00bbwithout_pattern\u00bb z_index=\u00bb\u00bb][vc_column][qode_elements_holder number_of_columns=\u00bbtwo_columns\u00bb][qode_elements_holder_item advanced_animations=\u00bbno\u00bb][vc_single_image image=\u00bb404609&#8243; img_size=\u00bbfull\u00bb onclick=\u00bblink_image\u00bb qode_css_animation=\u00bb\u00bb qode_hover_animation=\u00bbzoom_in\u00bb][\/qode_elements_holder_item][qode_elements_holder_item vertical_alignment=\u00bbmiddle\u00bb horizontal_alignment=\u00bbleft\u00bb advanced_animations=\u00bbno\u00bb item_padding=\u00bb5% 2% 5% 10%\u00bb background_color=\u00bb#706f6f\u00bb][vc_column_text]<\/p>\n<h2 class=\"feed4\"><span style=\"color: #ffffff;\">Pruebas in vitro con Safmannan<\/span><\/h2>\n<p>[\/vc_column_text][vc_single_image image=\u00bb397902&#8243; img_size=\u00bb50&#215;25&#8243; qode_css_animation=\u00bb\u00bb css=\u00bb.vc_custom_1592232787710{padding-top: 5% !important;padding-bottom: 5% !important;}\u00bb][vc_column_text]<span style=\"color: #ffffff;\">Varios estudios in vitro han demostrado la capacidad de Safmannan\u00ae de aglutinar fimbrias de bacterias gram negativas, como <em>E.coli. .<\/em> Esto es \u00fatil cuando hay picos de mortalidad en granjas de gallinas de postura comerciales por cause de E. coli durante el periodo de producci\u00f3n de huevo y el tratamiento con antibi\u00f3tico est\u00e1 prohibido a menos que se eliminen los huevos.<\/span><\/p>\n<p>&nbsp;<\/p>\n<p><span style=\"color: #ffffff;\">Los siguientes datos son de una granja de reproductoras de 8,000 aves en el Reino Unido y 2 granjas de ponedoras en Polonia, cada una con 60,000 aves. Los productores involucrados observaron una disminuci\u00f3n en las mortalidades 48 horas despu\u00e9s de suplementar Safmannan\u00ae. <em>Las poblaciones de E.coli<\/em> en el intestino se redujeron dr\u00e1sticamente.<\/span>[\/vc_column_text][\/qode_elements_holder_item][\/qode_elements_holder][vc_separator type=\u00bbnormal\u00bb color=\u00bb#ffffff\u00bb][\/vc_column][\/vc_row][vc_row css_animation=\u00bb\u00bb row_type=\u00bbrow\u00bb use_row_as_full_screen_section=\u00bbyes\u00bb type=\u00bbfull_width\u00bb angled_section=\u00bbno\u00bb text_align=\u00bbleft\u00bb background_image_as_pattern=\u00bbwithout_pattern\u00bb z_index=\u00bb\u00bb][vc_column][vc_separator type=\u00bbtransparent\u00bb up=\u00bb10&#8243; down=\u00bb10&#8243;][vc_column_text css=\u00bb.vc_custom_1593403421530{padding-top: 2% !important;padding-bottom: 2% !important;}\u00bb]<\/p>\n<h2 class=\"feed3\"><span style=\"color: #4d4d4c;\">Descubra m\u00e1s sobre el manejo de ponedoras<\/span><\/h2>\n<p>[\/vc_column_text][vc_separator type=\u00bbtransparent\u00bb up=\u00bb5&#8243; down=\u00bb5&#8243;][\/vc_column][vc_column width=\u00bb1\/4&#8243;][vc_single_image image=\u00bb403275&#8243; img_size=\u00bbfull\u00bb alignment=\u00bbcenter\u00bb onclick=\u00bbcustom_link\u00bb qode_css_animation=\u00bb\u00bb qode_hover_animation=\u00bbzoom_in\u00bb css=\u00bb.vc_custom_1606381452119{padding-top: 5% !important;padding-bottom: 5% !important;}\u00bb link=\u00bb\/es\/ponedoras\/control-de-salmonella-en-ponedoras\/\u00bb][\/vc_column][vc_column width=\u00bb1\/4&#8243;][vc_single_image image=\u00bb403283&#8243; img_size=\u00bbfull\u00bb alignment=\u00bbcenter\u00bb onclick=\u00bbcustom_link\u00bb qode_css_animation=\u00bb\u00bb qode_hover_animation=\u00bbzoom_in\u00bb css=\u00bb.vc_custom_1606381487512{padding-top: 5% !important;padding-bottom: 5% !important;}\u00bb link=\u00bb\/es\/ponedoras\/inmunomodulacion-en-ponedoras\/\u00bb][\/vc_column][vc_column width=\u00bb1\/4&#8243;][vc_single_image image=\u00bb403279&#8243; img_size=\u00bbfull\u00bb alignment=\u00bbcenter\u00bb onclick=\u00bbcustom_link\u00bb qode_css_animation=\u00bb\u00bb qode_hover_animation=\u00bbzoom_in\u00bb css=\u00bb.vc_custom_1606381536024{padding-top: 5% !important;padding-bottom: 5% !important;}\u00bb link=\u00bb\/es\/ponedoras\/desempeno-de-postura-en-ponedoras\/\u00bb][\/vc_column][vc_column width=\u00bb1\/4&#8243;][\/vc_column][\/vc_row]<\/p>\n<\/div>","protected":false},"excerpt":{"rendered":"<p>[vc_row css_animation=\u00bb\u00bb row_type=\u00bbrow\u00bb use_row_as_full_screen_section=\u00bbno\u00bb type=\u00bbfull_width\u00bb angled_section=\u00bbno\u00bb text_align=\u00bbleft\u00bb background_image_as_pattern=\u00bbwithout_pattern\u00bb][vc_column][qode_elements_holder number_of_columns=\u00bbtwo_columns\u00bb custom_class=\u00bbtete\u00bb][qode_elements_holder_item vertical_alignment=\u00bbmiddle\u00bb horizontal_alignment=\u00bbleft\u00bb advanced_animations=\u00bbno\u00bb item_padding=\u00bb5% 8% 5% 0%\u00bb][vc_column_text] Manejo de la salud intestinal y la modulaci\u00f3n de la microbiota [\/vc_column_text][vc_single_image image=\u00bb398042&#8243; img_size=\u00bb65&#215;33&#8243; qode_css_animation=\u00bb\u00bb css=\u00bb.vc_custom_1590613047306{padding-top: 5% !important;padding-bottom: 5% !important;}\u00bb][vc_column_text css=\u00bb.vc_custom_1592474235276{padding-right: 8% !important;}\u00bb]El objetivo en la producci\u00f3n de&#8230;<\/p>\n","protected":false},"author":1,"featured_media":0,"parent":401477,"menu_order":0,"comment_status":"closed","ping_status":"closed","template":"full_width.php","meta":{"footnotes":""},"class_list":["post-401704","page","type-page","status-publish","hentry"],"yoast_head":"<!-- This site is optimized with the Yoast SEO Premium plugin v25.9 (Yoast SEO v27.3) - https:\/\/yoast.com\/product\/yoast-seo-premium-wordpress\/ -->\n<title>Ponedoras salud intestinal modulaci\u00f3n de la microbiota &#8226; Phileo by Lesaffre<\/title>\n<meta name=\"robots\" content=\"index, follow, max-snippet:-1, max-image-preview:large, max-video-preview:-1\" \/>\n<link rel=\"canonical\" href=\"https:\/\/phileo-lesaffre.com\/es\/ponedoras\/ponedoras-salud-intestinal-modulacion-de-la-microbiota\/\" \/>\n<meta property=\"og:locale\" content=\"es_ES\" \/>\n<meta property=\"og:type\" content=\"article\" \/>\n<meta property=\"og:title\" content=\"Ponedoras salud intestinal modulaci\u00f3n de la microbiota\" \/>\n<meta property=\"og:description\" content=\"Manejo de la salud intestinal y la modulaci\u00f3n de la microbiota El objetivo en la producci\u00f3n de gallinas ponedoras es que a las 100 semanas de edad se\" \/>\n<meta property=\"og:url\" content=\"https:\/\/phileo-lesaffre.com\/es\/ponedoras\/ponedoras-salud-intestinal-modulacion-de-la-microbiota\/\" \/>\n<meta property=\"og:site_name\" content=\"Phileo by Lesaffre\" \/>\n<meta property=\"article:publisher\" content=\"https:\/\/www.facebook.com\/phileo.lesaffre\/\" \/>\n<meta property=\"article:modified_time\" content=\"2020-12-16T07:53:42+00:00\" \/>\n<meta name=\"twitter:card\" content=\"summary_large_image\" \/>\n<meta name=\"twitter:site\" content=\"@PhileoLesaffre\" \/>\n<script type=\"application\/ld+json\" class=\"yoast-schema-graph\">{\"@context\":\"https:\\\/\\\/schema.org\",\"@graph\":[{\"@type\":\"WebPage\",\"@id\":\"https:\\\/\\\/phileo-lesaffre.com\\\/es\\\/ponedoras\\\/ponedoras-salud-intestinal-modulacion-de-la-microbiota\\\/\",\"url\":\"https:\\\/\\\/phileo-lesaffre.com\\\/es\\\/ponedoras\\\/ponedoras-salud-intestinal-modulacion-de-la-microbiota\\\/\",\"name\":\"Ponedoras salud intestinal modulaci\u00f3n de la microbiota &#8226; Phileo by Lesaffre\",\"isPartOf\":{\"@id\":\"https:\\\/\\\/phileo-lesaffre.com\\\/es\\\/#website\"},\"datePublished\":\"2020-11-18T06:33:22+00:00\",\"dateModified\":\"2020-12-16T07:53:42+00:00\",\"breadcrumb\":{\"@id\":\"https:\\\/\\\/phileo-lesaffre.com\\\/es\\\/ponedoras\\\/ponedoras-salud-intestinal-modulacion-de-la-microbiota\\\/#breadcrumb\"},\"inLanguage\":\"es\",\"potentialAction\":[{\"@type\":\"ReadAction\",\"target\":[\"https:\\\/\\\/phileo-lesaffre.com\\\/es\\\/ponedoras\\\/ponedoras-salud-intestinal-modulacion-de-la-microbiota\\\/\"]}]},{\"@type\":\"BreadcrumbList\",\"@id\":\"https:\\\/\\\/phileo-lesaffre.com\\\/es\\\/ponedoras\\\/ponedoras-salud-intestinal-modulacion-de-la-microbiota\\\/#breadcrumb\",\"itemListElement\":[{\"@type\":\"ListItem\",\"position\":1,\"name\":\"Phileo by Lesaffre\",\"item\":\"https:\\\/\\\/phileo-lesaffre.com\\\/es\\\/\"},{\"@type\":\"ListItem\",\"position\":2,\"name\":\"Ponedoras\",\"item\":\"https:\\\/\\\/phileo-lesaffre.com\\\/es\\\/ponedoras\\\/\"},{\"@type\":\"ListItem\",\"position\":3,\"name\":\"Ponedoras salud intestinal modulaci\u00f3n de la microbiota\"}]},{\"@type\":\"WebSite\",\"@id\":\"https:\\\/\\\/phileo-lesaffre.com\\\/es\\\/#website\",\"url\":\"https:\\\/\\\/phileo-lesaffre.com\\\/es\\\/\",\"name\":\"Phileo by Lesaffre\",\"description\":\"Animal nutrition and health from yeast products\",\"publisher\":{\"@id\":\"https:\\\/\\\/phileo-lesaffre.com\\\/es\\\/#organization\"},\"potentialAction\":[{\"@type\":\"SearchAction\",\"target\":{\"@type\":\"EntryPoint\",\"urlTemplate\":\"https:\\\/\\\/phileo-lesaffre.com\\\/es\\\/?s={search_term_string}\"},\"query-input\":{\"@type\":\"PropertyValueSpecification\",\"valueRequired\":true,\"valueName\":\"search_term_string\"}}],\"inLanguage\":\"es\"},{\"@type\":\"Organization\",\"@id\":\"https:\\\/\\\/phileo-lesaffre.com\\\/es\\\/#organization\",\"name\":\"Phileo by Lesaffre\",\"url\":\"https:\\\/\\\/phileo-lesaffre.com\\\/es\\\/\",\"logo\":{\"@type\":\"ImageObject\",\"inLanguage\":\"es\",\"@id\":\"https:\\\/\\\/phileo-lesaffre.com\\\/es\\\/#\\\/schema\\\/logo\\\/image\\\/\",\"url\":\"https:\\\/\\\/phileo-lesaffre.com\\\/wp-content\\\/uploads\\\/2019\\\/04\\\/logo-phileo-lesaffre-1.jpg\",\"contentUrl\":\"https:\\\/\\\/phileo-lesaffre.com\\\/wp-content\\\/uploads\\\/2019\\\/04\\\/logo-phileo-lesaffre-1.jpg\",\"width\":500,\"height\":250,\"caption\":\"Phileo by Lesaffre\"},\"image\":{\"@id\":\"https:\\\/\\\/phileo-lesaffre.com\\\/es\\\/#\\\/schema\\\/logo\\\/image\\\/\"},\"sameAs\":[\"https:\\\/\\\/www.facebook.com\\\/phileo.lesaffre\\\/\",\"https:\\\/\\\/x.com\\\/PhileoLesaffre\",\"https:\\\/\\\/www.linkedin.com\\\/company\\\/phileo\\\/\"]}]}<\/script>\n<!-- \/ Yoast SEO Premium plugin. -->","yoast_head_json":{"title":"Ponedoras salud intestinal modulaci\u00f3n de la microbiota &#8226; Phileo by Lesaffre","robots":{"index":"index","follow":"follow","max-snippet":"max-snippet:-1","max-image-preview":"max-image-preview:large","max-video-preview":"max-video-preview:-1"},"canonical":"https:\/\/phileo-lesaffre.com\/es\/ponedoras\/ponedoras-salud-intestinal-modulacion-de-la-microbiota\/","og_locale":"es_ES","og_type":"article","og_title":"Ponedoras salud intestinal modulaci\u00f3n de la microbiota","og_description":"Manejo de la salud intestinal y la modulaci\u00f3n de la microbiota El objetivo en la producci\u00f3n de gallinas ponedoras es que a las 100 semanas de edad se","og_url":"https:\/\/phileo-lesaffre.com\/es\/ponedoras\/ponedoras-salud-intestinal-modulacion-de-la-microbiota\/","og_site_name":"Phileo by Lesaffre","article_publisher":"https:\/\/www.facebook.com\/phileo.lesaffre\/","article_modified_time":"2020-12-16T07:53:42+00:00","twitter_card":"summary_large_image","twitter_site":"@PhileoLesaffre","schema":{"@context":"https:\/\/schema.org","@graph":[{"@type":"WebPage","@id":"https:\/\/phileo-lesaffre.com\/es\/ponedoras\/ponedoras-salud-intestinal-modulacion-de-la-microbiota\/","url":"https:\/\/phileo-lesaffre.com\/es\/ponedoras\/ponedoras-salud-intestinal-modulacion-de-la-microbiota\/","name":"Ponedoras salud intestinal modulaci\u00f3n de la microbiota &#8226; Phileo by Lesaffre","isPartOf":{"@id":"https:\/\/phileo-lesaffre.com\/es\/#website"},"datePublished":"2020-11-18T06:33:22+00:00","dateModified":"2020-12-16T07:53:42+00:00","breadcrumb":{"@id":"https:\/\/phileo-lesaffre.com\/es\/ponedoras\/ponedoras-salud-intestinal-modulacion-de-la-microbiota\/#breadcrumb"},"inLanguage":"es","potentialAction":[{"@type":"ReadAction","target":["https:\/\/phileo-lesaffre.com\/es\/ponedoras\/ponedoras-salud-intestinal-modulacion-de-la-microbiota\/"]}]},{"@type":"BreadcrumbList","@id":"https:\/\/phileo-lesaffre.com\/es\/ponedoras\/ponedoras-salud-intestinal-modulacion-de-la-microbiota\/#breadcrumb","itemListElement":[{"@type":"ListItem","position":1,"name":"Phileo by Lesaffre","item":"https:\/\/phileo-lesaffre.com\/es\/"},{"@type":"ListItem","position":2,"name":"Ponedoras","item":"https:\/\/phileo-lesaffre.com\/es\/ponedoras\/"},{"@type":"ListItem","position":3,"name":"Ponedoras salud intestinal modulaci\u00f3n de la microbiota"}]},{"@type":"WebSite","@id":"https:\/\/phileo-lesaffre.com\/es\/#website","url":"https:\/\/phileo-lesaffre.com\/es\/","name":"Phileo by Lesaffre","description":"Animal nutrition and health from yeast products","publisher":{"@id":"https:\/\/phileo-lesaffre.com\/es\/#organization"},"potentialAction":[{"@type":"SearchAction","target":{"@type":"EntryPoint","urlTemplate":"https:\/\/phileo-lesaffre.com\/es\/?s={search_term_string}"},"query-input":{"@type":"PropertyValueSpecification","valueRequired":true,"valueName":"search_term_string"}}],"inLanguage":"es"},{"@type":"Organization","@id":"https:\/\/phileo-lesaffre.com\/es\/#organization","name":"Phileo by Lesaffre","url":"https:\/\/phileo-lesaffre.com\/es\/","logo":{"@type":"ImageObject","inLanguage":"es","@id":"https:\/\/phileo-lesaffre.com\/es\/#\/schema\/logo\/image\/","url":"https:\/\/phileo-lesaffre.com\/wp-content\/uploads\/2019\/04\/logo-phileo-lesaffre-1.jpg","contentUrl":"https:\/\/phileo-lesaffre.com\/wp-content\/uploads\/2019\/04\/logo-phileo-lesaffre-1.jpg","width":500,"height":250,"caption":"Phileo by Lesaffre"},"image":{"@id":"https:\/\/phileo-lesaffre.com\/es\/#\/schema\/logo\/image\/"},"sameAs":["https:\/\/www.facebook.com\/phileo.lesaffre\/","https:\/\/x.com\/PhileoLesaffre","https:\/\/www.linkedin.com\/company\/phileo\/"]}]}},"_links":{"self":[{"href":"https:\/\/phileo-lesaffre.com\/es\/wp-json\/wp\/v2\/pages\/401704","targetHints":{"allow":["GET"]}}],"collection":[{"href":"https:\/\/phileo-lesaffre.com\/es\/wp-json\/wp\/v2\/pages"}],"about":[{"href":"https:\/\/phileo-lesaffre.com\/es\/wp-json\/wp\/v2\/types\/page"}],"author":[{"embeddable":true,"href":"https:\/\/phileo-lesaffre.com\/es\/wp-json\/wp\/v2\/users\/1"}],"replies":[{"embeddable":true,"href":"https:\/\/phileo-lesaffre.com\/es\/wp-json\/wp\/v2\/comments?post=401704"}],"version-history":[{"count":0,"href":"https:\/\/phileo-lesaffre.com\/es\/wp-json\/wp\/v2\/pages\/401704\/revisions"}],"up":[{"embeddable":true,"href":"https:\/\/phileo-lesaffre.com\/es\/wp-json\/wp\/v2\/pages\/401477"}],"wp:attachment":[{"href":"https:\/\/phileo-lesaffre.com\/es\/wp-json\/wp\/v2\/media?parent=401704"}],"curies":[{"name":"wp","href":"https:\/\/api.w.org\/{rel}","templated":true}]}}