{"id":401696,"date":"2020-11-18T07:33:14","date_gmt":"2020-11-18T06:33:14","guid":{"rendered":"http:\/\/phileo-lesaffre.com\/ponedoras\/inmunomodulacion-en-ponedoras\/"},"modified":"2020-12-16T08:55:00","modified_gmt":"2020-12-16T07:55:00","slug":"inmunomodulacion-en-ponedoras","status":"publish","type":"page","link":"https:\/\/phileo-lesaffre.com\/es\/ponedoras\/inmunomodulacion-en-ponedoras\/","title":{"rendered":"Inmunomodulaci\u00f3n en ponedoras"},"content":{"rendered":"<div class=\"wpb-content-wrapper\"><p>[vc_row css_animation=\u00bb\u00bb row_type=\u00bbrow\u00bb use_row_as_full_screen_section=\u00bbno\u00bb type=\u00bbfull_width\u00bb angled_section=\u00bbno\u00bb text_align=\u00bbleft\u00bb background_image_as_pattern=\u00bbwithout_pattern\u00bb][vc_column][qode_elements_holder number_of_columns=\u00bbtwo_columns\u00bb custom_class=\u00bbtete\u00bb][qode_elements_holder_item vertical_alignment=\u00bbmiddle\u00bb horizontal_alignment=\u00bbleft\u00bb advanced_animations=\u00bbno\u00bb item_padding=\u00bb5% 8% 5% 0%\u00bb][vc_column_text]<\/p>\n<h2 class=\"feed2\"><span style=\"color: #4d4d4c;\">Mejoramiento de la respuesta vacunal para la inmunomodulaci\u00f3n<\/span><\/h2>\n<p>[\/vc_column_text][vc_single_image image=\u00bb398042&#8243; img_size=\u00bb65&#215;33&#8243; qode_css_animation=\u00bb\u00bb css=\u00bb.vc_custom_1590613047306{padding-top: 5% !important;padding-bottom: 5% !important;}\u00bb][vc_column_text css=\u00bb.vc_custom_1592483057015{padding-right: 8% !important;}\u00bb]La prevenci\u00f3n de enfermedades exige un enfoque global para entender la contaminaci\u00f3n de pat\u00f3genos y la aplicaci\u00f3n de procedimientos de limpieza y desinfecci\u00f3n en la granja. La bioseguridad es fundamental. Phileo by Lesaffre ha desarrollado soluciones para reforzar la resistencia a enfermedades de las aves como complemento de las medidas existentes.<\/p>\n<p>&nbsp;<\/p>\n<p>Safmannan<sup>\u00ae<\/sup>, una fracci\u00f3n de la pared de levaduras premium, rica en mananos y betaglucanos 1.3 y 1.6, ayuda a mantener una buena integridad intestinal que previene la contaminaci\u00f3n de bacterias pat\u00f3genas (como las E.coli, Salmonella y Clostridium). Tambi\u00e9n ayuda a mejorar el funcionamiento del sistema inmunitario y la respuesta a las vacunas de las aves.[\/vc_column_text][vc_single_image image=\u00bb400288&#8243; img_size=\u00bb120&#215;178&#8243; alignment=\u00bbright\u00bb qode_css_animation=\u00bb\u00bb][\/qode_elements_holder_item][qode_elements_holder_item cover=\u00bbyes\u00bb vertical_alignment=\u00bbmiddle\u00bb horizontal_alignment=\u00bbleft\u00bb advanced_animations=\u00bbno\u00bb background_image=\u00bb396346&#8243;][\/qode_elements_holder_item][\/qode_elements_holder][\/vc_column][\/vc_row][vc_row css_animation=\u00bb\u00bb row_type=\u00bbrow\u00bb use_row_as_full_screen_section=\u00bbno\u00bb type=\u00bbfull_width\u00bb angled_section=\u00bbno\u00bb text_align=\u00bbleft\u00bb background_image_as_pattern=\u00bbwithout_pattern\u00bb z_index=\u00bb\u00bb][vc_column][qode_elements_holder number_of_columns=\u00bbtwo_columns\u00bb][qode_elements_holder_item vertical_alignment=\u00bbmiddle\u00bb horizontal_alignment=\u00bbleft\u00bb advanced_animations=\u00bbno\u00bb item_padding=\u00bb5% 2% 5% 10%\u00bb background_color=\u00bb#e58734&#8243;][vc_column_text]<\/p>\n<h2 class=\"feed4\"><span style=\"color: #ffffff;\">Entrenamiento del sistema inmunitario<\/span><\/h2>\n<p>[\/vc_column_text][vc_single_image image=\u00bb397902&#8243; img_size=\u00bb50&#215;25&#8243; qode_css_animation=\u00bb\u00bb css=\u00bb.vc_custom_1592227932921{padding-top: 5% !important;padding-bottom: 5% !important;}\u00bb][vc_column_text css=\u00bb.vc_custom_1592483067724{padding-right: 10% !important;}\u00bb]<span style=\"color: #ffffff;\">Cuando se administran betaglucanos 1.3 y 1.6 a un organismo, estos activan los receptores de las c\u00e9lulas inmunitarias innatas llamadas fagocitos. Denominados dectina-1, estos receptores reconocen al betaglucano, lo que resulta en la activaci\u00f3n inmunitaria de los fagocitos, los cuales producen citocinas. La interacci\u00f3n dectina-1\/betaglucano induce en los fagocitos la inmunidad entrenada o memoria inmunitaria innata. Los mecanismos que conducen a la memoria innata difieren de aquellos usados para el desarrollo de la memoria adaptativa. Los t\u00e9rminos de inmunidad entrenada o memoria inmunitaria innata definen el estado mejorado de la respuesta inmunitaria innata, inducida por la exposici\u00f3n a ciertas vacunas, componentes microbianos o metabolitos. Esto resulta en una mayor respuesta a infecciones secundarias no relacionadas, el aumento de respuestas proinflamatorias y a una mejor capacidad de eliminar la infecci\u00f3n.<\/span>[\/vc_column_text][\/qode_elements_holder_item][qode_elements_holder_item advanced_animations=\u00bbno\u00bb][vc_single_image image=\u00bb404614&#8243; img_size=\u00bbfull\u00bb alignment=\u00bbcenter\u00bb onclick=\u00bblink_image\u00bb qode_css_animation=\u00bb\u00bb qode_hover_animation=\u00bbzoom_in\u00bb][\/qode_elements_holder_item][\/qode_elements_holder][\/vc_column][\/vc_row][vc_row css_animation=\u00bb\u00bb row_type=\u00bbrow\u00bb use_row_as_full_screen_section=\u00bbno\u00bb type=\u00bbfull_width\u00bb angled_section=\u00bbno\u00bb text_align=\u00bbleft\u00bb background_image_as_pattern=\u00bbwithout_pattern\u00bb css=\u00bb.vc_custom_1592234497567{background-color: #ffffff !important;}\u00bb z_index=\u00bb\u00bb][vc_column][qode_elements_holder number_of_columns=\u00bbtwo_columns\u00bb][qode_elements_holder_item advanced_animations=\u00bbno\u00bb][vc_single_image image=\u00bb404618&#8243; img_size=\u00bbfull\u00bb onclick=\u00bblink_image\u00bb qode_css_animation=\u00bb\u00bb qode_hover_animation=\u00bbzoom_in\u00bb][\/qode_elements_holder_item][qode_elements_holder_item vertical_alignment=\u00bbmiddle\u00bb horizontal_alignment=\u00bbleft\u00bb advanced_animations=\u00bbno\u00bb item_padding=\u00bb5% 10% 5% 5%\u00bb background_color=\u00bb#706f6f\u00bb][vc_column_text]<\/p>\n<h2 class=\"feed4\"><span style=\"color: #ffffff;\">Efectos de Safmannan<sup>\u00ae<\/sup> en la modulaci\u00f3n del sistema inmunitario<\/span><\/h2>\n<p>[\/vc_column_text][vc_single_image image=\u00bb397902&#8243; img_size=\u00bb50&#215;25&#8243; qode_css_animation=\u00bb\u00bb css=\u00bb.vc_custom_1592232787710{padding-top: 5% !important;padding-bottom: 5% !important;}\u00bb][vc_column_text]<span style=\"color: #ffffff;\">Shahir et al. 2013, publicaron resultados del estudio que demuestra c\u00f3mo Safmannan<sup>\u00ae<\/sup> puede ayudar a conservar los t\u00edtulos de anticuerpos en gallinas ponedoras vacunadas. Las aves fueron puestas en una granja para el per\u00edodo de crianza de 0 a 20 semanas de edad. Todas fueron vacunadas de acuerdo con el plan de vacunaci\u00f3n, que incluye la enfermedad de Newcastle (EN) e influenza aviar de baja patogenicidad (IABP). <\/span><span style=\"color: #ffffff;\">De la semana 33 a la 44, se dio alimento suplementado con 500 g\/t de Safmannan<sup>\u00ae<\/sup> a la mitad de las gallinas .<\/span><\/p>\n<p>&nbsp;<\/p>\n<p><span style=\"color: #ffffff;\">Como la \u00faltima vacunaci\u00f3n se realiz\u00f3 27 semanas antes de tomar la muestra de sangre y 16 semanas antes de iniciar la suplementaci\u00f3n con Safmannan<sup>\u00ae<\/sup>, la respuesta vacunal se complet\u00f3 antes de que empezara la suplementaci\u00f3n. Durante la producci\u00f3n de huevo, los t\u00edtulos de anticuerpos disminuyeron continuamente. En el estudio, Safmannan<sup>\u00ae<\/sup> ayud\u00f3 a reducir la velocidad de disminuci\u00f3n de los t\u00edtulos de anticuerpos. Esto puede ser de ayuda para las gallinas, de cara a la evoluci\u00f3n gen\u00e9tica que alarga el per\u00edodo de producci\u00f3n de huevo, llevado por el objetivo de producir 500 huevos por gallina a las 100 semanas de edad.<\/span>[\/vc_column_text][\/qode_elements_holder_item][\/qode_elements_holder][\/vc_column][\/vc_row][vc_row css_animation=\u00bb\u00bb row_type=\u00bbrow\u00bb use_row_as_full_screen_section=\u00bbno\u00bb type=\u00bbfull_width\u00bb angled_section=\u00bbno\u00bb text_align=\u00bbleft\u00bb background_image_as_pattern=\u00bbwithout_pattern\u00bb z_index=\u00bb\u00bb][vc_column][qode_elements_holder number_of_columns=\u00bbtwo_columns\u00bb][qode_elements_holder_item vertical_alignment=\u00bbmiddle\u00bb horizontal_alignment=\u00bbleft\u00bb advanced_animations=\u00bbno\u00bb item_padding=\u00bb5% 2% 5% 10%\u00bb background_color=\u00bb#e58734&#8243;][vc_column_text]<\/p>\n<h2 class=\"feed4\"><span style=\"color: #ffffff;\">Efectos de Safglucan <sup>\u00ae<\/sup> en la modulaci\u00f3n del sistema inmunitario<\/span><\/h2>\n<p>[\/vc_column_text][vc_single_image image=\u00bb397902&#8243; img_size=\u00bb50&#215;25&#8243; qode_css_animation=\u00bb\u00bb css=\u00bb.vc_custom_1592232787710{padding-top: 5% !important;padding-bottom: 5% !important;}\u00bb][vc_column_text]<span style=\"color: #ffffff;\">Phileo by Lesaffre tambi\u00e9n desarroll\u00f3 una soluci\u00f3n llamada Safglucan<sup>\u00ae<\/sup>, en la que los betaglucanos 1.3 y 1.6 se purifican para llegar a m\u00e1s del 50 % de la composici\u00f3n del producto. Su actividad del sistema inmunitario es m\u00e1s dirigida, mientras que Safmannan<sup>\u00ae<\/sup> tiene un efecto m\u00e1s amplio. En la segunda mitad del per\u00edodo de crianza, se usaron 125 g\/ton de Safglucan<sup>\u00ae<\/sup> para fomentar la respuesta vacunal, al crear el mayor pico de anticuerpos posible cuando las ponedoras llegan a los lugares de producci\u00f3n.<\/span><\/p>\n<p><span style=\"color: #ffffff;\">Safmannan\u00ae puede ayudar a mejorar la resistencia de aves contaminadas de forma natural con pat\u00f3genos silvestres y al igual que Safglucan\u00ae puede ayudar a mejorar la protecci\u00f3n de las aves despu\u00e9s de la vacunaci\u00f3n. Cuando las aves se contaminan con virus, ambos productos pueden reducir su propagaci\u00f3n, al disminuir la cantidad y duraci\u00f3n de excreci\u00f3n viral de las aves infectadas.<\/span>[\/vc_column_text][\/qode_elements_holder_item][qode_elements_holder_item advanced_animations=\u00bbno\u00bb][vc_single_image image=\u00bb404622&#8243; img_size=\u00bbfull\u00bb onclick=\u00bblink_image\u00bb qode_css_animation=\u00bb\u00bb qode_hover_animation=\u00bbzoom_in\u00bb][\/qode_elements_holder_item][\/qode_elements_holder][vc_separator type=\u00bbnormal\u00bb color=\u00bb#ffffff\u00bb][\/vc_column][\/vc_row][vc_row css_animation=\u00bb\u00bb row_type=\u00bbrow\u00bb use_row_as_full_screen_section=\u00bbyes\u00bb type=\u00bbfull_width\u00bb angled_section=\u00bbno\u00bb text_align=\u00bbleft\u00bb background_image_as_pattern=\u00bbwithout_pattern\u00bb z_index=\u00bb\u00bb][vc_column][vc_separator type=\u00bbtransparent\u00bb up=\u00bb10&#8243; down=\u00bb10&#8243;][vc_column_text css=\u00bb.vc_custom_1593403421530{padding-top: 2% !important;padding-bottom: 2% !important;}\u00bb]<\/p>\n<h2 class=\"feed3\"><span style=\"color: #4d4d4c;\">Descubra m\u00e1s sobre el manejo de ponedoras<\/span><\/h2>\n<p>[\/vc_column_text][vc_separator type=\u00bbtransparent\u00bb up=\u00bb5&#8243; down=\u00bb5&#8243;][\/vc_column][vc_column width=\u00bb1\/4&#8243;][vc_single_image image=\u00bb403275&#8243; img_size=\u00bbfull\u00bb alignment=\u00bbcenter\u00bb onclick=\u00bbcustom_link\u00bb qode_css_animation=\u00bb\u00bb qode_hover_animation=\u00bbzoom_in\u00bb css=\u00bb.vc_custom_1606381452119{padding-top: 5% !important;padding-bottom: 5% !important;}\u00bb link=\u00bb\/es\/ponedoras\/control-de-salmonella-en-ponedoras\/\u00bb][\/vc_column][vc_column width=\u00bb1\/4&#8243;][vc_single_image image=\u00bb403287&#8243; img_size=\u00bbfull\u00bb alignment=\u00bbcenter\u00bb onclick=\u00bbcustom_link\u00bb qode_css_animation=\u00bb\u00bb qode_hover_animation=\u00bbzoom_in\u00bb css=\u00bb.vc_custom_1606381514111{padding-top: 5% !important;padding-bottom: 5% !important;}\u00bb link=\u00bb\/es\/ponedoras\/ponedoras-salud-intestinal-modulacion-de-la-microbiota\/\u00bb][\/vc_column][vc_column width=\u00bb1\/4&#8243;][vc_single_image image=\u00bb403279&#8243; img_size=\u00bbfull\u00bb alignment=\u00bbcenter\u00bb onclick=\u00bbcustom_link\u00bb qode_css_animation=\u00bb\u00bb qode_hover_animation=\u00bbzoom_in\u00bb css=\u00bb.vc_custom_1606381536024{padding-top: 5% !important;padding-bottom: 5% !important;}\u00bb link=\u00bb\/es\/ponedoras\/desempeno-de-postura-en-ponedoras\/\u00bb][\/vc_column][vc_column width=\u00bb1\/4&#8243;][\/vc_column][\/vc_row]<\/p>\n<\/div>","protected":false},"excerpt":{"rendered":"<p>[vc_row css_animation=\u00bb\u00bb row_type=\u00bbrow\u00bb use_row_as_full_screen_section=\u00bbno\u00bb type=\u00bbfull_width\u00bb angled_section=\u00bbno\u00bb text_align=\u00bbleft\u00bb background_image_as_pattern=\u00bbwithout_pattern\u00bb][vc_column][qode_elements_holder number_of_columns=\u00bbtwo_columns\u00bb custom_class=\u00bbtete\u00bb][qode_elements_holder_item vertical_alignment=\u00bbmiddle\u00bb horizontal_alignment=\u00bbleft\u00bb advanced_animations=\u00bbno\u00bb item_padding=\u00bb5% 8% 5% 0%\u00bb][vc_column_text] Mejoramiento de la respuesta vacunal para la inmunomodulaci\u00f3n [\/vc_column_text][vc_single_image image=\u00bb398042&#8243; img_size=\u00bb65&#215;33&#8243; qode_css_animation=\u00bb\u00bb css=\u00bb.vc_custom_1590613047306{padding-top: 5% !important;padding-bottom: 5% !important;}\u00bb][vc_column_text css=\u00bb.vc_custom_1592483057015{padding-right: 8% !important;}\u00bb]La prevenci\u00f3n de enfermedades exige un enfoque global para&#8230;<\/p>\n","protected":false},"author":1,"featured_media":0,"parent":401477,"menu_order":0,"comment_status":"closed","ping_status":"closed","template":"full_width.php","meta":{"footnotes":""},"class_list":["post-401696","page","type-page","status-publish","hentry"],"yoast_head":"<!-- This site is optimized with the Yoast SEO Premium plugin v25.9 (Yoast SEO v27.4) - https:\/\/yoast.com\/product\/yoast-seo-premium-wordpress\/ -->\n<title>Inmunomodulaci\u00f3n en ponedoras &#8226; Phileo by Lesaffre<\/title>\n<meta name=\"robots\" content=\"index, follow, max-snippet:-1, max-image-preview:large, max-video-preview:-1\" \/>\n<link rel=\"canonical\" href=\"https:\/\/phileo-lesaffre.com\/es\/ponedoras\/inmunomodulacion-en-ponedoras\/\" \/>\n<meta property=\"og:locale\" content=\"es_ES\" \/>\n<meta property=\"og:type\" content=\"article\" \/>\n<meta property=\"og:title\" content=\"Inmunomodulaci\u00f3n en ponedoras\" \/>\n<meta property=\"og:description\" content=\"Mejoramiento de la respuesta vacunal para la inmunomodulaci\u00f3n La prevenci\u00f3n de enfermedades exige un enfoque global para entender la contaminaci\u00f3n de\" \/>\n<meta property=\"og:url\" content=\"https:\/\/phileo-lesaffre.com\/es\/ponedoras\/inmunomodulacion-en-ponedoras\/\" \/>\n<meta property=\"og:site_name\" content=\"Phileo by Lesaffre\" \/>\n<meta property=\"article:publisher\" content=\"https:\/\/www.facebook.com\/phileo.lesaffre\/\" \/>\n<meta property=\"article:modified_time\" content=\"2020-12-16T07:55:00+00:00\" \/>\n<meta name=\"twitter:card\" content=\"summary_large_image\" \/>\n<meta name=\"twitter:site\" content=\"@PhileoLesaffre\" \/>\n<script type=\"application\/ld+json\" class=\"yoast-schema-graph\">{\"@context\":\"https:\\\/\\\/schema.org\",\"@graph\":[{\"@type\":\"WebPage\",\"@id\":\"https:\\\/\\\/phileo-lesaffre.com\\\/es\\\/ponedoras\\\/inmunomodulacion-en-ponedoras\\\/\",\"url\":\"https:\\\/\\\/phileo-lesaffre.com\\\/es\\\/ponedoras\\\/inmunomodulacion-en-ponedoras\\\/\",\"name\":\"Inmunomodulaci\u00f3n en ponedoras &#8226; Phileo by Lesaffre\",\"isPartOf\":{\"@id\":\"https:\\\/\\\/phileo-lesaffre.com\\\/es\\\/#website\"},\"datePublished\":\"2020-11-18T06:33:14+00:00\",\"dateModified\":\"2020-12-16T07:55:00+00:00\",\"breadcrumb\":{\"@id\":\"https:\\\/\\\/phileo-lesaffre.com\\\/es\\\/ponedoras\\\/inmunomodulacion-en-ponedoras\\\/#breadcrumb\"},\"inLanguage\":\"es\",\"potentialAction\":[{\"@type\":\"ReadAction\",\"target\":[\"https:\\\/\\\/phileo-lesaffre.com\\\/es\\\/ponedoras\\\/inmunomodulacion-en-ponedoras\\\/\"]}]},{\"@type\":\"BreadcrumbList\",\"@id\":\"https:\\\/\\\/phileo-lesaffre.com\\\/es\\\/ponedoras\\\/inmunomodulacion-en-ponedoras\\\/#breadcrumb\",\"itemListElement\":[{\"@type\":\"ListItem\",\"position\":1,\"name\":\"Phileo by Lesaffre\",\"item\":\"https:\\\/\\\/phileo-lesaffre.com\\\/es\\\/\"},{\"@type\":\"ListItem\",\"position\":2,\"name\":\"Ponedoras\",\"item\":\"https:\\\/\\\/phileo-lesaffre.com\\\/es\\\/ponedoras\\\/\"},{\"@type\":\"ListItem\",\"position\":3,\"name\":\"Inmunomodulaci\u00f3n en ponedoras\"}]},{\"@type\":\"WebSite\",\"@id\":\"https:\\\/\\\/phileo-lesaffre.com\\\/es\\\/#website\",\"url\":\"https:\\\/\\\/phileo-lesaffre.com\\\/es\\\/\",\"name\":\"Phileo by Lesaffre\",\"description\":\"Animal nutrition and health from yeast products\",\"publisher\":{\"@id\":\"https:\\\/\\\/phileo-lesaffre.com\\\/es\\\/#organization\"},\"potentialAction\":[{\"@type\":\"SearchAction\",\"target\":{\"@type\":\"EntryPoint\",\"urlTemplate\":\"https:\\\/\\\/phileo-lesaffre.com\\\/es\\\/?s={search_term_string}\"},\"query-input\":{\"@type\":\"PropertyValueSpecification\",\"valueRequired\":true,\"valueName\":\"search_term_string\"}}],\"inLanguage\":\"es\"},{\"@type\":\"Organization\",\"@id\":\"https:\\\/\\\/phileo-lesaffre.com\\\/es\\\/#organization\",\"name\":\"Phileo by Lesaffre\",\"url\":\"https:\\\/\\\/phileo-lesaffre.com\\\/es\\\/\",\"logo\":{\"@type\":\"ImageObject\",\"inLanguage\":\"es\",\"@id\":\"https:\\\/\\\/phileo-lesaffre.com\\\/es\\\/#\\\/schema\\\/logo\\\/image\\\/\",\"url\":\"https:\\\/\\\/phileo-lesaffre.com\\\/wp-content\\\/uploads\\\/2019\\\/04\\\/logo-phileo-lesaffre-1.jpg\",\"contentUrl\":\"https:\\\/\\\/phileo-lesaffre.com\\\/wp-content\\\/uploads\\\/2019\\\/04\\\/logo-phileo-lesaffre-1.jpg\",\"width\":500,\"height\":250,\"caption\":\"Phileo by Lesaffre\"},\"image\":{\"@id\":\"https:\\\/\\\/phileo-lesaffre.com\\\/es\\\/#\\\/schema\\\/logo\\\/image\\\/\"},\"sameAs\":[\"https:\\\/\\\/www.facebook.com\\\/phileo.lesaffre\\\/\",\"https:\\\/\\\/x.com\\\/PhileoLesaffre\",\"https:\\\/\\\/www.linkedin.com\\\/company\\\/phileo\\\/\"]}]}<\/script>\n<!-- \/ Yoast SEO Premium plugin. -->","yoast_head_json":{"title":"Inmunomodulaci\u00f3n en ponedoras &#8226; Phileo by Lesaffre","robots":{"index":"index","follow":"follow","max-snippet":"max-snippet:-1","max-image-preview":"max-image-preview:large","max-video-preview":"max-video-preview:-1"},"canonical":"https:\/\/phileo-lesaffre.com\/es\/ponedoras\/inmunomodulacion-en-ponedoras\/","og_locale":"es_ES","og_type":"article","og_title":"Inmunomodulaci\u00f3n en ponedoras","og_description":"Mejoramiento de la respuesta vacunal para la inmunomodulaci\u00f3n La prevenci\u00f3n de enfermedades exige un enfoque global para entender la contaminaci\u00f3n de","og_url":"https:\/\/phileo-lesaffre.com\/es\/ponedoras\/inmunomodulacion-en-ponedoras\/","og_site_name":"Phileo by Lesaffre","article_publisher":"https:\/\/www.facebook.com\/phileo.lesaffre\/","article_modified_time":"2020-12-16T07:55:00+00:00","twitter_card":"summary_large_image","twitter_site":"@PhileoLesaffre","schema":{"@context":"https:\/\/schema.org","@graph":[{"@type":"WebPage","@id":"https:\/\/phileo-lesaffre.com\/es\/ponedoras\/inmunomodulacion-en-ponedoras\/","url":"https:\/\/phileo-lesaffre.com\/es\/ponedoras\/inmunomodulacion-en-ponedoras\/","name":"Inmunomodulaci\u00f3n en ponedoras &#8226; Phileo by Lesaffre","isPartOf":{"@id":"https:\/\/phileo-lesaffre.com\/es\/#website"},"datePublished":"2020-11-18T06:33:14+00:00","dateModified":"2020-12-16T07:55:00+00:00","breadcrumb":{"@id":"https:\/\/phileo-lesaffre.com\/es\/ponedoras\/inmunomodulacion-en-ponedoras\/#breadcrumb"},"inLanguage":"es","potentialAction":[{"@type":"ReadAction","target":["https:\/\/phileo-lesaffre.com\/es\/ponedoras\/inmunomodulacion-en-ponedoras\/"]}]},{"@type":"BreadcrumbList","@id":"https:\/\/phileo-lesaffre.com\/es\/ponedoras\/inmunomodulacion-en-ponedoras\/#breadcrumb","itemListElement":[{"@type":"ListItem","position":1,"name":"Phileo by Lesaffre","item":"https:\/\/phileo-lesaffre.com\/es\/"},{"@type":"ListItem","position":2,"name":"Ponedoras","item":"https:\/\/phileo-lesaffre.com\/es\/ponedoras\/"},{"@type":"ListItem","position":3,"name":"Inmunomodulaci\u00f3n en ponedoras"}]},{"@type":"WebSite","@id":"https:\/\/phileo-lesaffre.com\/es\/#website","url":"https:\/\/phileo-lesaffre.com\/es\/","name":"Phileo by Lesaffre","description":"Animal nutrition and health from yeast products","publisher":{"@id":"https:\/\/phileo-lesaffre.com\/es\/#organization"},"potentialAction":[{"@type":"SearchAction","target":{"@type":"EntryPoint","urlTemplate":"https:\/\/phileo-lesaffre.com\/es\/?s={search_term_string}"},"query-input":{"@type":"PropertyValueSpecification","valueRequired":true,"valueName":"search_term_string"}}],"inLanguage":"es"},{"@type":"Organization","@id":"https:\/\/phileo-lesaffre.com\/es\/#organization","name":"Phileo by Lesaffre","url":"https:\/\/phileo-lesaffre.com\/es\/","logo":{"@type":"ImageObject","inLanguage":"es","@id":"https:\/\/phileo-lesaffre.com\/es\/#\/schema\/logo\/image\/","url":"https:\/\/phileo-lesaffre.com\/wp-content\/uploads\/2019\/04\/logo-phileo-lesaffre-1.jpg","contentUrl":"https:\/\/phileo-lesaffre.com\/wp-content\/uploads\/2019\/04\/logo-phileo-lesaffre-1.jpg","width":500,"height":250,"caption":"Phileo by Lesaffre"},"image":{"@id":"https:\/\/phileo-lesaffre.com\/es\/#\/schema\/logo\/image\/"},"sameAs":["https:\/\/www.facebook.com\/phileo.lesaffre\/","https:\/\/x.com\/PhileoLesaffre","https:\/\/www.linkedin.com\/company\/phileo\/"]}]}},"_links":{"self":[{"href":"https:\/\/phileo-lesaffre.com\/es\/wp-json\/wp\/v2\/pages\/401696","targetHints":{"allow":["GET"]}}],"collection":[{"href":"https:\/\/phileo-lesaffre.com\/es\/wp-json\/wp\/v2\/pages"}],"about":[{"href":"https:\/\/phileo-lesaffre.com\/es\/wp-json\/wp\/v2\/types\/page"}],"author":[{"embeddable":true,"href":"https:\/\/phileo-lesaffre.com\/es\/wp-json\/wp\/v2\/users\/1"}],"replies":[{"embeddable":true,"href":"https:\/\/phileo-lesaffre.com\/es\/wp-json\/wp\/v2\/comments?post=401696"}],"version-history":[{"count":0,"href":"https:\/\/phileo-lesaffre.com\/es\/wp-json\/wp\/v2\/pages\/401696\/revisions"}],"up":[{"embeddable":true,"href":"https:\/\/phileo-lesaffre.com\/es\/wp-json\/wp\/v2\/pages\/401477"}],"wp:attachment":[{"href":"https:\/\/phileo-lesaffre.com\/es\/wp-json\/wp\/v2\/media?parent=401696"}],"curies":[{"name":"wp","href":"https:\/\/api.w.org\/{rel}","templated":true}]}}