{"id":401562,"date":"2020-11-18T07:30:29","date_gmt":"2020-11-18T06:30:29","guid":{"rendered":"http:\/\/phileo-lesaffre.com\/prosaf\/"},"modified":"2020-11-18T07:30:31","modified_gmt":"2020-11-18T06:30:31","slug":"prosaf","status":"publish","type":"page","link":"https:\/\/phileo-lesaffre.com\/es\/prosaf\/","title":{"rendered":"Prosaf"},"content":{"rendered":"<div class=\"wpb-content-wrapper\"><p>[vc_row css_animation=\u00bb\u00bb row_type=\u00bbrow\u00bb use_row_as_full_screen_section=\u00bbno\u00bb type=\u00bbfull_width\u00bb angled_section=\u00bbno\u00bb text_align=\u00bbleft\u00bb background_image_as_pattern=\u00bbwithout_pattern\u00bb][vc_column][qode_elements_holder number_of_columns=\u00bbtwo_columns\u00bb][qode_elements_holder_item vertical_alignment=\u00bbmiddle\u00bb horizontal_alignment=\u00bbleft\u00bb advanced_animations=\u00bbno\u00bb item_padding=\u00bb5% 10% 5% 0%\u00bb][vc_column_text]<\/p>\n<h2 class=\"feed2\"><span style=\"color: #4d4d4c;\">Prosaf<sup>\u00ae<\/sup> extracto de levaduras purificado soluble para un desempe\u00f1o animal sustentable<\/span><\/h2>\n<p>[\/vc_column_text][vc_single_image image=\u00bb398042&#8243; img_size=\u00bb65&#215;33&#8243; qode_css_animation=\u00bb\u00bb css=\u00bb.vc_custom_1590613257454{padding-top: 5% !important;padding-bottom: 5% !important;}\u00bb][vc_column_text css=\u00bb.vc_custom_1592222357586{padding-right: 10% !important;}\u00bb]Hacia 2025 necesitaremos 60 millones de toneladas extra de prote\u00edna animal para alimentar al mundo. Las fuentes actuales no ser\u00e1n suficientes. Por ello, la tendencia actual es de reducir el nivel de fuentes de prote\u00edna animal menos sustentables, como la harina de pescado o el plasma y reformular las dietas con modificaciones para mantener un equilibrio entre palatabilidad y digestibilidad, riqueza de nutrientes y precio.<\/p>\n<p>&nbsp;<\/p>\n<p>Prosaf<sup>\u00ae<\/sup> es un extracto de levaduras altamente purificado y funcional con un alto contenido de prote\u00edna (\u203a 63%) compuesta en especial de amino\u00e1cidos esenciales de alta digestibilidad y p\u00e9ptidos de bajo tama\u00f1o molecular. Es rica en \u00e1cidos glut\u00e1micos, \u00e1cidos nucleicos y vitaminas del complejo B.<\/p>\n<p>&nbsp;<\/p>\n<p>Se ha demostrado que la adici\u00f3n de Prosaf<sup>\u00ae<\/sup> al alimento mejora la palatabilidad y digestibilidad de la prote\u00edna, lo que resulta en una mejor eficiencia alimenticia y desempe\u00f1o del crecimiento.[\/vc_column_text][\/qode_elements_holder_item][qode_elements_holder_item cover=\u00bbyes\u00bb vertical_alignment=\u00bbmiddle\u00bb horizontal_alignment=\u00bbleft\u00bb advanced_animations=\u00bbno\u00bb background_image=\u00bb397200&#8243;][\/qode_elements_holder_item][\/qode_elements_holder][\/vc_column][\/vc_row][vc_row css_animation=\u00bb\u00bb row_type=\u00bbrow\u00bb use_row_as_full_screen_section=\u00bbyes\u00bb type=\u00bbfull_width\u00bb angled_section=\u00bbno\u00bb text_align=\u00bbleft\u00bb background_image_as_pattern=\u00bbwithout_pattern\u00bb z_index=\u00bb\u00bb css=\u00bb.vc_custom_1590613315117{padding-top: 1% !important;padding-bottom: 2% !important;}\u00bb][vc_column][vc_column_text]<\/p>\n<h2 class=\"feed2\"><span style=\"color: #4d4d4c;\">Responder a las necesidades<br \/>\nde nuestros clientes<\/span><\/h2>\n<p>[\/vc_column_text][vc_separator type=\u00bbtransparent\u00bb up=\u00bb15&#8243; down=\u00bb15&#8243;][\/vc_column][vc_column width=\u00bb1\/3&#8243; css=\u00bb.vc_custom_1589951433309{padding-top: 15px !important;padding-right: 25px !important;padding-bottom: 15px !important;padding-left: 25px !important;}\u00bb][vc_column_text css=\u00bb.vc_custom_1598961590376{padding-top: 5% !important;padding-right: 10% !important;padding-bottom: 20% !important;padding-left: 10% !important;background-color: #706f6f !important;}\u00bb el_class=\u00bbbloc\u00bb]<\/p>\n<h3><span style=\"color: #ffffff;\">Beneficios de Prosaf <sup>\u00ae<\/sup> para los animales<\/span><\/h3>\n<p>[vc_separator type=\u00bbtransparent\u00bb up=\u00bb5&#8243; down=\u00bb5&#8243;]<br \/>\n<span style=\"color: #ffffff;\">1. Prosaf<sup>\u00ae<\/sup> aumenta el consumo de alimento con su alto nivel de \u00e1cido glut\u00e1mico y amino\u00e1cidos libres que lo vuelve muy apetitoso para los animales.<br \/>\n[vc_separator type=\u00bbtransparent\u00bb up=\u00bb10&#8243; down=\u00bb10&#8243;]<br \/>\n2. Prosaf<sup>\u00ae<\/sup> ayuda a aumentar el crecimiento y la ganancia diaria de los animales al optimizar la eficiencia alimenticia.<br \/>\n[vc_separator type=\u00bbtransparent\u00bb up=\u00bb10&#8243; down=\u00bb10&#8243;]<br \/>\n3. Prosaf<sup>\u00ae<\/sup> participa en el desarrollo de la diversidad de la microbiota, lo que resulta en una mejor salud intestinal.<br \/>\n[vc_separator type=\u00bbtransparent\u00bb up=\u00bb10&#8243; down=\u00bb10&#8243;]<br \/>\n4. Prosaf<sup>\u00ae<\/sup> ayuda a mantener el estado inmunitario en ambientes desafiantes.<br \/>\n[vc_separator type=\u00bbtransparent\u00bb up=\u00bb10&#8243; down=\u00bb10&#8243;]<br \/>\n5. Prosaf<sup>\u00ae<\/sup> es una alternativa natural y sustentable a las fuentes convencionales de prote\u00edna.\u00a0<\/span>[\/vc_column_text][\/vc_column][vc_column width=\u00bb1\/3&#8243; css=\u00bb.vc_custom_1589951537170{padding-top: 15px !important;padding-right: 25px !important;padding-bottom: 15px !important;padding-left: 25px !important;}\u00bb][vc_column_text css=\u00bb.vc_custom_1596865648057{padding-top: 5% !important;padding-right: 10% !important;padding-bottom: 20% !important;padding-left: 10% !important;background-color: #007632 !important;}\u00bb el_class=\u00bbbloc\u00bb]<\/p>\n<h3><span style=\"color: #ffffff;\">Prosaf<sup>\u00ae<\/sup> aumenta la sustentabilidad en la acuicultura<\/span><\/h3>\n<p>[vc_separator type=\u00bbtransparent\u00bb up=\u00bb5&#8243; down=\u00bb5&#8243;]<br \/>\n<span style=\"color: #ffffff;\">1. Al ser Prosaf<sup>\u00ae<\/sup> una fuente de prote\u00ednas, amino\u00e1cidos y energ\u00eda altamente palatable y digestible, lleva una buena reformulaci\u00f3n de las dietas con menos harina de pescado<br \/>\n[vc_separator type=\u00bbtransparent\u00bb up=\u00bb10&#8243; down=\u00bb10&#8243;]<br \/>\n2. Prosaf<sup>\u00ae<\/sup> incrementa el consumo de alimento y lo vuelve m\u00e1s atractivo en camarones. Mejora el desempe\u00f1o del crecimiento de camarones<br \/>\n[vc_separator type=\u00bbtransparent\u00bb up=\u00bb10&#8243; down=\u00bb10&#8243;]<br \/>\n3. Prosaf<sup>\u00ae<\/sup> mejora la digestibilidad del alimento y el estado inmunitario de los camarones<br \/>\n[vc_separator type=\u00bbtransparent\u00bb up=\u00bb10&#8243; down=\u00bb10&#8243;]<br \/>\n4. Prosaf<sup>\u00ae<\/sup> es una herramienta viable para aumentar la sustentabilidad de la nutrici\u00f3n de camarones<\/span>[\/vc_column_text][\/vc_column][vc_column width=\u00bb1\/3&#8243; css=\u00bb.vc_custom_1589951530829{padding-top: 15px !important;padding-right: 25px !important;padding-bottom: 15px !important;padding-left: 25px !important;}\u00bb][vc_column_text css=\u00bb.vc_custom_1596865481434{padding-top: 5% !important;padding-right: 10% !important;padding-bottom: 20% !important;padding-left: 10% !important;background-color: #007632 !important;}\u00bb el_class=\u00bbbloc\u00bb]<\/p>\n<h3><span style=\"color: #ffffff;\">Prosaf<sup>\u00ae<\/sup> aumenta la sustentabilidad de los cerdos<\/span><\/h3>\n<p>[vc_separator type=\u00bbtransparent\u00bb up=\u00bb5&#8243; down=\u00bb5&#8243;]<br \/>\n<span style=\"color: #ffffff;\">1. Prosaf<sup>\u00ae<\/sup> mejora la palatabilidad e incrementa el consumo de alimento en lechones<br \/>\n[vc_separator type=\u00bbtransparent\u00bb up=\u00bb20&#8243; down=\u00bb20&#8243;]<br \/>\n2. Prosaf<sup>\u00ae<\/sup> apoya el desarrollo intestinal de lechones<br \/>\n[vc_separator type=\u00bbtransparent\u00bb up=\u00bb20&#8243; down=\u00bb20&#8243;]<br \/>\n3. Prosaf<sup>\u00ae<\/sup> mejora el desempe\u00f1o del crecimiento y la respuesta inmunitaria de lechones<\/span>[\/vc_column_text][\/vc_column][\/vc_row][vc_row css_animation=\u00bb\u00bb row_type=\u00bbrow\u00bb use_row_as_full_screen_section=\u00bbno\u00bb type=\u00bbfull_width\u00bb angled_section=\u00bbno\u00bb text_align=\u00bbleft\u00bb background_image_as_pattern=\u00bbwithout_pattern\u00bb][vc_column][qode_elements_holder number_of_columns=\u00bbtwo_columns\u00bb][qode_elements_holder_item cover=\u00bbyes\u00bb vertical_alignment=\u00bbmiddle\u00bb horizontal_alignment=\u00bbleft\u00bb advanced_animations=\u00bbno\u00bb background_image=\u00bb879&#8243;][\/qode_elements_holder_item][qode_elements_holder_item vertical_alignment=\u00bbmiddle\u00bb horizontal_alignment=\u00bbleft\u00bb advanced_animations=\u00bbno\u00bb item_padding=\u00bb5% 10% 5% 10%\u00bb background_color=\u00bb#007632&#8243;][vc_column_text]<\/p>\n<h2 class=\"feed4\"><span style=\"color: #ffffff;\">Prosaf<sup>\u00ae<\/sup> es una fuente altamente digestible y sustentable de amino\u00e1cidos esenciales y componentes funcionales<\/span><\/h2>\n<p>[\/vc_column_text][vc_separator type=\u00bbtransparent\u00bb up=\u00bb15&#8243; down=\u00bb15&#8243;][vc_single_image image=\u00bb397902&#8243; img_size=\u00bb50&#215;25&#8243; qode_css_animation=\u00bb\u00bb qode_hover_animation=\u00bbzoom_in\u00bb][vc_separator type=\u00bbtransparent\u00bb up=\u00bb15&#8243; down=\u00bb15&#8243;][vc_column_text css=\u00bb.vc_custom_1592216922877{padding-right: 10% !important;}\u00bb]<span style=\"color: #ffffff;\">Prosaf<sup>\u00ae<\/sup> es un extracto de levaduras premium que se obtiene del cultivo primario de la cepa de levadura patentada de Saccharomyces cerevisiae. Previo a la centrifugaci\u00f3n, las levaduras son sometidas a aut\u00f3lisis para separar el extracto de levadura de la pared celular. El proceso de selecci\u00f3n y estandarizaci\u00f3n de la cepa garantiza una alta calidad y consistencia entre lotes. Prosaf\u00ae contiene solo peque\u00f1os componentes activos funcionales, con m\u00e1s del 88 % de p\u00e9ptidos por debajo de 3.6 kDa y 38 % por debajo de 1 kDa, lo que lo hace altamente digestible.<\/span>[\/vc_column_text][\/qode_elements_holder_item][\/qode_elements_holder][\/vc_column][\/vc_row][vc_row css_animation=\u00bb\u00bb row_type=\u00bbrow\u00bb use_row_as_full_screen_section=\u00bbno\u00bb type=\u00bbfull_width\u00bb angled_section=\u00bbno\u00bb text_align=\u00bbleft\u00bb background_image_as_pattern=\u00bbwithout_pattern\u00bb z_index=\u00bb\u00bb anchor=\u00bbsustainability\u00bb][vc_column][qode_elements_holder number_of_columns=\u00bbtwo_columns\u00bb][qode_elements_holder_item vertical_alignment=\u00bbmiddle\u00bb horizontal_alignment=\u00bbleft\u00bb advanced_animations=\u00bbno\u00bb item_padding=\u00bb5% 10% 5% 10%\u00bb background_color=\u00bb#706f6f\u00bb][vc_column_text]<\/p>\n<h2 class=\"feed4\"><span style=\"color: #ffffff;\">Modo de acci\u00f3n de Prosaf<sup>\u00ae<\/sup> extracto de levaduras purificado soluble para un desempe\u00f1o animal sustentable<\/span><\/h2>\n<p>[\/vc_column_text][vc_separator type=\u00bbtransparent\u00bb up=\u00bb15&#8243; down=\u00bb15&#8243;][vc_single_image image=\u00bb397902&#8243; img_size=\u00bb50&#215;25&#8243; qode_css_animation=\u00bb\u00bb qode_hover_animation=\u00bbzoom_in\u00bb][vc_separator type=\u00bbtransparent\u00bb up=\u00bb15&#8243; down=\u00bb15&#8243;][vc_column_text css=\u00bb.vc_custom_1592216956867{padding-right: 10% !important;}\u00bb]<span style=\"color: #ffffff;\">Prosaf<sup>\u00ae<\/sup> es una fuente de amino\u00e1cidos esenciales, como la lisina, capaz de completar el perfil de prote\u00edna vegetal en dietas bajas en harina de pescado, con alto contenido de amino\u00e1cidos digestibles en comparaci\u00f3n con la harina de soya. Prosaf<sup>\u00ae<\/sup> tambi\u00e9n contiene un alto nivel de \u00e1cido glut\u00e1mico, un amino\u00e1cido conocido por ser altamente apetecible.<\/span>[\/vc_column_text][\/qode_elements_holder_item][qode_elements_holder_item vertical_alignment=\u00bbmiddle\u00bb horizontal_alignment=\u00bbleft\u00bb advanced_animations=\u00bbno\u00bb background_image=\u00bb815&#8243;][\/qode_elements_holder_item][\/qode_elements_holder][\/vc_column][\/vc_row][vc_row css_animation=\u00bb\u00bb row_type=\u00bbrow\u00bb use_row_as_full_screen_section=\u00bbno\u00bb type=\u00bbfull_width\u00bb angled_section=\u00bbno\u00bb text_align=\u00bbleft\u00bb background_image_as_pattern=\u00bbwithout_pattern\u00bb z_index=\u00bb\u00bb anchor=\u00bbsustainability\u00bb][vc_column][vc_separator type=\u00bbtransparent\u00bb][qode_elements_holder number_of_columns=\u00bbtwo_columns\u00bb][qode_elements_holder_item vertical_alignment=\u00bbmiddle\u00bb horizontal_alignment=\u00bbleft\u00bb advanced_animations=\u00bbno\u00bb][vc_single_image image=\u00bb398198&#8243; img_size=\u00bbfull\u00bb alignment=\u00bbcenter\u00bb qode_css_animation=\u00bb\u00bb qode_hover_animation=\u00bbzoom_in\u00bb][\/qode_elements_holder_item][qode_elements_holder_item vertical_alignment=\u00bbmiddle\u00bb horizontal_alignment=\u00bbleft\u00bb advanced_animations=\u00bbno\u00bb item_padding=\u00bb5% 10% 5% 10%\u00bb background_color=\u00bb#ffffff\u00bb][vc_column_text]<\/p>\n<h2 class=\"feed4\">Responder a las necesidades de los clientes<\/h2>\n<p>[\/vc_column_text][vc_separator type=\u00bbtransparent\u00bb up=\u00bb15&#8243; down=\u00bb15&#8243;][vc_single_image image=\u00bb398042&#8243; img_size=\u00bb50&#215;25&#8243; qode_css_animation=\u00bb\u00bb qode_hover_animation=\u00bbzoom_in\u00bb][vc_separator type=\u00bbtransparent\u00bb up=\u00bb15&#8243; down=\u00bb15&#8243;][vc_column_text]<strong>Presentaci\u00f3n<\/strong><\/p>\n<ul>\n<li>Saco de papel de m\u00faltiples capas de 20 kg con forro interior de polietileno<\/li>\n<\/ul>\n<p>&nbsp;<\/p>\n<p><strong>Vida \u00fatil<\/strong><\/p>\n<ul>\n<li>Prosaf <sup>\u00ae<\/sup> ofrece una vida \u00fatil de 2 a\u00f1os<\/li>\n<\/ul>\n<p>&nbsp;<\/p>\n<p><strong>Almacenamiento<\/strong><\/p>\n<ul>\n<li>Mant\u00e9ngase en un lugar seco y fresco para una conservaci\u00f3n \u00f3ptima<\/li>\n<\/ul>\n<p>&nbsp;<\/p>\n<p><strong>Dosificaci\u00f3n<\/strong><\/p>\n<ul>\n<li>Por favor contacte <em><a href=\"http:\/\/phileo-lesaffre.com\/es\/encuentre-su-contacto-local\/\">aqu\u00ed a los expertos de Phileo<\/a><\/em><\/li>\n<\/ul>\n<p>[\/vc_column_text][vc_separator type=\u00bbtransparent\u00bb up=\u00bb15&#8243; down=\u00bb15&#8243;][\/qode_elements_holder_item][\/qode_elements_holder][\/vc_column][\/vc_row][vc_row css_animation=\u00bb\u00bb row_type=\u00bbrow\u00bb use_row_as_full_screen_section=\u00bbyes\u00bb type=\u00bbfull_width\u00bb angled_section=\u00bbno\u00bb text_align=\u00bbleft\u00bb background_image_as_pattern=\u00bbwithout_pattern\u00bb css=\u00bb.vc_custom_1590613392675{padding-bottom: 2% !important;}\u00bb z_index=\u00bb\u00bb][vc_column][vc_column_text css=\u00bb.vc_custom_1590613411511{padding-top: 2% !important;padding-bottom: 2% !important;}\u00bb]<\/p>\n<h2 class=\"feed3\"><span style=\"color: #96bb39;\">Art\u00edculos<\/span><\/h2>\n<p>[\/vc_column_text][vc_separator type=\u00bbtransparent\u00bb up=\u00bb15&#8243; down=\u00bb15&#8243;]<div class=\"qode-news-holder qode-post-carousel1 qode-nl-normal-space\"  data-post-status=publish data-category-name=products data-ignore-sticky-posts=1 data-orderby=rand data-sort=random data-paged=1 data-max-num-pages=0 data-next-page=2 data-title-tag=h4 data-image-size=portfolio-portrait data-display-categories=no data-display-excerpt=no data-display-date=yes data-display-author=no data-display-share=yes data-display-hot-trending-icons=no data-layout=qode_post_carousel1>Sorry, no posts matched your criteria.<\/div>[\/vc_column][\/vc_row][vc_row css_animation=\u00bb\u00bb row_type=\u00bbrow\u00bb use_row_as_full_screen_section=\u00bbno\u00bb type=\u00bbfull_width\u00bb angled_section=\u00bbno\u00bb text_align=\u00bbleft\u00bb background_image_as_pattern=\u00bbwithout_pattern\u00bb][vc_column][vc_column_text]<em>No todos los productos est\u00e1n disponibles en todos los mercados, ni se permiten todas las afirmaciones relacionadas con estos en todas las regiones. La informaci\u00f3n brindada en este documento es a nuestro mejor leal saber y entender, verdadera y precisa. Sin embargo, los productos solo se deben usar en cumplimiento de las leyes y reglamentaciones locales; no garantizamos libertad de uso de cada aplicaci\u00f3n o pa\u00eds al que est\u00e1 destinado.<\/em>[\/vc_column_text][\/vc_column][\/vc_row]<\/p>\n<\/div>","protected":false},"excerpt":{"rendered":"<p>[vc_row css_animation=\u00bb\u00bb row_type=\u00bbrow\u00bb use_row_as_full_screen_section=\u00bbno\u00bb type=\u00bbfull_width\u00bb angled_section=\u00bbno\u00bb text_align=\u00bbleft\u00bb background_image_as_pattern=\u00bbwithout_pattern\u00bb][vc_column][qode_elements_holder number_of_columns=\u00bbtwo_columns\u00bb][qode_elements_holder_item vertical_alignment=\u00bbmiddle\u00bb horizontal_alignment=\u00bbleft\u00bb advanced_animations=\u00bbno\u00bb item_padding=\u00bb5% 10% 5% 0%\u00bb][vc_column_text] Prosaf\u00ae extracto de levaduras purificado soluble para un desempe\u00f1o animal sustentable [\/vc_column_text][vc_single_image image=\u00bb398042&#8243; img_size=\u00bb65&#215;33&#8243; qode_css_animation=\u00bb\u00bb css=\u00bb.vc_custom_1590613257454{padding-top: 5% !important;padding-bottom: 5% !important;}\u00bb][vc_column_text css=\u00bb.vc_custom_1592222357586{padding-right: 10% !important;}\u00bb]Hacia 2025 necesitaremos 60 millones de toneladas&#8230;<\/p>\n","protected":false},"author":1,"featured_media":411528,"parent":0,"menu_order":0,"comment_status":"closed","ping_status":"closed","template":"full_width.php","meta":{"footnotes":""},"class_list":["post-401562","page","type-page","status-publish","has-post-thumbnail","hentry"],"yoast_head":"<!-- This site is optimized with the Yoast SEO Premium plugin v25.9 (Yoast SEO v27.3) - https:\/\/yoast.com\/product\/yoast-seo-premium-wordpress\/ -->\n<title>Prosaf &#8226; Phileo by Lesaffre<\/title>\n<meta name=\"robots\" content=\"index, follow, max-snippet:-1, max-image-preview:large, max-video-preview:-1\" \/>\n<link rel=\"canonical\" href=\"https:\/\/phileo-lesaffre.com\/es\/prosaf\/\" \/>\n<meta property=\"og:locale\" content=\"es_ES\" \/>\n<meta property=\"og:type\" content=\"article\" \/>\n<meta property=\"og:title\" content=\"Prosaf\" \/>\n<meta property=\"og:description\" content=\"Prosaf\u00ae extracto de levaduras purificado soluble para un desempe\u00f1o animal sustentable Hacia 2025 necesitaremos 60 millones de toneladas extra de prote\u00edna\" \/>\n<meta property=\"og:url\" content=\"https:\/\/phileo-lesaffre.com\/es\/prosaf\/\" \/>\n<meta property=\"og:site_name\" content=\"Phileo by Lesaffre\" \/>\n<meta property=\"article:publisher\" content=\"https:\/\/www.facebook.com\/phileo.lesaffre\/\" \/>\n<meta property=\"article:modified_time\" content=\"2020-11-18T06:30:31+00:00\" \/>\n<meta name=\"twitter:card\" content=\"summary_large_image\" \/>\n<meta name=\"twitter:site\" content=\"@PhileoLesaffre\" \/>\n<script type=\"application\/ld+json\" class=\"yoast-schema-graph\">{\"@context\":\"https:\\\/\\\/schema.org\",\"@graph\":[{\"@type\":\"WebPage\",\"@id\":\"https:\\\/\\\/phileo-lesaffre.com\\\/es\\\/prosaf\\\/\",\"url\":\"https:\\\/\\\/phileo-lesaffre.com\\\/es\\\/prosaf\\\/\",\"name\":\"Prosaf &#8226; Phileo by Lesaffre\",\"isPartOf\":{\"@id\":\"https:\\\/\\\/phileo-lesaffre.com\\\/es\\\/#website\"},\"primaryImageOfPage\":{\"@id\":\"https:\\\/\\\/phileo-lesaffre.com\\\/es\\\/prosaf\\\/#primaryimage\"},\"image\":{\"@id\":\"https:\\\/\\\/phileo-lesaffre.com\\\/es\\\/prosaf\\\/#primaryimage\"},\"thumbnailUrl\":\"https:\\\/\\\/phileo-lesaffre.com\\\/wp-content\\\/uploads\\\/2020\\\/06\\\/Aqua-prosaf-Knowledge-center.jpg\",\"datePublished\":\"2020-11-18T06:30:29+00:00\",\"dateModified\":\"2020-11-18T06:30:31+00:00\",\"breadcrumb\":{\"@id\":\"https:\\\/\\\/phileo-lesaffre.com\\\/es\\\/prosaf\\\/#breadcrumb\"},\"inLanguage\":\"es\",\"potentialAction\":[{\"@type\":\"ReadAction\",\"target\":[\"https:\\\/\\\/phileo-lesaffre.com\\\/es\\\/prosaf\\\/\"]}]},{\"@type\":\"ImageObject\",\"inLanguage\":\"es\",\"@id\":\"https:\\\/\\\/phileo-lesaffre.com\\\/es\\\/prosaf\\\/#primaryimage\",\"url\":\"https:\\\/\\\/phileo-lesaffre.com\\\/wp-content\\\/uploads\\\/2020\\\/06\\\/Aqua-prosaf-Knowledge-center.jpg\",\"contentUrl\":\"https:\\\/\\\/phileo-lesaffre.com\\\/wp-content\\\/uploads\\\/2020\\\/06\\\/Aqua-prosaf-Knowledge-center.jpg\",\"width\":575,\"height\":375,\"caption\":\"prosaf aquaculture\"},{\"@type\":\"BreadcrumbList\",\"@id\":\"https:\\\/\\\/phileo-lesaffre.com\\\/es\\\/prosaf\\\/#breadcrumb\",\"itemListElement\":[{\"@type\":\"ListItem\",\"position\":1,\"name\":\"Phileo by Lesaffre\",\"item\":\"https:\\\/\\\/phileo-lesaffre.com\\\/es\\\/\"},{\"@type\":\"ListItem\",\"position\":2,\"name\":\"Prosaf\"}]},{\"@type\":\"WebSite\",\"@id\":\"https:\\\/\\\/phileo-lesaffre.com\\\/es\\\/#website\",\"url\":\"https:\\\/\\\/phileo-lesaffre.com\\\/es\\\/\",\"name\":\"Phileo by Lesaffre\",\"description\":\"Animal nutrition and health from yeast products\",\"publisher\":{\"@id\":\"https:\\\/\\\/phileo-lesaffre.com\\\/es\\\/#organization\"},\"potentialAction\":[{\"@type\":\"SearchAction\",\"target\":{\"@type\":\"EntryPoint\",\"urlTemplate\":\"https:\\\/\\\/phileo-lesaffre.com\\\/es\\\/?s={search_term_string}\"},\"query-input\":{\"@type\":\"PropertyValueSpecification\",\"valueRequired\":true,\"valueName\":\"search_term_string\"}}],\"inLanguage\":\"es\"},{\"@type\":\"Organization\",\"@id\":\"https:\\\/\\\/phileo-lesaffre.com\\\/es\\\/#organization\",\"name\":\"Phileo by Lesaffre\",\"url\":\"https:\\\/\\\/phileo-lesaffre.com\\\/es\\\/\",\"logo\":{\"@type\":\"ImageObject\",\"inLanguage\":\"es\",\"@id\":\"https:\\\/\\\/phileo-lesaffre.com\\\/es\\\/#\\\/schema\\\/logo\\\/image\\\/\",\"url\":\"https:\\\/\\\/phileo-lesaffre.com\\\/wp-content\\\/uploads\\\/2019\\\/04\\\/logo-phileo-lesaffre-1.jpg\",\"contentUrl\":\"https:\\\/\\\/phileo-lesaffre.com\\\/wp-content\\\/uploads\\\/2019\\\/04\\\/logo-phileo-lesaffre-1.jpg\",\"width\":500,\"height\":250,\"caption\":\"Phileo by Lesaffre\"},\"image\":{\"@id\":\"https:\\\/\\\/phileo-lesaffre.com\\\/es\\\/#\\\/schema\\\/logo\\\/image\\\/\"},\"sameAs\":[\"https:\\\/\\\/www.facebook.com\\\/phileo.lesaffre\\\/\",\"https:\\\/\\\/x.com\\\/PhileoLesaffre\",\"https:\\\/\\\/www.linkedin.com\\\/company\\\/phileo\\\/\"]}]}<\/script>\n<!-- \/ Yoast SEO Premium plugin. -->","yoast_head_json":{"title":"Prosaf &#8226; Phileo by Lesaffre","robots":{"index":"index","follow":"follow","max-snippet":"max-snippet:-1","max-image-preview":"max-image-preview:large","max-video-preview":"max-video-preview:-1"},"canonical":"https:\/\/phileo-lesaffre.com\/es\/prosaf\/","og_locale":"es_ES","og_type":"article","og_title":"Prosaf","og_description":"Prosaf\u00ae extracto de levaduras purificado soluble para un desempe\u00f1o animal sustentable Hacia 2025 necesitaremos 60 millones de toneladas extra de prote\u00edna","og_url":"https:\/\/phileo-lesaffre.com\/es\/prosaf\/","og_site_name":"Phileo by Lesaffre","article_publisher":"https:\/\/www.facebook.com\/phileo.lesaffre\/","article_modified_time":"2020-11-18T06:30:31+00:00","twitter_card":"summary_large_image","twitter_site":"@PhileoLesaffre","schema":{"@context":"https:\/\/schema.org","@graph":[{"@type":"WebPage","@id":"https:\/\/phileo-lesaffre.com\/es\/prosaf\/","url":"https:\/\/phileo-lesaffre.com\/es\/prosaf\/","name":"Prosaf &#8226; Phileo by Lesaffre","isPartOf":{"@id":"https:\/\/phileo-lesaffre.com\/es\/#website"},"primaryImageOfPage":{"@id":"https:\/\/phileo-lesaffre.com\/es\/prosaf\/#primaryimage"},"image":{"@id":"https:\/\/phileo-lesaffre.com\/es\/prosaf\/#primaryimage"},"thumbnailUrl":"https:\/\/phileo-lesaffre.com\/wp-content\/uploads\/2020\/06\/Aqua-prosaf-Knowledge-center.jpg","datePublished":"2020-11-18T06:30:29+00:00","dateModified":"2020-11-18T06:30:31+00:00","breadcrumb":{"@id":"https:\/\/phileo-lesaffre.com\/es\/prosaf\/#breadcrumb"},"inLanguage":"es","potentialAction":[{"@type":"ReadAction","target":["https:\/\/phileo-lesaffre.com\/es\/prosaf\/"]}]},{"@type":"ImageObject","inLanguage":"es","@id":"https:\/\/phileo-lesaffre.com\/es\/prosaf\/#primaryimage","url":"https:\/\/phileo-lesaffre.com\/wp-content\/uploads\/2020\/06\/Aqua-prosaf-Knowledge-center.jpg","contentUrl":"https:\/\/phileo-lesaffre.com\/wp-content\/uploads\/2020\/06\/Aqua-prosaf-Knowledge-center.jpg","width":575,"height":375,"caption":"prosaf aquaculture"},{"@type":"BreadcrumbList","@id":"https:\/\/phileo-lesaffre.com\/es\/prosaf\/#breadcrumb","itemListElement":[{"@type":"ListItem","position":1,"name":"Phileo by Lesaffre","item":"https:\/\/phileo-lesaffre.com\/es\/"},{"@type":"ListItem","position":2,"name":"Prosaf"}]},{"@type":"WebSite","@id":"https:\/\/phileo-lesaffre.com\/es\/#website","url":"https:\/\/phileo-lesaffre.com\/es\/","name":"Phileo by Lesaffre","description":"Animal nutrition and health from yeast products","publisher":{"@id":"https:\/\/phileo-lesaffre.com\/es\/#organization"},"potentialAction":[{"@type":"SearchAction","target":{"@type":"EntryPoint","urlTemplate":"https:\/\/phileo-lesaffre.com\/es\/?s={search_term_string}"},"query-input":{"@type":"PropertyValueSpecification","valueRequired":true,"valueName":"search_term_string"}}],"inLanguage":"es"},{"@type":"Organization","@id":"https:\/\/phileo-lesaffre.com\/es\/#organization","name":"Phileo by Lesaffre","url":"https:\/\/phileo-lesaffre.com\/es\/","logo":{"@type":"ImageObject","inLanguage":"es","@id":"https:\/\/phileo-lesaffre.com\/es\/#\/schema\/logo\/image\/","url":"https:\/\/phileo-lesaffre.com\/wp-content\/uploads\/2019\/04\/logo-phileo-lesaffre-1.jpg","contentUrl":"https:\/\/phileo-lesaffre.com\/wp-content\/uploads\/2019\/04\/logo-phileo-lesaffre-1.jpg","width":500,"height":250,"caption":"Phileo by Lesaffre"},"image":{"@id":"https:\/\/phileo-lesaffre.com\/es\/#\/schema\/logo\/image\/"},"sameAs":["https:\/\/www.facebook.com\/phileo.lesaffre\/","https:\/\/x.com\/PhileoLesaffre","https:\/\/www.linkedin.com\/company\/phileo\/"]}]}},"_links":{"self":[{"href":"https:\/\/phileo-lesaffre.com\/es\/wp-json\/wp\/v2\/pages\/401562","targetHints":{"allow":["GET"]}}],"collection":[{"href":"https:\/\/phileo-lesaffre.com\/es\/wp-json\/wp\/v2\/pages"}],"about":[{"href":"https:\/\/phileo-lesaffre.com\/es\/wp-json\/wp\/v2\/types\/page"}],"author":[{"embeddable":true,"href":"https:\/\/phileo-lesaffre.com\/es\/wp-json\/wp\/v2\/users\/1"}],"replies":[{"embeddable":true,"href":"https:\/\/phileo-lesaffre.com\/es\/wp-json\/wp\/v2\/comments?post=401562"}],"version-history":[{"count":0,"href":"https:\/\/phileo-lesaffre.com\/es\/wp-json\/wp\/v2\/pages\/401562\/revisions"}],"wp:featuredmedia":[{"embeddable":true,"href":"https:\/\/phileo-lesaffre.com\/es\/wp-json\/wp\/v2\/media\/411528"}],"wp:attachment":[{"href":"https:\/\/phileo-lesaffre.com\/es\/wp-json\/wp\/v2\/media?parent=401562"}],"curies":[{"name":"wp","href":"https:\/\/api.w.org\/{rel}","templated":true}]}}