{"id":401547,"date":"2020-11-18T07:30:18","date_gmt":"2020-11-18T06:30:18","guid":{"rendered":"http:\/\/phileo-lesaffre.com\/nucleosaf\/"},"modified":"2020-11-18T07:30:20","modified_gmt":"2020-11-18T06:30:20","slug":"nucleosaf","status":"publish","type":"page","link":"https:\/\/phileo-lesaffre.com\/es\/nucleosaf\/","title":{"rendered":"Nucleosaf"},"content":{"rendered":"<div class=\"wpb-content-wrapper\"><p>[vc_row css_animation=\u00bb\u00bb row_type=\u00bbrow\u00bb use_row_as_full_screen_section=\u00bbno\u00bb type=\u00bbfull_width\u00bb angled_section=\u00bbno\u00bb text_align=\u00bbleft\u00bb background_image_as_pattern=\u00bbwithout_pattern\u00bb][vc_column][qode_elements_holder number_of_columns=\u00bbtwo_columns\u00bb][qode_elements_holder_item vertical_alignment=\u00bbmiddle\u00bb horizontal_alignment=\u00bbleft\u00bb advanced_animations=\u00bbno\u00bb item_padding=\u00bb5% 10% 5% 0%\u00bb][vc_column_text]<\/p>\n<h2 class=\"feed2\"><span style=\"color: #4d4d4c;\">Extracto de levadura premium Nucleosaf<sup>\u00ae<\/sup> rico en nucle\u00f3tidos libres <\/span><\/h2>\n<p>[\/vc_column_text][vc_single_image image=\u00bb398042&#8243; img_size=\u00bb65&#215;33&#8243; qode_css_animation=\u00bb\u00bb css=\u00bb.vc_custom_1590613257454{padding-top: 5% !important;padding-bottom: 5% !important;}\u00bb][vc_column_text css=\u00bb.vc_custom_1592216663993{padding-right: 10% !important;}\u00bb]Nucleosaf<sup>\u00ae<\/sup>, un extracto de levadura premium rico en nucle\u00f3tidos libres que puede apoyar el crecimiento r\u00e1pido de los animales y mejorar su desarrollo intestinal, y al mismo tiempo contribuir al mejor desempe\u00f1o zoot\u00e9cnico y eficiencia alimenticia. Se sabe que los nucle\u00f3tidos libres tienen un importante efecto en los tejidos con altas tasas de renovaci\u00f3n, como el tracto intestinal. Suplementar dietas con Nucleosaf<sup>\u00ae<\/sup> durante los primeros d\u00edas de vida cuando hay un crecimiento r\u00e1pido del animal o durante per\u00edodos de desaf\u00edo como el destete, ayuda a mejorar la formaci\u00f3n o recuperaci\u00f3n de los tejidos intestinales, mejorar las funciones de la barrera mucosa e incrementar la zona de absorci\u00f3n del intestino. Un mejor desarrollo intestinal en las primeras etapas del animal resultar\u00e1 en mayor crecimiento y eficiencia del alimento.[\/vc_column_text][\/qode_elements_holder_item][qode_elements_holder_item cover=\u00bbyes\u00bb vertical_alignment=\u00bbmiddle\u00bb horizontal_alignment=\u00bbleft\u00bb advanced_animations=\u00bbno\u00bb background_image=\u00bb397116&#8243;][\/qode_elements_holder_item][\/qode_elements_holder][\/vc_column][\/vc_row][vc_row css_animation=\u00bb\u00bb row_type=\u00bbrow\u00bb use_row_as_full_screen_section=\u00bbyes\u00bb type=\u00bbfull_width\u00bb angled_section=\u00bbno\u00bb text_align=\u00bbleft\u00bb background_image_as_pattern=\u00bbwithout_pattern\u00bb z_index=\u00bb\u00bb css=\u00bb.vc_custom_1590613315117{padding-top: 1% !important;padding-bottom: 2% !important;}\u00bb][vc_column][vc_column_text]<\/p>\n<h2 class=\"feed2\"><span style=\"color: #4d4d4c;\">Responder a las necesidades<br \/>\nde nuestros clientes<\/span><\/h2>\n<p>[\/vc_column_text][vc_separator type=\u00bbtransparent\u00bb up=\u00bb15&#8243; down=\u00bb15&#8243;][\/vc_column][vc_column width=\u00bb1\/3&#8243; css=\u00bb.vc_custom_1589951433309{padding-top: 15px !important;padding-right: 25px !important;padding-bottom: 15px !important;padding-left: 25px !important;}\u00bb][vc_column_text css=\u00bb.vc_custom_1593437025301{padding-top: 10% !important;padding-right: 10% !important;padding-bottom: 10% !important;padding-left: 10% !important;background-color: #706f6f !important;}\u00bb el_class=\u00bbbloc\u00bb]<\/p>\n<h3><span style=\"color: #ffffff;\">Nucleosaf<sup>\u00ae<\/sup> mejora el desarrollo intestinal de animales j\u00f3venes<\/span><\/h3>\n<p>[vc_separator type=\u00bbtransparent\u00bb up=\u00bb5&#8243; down=\u00bb5&#8243;]<br \/>\n<span style=\"color: #ffffff;\">En los primeros d\u00edas de vida del animal, aumenta su necesidad de nucle\u00f3tidos libres debido al desarrollo intestinal y a su propio crecimiento r\u00e1pido. Suplementar las dietas de animales j\u00f3venes con Nucleosaf<sup>\u00ae<\/sup> muestra efectos ben\u00e9ficos en el aumento de la altura de las vellosidades intestinales y el n\u00famero de c\u00e9lulas caliciformes, as\u00ed como una mejor relaci\u00f3n entre la altura de las vellosidades y la profundidad de la cripta. Por lo tanto, Nucleosaf<sup>\u00ae<\/sup> ayuda a incrementar la superficie de absorci\u00f3n y la capa mucosa, para mejorar la maduraci\u00f3n del intestino y la eficiencia del alimento, as\u00ed como brindar un mejor inicio al animal.<\/span>[\/vc_column_text][\/vc_column][vc_column width=\u00bb1\/3&#8243; css=\u00bb.vc_custom_1589951537170{padding-top: 15px !important;padding-right: 25px !important;padding-bottom: 15px !important;padding-left: 25px !important;}\u00bb][vc_column_text css=\u00bb.vc_custom_1592216701948{padding-top: 10% !important;padding-right: 10% !important;padding-bottom: 10% !important;padding-left: 10% !important;background-color: #e58734 !important;}\u00bb el_class=\u00bbbloc\u00bb]<\/p>\n<h3><span style=\"color: #ffffff;\">Nucleosaf<sup>\u00ae<\/sup> apoya el crecimiento del animal en episodios de estr\u00e9s<\/span><\/h3>\n<p>[vc_separator type=\u00bbtransparent\u00bb up=\u00bb5&#8243; down=\u00bb5&#8243;]<br \/>\n<span style=\"color: #ffffff;\">Los episodios de estr\u00e9s como el destete de lechones o el llenado de estanques en animales acu\u00e1ticos, tienen impactos negativos en la salud intestinal, el sistema inmunitario, el consumo de alimento y el crecimiento. En estos per\u00edodos y cuando hay lesiones intestinales se vuelve especialmente importante la necesidad de nucle\u00f3tidos libres. La suplementaci\u00f3n de las dietas para animales con Nucleosaf<sup>\u00ae<\/sup> puede ayudar a mejorar la formaci\u00f3n de tejidos intestinales y la funci\u00f3n de la barrera mucosa, y as\u00ed mejorar el consumo de alimento y el crecimiento.<\/span>[\/vc_column_text][\/vc_column][\/vc_row][vc_row css_animation=\u00bb\u00bb row_type=\u00bbrow\u00bb use_row_as_full_screen_section=\u00bbno\u00bb type=\u00bbfull_width\u00bb angled_section=\u00bbno\u00bb text_align=\u00bbleft\u00bb background_image_as_pattern=\u00bbwithout_pattern\u00bb][vc_column][qode_elements_holder number_of_columns=\u00bbtwo_columns\u00bb][qode_elements_holder_item cover=\u00bbyes\u00bb vertical_alignment=\u00bbmiddle\u00bb horizontal_alignment=\u00bbleft\u00bb advanced_animations=\u00bbno\u00bb background_image=\u00bb875&#8243;][\/qode_elements_holder_item][qode_elements_holder_item vertical_alignment=\u00bbmiddle\u00bb horizontal_alignment=\u00bbleft\u00bb advanced_animations=\u00bbno\u00bb item_padding=\u00bb5% 10% 5% 10%\u00bb background_color=\u00bb#e58734&#8243;][vc_column_text]<\/p>\n<h2 class=\"feed4\"><span style=\"color: #ffffff;\">Nucleosaf<sup>\u00ae<\/sup> fuente de nucle\u00f3tidos libres para apoyar el desarrollo intestinal y el crecimiento de los animales<\/span><\/h2>\n<p>[\/vc_column_text][vc_single_image image=\u00bb397902&#8243; img_size=\u00bb50&#215;25&#8243; qode_css_animation=\u00bb\u00bb css=\u00bb.vc_custom_1591792890573{padding-top: 5% !important;padding-bottom: 5% !important;}\u00bb][vc_column_text css=\u00bb.vc_custom_1592216739900{padding-right: 10% !important;}\u00bb]<span style=\"color: #ffffff;\">Nucleosaf<sup>\u00ae<\/sup> es un extracto de levadura premium con un nivel consistente de nucle\u00f3tidos libres, que se obtienen por aut\u00f3lisis de la cepa de levadura patentada Saccharomyces cerevisiae. Los pasos de purificaci\u00f3n garantizan buena estabilidad del producto y al mismo tiempo mantienen nutrientes altamente deseables.<\/span>[\/vc_column_text][\/qode_elements_holder_item][\/qode_elements_holder][\/vc_column][\/vc_row][vc_row css_animation=\u00bb\u00bb row_type=\u00bbrow\u00bb use_row_as_full_screen_section=\u00bbno\u00bb type=\u00bbfull_width\u00bb angled_section=\u00bbno\u00bb text_align=\u00bbleft\u00bb background_image_as_pattern=\u00bbwithout_pattern\u00bb z_index=\u00bb\u00bb anchor=\u00bbsustainability\u00bb][vc_column][qode_elements_holder number_of_columns=\u00bbtwo_columns\u00bb][qode_elements_holder_item vertical_alignment=\u00bbmiddle\u00bb horizontal_alignment=\u00bbleft\u00bb advanced_animations=\u00bbno\u00bb item_padding=\u00bb5% 10% 5% 10%\u00bb background_color=\u00bb#706f6f\u00bb][vc_column_text]<\/p>\n<h2 class=\"feed4\"><span style=\"color: #ffffff;\">Modo de acci\u00f3n del extracto de levadura premium Nucleosaf<sup>\u00ae<\/sup> rico en nucle\u00f3tidos libres<\/span><\/h2>\n<p>[\/vc_column_text][vc_single_image image=\u00bb397902&#8243; img_size=\u00bb50&#215;25&#8243; qode_css_animation=\u00bb\u00bb css=\u00bb.vc_custom_1591792890573{padding-top: 5% !important;padding-bottom: 5% !important;}\u00bb][vc_column_text css=\u00bb.vc_custom_1592216772522{padding-right: 10% !important;}\u00bb]<span style=\"color: #ffffff;\">Al proporcionarle el elemento clave, los nucle\u00f3tidos libres, a los tejidos con alta tasa de renovaci\u00f3n, Nucleosaf<sup>\u00ae<\/sup> puede ayudar a que los animales logren un desarrollo intestinal \u00f3ptimo durante el per\u00edodo de crecimiento r\u00e1pido.<\/span><\/p>\n<p>&nbsp;<\/p>\n<p><span style=\"color: #ffffff;\"><br \/>\nNucleosaf<sup>\u00ae<\/sup> apoya el consumo de alimento, la resistencia a las enfermedades y el crecimiento del animal en per\u00edodos estresantes, como el destete y el llenado de estanques, en los que aumenta la necesidad de nucle\u00f3tidos libres.<br \/>\n<\/span>[\/vc_column_text][\/qode_elements_holder_item][qode_elements_holder_item cover=\u00bbyes\u00bb vertical_alignment=\u00bbmiddle\u00bb horizontal_alignment=\u00bbleft\u00bb advanced_animations=\u00bbno\u00bb background_image=\u00bb876&#8243;][\/qode_elements_holder_item][\/qode_elements_holder][\/vc_column][\/vc_row][vc_row css_animation=\u00bb\u00bb row_type=\u00bbrow\u00bb use_row_as_full_screen_section=\u00bbno\u00bb type=\u00bbfull_width\u00bb angled_section=\u00bbno\u00bb text_align=\u00bbleft\u00bb background_image_as_pattern=\u00bbwithout_pattern\u00bb z_index=\u00bb\u00bb anchor=\u00bbsustainability\u00bb][vc_column][qode_elements_holder number_of_columns=\u00bbtwo_columns\u00bb][qode_elements_holder_item vertical_alignment=\u00bbmiddle\u00bb horizontal_alignment=\u00bbleft\u00bb advanced_animations=\u00bbno\u00bb][vc_single_image image=\u00bb400548&#8243; img_size=\u00bbfull\u00bb alignment=\u00bbcenter\u00bb qode_css_animation=\u00bb\u00bb qode_hover_animation=\u00bbzoom_in\u00bb][\/qode_elements_holder_item][qode_elements_holder_item vertical_alignment=\u00bbmiddle\u00bb horizontal_alignment=\u00bbleft\u00bb advanced_animations=\u00bbno\u00bb item_padding=\u00bb5% 10% 5% 10%\u00bb background_color=\u00bb#ffffff\u00bb][vc_column_text]<\/p>\n<h2 class=\"feed4\">Responder a las necesidades de nuestros clientes<\/h2>\n<p>[\/vc_column_text][vc_single_image image=\u00bb398042&#8243; img_size=\u00bb50&#215;25&#8243; qode_css_animation=\u00bb\u00bb css=\u00bb.vc_custom_1591793241775{padding-top: 5% !important;padding-bottom: 5% !important;}\u00bb][vc_column_text]<strong>Presentaci\u00f3n<\/strong><\/p>\n<ul>\n<li>Saco de papel de m\u00faltiples capas de 25 kg con forro interior de polietileno<\/li>\n<\/ul>\n<p>&nbsp;<\/p>\n<p>&nbsp;<\/p>\n<p><strong>Vida \u00fatil<\/strong><\/p>\n<ul>\n<li>Nucleosaf<sup>\u00ae<\/sup> 600 posee gran estabilidad con una larga vida \u00fatil de 2 a\u00f1os<\/li>\n<\/ul>\n<p>&nbsp;<\/p>\n<p>&nbsp;<\/p>\n<p><strong>Dosificaci\u00f3n<\/strong><\/p>\n<ul>\n<li>Por favor contacte <em><a href=\"http:\/\/phileo-lesaffre.com\/es\/encuentre-su-contacto-local\/\">aqu\u00ed a los expertos de Phileo<\/a><\/em><\/li>\n<\/ul>\n<p>[\/vc_column_text][vc_separator type=\u00bbtransparent\u00bb up=\u00bb15&#8243; down=\u00bb15&#8243;][\/qode_elements_holder_item][\/qode_elements_holder][\/vc_column][\/vc_row][vc_row css_animation=\u00bb\u00bb row_type=\u00bbrow\u00bb use_row_as_full_screen_section=\u00bbyes\u00bb type=\u00bbfull_width\u00bb angled_section=\u00bbno\u00bb text_align=\u00bbleft\u00bb background_image_as_pattern=\u00bbwithout_pattern\u00bb z_index=\u00bb\u00bb anchor=\u00bbpresence\u00bb css=\u00bb.vc_custom_1592383914100{padding-top: 2% !important;padding-bottom: 2% !important;}\u00bb el_class=\u00bbforce_padding_responsive\u00bb][vc_column][vc_column_text css=\u00bb.vc_custom_1591812504714{padding-top: 2% !important;padding-bottom: 2% !important;}\u00bb]<\/p>\n<h2 class=\"feed3\"><span style=\"color: #4c4c4d;\">Programas con Nucleosaf<\/span><\/h2>\n<p>[\/vc_column_text][vc_separator type=\u00bbtransparent\u00bb up=\u00bb15&#8243; down=\u00bb15&#8243;][\/vc_column][vc_column width=\u00bb1\/4&#8243;][vc_single_image image=\u00bb397992&#8243; img_size=\u00bbfull\u00bb alignment=\u00bbcenter\u00bb onclick=\u00bbcustom_link\u00bb qode_css_animation=\u00bb\u00bb qode_hover_animation=\u00bbzoom_in\u00bb link=\u00bb#\u00bb][\/vc_column][vc_column width=\u00bb1\/4&#8243;][vc_single_image image=\u00bb397996&#8243; img_size=\u00bbfull\u00bb onclick=\u00bbcustom_link\u00bb qode_css_animation=\u00bb\u00bb qode_hover_animation=\u00bbzoom_in\u00bb link=\u00bb#\u00bb el_class=\u00bbvc_align_center_responsive\u00bb][\/vc_column][vc_column width=\u00bb1\/4&#8243;][\/vc_column][vc_column width=\u00bb1\/4&#8243;][\/vc_column][\/vc_row][vc_row css_animation=\u00bb\u00bb row_type=\u00bbrow\u00bb use_row_as_full_screen_section=\u00bbyes\u00bb type=\u00bbfull_width\u00bb angled_section=\u00bbno\u00bb text_align=\u00bbleft\u00bb background_image_as_pattern=\u00bbwithout_pattern\u00bb css=\u00bb.vc_custom_1590613392675{padding-bottom: 2% !important;}\u00bb z_index=\u00bb\u00bb][vc_column][vc_column_text css=\u00bb.vc_custom_1590613411511{padding-top: 2% !important;padding-bottom: 2% !important;}\u00bb]<\/p>\n<h2 class=\"feed3\"><span style=\"color: #96bb39;\">Art\u00edculos<\/span><\/h2>\n<p>[\/vc_column_text][vc_separator type=\u00bbtransparent\u00bb up=\u00bb15&#8243; down=\u00bb15&#8243;]<div class=\"qode-news-holder qode-post-carousel1 qode-nl-normal-space\"  data-post-status=publish data-category-name=products data-ignore-sticky-posts=1 data-orderby=rand data-sort=random data-paged=1 data-max-num-pages=0 data-next-page=2 data-title-tag=h4 data-image-size=portfolio-portrait data-display-categories=no data-display-excerpt=no data-display-date=yes data-display-author=no data-display-share=yes data-display-hot-trending-icons=no data-layout=qode_post_carousel1>Sorry, no posts matched your criteria.<\/div>[\/vc_column][\/vc_row][vc_row css_animation=\u00bb\u00bb row_type=\u00bbrow\u00bb use_row_as_full_screen_section=\u00bbno\u00bb type=\u00bbfull_width\u00bb angled_section=\u00bbno\u00bb text_align=\u00bbleft\u00bb background_image_as_pattern=\u00bbwithout_pattern\u00bb][vc_column][vc_column_text]<em>No todos los productos est\u00e1n disponibles en todos los mercados, ni se permiten todas las afirmaciones relacionadas con estos en todas las regiones. La informaci\u00f3n brindada en este documento es a nuestro mejor leal saber y entender, verdadera y precisa. Sin embargo, los productos solo se deben usar en cumplimiento de las leyes y reglamentaciones locales; no garantizamos libertad de uso de cada aplicaci\u00f3n o pa\u00eds al que est\u00e1 destinado.<\/em>[\/vc_column_text][\/vc_column][\/vc_row]<\/p>\n<\/div>","protected":false},"excerpt":{"rendered":"<p>[vc_row css_animation=\u00bb\u00bb row_type=\u00bbrow\u00bb use_row_as_full_screen_section=\u00bbno\u00bb type=\u00bbfull_width\u00bb angled_section=\u00bbno\u00bb text_align=\u00bbleft\u00bb background_image_as_pattern=\u00bbwithout_pattern\u00bb][vc_column][qode_elements_holder number_of_columns=\u00bbtwo_columns\u00bb][qode_elements_holder_item vertical_alignment=\u00bbmiddle\u00bb horizontal_alignment=\u00bbleft\u00bb advanced_animations=\u00bbno\u00bb item_padding=\u00bb5% 10% 5% 0%\u00bb][vc_column_text] Extracto de levadura premium Nucleosaf\u00ae rico en nucle\u00f3tidos libres [\/vc_column_text][vc_single_image image=\u00bb398042&#8243; img_size=\u00bb65&#215;33&#8243; qode_css_animation=\u00bb\u00bb css=\u00bb.vc_custom_1590613257454{padding-top: 5% !important;padding-bottom: 5% !important;}\u00bb][vc_column_text css=\u00bb.vc_custom_1592216663993{padding-right: 10% !important;}\u00bb]Nucleosaf\u00ae, un extracto de levadura premium rico en nucle\u00f3tidos&#8230;<\/p>\n","protected":false},"author":1,"featured_media":0,"parent":0,"menu_order":0,"comment_status":"closed","ping_status":"closed","template":"full_width.php","meta":{"footnotes":""},"class_list":["post-401547","page","type-page","status-publish","hentry"],"yoast_head":"<!-- This site is optimized with the Yoast SEO Premium plugin v25.9 (Yoast SEO v27.3) - https:\/\/yoast.com\/product\/yoast-seo-premium-wordpress\/ -->\n<title>Nucleosaf &#8226; Phileo by Lesaffre<\/title>\n<meta name=\"robots\" content=\"index, follow, max-snippet:-1, max-image-preview:large, max-video-preview:-1\" \/>\n<link rel=\"canonical\" href=\"https:\/\/phileo-lesaffre.com\/es\/nucleosaf\/\" \/>\n<meta property=\"og:locale\" content=\"es_ES\" \/>\n<meta property=\"og:type\" content=\"article\" \/>\n<meta property=\"og:title\" content=\"Nucleosaf\" \/>\n<meta property=\"og:description\" content=\"Extracto de levadura premium Nucleosaf\u00ae rico en nucle\u00f3tidos libres Nucleosaf\u00ae, un extracto de levadura premium rico en nucle\u00f3tidos libres que puede apoyar\" \/>\n<meta property=\"og:url\" content=\"https:\/\/phileo-lesaffre.com\/es\/nucleosaf\/\" \/>\n<meta property=\"og:site_name\" content=\"Phileo by Lesaffre\" \/>\n<meta property=\"article:publisher\" content=\"https:\/\/www.facebook.com\/phileo.lesaffre\/\" \/>\n<meta property=\"article:modified_time\" content=\"2020-11-18T06:30:20+00:00\" \/>\n<meta name=\"twitter:card\" content=\"summary_large_image\" \/>\n<meta name=\"twitter:site\" content=\"@PhileoLesaffre\" \/>\n<script type=\"application\/ld+json\" class=\"yoast-schema-graph\">{\"@context\":\"https:\\\/\\\/schema.org\",\"@graph\":[{\"@type\":\"WebPage\",\"@id\":\"https:\\\/\\\/phileo-lesaffre.com\\\/es\\\/nucleosaf\\\/\",\"url\":\"https:\\\/\\\/phileo-lesaffre.com\\\/es\\\/nucleosaf\\\/\",\"name\":\"Nucleosaf &#8226; Phileo by Lesaffre\",\"isPartOf\":{\"@id\":\"https:\\\/\\\/phileo-lesaffre.com\\\/es\\\/#website\"},\"datePublished\":\"2020-11-18T06:30:18+00:00\",\"dateModified\":\"2020-11-18T06:30:20+00:00\",\"breadcrumb\":{\"@id\":\"https:\\\/\\\/phileo-lesaffre.com\\\/es\\\/nucleosaf\\\/#breadcrumb\"},\"inLanguage\":\"es\",\"potentialAction\":[{\"@type\":\"ReadAction\",\"target\":[\"https:\\\/\\\/phileo-lesaffre.com\\\/es\\\/nucleosaf\\\/\"]}]},{\"@type\":\"BreadcrumbList\",\"@id\":\"https:\\\/\\\/phileo-lesaffre.com\\\/es\\\/nucleosaf\\\/#breadcrumb\",\"itemListElement\":[{\"@type\":\"ListItem\",\"position\":1,\"name\":\"Phileo by Lesaffre\",\"item\":\"https:\\\/\\\/phileo-lesaffre.com\\\/es\\\/\"},{\"@type\":\"ListItem\",\"position\":2,\"name\":\"Nucleosaf\"}]},{\"@type\":\"WebSite\",\"@id\":\"https:\\\/\\\/phileo-lesaffre.com\\\/es\\\/#website\",\"url\":\"https:\\\/\\\/phileo-lesaffre.com\\\/es\\\/\",\"name\":\"Phileo by Lesaffre\",\"description\":\"Animal nutrition and health from yeast products\",\"publisher\":{\"@id\":\"https:\\\/\\\/phileo-lesaffre.com\\\/es\\\/#organization\"},\"potentialAction\":[{\"@type\":\"SearchAction\",\"target\":{\"@type\":\"EntryPoint\",\"urlTemplate\":\"https:\\\/\\\/phileo-lesaffre.com\\\/es\\\/?s={search_term_string}\"},\"query-input\":{\"@type\":\"PropertyValueSpecification\",\"valueRequired\":true,\"valueName\":\"search_term_string\"}}],\"inLanguage\":\"es\"},{\"@type\":\"Organization\",\"@id\":\"https:\\\/\\\/phileo-lesaffre.com\\\/es\\\/#organization\",\"name\":\"Phileo by Lesaffre\",\"url\":\"https:\\\/\\\/phileo-lesaffre.com\\\/es\\\/\",\"logo\":{\"@type\":\"ImageObject\",\"inLanguage\":\"es\",\"@id\":\"https:\\\/\\\/phileo-lesaffre.com\\\/es\\\/#\\\/schema\\\/logo\\\/image\\\/\",\"url\":\"https:\\\/\\\/phileo-lesaffre.com\\\/wp-content\\\/uploads\\\/2019\\\/04\\\/logo-phileo-lesaffre-1.jpg\",\"contentUrl\":\"https:\\\/\\\/phileo-lesaffre.com\\\/wp-content\\\/uploads\\\/2019\\\/04\\\/logo-phileo-lesaffre-1.jpg\",\"width\":500,\"height\":250,\"caption\":\"Phileo by Lesaffre\"},\"image\":{\"@id\":\"https:\\\/\\\/phileo-lesaffre.com\\\/es\\\/#\\\/schema\\\/logo\\\/image\\\/\"},\"sameAs\":[\"https:\\\/\\\/www.facebook.com\\\/phileo.lesaffre\\\/\",\"https:\\\/\\\/x.com\\\/PhileoLesaffre\",\"https:\\\/\\\/www.linkedin.com\\\/company\\\/phileo\\\/\"]}]}<\/script>\n<!-- \/ Yoast SEO Premium plugin. -->","yoast_head_json":{"title":"Nucleosaf &#8226; Phileo by Lesaffre","robots":{"index":"index","follow":"follow","max-snippet":"max-snippet:-1","max-image-preview":"max-image-preview:large","max-video-preview":"max-video-preview:-1"},"canonical":"https:\/\/phileo-lesaffre.com\/es\/nucleosaf\/","og_locale":"es_ES","og_type":"article","og_title":"Nucleosaf","og_description":"Extracto de levadura premium Nucleosaf\u00ae rico en nucle\u00f3tidos libres Nucleosaf\u00ae, un extracto de levadura premium rico en nucle\u00f3tidos libres que puede apoyar","og_url":"https:\/\/phileo-lesaffre.com\/es\/nucleosaf\/","og_site_name":"Phileo by Lesaffre","article_publisher":"https:\/\/www.facebook.com\/phileo.lesaffre\/","article_modified_time":"2020-11-18T06:30:20+00:00","twitter_card":"summary_large_image","twitter_site":"@PhileoLesaffre","schema":{"@context":"https:\/\/schema.org","@graph":[{"@type":"WebPage","@id":"https:\/\/phileo-lesaffre.com\/es\/nucleosaf\/","url":"https:\/\/phileo-lesaffre.com\/es\/nucleosaf\/","name":"Nucleosaf &#8226; Phileo by Lesaffre","isPartOf":{"@id":"https:\/\/phileo-lesaffre.com\/es\/#website"},"datePublished":"2020-11-18T06:30:18+00:00","dateModified":"2020-11-18T06:30:20+00:00","breadcrumb":{"@id":"https:\/\/phileo-lesaffre.com\/es\/nucleosaf\/#breadcrumb"},"inLanguage":"es","potentialAction":[{"@type":"ReadAction","target":["https:\/\/phileo-lesaffre.com\/es\/nucleosaf\/"]}]},{"@type":"BreadcrumbList","@id":"https:\/\/phileo-lesaffre.com\/es\/nucleosaf\/#breadcrumb","itemListElement":[{"@type":"ListItem","position":1,"name":"Phileo by Lesaffre","item":"https:\/\/phileo-lesaffre.com\/es\/"},{"@type":"ListItem","position":2,"name":"Nucleosaf"}]},{"@type":"WebSite","@id":"https:\/\/phileo-lesaffre.com\/es\/#website","url":"https:\/\/phileo-lesaffre.com\/es\/","name":"Phileo by Lesaffre","description":"Animal nutrition and health from yeast products","publisher":{"@id":"https:\/\/phileo-lesaffre.com\/es\/#organization"},"potentialAction":[{"@type":"SearchAction","target":{"@type":"EntryPoint","urlTemplate":"https:\/\/phileo-lesaffre.com\/es\/?s={search_term_string}"},"query-input":{"@type":"PropertyValueSpecification","valueRequired":true,"valueName":"search_term_string"}}],"inLanguage":"es"},{"@type":"Organization","@id":"https:\/\/phileo-lesaffre.com\/es\/#organization","name":"Phileo by Lesaffre","url":"https:\/\/phileo-lesaffre.com\/es\/","logo":{"@type":"ImageObject","inLanguage":"es","@id":"https:\/\/phileo-lesaffre.com\/es\/#\/schema\/logo\/image\/","url":"https:\/\/phileo-lesaffre.com\/wp-content\/uploads\/2019\/04\/logo-phileo-lesaffre-1.jpg","contentUrl":"https:\/\/phileo-lesaffre.com\/wp-content\/uploads\/2019\/04\/logo-phileo-lesaffre-1.jpg","width":500,"height":250,"caption":"Phileo by Lesaffre"},"image":{"@id":"https:\/\/phileo-lesaffre.com\/es\/#\/schema\/logo\/image\/"},"sameAs":["https:\/\/www.facebook.com\/phileo.lesaffre\/","https:\/\/x.com\/PhileoLesaffre","https:\/\/www.linkedin.com\/company\/phileo\/"]}]}},"_links":{"self":[{"href":"https:\/\/phileo-lesaffre.com\/es\/wp-json\/wp\/v2\/pages\/401547","targetHints":{"allow":["GET"]}}],"collection":[{"href":"https:\/\/phileo-lesaffre.com\/es\/wp-json\/wp\/v2\/pages"}],"about":[{"href":"https:\/\/phileo-lesaffre.com\/es\/wp-json\/wp\/v2\/types\/page"}],"author":[{"embeddable":true,"href":"https:\/\/phileo-lesaffre.com\/es\/wp-json\/wp\/v2\/users\/1"}],"replies":[{"embeddable":true,"href":"https:\/\/phileo-lesaffre.com\/es\/wp-json\/wp\/v2\/comments?post=401547"}],"version-history":[{"count":0,"href":"https:\/\/phileo-lesaffre.com\/es\/wp-json\/wp\/v2\/pages\/401547\/revisions"}],"wp:attachment":[{"href":"https:\/\/phileo-lesaffre.com\/es\/wp-json\/wp\/v2\/media?parent=401547"}],"curies":[{"name":"wp","href":"https:\/\/api.w.org\/{rel}","templated":true}]}}