{"id":401497,"date":"2020-11-18T07:29:27","date_gmt":"2020-11-18T06:29:27","guid":{"rendered":"http:\/\/phileo-lesaffre.com\/insectos\/"},"modified":"2020-12-16T08:49:05","modified_gmt":"2020-12-16T07:49:05","slug":"insectos","status":"publish","type":"page","link":"https:\/\/phileo-lesaffre.com\/es\/insectos\/","title":{"rendered":"Insectos"},"content":{"rendered":"<div class=\"wpb-content-wrapper\"><p>[vc_row css_animation=\u00bb\u00bb row_type=\u00bbrow\u00bb use_row_as_full_screen_section=\u00bbno\u00bb type=\u00bbfull_width\u00bb angled_section=\u00bbno\u00bb text_align=\u00bbleft\u00bb background_image_as_pattern=\u00bbwithout_pattern\u00bb z_index=\u00bb\u00bb background_image=\u00bb514&#8243;][vc_column][qode_elements_holder number_of_columns=\u00bbtwo_columns\u00bb][qode_elements_holder_item vertical_alignment=\u00bbmiddle\u00bb horizontal_alignment=\u00bbleft\u00bb advanced_animations=\u00bbno\u00bb item_padding=\u00bb25% 10% 25% 20%\u00bb][vc_column_text]<\/p>\n<h2 class=\"feed2\"><span style=\"color: #ffffff;\">Insectos<\/span><\/h2>\n<p>[\/vc_column_text][vc_single_image image=\u00bb397902&#8243; img_size=\u00bb65&#215;33&#8243; qode_css_animation=\u00bb\u00bb css=\u00bb.vc_custom_1591279354773{padding-top: 5% !important;padding-bottom: 5% !important;}\u00bb][vc_column_text css=\u00bb.vc_custom_1594972663899{padding-right: 10% !important;}\u00bb]<\/p>\n<p><span style=\"color: #ffffff;\"><strong>Despu\u00e9s de millones de a\u00f1os de logros evolutivos en vida libre, la producci\u00f3n masiva de insectos ha resultado en desaf\u00edos de salud para las colonias domesticadas y en la necesidad de que los productores de insectos implementen pr\u00e1cticas que mejoren la productividad de este nuevo tipo de \u00abproducci\u00f3n animal\u00bb.<\/strong><\/span><\/p>\n<p>[\/vc_column_text][\/qode_elements_holder_item][qode_elements_holder_item vertical_alignment=\u00bbbottom\u00bb horizontal_alignment=\u00bbright\u00bb advanced_animations=\u00bbno\u00bb item_padding=\u00bb0 5% 5% 0&#8243;][vc_single_image image=\u00bb401041&#8243; img_size=\u00bbfull\u00bb alignment=\u00bbright\u00bb qode_css_animation=\u00bb\u00bb][\/qode_elements_holder_item][\/qode_elements_holder][\/vc_column][\/vc_row][vc_row css_animation=\u00bb\u00bb row_type=\u00bbrow\u00bb use_row_as_full_screen_section=\u00bbno\u00bb type=\u00bbfull_width\u00bb angled_section=\u00bbno\u00bb text_align=\u00bbleft\u00bb background_image_as_pattern=\u00bbwithout_pattern\u00bb][vc_column][vc_separator type=\u00bbnormal\u00bb color=\u00bbrgba(255,255,255,0.01)\u00bb][qode_elements_holder number_of_columns=\u00bbtwo_columns\u00bb][qode_elements_holder_item cover=\u00bbyes\u00bb vertical_alignment=\u00bbmiddle\u00bb horizontal_alignment=\u00bbleft\u00bb advanced_animations=\u00bbno\u00bb background_image=\u00bb395887&#8243;][vc_separator type=\u00bbtransparent\u00bb up=\u00bb200&#8243; down=\u00bb200&#8243;][\/qode_elements_holder_item][qode_elements_holder_item vertical_alignment=\u00bbmiddle\u00bb horizontal_alignment=\u00bbleft\u00bb advanced_animations=\u00bbno\u00bb item_padding=\u00bb5% 10% 5% 10%\u00bb background_color=\u00bb#706f6f\u00bb][vc_column_text css=\u00bb.vc_custom_1591970126079{padding-right: 10% !important;}\u00bb]<\/p>\n<h2 class=\"feed4\"><span style=\"color: #ffffff;\">Los insectos como prote\u00edna alternativa sustentable<\/span><\/h2>\n<p>[\/vc_column_text][vc_separator type=\u00bbnormal\u00bb color=\u00bbrgba(255,255,255,0.01)\u00bb][vc_single_image image=\u00bb397902&#8243; img_size=\u00bb50&#215;25&#8243; qode_css_animation=\u00bb\u00bb][vc_separator type=\u00bbnormal\u00bb color=\u00bbrgba(255,255,255,0.01)\u00bb][vc_column_text css=\u00bb.vc_custom_1594972698372{padding-right: 10% !important;}\u00bb]<span style=\"color: #ffffff;\">Durante cientos de a\u00f1os, la apicultura y la sericicultura han sido ejemplos de esta pr\u00e1ctica. M\u00e1s recientemente, la producci\u00f3n de la mosca del Mediterr\u00e1neo surge como un ejemplo moderno con prop\u00f3sitos de control biol\u00f3gico. Los insectos producidos como nueva fuente de prote\u00edna son un ejemplo m\u00e1s.<\/span><\/p>\n<p>&nbsp;<\/p>\n<p><span style=\"color: #ffffff;\"> Conforme estas industrias aumentan, se espera que surjan nuevos problemas de salud y de producci\u00f3n, que har\u00e1n m\u00e1s desafiante la sustentabilidad del negocio. Nuestros bien conocidos probi\u00f3ticos y productos de levaduras primarias, respaldados por a\u00f1os de investigaci\u00f3n, nos conducen a nuestro objetivo de brindar soluciones que maximicen la productividad de los insectos y por ende, contribuyan a la seguridad alimentaria y la sustentabilidad de los recursos naturales.<\/span>[\/vc_column_text][\/qode_elements_holder_item][\/qode_elements_holder][vc_separator type=\u00bbnormal\u00bb color=\u00bbrgba(255,255,255,0.01)\u00bb][\/vc_column][\/vc_row][vc_row css_animation=\u00bb\u00bb row_type=\u00bbrow\u00bb use_row_as_full_screen_section=\u00bbyes\u00bb type=\u00bbfull_width\u00bb angled_section=\u00bbno\u00bb text_align=\u00bbleft\u00bb background_image_as_pattern=\u00bbwithout_pattern\u00bb z_index=\u00bb\u00bb css=\u00bb.vc_custom_1590613315117{padding-top: 1% !important;padding-bottom: 2% !important;}\u00bb][vc_column][vc_column_text]<\/p>\n<h2 class=\"feed4\"><span style=\"color: #4d4d4c;\">Levaduras en insectos<\/span><\/h2>\n<p>[\/vc_column_text][vc_separator type=\u00bbtransparent\u00bb up=\u00bb15&#8243; down=\u00bb15&#8243;][\/vc_column][vc_column width=\u00bb1\/3&#8243; css=\u00bb.vc_custom_1589951433309{padding-top: 15px !important;padding-right: 25px !important;padding-bottom: 15px !important;padding-left: 25px !important;}\u00bb][vc_column_text css=\u00bb.vc_custom_1593011650539{padding-top: 10% !important;padding-right: 10% !important;padding-bottom: 10% !important;padding-left: 10% !important;background-color: #ad1a22 !important;}\u00bb el_class=\u00bbbloc\u00bb]<\/p>\n<h3 style=\"text-align: center;\"><span style=\"color: #ffffff;\">Insectos est\u00e9riles<\/span><\/h3>\n<p>[vc_separator type=\u00bbtransparent\u00bb up=\u00bb5&#8243; down=\u00bb5&#8243;]<br \/>\n<span style=\"color: #ffffff;\">Representadas principalmente por las especies de la mosca del Mediterr\u00e1neo, varias instalaciones en todo el mundo cuenten con operaciones de cr\u00eda masiva dise\u00f1adas para reducir el da\u00f1o actual ocasionado a la producci\u00f3n frut\u00edcola. Este trabajo requiere la constante mejora en tasas de conversi\u00f3n alimenticia para producir m\u00e1s insectos machos, que en la naturaleza viven m\u00e1s, y conseguir su funci\u00f3n biol\u00f3gica de control. Para satisfacer esta necesidad de la industria, proporcionamos fuentes de prote\u00edna confiables a base de productos de levaduras primarias, incluida la torula.<\/span>[\/vc_column_text][\/vc_column][vc_column width=\u00bb1\/3&#8243; css=\u00bb.vc_custom_1589951537170{padding-top: 15px !important;padding-right: 25px !important;padding-bottom: 15px !important;padding-left: 25px !important;}\u00bb][vc_column_text css=\u00bb.vc_custom_1593788849975{padding-top: 10% !important;padding-right: 10% !important;padding-bottom: 10% !important;padding-left: 10% !important;background-color: #706f6f !important;}\u00bb el_class=\u00bbbloc\u00bb]<\/p>\n<h3 style=\"text-align: center;\"><span style=\"color: #ffffff;\">Insectos de prote\u00edna<\/span><\/h3>\n<p>[vc_separator type=\u00bbtransparent\u00bb up=\u00bb5&#8243; down=\u00bb5&#8243;]<br \/>\n<span style=\"color: #ffffff;\">La demanda cada vez mayor de prote\u00edna animal de alta calidad, necesaria para alimentar una poblaci\u00f3n mundial de r\u00e1pido crecimiento, ha obligado a la humanidad a dirigir su atenci\u00f3n hacia los insectos como una de las fuentes de prote\u00edna m\u00e1s estable y sustentable. Se espera que en los pr\u00f3ximos a\u00f1os las especies recientemente domesticadas, producidas a escala industrial bajo confinamiento cerrado, constituyan una industria de s\u00f3lido crecimiento.<\/span><\/p>\n<p>&nbsp;<\/p>\n<p>&nbsp;<\/p>\n<p>[\/vc_column_text][\/vc_column][\/vc_row][vc_row css_animation=\u00bb\u00bb row_type=\u00bbrow\u00bb use_row_as_full_screen_section=\u00bbno\u00bb type=\u00bbfull_width\u00bb angled_section=\u00bbno\u00bb text_align=\u00bbleft\u00bb background_image_as_pattern=\u00bbwithout_pattern\u00bb][vc_column][qode_elements_holder number_of_columns=\u00bbtwo_columns\u00bb][qode_elements_holder_item vertical_alignment=\u00bbmiddle\u00bb horizontal_alignment=\u00bbleft\u00bb advanced_animations=\u00bbno\u00bb][vc_single_image image=\u00bb404585&#8243; img_size=\u00bbfull\u00bb onclick=\u00bblink_image\u00bb qode_css_animation=\u00bb\u00bb qode_hover_animation=\u00bbzoom_in\u00bb][\/qode_elements_holder_item][qode_elements_holder_item vertical_alignment=\u00bbmiddle\u00bb horizontal_alignment=\u00bbleft\u00bb advanced_animations=\u00bbno\u00bb item_padding=\u00bb5% 10% 5% 10%\u00bb background_color=\u00bb#ad1a22&#8243;][vc_column_text css=\u00bb.vc_custom_1591889282454{padding-right: 10% !important;}\u00bb]<\/p>\n<h2 class=\"feed4\"><span style=\"color: #ffffff;\">Desempe\u00f1o zoot\u00e9cnico<\/span><\/h2>\n<p>[\/vc_column_text][vc_separator type=\u00bbnormal\u00bb color=\u00bbrgba(255,255,255,0.01)\u00bb][vc_single_image image=\u00bb397902&#8243; img_size=\u00bb50&#215;25&#8243; qode_css_animation=\u00bb\u00bb][vc_separator type=\u00bbnormal\u00bb color=\u00bbrgba(255,255,255,0.01)\u00bb][vc_column_text css=\u00bb.vc_custom_1593788909682{padding-right: 10% !important;}\u00bb]<span style=\"color: #ffffff;\">Las mejoras del desempe\u00f1o, tanto en adultos como en larvas, son un objetivo que se puede lograr mediante la nutrici\u00f3n sustentable y de alta calidad que maximice la productividad con mayores tasas de deposici\u00f3n u ovipostura, eclosi\u00f3n y crecimiento.<\/span><\/p>\n<p><span style=\"color: #ffffff;\"><br \/>\nEl desempe\u00f1o del crecimiento de la mosca soldado negra y del gusano amarillo de la harina se ve reforzado al a\u00f1adir 0.2 % de <a href=\"http:\/\/phileo-lesaffre.com\/en\/actisaf\/\">Actisaf<sup>\u00ae<\/sup><\/a> al medio de alimentaci\u00f3n.<\/span>[\/vc_column_text][\/qode_elements_holder_item][\/qode_elements_holder][\/vc_column][\/vc_row][vc_row css_animation=\u00bb\u00bb row_type=\u00bbrow\u00bb use_row_as_full_screen_section=\u00bbno\u00bb type=\u00bbfull_width\u00bb angled_section=\u00bbno\u00bb text_align=\u00bbleft\u00bb background_image_as_pattern=\u00bbwithout_pattern\u00bb][vc_column][qode_elements_holder number_of_columns=\u00bbtwo_columns\u00bb][qode_elements_holder_item vertical_alignment=\u00bbmiddle\u00bb horizontal_alignment=\u00bbleft\u00bb advanced_animations=\u00bbno\u00bb item_padding=\u00bb5% 10% 5% 10%\u00bb background_color=\u00bb#706f6f\u00bb][vc_column_text css=\u00bb.vc_custom_1591889298925{padding-right: 10% !important;}\u00bb]<\/p>\n<h2 class=\"feed4\"><span style=\"color: #ffffff;\">Manejo de la salud<\/span><\/h2>\n<p>[\/vc_column_text][vc_separator type=\u00bbnormal\u00bb color=\u00bbrgba(255,255,255,0.01)\u00bb][vc_single_image image=\u00bb397902&#8243; img_size=\u00bb50&#215;25&#8243; qode_css_animation=\u00bb\u00bb][vc_separator type=\u00bbnormal\u00bb color=\u00bbrgba(255,255,255,0.01)\u00bb][vc_column_text css=\u00bb.vc_custom_1591888748580{padding-right: 10% !important;}\u00bb]<span style=\"color: #ffffff;\"><strong><br \/>\n<\/strong> La salud puede ser un grave problema para las especies de insectos de vida libre con un largo historial de domesticaci\u00f3n, as\u00ed como en insectos reci\u00e9n domesticados criados bajo confinamiento en unidades de producci\u00f3n a gran escala. En ambos casos, el estr\u00e9s que ocasionan las condiciones medioambientales y los cambios en los reg\u00edmenes de alimentaci\u00f3n, podr\u00eda frenar las defensas naturales de la especie contra los microorganismos o modificar la probiota intestinal, ocasionando mortalidades y morbilidades que resultan en importantes p\u00e9rdidas.<\/span>[\/vc_column_text][\/qode_elements_holder_item][qode_elements_holder_item vertical_alignment=\u00bbmiddle\u00bb horizontal_alignment=\u00bbleft\u00bb advanced_animations=\u00bbno\u00bb][vc_single_image image=\u00bb398182&#8243; img_size=\u00bbfull\u00bb onclick=\u00bblink_image\u00bb qode_css_animation=\u00bb\u00bb][\/qode_elements_holder_item][\/qode_elements_holder][\/vc_column][\/vc_row][vc_row css_animation=\u00bb\u00bb row_type=\u00bbrow\u00bb use_row_as_full_screen_section=\u00bbyes\u00bb type=\u00bbfull_width\u00bb angled_section=\u00bbno\u00bb text_align=\u00bbleft\u00bb background_image_as_pattern=\u00bbwithout_pattern\u00bb css=\u00bb.vc_custom_1590613174422{padding-top: 1% !important;padding-bottom: 1% !important;}\u00bb z_index=\u00bb\u00bb][vc_column][vc_column_text css=\u00bb.vc_custom_1591692217473{padding-top: 2% !important;padding-bottom: 2% !important;}\u00bb]<\/p>\n<h2 class=\"feed3\"><span style=\"color: #4d4d4c;\">Gama innovadora para insectos<\/span><\/h2>\n<p>[\/vc_column_text][vc_separator type=\u00bbtransparent\u00bb up=\u00bb15&#8243; down=\u00bb15&#8243;]<div class=\"qode-advanced-image-gallery  qode-aig-carousel-type qode-large-space  qode-image-behavior-custom-link \">\n\t<div class=\"qode-aig-slider qode-owl-slider\" data-number-of-items=\"5\" data-enable-loop=\"yes\" data-enable-autoplay=\"yes\" data-slider-speed=\"5000\" data-slider-speed-animation=\"600\" data-slider-padding=\"no\" data-enable-navigation=\"yes\" data-enable-pagination=\"yes\">\n\t\t\t\t\t<div class=\"qode-aig-image\">\n\t\t\t\t\t\t\t\t\t<a itemprop=\"url\" class=\"qode-aig-custom-link qode-block-drag-link\" href=\"\/es\/actisaf\/\" target=\"_self\" title=\"logo-ActiSaf\">\n\t\t\t\t\t\t\t\t\t<img decoding=\"async\" width=\"357\" height=\"95\" src=\"https:\/\/phileo-lesaffre.com\/wp-content\/uploads\/2020\/05\/logo-ActiSaf.jpg\" class=\"attachment-full size-full\" alt=\"Actisaf\" srcset=\"https:\/\/phileo-lesaffre.com\/wp-content\/uploads\/2020\/05\/logo-ActiSaf.jpg 357w, https:\/\/phileo-lesaffre.com\/wp-content\/uploads\/2020\/05\/logo-ActiSaf-300x80.jpg 300w\" sizes=\"(max-width: 357px) 100vw, 357px\" \/>\t\t\t\t\t<span class=\"aig-gallery-hover\">\n\t\t\t\t\t\t\t\t\t\t\t<\/span>\n\t\t\t\t\t\t\t\t\t<\/a>\n\t\t\t\t\t\t\t<\/div>\n\t\t\t<\/div>\n<\/div>[\/vc_column][\/vc_row][vc_row css_animation=\u00bb\u00bb row_type=\u00bbrow\u00bb use_row_as_full_screen_section=\u00bbno\u00bb type=\u00bbfull_width\u00bb angled_section=\u00bbno\u00bb text_align=\u00bbleft\u00bb background_image_as_pattern=\u00bbwithout_pattern\u00bb][vc_column][qode_elements_holder number_of_columns=\u00bbtwo_columns\u00bb][qode_elements_holder_item vertical_alignment=\u00bbmiddle\u00bb horizontal_alignment=\u00bbleft\u00bb advanced_animations=\u00bbno\u00bb item_padding=\u00bb2% 10% 2% 0%\u00bb][vc_column_text]<\/p>\n<h2 class=\"feed2\"><span style=\"color: #4d4d4c;\">Descargue el<br \/>\np\u00f3ster cient\u00edfico<\/span><\/h2>\n<p>[\/vc_column_text][vc_single_image image=\u00bb400658&#8243; img_size=\u00bbfull\u00bb qode_css_animation=\u00bb\u00bb][\/qode_elements_holder_item][qode_elements_holder_item vertical_alignment=\u00bbmiddle\u00bb horizontal_alignment=\u00bbleft\u00bb advanced_animations=\u00bbno\u00bb background_color=\u00bb#706f6f\u00bb item_padding=\u00bb5% 10% 5% 10%\u00bb][vc_column_text]<\/p>\n<h2 class=\"feed4\"><span style=\"color: #ffffff;\">Llene este formulario para recibir la gu\u00eda<\/span><\/h2>\n<p>[\/vc_column_text][vc_separator type=\u00bbtransparent\u00bb up=\u00bb10&#8243; down=\u00bb10&#8243;][vc_raw_html]PGZvcm0gaWQ9ImZvc3MtNWYxNmZlNzRkNTljYmMwYWIyMzU2Yjc0Ij48L2Zvcm0+PHNjcmlwdCBhc3luYyBzcmM9J2h0dHBzOi8vYXBpLnBsZXppLmNvL2FwaS92MS93ZWJfZm9ybXMvc2NyaXB0cz90ZW5hbnRfaWQ9NWVjNTQ0OGU1NDA2N2E0NTlkYmE1Y2U1JmZvcm1faWQ9NWVjNTQ0OTA1NDA2N2E0NTlkYmE1ZDdjJmZvcm1fdmVyc2lvbj0zJmNvbnRlbnRfd2ViX2Zvcm1faWQ9NWYxNmZlNzRkNTljYmMwYWIyMzU2Yjc0JnBsel9sYW5nPWVuJz48L3NjcmlwdD4=[\/vc_raw_html][\/qode_elements_holder_item][\/qode_elements_holder][\/vc_column][\/vc_row][vc_row css_animation=\u00bb\u00bb row_type=\u00bbrow\u00bb use_row_as_full_screen_section=\u00bbyes\u00bb type=\u00bbfull_width\u00bb angled_section=\u00bbno\u00bb text_align=\u00bbleft\u00bb background_image_as_pattern=\u00bbwithout_pattern\u00bb z_index=\u00bb\u00bb][vc_column][vc_separator type=\u00bbtransparent\u00bb up=\u00bb10&#8243; down=\u00bb10&#8243;][vc_column_text css=\u00bb.vc_custom_1593402304634{padding-top: 2% !important;padding-bottom: 2% !important;}\u00bb]<\/p>\n<h2 class=\"feed3\"><span style=\"color: #4d4d4c;\">Descubra m\u00e1s sobre el manejo de insectos<\/span><\/h2>\n<p>[\/vc_column_text][vc_separator type=\u00bbtransparent\u00bb up=\u00bb5&#8243; down=\u00bb5&#8243;][\/vc_column][vc_column width=\u00bb1\/3&#8243;][vc_single_image image=\u00bb403224&#8243; img_size=\u00bbfull\u00bb alignment=\u00bbcenter\u00bb onclick=\u00bbcustom_link\u00bb qode_css_animation=\u00bb\u00bb qode_hover_animation=\u00bbzoom_in\u00bb css=\u00bb.vc_custom_1606377650132{padding-top: 5% !important;padding-bottom: 5% !important;}\u00bb link=\u00bb\/es\/insectos\/insectos-mejoramiento-del-desempeno-zootecnico\/\u00bb][\/vc_column][vc_column width=\u00bb1\/3&#8243;][vc_single_image image=\u00bb403228&#8243; img_size=\u00bbfull\u00bb alignment=\u00bbcenter\u00bb onclick=\u00bbcustom_link\u00bb qode_css_animation=\u00bb\u00bb qode_hover_animation=\u00bbzoom_in\u00bb css=\u00bb.vc_custom_1606377671721{padding-top: 5% !important;padding-bottom: 5% !important;}\u00bb link=\u00bb\/es\/insectos\/mejoramiento-nutricional-de-la-harina-de-insectos\/\u00bb][\/vc_column][vc_column width=\u00bb1\/3&#8243;][\/vc_column][\/vc_row][vc_row css_animation=\u00bb\u00bb row_type=\u00bbrow\u00bb use_row_as_full_screen_section=\u00bbyes\u00bb type=\u00bbfull_width\u00bb angled_section=\u00bbno\u00bb text_align=\u00bbleft\u00bb background_image_as_pattern=\u00bbwithout_pattern\u00bb css=\u00bb.vc_custom_1590613187372{padding-bottom: 2% !important;}\u00bb z_index=\u00bb\u00bb][vc_column][vc_column_text css=\u00bb.vc_custom_1591692195270{padding-top: 2% !important;padding-bottom: 2% !important;}\u00bb]<\/p>\n<h2 class=\"feed3\"><span style=\"color: #96bb39;\">Art\u00edculos sobre insectos<\/span><\/h2>\n<p>[\/vc_column_text][vc_separator type=\u00bbtransparent\u00bb up=\u00bb15&#8243; down=\u00bb15&#8243;]<div class=\"qode-news-holder qode-post-carousel1 qode-nl-normal-space\"  data-post-status=publish data-category-name=insects data-ignore-sticky-posts=1 data-orderby=rand data-sort=random data-paged=1 data-max-num-pages=0 data-next-page=2 data-title-tag=h4 data-image-size=portfolio-portrait data-display-categories=no data-display-excerpt=no data-display-date=yes data-display-author=no data-display-share=yes data-display-hot-trending-icons=no data-layout=qode_post_carousel1>Sorry, no posts matched your criteria.<\/div>[\/vc_column][\/vc_row]<\/p>\n<\/div>","protected":false},"excerpt":{"rendered":"<p>[vc_row css_animation=\u00bb\u00bb row_type=\u00bbrow\u00bb use_row_as_full_screen_section=\u00bbno\u00bb type=\u00bbfull_width\u00bb angled_section=\u00bbno\u00bb text_align=\u00bbleft\u00bb background_image_as_pattern=\u00bbwithout_pattern\u00bb z_index=\u00bb\u00bb background_image=\u00bb514&#8243;][vc_column][qode_elements_holder number_of_columns=\u00bbtwo_columns\u00bb][qode_elements_holder_item vertical_alignment=\u00bbmiddle\u00bb horizontal_alignment=\u00bbleft\u00bb advanced_animations=\u00bbno\u00bb item_padding=\u00bb25% 10% 25% 20%\u00bb][vc_column_text] Insectos [\/vc_column_text][vc_single_image image=\u00bb397902&#8243; img_size=\u00bb65&#215;33&#8243; qode_css_animation=\u00bb\u00bb css=\u00bb.vc_custom_1591279354773{padding-top: 5% !important;padding-bottom: 5% !important;}\u00bb][vc_column_text css=\u00bb.vc_custom_1594972663899{padding-right: 10% !important;}\u00bb] Despu\u00e9s de millones de a\u00f1os de logros evolutivos en vida libre, la producci\u00f3n masiva&#8230;<\/p>\n","protected":false},"author":1,"featured_media":0,"parent":0,"menu_order":0,"comment_status":"closed","ping_status":"closed","template":"full_width.php","meta":{"footnotes":""},"class_list":["post-401497","page","type-page","status-publish","hentry"],"yoast_head":"<!-- This site is optimized with the Yoast SEO Premium plugin v25.9 (Yoast SEO v27.3) - https:\/\/yoast.com\/product\/yoast-seo-premium-wordpress\/ -->\n<title>Insectos &#8226; Phileo by Lesaffre<\/title>\n<meta name=\"robots\" content=\"index, follow, max-snippet:-1, max-image-preview:large, max-video-preview:-1\" \/>\n<link rel=\"canonical\" href=\"https:\/\/phileo-lesaffre.com\/es\/insectos\/\" \/>\n<meta property=\"og:locale\" content=\"es_ES\" \/>\n<meta property=\"og:type\" content=\"article\" \/>\n<meta property=\"og:title\" content=\"Insectos\" \/>\n<meta property=\"og:description\" content=\"Insectos Despu\u00e9s de millones de a\u00f1os de logros evolutivos en vida libre, la producci\u00f3n masiva de insectos ha resultado en desaf\u00edos de salud para las\" \/>\n<meta property=\"og:url\" content=\"https:\/\/phileo-lesaffre.com\/es\/insectos\/\" \/>\n<meta property=\"og:site_name\" content=\"Phileo by Lesaffre\" \/>\n<meta property=\"article:publisher\" content=\"https:\/\/www.facebook.com\/phileo.lesaffre\/\" \/>\n<meta property=\"article:modified_time\" content=\"2020-12-16T07:49:05+00:00\" \/>\n<meta name=\"twitter:card\" content=\"summary_large_image\" \/>\n<meta name=\"twitter:site\" content=\"@PhileoLesaffre\" \/>\n<script type=\"application\/ld+json\" class=\"yoast-schema-graph\">{\"@context\":\"https:\\\/\\\/schema.org\",\"@graph\":[{\"@type\":\"WebPage\",\"@id\":\"https:\\\/\\\/phileo-lesaffre.com\\\/es\\\/insectos\\\/\",\"url\":\"https:\\\/\\\/phileo-lesaffre.com\\\/es\\\/insectos\\\/\",\"name\":\"Insectos &#8226; Phileo by Lesaffre\",\"isPartOf\":{\"@id\":\"https:\\\/\\\/phileo-lesaffre.com\\\/es\\\/#website\"},\"datePublished\":\"2020-11-18T06:29:27+00:00\",\"dateModified\":\"2020-12-16T07:49:05+00:00\",\"breadcrumb\":{\"@id\":\"https:\\\/\\\/phileo-lesaffre.com\\\/es\\\/insectos\\\/#breadcrumb\"},\"inLanguage\":\"es\",\"potentialAction\":[{\"@type\":\"ReadAction\",\"target\":[\"https:\\\/\\\/phileo-lesaffre.com\\\/es\\\/insectos\\\/\"]}]},{\"@type\":\"BreadcrumbList\",\"@id\":\"https:\\\/\\\/phileo-lesaffre.com\\\/es\\\/insectos\\\/#breadcrumb\",\"itemListElement\":[{\"@type\":\"ListItem\",\"position\":1,\"name\":\"Phileo by Lesaffre\",\"item\":\"https:\\\/\\\/phileo-lesaffre.com\\\/es\\\/\"},{\"@type\":\"ListItem\",\"position\":2,\"name\":\"Insectos\"}]},{\"@type\":\"WebSite\",\"@id\":\"https:\\\/\\\/phileo-lesaffre.com\\\/es\\\/#website\",\"url\":\"https:\\\/\\\/phileo-lesaffre.com\\\/es\\\/\",\"name\":\"Phileo by Lesaffre\",\"description\":\"Animal nutrition and health from yeast products\",\"publisher\":{\"@id\":\"https:\\\/\\\/phileo-lesaffre.com\\\/es\\\/#organization\"},\"potentialAction\":[{\"@type\":\"SearchAction\",\"target\":{\"@type\":\"EntryPoint\",\"urlTemplate\":\"https:\\\/\\\/phileo-lesaffre.com\\\/es\\\/?s={search_term_string}\"},\"query-input\":{\"@type\":\"PropertyValueSpecification\",\"valueRequired\":true,\"valueName\":\"search_term_string\"}}],\"inLanguage\":\"es\"},{\"@type\":\"Organization\",\"@id\":\"https:\\\/\\\/phileo-lesaffre.com\\\/es\\\/#organization\",\"name\":\"Phileo by Lesaffre\",\"url\":\"https:\\\/\\\/phileo-lesaffre.com\\\/es\\\/\",\"logo\":{\"@type\":\"ImageObject\",\"inLanguage\":\"es\",\"@id\":\"https:\\\/\\\/phileo-lesaffre.com\\\/es\\\/#\\\/schema\\\/logo\\\/image\\\/\",\"url\":\"https:\\\/\\\/phileo-lesaffre.com\\\/wp-content\\\/uploads\\\/2019\\\/04\\\/logo-phileo-lesaffre-1.jpg\",\"contentUrl\":\"https:\\\/\\\/phileo-lesaffre.com\\\/wp-content\\\/uploads\\\/2019\\\/04\\\/logo-phileo-lesaffre-1.jpg\",\"width\":500,\"height\":250,\"caption\":\"Phileo by Lesaffre\"},\"image\":{\"@id\":\"https:\\\/\\\/phileo-lesaffre.com\\\/es\\\/#\\\/schema\\\/logo\\\/image\\\/\"},\"sameAs\":[\"https:\\\/\\\/www.facebook.com\\\/phileo.lesaffre\\\/\",\"https:\\\/\\\/x.com\\\/PhileoLesaffre\",\"https:\\\/\\\/www.linkedin.com\\\/company\\\/phileo\\\/\"]}]}<\/script>\n<!-- \/ Yoast SEO Premium plugin. -->","yoast_head_json":{"title":"Insectos &#8226; Phileo by Lesaffre","robots":{"index":"index","follow":"follow","max-snippet":"max-snippet:-1","max-image-preview":"max-image-preview:large","max-video-preview":"max-video-preview:-1"},"canonical":"https:\/\/phileo-lesaffre.com\/es\/insectos\/","og_locale":"es_ES","og_type":"article","og_title":"Insectos","og_description":"Insectos Despu\u00e9s de millones de a\u00f1os de logros evolutivos en vida libre, la producci\u00f3n masiva de insectos ha resultado en desaf\u00edos de salud para las","og_url":"https:\/\/phileo-lesaffre.com\/es\/insectos\/","og_site_name":"Phileo by Lesaffre","article_publisher":"https:\/\/www.facebook.com\/phileo.lesaffre\/","article_modified_time":"2020-12-16T07:49:05+00:00","twitter_card":"summary_large_image","twitter_site":"@PhileoLesaffre","schema":{"@context":"https:\/\/schema.org","@graph":[{"@type":"WebPage","@id":"https:\/\/phileo-lesaffre.com\/es\/insectos\/","url":"https:\/\/phileo-lesaffre.com\/es\/insectos\/","name":"Insectos &#8226; Phileo by Lesaffre","isPartOf":{"@id":"https:\/\/phileo-lesaffre.com\/es\/#website"},"datePublished":"2020-11-18T06:29:27+00:00","dateModified":"2020-12-16T07:49:05+00:00","breadcrumb":{"@id":"https:\/\/phileo-lesaffre.com\/es\/insectos\/#breadcrumb"},"inLanguage":"es","potentialAction":[{"@type":"ReadAction","target":["https:\/\/phileo-lesaffre.com\/es\/insectos\/"]}]},{"@type":"BreadcrumbList","@id":"https:\/\/phileo-lesaffre.com\/es\/insectos\/#breadcrumb","itemListElement":[{"@type":"ListItem","position":1,"name":"Phileo by Lesaffre","item":"https:\/\/phileo-lesaffre.com\/es\/"},{"@type":"ListItem","position":2,"name":"Insectos"}]},{"@type":"WebSite","@id":"https:\/\/phileo-lesaffre.com\/es\/#website","url":"https:\/\/phileo-lesaffre.com\/es\/","name":"Phileo by Lesaffre","description":"Animal nutrition and health from yeast products","publisher":{"@id":"https:\/\/phileo-lesaffre.com\/es\/#organization"},"potentialAction":[{"@type":"SearchAction","target":{"@type":"EntryPoint","urlTemplate":"https:\/\/phileo-lesaffre.com\/es\/?s={search_term_string}"},"query-input":{"@type":"PropertyValueSpecification","valueRequired":true,"valueName":"search_term_string"}}],"inLanguage":"es"},{"@type":"Organization","@id":"https:\/\/phileo-lesaffre.com\/es\/#organization","name":"Phileo by Lesaffre","url":"https:\/\/phileo-lesaffre.com\/es\/","logo":{"@type":"ImageObject","inLanguage":"es","@id":"https:\/\/phileo-lesaffre.com\/es\/#\/schema\/logo\/image\/","url":"https:\/\/phileo-lesaffre.com\/wp-content\/uploads\/2019\/04\/logo-phileo-lesaffre-1.jpg","contentUrl":"https:\/\/phileo-lesaffre.com\/wp-content\/uploads\/2019\/04\/logo-phileo-lesaffre-1.jpg","width":500,"height":250,"caption":"Phileo by Lesaffre"},"image":{"@id":"https:\/\/phileo-lesaffre.com\/es\/#\/schema\/logo\/image\/"},"sameAs":["https:\/\/www.facebook.com\/phileo.lesaffre\/","https:\/\/x.com\/PhileoLesaffre","https:\/\/www.linkedin.com\/company\/phileo\/"]}]}},"_links":{"self":[{"href":"https:\/\/phileo-lesaffre.com\/es\/wp-json\/wp\/v2\/pages\/401497","targetHints":{"allow":["GET"]}}],"collection":[{"href":"https:\/\/phileo-lesaffre.com\/es\/wp-json\/wp\/v2\/pages"}],"about":[{"href":"https:\/\/phileo-lesaffre.com\/es\/wp-json\/wp\/v2\/types\/page"}],"author":[{"embeddable":true,"href":"https:\/\/phileo-lesaffre.com\/es\/wp-json\/wp\/v2\/users\/1"}],"replies":[{"embeddable":true,"href":"https:\/\/phileo-lesaffre.com\/es\/wp-json\/wp\/v2\/comments?post=401497"}],"version-history":[{"count":0,"href":"https:\/\/phileo-lesaffre.com\/es\/wp-json\/wp\/v2\/pages\/401497\/revisions"}],"wp:attachment":[{"href":"https:\/\/phileo-lesaffre.com\/es\/wp-json\/wp\/v2\/media?parent=401497"}],"curies":[{"name":"wp","href":"https:\/\/api.w.org\/{rel}","templated":true}]}}