{"id":401486,"date":"2020-11-18T07:29:16","date_gmt":"2020-11-18T06:29:16","guid":{"rendered":"http:\/\/phileo-lesaffre.com\/conejos\/"},"modified":"2020-12-16T08:59:26","modified_gmt":"2020-12-16T07:59:26","slug":"conejos","status":"publish","type":"page","link":"https:\/\/phileo-lesaffre.com\/es\/conejos\/","title":{"rendered":"Conejos"},"content":{"rendered":"<div class=\"wpb-content-wrapper\"><p>[vc_row css_animation=\u00bb\u00bb row_type=\u00bbrow\u00bb use_row_as_full_screen_section=\u00bbno\u00bb type=\u00bbfull_width\u00bb angled_section=\u00bbno\u00bb text_align=\u00bbleft\u00bb background_image_as_pattern=\u00bbwithout_pattern\u00bb z_index=\u00bb\u00bb background_image=\u00bb517&#8243;][vc_column][qode_elements_holder number_of_columns=\u00bbtwo_columns\u00bb][qode_elements_holder_item vertical_alignment=\u00bbmiddle\u00bb horizontal_alignment=\u00bbleft\u00bb advanced_animations=\u00bbno\u00bb item_padding=\u00bb25% 10% 25% 20%\u00bb][vc_column_text]<\/p>\n<h2 class=\"feed2\"><span style=\"color: #4d4d4c;\">Conejos<\/span><\/h2>\n<p>[\/vc_column_text][vc_single_image image=\u00bb398042&#8243; img_size=\u00bb65&#215;33&#8243; qode_css_animation=\u00bb\u00bb css=\u00bb.vc_custom_1590613075467{padding-top: 5% !important;padding-bottom: 5% !important;}\u00bb][vc_column_text css=\u00bb.vc_custom_1591628839256{padding-right: 10% !important;}\u00bb]<strong>El manejo nutricional de los conejos con probi\u00f3ticos est\u00e1 dirigido a mejorar su productividad al lograr una m\u00e1xima ganancia de peso y eficiencia alimenticia, mientras que se restringe la resistencia antimicrobiana y se garantiza el bienestar animal. La reproducci\u00f3n intensiva, la mala alimentaci\u00f3n o las condiciones sanitarias deficientes de la industria cun\u00edcola son fuentes de estr\u00e9s que ocasionan disbacteriosis e inmunodeficiencias. En Phileo by Lesaffre brindamos soluciones para mitigar los efectos negativos del estr\u00e9s y mientras que se maximiza el desempe\u00f1o reproductivo y se garantiza el bienestar de los conejos.<\/strong>[\/vc_column_text][\/qode_elements_holder_item][qode_elements_holder_item vertical_alignment=\u00bbbottom\u00bb horizontal_alignment=\u00bbright\u00bb advanced_animations=\u00bbno\u00bb item_padding=\u00bb0 5% 5% 0&#8243;][vc_single_image image=\u00bb398118&#8243; img_size=\u00bbfull\u00bb alignment=\u00bbright\u00bb qode_css_animation=\u00bb\u00bb][\/qode_elements_holder_item][\/qode_elements_holder][\/vc_column][\/vc_row][vc_row css_animation=\u00bb\u00bb row_type=\u00bbrow\u00bb use_row_as_full_screen_section=\u00bbno\u00bb type=\u00bbfull_width\u00bb angled_section=\u00bbno\u00bb text_align=\u00bbleft\u00bb background_image_as_pattern=\u00bbwithout_pattern\u00bb][vc_column][vc_separator type=\u00bbnormal\u00bb color=\u00bbrgba(255,255,255,0.01)\u00bb][qode_elements_holder number_of_columns=\u00bbtwo_columns\u00bb][qode_elements_holder_item vertical_alignment=\u00bbmiddle\u00bb horizontal_alignment=\u00bbleft\u00bb advanced_animations=\u00bbno\u00bb item_padding=\u00bb5% 10% 5% 10%\u00bb background_color=\u00bb#ad1a22&#8243;][vc_column_text]<\/p>\n<h2 class=\"feed4\"><span style=\"color: #ffffff;\">Reducci\u00f3n del uso de antibi\u00f3ticos en las granjas cun\u00edculas: una problema de salud mundial<\/span><\/h2>\n<p>[\/vc_column_text][vc_single_image image=\u00bb397902&#8243; img_size=\u00bb65&#215;33&#8243; qode_css_animation=\u00bb\u00bb css=\u00bb.vc_custom_1589719995163{padding-top: 5% !important;padding-bottom: 5% !important;}\u00bb][vc_column_text css=\u00bb.vc_custom_1593789306337{padding-right: 10% !important;}\u00bb]<span style=\"color: #ffffff;\">El sector cun\u00edcola est\u00e1 considerado como el sector m\u00e1s medicado. La prohibici\u00f3n de los antibi\u00f3ticos promotores del crecimiento en muchos pa\u00edses ha obligado a que los nutri\u00f3logos animales busquen alternativas, como el uso de los probi\u00f3ticos. <\/span><\/p>\n<p>&nbsp;<\/p>\n<p><span style=\"color: #ffffff;\">Las estrategias nutricionales y de manejo requieren asegurar un estr\u00e9s m\u00ednimo y lograr un estado inmunitario fuerte de forma sustentable. Al estabilizar la microbiota en el ciego, <a style=\"color: #ffffff;\" href=\"http:\/\/phileo-lesaffre.com\/en\/actisaf\/\">Actisaf<sup>\u00ae<\/sup> Sc 47<\/a> mejora la sanidad y el bienestar del conejo, ayudando a mantener una poblaci\u00f3n cun\u00edcola efectiva y sustentable, al reducir al mismo tiempo del uso de antibi\u00f3ticos.<\/span>[\/vc_column_text][\/qode_elements_holder_item][qode_elements_holder_item vertical_alignment=\u00bbmiddle\u00bb horizontal_alignment=\u00bbleft\u00bb advanced_animations=\u00bbno\u00bb][vc_single_image image=\u00bb404662&#8243; img_size=\u00bbfull\u00bb alignment=\u00bbcenter\u00bb onclick=\u00bblink_image\u00bb qode_css_animation=\u00bb\u00bb qode_hover_animation=\u00bbzoom_in\u00bb][\/qode_elements_holder_item][\/qode_elements_holder][\/vc_column][\/vc_row][vc_row css_animation=\u00bb\u00bb row_type=\u00bbrow\u00bb use_row_as_full_screen_section=\u00bbno\u00bb type=\u00bbfull_width\u00bb angled_section=\u00bbno\u00bb text_align=\u00bbleft\u00bb background_image_as_pattern=\u00bbwithout_pattern\u00bb][vc_column][qode_elements_holder number_of_columns=\u00bbtwo_columns\u00bb][qode_elements_holder_item vertical_alignment=\u00bbmiddle\u00bb horizontal_alignment=\u00bbleft\u00bb advanced_animations=\u00bbno\u00bb][vc_single_image image=\u00bb404666&#8243; img_size=\u00bbfull\u00bb alignment=\u00bbcenter\u00bb onclick=\u00bblink_image\u00bb qode_css_animation=\u00bb\u00bb qode_hover_animation=\u00bbzoom_in\u00bb][\/qode_elements_holder_item][qode_elements_holder_item vertical_alignment=\u00bbmiddle\u00bb horizontal_alignment=\u00bbleft\u00bb advanced_animations=\u00bbno\u00bb item_padding=\u00bb5% 10% 5% 10%\u00bb background_color=\u00bb#706f6f\u00bb][vc_column_text]<\/p>\n<h2 class=\"feed4\"><span style=\"color: #ffffff;\">Mejoramiento del desempe\u00f1o reproductivo de las madres y el crecimiento de los gazapos<\/span><\/h2>\n<p>[\/vc_column_text][vc_single_image image=\u00bb397902&#8243; img_size=\u00bb65&#215;33&#8243; qode_css_animation=\u00bb\u00bb css=\u00bb.vc_custom_1589719995163{padding-top: 5% !important;padding-bottom: 5% !important;}\u00bb][vc_column_text css=\u00bb.vc_custom_1593789373977{padding-right: 10% !important;}\u00bb]<span style=\"color: #ffffff;\">El ritmo reproductivo intenso crea un equilibrio de energ\u00eda negativo en las conejas. No pueden consumir el suficiente alimento (energ\u00eda) para los requerimientos nutricionales del feto y lactancia, lo que las obliga a usar las reservas de grasa corporal. El resultado es una condici\u00f3n corporal deficiente que reduce el desempe\u00f1o reproductivo y lleva a altas tasas de mortalidad tanto de conejas como de sus gazapos. Las mortalidades durante la lactancia representan cerca del 20% de la p\u00e9rdida total de la camada. <\/span><\/p>\n<p>&nbsp;<\/p>\n<p><span style=\"color: #ffffff;\">Las estrategias nutricionales y de manejo durante todo el per\u00edodo reproductivo y de lactancia deben garantizar una dieta bien balanceada, buena salud y una estado inmunitario para las conejas y sus gazapos, para reducir al mismo tiempo mortalidades. La levadura probi\u00f3tica <a style=\"color: #ffffff;\" href=\"http:\/\/phileo-lesaffre.com\/en\/actisaf\/\">Actisaf<sup>\u00ae<\/sup> Sc 47<\/a> mejora la microbiota de los gazapos, promueve una mayor eficiencia alimenticia y mejora la ganancia de peso. Adem\u00e1s, el uso de <a style=\"color: #ffffff;\" href=\"http:\/\/phileo-lesaffre.com\/en\/actisaf\/\">Actisaf<sup>\u00ae<\/sup> Sc 47<\/a> disminuye las tasas de mortalidad y mejora el desempe\u00f1o predestete.<\/span>[\/vc_column_text][\/qode_elements_holder_item][\/qode_elements_holder][\/vc_column][\/vc_row][vc_row css_animation=\u00bb\u00bb row_type=\u00bbrow\u00bb use_row_as_full_screen_section=\u00bbno\u00bb type=\u00bbfull_width\u00bb angled_section=\u00bbno\u00bb text_align=\u00bbleft\u00bb background_image_as_pattern=\u00bbwithout_pattern\u00bb][vc_column][qode_elements_holder number_of_columns=\u00bbtwo_columns\u00bb][qode_elements_holder_item vertical_alignment=\u00bbmiddle\u00bb horizontal_alignment=\u00bbleft\u00bb advanced_animations=\u00bbno\u00bb item_padding=\u00bb5% 10% 5% 10%\u00bb background_color=\u00bb#ad1a22&#8243;][vc_column_text]<\/p>\n<h2 class=\"feed4\"><span style=\"color: #ffffff;\">Principal desaf\u00edo de la salud durante el per\u00edodo de finalizaci\u00f3n<\/span><\/h2>\n<p>[\/vc_column_text][vc_single_image image=\u00bb397902&#8243; img_size=\u00bb65&#215;33&#8243; qode_css_animation=\u00bb\u00bb css=\u00bb.vc_custom_1589719995163{padding-top: 5% !important;padding-bottom: 5% !important;}\u00bb][vc_column_text css=\u00bb.vc_custom_1593789410975{padding-right: 10% !important;}\u00bb]<span style=\"color: #ffffff;\">El per\u00edodo de destete, as\u00ed como los 10 a 15 d\u00edas posteriores a este, son un per\u00edodo cr\u00edtico y complejo para los conejos, debido al estr\u00e9s medioambiental, psicol\u00f3gico y de la dieta. Estos factores impactan de forma negativa la eficiencia alimenticia y la adaptaci\u00f3n a una dieta de destete. Durante este per\u00edodo, los conejos muestran un fr\u00e1gil equilibrio en su funci\u00f3n intestinal. Se vuelven m\u00e1s susceptibles a infecciones digestivas y sufren frecuentes trastornos posteriores al destete que pueden ser mortales. <\/span><\/p>\n<p>&nbsp;<\/p>\n<p><span style=\"color: #ffffff;\">Una buena estrategia de finalizaci\u00f3n debe dar como resultado buen estado inmunitario y salud, al mismo tiempo que mejora el desempe\u00f1o de los conejos para la producci\u00f3n de carne y reduce el posible riesgo de problemas digestivos. <a style=\"color: #ffffff;\" href=\"http:\/\/phileo-lesaffre.com\/en\/actisaf\/\">La levadura probi\u00f3tica Actisaf<sup>\u00ae<\/sup> Sc 47<\/a> ayuda a aumentar la eficiencia alimenticia y el metabolismo. Esto resulta en una mejor ganancia diaria de peso promedio durante el per\u00edodo de finalizaci\u00f3n y una reducci\u00f3n de la mortalidad.<\/span>[\/vc_column_text][\/qode_elements_holder_item][qode_elements_holder_item vertical_alignment=\u00bbmiddle\u00bb horizontal_alignment=\u00bbleft\u00bb advanced_animations=\u00bbno\u00bb][vc_single_image image=\u00bb404666&#8243; img_size=\u00bbfull\u00bb alignment=\u00bbcenter\u00bb onclick=\u00bblink_image\u00bb qode_css_animation=\u00bb\u00bb qode_hover_animation=\u00bbzoom_in\u00bb][\/qode_elements_holder_item][\/qode_elements_holder][\/vc_column][\/vc_row][vc_row css_animation=\u00bb\u00bb row_type=\u00bbrow\u00bb use_row_as_full_screen_section=\u00bbyes\u00bb type=\u00bbfull_width\u00bb angled_section=\u00bbno\u00bb text_align=\u00bbleft\u00bb background_image_as_pattern=\u00bbwithout_pattern\u00bb css=\u00bb.vc_custom_1590613174422{padding-top: 1% !important;padding-bottom: 1% !important;}\u00bb z_index=\u00bb\u00bb][vc_column][vc_column_text css=\u00bb.vc_custom_1591630644110{padding-top: 2% !important;padding-bottom: 2% !important;}\u00bb]<\/p>\n<h2 class=\"feed3\"><span style=\"color: #4d4d4c;\">Gama innovadora para conejos<\/span><\/h2>\n<p>[\/vc_column_text][vc_separator type=\u00bbtransparent\u00bb up=\u00bb15&#8243; down=\u00bb15&#8243;]<div class=\"qode-advanced-image-gallery  qode-aig-carousel-type qode-large-space  qode-image-behavior-custom-link \">\n\t<div class=\"qode-aig-slider qode-owl-slider\" data-number-of-items=\"5\" data-enable-loop=\"yes\" data-enable-autoplay=\"yes\" data-slider-speed=\"5000\" data-slider-speed-animation=\"600\" data-slider-padding=\"no\" data-enable-navigation=\"yes\" data-enable-pagination=\"yes\">\n\t\t\t\t\t<div class=\"qode-aig-image\">\n\t\t\t\t\t\t\t\t\t<a itemprop=\"url\" class=\"qode-aig-custom-link qode-block-drag-link\" href=\"\/es\/actisaf\/\" target=\"_self\" title=\"logo-ActiSaf\">\n\t\t\t\t\t\t\t\t\t<img decoding=\"async\" width=\"357\" height=\"95\" src=\"https:\/\/phileo-lesaffre.com\/wp-content\/uploads\/2020\/05\/logo-ActiSaf.jpg\" class=\"attachment-full size-full\" alt=\"Actisaf\" srcset=\"https:\/\/phileo-lesaffre.com\/wp-content\/uploads\/2020\/05\/logo-ActiSaf.jpg 357w, https:\/\/phileo-lesaffre.com\/wp-content\/uploads\/2020\/05\/logo-ActiSaf-300x80.jpg 300w\" sizes=\"(max-width: 357px) 100vw, 357px\" \/>\t\t\t\t\t<span class=\"aig-gallery-hover\">\n\t\t\t\t\t\t\t\t\t\t\t<\/span>\n\t\t\t\t\t\t\t\t\t<\/a>\n\t\t\t\t\t\t\t<\/div>\n\t\t\t<\/div>\n<\/div>[\/vc_column][\/vc_row][vc_row css_animation=\u00bb\u00bb row_type=\u00bbrow\u00bb use_row_as_full_screen_section=\u00bbyes\u00bb type=\u00bbfull_width\u00bb angled_section=\u00bbno\u00bb text_align=\u00bbleft\u00bb background_image_as_pattern=\u00bbwithout_pattern\u00bb css=\u00bb.vc_custom_1590613187372{padding-bottom: 2% !important;}\u00bb z_index=\u00bb\u00bb][vc_column][vc_column_text css=\u00bb.vc_custom_1591630678762{padding-top: 2% !important;padding-bottom: 2% !important;}\u00bb]<\/p>\n<h2 class=\"feed3\"><span style=\"color: #96bb39;\">Art\u00edculos sobre conejos<\/span><\/h2>\n<p>[\/vc_column_text][vc_separator type=\u00bbtransparent\u00bb up=\u00bb15&#8243; down=\u00bb15&#8243;]<div class=\"qode-news-holder qode-post-carousel1 qode-nl-normal-space\"  data-post-status=publish data-category-name=rabbits data-ignore-sticky-posts=1 data-orderby=rand data-sort=random data-paged=1 data-max-num-pages=1 data-next-page=2 data-title-tag=h4 data-image-size=portfolio-portrait data-display-categories=no data-display-excerpt=no data-display-date=yes data-display-author=no data-display-share=yes data-display-hot-trending-icons=no data-layout=qode_post_carousel1><div class=\"qode-news-list-inner-holder qode-owl-slider\" data-number-of-items=\"3\"><div class=\"qode-news-item qode-layout1-item\">\n\t\t<div class=\"qode-news-item-image-holder\">\n\t\t\t<div class=\"qode-post-image\">\n\t    <a itemprop=\"url\" href=\"https:\/\/phileo-lesaffre.com\/en\/boosting-rabbit-farming-productivity-and-profits\/\" title=\"Boosting rabbit farming productivity and profits\">\n                        <img fetchpriority=\"high\" decoding=\"async\" width=\"575\" height=\"375\" src=\"https:\/\/phileo-lesaffre.com\/wp-content\/uploads\/2020\/08\/rabbit-Knowledge-center.jpg\" class=\"attachment-portfolio-portrait size-portfolio-portrait wp-post-image\" alt=\"rabbit phileo\" srcset=\"https:\/\/phileo-lesaffre.com\/wp-content\/uploads\/2020\/08\/rabbit-Knowledge-center.jpg 575w, https:\/\/phileo-lesaffre.com\/wp-content\/uploads\/2020\/08\/rabbit-Knowledge-center-300x196.jpg 300w, https:\/\/phileo-lesaffre.com\/wp-content\/uploads\/2020\/08\/rabbit-Knowledge-center-400x260.jpg 400w\" sizes=\"(max-width: 575px) 100vw, 575px\" \/>            \t    <\/a>\n\t<\/div>\n        <div class=\"qode-news-image-info-holder-left\">\n\t\t\t        <\/div>\n        <div class=\"qode-news-image-info-holder-right\">\n\t\t\t\t\t<\/div>\n\t<\/div>\n    \t<div class=\"qode-ni-content\">\n        \t\t\n<h4 itemprop=\"name\" class=\"entry-title qode-post-title\">\n    <a itemprop=\"url\" href=\"https:\/\/phileo-lesaffre.com\/en\/boosting-rabbit-farming-productivity-and-profits\/\" title=\"Boosting rabbit farming productivity and profits\">\n        Boosting rabbit farming productivity and profits    <\/a>\n<\/h4>\t\t\t\t\t<div itemprop=\"dateCreated\" class=\"qode-post-info-date entry-date published updated\">\n\t    \t        <a itemprop=\"url\" href=\"https:\/\/phileo-lesaffre.com\/es\/2020\/08\/\">\n\t            <i class=\"dripicons-alarm\"><\/i>\n    \t27 de agosto de 2020        <\/a>\n\t    <meta itemprop=\"interactionCount\" content=\"UserComments: 0\"\/>\n\t<\/div>\n        \t<\/div>\n<\/div><\/div><\/div>[\/vc_column][\/vc_row]<\/p>\n<\/div>","protected":false},"excerpt":{"rendered":"<p>[vc_row css_animation=\u00bb\u00bb row_type=\u00bbrow\u00bb use_row_as_full_screen_section=\u00bbno\u00bb type=\u00bbfull_width\u00bb angled_section=\u00bbno\u00bb text_align=\u00bbleft\u00bb background_image_as_pattern=\u00bbwithout_pattern\u00bb z_index=\u00bb\u00bb background_image=\u00bb517&#8243;][vc_column][qode_elements_holder number_of_columns=\u00bbtwo_columns\u00bb][qode_elements_holder_item vertical_alignment=\u00bbmiddle\u00bb horizontal_alignment=\u00bbleft\u00bb advanced_animations=\u00bbno\u00bb item_padding=\u00bb25% 10% 25% 20%\u00bb][vc_column_text] Conejos [\/vc_column_text][vc_single_image image=\u00bb398042&#8243; img_size=\u00bb65&#215;33&#8243; qode_css_animation=\u00bb\u00bb css=\u00bb.vc_custom_1590613075467{padding-top: 5% !important;padding-bottom: 5% !important;}\u00bb][vc_column_text css=\u00bb.vc_custom_1591628839256{padding-right: 10% !important;}\u00bb]El manejo nutricional de los conejos con probi\u00f3ticos est\u00e1 dirigido a mejorar su productividad al&#8230;<\/p>\n","protected":false},"author":1,"featured_media":0,"parent":0,"menu_order":0,"comment_status":"closed","ping_status":"closed","template":"full_width.php","meta":{"footnotes":""},"class_list":["post-401486","page","type-page","status-publish","hentry"],"yoast_head":"<!-- This site is optimized with the Yoast SEO Premium plugin v25.9 (Yoast SEO v27.3) - https:\/\/yoast.com\/product\/yoast-seo-premium-wordpress\/ -->\n<title>Conejos &#8226; Phileo by Lesaffre<\/title>\n<meta name=\"robots\" content=\"index, follow, max-snippet:-1, max-image-preview:large, max-video-preview:-1\" \/>\n<link rel=\"canonical\" href=\"https:\/\/phileo-lesaffre.com\/es\/conejos\/\" \/>\n<meta property=\"og:locale\" content=\"es_ES\" \/>\n<meta property=\"og:type\" content=\"article\" \/>\n<meta property=\"og:title\" content=\"Conejos\" \/>\n<meta property=\"og:description\" content=\"Conejos El manejo nutricional de los conejos con probi\u00f3ticos est\u00e1 dirigido a mejorar su productividad al lograr una m\u00e1xima ganancia de peso y eficiencia\" \/>\n<meta property=\"og:url\" content=\"https:\/\/phileo-lesaffre.com\/es\/conejos\/\" \/>\n<meta property=\"og:site_name\" content=\"Phileo by Lesaffre\" \/>\n<meta property=\"article:publisher\" content=\"https:\/\/www.facebook.com\/phileo.lesaffre\/\" \/>\n<meta property=\"article:modified_time\" content=\"2020-12-16T07:59:26+00:00\" \/>\n<meta name=\"twitter:card\" content=\"summary_large_image\" \/>\n<meta name=\"twitter:site\" content=\"@PhileoLesaffre\" \/>\n<script type=\"application\/ld+json\" class=\"yoast-schema-graph\">{\"@context\":\"https:\\\/\\\/schema.org\",\"@graph\":[{\"@type\":\"WebPage\",\"@id\":\"https:\\\/\\\/phileo-lesaffre.com\\\/es\\\/conejos\\\/\",\"url\":\"https:\\\/\\\/phileo-lesaffre.com\\\/es\\\/conejos\\\/\",\"name\":\"Conejos &#8226; Phileo by Lesaffre\",\"isPartOf\":{\"@id\":\"https:\\\/\\\/phileo-lesaffre.com\\\/es\\\/#website\"},\"datePublished\":\"2020-11-18T06:29:16+00:00\",\"dateModified\":\"2020-12-16T07:59:26+00:00\",\"breadcrumb\":{\"@id\":\"https:\\\/\\\/phileo-lesaffre.com\\\/es\\\/conejos\\\/#breadcrumb\"},\"inLanguage\":\"es\",\"potentialAction\":[{\"@type\":\"ReadAction\",\"target\":[\"https:\\\/\\\/phileo-lesaffre.com\\\/es\\\/conejos\\\/\"]}]},{\"@type\":\"BreadcrumbList\",\"@id\":\"https:\\\/\\\/phileo-lesaffre.com\\\/es\\\/conejos\\\/#breadcrumb\",\"itemListElement\":[{\"@type\":\"ListItem\",\"position\":1,\"name\":\"Phileo by Lesaffre\",\"item\":\"https:\\\/\\\/phileo-lesaffre.com\\\/es\\\/\"},{\"@type\":\"ListItem\",\"position\":2,\"name\":\"Conejos\"}]},{\"@type\":\"WebSite\",\"@id\":\"https:\\\/\\\/phileo-lesaffre.com\\\/es\\\/#website\",\"url\":\"https:\\\/\\\/phileo-lesaffre.com\\\/es\\\/\",\"name\":\"Phileo by Lesaffre\",\"description\":\"Animal nutrition and health from yeast products\",\"publisher\":{\"@id\":\"https:\\\/\\\/phileo-lesaffre.com\\\/es\\\/#organization\"},\"potentialAction\":[{\"@type\":\"SearchAction\",\"target\":{\"@type\":\"EntryPoint\",\"urlTemplate\":\"https:\\\/\\\/phileo-lesaffre.com\\\/es\\\/?s={search_term_string}\"},\"query-input\":{\"@type\":\"PropertyValueSpecification\",\"valueRequired\":true,\"valueName\":\"search_term_string\"}}],\"inLanguage\":\"es\"},{\"@type\":\"Organization\",\"@id\":\"https:\\\/\\\/phileo-lesaffre.com\\\/es\\\/#organization\",\"name\":\"Phileo by Lesaffre\",\"url\":\"https:\\\/\\\/phileo-lesaffre.com\\\/es\\\/\",\"logo\":{\"@type\":\"ImageObject\",\"inLanguage\":\"es\",\"@id\":\"https:\\\/\\\/phileo-lesaffre.com\\\/es\\\/#\\\/schema\\\/logo\\\/image\\\/\",\"url\":\"https:\\\/\\\/phileo-lesaffre.com\\\/wp-content\\\/uploads\\\/2019\\\/04\\\/logo-phileo-lesaffre-1.jpg\",\"contentUrl\":\"https:\\\/\\\/phileo-lesaffre.com\\\/wp-content\\\/uploads\\\/2019\\\/04\\\/logo-phileo-lesaffre-1.jpg\",\"width\":500,\"height\":250,\"caption\":\"Phileo by Lesaffre\"},\"image\":{\"@id\":\"https:\\\/\\\/phileo-lesaffre.com\\\/es\\\/#\\\/schema\\\/logo\\\/image\\\/\"},\"sameAs\":[\"https:\\\/\\\/www.facebook.com\\\/phileo.lesaffre\\\/\",\"https:\\\/\\\/x.com\\\/PhileoLesaffre\",\"https:\\\/\\\/www.linkedin.com\\\/company\\\/phileo\\\/\"]}]}<\/script>\n<!-- \/ Yoast SEO Premium plugin. -->","yoast_head_json":{"title":"Conejos &#8226; Phileo by Lesaffre","robots":{"index":"index","follow":"follow","max-snippet":"max-snippet:-1","max-image-preview":"max-image-preview:large","max-video-preview":"max-video-preview:-1"},"canonical":"https:\/\/phileo-lesaffre.com\/es\/conejos\/","og_locale":"es_ES","og_type":"article","og_title":"Conejos","og_description":"Conejos El manejo nutricional de los conejos con probi\u00f3ticos est\u00e1 dirigido a mejorar su productividad al lograr una m\u00e1xima ganancia de peso y eficiencia","og_url":"https:\/\/phileo-lesaffre.com\/es\/conejos\/","og_site_name":"Phileo by Lesaffre","article_publisher":"https:\/\/www.facebook.com\/phileo.lesaffre\/","article_modified_time":"2020-12-16T07:59:26+00:00","twitter_card":"summary_large_image","twitter_site":"@PhileoLesaffre","schema":{"@context":"https:\/\/schema.org","@graph":[{"@type":"WebPage","@id":"https:\/\/phileo-lesaffre.com\/es\/conejos\/","url":"https:\/\/phileo-lesaffre.com\/es\/conejos\/","name":"Conejos &#8226; Phileo by Lesaffre","isPartOf":{"@id":"https:\/\/phileo-lesaffre.com\/es\/#website"},"datePublished":"2020-11-18T06:29:16+00:00","dateModified":"2020-12-16T07:59:26+00:00","breadcrumb":{"@id":"https:\/\/phileo-lesaffre.com\/es\/conejos\/#breadcrumb"},"inLanguage":"es","potentialAction":[{"@type":"ReadAction","target":["https:\/\/phileo-lesaffre.com\/es\/conejos\/"]}]},{"@type":"BreadcrumbList","@id":"https:\/\/phileo-lesaffre.com\/es\/conejos\/#breadcrumb","itemListElement":[{"@type":"ListItem","position":1,"name":"Phileo by Lesaffre","item":"https:\/\/phileo-lesaffre.com\/es\/"},{"@type":"ListItem","position":2,"name":"Conejos"}]},{"@type":"WebSite","@id":"https:\/\/phileo-lesaffre.com\/es\/#website","url":"https:\/\/phileo-lesaffre.com\/es\/","name":"Phileo by Lesaffre","description":"Animal nutrition and health from yeast products","publisher":{"@id":"https:\/\/phileo-lesaffre.com\/es\/#organization"},"potentialAction":[{"@type":"SearchAction","target":{"@type":"EntryPoint","urlTemplate":"https:\/\/phileo-lesaffre.com\/es\/?s={search_term_string}"},"query-input":{"@type":"PropertyValueSpecification","valueRequired":true,"valueName":"search_term_string"}}],"inLanguage":"es"},{"@type":"Organization","@id":"https:\/\/phileo-lesaffre.com\/es\/#organization","name":"Phileo by Lesaffre","url":"https:\/\/phileo-lesaffre.com\/es\/","logo":{"@type":"ImageObject","inLanguage":"es","@id":"https:\/\/phileo-lesaffre.com\/es\/#\/schema\/logo\/image\/","url":"https:\/\/phileo-lesaffre.com\/wp-content\/uploads\/2019\/04\/logo-phileo-lesaffre-1.jpg","contentUrl":"https:\/\/phileo-lesaffre.com\/wp-content\/uploads\/2019\/04\/logo-phileo-lesaffre-1.jpg","width":500,"height":250,"caption":"Phileo by Lesaffre"},"image":{"@id":"https:\/\/phileo-lesaffre.com\/es\/#\/schema\/logo\/image\/"},"sameAs":["https:\/\/www.facebook.com\/phileo.lesaffre\/","https:\/\/x.com\/PhileoLesaffre","https:\/\/www.linkedin.com\/company\/phileo\/"]}]}},"_links":{"self":[{"href":"https:\/\/phileo-lesaffre.com\/es\/wp-json\/wp\/v2\/pages\/401486","targetHints":{"allow":["GET"]}}],"collection":[{"href":"https:\/\/phileo-lesaffre.com\/es\/wp-json\/wp\/v2\/pages"}],"about":[{"href":"https:\/\/phileo-lesaffre.com\/es\/wp-json\/wp\/v2\/types\/page"}],"author":[{"embeddable":true,"href":"https:\/\/phileo-lesaffre.com\/es\/wp-json\/wp\/v2\/users\/1"}],"replies":[{"embeddable":true,"href":"https:\/\/phileo-lesaffre.com\/es\/wp-json\/wp\/v2\/comments?post=401486"}],"version-history":[{"count":0,"href":"https:\/\/phileo-lesaffre.com\/es\/wp-json\/wp\/v2\/pages\/401486\/revisions"}],"wp:attachment":[{"href":"https:\/\/phileo-lesaffre.com\/es\/wp-json\/wp\/v2\/media?parent=401486"}],"curies":[{"name":"wp","href":"https:\/\/api.w.org\/{rel}","templated":true}]}}