{"id":401344,"date":"2020-11-18T07:22:31","date_gmt":"2020-11-18T06:22:31","guid":{"rendered":"http:\/\/phileo-lesaffre.com\/control-de-salmonella-en-pollos-de-engorde\/"},"modified":"2020-12-16T08:37:58","modified_gmt":"2020-12-16T07:37:58","slug":"control-de-salmonella-en-pollos-de-engorde","status":"publish","type":"page","link":"https:\/\/phileo-lesaffre.com\/es\/pollos-de-engorde\/control-de-salmonella-en-pollos-de-engorde\/","title":{"rendered":"Control de Salmonella en pollos de engorde"},"content":{"rendered":"<div class=\"wpb-content-wrapper\"><p>[vc_row css_animation=\u00bb\u00bb row_type=\u00bbrow\u00bb use_row_as_full_screen_section=\u00bbno\u00bb type=\u00bbfull_width\u00bb angled_section=\u00bbno\u00bb text_align=\u00bbleft\u00bb background_image_as_pattern=\u00bbwithout_pattern\u00bb][vc_column][qode_elements_holder number_of_columns=\u00bbtwo_columns\u00bb custom_class=\u00bbtete\u00bb][qode_elements_holder_item vertical_alignment=\u00bbmiddle\u00bb horizontal_alignment=\u00bbleft\u00bb advanced_animations=\u00bbno\u00bb item_padding=\u00bb5% 8% 5% 0%\u00bb][vc_column_text]<\/p>\n<h2 class=\"feed2\"><span style=\"color: #4d4d4c;\">Control de <em>Salmonella<\/em><\/span><span style=\"color: #4d4d4c;\"> en pollos de engorde para mejorar la inocuidad alimentaria<\/span><\/h2>\n<p>[\/vc_column_text][vc_single_image image=\u00bb398042&#8243; img_size=\u00bb65&#215;33&#8243; qode_css_animation=\u00bb\u00bb css=\u00bb.vc_custom_1590613047306{padding-top: 5% !important;padding-bottom: 5% !important;}\u00bb][vc_column_text css=\u00bb.vc_custom_1592385176586{padding-right: 8% !important;}\u00bb]<em>La Salmonella<\/em> es responsable de aproximadamente 1 mill\u00f3n de enfermedades de origen alimentario al a\u00f1o en EE. UU y 91,000 en Europa. La contaminaci\u00f3n por Salmonella es un problema mundial en la producci\u00f3n av\u00edcola. Para reducir la contaminaci\u00f3n de los productos av\u00edcolas, se aplican intervenciones en plantas de procesamiento, aunque en primera instancia la verdadera soluci\u00f3n es prevenir la llegada de pollos, pavos o huevos contaminados a las plantas. La prevenci\u00f3n a nivel de granja es muy importante para reducir el riesgo de contaminaci\u00f3n de la carne de aves o del huevo de consumo.[\/vc_column_text][vc_single_image image=\u00bb400276&#8243; img_size=\u00bb120&#215;178&#8243; alignment=\u00bbright\u00bb qode_css_animation=\u00bb\u00bb][\/qode_elements_holder_item][qode_elements_holder_item cover=\u00bbyes\u00bb vertical_alignment=\u00bbmiddle\u00bb horizontal_alignment=\u00bbleft\u00bb advanced_animations=\u00bbno\u00bb background_image=\u00bb396343&#8243;][\/qode_elements_holder_item][\/qode_elements_holder][\/vc_column][\/vc_row][vc_row css_animation=\u00bb\u00bb row_type=\u00bbrow\u00bb use_row_as_full_screen_section=\u00bbno\u00bb type=\u00bbfull_width\u00bb angled_section=\u00bbno\u00bb text_align=\u00bbleft\u00bb background_image_as_pattern=\u00bbwithout_pattern\u00bb z_index=\u00bb\u00bb][vc_column][qode_elements_holder number_of_columns=\u00bbtwo_columns\u00bb][qode_elements_holder_item vertical_alignment=\u00bbmiddle\u00bb horizontal_alignment=\u00bbleft\u00bb advanced_animations=\u00bbno\u00bb item_padding=\u00bb5% 2% 5% 10%\u00bb background_color=\u00bb#e58734&#8243;][vc_column_text]<\/p>\n<h2 class=\"feed4\"><span style=\"color: #ffffff;\"><em>Contaminaci\u00f3n por Salmonella<\/em> en granjas av\u00edcolas<\/span><\/h2>\n<p>[\/vc_column_text][vc_single_image image=\u00bb397902&#8243; img_size=\u00bb50&#215;25&#8243; qode_css_animation=\u00bb\u00bb css=\u00bb.vc_custom_1592227932921{padding-top: 5% !important;padding-bottom: 5% !important;}\u00bb][vc_column_text css=\u00bb.vc_custom_1592385306566{padding-right: 10% !important;}\u00bb]<span style=\"color: #ffffff;\"><em>La Salmonella <\/em> puede provenir del alimento balanceado: a trav\u00e9s de aditivos y la termizaci\u00f3n.<\/span><\/p>\n<p>&nbsp;<\/p>\n<p><span style=\"color: #ffffff;\"><em>La Salmonella<\/em> puede perdurar en casetas av\u00edcolas, que siguen contaminadas de un lote anterior de aves y que no se desinfectaron adecuadamente o se contaminaron a trav\u00e9s de roedores, insectos, etc.<\/span><\/p>\n<p>&nbsp;<\/p>\n<p><span style=\"color: #ffffff;\"><em>La Salmonella<\/em> puede llegar en pollitos de un d\u00eda de edad contaminados por transmisi\u00f3n vertical en el huevo o por contaminaci\u00f3n del cascar\u00f3n al pasar por la cloaca.<\/span>[\/vc_column_text][\/qode_elements_holder_item][qode_elements_holder_item advanced_animations=\u00bbno\u00bb][vc_single_image image=\u00bb404491&#8243; img_size=\u00bbfull\u00bb alignment=\u00bbcenter\u00bb onclick=\u00bblink_image\u00bb qode_css_animation=\u00bb\u00bb qode_hover_animation=\u00bbzoom_in\u00bb][\/qode_elements_holder_item][\/qode_elements_holder][\/vc_column][\/vc_row][vc_row css_animation=\u00bb\u00bb row_type=\u00bbrow\u00bb use_row_as_full_screen_section=\u00bbno\u00bb type=\u00bbfull_width\u00bb angled_section=\u00bbno\u00bb text_align=\u00bbleft\u00bb background_image_as_pattern=\u00bbwithout_pattern\u00bb css=\u00bb.vc_custom_1592234497567{background-color: #ffffff !important;}\u00bb z_index=\u00bb\u00bb][vc_column][qode_elements_holder number_of_columns=\u00bbtwo_columns\u00bb][qode_elements_holder_item advanced_animations=\u00bbno\u00bb][vc_single_image image=\u00bb404495&#8243; img_size=\u00bbfull\u00bb onclick=\u00bblink_image\u00bb qode_css_animation=\u00bb\u00bb qode_hover_animation=\u00bbzoom_in\u00bb][\/qode_elements_holder_item][qode_elements_holder_item vertical_alignment=\u00bbmiddle\u00bb horizontal_alignment=\u00bbleft\u00bb advanced_animations=\u00bbno\u00bb item_padding=\u00bb5% 10% 5% 5%\u00bb background_color=\u00bb#706f6f\u00bb][vc_column_text]<\/p>\n<h2 class=\"feed4\"><span style=\"color: #ffffff;\">Reducci\u00f3n de la presi\u00f3n de la <em>Salmonella <\/em> en el intestino<\/span><\/h2>\n<p>[\/vc_column_text][vc_single_image image=\u00bb397902&#8243; img_size=\u00bb50&#215;25&#8243; qode_css_animation=\u00bb\u00bb css=\u00bb.vc_custom_1592232787710{padding-top: 5% !important;padding-bottom: 5% !important;}\u00bb][vc_column_text]<span style=\"color: #ffffff;\">Debido a que Safmannan<sup>\u00ae<\/sup> contiene altas concentraciones de mananos y betaglucanos, la suplementaci\u00f3n del producto en la dieta permite que la <em>Salmonella<\/em> se adhiera a los mananos de este, para as\u00ed reducir la presi\u00f3n del microorganismo en el intestino durante la excreci\u00f3n de las heces.<\/span><\/p>\n<p>&nbsp;<\/p>\n<p><span style=\"color: #ffffff;\"><br \/>\nLos betaglucanos y mananos modulan la funci\u00f3n inmunitaria con niveles m\u00e1s altos de anticuerpos liberados en la superficie del epitelio intestinal: mayor secreci\u00f3n de IgA dirigida a la <em>Salmonella<\/em>.<\/span><\/p>\n<p>&nbsp;<\/p>\n<p><span style=\"color: #ffffff;\"><br \/>\nSafmannan<sup>\u00ae<\/sup> ayuda a preservar la uni\u00f3n intercelular herm\u00e9tica para una menor translocaci\u00f3n de <em>Salmonella<\/em> del contenido intestinal a \u00f3rganos internos, como el h\u00edgado, el bazo e incluso los ovarios (relevante en ponedoras y reproductoras).<br \/>\n<\/span>[\/vc_column_text][\/qode_elements_holder_item][\/qode_elements_holder][\/vc_column][\/vc_row][vc_row css_animation=\u00bb\u00bb row_type=\u00bbrow\u00bb use_row_as_full_screen_section=\u00bbno\u00bb type=\u00bbfull_width\u00bb angled_section=\u00bbno\u00bb text_align=\u00bbleft\u00bb background_image_as_pattern=\u00bbwithout_pattern\u00bb z_index=\u00bb\u00bb][vc_column][qode_elements_holder number_of_columns=\u00bbtwo_columns\u00bb][qode_elements_holder_item vertical_alignment=\u00bbmiddle\u00bb horizontal_alignment=\u00bbleft\u00bb advanced_animations=\u00bbno\u00bb item_padding=\u00bb5% 2% 5% 10%\u00bb background_color=\u00bb#e58734&#8243;][vc_column_text]<\/p>\n<h2 class=\"feed4\"><span style=\"color: #ffffff;\">Estudios con Safmannan<sup>\u00ae<\/sup><\/span><\/h2>\n<p>[\/vc_column_text][vc_single_image image=\u00bb397902&#8243; img_size=\u00bb50&#215;25&#8243; qode_css_animation=\u00bb\u00bb css=\u00bb.vc_custom_1592232787710{padding-top: 5% !important;padding-bottom: 5% !important;}\u00bb][vc_column_text]<span style=\"color: #ffffff;\">Una prueba de 2018 de C. Hofacre en SPRG, basada en un estudio de 40 casetas, involucr\u00f3 colocar 2000 pollitos en 5 grupos de tratamiento. La prueba fue con Safmannan<sup>\u00ae<\/sup> en diferentes dosis y un producto comercial de cultivo de levaduras. Se etiquetaron con c\u00f3digo de color 25 pollitos de un d\u00eda de edad por caseta y se les administr\u00f3 por alimentaci\u00f3n forzada 5&#215;107 UFC de Salmonella heidelberg. No se desafiaron otros 25 pollitos m\u00e1s (aves testigo por contacto) por caseta, por lo que pod\u00edan contaminarse por los pollitos desafiados. <\/span><\/p>\n<p>&nbsp;<\/p>\n<p><span style=\"color: #ffffff;\">Safmannan<sup>\u00ae<\/sup> a 500 g\/t redujo significativamente el n\u00famero de S. heidelberg en los ciegos de las aves testigo por contacto al d\u00eda 42, mediante el M\u00e9todo de n\u00famero m\u00e1s probable (NMP).<\/span>[\/vc_column_text][\/qode_elements_holder_item][qode_elements_holder_item advanced_animations=\u00bbno\u00bb][vc_single_image image=\u00bb404499&#8243; img_size=\u00bbfull\u00bb onclick=\u00bblink_image\u00bb qode_css_animation=\u00bb\u00bb qode_hover_animation=\u00bbzoom_in\u00bb][\/qode_elements_holder_item][\/qode_elements_holder][\/vc_column][\/vc_row][vc_row css_animation=\u00bb\u00bb row_type=\u00bbrow\u00bb use_row_as_full_screen_section=\u00bbno\u00bb type=\u00bbfull_width\u00bb angled_section=\u00bbno\u00bb text_align=\u00bbleft\u00bb background_image_as_pattern=\u00bbwithout_pattern\u00bb css=\u00bb.vc_custom_1592234538775{background-color: #ffffff !important;}\u00bb z_index=\u00bb\u00bb][vc_column][qode_elements_holder number_of_columns=\u00bbtwo_columns\u00bb][qode_elements_holder_item advanced_animations=\u00bbno\u00bb][vc_single_image image=\u00bb404503&#8243; img_size=\u00bbfull\u00bb onclick=\u00bblink_image\u00bb qode_css_animation=\u00bb\u00bb qode_hover_animation=\u00bbzoom_in\u00bb][\/qode_elements_holder_item][qode_elements_holder_item vertical_alignment=\u00bbmiddle\u00bb horizontal_alignment=\u00bbleft\u00bb advanced_animations=\u00bbno\u00bb item_padding=\u00bb5% 10% 5% 5%\u00bb background_color=\u00bb#706f6f\u00bb][vc_column_text]<\/p>\n<h2 class=\"feed4\"><span style=\"color: #ffffff;\">Safmannan<sup>\u00ae<\/sup> ayuda a que el sistema inmunitario sea m\u00e1s eficiente contra la <em>Salmonella<\/em><\/span><\/h2>\n<p>[\/vc_column_text][vc_single_image image=\u00bb397902&#8243; img_size=\u00bb50&#215;25&#8243; qode_css_animation=\u00bb\u00bb css=\u00bb.vc_custom_1592232787710{padding-top: 5% !important;padding-bottom: 5% !important;}\u00bb][vc_column_text]<span style=\"color: #ffffff;\">Un estudio de 2019 de Imunova, Brasil, involucr\u00f3 a 35 pollitos de un d\u00eda de edad, asignados a 3 grupos de tratamiento: no desafiados\/no suplementados; desafiados\/no suplementados y desafiados\/suplementados con Safmannan<sup>\u00ae<\/sup> a 250 g\/t del d\u00eda 1 al 28. El d\u00eda 2 se administr\u00f3 v\u00eda oral el desaf\u00edo de 108 UFC de Salmonella typhimurium.<\/span><\/p>\n<p>&nbsp;<\/p>\n<p><span style=\"color: #ffffff;\"> Al d\u00eda 28, Safmannan<sup>\u00ae<\/sup> ayud\u00f3 al sistema inmunitario a producir significativamente mayor secreci\u00f3n de IgA contra LPS y flagelina de Salmonella. Adem\u00e1s, se redujo significativamente la calificaci\u00f3n de histopatolog\u00eda el d\u00eda 28.<\/span>[\/vc_column_text][\/qode_elements_holder_item][\/qode_elements_holder][\/vc_column][\/vc_row][vc_row css_animation=\u00bb\u00bb row_type=\u00bbrow\u00bb use_row_as_full_screen_section=\u00bbno\u00bb type=\u00bbfull_width\u00bb angled_section=\u00bbno\u00bb text_align=\u00bbleft\u00bb background_image_as_pattern=\u00bbwithout_pattern\u00bb z_index=\u00bb\u00bb anchor=\u00bbpoultrybook\u00bb][vc_column][qode_elements_holder number_of_columns=\u00bbtwo_columns\u00bb][qode_elements_holder_item vertical_alignment=\u00bbmiddle\u00bb horizontal_alignment=\u00bbleft\u00bb advanced_animations=\u00bbno\u00bb background_color=\u00bb#e58734&#8243; item_padding=\u00bb5% 10% 5% 10%\u00bb][vc_column_text]<span style=\"color: #ffffff;\"><span style=\"font-size: 34px; font-weight: 800;\">Llene este formulario para descargar la gu\u00eda<\/span><\/span>[\/vc_column_text][vc_separator type=\u00bbtransparent\u00bb up=\u00bb10&#8243; down=\u00bb10&#8243;][vc_raw_html]PGZvcm0gaWQ9ImZvc3MtNWY0OGQ1NmJkNTljYmMyNmI1MDEwNzBiIj48L2Zvcm0+PHNjcmlwdCBhc3luYyBzcmM9J2h0dHBzOi8vYXBpLnBsZXppLmNvL2FwaS92MS93ZWJfZm9ybXMvc2NyaXB0cz90ZW5hbnRfaWQ9NWVjNTQ0OGU1NDA2N2E0NTlkYmE1Y2U1JmZvcm1faWQ9NWVjNTQ0OTA1NDA2N2E0NTlkYmE1ZDdjJmZvcm1fdmVyc2lvbj0zJmNvbnRlbnRfd2ViX2Zvcm1faWQ9NWY0OGQ1NmJkNTljYmMyNmI1MDEwNzBiJnBsel9sYW5nPWVuJz48L3NjcmlwdD4=[\/vc_raw_html][\/qode_elements_holder_item][qode_elements_holder_item vertical_alignment=\u00bbmiddle\u00bb horizontal_alignment=\u00bbleft\u00bb advanced_animations=\u00bbno\u00bb item_padding=\u00bb2% 10% 2% 10%\u00bb][vc_column_text]<span style=\"color: #4d4d4c; font-size: 40px; line-height: 46px; font-weight: bold;\">Estrategias para reducir la prevalencia de <em>Salmonella<\/em> en la industria av\u00edcola<\/span>[\/vc_column_text][vc_single_image image=\u00bb397952&#8243; img_size=\u00bbfull\u00bb qode_css_animation=\u00bb\u00bb][\/qode_elements_holder_item][\/qode_elements_holder][\/vc_column][\/vc_row][vc_row css_animation=\u00bb\u00bb row_type=\u00bbrow\u00bb use_row_as_full_screen_section=\u00bbyes\u00bb type=\u00bbfull_width\u00bb angled_section=\u00bbno\u00bb text_align=\u00bbleft\u00bb background_image_as_pattern=\u00bbwithout_pattern\u00bb z_index=\u00bb\u00bb][vc_column][vc_separator type=\u00bbtransparent\u00bb up=\u00bb10&#8243; down=\u00bb10&#8243;][vc_column_text css=\u00bb.vc_custom_1593402547571{padding-top: 2% !important;padding-bottom: 2% !important;}\u00bb]<\/p>\n<h2 class=\"feed3\"><span style=\"color: #4d4d4c;\">Descubra m\u00e1s sobre el manejo de pollos de engorde<\/span><\/h2>\n<p>[\/vc_column_text][vc_separator type=\u00bbtransparent\u00bb up=\u00bb5&#8243; down=\u00bb5&#8243;][\/vc_column][vc_column width=\u00bb1\/5&#8243;][vc_single_image image=\u00bb403256&#8243; img_size=\u00bbfull\u00bb alignment=\u00bbcenter\u00bb onclick=\u00bbcustom_link\u00bb qode_css_animation=\u00bb\u00bb qode_hover_animation=\u00bbzoom_in\u00bb css=\u00bb.vc_custom_1606378812774{padding-top: 5% !important;padding-bottom: 5% !important;}\u00bb link=\u00bb\/es\/pollos-de-engorde\/manejo-de-la-salud-intestinal-en-pollos-de-engorde\/\u00bb][\/vc_column][vc_column width=\u00bb1\/5&#8243;][vc_single_image image=\u00bb403260&#8243; img_size=\u00bbfull\u00bb alignment=\u00bbcenter\u00bb onclick=\u00bbcustom_link\u00bb qode_css_animation=\u00bb\u00bb qode_hover_animation=\u00bbzoom_in\u00bb css=\u00bb.vc_custom_1606378834910{padding-top: 5% !important;padding-bottom: 5% !important;}\u00bb link=\u00bb\/es\/pollos-de-engorde\/reduccion-de-antibioticos-en-pollo-de-engorde\/\u00bb][\/vc_column][vc_column width=\u00bb1\/5&#8243;][vc_single_image image=\u00bb403252&#8243; img_size=\u00bbfull\u00bb alignment=\u00bbcenter\u00bb onclick=\u00bbcustom_link\u00bb qode_css_animation=\u00bb\u00bb qode_hover_animation=\u00bbzoom_in\u00bb css=\u00bb.vc_custom_1606378886254{padding-top: 5% !important;padding-bottom: 5% !important;}\u00bb link=\u00bb\/es\/pollos-de-engorde\/inmunomodulacion-y-titulos-de-anticuerpos-en-pollo-de-engorde\/\u00bb][\/vc_column][vc_column width=\u00bb1\/5&#8243;][vc_single_image image=\u00bb403244&#8243; img_size=\u00bbfull\u00bb alignment=\u00bbcenter\u00bb onclick=\u00bbcustom_link\u00bb qode_css_animation=\u00bb\u00bb qode_hover_animation=\u00bbzoom_in\u00bb css=\u00bb.vc_custom_1606378948172{padding-top: 5% !important;padding-bottom: 5% !important;}\u00bb link=\u00bb\/es\/pollos-de-engorde\/estres-oxidativo-en-pollo-de-engorde\/\u00bb][\/vc_column][vc_column width=\u00bb1\/5&#8243;][vc_single_image image=\u00bb403248&#8243; img_size=\u00bbfull\u00bb alignment=\u00bbcenter\u00bb onclick=\u00bbcustom_link\u00bb qode_css_animation=\u00bb\u00bb qode_hover_animation=\u00bbzoom_in\u00bb css=\u00bb.vc_custom_1606378968052{padding-top: 5% !important;padding-bottom: 5% !important;}\u00bb link=\u00bb\/es\/pollos-de-engorde\/estres-por-calor-en-pollo-de-engorde\/\u00bb][\/vc_column][\/vc_row]<\/p>\n<\/div>","protected":false},"excerpt":{"rendered":"<p>[vc_row css_animation=\u00bb\u00bb row_type=\u00bbrow\u00bb use_row_as_full_screen_section=\u00bbno\u00bb type=\u00bbfull_width\u00bb angled_section=\u00bbno\u00bb text_align=\u00bbleft\u00bb background_image_as_pattern=\u00bbwithout_pattern\u00bb][vc_column][qode_elements_holder number_of_columns=\u00bbtwo_columns\u00bb custom_class=\u00bbtete\u00bb][qode_elements_holder_item vertical_alignment=\u00bbmiddle\u00bb horizontal_alignment=\u00bbleft\u00bb advanced_animations=\u00bbno\u00bb item_padding=\u00bb5% 8% 5% 0%\u00bb][vc_column_text] Control de Salmonella en pollos de engorde para mejorar la inocuidad alimentaria [\/vc_column_text][vc_single_image image=\u00bb398042&#8243; img_size=\u00bb65&#215;33&#8243; qode_css_animation=\u00bb\u00bb css=\u00bb.vc_custom_1590613047306{padding-top: 5% !important;padding-bottom: 5% !important;}\u00bb][vc_column_text css=\u00bb.vc_custom_1592385176586{padding-right: 8% !important;}\u00bb]La Salmonella es responsable de&#8230;<\/p>\n","protected":false},"author":1,"featured_media":0,"parent":401383,"menu_order":0,"comment_status":"closed","ping_status":"closed","template":"full_width.php","meta":{"footnotes":""},"class_list":["post-401344","page","type-page","status-publish","hentry"],"yoast_head":"<!-- This site is optimized with the Yoast SEO Premium plugin v25.9 (Yoast SEO v27.3) - https:\/\/yoast.com\/product\/yoast-seo-premium-wordpress\/ -->\n<title>Control de Salmonella en pollos de engorde &#8226; Phileo by Lesaffre<\/title>\n<meta name=\"robots\" content=\"index, follow, max-snippet:-1, max-image-preview:large, max-video-preview:-1\" \/>\n<link rel=\"canonical\" href=\"https:\/\/phileo-lesaffre.com\/es\/pollos-de-engorde\/control-de-salmonella-en-pollos-de-engorde\/\" \/>\n<meta property=\"og:locale\" content=\"es_ES\" \/>\n<meta property=\"og:type\" content=\"article\" \/>\n<meta property=\"og:title\" content=\"Control de Salmonella en pollos de engorde\" \/>\n<meta property=\"og:description\" content=\"Control de Salmonella en pollos de engorde para mejorar la inocuidad alimentaria La Salmonella es responsable de aproximadamente 1 mill\u00f3n de enfermedades\" \/>\n<meta property=\"og:url\" content=\"https:\/\/phileo-lesaffre.com\/es\/pollos-de-engorde\/control-de-salmonella-en-pollos-de-engorde\/\" \/>\n<meta property=\"og:site_name\" content=\"Phileo by Lesaffre\" \/>\n<meta property=\"article:publisher\" content=\"https:\/\/www.facebook.com\/phileo.lesaffre\/\" \/>\n<meta property=\"article:modified_time\" content=\"2020-12-16T07:37:58+00:00\" \/>\n<meta name=\"twitter:card\" content=\"summary_large_image\" \/>\n<meta name=\"twitter:site\" content=\"@PhileoLesaffre\" \/>\n<script type=\"application\/ld+json\" class=\"yoast-schema-graph\">{\"@context\":\"https:\\\/\\\/schema.org\",\"@graph\":[{\"@type\":\"WebPage\",\"@id\":\"https:\\\/\\\/phileo-lesaffre.com\\\/es\\\/pollos-de-engorde\\\/control-de-salmonella-en-pollos-de-engorde\\\/\",\"url\":\"https:\\\/\\\/phileo-lesaffre.com\\\/es\\\/pollos-de-engorde\\\/control-de-salmonella-en-pollos-de-engorde\\\/\",\"name\":\"Control de Salmonella en pollos de engorde &#8226; Phileo by Lesaffre\",\"isPartOf\":{\"@id\":\"https:\\\/\\\/phileo-lesaffre.com\\\/es\\\/#website\"},\"datePublished\":\"2020-11-18T06:22:31+00:00\",\"dateModified\":\"2020-12-16T07:37:58+00:00\",\"breadcrumb\":{\"@id\":\"https:\\\/\\\/phileo-lesaffre.com\\\/es\\\/pollos-de-engorde\\\/control-de-salmonella-en-pollos-de-engorde\\\/#breadcrumb\"},\"inLanguage\":\"es\",\"potentialAction\":[{\"@type\":\"ReadAction\",\"target\":[\"https:\\\/\\\/phileo-lesaffre.com\\\/es\\\/pollos-de-engorde\\\/control-de-salmonella-en-pollos-de-engorde\\\/\"]}]},{\"@type\":\"BreadcrumbList\",\"@id\":\"https:\\\/\\\/phileo-lesaffre.com\\\/es\\\/pollos-de-engorde\\\/control-de-salmonella-en-pollos-de-engorde\\\/#breadcrumb\",\"itemListElement\":[{\"@type\":\"ListItem\",\"position\":1,\"name\":\"Phileo by Lesaffre\",\"item\":\"https:\\\/\\\/phileo-lesaffre.com\\\/es\\\/\"},{\"@type\":\"ListItem\",\"position\":2,\"name\":\"Pollos de engorde\",\"item\":\"https:\\\/\\\/phileo-lesaffre.com\\\/es\\\/pollos-de-engorde\\\/\"},{\"@type\":\"ListItem\",\"position\":3,\"name\":\"Control de Salmonella en pollos de engorde\"}]},{\"@type\":\"WebSite\",\"@id\":\"https:\\\/\\\/phileo-lesaffre.com\\\/es\\\/#website\",\"url\":\"https:\\\/\\\/phileo-lesaffre.com\\\/es\\\/\",\"name\":\"Phileo by Lesaffre\",\"description\":\"Animal nutrition and health from yeast products\",\"publisher\":{\"@id\":\"https:\\\/\\\/phileo-lesaffre.com\\\/es\\\/#organization\"},\"potentialAction\":[{\"@type\":\"SearchAction\",\"target\":{\"@type\":\"EntryPoint\",\"urlTemplate\":\"https:\\\/\\\/phileo-lesaffre.com\\\/es\\\/?s={search_term_string}\"},\"query-input\":{\"@type\":\"PropertyValueSpecification\",\"valueRequired\":true,\"valueName\":\"search_term_string\"}}],\"inLanguage\":\"es\"},{\"@type\":\"Organization\",\"@id\":\"https:\\\/\\\/phileo-lesaffre.com\\\/es\\\/#organization\",\"name\":\"Phileo by Lesaffre\",\"url\":\"https:\\\/\\\/phileo-lesaffre.com\\\/es\\\/\",\"logo\":{\"@type\":\"ImageObject\",\"inLanguage\":\"es\",\"@id\":\"https:\\\/\\\/phileo-lesaffre.com\\\/es\\\/#\\\/schema\\\/logo\\\/image\\\/\",\"url\":\"https:\\\/\\\/phileo-lesaffre.com\\\/wp-content\\\/uploads\\\/2019\\\/04\\\/logo-phileo-lesaffre-1.jpg\",\"contentUrl\":\"https:\\\/\\\/phileo-lesaffre.com\\\/wp-content\\\/uploads\\\/2019\\\/04\\\/logo-phileo-lesaffre-1.jpg\",\"width\":500,\"height\":250,\"caption\":\"Phileo by Lesaffre\"},\"image\":{\"@id\":\"https:\\\/\\\/phileo-lesaffre.com\\\/es\\\/#\\\/schema\\\/logo\\\/image\\\/\"},\"sameAs\":[\"https:\\\/\\\/www.facebook.com\\\/phileo.lesaffre\\\/\",\"https:\\\/\\\/x.com\\\/PhileoLesaffre\",\"https:\\\/\\\/www.linkedin.com\\\/company\\\/phileo\\\/\"]}]}<\/script>\n<!-- \/ Yoast SEO Premium plugin. -->","yoast_head_json":{"title":"Control de Salmonella en pollos de engorde &#8226; Phileo by Lesaffre","robots":{"index":"index","follow":"follow","max-snippet":"max-snippet:-1","max-image-preview":"max-image-preview:large","max-video-preview":"max-video-preview:-1"},"canonical":"https:\/\/phileo-lesaffre.com\/es\/pollos-de-engorde\/control-de-salmonella-en-pollos-de-engorde\/","og_locale":"es_ES","og_type":"article","og_title":"Control de Salmonella en pollos de engorde","og_description":"Control de Salmonella en pollos de engorde para mejorar la inocuidad alimentaria La Salmonella es responsable de aproximadamente 1 mill\u00f3n de enfermedades","og_url":"https:\/\/phileo-lesaffre.com\/es\/pollos-de-engorde\/control-de-salmonella-en-pollos-de-engorde\/","og_site_name":"Phileo by Lesaffre","article_publisher":"https:\/\/www.facebook.com\/phileo.lesaffre\/","article_modified_time":"2020-12-16T07:37:58+00:00","twitter_card":"summary_large_image","twitter_site":"@PhileoLesaffre","schema":{"@context":"https:\/\/schema.org","@graph":[{"@type":"WebPage","@id":"https:\/\/phileo-lesaffre.com\/es\/pollos-de-engorde\/control-de-salmonella-en-pollos-de-engorde\/","url":"https:\/\/phileo-lesaffre.com\/es\/pollos-de-engorde\/control-de-salmonella-en-pollos-de-engorde\/","name":"Control de Salmonella en pollos de engorde &#8226; Phileo by Lesaffre","isPartOf":{"@id":"https:\/\/phileo-lesaffre.com\/es\/#website"},"datePublished":"2020-11-18T06:22:31+00:00","dateModified":"2020-12-16T07:37:58+00:00","breadcrumb":{"@id":"https:\/\/phileo-lesaffre.com\/es\/pollos-de-engorde\/control-de-salmonella-en-pollos-de-engorde\/#breadcrumb"},"inLanguage":"es","potentialAction":[{"@type":"ReadAction","target":["https:\/\/phileo-lesaffre.com\/es\/pollos-de-engorde\/control-de-salmonella-en-pollos-de-engorde\/"]}]},{"@type":"BreadcrumbList","@id":"https:\/\/phileo-lesaffre.com\/es\/pollos-de-engorde\/control-de-salmonella-en-pollos-de-engorde\/#breadcrumb","itemListElement":[{"@type":"ListItem","position":1,"name":"Phileo by Lesaffre","item":"https:\/\/phileo-lesaffre.com\/es\/"},{"@type":"ListItem","position":2,"name":"Pollos de engorde","item":"https:\/\/phileo-lesaffre.com\/es\/pollos-de-engorde\/"},{"@type":"ListItem","position":3,"name":"Control de Salmonella en pollos de engorde"}]},{"@type":"WebSite","@id":"https:\/\/phileo-lesaffre.com\/es\/#website","url":"https:\/\/phileo-lesaffre.com\/es\/","name":"Phileo by Lesaffre","description":"Animal nutrition and health from yeast products","publisher":{"@id":"https:\/\/phileo-lesaffre.com\/es\/#organization"},"potentialAction":[{"@type":"SearchAction","target":{"@type":"EntryPoint","urlTemplate":"https:\/\/phileo-lesaffre.com\/es\/?s={search_term_string}"},"query-input":{"@type":"PropertyValueSpecification","valueRequired":true,"valueName":"search_term_string"}}],"inLanguage":"es"},{"@type":"Organization","@id":"https:\/\/phileo-lesaffre.com\/es\/#organization","name":"Phileo by Lesaffre","url":"https:\/\/phileo-lesaffre.com\/es\/","logo":{"@type":"ImageObject","inLanguage":"es","@id":"https:\/\/phileo-lesaffre.com\/es\/#\/schema\/logo\/image\/","url":"https:\/\/phileo-lesaffre.com\/wp-content\/uploads\/2019\/04\/logo-phileo-lesaffre-1.jpg","contentUrl":"https:\/\/phileo-lesaffre.com\/wp-content\/uploads\/2019\/04\/logo-phileo-lesaffre-1.jpg","width":500,"height":250,"caption":"Phileo by Lesaffre"},"image":{"@id":"https:\/\/phileo-lesaffre.com\/es\/#\/schema\/logo\/image\/"},"sameAs":["https:\/\/www.facebook.com\/phileo.lesaffre\/","https:\/\/x.com\/PhileoLesaffre","https:\/\/www.linkedin.com\/company\/phileo\/"]}]}},"_links":{"self":[{"href":"https:\/\/phileo-lesaffre.com\/es\/wp-json\/wp\/v2\/pages\/401344","targetHints":{"allow":["GET"]}}],"collection":[{"href":"https:\/\/phileo-lesaffre.com\/es\/wp-json\/wp\/v2\/pages"}],"about":[{"href":"https:\/\/phileo-lesaffre.com\/es\/wp-json\/wp\/v2\/types\/page"}],"author":[{"embeddable":true,"href":"https:\/\/phileo-lesaffre.com\/es\/wp-json\/wp\/v2\/users\/1"}],"replies":[{"embeddable":true,"href":"https:\/\/phileo-lesaffre.com\/es\/wp-json\/wp\/v2\/comments?post=401344"}],"version-history":[{"count":0,"href":"https:\/\/phileo-lesaffre.com\/es\/wp-json\/wp\/v2\/pages\/401344\/revisions"}],"up":[{"embeddable":true,"href":"https:\/\/phileo-lesaffre.com\/es\/wp-json\/wp\/v2\/pages\/401383"}],"wp:attachment":[{"href":"https:\/\/phileo-lesaffre.com\/es\/wp-json\/wp\/v2\/media?parent=401344"}],"curies":[{"name":"wp","href":"https:\/\/api.w.org\/{rel}","templated":true}]}}